{"id":13756,"date":"2022-03-23T15:26:38","date_gmt":"2022-03-23T12:26:38","guid":{"rendered":"https:\/\/www.cbh-cyprus.com\/family-holidays\/"},"modified":"2025-02-17T11:45:55","modified_gmt":"2025-02-17T09:45:55","slug":"family-holidays","status":"publish","type":"page","link":"https:\/\/www.cbh-cyprus.com\/fr\/activities\/family-holidays\/","title":{"rendered":"Vacances en famille"},"content":{"rendered":"<h1 class=\"home-pages-title title-size text-center pt-5 font-regular\">Le s\u00e9jour id\u00e9al pour vos vacances en famille \u00e0 Paphos<\/h1>\n<p>L&rsquo;Athena Beach \u0397otel est un choix tr\u00e8s populaire pour les familles car il offre une large gamme d&rsquo;\u00e9quipements pour divertir les jeunes clients.<br \/>\nL&rsquo;h\u00f4tel dispose \u00e9galement de vastes jardins bien entretenus et de superbes terrains spacieux qui m\u00e8nent directement \u00e0 la plage.<br \/>\nLe personnel sympathique vous attend pour vous offrir un service de qualit\u00e9, une cuisine d\u00e9licieuse et une exp\u00e9rience absolument relaxante et sans stress.<br \/>\nL&rsquo;Athena Beach Hotel propose une vari\u00e9t\u00e9 d&rsquo;h\u00e9bergements confortables et spacieux pour faciliter la vie des parents voyageant avec des enfants.<br \/>\nLes options vont de la chambre classique pour une famille de 3 personnes avec un lit suppl\u00e9mentaire, \u00e0 la chambre Duplex pouvant accueillir jusqu&rsquo;\u00e0 6 personnes, en passant par des chambres communicantes d&rsquo;une capacit\u00e9 maximale de 6 personnes et une suite familiale d&rsquo;une chambre pouvant accueillir 4 personnes.<br \/>\nSi vous voyagez avec un enfant de moins de deux ans, nous ajouterons automatiquement un lit b\u00e9b\u00e9 \u00e0 votre chambre.<br \/>\nLes parents peuvent s&rsquo;\u00e9vader et se d\u00e9tendre en se relayant dans notre spa Elixir et choisir parmi une vari\u00e9t\u00e9 de massages th\u00e9rapeutiques, de traitements d&rsquo;aromath\u00e9rapie, de thalassoth\u00e9rapie et d&rsquo;hydroth\u00e9rapie, de sauna et de bain de vapeur dans une ambiance luxueuse et tranquille.<br \/>\nL&rsquo;Athena Beach Hotel est r\u00e9put\u00e9 pour son excellente cuisine, avec des menus internationaux vari\u00e9s pour tous les go\u00fbts.<br \/>\nIl dispose de cinq restaurants, d&rsquo;un bar de plage qui sert \u00e9galement des repas l\u00e9gers et des collations, ainsi que d&rsquo;un bar de piscine et d&rsquo;un bar \u00e0 cocktails pour une boisson rafra\u00eechissante, un d\u00e9licieux milkshake ou une cr\u00e8me glac\u00e9e pour rafra\u00eechir nos jeunes clients.<br \/>\nNous pouvons vous livrer une vari\u00e9t\u00e9 d&rsquo;articles pour b\u00e9b\u00e9s dont vous pourriez avoir besoin et nous sommes heureux de r\u00e9pondre \u00e0 tout besoin di\u00e9t\u00e9tique particulier.<\/p>\n<h3><strong>Installations pour enfants<\/strong><\/h3>\n<p>Les enfants appr\u00e9cieront sans aucun doute leur s\u00e9jour \u00e0 l&rsquo;Athena Beach Hotel. Une vaste aire de jeux, une \u00e9quipe d&rsquo;animateurs enthousiastes et de nombreuses activit\u00e9s satisferont m\u00eame les jeunes amateurs de divertissement les plus exigeants.<br \/>\nLes parents peuvent avoir l&rsquo;esprit tranquille, sachant que leurs enfants passeront un moment divertissant au club pour enfants, \u00e0 la piscine, ainsi que dans le cadre des nombreuses activit\u00e9s ludiques propos\u00e9es tout au long de leurs vacances.<br \/>\nLes installations pour enfants comprennent deux pataugeoires, un tout nouvel <strong>Oasis Splash<\/strong> qui comprend, en plus du toboggan aquatique existant de 25 m, un toboggan aquatique suppl\u00e9mentaire \u00ab\u00a0Easy-ride\u00a0\u00bb de 42 m avec des piscines d&rsquo;atterrissage s\u00e9par\u00e9es et un splash gaming pad color\u00e9 \u00e0 proximit\u00e9 avec des jouets et des jeux d&rsquo;eau offrant \u00e0 nos jeunes clients un plaisir aquatique excitant et une action de pulv\u00e9risation tout au long de la journ\u00e9e, ainsi qu&rsquo;une aire de jeux pour enfants, des divertissements pour enfants et un club pour enfants (en \u00e9t\u00e9 seulement).<br \/>\nLes enfants sont bien pris en charge ici et avec un Oasis Splash Park pour faire na\u00eetre des sourires toute la journ\u00e9e et une aire de jeux, il y a plein de souvenirs heureux \u00e0 se faire.<br \/>\nNotre \u00e9quipe d&rsquo;animation interne g\u00e8re un club pour enfants amusant et interactif pour les 4-12 ans, 6 jours par semaine pendant la saison estivale.<br \/>\nIl se passe toujours quelque chose d&rsquo;amusant au Constantinou Bros Athena Beach Hotel.<br \/>\nDes activit\u00e9s et des jeux pour enfants sont propos\u00e9s plusieurs fois par semaine.<br \/>\n&#8211; Stretching pour enfants &#8211; Puzzles &#8211; Bricolage &#8211; Quiz pour enfants &#8211; Jeux de m\u00e9moire &#8211; Jeux de soci\u00e9t\u00e9 &#8211; Peinture sur pierre &#8211; Peinture sur sel &#8211; Bowling &#8211; Visionnage de dessins anim\u00e9s Dans la salle de jeux, les adolescents peuvent \u00e9galement s&rsquo;occuper et s&rsquo;amuser avec des ordinateurs, des jeux interactifs, une table de billard et un baby-foot et bien d&rsquo;autres options, dont certaines sont payantes.<br \/>\nLa salle de jeux est un lieu de rencontre id\u00e9al pour les jeunes cool qui aiment \u00eatre&#8230; des jeunes !<br \/>\nLes enfants en vacances \u00e0 Paphos appr\u00e9cieront \u00e9galement le zoo de Paphos, le parc aquatique Paphos Aphrodite, ainsi qu&rsquo;une s\u00e9rie d&rsquo;installations de sports nautiques \u00e0 proximit\u00e9 proposant des bateaux bananes, du ski nautique, du jet ski, du parachute ascensionnel, de la plong\u00e9e et de la p\u00eache, et bien d&rsquo;autres choses encore.<br \/>\nLes enfants de moins de 12 ans s\u00e9journent gratuitement et b\u00e9n\u00e9ficient d&rsquo;un tarif r\u00e9duit sur les repas en pension compl\u00e8te.<br \/>\nPour plus de d\u00e9tails, veuillez appeler le <a href=\"tel%2000357%\">00357 26 964500<\/a>.<br \/>\nVeuillez contacter notre service de r\u00e9servation \u00e0 l&rsquo;adresse <a href=\"mailto:reservations@cbh-cyprus.com\">reservations@cbh-cyprus.com<\/a> pour obtenir de plus amples informations et un devis pour vos vacances en famille \u00e0 Chypre.<\/p>\n","protected":false},"excerpt":{"rendered":"<p>Le s\u00e9jour id\u00e9al pour vos vacances en famille \u00e0 Paphos L&rsquo;Athena Beach \u0397otel est un choix tr\u00e8s populaire pour les familles car il offre une large gamme d&rsquo;\u00e9quipements pour divertir les jeunes clients. L&rsquo;h\u00f4tel dispose \u00e9galement de vastes jardins bien entretenus et de superbes terrains spacieux qui m\u00e8nent directement \u00e0 la plage. Le personnel sympathique<\/p>\n","protected":false},"author":100,"featured_media":19363,"parent":14088,"menu_order":0,"comment_status":"closed","ping_status":"closed","template":"","meta":{"_acf_changed":false,"footnotes":""},"class_list":["post-13756","page","type-page","status-publish","has-post-thumbnail","hentry"],"acf":[],"yoast_head":"<!-- This site is optimized with the Yoast SEO plugin v27.3 - https:\/\/yoast.com\/product\/yoast-seo-wordpress\/ -->\n<title>Des vacances en famille agr\u00e9ables \u00e0 Paphos pour tous| Constantinou Hotels<\/title>\n<meta name=\"description\" content=\"L&#039;Athena Beach Hotel de Constantinou Bros Hotels offre un cadre idyllique en bord de mer pour des vacances en famille \u00e0 Paphos des plus agr\u00e9ables pour les parents et les enfants.\" \/>\n<meta name=\"robots\" content=\"index, follow, max-snippet:-1, max-image-preview:large, max-video-preview:-1\" \/>\n<link rel=\"canonical\" href=\"https:\/\/www.cbh-cyprus.com\/fr\/activities\/family-holidays\/\" \/>\n<meta property=\"og:locale\" content=\"fr_FR\" \/>\n<meta property=\"og:type\" content=\"article\" \/>\n<meta property=\"og:title\" content=\"Des vacances en famille agr\u00e9ables \u00e0 Paphos pour tous| Constantinou Hotels\" \/>\n<meta property=\"og:description\" content=\"L&#039;Athena Beach Hotel de Constantinou Bros Hotels offre un cadre idyllique en bord de mer pour des vacances en famille \u00e0 Paphos des plus agr\u00e9ables pour les parents et les enfants.\" \/>\n<meta property=\"og:url\" content=\"https:\/\/www.cbh-cyprus.com\/fr\/activities\/family-holidays\/\" \/>\n<meta property=\"og:site_name\" content=\"Constantinou Bros Hotels\" \/>\n<meta property=\"article:modified_time\" content=\"2025-02-17T09:45:55+00:00\" \/>\n<meta property=\"og:image\" content=\"https:\/\/www.cbh-cyprus.com\/app\/uploads\/sites\/30\/2022\/07\/66-ATHENA-BEACH-HOTEL-OASIS-SPLASH-1.jpg\" \/>\n\t<meta property=\"og:image:width\" content=\"4112\" \/>\n\t<meta property=\"og:image:height\" content=\"2741\" \/>\n\t<meta property=\"og:image:type\" content=\"image\/jpeg\" \/>\n<meta name=\"twitter:card\" content=\"summary_large_image\" \/>\n<meta name=\"twitter:label1\" content=\"Dur\u00e9e de lecture estim\u00e9e\" \/>\n\t<meta name=\"twitter:data1\" content=\"4 minutes\" \/>\n<script type=\"application\/ld+json\" class=\"yoast-schema-graph\">{\"@context\":\"https:\\\/\\\/schema.org\",\"@graph\":[{\"@type\":\"WebPage\",\"@id\":\"https:\\\/\\\/www.cbh-cyprus.com\\\/fr\\\/activities\\\/family-holidays\\\/\",\"url\":\"https:\\\/\\\/www.cbh-cyprus.com\\\/fr\\\/activities\\\/family-holidays\\\/\",\"name\":\"Des vacances en famille agr\u00e9ables \u00e0 Paphos pour tous| Constantinou Hotels\",\"isPartOf\":{\"@id\":\"https:\\\/\\\/www.cbh-cyprus.com\\\/fr\\\/#website\"},\"primaryImageOfPage\":{\"@id\":\"https:\\\/\\\/www.cbh-cyprus.com\\\/fr\\\/activities\\\/family-holidays\\\/#primaryimage\"},\"image\":{\"@id\":\"https:\\\/\\\/www.cbh-cyprus.com\\\/fr\\\/activities\\\/family-holidays\\\/#primaryimage\"},\"thumbnailUrl\":\"https:\\\/\\\/www.cbh-cyprus.com\\\/app\\\/uploads\\\/sites\\\/30\\\/2022\\\/07\\\/66-ATHENA-BEACH-HOTEL-OASIS-SPLASH-1.jpg\",\"datePublished\":\"2022-03-23T12:26:38+00:00\",\"dateModified\":\"2025-02-17T09:45:55+00:00\",\"description\":\"L'Athena Beach Hotel de Constantinou Bros Hotels offre un cadre idyllique en bord de mer pour des vacances en famille \u00e0 Paphos des plus agr\u00e9ables pour les parents et les enfants.\",\"breadcrumb\":{\"@id\":\"https:\\\/\\\/www.cbh-cyprus.com\\\/fr\\\/activities\\\/family-holidays\\\/#breadcrumb\"},\"inLanguage\":\"fr-FR\",\"potentialAction\":[{\"@type\":\"ReadAction\",\"target\":[\"https:\\\/\\\/www.cbh-cyprus.com\\\/fr\\\/activities\\\/family-holidays\\\/\"]}]},{\"@type\":\"ImageObject\",\"inLanguage\":\"fr-FR\",\"@id\":\"https:\\\/\\\/www.cbh-cyprus.com\\\/fr\\\/activities\\\/family-holidays\\\/#primaryimage\",\"url\":\"https:\\\/\\\/www.cbh-cyprus.com\\\/app\\\/uploads\\\/sites\\\/30\\\/2022\\\/07\\\/66-ATHENA-BEACH-HOTEL-OASIS-SPLASH-1.jpg\",\"contentUrl\":\"https:\\\/\\\/www.cbh-cyprus.com\\\/app\\\/uploads\\\/sites\\\/30\\\/2022\\\/07\\\/66-ATHENA-BEACH-HOTEL-OASIS-SPLASH-1.jpg\",\"width\":4112,\"height\":2741},{\"@type\":\"BreadcrumbList\",\"@id\":\"https:\\\/\\\/www.cbh-cyprus.com\\\/fr\\\/activities\\\/family-holidays\\\/#breadcrumb\",\"itemListElement\":[{\"@type\":\"ListItem\",\"position\":1,\"name\":\"Home\",\"item\":\"https:\\\/\\\/www.cbh-cyprus.com\\\/fr\\\/welcome-to-constantinou-bros-hotels\\\/\"},{\"@type\":\"ListItem\",\"position\":2,\"name\":\"Activit\u00e9s\",\"item\":\"https:\\\/\\\/www.cbh-cyprus.com\\\/fr\\\/activities\\\/\"},{\"@type\":\"ListItem\",\"position\":3,\"name\":\"Vacances en famille\"}]},{\"@type\":\"WebSite\",\"@id\":\"https:\\\/\\\/www.cbh-cyprus.com\\\/fr\\\/#website\",\"url\":\"https:\\\/\\\/www.cbh-cyprus.com\\\/fr\\\/\",\"name\":\"Constantinou Bros Hotels\",\"description\":\"Constantinou Bros Hotels\",\"publisher\":{\"@id\":\"https:\\\/\\\/www.cbh-cyprus.com\\\/fr\\\/#organization\"},\"potentialAction\":[{\"@type\":\"SearchAction\",\"target\":{\"@type\":\"EntryPoint\",\"urlTemplate\":\"https:\\\/\\\/www.cbh-cyprus.com\\\/fr\\\/?s={search_term_string}\"},\"query-input\":{\"@type\":\"PropertyValueSpecification\",\"valueRequired\":true,\"valueName\":\"search_term_string\"}}],\"inLanguage\":\"fr-FR\"},{\"@type\":\"Organization\",\"@id\":\"https:\\\/\\\/www.cbh-cyprus.com\\\/fr\\\/#organization\",\"name\":\"Constantinou Bros Hotels\",\"url\":\"https:\\\/\\\/www.cbh-cyprus.com\\\/fr\\\/\",\"logo\":{\"@type\":\"ImageObject\",\"inLanguage\":\"fr-FR\",\"@id\":\"https:\\\/\\\/www.cbh-cyprus.com\\\/fr\\\/#\\\/schema\\\/logo\\\/image\\\/\",\"url\":\"https:\\\/\\\/www.cbh-cyprus.com\\\/app\\\/uploads\\\/sites\\\/30\\\/2020\\\/10\\\/cbh.jpg\",\"contentUrl\":\"https:\\\/\\\/www.cbh-cyprus.com\\\/app\\\/uploads\\\/sites\\\/30\\\/2020\\\/10\\\/cbh.jpg\",\"width\":1013,\"height\":419,\"caption\":\"Constantinou Bros Hotels\"},\"image\":{\"@id\":\"https:\\\/\\\/www.cbh-cyprus.com\\\/fr\\\/#\\\/schema\\\/logo\\\/image\\\/\"}}]}<\/script>\n<!-- \/ Yoast SEO plugin. -->","yoast_head_json":{"title":"Des vacances en famille agr\u00e9ables \u00e0 Paphos pour tous| Constantinou Hotels","description":"L'Athena Beach Hotel de Constantinou Bros Hotels offre un cadre idyllique en bord de mer pour des vacances en famille \u00e0 Paphos des plus agr\u00e9ables pour les parents et les enfants.","robots":{"index":"index","follow":"follow","max-snippet":"max-snippet:-1","max-image-preview":"max-image-preview:large","max-video-preview":"max-video-preview:-1"},"canonical":"https:\/\/www.cbh-cyprus.com\/fr\/activities\/family-holidays\/","og_locale":"fr_FR","og_type":"article","og_title":"Des vacances en famille agr\u00e9ables \u00e0 Paphos pour tous| Constantinou Hotels","og_description":"L'Athena Beach Hotel de Constantinou Bros Hotels offre un cadre idyllique en bord de mer pour des vacances en famille \u00e0 Paphos des plus agr\u00e9ables pour les parents et les enfants.","og_url":"https:\/\/www.cbh-cyprus.com\/fr\/activities\/family-holidays\/","og_site_name":"Constantinou Bros Hotels","article_modified_time":"2025-02-17T09:45:55+00:00","og_image":[{"width":4112,"height":2741,"url":"https:\/\/www.cbh-cyprus.com\/app\/uploads\/sites\/30\/2022\/07\/66-ATHENA-BEACH-HOTEL-OASIS-SPLASH-1.jpg","type":"image\/jpeg"}],"twitter_card":"summary_large_image","twitter_misc":{"Dur\u00e9e de lecture estim\u00e9e":"4 minutes"},"schema":{"@context":"https:\/\/schema.org","@graph":[{"@type":"WebPage","@id":"https:\/\/www.cbh-cyprus.com\/fr\/activities\/family-holidays\/","url":"https:\/\/www.cbh-cyprus.com\/fr\/activities\/family-holidays\/","name":"Des vacances en famille agr\u00e9ables \u00e0 Paphos pour tous| Constantinou Hotels","isPartOf":{"@id":"https:\/\/www.cbh-cyprus.com\/fr\/#website"},"primaryImageOfPage":{"@id":"https:\/\/www.cbh-cyprus.com\/fr\/activities\/family-holidays\/#primaryimage"},"image":{"@id":"https:\/\/www.cbh-cyprus.com\/fr\/activities\/family-holidays\/#primaryimage"},"thumbnailUrl":"https:\/\/www.cbh-cyprus.com\/app\/uploads\/sites\/30\/2022\/07\/66-ATHENA-BEACH-HOTEL-OASIS-SPLASH-1.jpg","datePublished":"2022-03-23T12:26:38+00:00","dateModified":"2025-02-17T09:45:55+00:00","description":"L'Athena Beach Hotel de Constantinou Bros Hotels offre un cadre idyllique en bord de mer pour des vacances en famille \u00e0 Paphos des plus agr\u00e9ables pour les parents et les enfants.","breadcrumb":{"@id":"https:\/\/www.cbh-cyprus.com\/fr\/activities\/family-holidays\/#breadcrumb"},"inLanguage":"fr-FR","potentialAction":[{"@type":"ReadAction","target":["https:\/\/www.cbh-cyprus.com\/fr\/activities\/family-holidays\/"]}]},{"@type":"ImageObject","inLanguage":"fr-FR","@id":"https:\/\/www.cbh-cyprus.com\/fr\/activities\/family-holidays\/#primaryimage","url":"https:\/\/www.cbh-cyprus.com\/app\/uploads\/sites\/30\/2022\/07\/66-ATHENA-BEACH-HOTEL-OASIS-SPLASH-1.jpg","contentUrl":"https:\/\/www.cbh-cyprus.com\/app\/uploads\/sites\/30\/2022\/07\/66-ATHENA-BEACH-HOTEL-OASIS-SPLASH-1.jpg","width":4112,"height":2741},{"@type":"BreadcrumbList","@id":"https:\/\/www.cbh-cyprus.com\/fr\/activities\/family-holidays\/#breadcrumb","itemListElement":[{"@type":"ListItem","position":1,"name":"Home","item":"https:\/\/www.cbh-cyprus.com\/fr\/welcome-to-constantinou-bros-hotels\/"},{"@type":"ListItem","position":2,"name":"Activit\u00e9s","item":"https:\/\/www.cbh-cyprus.com\/fr\/activities\/"},{"@type":"ListItem","position":3,"name":"Vacances en famille"}]},{"@type":"WebSite","@id":"https:\/\/www.cbh-cyprus.com\/fr\/#website","url":"https:\/\/www.cbh-cyprus.com\/fr\/","name":"Constantinou Bros Hotels","description":"Constantinou Bros Hotels","publisher":{"@id":"https:\/\/www.cbh-cyprus.com\/fr\/#organization"},"potentialAction":[{"@type":"SearchAction","target":{"@type":"EntryPoint","urlTemplate":"https:\/\/www.cbh-cyprus.com\/fr\/?s={search_term_string}"},"query-input":{"@type":"PropertyValueSpecification","valueRequired":true,"valueName":"search_term_string"}}],"inLanguage":"fr-FR"},{"@type":"Organization","@id":"https:\/\/www.cbh-cyprus.com\/fr\/#organization","name":"Constantinou Bros Hotels","url":"https:\/\/www.cbh-cyprus.com\/fr\/","logo":{"@type":"ImageObject","inLanguage":"fr-FR","@id":"https:\/\/www.cbh-cyprus.com\/fr\/#\/schema\/logo\/image\/","url":"https:\/\/www.cbh-cyprus.com\/app\/uploads\/sites\/30\/2020\/10\/cbh.jpg","contentUrl":"https:\/\/www.cbh-cyprus.com\/app\/uploads\/sites\/30\/2020\/10\/cbh.jpg","width":1013,"height":419,"caption":"Constantinou Bros Hotels"},"image":{"@id":"https:\/\/www.cbh-cyprus.com\/fr\/#\/schema\/logo\/image\/"}}]}},"_links":{"self":[{"href":"https:\/\/www.cbh-cyprus.com\/fr\/wp-json\/wp\/v2\/pages\/13756","targetHints":{"allow":["GET"]}}],"collection":[{"href":"https:\/\/www.cbh-cyprus.com\/fr\/wp-json\/wp\/v2\/pages"}],"about":[{"href":"https:\/\/www.cbh-cyprus.com\/fr\/wp-json\/wp\/v2\/types\/page"}],"author":[{"embeddable":true,"href":"https:\/\/www.cbh-cyprus.com\/fr\/wp-json\/wp\/v2\/users\/100"}],"replies":[{"embeddable":true,"href":"https:\/\/www.cbh-cyprus.com\/fr\/wp-json\/wp\/v2\/comments?post=13756"}],"version-history":[{"count":6,"href":"https:\/\/www.cbh-cyprus.com\/fr\/wp-json\/wp\/v2\/pages\/13756\/revisions"}],"predecessor-version":[{"id":43450,"href":"https:\/\/www.cbh-cyprus.com\/fr\/wp-json\/wp\/v2\/pages\/13756\/revisions\/43450"}],"up":[{"embeddable":true,"href":"https:\/\/www.cbh-cyprus.com\/fr\/wp-json\/wp\/v2\/pages\/14088"}],"wp:featuredmedia":[{"embeddable":true,"href":"https:\/\/www.cbh-cyprus.com\/fr\/wp-json\/wp\/v2\/media\/19363"}],"wp:attachment":[{"href":"https:\/\/www.cbh-cyprus.com\/fr\/wp-json\/wp\/v2\/media?parent=13756"}],"curies":[{"name":"wp","href":"https:\/\/api.w.org\/{rel}","templated":true}]}}