{"id":13758,"date":"2022-03-23T15:28:13","date_gmt":"2022-03-23T12:28:13","guid":{"rendered":"https:\/\/www.cbh-cyprus.com\/cycling-holidays\/"},"modified":"2024-09-13T11:37:05","modified_gmt":"2024-09-13T08:37:05","slug":"cycling-holidays","status":"publish","type":"page","link":"https:\/\/www.cbh-cyprus.com\/fr\/activities\/cycling-holidays\/","title":{"rendered":"Vacances \u00e0 v\u00e9lo"},"content":{"rendered":"<p>Chypre offre une recette de conditions m\u00e9t\u00e9orologiques parfaites, qui font de l&rsquo;\u00eele l&rsquo;endroit id\u00e9al pour faire du v\u00e9lo tout au long de l&rsquo;ann\u00e9e.<br \/>\nLes vacances \u00e0 v\u00e9lo sont le moyen id\u00e9al de pratiquer un passe-temps int\u00e9ressant et gratifiant.<br \/>\nLes cyclistes professionnels et amateurs du monde entier viennent profiter de l&rsquo;excellent climat qui r\u00e8gne tout au long de l&rsquo;ann\u00e9e, des paysages \u00e9poustouflants et des distances courtes et faciles \u00e0 parcourir.<br \/>\nVous pouvez tracer votre propre itin\u00e9raire, en suivant des chemins de campagne ou des pistes de montagne, ainsi que des pistes cyclables le long de certaines des routes les plus fr\u00e9quent\u00e9es des villes.<br \/>\n\u00c0 Paphos, en particulier, il est incroyable de pouvoir se retrouver le matin dans les montagnes et les for\u00eats et l&rsquo;apr\u00e8s-midi au bord de la mer bleu cobalt.<br \/>\nDe plus, les clients des h\u00f4tels Constantinou Bros peuvent utiliser un local \u00e0 v\u00e9los s\u00fbr, organis\u00e9 et spacieux, offert gratuitement et r\u00e9serv\u00e9 aux clients des h\u00f4tels Constantinou Bros.       <strong>Installations disponibles<\/strong><\/p>\n<ul>\n<li>Local \u00e0 v\u00e9los d\u00e9di\u00e9 disponible<\/li>\n<li>Entreposage des v\u00e9los de l&rsquo;Athena Beach Hotel &#8211; pouvant accueillir jusqu&rsquo;\u00e0 140 v\u00e9los<\/li>\n<li>Pioneer Beach Hotel Bike Storage &#8211; pouvant accueillir jusqu&rsquo;\u00e0 98 v\u00e9los<\/li>\n<li>Serrure d&rsquo;entr\u00e9e \u00e9lectronique accessible par un code personnalis\u00e9 fourni lors de l&rsquo;enregistrement.<\/li>\n<li>Acc\u00e8s \u00e0 des casiers individuels s\u00e9curis\u00e9s pour les chaussures et les casques avec la cl\u00e9 personnelle de l&rsquo;utilisateur.<\/li>\n<li>Stockage s\u00e9curis\u00e9 avec CCTV<\/li>\n<li>Installations de r\u00e9paration et d&rsquo;entretien sur place et pompe \u00e0 air<\/li>\n<li>Installations de nettoyage des v\u00e9los<\/li>\n<li>Les deux installations permettent de stocker les v\u00e9los sur des supports verticaux et au sol.<\/li>\n<li>Coop\u00e9ration avec un centre de v\u00e9lo<\/li>\n<\/ul>\n<p> *Le local \u00e0 v\u00e9los de l&rsquo;Athena Beach Hotel est partag\u00e9 entre l&rsquo;Athena Royal Beach Hotel et le Pioneer Beach Hotel et est partag\u00e9 avec les clients de l&rsquo;Asimina Suites Hotel.<\/p>\n","protected":false},"excerpt":{"rendered":"<p>Chypre offre une recette de conditions m\u00e9t\u00e9orologiques parfaites, qui font de l&rsquo;\u00eele l&rsquo;endroit id\u00e9al pour faire du v\u00e9lo tout au long de l&rsquo;ann\u00e9e. Les vacances \u00e0 v\u00e9lo sont le moyen id\u00e9al de pratiquer un passe-temps int\u00e9ressant et gratifiant. Les cyclistes professionnels et amateurs du monde entier viennent profiter de l&rsquo;excellent climat qui r\u00e8gne tout au<\/p>\n","protected":false},"author":100,"featured_media":12526,"parent":14088,"menu_order":0,"comment_status":"closed","ping_status":"closed","template":"","meta":{"_acf_changed":false,"footnotes":""},"class_list":["post-13758","page","type-page","status-publish","has-post-thumbnail","hentry"],"acf":[],"yoast_head":"<!-- This site is optimized with the Yoast SEO plugin v27.3 - https:\/\/yoast.com\/product\/yoast-seo-wordpress\/ -->\n<title>Chypre Vacances \u00e0 v\u00e9lo \u00e0 Paphos || Constantinou Hotels<\/title>\n<meta name=\"description\" content=\"Appel \u00e0 tous les amateurs de cyclisme, les h\u00f4tels Constantinou Bros vous proposent des installations pour des vacances \u00e0 v\u00e9lo \u00e0 Chypre des plus palpitantes, le long de la plage de Paphos.\" \/>\n<meta name=\"robots\" content=\"index, follow, max-snippet:-1, max-image-preview:large, max-video-preview:-1\" \/>\n<link rel=\"canonical\" href=\"https:\/\/www.cbh-cyprus.com\/fr\/activities\/cycling-holidays\/\" \/>\n<meta property=\"og:locale\" content=\"fr_FR\" \/>\n<meta property=\"og:type\" content=\"article\" \/>\n<meta property=\"og:title\" content=\"Chypre Vacances \u00e0 v\u00e9lo \u00e0 Paphos || Constantinou Hotels\" \/>\n<meta property=\"og:description\" content=\"Appel \u00e0 tous les amateurs de cyclisme, les h\u00f4tels Constantinou Bros vous proposent des installations pour des vacances \u00e0 v\u00e9lo \u00e0 Chypre des plus palpitantes, le long de la plage de Paphos.\" \/>\n<meta property=\"og:url\" content=\"https:\/\/www.cbh-cyprus.com\/fr\/activities\/cycling-holidays\/\" \/>\n<meta property=\"og:site_name\" content=\"Constantinou Bros Hotels\" \/>\n<meta property=\"article:modified_time\" content=\"2024-09-13T08:37:05+00:00\" \/>\n<meta property=\"og:image\" content=\"https:\/\/www.cbh-cyprus.com\/app\/uploads\/sites\/30\/2020\/10\/56-ATHENA-BEACH-HOTEL-BIKE-ROOM.jpg\" \/>\n\t<meta property=\"og:image:width\" content=\"5760\" \/>\n\t<meta property=\"og:image:height\" content=\"3840\" \/>\n\t<meta property=\"og:image:type\" content=\"image\/jpeg\" \/>\n<meta name=\"twitter:card\" content=\"summary_large_image\" \/>\n<meta name=\"twitter:label1\" content=\"Dur\u00e9e de lecture estim\u00e9e\" \/>\n\t<meta name=\"twitter:data1\" content=\"2 minutes\" \/>\n<script type=\"application\/ld+json\" class=\"yoast-schema-graph\">{\"@context\":\"https:\\\/\\\/schema.org\",\"@graph\":[{\"@type\":\"WebPage\",\"@id\":\"https:\\\/\\\/www.cbh-cyprus.com\\\/fr\\\/activities\\\/cycling-holidays\\\/\",\"url\":\"https:\\\/\\\/www.cbh-cyprus.com\\\/fr\\\/activities\\\/cycling-holidays\\\/\",\"name\":\"Chypre Vacances \u00e0 v\u00e9lo \u00e0 Paphos || Constantinou Hotels\",\"isPartOf\":{\"@id\":\"https:\\\/\\\/www.cbh-cyprus.com\\\/fr\\\/#website\"},\"primaryImageOfPage\":{\"@id\":\"https:\\\/\\\/www.cbh-cyprus.com\\\/fr\\\/activities\\\/cycling-holidays\\\/#primaryimage\"},\"image\":{\"@id\":\"https:\\\/\\\/www.cbh-cyprus.com\\\/fr\\\/activities\\\/cycling-holidays\\\/#primaryimage\"},\"thumbnailUrl\":\"https:\\\/\\\/www.cbh-cyprus.com\\\/app\\\/uploads\\\/sites\\\/30\\\/2020\\\/10\\\/56-ATHENA-BEACH-HOTEL-BIKE-ROOM.jpg\",\"datePublished\":\"2022-03-23T12:28:13+00:00\",\"dateModified\":\"2024-09-13T08:37:05+00:00\",\"description\":\"Appel \u00e0 tous les amateurs de cyclisme, les h\u00f4tels Constantinou Bros vous proposent des installations pour des vacances \u00e0 v\u00e9lo \u00e0 Chypre des plus palpitantes, le long de la plage de Paphos.\",\"breadcrumb\":{\"@id\":\"https:\\\/\\\/www.cbh-cyprus.com\\\/fr\\\/activities\\\/cycling-holidays\\\/#breadcrumb\"},\"inLanguage\":\"fr-FR\",\"potentialAction\":[{\"@type\":\"ReadAction\",\"target\":[\"https:\\\/\\\/www.cbh-cyprus.com\\\/fr\\\/activities\\\/cycling-holidays\\\/\"]}]},{\"@type\":\"ImageObject\",\"inLanguage\":\"fr-FR\",\"@id\":\"https:\\\/\\\/www.cbh-cyprus.com\\\/fr\\\/activities\\\/cycling-holidays\\\/#primaryimage\",\"url\":\"https:\\\/\\\/www.cbh-cyprus.com\\\/app\\\/uploads\\\/sites\\\/30\\\/2020\\\/10\\\/56-ATHENA-BEACH-HOTEL-BIKE-ROOM.jpg\",\"contentUrl\":\"https:\\\/\\\/www.cbh-cyprus.com\\\/app\\\/uploads\\\/sites\\\/30\\\/2020\\\/10\\\/56-ATHENA-BEACH-HOTEL-BIKE-ROOM.jpg\",\"width\":5760,\"height\":3840},{\"@type\":\"BreadcrumbList\",\"@id\":\"https:\\\/\\\/www.cbh-cyprus.com\\\/fr\\\/activities\\\/cycling-holidays\\\/#breadcrumb\",\"itemListElement\":[{\"@type\":\"ListItem\",\"position\":1,\"name\":\"Home\",\"item\":\"https:\\\/\\\/www.cbh-cyprus.com\\\/fr\\\/welcome-to-constantinou-bros-hotels\\\/\"},{\"@type\":\"ListItem\",\"position\":2,\"name\":\"Activit\u00e9s\",\"item\":\"https:\\\/\\\/www.cbh-cyprus.com\\\/fr\\\/activities\\\/\"},{\"@type\":\"ListItem\",\"position\":3,\"name\":\"Vacances \u00e0 v\u00e9lo\"}]},{\"@type\":\"WebSite\",\"@id\":\"https:\\\/\\\/www.cbh-cyprus.com\\\/fr\\\/#website\",\"url\":\"https:\\\/\\\/www.cbh-cyprus.com\\\/fr\\\/\",\"name\":\"Constantinou Bros Hotels\",\"description\":\"Constantinou Bros Hotels\",\"publisher\":{\"@id\":\"https:\\\/\\\/www.cbh-cyprus.com\\\/fr\\\/#organization\"},\"potentialAction\":[{\"@type\":\"SearchAction\",\"target\":{\"@type\":\"EntryPoint\",\"urlTemplate\":\"https:\\\/\\\/www.cbh-cyprus.com\\\/fr\\\/?s={search_term_string}\"},\"query-input\":{\"@type\":\"PropertyValueSpecification\",\"valueRequired\":true,\"valueName\":\"search_term_string\"}}],\"inLanguage\":\"fr-FR\"},{\"@type\":\"Organization\",\"@id\":\"https:\\\/\\\/www.cbh-cyprus.com\\\/fr\\\/#organization\",\"name\":\"Constantinou Bros Hotels\",\"url\":\"https:\\\/\\\/www.cbh-cyprus.com\\\/fr\\\/\",\"logo\":{\"@type\":\"ImageObject\",\"inLanguage\":\"fr-FR\",\"@id\":\"https:\\\/\\\/www.cbh-cyprus.com\\\/fr\\\/#\\\/schema\\\/logo\\\/image\\\/\",\"url\":\"https:\\\/\\\/www.cbh-cyprus.com\\\/app\\\/uploads\\\/sites\\\/30\\\/2020\\\/10\\\/cbh.jpg\",\"contentUrl\":\"https:\\\/\\\/www.cbh-cyprus.com\\\/app\\\/uploads\\\/sites\\\/30\\\/2020\\\/10\\\/cbh.jpg\",\"width\":1013,\"height\":419,\"caption\":\"Constantinou Bros Hotels\"},\"image\":{\"@id\":\"https:\\\/\\\/www.cbh-cyprus.com\\\/fr\\\/#\\\/schema\\\/logo\\\/image\\\/\"}}]}<\/script>\n<!-- \/ Yoast SEO plugin. -->","yoast_head_json":{"title":"Chypre Vacances \u00e0 v\u00e9lo \u00e0 Paphos || Constantinou Hotels","description":"Appel \u00e0 tous les amateurs de cyclisme, les h\u00f4tels Constantinou Bros vous proposent des installations pour des vacances \u00e0 v\u00e9lo \u00e0 Chypre des plus palpitantes, le long de la plage de Paphos.","robots":{"index":"index","follow":"follow","max-snippet":"max-snippet:-1","max-image-preview":"max-image-preview:large","max-video-preview":"max-video-preview:-1"},"canonical":"https:\/\/www.cbh-cyprus.com\/fr\/activities\/cycling-holidays\/","og_locale":"fr_FR","og_type":"article","og_title":"Chypre Vacances \u00e0 v\u00e9lo \u00e0 Paphos || Constantinou Hotels","og_description":"Appel \u00e0 tous les amateurs de cyclisme, les h\u00f4tels Constantinou Bros vous proposent des installations pour des vacances \u00e0 v\u00e9lo \u00e0 Chypre des plus palpitantes, le long de la plage de Paphos.","og_url":"https:\/\/www.cbh-cyprus.com\/fr\/activities\/cycling-holidays\/","og_site_name":"Constantinou Bros Hotels","article_modified_time":"2024-09-13T08:37:05+00:00","og_image":[{"width":5760,"height":3840,"url":"https:\/\/www.cbh-cyprus.com\/app\/uploads\/sites\/30\/2020\/10\/56-ATHENA-BEACH-HOTEL-BIKE-ROOM.jpg","type":"image\/jpeg"}],"twitter_card":"summary_large_image","twitter_misc":{"Dur\u00e9e de lecture estim\u00e9e":"2 minutes"},"schema":{"@context":"https:\/\/schema.org","@graph":[{"@type":"WebPage","@id":"https:\/\/www.cbh-cyprus.com\/fr\/activities\/cycling-holidays\/","url":"https:\/\/www.cbh-cyprus.com\/fr\/activities\/cycling-holidays\/","name":"Chypre Vacances \u00e0 v\u00e9lo \u00e0 Paphos || Constantinou Hotels","isPartOf":{"@id":"https:\/\/www.cbh-cyprus.com\/fr\/#website"},"primaryImageOfPage":{"@id":"https:\/\/www.cbh-cyprus.com\/fr\/activities\/cycling-holidays\/#primaryimage"},"image":{"@id":"https:\/\/www.cbh-cyprus.com\/fr\/activities\/cycling-holidays\/#primaryimage"},"thumbnailUrl":"https:\/\/www.cbh-cyprus.com\/app\/uploads\/sites\/30\/2020\/10\/56-ATHENA-BEACH-HOTEL-BIKE-ROOM.jpg","datePublished":"2022-03-23T12:28:13+00:00","dateModified":"2024-09-13T08:37:05+00:00","description":"Appel \u00e0 tous les amateurs de cyclisme, les h\u00f4tels Constantinou Bros vous proposent des installations pour des vacances \u00e0 v\u00e9lo \u00e0 Chypre des plus palpitantes, le long de la plage de Paphos.","breadcrumb":{"@id":"https:\/\/www.cbh-cyprus.com\/fr\/activities\/cycling-holidays\/#breadcrumb"},"inLanguage":"fr-FR","potentialAction":[{"@type":"ReadAction","target":["https:\/\/www.cbh-cyprus.com\/fr\/activities\/cycling-holidays\/"]}]},{"@type":"ImageObject","inLanguage":"fr-FR","@id":"https:\/\/www.cbh-cyprus.com\/fr\/activities\/cycling-holidays\/#primaryimage","url":"https:\/\/www.cbh-cyprus.com\/app\/uploads\/sites\/30\/2020\/10\/56-ATHENA-BEACH-HOTEL-BIKE-ROOM.jpg","contentUrl":"https:\/\/www.cbh-cyprus.com\/app\/uploads\/sites\/30\/2020\/10\/56-ATHENA-BEACH-HOTEL-BIKE-ROOM.jpg","width":5760,"height":3840},{"@type":"BreadcrumbList","@id":"https:\/\/www.cbh-cyprus.com\/fr\/activities\/cycling-holidays\/#breadcrumb","itemListElement":[{"@type":"ListItem","position":1,"name":"Home","item":"https:\/\/www.cbh-cyprus.com\/fr\/welcome-to-constantinou-bros-hotels\/"},{"@type":"ListItem","position":2,"name":"Activit\u00e9s","item":"https:\/\/www.cbh-cyprus.com\/fr\/activities\/"},{"@type":"ListItem","position":3,"name":"Vacances \u00e0 v\u00e9lo"}]},{"@type":"WebSite","@id":"https:\/\/www.cbh-cyprus.com\/fr\/#website","url":"https:\/\/www.cbh-cyprus.com\/fr\/","name":"Constantinou Bros Hotels","description":"Constantinou Bros Hotels","publisher":{"@id":"https:\/\/www.cbh-cyprus.com\/fr\/#organization"},"potentialAction":[{"@type":"SearchAction","target":{"@type":"EntryPoint","urlTemplate":"https:\/\/www.cbh-cyprus.com\/fr\/?s={search_term_string}"},"query-input":{"@type":"PropertyValueSpecification","valueRequired":true,"valueName":"search_term_string"}}],"inLanguage":"fr-FR"},{"@type":"Organization","@id":"https:\/\/www.cbh-cyprus.com\/fr\/#organization","name":"Constantinou Bros Hotels","url":"https:\/\/www.cbh-cyprus.com\/fr\/","logo":{"@type":"ImageObject","inLanguage":"fr-FR","@id":"https:\/\/www.cbh-cyprus.com\/fr\/#\/schema\/logo\/image\/","url":"https:\/\/www.cbh-cyprus.com\/app\/uploads\/sites\/30\/2020\/10\/cbh.jpg","contentUrl":"https:\/\/www.cbh-cyprus.com\/app\/uploads\/sites\/30\/2020\/10\/cbh.jpg","width":1013,"height":419,"caption":"Constantinou Bros Hotels"},"image":{"@id":"https:\/\/www.cbh-cyprus.com\/fr\/#\/schema\/logo\/image\/"}}]}},"_links":{"self":[{"href":"https:\/\/www.cbh-cyprus.com\/fr\/wp-json\/wp\/v2\/pages\/13758","targetHints":{"allow":["GET"]}}],"collection":[{"href":"https:\/\/www.cbh-cyprus.com\/fr\/wp-json\/wp\/v2\/pages"}],"about":[{"href":"https:\/\/www.cbh-cyprus.com\/fr\/wp-json\/wp\/v2\/types\/page"}],"author":[{"embeddable":true,"href":"https:\/\/www.cbh-cyprus.com\/fr\/wp-json\/wp\/v2\/users\/100"}],"replies":[{"embeddable":true,"href":"https:\/\/www.cbh-cyprus.com\/fr\/wp-json\/wp\/v2\/comments?post=13758"}],"version-history":[{"count":3,"href":"https:\/\/www.cbh-cyprus.com\/fr\/wp-json\/wp\/v2\/pages\/13758\/revisions"}],"predecessor-version":[{"id":41225,"href":"https:\/\/www.cbh-cyprus.com\/fr\/wp-json\/wp\/v2\/pages\/13758\/revisions\/41225"}],"up":[{"embeddable":true,"href":"https:\/\/www.cbh-cyprus.com\/fr\/wp-json\/wp\/v2\/pages\/14088"}],"wp:featuredmedia":[{"embeddable":true,"href":"https:\/\/www.cbh-cyprus.com\/fr\/wp-json\/wp\/v2\/media\/12526"}],"wp:attachment":[{"href":"https:\/\/www.cbh-cyprus.com\/fr\/wp-json\/wp\/v2\/media?parent=13758"}],"curies":[{"name":"wp","href":"https:\/\/api.w.org\/{rel}","templated":true}]}}