{"id":13761,"date":"2022-03-23T15:47:03","date_gmt":"2022-03-23T12:47:03","guid":{"rendered":"https:\/\/www.cbh-cyprus.com\/covid-19-health-safety-measures\/"},"modified":"2024-07-23T12:17:58","modified_gmt":"2024-07-23T09:17:58","slug":"covid-19-health-safety-measures","status":"publish","type":"page","link":"https:\/\/www.cbh-cyprus.com\/fr\/covid-19-health-safety-measures\/","title":{"rendered":"COVID-19 Mesures de sant\u00e9 et de s\u00e9curit\u00e9"},"content":{"rendered":"<h3><strong>Constantinou Bros annonce la r\u00e9ouverture de tous ses h\u00f4tels<\/strong><\/h3>\n<p>&nbsp; Chez Constantinou Bros Hotels, nous avons le plaisir d&rsquo;annoncer que nous commen\u00e7ons \u00e0 rouvrir nos h\u00f4tels. Il ne fait aucun doute que la situation a \u00e9t\u00e9 difficile pour la plan\u00e8te enti\u00e8re, mais les mesures strictes qui ont \u00e9t\u00e9 imm\u00e9diatement prises par le gouvernement chypriote et la contribution de chacun pour s&rsquo;y conformer ont rapidement port\u00e9 leurs fruits. L&rsquo;Organisation mondiale de la sant\u00e9 a officiellement annonc\u00e9 que Chypre \u00e9tait <strong>\u00ab\u00a0le pays m\u00e9diterran\u00e9en le plus s\u00fbr et le cinqui\u00e8me pays le plus s\u00fbr au monde\u00a0\u00bb <\/strong>. Apr\u00e8s trois phases d&rsquo;assouplissement progressif des mesures restrictives, Chypre se trouve aujourd&rsquo;hui dans une position privil\u00e9gi\u00e9e pour se vanter de l&rsquo;ouverture et du fonctionnement de ses a\u00e9roports, h\u00f4tels, transports publics, taxis, sites arch\u00e9ologiques, mus\u00e9es, restaurants, bars et centres commerciaux. Dans nos h\u00f4tels, notre priorit\u00e9 absolue a toujours \u00e9t\u00e9 la s\u00e9curit\u00e9, la sant\u00e9 et le bien-\u00eatre de nos pr\u00e9cieux clients. Avec l&rsquo;apparition de la pand\u00e9mie de Covid-19, ce qui a chang\u00e9 dans les processus que nous avons toujours suivis, c&rsquo;est que nous avons am\u00e9lior\u00e9 et maximis\u00e9 les mesures d&rsquo;hygi\u00e8ne et de s\u00e9curit\u00e9 existantes, sur la base des protocoles qui nous ont \u00e9t\u00e9 pr\u00e9sent\u00e9s par les organismes officiels ci-dessous, ainsi que par des consultants, \u00e0 qui nous avons confi\u00e9 le d\u00e9veloppement des nouveaux processus op\u00e9rationnels et la formation de notre personnel : \u2713 Minist\u00e8re de la sant\u00e9 de Chypre \u2713 Centre europ\u00e9en de pr\u00e9vention et de contr\u00f4le des maladies (ECDC) \u2713 Organisation mondiale de la sant\u00e9 Nous comprenons que les mesures d&rsquo;hygi\u00e8ne et de distanciation sociale concernent tous les voyageurs, mais nous voulons vous assurer que nous avons pris, et que nous continuerons \u00e0 prendre, toutes les mesures n\u00e9cessaires pour la protection de nos h\u00f4tes et de notre personnel, et nous mentionnons ici, \u00e0 titre indicatif, les points les plus importants : \u27a2 Maintien du taux d&rsquo;occupation des h\u00f4tels \u00e0 un niveau s\u00fbr \u27a2 Affichage du nombre maximum de personnes autoris\u00e9es \u00e0 l&rsquo;entr\u00e9e de tous les espaces publics, restaurants, bars et ascenseurs \u27a2 Postes de d\u00e9sinfection des mains dans tous les espaces pour les clients et le personnel \u27a2 Panneaux de r\u00e9partition transparents entre les employ\u00e9s et les clients \u00e0 la r\u00e9ception et dans les sup\u00e9rettes \u27a2 Port constant d&rsquo;\u00e9quipements de protection individuelle par tout le personnel (masque de protection, gants) et \u00e0 tous les points de service \u27a2 Enregistrement en ligne encourag\u00e9 soit par notre site web, soit par l&rsquo;application mobile Constantinou Bros Hotels) \u27a2 Tous les points de vente fonctionnent sans argent liquide (Frais de chambre ou paiement par carte de cr\u00e9dit uniquement) \u27a2 D\u00e9sinfection et transfert des bagages des clients par notre personnel \u00e0 l&rsquo;ext\u00e9rieur de la chambre, sauf demande contraire de la part du client \u27a2 Apr\u00e8s le d\u00e9part, toutes les chambres soigneusement nettoy\u00e9es, a\u00e9r\u00e9es et d\u00e9sinfect\u00e9es et propos\u00e9es \u00e0 un nouvel arrivant apr\u00e8s un minimum de deux heures \u27a2 Plaids, menus, magazines et fiches d&rsquo;information retir\u00e9s des chambres (disponibles sur demande) \u27a2 Les oreillers et couvertures suppl\u00e9mentaires restent dans la chambre emball\u00e9s et scell\u00e9s avec du ruban adh\u00e9sif d&rsquo;aseptisation.<br \/>\n\u27a2 Le service d&rsquo;accueil est temporairement suspendu \u27a2 Toutes les zones, tables, chaises, chaises longues et surfaces \u00e0 fort contact (poign\u00e9es de porte, boutons d&rsquo;ascenseur, poign\u00e9es, robinets) sont constamment d\u00e9sinfect\u00e9es et assainies \u27a2 Dans les restaurants et les bars, la distance de s\u00e9curit\u00e9 entre les tables est strictement respect\u00e9e, et les repas sont propos\u00e9s \u00e0 la fois dans les restaurants et &#8211; si le temps le permet &#8211; \u00e0 l&rsquo;ext\u00e9rieur \u27a2 Les repas proposent une combinaison de buffets et de plats pr\u00e9par\u00e9s, \u27a2 A la plage et aux piscines, respect strict des distances de s\u00e9curit\u00e9 entre les parasols \u27a2 Sports, gymnases, salons de coiffure, spas &#8211; fonctionnant uniquement sur la base des protocoles \u27a2 Contr\u00f4les stricts et continus par nos \u00e9quipes d\u00e9di\u00e9es concernant la conformit\u00e9 et la mise en \u0153uvre de toutes les mesures et de tous les protocoles pour votre hygi\u00e8ne et votre s\u00e9curit\u00e9.   <\/p>\n<p style=\"text-align: center\"><strong>Nos h\u00f4tels rouvriront leurs portes aux dates suivantes :<\/strong><\/p>\n<p style=\"text-align: center\">  TUI BLUE PIONEER BEACH HOTEL 28\/06\/2020 CONSTANTINOU BROS ASIMINA SUITES HOTEL 02\/07\/2020 CONSTANTINOU BROS ATHENA ROYAL BEACH HOTEL 01\/08\/2020 CONSTANTINOU BROS ATHENA BEACH HOTEL 19\/08\/2020<\/p>\n<p>  Veuillez contacter votre conseiller en voyages pour conna\u00eetre nos offres sp\u00e9ciales ou visitez notre page web.  <a href=\"https:\/\/www.cbh-cyprus.com\/\"><a href=\"https:\/\/www.cbh-cyprus.com\/\">www.cbh-cyprus.com<\/a><\/a> Nous nous r\u00e9jouissons de vous accueillir \u00e0 nouveau le plus t\u00f4t possible et de vous offrir des vacances inoubliables, avec le niveau d&rsquo;hospitalit\u00e9 auquel vous \u00eates habitu\u00e9s et que vous avez appris \u00e0 appr\u00e9cier au fil des ans, et avec encore plus de soins pour vous et vos proches.<\/p>\n","protected":false},"excerpt":{"rendered":"<p>Constantinou Bros annonce la r\u00e9ouverture de tous ses h\u00f4tels &nbsp; Chez Constantinou Bros Hotels, nous avons le plaisir d&rsquo;annoncer que nous commen\u00e7ons \u00e0 rouvrir nos h\u00f4tels. Il ne fait aucun doute que la situation a \u00e9t\u00e9 difficile pour la plan\u00e8te enti\u00e8re, mais les mesures strictes qui ont \u00e9t\u00e9 imm\u00e9diatement prises par le gouvernement chypriote et<\/p>\n","protected":false},"author":100,"featured_media":0,"parent":0,"menu_order":0,"comment_status":"closed","ping_status":"closed","template":"","meta":{"_acf_changed":false,"footnotes":""},"class_list":["post-13761","page","type-page","status-publish","hentry"],"acf":[],"yoast_head":"<!-- This site is optimized with the Yoast SEO plugin v27.3 - https:\/\/yoast.com\/product\/yoast-seo-wordpress\/ -->\n<title>COVID-19 Mesures de sant\u00e9 et de s\u00e9curit\u00e9 - Constantinou Bros Hotels<\/title>\n<meta name=\"robots\" content=\"index, follow, max-snippet:-1, max-image-preview:large, max-video-preview:-1\" \/>\n<link rel=\"canonical\" href=\"https:\/\/www.cbh-cyprus.com\/fr\/covid-19-health-safety-measures\/\" \/>\n<meta property=\"og:locale\" content=\"fr_FR\" \/>\n<meta property=\"og:type\" content=\"article\" \/>\n<meta property=\"og:title\" content=\"COVID-19 Mesures de sant\u00e9 et de s\u00e9curit\u00e9 - Constantinou Bros Hotels\" \/>\n<meta property=\"og:description\" content=\"Constantinou Bros annonce la r\u00e9ouverture de tous ses h\u00f4tels &nbsp; Chez Constantinou Bros Hotels, nous avons le plaisir d&rsquo;annoncer que nous commen\u00e7ons \u00e0 rouvrir nos h\u00f4tels. Il ne fait aucun doute que la situation a \u00e9t\u00e9 difficile pour la plan\u00e8te enti\u00e8re, mais les mesures strictes qui ont \u00e9t\u00e9 imm\u00e9diatement prises par le gouvernement chypriote et\" \/>\n<meta property=\"og:url\" content=\"https:\/\/www.cbh-cyprus.com\/fr\/covid-19-health-safety-measures\/\" \/>\n<meta property=\"og:site_name\" content=\"Constantinou Bros Hotels\" \/>\n<meta property=\"article:modified_time\" content=\"2024-07-23T09:17:58+00:00\" \/>\n<meta name=\"twitter:card\" content=\"summary_large_image\" \/>\n<meta name=\"twitter:label1\" content=\"Dur\u00e9e de lecture estim\u00e9e\" \/>\n\t<meta name=\"twitter:data1\" content=\"4 minutes\" \/>\n<script type=\"application\/ld+json\" class=\"yoast-schema-graph\">{\"@context\":\"https:\\\/\\\/schema.org\",\"@graph\":[{\"@type\":\"WebPage\",\"@id\":\"https:\\\/\\\/www.cbh-cyprus.com\\\/fr\\\/covid-19-health-safety-measures\\\/\",\"url\":\"https:\\\/\\\/www.cbh-cyprus.com\\\/fr\\\/covid-19-health-safety-measures\\\/\",\"name\":\"COVID-19 Mesures de sant\u00e9 et de s\u00e9curit\u00e9 - Constantinou Bros Hotels\",\"isPartOf\":{\"@id\":\"https:\\\/\\\/www.cbh-cyprus.com\\\/fr\\\/#website\"},\"datePublished\":\"2022-03-23T12:47:03+00:00\",\"dateModified\":\"2024-07-23T09:17:58+00:00\",\"breadcrumb\":{\"@id\":\"https:\\\/\\\/www.cbh-cyprus.com\\\/fr\\\/covid-19-health-safety-measures\\\/#breadcrumb\"},\"inLanguage\":\"fr-FR\",\"potentialAction\":[{\"@type\":\"ReadAction\",\"target\":[\"https:\\\/\\\/www.cbh-cyprus.com\\\/fr\\\/covid-19-health-safety-measures\\\/\"]}]},{\"@type\":\"BreadcrumbList\",\"@id\":\"https:\\\/\\\/www.cbh-cyprus.com\\\/fr\\\/covid-19-health-safety-measures\\\/#breadcrumb\",\"itemListElement\":[{\"@type\":\"ListItem\",\"position\":1,\"name\":\"Home\",\"item\":\"https:\\\/\\\/www.cbh-cyprus.com\\\/fr\\\/welcome-to-constantinou-bros-hotels\\\/\"},{\"@type\":\"ListItem\",\"position\":2,\"name\":\"COVID-19 Mesures de sant\u00e9 et de s\u00e9curit\u00e9\"}]},{\"@type\":\"WebSite\",\"@id\":\"https:\\\/\\\/www.cbh-cyprus.com\\\/fr\\\/#website\",\"url\":\"https:\\\/\\\/www.cbh-cyprus.com\\\/fr\\\/\",\"name\":\"Constantinou Bros Hotels\",\"description\":\"Constantinou Bros Hotels\",\"publisher\":{\"@id\":\"https:\\\/\\\/www.cbh-cyprus.com\\\/fr\\\/#organization\"},\"potentialAction\":[{\"@type\":\"SearchAction\",\"target\":{\"@type\":\"EntryPoint\",\"urlTemplate\":\"https:\\\/\\\/www.cbh-cyprus.com\\\/fr\\\/?s={search_term_string}\"},\"query-input\":{\"@type\":\"PropertyValueSpecification\",\"valueRequired\":true,\"valueName\":\"search_term_string\"}}],\"inLanguage\":\"fr-FR\"},{\"@type\":\"Organization\",\"@id\":\"https:\\\/\\\/www.cbh-cyprus.com\\\/fr\\\/#organization\",\"name\":\"Constantinou Bros Hotels\",\"url\":\"https:\\\/\\\/www.cbh-cyprus.com\\\/fr\\\/\",\"logo\":{\"@type\":\"ImageObject\",\"inLanguage\":\"fr-FR\",\"@id\":\"https:\\\/\\\/www.cbh-cyprus.com\\\/fr\\\/#\\\/schema\\\/logo\\\/image\\\/\",\"url\":\"https:\\\/\\\/www.cbh-cyprus.com\\\/app\\\/uploads\\\/sites\\\/30\\\/2020\\\/10\\\/cbh.jpg\",\"contentUrl\":\"https:\\\/\\\/www.cbh-cyprus.com\\\/app\\\/uploads\\\/sites\\\/30\\\/2020\\\/10\\\/cbh.jpg\",\"width\":1013,\"height\":419,\"caption\":\"Constantinou Bros Hotels\"},\"image\":{\"@id\":\"https:\\\/\\\/www.cbh-cyprus.com\\\/fr\\\/#\\\/schema\\\/logo\\\/image\\\/\"}}]}<\/script>\n<!-- \/ Yoast SEO plugin. -->","yoast_head_json":{"title":"COVID-19 Mesures de sant\u00e9 et de s\u00e9curit\u00e9 - Constantinou Bros Hotels","robots":{"index":"index","follow":"follow","max-snippet":"max-snippet:-1","max-image-preview":"max-image-preview:large","max-video-preview":"max-video-preview:-1"},"canonical":"https:\/\/www.cbh-cyprus.com\/fr\/covid-19-health-safety-measures\/","og_locale":"fr_FR","og_type":"article","og_title":"COVID-19 Mesures de sant\u00e9 et de s\u00e9curit\u00e9 - Constantinou Bros Hotels","og_description":"Constantinou Bros annonce la r\u00e9ouverture de tous ses h\u00f4tels &nbsp; Chez Constantinou Bros Hotels, nous avons le plaisir d&rsquo;annoncer que nous commen\u00e7ons \u00e0 rouvrir nos h\u00f4tels. Il ne fait aucun doute que la situation a \u00e9t\u00e9 difficile pour la plan\u00e8te enti\u00e8re, mais les mesures strictes qui ont \u00e9t\u00e9 imm\u00e9diatement prises par le gouvernement chypriote et","og_url":"https:\/\/www.cbh-cyprus.com\/fr\/covid-19-health-safety-measures\/","og_site_name":"Constantinou Bros Hotels","article_modified_time":"2024-07-23T09:17:58+00:00","twitter_card":"summary_large_image","twitter_misc":{"Dur\u00e9e de lecture estim\u00e9e":"4 minutes"},"schema":{"@context":"https:\/\/schema.org","@graph":[{"@type":"WebPage","@id":"https:\/\/www.cbh-cyprus.com\/fr\/covid-19-health-safety-measures\/","url":"https:\/\/www.cbh-cyprus.com\/fr\/covid-19-health-safety-measures\/","name":"COVID-19 Mesures de sant\u00e9 et de s\u00e9curit\u00e9 - Constantinou Bros Hotels","isPartOf":{"@id":"https:\/\/www.cbh-cyprus.com\/fr\/#website"},"datePublished":"2022-03-23T12:47:03+00:00","dateModified":"2024-07-23T09:17:58+00:00","breadcrumb":{"@id":"https:\/\/www.cbh-cyprus.com\/fr\/covid-19-health-safety-measures\/#breadcrumb"},"inLanguage":"fr-FR","potentialAction":[{"@type":"ReadAction","target":["https:\/\/www.cbh-cyprus.com\/fr\/covid-19-health-safety-measures\/"]}]},{"@type":"BreadcrumbList","@id":"https:\/\/www.cbh-cyprus.com\/fr\/covid-19-health-safety-measures\/#breadcrumb","itemListElement":[{"@type":"ListItem","position":1,"name":"Home","item":"https:\/\/www.cbh-cyprus.com\/fr\/welcome-to-constantinou-bros-hotels\/"},{"@type":"ListItem","position":2,"name":"COVID-19 Mesures de sant\u00e9 et de s\u00e9curit\u00e9"}]},{"@type":"WebSite","@id":"https:\/\/www.cbh-cyprus.com\/fr\/#website","url":"https:\/\/www.cbh-cyprus.com\/fr\/","name":"Constantinou Bros Hotels","description":"Constantinou Bros Hotels","publisher":{"@id":"https:\/\/www.cbh-cyprus.com\/fr\/#organization"},"potentialAction":[{"@type":"SearchAction","target":{"@type":"EntryPoint","urlTemplate":"https:\/\/www.cbh-cyprus.com\/fr\/?s={search_term_string}"},"query-input":{"@type":"PropertyValueSpecification","valueRequired":true,"valueName":"search_term_string"}}],"inLanguage":"fr-FR"},{"@type":"Organization","@id":"https:\/\/www.cbh-cyprus.com\/fr\/#organization","name":"Constantinou Bros Hotels","url":"https:\/\/www.cbh-cyprus.com\/fr\/","logo":{"@type":"ImageObject","inLanguage":"fr-FR","@id":"https:\/\/www.cbh-cyprus.com\/fr\/#\/schema\/logo\/image\/","url":"https:\/\/www.cbh-cyprus.com\/app\/uploads\/sites\/30\/2020\/10\/cbh.jpg","contentUrl":"https:\/\/www.cbh-cyprus.com\/app\/uploads\/sites\/30\/2020\/10\/cbh.jpg","width":1013,"height":419,"caption":"Constantinou Bros Hotels"},"image":{"@id":"https:\/\/www.cbh-cyprus.com\/fr\/#\/schema\/logo\/image\/"}}]}},"_links":{"self":[{"href":"https:\/\/www.cbh-cyprus.com\/fr\/wp-json\/wp\/v2\/pages\/13761","targetHints":{"allow":["GET"]}}],"collection":[{"href":"https:\/\/www.cbh-cyprus.com\/fr\/wp-json\/wp\/v2\/pages"}],"about":[{"href":"https:\/\/www.cbh-cyprus.com\/fr\/wp-json\/wp\/v2\/types\/page"}],"author":[{"embeddable":true,"href":"https:\/\/www.cbh-cyprus.com\/fr\/wp-json\/wp\/v2\/users\/100"}],"replies":[{"embeddable":true,"href":"https:\/\/www.cbh-cyprus.com\/fr\/wp-json\/wp\/v2\/comments?post=13761"}],"version-history":[{"count":2,"href":"https:\/\/www.cbh-cyprus.com\/fr\/wp-json\/wp\/v2\/pages\/13761\/revisions"}],"predecessor-version":[{"id":37281,"href":"https:\/\/www.cbh-cyprus.com\/fr\/wp-json\/wp\/v2\/pages\/13761\/revisions\/37281"}],"wp:attachment":[{"href":"https:\/\/www.cbh-cyprus.com\/fr\/wp-json\/wp\/v2\/media?parent=13761"}],"curies":[{"name":"wp","href":"https:\/\/api.w.org\/{rel}","templated":true}]}}