{"id":13763,"date":"2022-03-23T15:51:45","date_gmt":"2022-03-23T12:51:45","guid":{"rendered":"https:\/\/www.cbh-cyprus.com\/constantinou-bros-announces-the-reopening-of-all-hotels\/"},"modified":"2024-09-13T12:47:39","modified_gmt":"2024-09-13T09:47:39","slug":"constantinou-bros-announces-the-reopening-of-all-hotels","status":"publish","type":"page","link":"https:\/\/www.cbh-cyprus.com\/fr\/constantinou-bros-announces-the-reopening-of-all-hotels\/","title":{"rendered":"Constantinou Bros annonce la r\u00e9ouverture de tous ses h\u00f4tels"},"content":{"rendered":"<p>Chez Constantinou Bros Hotels, nous avons le plaisir de vous annoncer la r\u00e9ouverture de tous nos h\u00f4tels.<br \/>\nIl ne fait aucun doute que la situation a \u00e9t\u00e9 difficile pour l&rsquo;ensemble de la plan\u00e8te, mais les mesures strictes qui ont \u00e9t\u00e9 imm\u00e9diatement prises par le gouvernement chypriote et la contribution de chacun pour s&rsquo;y conformer ont rapidement port\u00e9 leurs fruits.<br \/>\nL&rsquo;Organisation mondiale de la sant\u00e9 a officiellement annonc\u00e9 que Chypre \u00e9tait \u00ab\u00a0le pays m\u00e9diterran\u00e9en le plus s\u00fbr et le cinqui\u00e8me pays le plus s\u00fbr au monde\u00a0\u00bb.<br \/>\nApr\u00e8s trois phases d&rsquo;assouplissement progressif des mesures restrictives, Chypre se trouve aujourd&rsquo;hui dans une position privil\u00e9gi\u00e9e pour se vanter de l&rsquo;ouverture et du fonctionnement de ses a\u00e9roports, h\u00f4tels, transports publics, taxis, sites arch\u00e9ologiques, mus\u00e9es, restaurants, bars et centres commerciaux.    Dans nos h\u00f4tels, notre priorit\u00e9 absolue a toujours \u00e9t\u00e9 la s\u00e9curit\u00e9, la sant\u00e9 et le bien-\u00eatre de nos pr\u00e9cieux clients. Avec l&rsquo;apparition de la pand\u00e9mie de Covid-19, ce qui a chang\u00e9 dans les processus que nous avons toujours suivis, c&rsquo;est que nous avons renforc\u00e9 et maximis\u00e9 les mesures d&rsquo;hygi\u00e8ne et de s\u00e9curit\u00e9, sur la base des protocoles qui nous ont \u00e9t\u00e9 pr\u00e9sent\u00e9s par les organismes officiels ci-dessous, et aussi par des consultants, \u00e0 qui nous avons confi\u00e9 le d\u00e9veloppement des nouveaux processus op\u00e9rationnels et la formation de notre personnel : <\/p>\n<ul>\n<li>Minist\u00e8re de la sant\u00e9 de Chypre<\/li>\n<li>Centre europ\u00e9en de pr\u00e9vention et de contr\u00f4le des maladies (ECDC)<\/li>\n<li>Organisation mondiale de la sant\u00e9<\/li>\n<\/ul>\n<p> Nous comprenons que les mesures d&rsquo;hygi\u00e8ne et de distanciation sociale concernent chaque voyageur, mais nous voulons vous assurer que nous avons pris, et que nous continuerons \u00e0 prendre, toutes les mesures n\u00e9cessaires pour la protection de nos h\u00f4tes et de notre personnel, et nous en mentionnons ici les points saillants \u00e0 titre indicatif : <\/p>\n<ul>\n<li>maintenir le taux d&rsquo;occupation des h\u00f4tels \u00e0 un niveau s\u00fbr<\/li>\n<li>Des avis indiquant le nombre maximum de personnes autoris\u00e9es \u00e0 l&rsquo;entr\u00e9e de tous les espaces publics, restaurants, bars et ascenseurs.<\/li>\n<li>Postes de d\u00e9sinfection des mains dans toutes les zones pour les clients et le personnel.<\/li>\n<li>Panneaux de s\u00e9paration transparents entre employ\u00e9s et clients \u00e0 la r\u00e9ception et dans les sup\u00e9rettes<\/li>\n<li>Port permanent d&rsquo;\u00e9quipements de protection individuelle par l&rsquo;ensemble du personnel (masque, gants) et \u00e0 tous les points de service.<\/li>\n<li>L&rsquo;enregistrement en ligne est encourag\u00e9 soit par notre site web, soit par l&rsquo;application mobile des h\u00f4tels Constantinou Bros.)<\/li>\n<li>Tous les points de vente fonctionnent sans argent liquide (paiement par chambre ou par carte de cr\u00e9dit uniquement).<\/li>\n<li>D\u00e9sinfection et transfert des bagages des clients par notre personnel en dehors de la chambre, sauf demande contraire du client.<\/li>\n<li>Apr\u00e8s le d\u00e9part, toutes les chambres sont soigneusement nettoy\u00e9es, a\u00e9r\u00e9es et d\u00e9sinfect\u00e9es et propos\u00e9es \u00e0 un nouvel arrivant apr\u00e8s un minimum de deux heures.<\/li>\n<li>Jetons, menus, magazines et fiches d&rsquo;information retir\u00e9s des chambres (disponibles sur demande)<\/li>\n<li>Les oreillers et couvertures suppl\u00e9mentaires restent dans la chambre, emball\u00e9s et scell\u00e9s avec du ruban adh\u00e9sif antiseptique.<\/li>\n<li>Le service de retournement est temporairement suspendu<\/li>\n<li>Toutes les zones, les tables, les chaises, les chaises longues et les surfaces \u00e0 fort contact (poign\u00e9es de porte, boutons d&rsquo;ascenseur, poign\u00e9es, robinets) sont constamment d\u00e9sinfect\u00e9es et assainies.<\/li>\n<li>Dans les restaurants et les bars, la distance de s\u00e9curit\u00e9 entre les tables est strictement respect\u00e9e et les repas sont propos\u00e9s dans les restaurants et, si le temps le permet, en plein air.<\/li>\n<li>Les repas se composent d&rsquo;une combinaison de choix entre buffet et service, et d&rsquo;une utilisation aussi large que possible d&rsquo;articles \u00e0 usage unique (menus, nappes, etc.), ainsi que d&rsquo;un second service si n\u00e9cessaire.<\/li>\n<li>A la plage et aux piscines, respect strict des distances de s\u00e9curit\u00e9 entre les parasols.<\/li>\n<li>Sports, gymnases, salons de coiffure, spas &#8211; fonctionnement uniquement sur la base des protocoles<\/li>\n<li>Des contr\u00f4les stricts et continus par nos \u00e9quipes d\u00e9di\u00e9es concernant la conformit\u00e9 et la mise en \u0153uvre de toutes les mesures et protocoles pour votre hygi\u00e8ne et votre s\u00e9curit\u00e9.<\/li>\n<\/ul>\n<p>&nbsp;<\/p>\n<p><strong>Nos h\u00f4tels rouvriront aux dates suivantes :<\/strong> TUI BLUE PIONEER BEACH HOTEL 28\/06\/2020 CONSTANTINOU BROS ATHENA BEACH HOTEL 19\/08\/2020 CONSTANTINOU BROS ATHENA ROYAL BEACH HOTEL 31\/10\/2020 CONSTANTINOU BROS ASIMINA SUITES HOTEL 02\/07\/2020 &nbsp; Veuillez contacter votre conseiller en voyages pour conna\u00eetre nos offres sp\u00e9ciales ou visitez notre page web <a href=\"http:\/\/www.cbh-cyprus.com\">www.cbh-cyprus.com<\/a>&nbsp; Nous sommes impatients de vous accueillir \u00e0 nouveau le plus t\u00f4t possible et de vous offrir des vacances inoubliables aux niveaux d&rsquo;hospitalit\u00e9 auxquels vous \u00eates habitu\u00e9s et que vous avez appris \u00e0 appr\u00e9cier toutes ces ann\u00e9es, avec encore plus d&rsquo;attention pour vous et vos proches.<\/p>\n","protected":false},"excerpt":{"rendered":"<p>Chez Constantinou Bros Hotels, nous avons le plaisir de vous annoncer la r\u00e9ouverture de tous nos h\u00f4tels. Il ne fait aucun doute que la situation a \u00e9t\u00e9 difficile pour l&rsquo;ensemble de la plan\u00e8te, mais les mesures strictes qui ont \u00e9t\u00e9 imm\u00e9diatement prises par le gouvernement chypriote et la contribution de chacun pour s&rsquo;y conformer ont<\/p>\n","protected":false},"author":100,"featured_media":12420,"parent":0,"menu_order":0,"comment_status":"closed","ping_status":"closed","template":"","meta":{"_acf_changed":false,"footnotes":""},"class_list":["post-13763","page","type-page","status-publish","has-post-thumbnail","hentry"],"acf":[],"yoast_head":"<!-- This site is optimized with the Yoast SEO plugin v27.3 - https:\/\/yoast.com\/product\/yoast-seo-wordpress\/ -->\n<title>Constantinou Bros annonce la r\u00e9ouverture de tous ses h\u00f4tels - Constantinou Bros Hotels<\/title>\n<meta name=\"robots\" content=\"index, follow, max-snippet:-1, max-image-preview:large, max-video-preview:-1\" \/>\n<link rel=\"canonical\" href=\"https:\/\/www.cbh-cyprus.com\/fr\/constantinou-bros-announces-the-reopening-of-all-hotels\/\" \/>\n<meta property=\"og:locale\" content=\"fr_FR\" \/>\n<meta property=\"og:type\" content=\"article\" \/>\n<meta property=\"og:title\" content=\"Constantinou Bros annonce la r\u00e9ouverture de tous ses h\u00f4tels - Constantinou Bros Hotels\" \/>\n<meta property=\"og:description\" content=\"Chez Constantinou Bros Hotels, nous avons le plaisir de vous annoncer la r\u00e9ouverture de tous nos h\u00f4tels. Il ne fait aucun doute que la situation a \u00e9t\u00e9 difficile pour l&rsquo;ensemble de la plan\u00e8te, mais les mesures strictes qui ont \u00e9t\u00e9 imm\u00e9diatement prises par le gouvernement chypriote et la contribution de chacun pour s&rsquo;y conformer ont\" \/>\n<meta property=\"og:url\" content=\"https:\/\/www.cbh-cyprus.com\/fr\/constantinou-bros-announces-the-reopening-of-all-hotels\/\" \/>\n<meta property=\"og:site_name\" content=\"Constantinou Bros Hotels\" \/>\n<meta property=\"article:modified_time\" content=\"2024-09-13T09:47:39+00:00\" \/>\n<meta property=\"og:image\" content=\"https:\/\/www.cbh-cyprus.com\/app\/uploads\/sites\/30\/2020\/06\/7-ATHENA-BEACH-HOTEL-OUTDOOR-POOL.jpg\" \/>\n\t<meta property=\"og:image:width\" content=\"8186\" \/>\n\t<meta property=\"og:image:height\" content=\"5457\" \/>\n\t<meta property=\"og:image:type\" content=\"image\/jpeg\" \/>\n<meta name=\"twitter:card\" content=\"summary_large_image\" \/>\n<meta name=\"twitter:label1\" content=\"Dur\u00e9e de lecture estim\u00e9e\" \/>\n\t<meta name=\"twitter:data1\" content=\"4 minutes\" \/>\n<script type=\"application\/ld+json\" class=\"yoast-schema-graph\">{\"@context\":\"https:\\\/\\\/schema.org\",\"@graph\":[{\"@type\":\"WebPage\",\"@id\":\"https:\\\/\\\/www.cbh-cyprus.com\\\/fr\\\/constantinou-bros-announces-the-reopening-of-all-hotels\\\/\",\"url\":\"https:\\\/\\\/www.cbh-cyprus.com\\\/fr\\\/constantinou-bros-announces-the-reopening-of-all-hotels\\\/\",\"name\":\"Constantinou Bros annonce la r\u00e9ouverture de tous ses h\u00f4tels - Constantinou Bros Hotels\",\"isPartOf\":{\"@id\":\"https:\\\/\\\/www.cbh-cyprus.com\\\/fr\\\/#website\"},\"primaryImageOfPage\":{\"@id\":\"https:\\\/\\\/www.cbh-cyprus.com\\\/fr\\\/constantinou-bros-announces-the-reopening-of-all-hotels\\\/#primaryimage\"},\"image\":{\"@id\":\"https:\\\/\\\/www.cbh-cyprus.com\\\/fr\\\/constantinou-bros-announces-the-reopening-of-all-hotels\\\/#primaryimage\"},\"thumbnailUrl\":\"https:\\\/\\\/www.cbh-cyprus.com\\\/app\\\/uploads\\\/sites\\\/30\\\/2020\\\/06\\\/7-ATHENA-BEACH-HOTEL-OUTDOOR-POOL.jpg\",\"datePublished\":\"2022-03-23T12:51:45+00:00\",\"dateModified\":\"2024-09-13T09:47:39+00:00\",\"breadcrumb\":{\"@id\":\"https:\\\/\\\/www.cbh-cyprus.com\\\/fr\\\/constantinou-bros-announces-the-reopening-of-all-hotels\\\/#breadcrumb\"},\"inLanguage\":\"fr-FR\",\"potentialAction\":[{\"@type\":\"ReadAction\",\"target\":[\"https:\\\/\\\/www.cbh-cyprus.com\\\/fr\\\/constantinou-bros-announces-the-reopening-of-all-hotels\\\/\"]}]},{\"@type\":\"ImageObject\",\"inLanguage\":\"fr-FR\",\"@id\":\"https:\\\/\\\/www.cbh-cyprus.com\\\/fr\\\/constantinou-bros-announces-the-reopening-of-all-hotels\\\/#primaryimage\",\"url\":\"https:\\\/\\\/www.cbh-cyprus.com\\\/app\\\/uploads\\\/sites\\\/30\\\/2020\\\/06\\\/7-ATHENA-BEACH-HOTEL-OUTDOOR-POOL.jpg\",\"contentUrl\":\"https:\\\/\\\/www.cbh-cyprus.com\\\/app\\\/uploads\\\/sites\\\/30\\\/2020\\\/06\\\/7-ATHENA-BEACH-HOTEL-OUTDOOR-POOL.jpg\",\"width\":8186,\"height\":5457},{\"@type\":\"BreadcrumbList\",\"@id\":\"https:\\\/\\\/www.cbh-cyprus.com\\\/fr\\\/constantinou-bros-announces-the-reopening-of-all-hotels\\\/#breadcrumb\",\"itemListElement\":[{\"@type\":\"ListItem\",\"position\":1,\"name\":\"Home\",\"item\":\"https:\\\/\\\/www.cbh-cyprus.com\\\/fr\\\/welcome-to-constantinou-bros-hotels\\\/\"},{\"@type\":\"ListItem\",\"position\":2,\"name\":\"Le Groupe\",\"item\":\"https:\\\/\\\/www.cbh-cyprus.com\\\/fr\\\/the-group\\\/\"},{\"@type\":\"ListItem\",\"position\":3,\"name\":\"Nouvelles\",\"item\":\"https:\\\/\\\/www.cbh-cyprus.com\\\/fr\\\/?page_id=14089\"},{\"@type\":\"ListItem\",\"position\":4,\"name\":\"Constantinou Bros annonce la r\u00e9ouverture de tous ses h\u00f4tels\"}]},{\"@type\":\"WebSite\",\"@id\":\"https:\\\/\\\/www.cbh-cyprus.com\\\/fr\\\/#website\",\"url\":\"https:\\\/\\\/www.cbh-cyprus.com\\\/fr\\\/\",\"name\":\"Constantinou Bros Hotels\",\"description\":\"Constantinou Bros Hotels\",\"publisher\":{\"@id\":\"https:\\\/\\\/www.cbh-cyprus.com\\\/fr\\\/#organization\"},\"potentialAction\":[{\"@type\":\"SearchAction\",\"target\":{\"@type\":\"EntryPoint\",\"urlTemplate\":\"https:\\\/\\\/www.cbh-cyprus.com\\\/fr\\\/?s={search_term_string}\"},\"query-input\":{\"@type\":\"PropertyValueSpecification\",\"valueRequired\":true,\"valueName\":\"search_term_string\"}}],\"inLanguage\":\"fr-FR\"},{\"@type\":\"Organization\",\"@id\":\"https:\\\/\\\/www.cbh-cyprus.com\\\/fr\\\/#organization\",\"name\":\"Constantinou Bros Hotels\",\"url\":\"https:\\\/\\\/www.cbh-cyprus.com\\\/fr\\\/\",\"logo\":{\"@type\":\"ImageObject\",\"inLanguage\":\"fr-FR\",\"@id\":\"https:\\\/\\\/www.cbh-cyprus.com\\\/fr\\\/#\\\/schema\\\/logo\\\/image\\\/\",\"url\":\"https:\\\/\\\/www.cbh-cyprus.com\\\/app\\\/uploads\\\/sites\\\/30\\\/2020\\\/10\\\/cbh.jpg\",\"contentUrl\":\"https:\\\/\\\/www.cbh-cyprus.com\\\/app\\\/uploads\\\/sites\\\/30\\\/2020\\\/10\\\/cbh.jpg\",\"width\":1013,\"height\":419,\"caption\":\"Constantinou Bros Hotels\"},\"image\":{\"@id\":\"https:\\\/\\\/www.cbh-cyprus.com\\\/fr\\\/#\\\/schema\\\/logo\\\/image\\\/\"}}]}<\/script>\n<!-- \/ Yoast SEO plugin. -->","yoast_head_json":{"title":"Constantinou Bros annonce la r\u00e9ouverture de tous ses h\u00f4tels - Constantinou Bros Hotels","robots":{"index":"index","follow":"follow","max-snippet":"max-snippet:-1","max-image-preview":"max-image-preview:large","max-video-preview":"max-video-preview:-1"},"canonical":"https:\/\/www.cbh-cyprus.com\/fr\/constantinou-bros-announces-the-reopening-of-all-hotels\/","og_locale":"fr_FR","og_type":"article","og_title":"Constantinou Bros annonce la r\u00e9ouverture de tous ses h\u00f4tels - Constantinou Bros Hotels","og_description":"Chez Constantinou Bros Hotels, nous avons le plaisir de vous annoncer la r\u00e9ouverture de tous nos h\u00f4tels. Il ne fait aucun doute que la situation a \u00e9t\u00e9 difficile pour l&rsquo;ensemble de la plan\u00e8te, mais les mesures strictes qui ont \u00e9t\u00e9 imm\u00e9diatement prises par le gouvernement chypriote et la contribution de chacun pour s&rsquo;y conformer ont","og_url":"https:\/\/www.cbh-cyprus.com\/fr\/constantinou-bros-announces-the-reopening-of-all-hotels\/","og_site_name":"Constantinou Bros Hotels","article_modified_time":"2024-09-13T09:47:39+00:00","og_image":[{"width":8186,"height":5457,"url":"https:\/\/www.cbh-cyprus.com\/app\/uploads\/sites\/30\/2020\/06\/7-ATHENA-BEACH-HOTEL-OUTDOOR-POOL.jpg","type":"image\/jpeg"}],"twitter_card":"summary_large_image","twitter_misc":{"Dur\u00e9e de lecture estim\u00e9e":"4 minutes"},"schema":{"@context":"https:\/\/schema.org","@graph":[{"@type":"WebPage","@id":"https:\/\/www.cbh-cyprus.com\/fr\/constantinou-bros-announces-the-reopening-of-all-hotels\/","url":"https:\/\/www.cbh-cyprus.com\/fr\/constantinou-bros-announces-the-reopening-of-all-hotels\/","name":"Constantinou Bros annonce la r\u00e9ouverture de tous ses h\u00f4tels - Constantinou Bros Hotels","isPartOf":{"@id":"https:\/\/www.cbh-cyprus.com\/fr\/#website"},"primaryImageOfPage":{"@id":"https:\/\/www.cbh-cyprus.com\/fr\/constantinou-bros-announces-the-reopening-of-all-hotels\/#primaryimage"},"image":{"@id":"https:\/\/www.cbh-cyprus.com\/fr\/constantinou-bros-announces-the-reopening-of-all-hotels\/#primaryimage"},"thumbnailUrl":"https:\/\/www.cbh-cyprus.com\/app\/uploads\/sites\/30\/2020\/06\/7-ATHENA-BEACH-HOTEL-OUTDOOR-POOL.jpg","datePublished":"2022-03-23T12:51:45+00:00","dateModified":"2024-09-13T09:47:39+00:00","breadcrumb":{"@id":"https:\/\/www.cbh-cyprus.com\/fr\/constantinou-bros-announces-the-reopening-of-all-hotels\/#breadcrumb"},"inLanguage":"fr-FR","potentialAction":[{"@type":"ReadAction","target":["https:\/\/www.cbh-cyprus.com\/fr\/constantinou-bros-announces-the-reopening-of-all-hotels\/"]}]},{"@type":"ImageObject","inLanguage":"fr-FR","@id":"https:\/\/www.cbh-cyprus.com\/fr\/constantinou-bros-announces-the-reopening-of-all-hotels\/#primaryimage","url":"https:\/\/www.cbh-cyprus.com\/app\/uploads\/sites\/30\/2020\/06\/7-ATHENA-BEACH-HOTEL-OUTDOOR-POOL.jpg","contentUrl":"https:\/\/www.cbh-cyprus.com\/app\/uploads\/sites\/30\/2020\/06\/7-ATHENA-BEACH-HOTEL-OUTDOOR-POOL.jpg","width":8186,"height":5457},{"@type":"BreadcrumbList","@id":"https:\/\/www.cbh-cyprus.com\/fr\/constantinou-bros-announces-the-reopening-of-all-hotels\/#breadcrumb","itemListElement":[{"@type":"ListItem","position":1,"name":"Home","item":"https:\/\/www.cbh-cyprus.com\/fr\/welcome-to-constantinou-bros-hotels\/"},{"@type":"ListItem","position":2,"name":"Le Groupe","item":"https:\/\/www.cbh-cyprus.com\/fr\/the-group\/"},{"@type":"ListItem","position":3,"name":"Nouvelles","item":"https:\/\/www.cbh-cyprus.com\/fr\/?page_id=14089"},{"@type":"ListItem","position":4,"name":"Constantinou Bros annonce la r\u00e9ouverture de tous ses h\u00f4tels"}]},{"@type":"WebSite","@id":"https:\/\/www.cbh-cyprus.com\/fr\/#website","url":"https:\/\/www.cbh-cyprus.com\/fr\/","name":"Constantinou Bros Hotels","description":"Constantinou Bros Hotels","publisher":{"@id":"https:\/\/www.cbh-cyprus.com\/fr\/#organization"},"potentialAction":[{"@type":"SearchAction","target":{"@type":"EntryPoint","urlTemplate":"https:\/\/www.cbh-cyprus.com\/fr\/?s={search_term_string}"},"query-input":{"@type":"PropertyValueSpecification","valueRequired":true,"valueName":"search_term_string"}}],"inLanguage":"fr-FR"},{"@type":"Organization","@id":"https:\/\/www.cbh-cyprus.com\/fr\/#organization","name":"Constantinou Bros Hotels","url":"https:\/\/www.cbh-cyprus.com\/fr\/","logo":{"@type":"ImageObject","inLanguage":"fr-FR","@id":"https:\/\/www.cbh-cyprus.com\/fr\/#\/schema\/logo\/image\/","url":"https:\/\/www.cbh-cyprus.com\/app\/uploads\/sites\/30\/2020\/10\/cbh.jpg","contentUrl":"https:\/\/www.cbh-cyprus.com\/app\/uploads\/sites\/30\/2020\/10\/cbh.jpg","width":1013,"height":419,"caption":"Constantinou Bros Hotels"},"image":{"@id":"https:\/\/www.cbh-cyprus.com\/fr\/#\/schema\/logo\/image\/"}}]}},"_links":{"self":[{"href":"https:\/\/www.cbh-cyprus.com\/fr\/wp-json\/wp\/v2\/pages\/13763","targetHints":{"allow":["GET"]}}],"collection":[{"href":"https:\/\/www.cbh-cyprus.com\/fr\/wp-json\/wp\/v2\/pages"}],"about":[{"href":"https:\/\/www.cbh-cyprus.com\/fr\/wp-json\/wp\/v2\/types\/page"}],"author":[{"embeddable":true,"href":"https:\/\/www.cbh-cyprus.com\/fr\/wp-json\/wp\/v2\/users\/100"}],"replies":[{"embeddable":true,"href":"https:\/\/www.cbh-cyprus.com\/fr\/wp-json\/wp\/v2\/comments?post=13763"}],"version-history":[{"count":3,"href":"https:\/\/www.cbh-cyprus.com\/fr\/wp-json\/wp\/v2\/pages\/13763\/revisions"}],"predecessor-version":[{"id":41395,"href":"https:\/\/www.cbh-cyprus.com\/fr\/wp-json\/wp\/v2\/pages\/13763\/revisions\/41395"}],"wp:featuredmedia":[{"embeddable":true,"href":"https:\/\/www.cbh-cyprus.com\/fr\/wp-json\/wp\/v2\/media\/12420"}],"wp:attachment":[{"href":"https:\/\/www.cbh-cyprus.com\/fr\/wp-json\/wp\/v2\/media?parent=13763"}],"curies":[{"name":"wp","href":"https:\/\/api.w.org\/{rel}","templated":true}]}}