{"id":13765,"date":"2022-03-23T15:53:54","date_gmt":"2022-03-23T12:53:54","guid":{"rendered":"https:\/\/www.cbh-cyprus.com\/covid-19-update\/"},"modified":"2024-07-23T12:17:53","modified_gmt":"2024-07-23T09:17:53","slug":"covid-19-update","status":"publish","type":"page","link":"https:\/\/www.cbh-cyprus.com\/fr\/covid-19-update\/","title":{"rendered":"MISE \u00c0 JOUR DE LA COVID-19"},"content":{"rendered":"<p><strong><em>Un rayon de lumi\u00e8re dor\u00e9e appara\u00eet progressivement au bout du tunnel&#8230;<\/em><\/strong> Chypre, comme le reste du monde, a \u00e9galement \u00e9t\u00e9 contrainte \u00e0 un \u00ab\u00a0verrouillage\u00a0\u00bb complet pour emp\u00eacher la propagation du COVID-19. Les mesures prises ont \u00e9t\u00e9 absolument strictes d\u00e8s le premier cas signal\u00e9 sur l&rsquo;\u00eele, afin de limiter la propagation du virus et de garantir une \u00e9limination rapide de cette situation sans pr\u00e9c\u00e9dent. Tous les ports d&rsquo;entr\u00e9e ont \u00e9t\u00e9 compl\u00e8tement ferm\u00e9s et les entreprises (\u00e0 l&rsquo;exception des supermarch\u00e9s, des pharmacies et des services essentiels), tant dans le secteur priv\u00e9 que dans le secteur public, ont \u00e9t\u00e9 compl\u00e8tement arr\u00eat\u00e9es. La permission de sortir une fois par jour \u00e9tait accord\u00e9e par le gouvernement par le biais d&rsquo;un SMS d&rsquo;approbation et un couvre-feu complet \u00e9tait appliqu\u00e9 le soir de 21 heures \u00e0 6 heures. Le voyage a \u00e9t\u00e9 tr\u00e8s difficile, mais les restrictions strictes ont valu la peine de faire des efforts. D\u00e8s le lundi<sup>4<\/sup> mai, nous avons re\u00e7u le feu vert pour entamer la <strong>phase 1<\/strong> de l&rsquo;assouplissement vers la sortie du lock-out ! Entre autres, les petits commerces et certaines entreprises, y compris les agences de voyage, ont progressivement ouvert leurs portes en mettant en place des mesures strictes d&rsquo;hygi\u00e8ne et de distance sociale. Toutefois, il est toujours n\u00e9cessaire d&rsquo;envoyer un SMS pour obtenir la permission de sortir et le couvre-feu du soir a \u00e9t\u00e9 d\u00e9plac\u00e9 une heure plus tard (de 22h \u00e0 6h). Si nous r\u00e9ussissons \u00e0 maintenir le nombre de nouveaux cas \u00e0 un seul chiffre, alors la <strong>phase 2<\/strong> de la \u00ab\u00a0route pour sortir du verrouillage\u00a0\u00bb sera mise en \u0153uvre entre le<sup>21<\/sup> mai et le<sup>8<\/sup> juin. Il s&rsquo;agit notamment de la remise en service de salons de coiffure et de beaut\u00e9, de services de restauration en plein air, de mus\u00e9es et de sites arch\u00e9ologiques, pour n&rsquo;en citer que quelques-uns. L&rsquo;autorisation de circuler par SMS sera compl\u00e8tement supprim\u00e9e, de m\u00eame que les d\u00e9placements individuels entre 22 heures et 6 heures du matin&#8230; mais seuls les rassemblements de 10 personnes au maximum seront autoris\u00e9s. La <strong>phase 3<\/strong> (du<sup>9<\/sup> juin au<sup>13<\/sup> juillet) verra tr\u00e8s probablement l&rsquo;ouverture d&rsquo;autres \u00e9tablissements, notamment des a\u00e9roports (progressivement et sous conditions), des h\u00f4tels et des plages, ainsi que des services de restauration en int\u00e9rieur et en ext\u00e9rieur, tout en supprimant toutes les restrictions sur les d\u00e9placements individuels. Naturellement, cette \u00e9tape tr\u00e8s importante impliquera des mesures d&rsquo;hygi\u00e8ne et de protection compl\u00e8tes, tant pour les visiteurs de Chypre que pour le personnel travaillant dans tous les \u00e9tablissements concern\u00e9s. D&rsquo;ores et d\u00e9j\u00e0, le vice-ministre du tourisme, en collaboration avec le conseil d&rsquo;administration de l&rsquo;association chypriote des h\u00f4teliers et les h\u00f4teliers de l&rsquo;\u00eele, travaillent d&rsquo;arrache-pied \u00e0 la mise en place d&rsquo;une campagne efficace. La <strong>phase 4<\/strong> (\u00e0 partir du<sup>14<\/sup> juillet) verra la r\u00e9ouverture au public de tous les th\u00e9\u00e2tres, cin\u00e9mas, festivals, casinos, etc. Le retour \u00e0 la \u00ab\u00a0normalit\u00e9\u00a0\u00bb sera certainement progressif, mais nous tenons \u00e0 vous assurer que les h\u00f4tels Constantinou Bros ont pris des mesures r\u00e9vis\u00e9es et mis en place des protocoles encore plus stricts, afin de garantir qu&rsquo;une fois le feu vert donn\u00e9, la sant\u00e9 et le bien-\u00eatre de nos clients seront assur\u00e9s, d\u00e8s la remise en service de nos h\u00f4tels. Restez en s\u00e9curit\u00e9&#8230; nous sommes impatients de vous revoir tous sous le soleil de Paphos&#8230; tr\u00e8s bient\u00f4t !<\/p>\n","protected":false},"excerpt":{"rendered":"<p>Un rayon de lumi\u00e8re dor\u00e9e appara\u00eet progressivement au bout du tunnel&#8230; Chypre, comme le reste du monde, a \u00e9galement \u00e9t\u00e9 contrainte \u00e0 un \u00ab\u00a0verrouillage\u00a0\u00bb complet pour emp\u00eacher la propagation du COVID-19. Les mesures prises ont \u00e9t\u00e9 absolument strictes d\u00e8s le premier cas signal\u00e9 sur l&rsquo;\u00eele, afin de limiter la propagation du virus et de garantir<\/p>\n","protected":false},"author":100,"featured_media":12417,"parent":0,"menu_order":0,"comment_status":"closed","ping_status":"closed","template":"","meta":{"_acf_changed":false,"footnotes":""},"class_list":["post-13765","page","type-page","status-publish","has-post-thumbnail","hentry"],"acf":[],"yoast_head":"<!-- This site is optimized with the Yoast SEO plugin v27.3 - https:\/\/yoast.com\/product\/yoast-seo-wordpress\/ -->\n<title>MISE \u00c0 JOUR DE LA COVID-19 - Constantinou Bros Hotels<\/title>\n<meta name=\"robots\" content=\"index, follow, max-snippet:-1, max-image-preview:large, max-video-preview:-1\" \/>\n<link rel=\"canonical\" href=\"https:\/\/www.cbh-cyprus.com\/fr\/covid-19-update\/\" \/>\n<meta property=\"og:locale\" content=\"fr_FR\" \/>\n<meta property=\"og:type\" content=\"article\" \/>\n<meta property=\"og:title\" content=\"MISE \u00c0 JOUR DE LA COVID-19 - Constantinou Bros Hotels\" \/>\n<meta property=\"og:description\" content=\"Un rayon de lumi\u00e8re dor\u00e9e appara\u00eet progressivement au bout du tunnel&#8230; Chypre, comme le reste du monde, a \u00e9galement \u00e9t\u00e9 contrainte \u00e0 un \u00ab\u00a0verrouillage\u00a0\u00bb complet pour emp\u00eacher la propagation du COVID-19. Les mesures prises ont \u00e9t\u00e9 absolument strictes d\u00e8s le premier cas signal\u00e9 sur l&rsquo;\u00eele, afin de limiter la propagation du virus et de garantir\" \/>\n<meta property=\"og:url\" content=\"https:\/\/www.cbh-cyprus.com\/fr\/covid-19-update\/\" \/>\n<meta property=\"og:site_name\" content=\"Constantinou Bros Hotels\" \/>\n<meta property=\"article:modified_time\" content=\"2024-07-23T09:17:53+00:00\" \/>\n<meta property=\"og:image\" content=\"https:\/\/www.cbh-cyprus.com\/app\/uploads\/sites\/30\/2020\/05\/Polish_20200507_214138271-1.jpg\" \/>\n\t<meta property=\"og:image:width\" content=\"1920\" \/>\n\t<meta property=\"og:image:height\" content=\"1920\" \/>\n\t<meta property=\"og:image:type\" content=\"image\/jpeg\" \/>\n<meta name=\"twitter:card\" content=\"summary_large_image\" \/>\n<meta name=\"twitter:label1\" content=\"Dur\u00e9e de lecture estim\u00e9e\" \/>\n\t<meta name=\"twitter:data1\" content=\"3 minutes\" \/>\n<script type=\"application\/ld+json\" class=\"yoast-schema-graph\">{\"@context\":\"https:\\\/\\\/schema.org\",\"@graph\":[{\"@type\":\"WebPage\",\"@id\":\"https:\\\/\\\/www.cbh-cyprus.com\\\/fr\\\/covid-19-update\\\/\",\"url\":\"https:\\\/\\\/www.cbh-cyprus.com\\\/fr\\\/covid-19-update\\\/\",\"name\":\"MISE \u00c0 JOUR DE LA COVID-19 - Constantinou Bros Hotels\",\"isPartOf\":{\"@id\":\"https:\\\/\\\/www.cbh-cyprus.com\\\/fr\\\/#website\"},\"primaryImageOfPage\":{\"@id\":\"https:\\\/\\\/www.cbh-cyprus.com\\\/fr\\\/covid-19-update\\\/#primaryimage\"},\"image\":{\"@id\":\"https:\\\/\\\/www.cbh-cyprus.com\\\/fr\\\/covid-19-update\\\/#primaryimage\"},\"thumbnailUrl\":\"https:\\\/\\\/www.cbh-cyprus.com\\\/app\\\/uploads\\\/sites\\\/30\\\/2020\\\/05\\\/Polish_20200507_214138271-1.jpg\",\"datePublished\":\"2022-03-23T12:53:54+00:00\",\"dateModified\":\"2024-07-23T09:17:53+00:00\",\"breadcrumb\":{\"@id\":\"https:\\\/\\\/www.cbh-cyprus.com\\\/fr\\\/covid-19-update\\\/#breadcrumb\"},\"inLanguage\":\"fr-FR\",\"potentialAction\":[{\"@type\":\"ReadAction\",\"target\":[\"https:\\\/\\\/www.cbh-cyprus.com\\\/fr\\\/covid-19-update\\\/\"]}]},{\"@type\":\"ImageObject\",\"inLanguage\":\"fr-FR\",\"@id\":\"https:\\\/\\\/www.cbh-cyprus.com\\\/fr\\\/covid-19-update\\\/#primaryimage\",\"url\":\"https:\\\/\\\/www.cbh-cyprus.com\\\/app\\\/uploads\\\/sites\\\/30\\\/2020\\\/05\\\/Polish_20200507_214138271-1.jpg\",\"contentUrl\":\"https:\\\/\\\/www.cbh-cyprus.com\\\/app\\\/uploads\\\/sites\\\/30\\\/2020\\\/05\\\/Polish_20200507_214138271-1.jpg\",\"width\":1920,\"height\":1920},{\"@type\":\"BreadcrumbList\",\"@id\":\"https:\\\/\\\/www.cbh-cyprus.com\\\/fr\\\/covid-19-update\\\/#breadcrumb\",\"itemListElement\":[{\"@type\":\"ListItem\",\"position\":1,\"name\":\"Home\",\"item\":\"https:\\\/\\\/www.cbh-cyprus.com\\\/fr\\\/welcome-to-constantinou-bros-hotels\\\/\"},{\"@type\":\"ListItem\",\"position\":2,\"name\":\"Le Groupe\",\"item\":\"https:\\\/\\\/www.cbh-cyprus.com\\\/fr\\\/the-group\\\/\"},{\"@type\":\"ListItem\",\"position\":3,\"name\":\"Nouvelles\",\"item\":\"https:\\\/\\\/www.cbh-cyprus.com\\\/fr\\\/?page_id=14089\"},{\"@type\":\"ListItem\",\"position\":4,\"name\":\"MISE \u00c0 JOUR DE LA COVID-19\"}]},{\"@type\":\"WebSite\",\"@id\":\"https:\\\/\\\/www.cbh-cyprus.com\\\/fr\\\/#website\",\"url\":\"https:\\\/\\\/www.cbh-cyprus.com\\\/fr\\\/\",\"name\":\"Constantinou Bros Hotels\",\"description\":\"Constantinou Bros Hotels\",\"publisher\":{\"@id\":\"https:\\\/\\\/www.cbh-cyprus.com\\\/fr\\\/#organization\"},\"potentialAction\":[{\"@type\":\"SearchAction\",\"target\":{\"@type\":\"EntryPoint\",\"urlTemplate\":\"https:\\\/\\\/www.cbh-cyprus.com\\\/fr\\\/?s={search_term_string}\"},\"query-input\":{\"@type\":\"PropertyValueSpecification\",\"valueRequired\":true,\"valueName\":\"search_term_string\"}}],\"inLanguage\":\"fr-FR\"},{\"@type\":\"Organization\",\"@id\":\"https:\\\/\\\/www.cbh-cyprus.com\\\/fr\\\/#organization\",\"name\":\"Constantinou Bros Hotels\",\"url\":\"https:\\\/\\\/www.cbh-cyprus.com\\\/fr\\\/\",\"logo\":{\"@type\":\"ImageObject\",\"inLanguage\":\"fr-FR\",\"@id\":\"https:\\\/\\\/www.cbh-cyprus.com\\\/fr\\\/#\\\/schema\\\/logo\\\/image\\\/\",\"url\":\"https:\\\/\\\/www.cbh-cyprus.com\\\/app\\\/uploads\\\/sites\\\/30\\\/2020\\\/10\\\/cbh.jpg\",\"contentUrl\":\"https:\\\/\\\/www.cbh-cyprus.com\\\/app\\\/uploads\\\/sites\\\/30\\\/2020\\\/10\\\/cbh.jpg\",\"width\":1013,\"height\":419,\"caption\":\"Constantinou Bros Hotels\"},\"image\":{\"@id\":\"https:\\\/\\\/www.cbh-cyprus.com\\\/fr\\\/#\\\/schema\\\/logo\\\/image\\\/\"}}]}<\/script>\n<!-- \/ Yoast SEO plugin. -->","yoast_head_json":{"title":"MISE \u00c0 JOUR DE LA COVID-19 - Constantinou Bros Hotels","robots":{"index":"index","follow":"follow","max-snippet":"max-snippet:-1","max-image-preview":"max-image-preview:large","max-video-preview":"max-video-preview:-1"},"canonical":"https:\/\/www.cbh-cyprus.com\/fr\/covid-19-update\/","og_locale":"fr_FR","og_type":"article","og_title":"MISE \u00c0 JOUR DE LA COVID-19 - Constantinou Bros Hotels","og_description":"Un rayon de lumi\u00e8re dor\u00e9e appara\u00eet progressivement au bout du tunnel&#8230; Chypre, comme le reste du monde, a \u00e9galement \u00e9t\u00e9 contrainte \u00e0 un \u00ab\u00a0verrouillage\u00a0\u00bb complet pour emp\u00eacher la propagation du COVID-19. Les mesures prises ont \u00e9t\u00e9 absolument strictes d\u00e8s le premier cas signal\u00e9 sur l&rsquo;\u00eele, afin de limiter la propagation du virus et de garantir","og_url":"https:\/\/www.cbh-cyprus.com\/fr\/covid-19-update\/","og_site_name":"Constantinou Bros Hotels","article_modified_time":"2024-07-23T09:17:53+00:00","og_image":[{"width":1920,"height":1920,"url":"https:\/\/www.cbh-cyprus.com\/app\/uploads\/sites\/30\/2020\/05\/Polish_20200507_214138271-1.jpg","type":"image\/jpeg"}],"twitter_card":"summary_large_image","twitter_misc":{"Dur\u00e9e de lecture estim\u00e9e":"3 minutes"},"schema":{"@context":"https:\/\/schema.org","@graph":[{"@type":"WebPage","@id":"https:\/\/www.cbh-cyprus.com\/fr\/covid-19-update\/","url":"https:\/\/www.cbh-cyprus.com\/fr\/covid-19-update\/","name":"MISE \u00c0 JOUR DE LA COVID-19 - Constantinou Bros Hotels","isPartOf":{"@id":"https:\/\/www.cbh-cyprus.com\/fr\/#website"},"primaryImageOfPage":{"@id":"https:\/\/www.cbh-cyprus.com\/fr\/covid-19-update\/#primaryimage"},"image":{"@id":"https:\/\/www.cbh-cyprus.com\/fr\/covid-19-update\/#primaryimage"},"thumbnailUrl":"https:\/\/www.cbh-cyprus.com\/app\/uploads\/sites\/30\/2020\/05\/Polish_20200507_214138271-1.jpg","datePublished":"2022-03-23T12:53:54+00:00","dateModified":"2024-07-23T09:17:53+00:00","breadcrumb":{"@id":"https:\/\/www.cbh-cyprus.com\/fr\/covid-19-update\/#breadcrumb"},"inLanguage":"fr-FR","potentialAction":[{"@type":"ReadAction","target":["https:\/\/www.cbh-cyprus.com\/fr\/covid-19-update\/"]}]},{"@type":"ImageObject","inLanguage":"fr-FR","@id":"https:\/\/www.cbh-cyprus.com\/fr\/covid-19-update\/#primaryimage","url":"https:\/\/www.cbh-cyprus.com\/app\/uploads\/sites\/30\/2020\/05\/Polish_20200507_214138271-1.jpg","contentUrl":"https:\/\/www.cbh-cyprus.com\/app\/uploads\/sites\/30\/2020\/05\/Polish_20200507_214138271-1.jpg","width":1920,"height":1920},{"@type":"BreadcrumbList","@id":"https:\/\/www.cbh-cyprus.com\/fr\/covid-19-update\/#breadcrumb","itemListElement":[{"@type":"ListItem","position":1,"name":"Home","item":"https:\/\/www.cbh-cyprus.com\/fr\/welcome-to-constantinou-bros-hotels\/"},{"@type":"ListItem","position":2,"name":"Le Groupe","item":"https:\/\/www.cbh-cyprus.com\/fr\/the-group\/"},{"@type":"ListItem","position":3,"name":"Nouvelles","item":"https:\/\/www.cbh-cyprus.com\/fr\/?page_id=14089"},{"@type":"ListItem","position":4,"name":"MISE \u00c0 JOUR DE LA COVID-19"}]},{"@type":"WebSite","@id":"https:\/\/www.cbh-cyprus.com\/fr\/#website","url":"https:\/\/www.cbh-cyprus.com\/fr\/","name":"Constantinou Bros Hotels","description":"Constantinou Bros Hotels","publisher":{"@id":"https:\/\/www.cbh-cyprus.com\/fr\/#organization"},"potentialAction":[{"@type":"SearchAction","target":{"@type":"EntryPoint","urlTemplate":"https:\/\/www.cbh-cyprus.com\/fr\/?s={search_term_string}"},"query-input":{"@type":"PropertyValueSpecification","valueRequired":true,"valueName":"search_term_string"}}],"inLanguage":"fr-FR"},{"@type":"Organization","@id":"https:\/\/www.cbh-cyprus.com\/fr\/#organization","name":"Constantinou Bros Hotels","url":"https:\/\/www.cbh-cyprus.com\/fr\/","logo":{"@type":"ImageObject","inLanguage":"fr-FR","@id":"https:\/\/www.cbh-cyprus.com\/fr\/#\/schema\/logo\/image\/","url":"https:\/\/www.cbh-cyprus.com\/app\/uploads\/sites\/30\/2020\/10\/cbh.jpg","contentUrl":"https:\/\/www.cbh-cyprus.com\/app\/uploads\/sites\/30\/2020\/10\/cbh.jpg","width":1013,"height":419,"caption":"Constantinou Bros Hotels"},"image":{"@id":"https:\/\/www.cbh-cyprus.com\/fr\/#\/schema\/logo\/image\/"}}]}},"_links":{"self":[{"href":"https:\/\/www.cbh-cyprus.com\/fr\/wp-json\/wp\/v2\/pages\/13765","targetHints":{"allow":["GET"]}}],"collection":[{"href":"https:\/\/www.cbh-cyprus.com\/fr\/wp-json\/wp\/v2\/pages"}],"about":[{"href":"https:\/\/www.cbh-cyprus.com\/fr\/wp-json\/wp\/v2\/types\/page"}],"author":[{"embeddable":true,"href":"https:\/\/www.cbh-cyprus.com\/fr\/wp-json\/wp\/v2\/users\/100"}],"replies":[{"embeddable":true,"href":"https:\/\/www.cbh-cyprus.com\/fr\/wp-json\/wp\/v2\/comments?post=13765"}],"version-history":[{"count":2,"href":"https:\/\/www.cbh-cyprus.com\/fr\/wp-json\/wp\/v2\/pages\/13765\/revisions"}],"predecessor-version":[{"id":37272,"href":"https:\/\/www.cbh-cyprus.com\/fr\/wp-json\/wp\/v2\/pages\/13765\/revisions\/37272"}],"wp:featuredmedia":[{"embeddable":true,"href":"https:\/\/www.cbh-cyprus.com\/fr\/wp-json\/wp\/v2\/media\/12417"}],"wp:attachment":[{"href":"https:\/\/www.cbh-cyprus.com\/fr\/wp-json\/wp\/v2\/media?parent=13765"}],"curies":[{"name":"wp","href":"https:\/\/api.w.org\/{rel}","templated":true}]}}