{"id":13767,"date":"2022-03-23T15:55:15","date_gmt":"2022-03-23T12:55:15","guid":{"rendered":"https:\/\/www.cbh-cyprus.com\/supporting-doctors-and-nursing-staff\/"},"modified":"2024-07-23T12:17:52","modified_gmt":"2024-07-23T09:17:52","slug":"supporting-doctors-and-nursing-staff","status":"publish","type":"page","link":"https:\/\/www.cbh-cyprus.com\/fr\/supporting-doctors-and-nursing-staff\/","title":{"rendered":"Soutien aux m\u00e9decins et au personnel infirmier qui luttent contre Covid-19"},"content":{"rendered":"<div class=\"entry-content small-size mt-3 mb-0 maxw-lg-1024 px-3 px-xl-0 mx-auto\">\n<p class=\"p1\">Nous sommes fiers de vous annoncer que le pr\u00e9sident ex\u00e9cutif des h\u00f4tels Constantinou Bros, M. Andreas Constantinou, et sa famille ont fait don de la somme de 30 000 \u20ac au minist\u00e8re chypriote de la sant\u00e9 pour l&rsquo;achat d&rsquo;uniformes de protection, de masques et de gants pour les m\u00e9decins et le personnel infirmier de l&rsquo;h\u00f4pital g\u00e9n\u00e9ral de Paphos.<\/p>\n<p class=\"p1\">En ces temps difficiles, c&rsquo;est notre fa\u00e7on de dire un grand merci \u00e0 tous les m\u00e9decins et au personnel soignant qui luttent contre le covid-19 et notre contribution \u00e0 la lutte contre cette pand\u00e9mie.<\/p>\n<p class=\"p1\">Nous vous remercions de votre fid\u00e9lit\u00e9 \u00e0 nos h\u00f4tels et vous prions de prendre soin de vous et de vos proches. Nous nous r\u00e9jouissons de vous accueillir \u00e0 nouveau d\u00e8s que possible.<\/p>\n<\/div>\n","protected":false},"excerpt":{"rendered":"<p>Nous sommes fiers de vous annoncer que le pr\u00e9sident ex\u00e9cutif des h\u00f4tels Constantinou Bros, M. Andreas Constantinou, et sa famille ont fait don de la somme de 30 000 \u20ac au minist\u00e8re chypriote de la sant\u00e9 pour l&rsquo;achat d&rsquo;uniformes de protection, de masques et de gants pour les m\u00e9decins et le personnel infirmier de l&rsquo;h\u00f4pital<\/p>\n","protected":false},"author":100,"featured_media":12396,"parent":0,"menu_order":0,"comment_status":"closed","ping_status":"closed","template":"","meta":{"_acf_changed":false,"footnotes":""},"class_list":["post-13767","page","type-page","status-publish","has-post-thumbnail","hentry"],"acf":[],"yoast_head":"<!-- This site is optimized with the Yoast SEO plugin v27.3 - https:\/\/yoast.com\/product\/yoast-seo-wordpress\/ -->\n<title>Soutenir les m\u00e9decins et le personnel soignant qui luttent contre la maladie de Covid-19 - Constantinou Bros Hotels<\/title>\n<meta name=\"description\" content=\"Les h\u00f4tels Constantinou Bros contribuent \u00e0 soutenir le personnel m\u00e9dical de l&#039;h\u00f4pital g\u00e9n\u00e9ral de Paphos en faisant un don important au minist\u00e8re chypriote de la sant\u00e9.\" \/>\n<meta name=\"robots\" content=\"index, follow, max-snippet:-1, max-image-preview:large, max-video-preview:-1\" \/>\n<link rel=\"canonical\" href=\"https:\/\/www.cbh-cyprus.com\/fr\/supporting-doctors-and-nursing-staff\/\" \/>\n<meta property=\"og:locale\" content=\"fr_FR\" \/>\n<meta property=\"og:type\" content=\"article\" \/>\n<meta property=\"og:title\" content=\"Soutenir les m\u00e9decins et le personnel soignant qui luttent contre la maladie de Covid-19 - Constantinou Bros Hotels\" \/>\n<meta property=\"og:description\" content=\"Les h\u00f4tels Constantinou Bros contribuent \u00e0 soutenir le personnel m\u00e9dical de l&#039;h\u00f4pital g\u00e9n\u00e9ral de Paphos en faisant un don important au minist\u00e8re chypriote de la sant\u00e9.\" \/>\n<meta property=\"og:url\" content=\"https:\/\/www.cbh-cyprus.com\/fr\/supporting-doctors-and-nursing-staff\/\" \/>\n<meta property=\"og:site_name\" content=\"Constantinou Bros Hotels\" \/>\n<meta property=\"article:modified_time\" content=\"2024-07-23T09:17:52+00:00\" \/>\n<meta property=\"og:image\" content=\"https:\/\/www.cbh-cyprus.com\/app\/uploads\/sites\/30\/2020\/04\/Polish_20200407_131345949.jpg\" \/>\n\t<meta property=\"og:image:width\" content=\"1920\" \/>\n\t<meta property=\"og:image:height\" content=\"1920\" \/>\n\t<meta property=\"og:image:type\" content=\"image\/jpeg\" \/>\n<meta name=\"twitter:card\" content=\"summary_large_image\" \/>\n<meta name=\"twitter:label1\" content=\"Dur\u00e9e de lecture estim\u00e9e\" \/>\n\t<meta name=\"twitter:data1\" content=\"1 minute\" \/>\n<script type=\"application\/ld+json\" class=\"yoast-schema-graph\">{\"@context\":\"https:\\\/\\\/schema.org\",\"@graph\":[{\"@type\":\"WebPage\",\"@id\":\"https:\\\/\\\/www.cbh-cyprus.com\\\/fr\\\/supporting-doctors-and-nursing-staff\\\/\",\"url\":\"https:\\\/\\\/www.cbh-cyprus.com\\\/fr\\\/supporting-doctors-and-nursing-staff\\\/\",\"name\":\"Soutenir les m\u00e9decins et le personnel soignant qui luttent contre la maladie de Covid-19 - Constantinou Bros Hotels\",\"isPartOf\":{\"@id\":\"https:\\\/\\\/www.cbh-cyprus.com\\\/fr\\\/#website\"},\"primaryImageOfPage\":{\"@id\":\"https:\\\/\\\/www.cbh-cyprus.com\\\/fr\\\/supporting-doctors-and-nursing-staff\\\/#primaryimage\"},\"image\":{\"@id\":\"https:\\\/\\\/www.cbh-cyprus.com\\\/fr\\\/supporting-doctors-and-nursing-staff\\\/#primaryimage\"},\"thumbnailUrl\":\"https:\\\/\\\/www.cbh-cyprus.com\\\/app\\\/uploads\\\/sites\\\/30\\\/2020\\\/04\\\/Polish_20200407_131345949.jpg\",\"datePublished\":\"2022-03-23T12:55:15+00:00\",\"dateModified\":\"2024-07-23T09:17:52+00:00\",\"description\":\"Les h\u00f4tels Constantinou Bros contribuent \u00e0 soutenir le personnel m\u00e9dical de l'h\u00f4pital g\u00e9n\u00e9ral de Paphos en faisant un don important au minist\u00e8re chypriote de la sant\u00e9.\",\"breadcrumb\":{\"@id\":\"https:\\\/\\\/www.cbh-cyprus.com\\\/fr\\\/supporting-doctors-and-nursing-staff\\\/#breadcrumb\"},\"inLanguage\":\"fr-FR\",\"potentialAction\":[{\"@type\":\"ReadAction\",\"target\":[\"https:\\\/\\\/www.cbh-cyprus.com\\\/fr\\\/supporting-doctors-and-nursing-staff\\\/\"]}]},{\"@type\":\"ImageObject\",\"inLanguage\":\"fr-FR\",\"@id\":\"https:\\\/\\\/www.cbh-cyprus.com\\\/fr\\\/supporting-doctors-and-nursing-staff\\\/#primaryimage\",\"url\":\"https:\\\/\\\/www.cbh-cyprus.com\\\/app\\\/uploads\\\/sites\\\/30\\\/2020\\\/04\\\/Polish_20200407_131345949.jpg\",\"contentUrl\":\"https:\\\/\\\/www.cbh-cyprus.com\\\/app\\\/uploads\\\/sites\\\/30\\\/2020\\\/04\\\/Polish_20200407_131345949.jpg\",\"width\":1920,\"height\":1920},{\"@type\":\"BreadcrumbList\",\"@id\":\"https:\\\/\\\/www.cbh-cyprus.com\\\/fr\\\/supporting-doctors-and-nursing-staff\\\/#breadcrumb\",\"itemListElement\":[{\"@type\":\"ListItem\",\"position\":1,\"name\":\"Home\",\"item\":\"https:\\\/\\\/www.cbh-cyprus.com\\\/fr\\\/welcome-to-constantinou-bros-hotels\\\/\"},{\"@type\":\"ListItem\",\"position\":2,\"name\":\"Soutien aux m\u00e9decins et au personnel infirmier qui luttent contre Covid-19\"}]},{\"@type\":\"WebSite\",\"@id\":\"https:\\\/\\\/www.cbh-cyprus.com\\\/fr\\\/#website\",\"url\":\"https:\\\/\\\/www.cbh-cyprus.com\\\/fr\\\/\",\"name\":\"Constantinou Bros Hotels\",\"description\":\"Constantinou Bros Hotels\",\"publisher\":{\"@id\":\"https:\\\/\\\/www.cbh-cyprus.com\\\/fr\\\/#organization\"},\"potentialAction\":[{\"@type\":\"SearchAction\",\"target\":{\"@type\":\"EntryPoint\",\"urlTemplate\":\"https:\\\/\\\/www.cbh-cyprus.com\\\/fr\\\/?s={search_term_string}\"},\"query-input\":{\"@type\":\"PropertyValueSpecification\",\"valueRequired\":true,\"valueName\":\"search_term_string\"}}],\"inLanguage\":\"fr-FR\"},{\"@type\":\"Organization\",\"@id\":\"https:\\\/\\\/www.cbh-cyprus.com\\\/fr\\\/#organization\",\"name\":\"Constantinou Bros Hotels\",\"url\":\"https:\\\/\\\/www.cbh-cyprus.com\\\/fr\\\/\",\"logo\":{\"@type\":\"ImageObject\",\"inLanguage\":\"fr-FR\",\"@id\":\"https:\\\/\\\/www.cbh-cyprus.com\\\/fr\\\/#\\\/schema\\\/logo\\\/image\\\/\",\"url\":\"https:\\\/\\\/www.cbh-cyprus.com\\\/app\\\/uploads\\\/sites\\\/30\\\/2020\\\/10\\\/cbh.jpg\",\"contentUrl\":\"https:\\\/\\\/www.cbh-cyprus.com\\\/app\\\/uploads\\\/sites\\\/30\\\/2020\\\/10\\\/cbh.jpg\",\"width\":1013,\"height\":419,\"caption\":\"Constantinou Bros Hotels\"},\"image\":{\"@id\":\"https:\\\/\\\/www.cbh-cyprus.com\\\/fr\\\/#\\\/schema\\\/logo\\\/image\\\/\"}}]}<\/script>\n<!-- \/ Yoast SEO plugin. -->","yoast_head_json":{"title":"Soutenir les m\u00e9decins et le personnel soignant qui luttent contre la maladie de Covid-19 - Constantinou Bros Hotels","description":"Les h\u00f4tels Constantinou Bros contribuent \u00e0 soutenir le personnel m\u00e9dical de l'h\u00f4pital g\u00e9n\u00e9ral de Paphos en faisant un don important au minist\u00e8re chypriote de la sant\u00e9.","robots":{"index":"index","follow":"follow","max-snippet":"max-snippet:-1","max-image-preview":"max-image-preview:large","max-video-preview":"max-video-preview:-1"},"canonical":"https:\/\/www.cbh-cyprus.com\/fr\/supporting-doctors-and-nursing-staff\/","og_locale":"fr_FR","og_type":"article","og_title":"Soutenir les m\u00e9decins et le personnel soignant qui luttent contre la maladie de Covid-19 - Constantinou Bros Hotels","og_description":"Les h\u00f4tels Constantinou Bros contribuent \u00e0 soutenir le personnel m\u00e9dical de l'h\u00f4pital g\u00e9n\u00e9ral de Paphos en faisant un don important au minist\u00e8re chypriote de la sant\u00e9.","og_url":"https:\/\/www.cbh-cyprus.com\/fr\/supporting-doctors-and-nursing-staff\/","og_site_name":"Constantinou Bros Hotels","article_modified_time":"2024-07-23T09:17:52+00:00","og_image":[{"width":1920,"height":1920,"url":"https:\/\/www.cbh-cyprus.com\/app\/uploads\/sites\/30\/2020\/04\/Polish_20200407_131345949.jpg","type":"image\/jpeg"}],"twitter_card":"summary_large_image","twitter_misc":{"Dur\u00e9e de lecture estim\u00e9e":"1 minute"},"schema":{"@context":"https:\/\/schema.org","@graph":[{"@type":"WebPage","@id":"https:\/\/www.cbh-cyprus.com\/fr\/supporting-doctors-and-nursing-staff\/","url":"https:\/\/www.cbh-cyprus.com\/fr\/supporting-doctors-and-nursing-staff\/","name":"Soutenir les m\u00e9decins et le personnel soignant qui luttent contre la maladie de Covid-19 - Constantinou Bros Hotels","isPartOf":{"@id":"https:\/\/www.cbh-cyprus.com\/fr\/#website"},"primaryImageOfPage":{"@id":"https:\/\/www.cbh-cyprus.com\/fr\/supporting-doctors-and-nursing-staff\/#primaryimage"},"image":{"@id":"https:\/\/www.cbh-cyprus.com\/fr\/supporting-doctors-and-nursing-staff\/#primaryimage"},"thumbnailUrl":"https:\/\/www.cbh-cyprus.com\/app\/uploads\/sites\/30\/2020\/04\/Polish_20200407_131345949.jpg","datePublished":"2022-03-23T12:55:15+00:00","dateModified":"2024-07-23T09:17:52+00:00","description":"Les h\u00f4tels Constantinou Bros contribuent \u00e0 soutenir le personnel m\u00e9dical de l'h\u00f4pital g\u00e9n\u00e9ral de Paphos en faisant un don important au minist\u00e8re chypriote de la sant\u00e9.","breadcrumb":{"@id":"https:\/\/www.cbh-cyprus.com\/fr\/supporting-doctors-and-nursing-staff\/#breadcrumb"},"inLanguage":"fr-FR","potentialAction":[{"@type":"ReadAction","target":["https:\/\/www.cbh-cyprus.com\/fr\/supporting-doctors-and-nursing-staff\/"]}]},{"@type":"ImageObject","inLanguage":"fr-FR","@id":"https:\/\/www.cbh-cyprus.com\/fr\/supporting-doctors-and-nursing-staff\/#primaryimage","url":"https:\/\/www.cbh-cyprus.com\/app\/uploads\/sites\/30\/2020\/04\/Polish_20200407_131345949.jpg","contentUrl":"https:\/\/www.cbh-cyprus.com\/app\/uploads\/sites\/30\/2020\/04\/Polish_20200407_131345949.jpg","width":1920,"height":1920},{"@type":"BreadcrumbList","@id":"https:\/\/www.cbh-cyprus.com\/fr\/supporting-doctors-and-nursing-staff\/#breadcrumb","itemListElement":[{"@type":"ListItem","position":1,"name":"Home","item":"https:\/\/www.cbh-cyprus.com\/fr\/welcome-to-constantinou-bros-hotels\/"},{"@type":"ListItem","position":2,"name":"Soutien aux m\u00e9decins et au personnel infirmier qui luttent contre Covid-19"}]},{"@type":"WebSite","@id":"https:\/\/www.cbh-cyprus.com\/fr\/#website","url":"https:\/\/www.cbh-cyprus.com\/fr\/","name":"Constantinou Bros Hotels","description":"Constantinou Bros Hotels","publisher":{"@id":"https:\/\/www.cbh-cyprus.com\/fr\/#organization"},"potentialAction":[{"@type":"SearchAction","target":{"@type":"EntryPoint","urlTemplate":"https:\/\/www.cbh-cyprus.com\/fr\/?s={search_term_string}"},"query-input":{"@type":"PropertyValueSpecification","valueRequired":true,"valueName":"search_term_string"}}],"inLanguage":"fr-FR"},{"@type":"Organization","@id":"https:\/\/www.cbh-cyprus.com\/fr\/#organization","name":"Constantinou Bros Hotels","url":"https:\/\/www.cbh-cyprus.com\/fr\/","logo":{"@type":"ImageObject","inLanguage":"fr-FR","@id":"https:\/\/www.cbh-cyprus.com\/fr\/#\/schema\/logo\/image\/","url":"https:\/\/www.cbh-cyprus.com\/app\/uploads\/sites\/30\/2020\/10\/cbh.jpg","contentUrl":"https:\/\/www.cbh-cyprus.com\/app\/uploads\/sites\/30\/2020\/10\/cbh.jpg","width":1013,"height":419,"caption":"Constantinou Bros Hotels"},"image":{"@id":"https:\/\/www.cbh-cyprus.com\/fr\/#\/schema\/logo\/image\/"}}]}},"_links":{"self":[{"href":"https:\/\/www.cbh-cyprus.com\/fr\/wp-json\/wp\/v2\/pages\/13767","targetHints":{"allow":["GET"]}}],"collection":[{"href":"https:\/\/www.cbh-cyprus.com\/fr\/wp-json\/wp\/v2\/pages"}],"about":[{"href":"https:\/\/www.cbh-cyprus.com\/fr\/wp-json\/wp\/v2\/types\/page"}],"author":[{"embeddable":true,"href":"https:\/\/www.cbh-cyprus.com\/fr\/wp-json\/wp\/v2\/users\/100"}],"replies":[{"embeddable":true,"href":"https:\/\/www.cbh-cyprus.com\/fr\/wp-json\/wp\/v2\/comments?post=13767"}],"version-history":[{"count":1,"href":"https:\/\/www.cbh-cyprus.com\/fr\/wp-json\/wp\/v2\/pages\/13767\/revisions"}],"predecessor-version":[{"id":13768,"href":"https:\/\/www.cbh-cyprus.com\/fr\/wp-json\/wp\/v2\/pages\/13767\/revisions\/13768"}],"wp:featuredmedia":[{"embeddable":true,"href":"https:\/\/www.cbh-cyprus.com\/fr\/wp-json\/wp\/v2\/media\/12396"}],"wp:attachment":[{"href":"https:\/\/www.cbh-cyprus.com\/fr\/wp-json\/wp\/v2\/media?parent=13767"}],"curies":[{"name":"wp","href":"https:\/\/api.w.org\/{rel}","templated":true}]}}