{"id":13769,"date":"2022-03-23T15:57:32","date_gmt":"2022-03-23T12:57:32","guid":{"rendered":"https:\/\/www.cbh-cyprus.com\/coronavirus-covid-19-update\/"},"modified":"2024-07-23T12:17:47","modified_gmt":"2024-07-23T09:17:47","slug":"coronavirus-covid-19-update","status":"publish","type":"page","link":"https:\/\/www.cbh-cyprus.com\/fr\/coronavirus-covid-19-update\/","title":{"rendered":"MISE \u00c0 JOUR SUR LE CORONAVIRUS (COVID-19)"},"content":{"rendered":"<p>CORONAVIRUS (COVID-19) UPDATE Suite \u00e0 l&rsquo;annonce des mesures pr\u00e9ventives prises pour lutter contre la propagation du COVID-19 et \u00e0 la lumi\u00e8re des r\u00e9cents d\u00e9veloppements et \u00e9valuations, le gouvernement de la R\u00e9publique de Chypre a annonc\u00e9, entre autres, de nouvelles mesures concernant l&rsquo;exploitation des h\u00f4tels o\u00f9 tous les \u00e9tablissements h\u00f4teliers de la R\u00e9publique de Chypre doivent rester ferm\u00e9s entre le 21 mars et le 30 avril 2020 (les deux dates incluses).<span class=\"text_exposed_show\">Nous tenons \u00e0 informer tous nos clients que tous nos h\u00f4tels Constantinou Bros seront ferm\u00e9s entre les dates susmentionn\u00e9es et nous vous demandons de prendre toutes les dispositions n\u00e9cessaires pour que les vols soient organis\u00e9s\/modifi\u00e9s de mani\u00e8re \u00e0 pouvoir partir avant le 21 mars 2020.<\/span><\/p>\n<div class=\"text_exposed_show\"> Il est possible que des dispositions de consolidation soient prises avant la date susmentionn\u00e9e, ce qui pourrait affecter les r\u00e9sidents internes actuels. Nous \u00e9valuerons bien s\u00fbr et vous tiendrons au courant de tous les d\u00e9veloppements li\u00e9s \u00e0 cette question, ainsi que de toute modification des protocoles ou du retrait de ces mesures. Sur une note plus positive et dans le but d&rsquo;aider nos chers clients, jusqu&rsquo;au 31 octobre 2020, tous les frais d&rsquo;annulation seront annul\u00e9s, donnant ainsi \u00e0 nos clients la possibilit\u00e9 de faire une nouvelle r\u00e9servation \u00e0 une date ult\u00e9rieure. vous assurer de notre meilleure attention \u00e0 tout moment <\/div>\n","protected":false},"excerpt":{"rendered":"<p>CORONAVIRUS (COVID-19) UPDATE Suite \u00e0 l&rsquo;annonce des mesures pr\u00e9ventives prises pour lutter contre la propagation du COVID-19 et \u00e0 la lumi\u00e8re des r\u00e9cents d\u00e9veloppements et \u00e9valuations, le gouvernement de la R\u00e9publique de Chypre a annonc\u00e9, entre autres, de nouvelles mesures concernant l&rsquo;exploitation des h\u00f4tels o\u00f9 tous les \u00e9tablissements h\u00f4teliers de la R\u00e9publique de Chypre doivent<\/p>\n","protected":false},"author":100,"featured_media":12420,"parent":0,"menu_order":0,"comment_status":"closed","ping_status":"closed","template":"","meta":{"_acf_changed":false,"footnotes":""},"class_list":["post-13769","page","type-page","status-publish","has-post-thumbnail","hentry"],"acf":[],"yoast_head":"<!-- This site is optimized with the Yoast SEO plugin v27.3 - https:\/\/yoast.com\/product\/yoast-seo-wordpress\/ -->\n<title>CORONAVIRUS (COVID-19) - Constantinou Bros Hotels<\/title>\n<meta name=\"description\" content=\"Pour garantir vos vacances pendant Covid-19, lisez notre derni\u00e8re mise \u00e0 jour concernant la sant\u00e9 et la s\u00e9curit\u00e9, ainsi que nos politiques d&#039;annulation et de r\u00e9organisation.\" \/>\n<meta name=\"robots\" content=\"index, follow, max-snippet:-1, max-image-preview:large, max-video-preview:-1\" \/>\n<link rel=\"canonical\" href=\"https:\/\/www.cbh-cyprus.com\/fr\/coronavirus-covid-19-update\/\" \/>\n<meta property=\"og:locale\" content=\"fr_FR\" \/>\n<meta property=\"og:type\" content=\"article\" \/>\n<meta property=\"og:title\" content=\"CORONAVIRUS (COVID-19) - Constantinou Bros Hotels\" \/>\n<meta property=\"og:description\" content=\"Pour garantir vos vacances pendant Covid-19, lisez notre derni\u00e8re mise \u00e0 jour concernant la sant\u00e9 et la s\u00e9curit\u00e9, ainsi que nos politiques d&#039;annulation et de r\u00e9organisation.\" \/>\n<meta property=\"og:url\" content=\"https:\/\/www.cbh-cyprus.com\/fr\/coronavirus-covid-19-update\/\" \/>\n<meta property=\"og:site_name\" content=\"Constantinou Bros Hotels\" \/>\n<meta property=\"article:modified_time\" content=\"2024-07-23T09:17:47+00:00\" \/>\n<meta property=\"og:image\" content=\"https:\/\/www.cbh-cyprus.com\/app\/uploads\/sites\/30\/2020\/06\/7-ATHENA-BEACH-HOTEL-OUTDOOR-POOL.jpg\" \/>\n\t<meta property=\"og:image:width\" content=\"8186\" \/>\n\t<meta property=\"og:image:height\" content=\"5457\" \/>\n\t<meta property=\"og:image:type\" content=\"image\/jpeg\" \/>\n<meta name=\"twitter:card\" content=\"summary_large_image\" \/>\n<meta name=\"twitter:label1\" content=\"Dur\u00e9e de lecture estim\u00e9e\" \/>\n\t<meta name=\"twitter:data1\" content=\"1 minute\" \/>\n<script type=\"application\/ld+json\" class=\"yoast-schema-graph\">{\"@context\":\"https:\\\/\\\/schema.org\",\"@graph\":[{\"@type\":\"WebPage\",\"@id\":\"https:\\\/\\\/www.cbh-cyprus.com\\\/fr\\\/coronavirus-covid-19-update\\\/\",\"url\":\"https:\\\/\\\/www.cbh-cyprus.com\\\/fr\\\/coronavirus-covid-19-update\\\/\",\"name\":\"CORONAVIRUS (COVID-19) - Constantinou Bros Hotels\",\"isPartOf\":{\"@id\":\"https:\\\/\\\/www.cbh-cyprus.com\\\/fr\\\/#website\"},\"primaryImageOfPage\":{\"@id\":\"https:\\\/\\\/www.cbh-cyprus.com\\\/fr\\\/coronavirus-covid-19-update\\\/#primaryimage\"},\"image\":{\"@id\":\"https:\\\/\\\/www.cbh-cyprus.com\\\/fr\\\/coronavirus-covid-19-update\\\/#primaryimage\"},\"thumbnailUrl\":\"https:\\\/\\\/www.cbh-cyprus.com\\\/app\\\/uploads\\\/sites\\\/30\\\/2020\\\/06\\\/7-ATHENA-BEACH-HOTEL-OUTDOOR-POOL.jpg\",\"datePublished\":\"2022-03-23T12:57:32+00:00\",\"dateModified\":\"2024-07-23T09:17:47+00:00\",\"description\":\"Pour garantir vos vacances pendant Covid-19, lisez notre derni\u00e8re mise \u00e0 jour concernant la sant\u00e9 et la s\u00e9curit\u00e9, ainsi que nos politiques d'annulation et de r\u00e9organisation.\",\"breadcrumb\":{\"@id\":\"https:\\\/\\\/www.cbh-cyprus.com\\\/fr\\\/coronavirus-covid-19-update\\\/#breadcrumb\"},\"inLanguage\":\"fr-FR\",\"potentialAction\":[{\"@type\":\"ReadAction\",\"target\":[\"https:\\\/\\\/www.cbh-cyprus.com\\\/fr\\\/coronavirus-covid-19-update\\\/\"]}]},{\"@type\":\"ImageObject\",\"inLanguage\":\"fr-FR\",\"@id\":\"https:\\\/\\\/www.cbh-cyprus.com\\\/fr\\\/coronavirus-covid-19-update\\\/#primaryimage\",\"url\":\"https:\\\/\\\/www.cbh-cyprus.com\\\/app\\\/uploads\\\/sites\\\/30\\\/2020\\\/06\\\/7-ATHENA-BEACH-HOTEL-OUTDOOR-POOL.jpg\",\"contentUrl\":\"https:\\\/\\\/www.cbh-cyprus.com\\\/app\\\/uploads\\\/sites\\\/30\\\/2020\\\/06\\\/7-ATHENA-BEACH-HOTEL-OUTDOOR-POOL.jpg\",\"width\":8186,\"height\":5457},{\"@type\":\"BreadcrumbList\",\"@id\":\"https:\\\/\\\/www.cbh-cyprus.com\\\/fr\\\/coronavirus-covid-19-update\\\/#breadcrumb\",\"itemListElement\":[{\"@type\":\"ListItem\",\"position\":1,\"name\":\"Home\",\"item\":\"https:\\\/\\\/www.cbh-cyprus.com\\\/fr\\\/welcome-to-constantinou-bros-hotels\\\/\"},{\"@type\":\"ListItem\",\"position\":2,\"name\":\"MISE \u00c0 JOUR SUR LE CORONAVIRUS (COVID-19)\"}]},{\"@type\":\"WebSite\",\"@id\":\"https:\\\/\\\/www.cbh-cyprus.com\\\/fr\\\/#website\",\"url\":\"https:\\\/\\\/www.cbh-cyprus.com\\\/fr\\\/\",\"name\":\"Constantinou Bros Hotels\",\"description\":\"Constantinou Bros Hotels\",\"publisher\":{\"@id\":\"https:\\\/\\\/www.cbh-cyprus.com\\\/fr\\\/#organization\"},\"potentialAction\":[{\"@type\":\"SearchAction\",\"target\":{\"@type\":\"EntryPoint\",\"urlTemplate\":\"https:\\\/\\\/www.cbh-cyprus.com\\\/fr\\\/?s={search_term_string}\"},\"query-input\":{\"@type\":\"PropertyValueSpecification\",\"valueRequired\":true,\"valueName\":\"search_term_string\"}}],\"inLanguage\":\"fr-FR\"},{\"@type\":\"Organization\",\"@id\":\"https:\\\/\\\/www.cbh-cyprus.com\\\/fr\\\/#organization\",\"name\":\"Constantinou Bros Hotels\",\"url\":\"https:\\\/\\\/www.cbh-cyprus.com\\\/fr\\\/\",\"logo\":{\"@type\":\"ImageObject\",\"inLanguage\":\"fr-FR\",\"@id\":\"https:\\\/\\\/www.cbh-cyprus.com\\\/fr\\\/#\\\/schema\\\/logo\\\/image\\\/\",\"url\":\"https:\\\/\\\/www.cbh-cyprus.com\\\/app\\\/uploads\\\/sites\\\/30\\\/2020\\\/10\\\/cbh.jpg\",\"contentUrl\":\"https:\\\/\\\/www.cbh-cyprus.com\\\/app\\\/uploads\\\/sites\\\/30\\\/2020\\\/10\\\/cbh.jpg\",\"width\":1013,\"height\":419,\"caption\":\"Constantinou Bros Hotels\"},\"image\":{\"@id\":\"https:\\\/\\\/www.cbh-cyprus.com\\\/fr\\\/#\\\/schema\\\/logo\\\/image\\\/\"}}]}<\/script>\n<!-- \/ Yoast SEO plugin. -->","yoast_head_json":{"title":"CORONAVIRUS (COVID-19) - Constantinou Bros Hotels","description":"Pour garantir vos vacances pendant Covid-19, lisez notre derni\u00e8re mise \u00e0 jour concernant la sant\u00e9 et la s\u00e9curit\u00e9, ainsi que nos politiques d'annulation et de r\u00e9organisation.","robots":{"index":"index","follow":"follow","max-snippet":"max-snippet:-1","max-image-preview":"max-image-preview:large","max-video-preview":"max-video-preview:-1"},"canonical":"https:\/\/www.cbh-cyprus.com\/fr\/coronavirus-covid-19-update\/","og_locale":"fr_FR","og_type":"article","og_title":"CORONAVIRUS (COVID-19) - Constantinou Bros Hotels","og_description":"Pour garantir vos vacances pendant Covid-19, lisez notre derni\u00e8re mise \u00e0 jour concernant la sant\u00e9 et la s\u00e9curit\u00e9, ainsi que nos politiques d'annulation et de r\u00e9organisation.","og_url":"https:\/\/www.cbh-cyprus.com\/fr\/coronavirus-covid-19-update\/","og_site_name":"Constantinou Bros Hotels","article_modified_time":"2024-07-23T09:17:47+00:00","og_image":[{"width":8186,"height":5457,"url":"https:\/\/www.cbh-cyprus.com\/app\/uploads\/sites\/30\/2020\/06\/7-ATHENA-BEACH-HOTEL-OUTDOOR-POOL.jpg","type":"image\/jpeg"}],"twitter_card":"summary_large_image","twitter_misc":{"Dur\u00e9e de lecture estim\u00e9e":"1 minute"},"schema":{"@context":"https:\/\/schema.org","@graph":[{"@type":"WebPage","@id":"https:\/\/www.cbh-cyprus.com\/fr\/coronavirus-covid-19-update\/","url":"https:\/\/www.cbh-cyprus.com\/fr\/coronavirus-covid-19-update\/","name":"CORONAVIRUS (COVID-19) - Constantinou Bros Hotels","isPartOf":{"@id":"https:\/\/www.cbh-cyprus.com\/fr\/#website"},"primaryImageOfPage":{"@id":"https:\/\/www.cbh-cyprus.com\/fr\/coronavirus-covid-19-update\/#primaryimage"},"image":{"@id":"https:\/\/www.cbh-cyprus.com\/fr\/coronavirus-covid-19-update\/#primaryimage"},"thumbnailUrl":"https:\/\/www.cbh-cyprus.com\/app\/uploads\/sites\/30\/2020\/06\/7-ATHENA-BEACH-HOTEL-OUTDOOR-POOL.jpg","datePublished":"2022-03-23T12:57:32+00:00","dateModified":"2024-07-23T09:17:47+00:00","description":"Pour garantir vos vacances pendant Covid-19, lisez notre derni\u00e8re mise \u00e0 jour concernant la sant\u00e9 et la s\u00e9curit\u00e9, ainsi que nos politiques d'annulation et de r\u00e9organisation.","breadcrumb":{"@id":"https:\/\/www.cbh-cyprus.com\/fr\/coronavirus-covid-19-update\/#breadcrumb"},"inLanguage":"fr-FR","potentialAction":[{"@type":"ReadAction","target":["https:\/\/www.cbh-cyprus.com\/fr\/coronavirus-covid-19-update\/"]}]},{"@type":"ImageObject","inLanguage":"fr-FR","@id":"https:\/\/www.cbh-cyprus.com\/fr\/coronavirus-covid-19-update\/#primaryimage","url":"https:\/\/www.cbh-cyprus.com\/app\/uploads\/sites\/30\/2020\/06\/7-ATHENA-BEACH-HOTEL-OUTDOOR-POOL.jpg","contentUrl":"https:\/\/www.cbh-cyprus.com\/app\/uploads\/sites\/30\/2020\/06\/7-ATHENA-BEACH-HOTEL-OUTDOOR-POOL.jpg","width":8186,"height":5457},{"@type":"BreadcrumbList","@id":"https:\/\/www.cbh-cyprus.com\/fr\/coronavirus-covid-19-update\/#breadcrumb","itemListElement":[{"@type":"ListItem","position":1,"name":"Home","item":"https:\/\/www.cbh-cyprus.com\/fr\/welcome-to-constantinou-bros-hotels\/"},{"@type":"ListItem","position":2,"name":"MISE \u00c0 JOUR SUR LE CORONAVIRUS (COVID-19)"}]},{"@type":"WebSite","@id":"https:\/\/www.cbh-cyprus.com\/fr\/#website","url":"https:\/\/www.cbh-cyprus.com\/fr\/","name":"Constantinou Bros Hotels","description":"Constantinou Bros Hotels","publisher":{"@id":"https:\/\/www.cbh-cyprus.com\/fr\/#organization"},"potentialAction":[{"@type":"SearchAction","target":{"@type":"EntryPoint","urlTemplate":"https:\/\/www.cbh-cyprus.com\/fr\/?s={search_term_string}"},"query-input":{"@type":"PropertyValueSpecification","valueRequired":true,"valueName":"search_term_string"}}],"inLanguage":"fr-FR"},{"@type":"Organization","@id":"https:\/\/www.cbh-cyprus.com\/fr\/#organization","name":"Constantinou Bros Hotels","url":"https:\/\/www.cbh-cyprus.com\/fr\/","logo":{"@type":"ImageObject","inLanguage":"fr-FR","@id":"https:\/\/www.cbh-cyprus.com\/fr\/#\/schema\/logo\/image\/","url":"https:\/\/www.cbh-cyprus.com\/app\/uploads\/sites\/30\/2020\/10\/cbh.jpg","contentUrl":"https:\/\/www.cbh-cyprus.com\/app\/uploads\/sites\/30\/2020\/10\/cbh.jpg","width":1013,"height":419,"caption":"Constantinou Bros Hotels"},"image":{"@id":"https:\/\/www.cbh-cyprus.com\/fr\/#\/schema\/logo\/image\/"}}]}},"_links":{"self":[{"href":"https:\/\/www.cbh-cyprus.com\/fr\/wp-json\/wp\/v2\/pages\/13769","targetHints":{"allow":["GET"]}}],"collection":[{"href":"https:\/\/www.cbh-cyprus.com\/fr\/wp-json\/wp\/v2\/pages"}],"about":[{"href":"https:\/\/www.cbh-cyprus.com\/fr\/wp-json\/wp\/v2\/types\/page"}],"author":[{"embeddable":true,"href":"https:\/\/www.cbh-cyprus.com\/fr\/wp-json\/wp\/v2\/users\/100"}],"replies":[{"embeddable":true,"href":"https:\/\/www.cbh-cyprus.com\/fr\/wp-json\/wp\/v2\/comments?post=13769"}],"version-history":[{"count":2,"href":"https:\/\/www.cbh-cyprus.com\/fr\/wp-json\/wp\/v2\/pages\/13769\/revisions"}],"predecessor-version":[{"id":37262,"href":"https:\/\/www.cbh-cyprus.com\/fr\/wp-json\/wp\/v2\/pages\/13769\/revisions\/37262"}],"wp:featuredmedia":[{"embeddable":true,"href":"https:\/\/www.cbh-cyprus.com\/fr\/wp-json\/wp\/v2\/media\/12420"}],"wp:attachment":[{"href":"https:\/\/www.cbh-cyprus.com\/fr\/wp-json\/wp\/v2\/media?parent=13769"}],"curies":[{"name":"wp","href":"https:\/\/api.w.org\/{rel}","templated":true}]}}