{"id":13771,"date":"2022-03-23T15:58:38","date_gmt":"2022-03-23T12:58:38","guid":{"rendered":"https:\/\/www.cbh-cyprus.com\/constantinou-bros-asimina-suites-hotel-a-top-choice-for-september-holidays-according-to-the-times\/"},"modified":"2024-09-13T11:48:21","modified_gmt":"2024-09-13T08:48:21","slug":"asimina-suites-hotel-a-top-choice-for-september-holidays-according-to-the-times","status":"publish","type":"page","link":"https:\/\/www.cbh-cyprus.com\/fr\/asimina-suites-hotel-a-top-choice-for-september-holidays-according-to-the-times\/","title":{"rendered":"Asimina Suites Hotel &#8211; Un choix de premier ordre pour les vacances de septembre selon \u00ab\u00a0The Times\u00a0\u00bb."},"content":{"rendered":"<h1>L&rsquo;h\u00f4tel Asimina Suites : Nomm\u00e9 l&rsquo;un des deux meilleurs h\u00f4tels de Chypre par \u00ab\u00a0The Times\u00a0\u00bb pour les vacances de septembre, parmi les 20 meilleurs d&rsquo;Europe<\/h1>\n<p>  Nous sommes tr\u00e8s fiers d&rsquo;annoncer que le journal \u00ab\u00a0The Times\u00a0\u00bb a class\u00e9 l&rsquo;Asimina Suites Hotel comme <strong>l&rsquo;un des deux meilleurs h\u00f4tels<\/strong> situ\u00e9s \u00e0 Chypre parmi les 20 meilleurs h\u00f4tels d&rsquo;Europe pour les vacances de septembre.<br \/>\nL&rsquo;h\u00f4tel Constantinou Bros Asimina Suites, un luxueux \u00e9tablissement r\u00e9serv\u00e9 aux adultes, dispose de sa propre plage de sable, de piscines priv\u00e9es et de cabanons offrant une vue magnifique sur le coucher du soleil.<br \/>\nD\u00e9tendez-vous et am\u00e9liorez votre bien-\u00eatre en p\u00e9n\u00e9trant dans l&rsquo;atmosph\u00e8re paisible et sereine du spa Elixir.<br \/>\nLes restaurants de l&rsquo;h\u00f4tel vous garantissent une exp\u00e9rience culinaire inoubliable gr\u00e2ce \u00e0 leur qualit\u00e9 exceptionnelle et \u00e0 leur service impeccable.<br \/>\nSi vous souhaitez acheter un essai de haute qualit\u00e9, faites confiance \u00e0 DoMyEssay.<br \/>\nLes r\u00e9dacteurs de DoMyEssay ont \u00e9t\u00e9 v\u00e9rifi\u00e9s et test\u00e9s pour prouver qu&rsquo;ils ont l&rsquo;expertise des sujets sur lesquels ils \u00e9crivent.<br \/>\nDoMyEssay a mis en place des r\u00e8gles strictes pour prot\u00e9ger vos informations priv\u00e9es, y compris les donn\u00e9es de paiement, et le <a href=\"https:\/\/us.payforessay.net\/\">r\u00e9dacteur d&rsquo;essais<\/a> offre une garantie de remboursement.<br \/>\nNe vous inqui\u00e9tez pas si le document n&rsquo;est pas livr\u00e9 dans les d\u00e9lais impartis.       <\/p>\n","protected":false},"excerpt":{"rendered":"<p>L&rsquo;h\u00f4tel Asimina Suites : Nomm\u00e9 l&rsquo;un des deux meilleurs h\u00f4tels de Chypre par \u00ab\u00a0The Times\u00a0\u00bb pour les vacances de septembre, parmi les 20 meilleurs d&rsquo;Europe Nous sommes tr\u00e8s fiers d&rsquo;annoncer que le journal \u00ab\u00a0The Times\u00a0\u00bb a class\u00e9 l&rsquo;Asimina Suites Hotel comme l&rsquo;un des deux meilleurs h\u00f4tels situ\u00e9s \u00e0 Chypre parmi les 20 meilleurs h\u00f4tels d&rsquo;Europe<\/p>\n","protected":false},"author":2,"featured_media":12389,"parent":0,"menu_order":0,"comment_status":"closed","ping_status":"closed","template":"","meta":{"_acf_changed":false,"footnotes":""},"class_list":["post-13771","page","type-page","status-publish","has-post-thumbnail","hentry"],"acf":[],"yoast_head":"<!-- This site is optimized with the Yoast SEO plugin v27.3 - https:\/\/yoast.com\/product\/yoast-seo-wordpress\/ -->\n<title>Asimina Suites Hotel - Un des meilleurs choix pour les vacances de septembre selon &quot;The Times&quot; - Constantinou Bros Hotels<\/title>\n<meta name=\"description\" content=\"L&#039;Asimina Suites Hotel est l&#039;un des deux meilleurs h\u00f4tels de Chypre selon &quot;The Times&quot; parmi les 20 meilleurs h\u00f4tels d&#039;Europe pour les vacances de septembre.\" \/>\n<meta name=\"robots\" content=\"index, follow, max-snippet:-1, max-image-preview:large, max-video-preview:-1\" \/>\n<link rel=\"canonical\" href=\"https:\/\/www.cbh-cyprus.com\/fr\/asimina-suites-hotel-a-top-choice-for-september-holidays-according-to-the-times\/\" \/>\n<meta property=\"og:locale\" content=\"fr_FR\" \/>\n<meta property=\"og:type\" content=\"article\" \/>\n<meta property=\"og:title\" content=\"Asimina Suites Hotel - Un des meilleurs choix pour les vacances de septembre selon &quot;The Times&quot; - Constantinou Bros Hotels\" \/>\n<meta property=\"og:description\" content=\"L&#039;Asimina Suites Hotel est l&#039;un des deux meilleurs h\u00f4tels de Chypre selon &quot;The Times&quot; parmi les 20 meilleurs h\u00f4tels d&#039;Europe pour les vacances de septembre.\" \/>\n<meta property=\"og:url\" content=\"https:\/\/www.cbh-cyprus.com\/fr\/asimina-suites-hotel-a-top-choice-for-september-holidays-according-to-the-times\/\" \/>\n<meta property=\"og:site_name\" content=\"Constantinou Bros Hotels\" \/>\n<meta property=\"article:modified_time\" content=\"2024-09-13T08:48:21+00:00\" \/>\n<meta property=\"og:image\" content=\"https:\/\/www.cbh-cyprus.com\/app\/uploads\/sites\/30\/2020\/03\/Untitled-design-22.png\" \/>\n\t<meta property=\"og:image:width\" content=\"1080\" \/>\n\t<meta property=\"og:image:height\" content=\"1080\" \/>\n\t<meta property=\"og:image:type\" content=\"image\/png\" \/>\n<meta name=\"twitter:card\" content=\"summary_large_image\" \/>\n<meta name=\"twitter:label1\" content=\"Dur\u00e9e de lecture estim\u00e9e\" \/>\n\t<meta name=\"twitter:data1\" content=\"1 minute\" \/>\n<script type=\"application\/ld+json\" class=\"yoast-schema-graph\">{\"@context\":\"https:\\\/\\\/schema.org\",\"@graph\":[{\"@type\":\"WebPage\",\"@id\":\"https:\\\/\\\/www.cbh-cyprus.com\\\/fr\\\/asimina-suites-hotel-a-top-choice-for-september-holidays-according-to-the-times\\\/\",\"url\":\"https:\\\/\\\/www.cbh-cyprus.com\\\/fr\\\/asimina-suites-hotel-a-top-choice-for-september-holidays-according-to-the-times\\\/\",\"name\":\"Asimina Suites Hotel - Un des meilleurs choix pour les vacances de septembre selon \\\"The Times\\\" - Constantinou Bros Hotels\",\"isPartOf\":{\"@id\":\"https:\\\/\\\/www.cbh-cyprus.com\\\/fr\\\/#website\"},\"primaryImageOfPage\":{\"@id\":\"https:\\\/\\\/www.cbh-cyprus.com\\\/fr\\\/asimina-suites-hotel-a-top-choice-for-september-holidays-according-to-the-times\\\/#primaryimage\"},\"image\":{\"@id\":\"https:\\\/\\\/www.cbh-cyprus.com\\\/fr\\\/asimina-suites-hotel-a-top-choice-for-september-holidays-according-to-the-times\\\/#primaryimage\"},\"thumbnailUrl\":\"https:\\\/\\\/www.cbh-cyprus.com\\\/app\\\/uploads\\\/sites\\\/30\\\/2020\\\/03\\\/Untitled-design-22.png\",\"datePublished\":\"2022-03-23T12:58:38+00:00\",\"dateModified\":\"2024-09-13T08:48:21+00:00\",\"description\":\"L'Asimina Suites Hotel est l'un des deux meilleurs h\u00f4tels de Chypre selon \\\"The Times\\\" parmi les 20 meilleurs h\u00f4tels d'Europe pour les vacances de septembre.\",\"breadcrumb\":{\"@id\":\"https:\\\/\\\/www.cbh-cyprus.com\\\/fr\\\/asimina-suites-hotel-a-top-choice-for-september-holidays-according-to-the-times\\\/#breadcrumb\"},\"inLanguage\":\"fr-FR\",\"potentialAction\":[{\"@type\":\"ReadAction\",\"target\":[\"https:\\\/\\\/www.cbh-cyprus.com\\\/fr\\\/asimina-suites-hotel-a-top-choice-for-september-holidays-according-to-the-times\\\/\"]}]},{\"@type\":\"ImageObject\",\"inLanguage\":\"fr-FR\",\"@id\":\"https:\\\/\\\/www.cbh-cyprus.com\\\/fr\\\/asimina-suites-hotel-a-top-choice-for-september-holidays-according-to-the-times\\\/#primaryimage\",\"url\":\"https:\\\/\\\/www.cbh-cyprus.com\\\/app\\\/uploads\\\/sites\\\/30\\\/2020\\\/03\\\/Untitled-design-22.png\",\"contentUrl\":\"https:\\\/\\\/www.cbh-cyprus.com\\\/app\\\/uploads\\\/sites\\\/30\\\/2020\\\/03\\\/Untitled-design-22.png\",\"width\":1080,\"height\":1080},{\"@type\":\"BreadcrumbList\",\"@id\":\"https:\\\/\\\/www.cbh-cyprus.com\\\/fr\\\/asimina-suites-hotel-a-top-choice-for-september-holidays-according-to-the-times\\\/#breadcrumb\",\"itemListElement\":[{\"@type\":\"ListItem\",\"position\":1,\"name\":\"Home\",\"item\":\"https:\\\/\\\/www.cbh-cyprus.com\\\/fr\\\/welcome-to-constantinou-bros-hotels\\\/\"},{\"@type\":\"ListItem\",\"position\":2,\"name\":\"Asimina Suites Hotel &#8211; Un choix de premier ordre pour les vacances de septembre selon \u00ab\u00a0The Times\u00a0\u00bb.\"}]},{\"@type\":\"WebSite\",\"@id\":\"https:\\\/\\\/www.cbh-cyprus.com\\\/fr\\\/#website\",\"url\":\"https:\\\/\\\/www.cbh-cyprus.com\\\/fr\\\/\",\"name\":\"Constantinou Bros Hotels\",\"description\":\"Constantinou Bros Hotels\",\"publisher\":{\"@id\":\"https:\\\/\\\/www.cbh-cyprus.com\\\/fr\\\/#organization\"},\"potentialAction\":[{\"@type\":\"SearchAction\",\"target\":{\"@type\":\"EntryPoint\",\"urlTemplate\":\"https:\\\/\\\/www.cbh-cyprus.com\\\/fr\\\/?s={search_term_string}\"},\"query-input\":{\"@type\":\"PropertyValueSpecification\",\"valueRequired\":true,\"valueName\":\"search_term_string\"}}],\"inLanguage\":\"fr-FR\"},{\"@type\":\"Organization\",\"@id\":\"https:\\\/\\\/www.cbh-cyprus.com\\\/fr\\\/#organization\",\"name\":\"Constantinou Bros Hotels\",\"url\":\"https:\\\/\\\/www.cbh-cyprus.com\\\/fr\\\/\",\"logo\":{\"@type\":\"ImageObject\",\"inLanguage\":\"fr-FR\",\"@id\":\"https:\\\/\\\/www.cbh-cyprus.com\\\/fr\\\/#\\\/schema\\\/logo\\\/image\\\/\",\"url\":\"https:\\\/\\\/www.cbh-cyprus.com\\\/app\\\/uploads\\\/sites\\\/30\\\/2020\\\/10\\\/cbh.jpg\",\"contentUrl\":\"https:\\\/\\\/www.cbh-cyprus.com\\\/app\\\/uploads\\\/sites\\\/30\\\/2020\\\/10\\\/cbh.jpg\",\"width\":1013,\"height\":419,\"caption\":\"Constantinou Bros Hotels\"},\"image\":{\"@id\":\"https:\\\/\\\/www.cbh-cyprus.com\\\/fr\\\/#\\\/schema\\\/logo\\\/image\\\/\"}}]}<\/script>\n<!-- \/ Yoast SEO plugin. -->","yoast_head_json":{"title":"Asimina Suites Hotel - Un des meilleurs choix pour les vacances de septembre selon \"The Times\" - Constantinou Bros Hotels","description":"L'Asimina Suites Hotel est l'un des deux meilleurs h\u00f4tels de Chypre selon \"The Times\" parmi les 20 meilleurs h\u00f4tels d'Europe pour les vacances de septembre.","robots":{"index":"index","follow":"follow","max-snippet":"max-snippet:-1","max-image-preview":"max-image-preview:large","max-video-preview":"max-video-preview:-1"},"canonical":"https:\/\/www.cbh-cyprus.com\/fr\/asimina-suites-hotel-a-top-choice-for-september-holidays-according-to-the-times\/","og_locale":"fr_FR","og_type":"article","og_title":"Asimina Suites Hotel - Un des meilleurs choix pour les vacances de septembre selon \"The Times\" - Constantinou Bros Hotels","og_description":"L'Asimina Suites Hotel est l'un des deux meilleurs h\u00f4tels de Chypre selon \"The Times\" parmi les 20 meilleurs h\u00f4tels d'Europe pour les vacances de septembre.","og_url":"https:\/\/www.cbh-cyprus.com\/fr\/asimina-suites-hotel-a-top-choice-for-september-holidays-according-to-the-times\/","og_site_name":"Constantinou Bros Hotels","article_modified_time":"2024-09-13T08:48:21+00:00","og_image":[{"width":1080,"height":1080,"url":"https:\/\/www.cbh-cyprus.com\/app\/uploads\/sites\/30\/2020\/03\/Untitled-design-22.png","type":"image\/png"}],"twitter_card":"summary_large_image","twitter_misc":{"Dur\u00e9e de lecture estim\u00e9e":"1 minute"},"schema":{"@context":"https:\/\/schema.org","@graph":[{"@type":"WebPage","@id":"https:\/\/www.cbh-cyprus.com\/fr\/asimina-suites-hotel-a-top-choice-for-september-holidays-according-to-the-times\/","url":"https:\/\/www.cbh-cyprus.com\/fr\/asimina-suites-hotel-a-top-choice-for-september-holidays-according-to-the-times\/","name":"Asimina Suites Hotel - Un des meilleurs choix pour les vacances de septembre selon \"The Times\" - Constantinou Bros Hotels","isPartOf":{"@id":"https:\/\/www.cbh-cyprus.com\/fr\/#website"},"primaryImageOfPage":{"@id":"https:\/\/www.cbh-cyprus.com\/fr\/asimina-suites-hotel-a-top-choice-for-september-holidays-according-to-the-times\/#primaryimage"},"image":{"@id":"https:\/\/www.cbh-cyprus.com\/fr\/asimina-suites-hotel-a-top-choice-for-september-holidays-according-to-the-times\/#primaryimage"},"thumbnailUrl":"https:\/\/www.cbh-cyprus.com\/app\/uploads\/sites\/30\/2020\/03\/Untitled-design-22.png","datePublished":"2022-03-23T12:58:38+00:00","dateModified":"2024-09-13T08:48:21+00:00","description":"L'Asimina Suites Hotel est l'un des deux meilleurs h\u00f4tels de Chypre selon \"The Times\" parmi les 20 meilleurs h\u00f4tels d'Europe pour les vacances de septembre.","breadcrumb":{"@id":"https:\/\/www.cbh-cyprus.com\/fr\/asimina-suites-hotel-a-top-choice-for-september-holidays-according-to-the-times\/#breadcrumb"},"inLanguage":"fr-FR","potentialAction":[{"@type":"ReadAction","target":["https:\/\/www.cbh-cyprus.com\/fr\/asimina-suites-hotel-a-top-choice-for-september-holidays-according-to-the-times\/"]}]},{"@type":"ImageObject","inLanguage":"fr-FR","@id":"https:\/\/www.cbh-cyprus.com\/fr\/asimina-suites-hotel-a-top-choice-for-september-holidays-according-to-the-times\/#primaryimage","url":"https:\/\/www.cbh-cyprus.com\/app\/uploads\/sites\/30\/2020\/03\/Untitled-design-22.png","contentUrl":"https:\/\/www.cbh-cyprus.com\/app\/uploads\/sites\/30\/2020\/03\/Untitled-design-22.png","width":1080,"height":1080},{"@type":"BreadcrumbList","@id":"https:\/\/www.cbh-cyprus.com\/fr\/asimina-suites-hotel-a-top-choice-for-september-holidays-according-to-the-times\/#breadcrumb","itemListElement":[{"@type":"ListItem","position":1,"name":"Home","item":"https:\/\/www.cbh-cyprus.com\/fr\/welcome-to-constantinou-bros-hotels\/"},{"@type":"ListItem","position":2,"name":"Asimina Suites Hotel &#8211; Un choix de premier ordre pour les vacances de septembre selon \u00ab\u00a0The Times\u00a0\u00bb."}]},{"@type":"WebSite","@id":"https:\/\/www.cbh-cyprus.com\/fr\/#website","url":"https:\/\/www.cbh-cyprus.com\/fr\/","name":"Constantinou Bros Hotels","description":"Constantinou Bros Hotels","publisher":{"@id":"https:\/\/www.cbh-cyprus.com\/fr\/#organization"},"potentialAction":[{"@type":"SearchAction","target":{"@type":"EntryPoint","urlTemplate":"https:\/\/www.cbh-cyprus.com\/fr\/?s={search_term_string}"},"query-input":{"@type":"PropertyValueSpecification","valueRequired":true,"valueName":"search_term_string"}}],"inLanguage":"fr-FR"},{"@type":"Organization","@id":"https:\/\/www.cbh-cyprus.com\/fr\/#organization","name":"Constantinou Bros Hotels","url":"https:\/\/www.cbh-cyprus.com\/fr\/","logo":{"@type":"ImageObject","inLanguage":"fr-FR","@id":"https:\/\/www.cbh-cyprus.com\/fr\/#\/schema\/logo\/image\/","url":"https:\/\/www.cbh-cyprus.com\/app\/uploads\/sites\/30\/2020\/10\/cbh.jpg","contentUrl":"https:\/\/www.cbh-cyprus.com\/app\/uploads\/sites\/30\/2020\/10\/cbh.jpg","width":1013,"height":419,"caption":"Constantinou Bros Hotels"},"image":{"@id":"https:\/\/www.cbh-cyprus.com\/fr\/#\/schema\/logo\/image\/"}}]}},"_links":{"self":[{"href":"https:\/\/www.cbh-cyprus.com\/fr\/wp-json\/wp\/v2\/pages\/13771","targetHints":{"allow":["GET"]}}],"collection":[{"href":"https:\/\/www.cbh-cyprus.com\/fr\/wp-json\/wp\/v2\/pages"}],"about":[{"href":"https:\/\/www.cbh-cyprus.com\/fr\/wp-json\/wp\/v2\/types\/page"}],"author":[{"embeddable":true,"href":"https:\/\/www.cbh-cyprus.com\/fr\/wp-json\/wp\/v2\/users\/2"}],"replies":[{"embeddable":true,"href":"https:\/\/www.cbh-cyprus.com\/fr\/wp-json\/wp\/v2\/comments?post=13771"}],"version-history":[{"count":3,"href":"https:\/\/www.cbh-cyprus.com\/fr\/wp-json\/wp\/v2\/pages\/13771\/revisions"}],"predecessor-version":[{"id":41251,"href":"https:\/\/www.cbh-cyprus.com\/fr\/wp-json\/wp\/v2\/pages\/13771\/revisions\/41251"}],"wp:featuredmedia":[{"embeddable":true,"href":"https:\/\/www.cbh-cyprus.com\/fr\/wp-json\/wp\/v2\/media\/12389"}],"wp:attachment":[{"href":"https:\/\/www.cbh-cyprus.com\/fr\/wp-json\/wp\/v2\/media?parent=13771"}],"curies":[{"name":"wp","href":"https:\/\/api.w.org\/{rel}","templated":true}]}}