{"id":13783,"date":"2022-03-23T17:04:21","date_gmt":"2022-03-23T14:04:21","guid":{"rendered":"https:\/\/www.cbh-cyprus.com\/sky-jump-charity-event\/"},"modified":"2025-12-18T09:51:11","modified_gmt":"2025-12-18T07:51:11","slug":"sky-jump-charity-event","status":"publish","type":"page","link":"https:\/\/www.cbh-cyprus.com\/fr\/sky-jump-charity-event\/","title":{"rendered":"\u00c9v\u00e9nement caritatif \u00ab\u00a0Sky Jump"},"content":{"rendered":"<h1>Sky Jump Charity Event : Le directeur g\u00e9n\u00e9ral de Constantinou Bros Hotels s&rsquo;associe \u00e0 Co-op Travel pour la cause Just a Drop\u00a0\u00bb.<\/h1>\n<p>  Le directeur g\u00e9n\u00e9ral de Constantinou Bros Hotels, M. Aristos Diomedous, ainsi que d&rsquo;autres agents et fournisseurs de Co-op Travel ont accept\u00e9 de relever le d\u00e9fi de se joindre \u00e0 Midcounties co-op Travel dans un \u00e9v\u00e9nement caritatif Sky Jump afin de collecter des fonds pour soutenir deux \u00e9coles au Kenya par l&rsquo;interm\u00e9diaire de l&rsquo;organisation caritative Just a Drop.<br \/>\nL&rsquo;objectif \u00e9tait pour chaque personne de viser un montant de 1 550 \u20ac.<br \/>\nLe<sup>26<\/sup> juin 2019, la premi\u00e8re \u00e9quipe avec Aristos a relev\u00e9 le d\u00e9fi en sautant d&rsquo;un avion \u00e0 6000 m\u00e8tres d&rsquo;altitude et avec le soutien de tous ses sponsors, Aristos Diomedous a r\u00e9ussi \u00e0 d\u00e9passer 135% de son objectif et a collect\u00e9 un total de 2 099,29 \u20ac plus 117,61 \u20ac d&rsquo;aide au don pour son organisation caritative !<br \/>\nConstantinou Bros Hotels \u00e9tait le principal sponsor d&rsquo;Aristos Diomedous, mais il n&rsquo;aurait pas pu r\u00e9aliser un tel exploit sans le soutien de ses chers amis.<br \/>\nC&rsquo;est pourquoi il tient \u00e0 remercier personnellement les 24 personnes qui l&rsquo;ont soutenu, \u00e0 savoir Annabel Griffin (Le Petit Monde), Sunhouse Travel Ltd, Vasilis Pavlou (Attica Holidays), Paul moss (Holiday Lounge), Angela Mazzey (TUI), Christos Evripidou (Aphrodite Half Marathon), Mark Richardson (Constantinou Bros Hotels &#8211; UK), David Townend (Constantinou Bros Hotels UK), Kries Schotte, Liz Williams (Constant Travel), Sotos Stephanou (    <a href=\"https:\/\/www.bookcyprus.com\/\" target=\"_blank\" rel=\"noopener noreferrer\">www.bookcyprus.com<\/a>), Andy Heapy, Chrysanthos Georgiou (Garibaldi), Pantelis Sofokleous (Style Tours), Michalis Athanassiou , Graham Coles, Savvas Skordis, Karin Vanden Bulcke, Damian Kellegher (Personal Holiday Advisors) et Potters Friends Foundation&#8230; les sponsors qui ont choisi de rester anonymes, vous savez qui vous \u00eates et merci !<br \/>\nQue cet accomplissement soit une source d&rsquo;inspiration pour nous tous ! <\/p>\n","protected":false},"excerpt":{"rendered":"<p>Sky Jump Charity Event : Le directeur g\u00e9n\u00e9ral de Constantinou Bros Hotels s&rsquo;associe \u00e0 Co-op Travel pour la cause Just a Drop\u00a0\u00bb. Le directeur g\u00e9n\u00e9ral de Constantinou Bros Hotels, M. Aristos Diomedous, ainsi que d&rsquo;autres agents et fournisseurs de Co-op Travel ont accept\u00e9 de relever le d\u00e9fi de se joindre \u00e0 Midcounties co-op Travel dans<\/p>\n","protected":false},"author":100,"featured_media":12054,"parent":0,"menu_order":0,"comment_status":"closed","ping_status":"closed","template":"","meta":{"_acf_changed":false,"footnotes":""},"class_list":["post-13783","page","type-page","status-publish","has-post-thumbnail","hentry"],"acf":[],"yoast_head":"<!-- This site is optimized with the Yoast SEO plugin v27.3 - https:\/\/yoast.com\/product\/yoast-seo-wordpress\/ -->\n<title>\u00c9v\u00e9nement caritatif Sky Jump - Constantinou Bros Hotels<\/title>\n<meta name=\"description\" content=\"Notre directeur g\u00e9n\u00e9ral a d\u00e9pass\u00e9 son objectif de 135 % pour l&#039;\u00e9v\u00e9nement caritatif Travel in a Sky Jump destin\u00e9 aux \u00e9coles du Kenya par l&#039;interm\u00e9diaire de l&#039;organisation caritative Just a Drop.\" \/>\n<meta name=\"robots\" content=\"index, follow, max-snippet:-1, max-image-preview:large, max-video-preview:-1\" \/>\n<link rel=\"canonical\" href=\"https:\/\/www.cbh-cyprus.com\/fr\/sky-jump-charity-event\/\" \/>\n<meta property=\"og:locale\" content=\"fr_FR\" \/>\n<meta property=\"og:type\" content=\"article\" \/>\n<meta property=\"og:title\" content=\"\u00c9v\u00e9nement caritatif Sky Jump - Constantinou Bros Hotels\" \/>\n<meta property=\"og:description\" content=\"Notre directeur g\u00e9n\u00e9ral a d\u00e9pass\u00e9 son objectif de 135 % pour l&#039;\u00e9v\u00e9nement caritatif Travel in a Sky Jump destin\u00e9 aux \u00e9coles du Kenya par l&#039;interm\u00e9diaire de l&#039;organisation caritative Just a Drop.\" \/>\n<meta property=\"og:url\" content=\"https:\/\/www.cbh-cyprus.com\/fr\/sky-jump-charity-event\/\" \/>\n<meta property=\"og:site_name\" content=\"Constantinou Bros Hotels\" \/>\n<meta property=\"article:modified_time\" content=\"2025-12-18T07:51:11+00:00\" \/>\n<meta property=\"og:image\" content=\"https:\/\/www.cbh-cyprus.com\/app\/uploads\/sites\/30\/2019\/11\/DSC5618.jpeg\" \/>\n\t<meta property=\"og:image:width\" content=\"1920\" \/>\n\t<meta property=\"og:image:height\" content=\"1280\" \/>\n\t<meta property=\"og:image:type\" content=\"image\/jpeg\" \/>\n<meta name=\"twitter:card\" content=\"summary_large_image\" \/>\n<meta name=\"twitter:label1\" content=\"Dur\u00e9e de lecture estim\u00e9e\" \/>\n\t<meta name=\"twitter:data1\" content=\"2 minutes\" \/>\n<script type=\"application\/ld+json\" class=\"yoast-schema-graph\">{\"@context\":\"https:\\\/\\\/schema.org\",\"@graph\":[{\"@type\":\"WebPage\",\"@id\":\"https:\\\/\\\/www.cbh-cyprus.com\\\/fr\\\/sky-jump-charity-event\\\/\",\"url\":\"https:\\\/\\\/www.cbh-cyprus.com\\\/fr\\\/sky-jump-charity-event\\\/\",\"name\":\"\u00c9v\u00e9nement caritatif Sky Jump - Constantinou Bros Hotels\",\"isPartOf\":{\"@id\":\"https:\\\/\\\/www.cbh-cyprus.com\\\/fr\\\/#website\"},\"primaryImageOfPage\":{\"@id\":\"https:\\\/\\\/www.cbh-cyprus.com\\\/fr\\\/sky-jump-charity-event\\\/#primaryimage\"},\"image\":{\"@id\":\"https:\\\/\\\/www.cbh-cyprus.com\\\/fr\\\/sky-jump-charity-event\\\/#primaryimage\"},\"thumbnailUrl\":\"https:\\\/\\\/www.cbh-cyprus.com\\\/app\\\/uploads\\\/sites\\\/30\\\/2019\\\/11\\\/DSC5618.jpeg\",\"datePublished\":\"2022-03-23T14:04:21+00:00\",\"dateModified\":\"2025-12-18T07:51:11+00:00\",\"description\":\"Notre directeur g\u00e9n\u00e9ral a d\u00e9pass\u00e9 son objectif de 135 % pour l'\u00e9v\u00e9nement caritatif Travel in a Sky Jump destin\u00e9 aux \u00e9coles du Kenya par l'interm\u00e9diaire de l'organisation caritative Just a Drop.\",\"breadcrumb\":{\"@id\":\"https:\\\/\\\/www.cbh-cyprus.com\\\/fr\\\/sky-jump-charity-event\\\/#breadcrumb\"},\"inLanguage\":\"fr-FR\",\"potentialAction\":[{\"@type\":\"ReadAction\",\"target\":[\"https:\\\/\\\/www.cbh-cyprus.com\\\/fr\\\/sky-jump-charity-event\\\/\"]}]},{\"@type\":\"ImageObject\",\"inLanguage\":\"fr-FR\",\"@id\":\"https:\\\/\\\/www.cbh-cyprus.com\\\/fr\\\/sky-jump-charity-event\\\/#primaryimage\",\"url\":\"https:\\\/\\\/www.cbh-cyprus.com\\\/app\\\/uploads\\\/sites\\\/30\\\/2019\\\/11\\\/DSC5618.jpeg\",\"contentUrl\":\"https:\\\/\\\/www.cbh-cyprus.com\\\/app\\\/uploads\\\/sites\\\/30\\\/2019\\\/11\\\/DSC5618.jpeg\",\"width\":1920,\"height\":1280},{\"@type\":\"BreadcrumbList\",\"@id\":\"https:\\\/\\\/www.cbh-cyprus.com\\\/fr\\\/sky-jump-charity-event\\\/#breadcrumb\",\"itemListElement\":[{\"@type\":\"ListItem\",\"position\":1,\"name\":\"Home\",\"item\":\"https:\\\/\\\/www.cbh-cyprus.com\\\/fr\\\/welcome-to-constantinou-bros-hotels\\\/\"},{\"@type\":\"ListItem\",\"position\":2,\"name\":\"\u00c9v\u00e9nement caritatif &#8220;Sky Jump\"}]},{\"@type\":\"WebSite\",\"@id\":\"https:\\\/\\\/www.cbh-cyprus.com\\\/fr\\\/#website\",\"url\":\"https:\\\/\\\/www.cbh-cyprus.com\\\/fr\\\/\",\"name\":\"Constantinou Bros Hotels\",\"description\":\"Constantinou Bros Hotels\",\"publisher\":{\"@id\":\"https:\\\/\\\/www.cbh-cyprus.com\\\/fr\\\/#organization\"},\"potentialAction\":[{\"@type\":\"SearchAction\",\"target\":{\"@type\":\"EntryPoint\",\"urlTemplate\":\"https:\\\/\\\/www.cbh-cyprus.com\\\/fr\\\/?s={search_term_string}\"},\"query-input\":{\"@type\":\"PropertyValueSpecification\",\"valueRequired\":true,\"valueName\":\"search_term_string\"}}],\"inLanguage\":\"fr-FR\"},{\"@type\":\"Organization\",\"@id\":\"https:\\\/\\\/www.cbh-cyprus.com\\\/fr\\\/#organization\",\"name\":\"Constantinou Bros Hotels\",\"url\":\"https:\\\/\\\/www.cbh-cyprus.com\\\/fr\\\/\",\"logo\":{\"@type\":\"ImageObject\",\"inLanguage\":\"fr-FR\",\"@id\":\"https:\\\/\\\/www.cbh-cyprus.com\\\/fr\\\/#\\\/schema\\\/logo\\\/image\\\/\",\"url\":\"https:\\\/\\\/www.cbh-cyprus.com\\\/app\\\/uploads\\\/sites\\\/30\\\/2020\\\/10\\\/cbh.jpg\",\"contentUrl\":\"https:\\\/\\\/www.cbh-cyprus.com\\\/app\\\/uploads\\\/sites\\\/30\\\/2020\\\/10\\\/cbh.jpg\",\"width\":1013,\"height\":419,\"caption\":\"Constantinou Bros Hotels\"},\"image\":{\"@id\":\"https:\\\/\\\/www.cbh-cyprus.com\\\/fr\\\/#\\\/schema\\\/logo\\\/image\\\/\"}}]}<\/script>\n<!-- \/ Yoast SEO plugin. -->","yoast_head_json":{"title":"\u00c9v\u00e9nement caritatif Sky Jump - Constantinou Bros Hotels","description":"Notre directeur g\u00e9n\u00e9ral a d\u00e9pass\u00e9 son objectif de 135 % pour l'\u00e9v\u00e9nement caritatif Travel in a Sky Jump destin\u00e9 aux \u00e9coles du Kenya par l'interm\u00e9diaire de l'organisation caritative Just a Drop.","robots":{"index":"index","follow":"follow","max-snippet":"max-snippet:-1","max-image-preview":"max-image-preview:large","max-video-preview":"max-video-preview:-1"},"canonical":"https:\/\/www.cbh-cyprus.com\/fr\/sky-jump-charity-event\/","og_locale":"fr_FR","og_type":"article","og_title":"\u00c9v\u00e9nement caritatif Sky Jump - Constantinou Bros Hotels","og_description":"Notre directeur g\u00e9n\u00e9ral a d\u00e9pass\u00e9 son objectif de 135 % pour l'\u00e9v\u00e9nement caritatif Travel in a Sky Jump destin\u00e9 aux \u00e9coles du Kenya par l'interm\u00e9diaire de l'organisation caritative Just a Drop.","og_url":"https:\/\/www.cbh-cyprus.com\/fr\/sky-jump-charity-event\/","og_site_name":"Constantinou Bros Hotels","article_modified_time":"2025-12-18T07:51:11+00:00","og_image":[{"width":1920,"height":1280,"url":"https:\/\/www.cbh-cyprus.com\/app\/uploads\/sites\/30\/2019\/11\/DSC5618.jpeg","type":"image\/jpeg"}],"twitter_card":"summary_large_image","twitter_misc":{"Dur\u00e9e de lecture estim\u00e9e":"2 minutes"},"schema":{"@context":"https:\/\/schema.org","@graph":[{"@type":"WebPage","@id":"https:\/\/www.cbh-cyprus.com\/fr\/sky-jump-charity-event\/","url":"https:\/\/www.cbh-cyprus.com\/fr\/sky-jump-charity-event\/","name":"\u00c9v\u00e9nement caritatif Sky Jump - Constantinou Bros Hotels","isPartOf":{"@id":"https:\/\/www.cbh-cyprus.com\/fr\/#website"},"primaryImageOfPage":{"@id":"https:\/\/www.cbh-cyprus.com\/fr\/sky-jump-charity-event\/#primaryimage"},"image":{"@id":"https:\/\/www.cbh-cyprus.com\/fr\/sky-jump-charity-event\/#primaryimage"},"thumbnailUrl":"https:\/\/www.cbh-cyprus.com\/app\/uploads\/sites\/30\/2019\/11\/DSC5618.jpeg","datePublished":"2022-03-23T14:04:21+00:00","dateModified":"2025-12-18T07:51:11+00:00","description":"Notre directeur g\u00e9n\u00e9ral a d\u00e9pass\u00e9 son objectif de 135 % pour l'\u00e9v\u00e9nement caritatif Travel in a Sky Jump destin\u00e9 aux \u00e9coles du Kenya par l'interm\u00e9diaire de l'organisation caritative Just a Drop.","breadcrumb":{"@id":"https:\/\/www.cbh-cyprus.com\/fr\/sky-jump-charity-event\/#breadcrumb"},"inLanguage":"fr-FR","potentialAction":[{"@type":"ReadAction","target":["https:\/\/www.cbh-cyprus.com\/fr\/sky-jump-charity-event\/"]}]},{"@type":"ImageObject","inLanguage":"fr-FR","@id":"https:\/\/www.cbh-cyprus.com\/fr\/sky-jump-charity-event\/#primaryimage","url":"https:\/\/www.cbh-cyprus.com\/app\/uploads\/sites\/30\/2019\/11\/DSC5618.jpeg","contentUrl":"https:\/\/www.cbh-cyprus.com\/app\/uploads\/sites\/30\/2019\/11\/DSC5618.jpeg","width":1920,"height":1280},{"@type":"BreadcrumbList","@id":"https:\/\/www.cbh-cyprus.com\/fr\/sky-jump-charity-event\/#breadcrumb","itemListElement":[{"@type":"ListItem","position":1,"name":"Home","item":"https:\/\/www.cbh-cyprus.com\/fr\/welcome-to-constantinou-bros-hotels\/"},{"@type":"ListItem","position":2,"name":"\u00c9v\u00e9nement caritatif &#8220;Sky Jump"}]},{"@type":"WebSite","@id":"https:\/\/www.cbh-cyprus.com\/fr\/#website","url":"https:\/\/www.cbh-cyprus.com\/fr\/","name":"Constantinou Bros Hotels","description":"Constantinou Bros Hotels","publisher":{"@id":"https:\/\/www.cbh-cyprus.com\/fr\/#organization"},"potentialAction":[{"@type":"SearchAction","target":{"@type":"EntryPoint","urlTemplate":"https:\/\/www.cbh-cyprus.com\/fr\/?s={search_term_string}"},"query-input":{"@type":"PropertyValueSpecification","valueRequired":true,"valueName":"search_term_string"}}],"inLanguage":"fr-FR"},{"@type":"Organization","@id":"https:\/\/www.cbh-cyprus.com\/fr\/#organization","name":"Constantinou Bros Hotels","url":"https:\/\/www.cbh-cyprus.com\/fr\/","logo":{"@type":"ImageObject","inLanguage":"fr-FR","@id":"https:\/\/www.cbh-cyprus.com\/fr\/#\/schema\/logo\/image\/","url":"https:\/\/www.cbh-cyprus.com\/app\/uploads\/sites\/30\/2020\/10\/cbh.jpg","contentUrl":"https:\/\/www.cbh-cyprus.com\/app\/uploads\/sites\/30\/2020\/10\/cbh.jpg","width":1013,"height":419,"caption":"Constantinou Bros Hotels"},"image":{"@id":"https:\/\/www.cbh-cyprus.com\/fr\/#\/schema\/logo\/image\/"}}]}},"_links":{"self":[{"href":"https:\/\/www.cbh-cyprus.com\/fr\/wp-json\/wp\/v2\/pages\/13783","targetHints":{"allow":["GET"]}}],"collection":[{"href":"https:\/\/www.cbh-cyprus.com\/fr\/wp-json\/wp\/v2\/pages"}],"about":[{"href":"https:\/\/www.cbh-cyprus.com\/fr\/wp-json\/wp\/v2\/types\/page"}],"author":[{"embeddable":true,"href":"https:\/\/www.cbh-cyprus.com\/fr\/wp-json\/wp\/v2\/users\/100"}],"replies":[{"embeddable":true,"href":"https:\/\/www.cbh-cyprus.com\/fr\/wp-json\/wp\/v2\/comments?post=13783"}],"version-history":[{"count":3,"href":"https:\/\/www.cbh-cyprus.com\/fr\/wp-json\/wp\/v2\/pages\/13783\/revisions"}],"predecessor-version":[{"id":41368,"href":"https:\/\/www.cbh-cyprus.com\/fr\/wp-json\/wp\/v2\/pages\/13783\/revisions\/41368"}],"wp:featuredmedia":[{"embeddable":true,"href":"https:\/\/www.cbh-cyprus.com\/fr\/wp-json\/wp\/v2\/media\/12054"}],"wp:attachment":[{"href":"https:\/\/www.cbh-cyprus.com\/fr\/wp-json\/wp\/v2\/media?parent=13783"}],"curies":[{"name":"wp","href":"https:\/\/api.w.org\/{rel}","templated":true}]}}