{"id":13788,"date":"2022-03-23T17:12:06","date_gmt":"2022-03-23T14:12:06","guid":{"rendered":"https:\/\/www.cbh-cyprus.com\/sur-paphos-chypre\/"},"modified":"2024-09-13T11:27:43","modified_gmt":"2024-09-13T08:27:43","slug":"sur-paphos-chypre","status":"publish","type":"page","link":"https:\/\/www.cbh-cyprus.com\/fr\/sur-paphos-chypre\/","title":{"rendered":"\u00c0 propos de Paphos \/ Chypre"},"content":{"rendered":"<p><strong>Paphos<\/strong>, petite ville pittoresque, est situ\u00e9e sur la c\u00f4te ouest de Chypre et s&rsquo;\u00e9tend de la magnifique p\u00e9ninsule d&rsquo;Akamas au nord-ouest jusqu&rsquo;au rocher d&rsquo;Aphrodites \u00e0 l&rsquo;est.<br \/>\nElle est charg\u00e9e d&rsquo;histoire, ayant \u00e9t\u00e9 la capitale de Chypre dans certains temps anciens, et a une fois de plus c\u00e9l\u00e9br\u00e9 cette accolade en devenant en 2017 la capitale europ\u00e9enne de la culture, attirant des milliers de visiteurs chaque ann\u00e9e.<br \/>\nPaphos compte d&rsquo;innombrables sites d&rsquo;int\u00e9r\u00eat historique, religieux et culturel et figure sur la liste du patrimoine culturel mondial de l&rsquo;UNESCO.<br \/>\nLes tombes des rois, le fort m\u00e9di\u00e9val, l&rsquo;Od\u00e9on, la maison de Dionysos, le rocher d&rsquo;Aphrodite et les bains d&rsquo;Aphrodite, ainsi que le pilier de Saint-Paul, ne sont que quelques-uns de ces sites.<br \/>\nL&rsquo;exploitation d&rsquo;un a\u00e9roport international avec des connexions vers de nombreuses grandes villes du monde a rendu Paphos tr\u00e8s accessible.<br \/>\nDe plus, une nouvelle autoroute relie Paphos facilement et en toute s\u00e9curit\u00e9 \u00e0 toutes les autres villes.<br \/>\nBord\u00e9e par un magnifique littoral, la r\u00e9gion de Paphos poss\u00e8de de charmants villages dans ses montagnes o\u00f9 se nichent des monast\u00e8res centenaires.<br \/>\nLe centre-ville, quant \u00e0 lui, est moderne, avec des boutiques branch\u00e9es, un march\u00e9 traditionnel int\u00e9ressant et de bons mus\u00e9es.<br \/>\nVous trouverez \u00e0 Paphos une charmante station baln\u00e9aire, s\u00fbre et agr\u00e9able, avec beaucoup de choses \u00e0 voir et \u00e0 faire, qui deviendra bient\u00f4t une destination de vacances tr\u00e8s pris\u00e9e. <strong>Chypre<\/strong> est la troisi\u00e8me plus grande \u00eele de la M\u00e9diterran\u00e9e et un v\u00e9ritable carrefour entre trois continents, l&rsquo;Europe, l&rsquo;Asie et l&rsquo;Afrique.<br \/>\nElle est devenue une r\u00e9publique ind\u00e9pendante en 1960 et a rejoint l&rsquo;Union europ\u00e9enne en 2004.<br \/>\nElle poss\u00e8de deux a\u00e9roports internationaux, \u00e0 Larnaca et \u00e0 Paphos, qui offrent d&rsquo;excellentes liaisons avec la plupart des grandes villes du monde.<br \/>\nChypre doit son nom au cuivre qui y \u00e9tait abondant dans l&rsquo;Antiquit\u00e9.<br \/>\nC&rsquo;est une \u00eele charg\u00e9e d&rsquo;histoire qui a \u00e9t\u00e9 sous domination perse, assyrienne, \u00e9gyptienne, romaine, byzantine, v\u00e9nitienne, ottomane et britannique.<br \/>\nElle a \u00e9galement \u00e9t\u00e9 l&rsquo;un des premiers pays au monde \u00e0 se convertir au christianisme, lorsque saint Paul s&rsquo;est rendu sur l&rsquo;\u00eele pour y pr\u00eacher la nouvelle foi.<br \/>\nEn fait, \u00e0 Paphos, vous pouvez encore voir le pilier de Saint Paul o\u00f9 l&rsquo;ap\u00f4tre a \u00e9t\u00e9 attach\u00e9 et flagell\u00e9 39 fois et \u00e0 Larnaca, dans l&rsquo;\u00e9glise de Saint Lazare, il y a la crypte de ce saint qui a \u00e9t\u00e9 ressuscit\u00e9 par J\u00e9sus-Christ.<br \/>\nCela explique pourquoi Chypre est une \u00eele qui suscite l&rsquo;int\u00e9r\u00eat de toutes sortes de personnes : des amateurs d&rsquo;arch\u00e9ologie aux amis de la nature, en passant par les couples en lune de miel, les familles qui adorent le soleil, les gourmands et les hommes d&rsquo;affaires.<br \/>\nLes ruines d&rsquo;anciens temples et les fresques \u00e9tonnantes des \u00e9glises byzantines, les vignobles en terrasses et les sentiers naturels enchanteurs, les montagnes couvertes de pins et les c\u00f4tes baign\u00e9es de soleil, un repas de meze et de fromage halloumi frais ainsi que des installations de conf\u00e9rence ultramodernes ne sont que quelques-unes des choses qui vous feront tomber amoureux de Chypre.<br \/>\nChypre est peut-\u00eatre un pays qui plonge ses racines dans un pass\u00e9 riche et vari\u00e9, mais c&rsquo;est aussi un pays moderne qui se dirige rapidement vers l&rsquo;avenir.<br \/>\nC&rsquo;est une \u00eele aux nombreuses et belles contradictions, un chaleureux m\u00e9lange de cultures, de couleurs, de civilisations, de chansons et de mythes.<br \/>\nNous vous invitons \u00e0 venir go\u00fbter \u00e0 l&rsquo;hospitalit\u00e9 sur l&rsquo;\u00eele o\u00f9, dans notre langue maternelle, le mot xenos signifie \u00e0 la fois \u00e9tranger et invit\u00e9.<br \/>\nVenez d\u00e9couvrir une \u00eele dont la beaut\u00e9 et le charme sont magnifi\u00e9s par la gentillesse de ses habitants.<br \/>\nVenez d\u00e9couvrir Chypre.                     <\/p>\n","protected":false},"excerpt":{"rendered":"<p>Paphos, petite ville pittoresque, est situ\u00e9e sur la c\u00f4te ouest de Chypre et s&rsquo;\u00e9tend de la magnifique p\u00e9ninsule d&rsquo;Akamas au nord-ouest jusqu&rsquo;au rocher d&rsquo;Aphrodites \u00e0 l&rsquo;est. Elle est charg\u00e9e d&rsquo;histoire, ayant \u00e9t\u00e9 la capitale de Chypre dans certains temps anciens, et a une fois de plus c\u00e9l\u00e9br\u00e9 cette accolade en devenant en 2017 la capitale<\/p>\n","protected":false},"author":100,"featured_media":12513,"parent":0,"menu_order":0,"comment_status":"closed","ping_status":"closed","template":"","meta":{"_acf_changed":false,"footnotes":""},"class_list":["post-13788","page","type-page","status-publish","has-post-thumbnail","hentry"],"acf":[],"yoast_head":"<!-- This site is optimized with the Yoast SEO plugin v27.3 - https:\/\/yoast.com\/product\/yoast-seo-wordpress\/ -->\n<title>Informations sur Paphos Chypre || Constantinou Hotels<\/title>\n<meta name=\"description\" content=\"D\u00e9couvrez Paphos, Chypre, une station baln\u00e9aire pittoresque pour ceux qui recherchent l&#039;id\u00e9al insulaire combin\u00e9 \u00e0 des sites et des rep\u00e8res d&#039;int\u00e9r\u00eat historique et culturel.\" \/>\n<meta name=\"robots\" content=\"index, follow, max-snippet:-1, max-image-preview:large, max-video-preview:-1\" \/>\n<link rel=\"canonical\" href=\"https:\/\/www.cbh-cyprus.com\/fr\/sur-paphos-chypre\/\" \/>\n<meta property=\"og:locale\" content=\"fr_FR\" \/>\n<meta property=\"og:type\" content=\"article\" \/>\n<meta property=\"og:title\" content=\"Informations sur Paphos Chypre || Constantinou Hotels\" \/>\n<meta property=\"og:description\" content=\"D\u00e9couvrez Paphos, Chypre, une station baln\u00e9aire pittoresque pour ceux qui recherchent l&#039;id\u00e9al insulaire combin\u00e9 \u00e0 des sites et des rep\u00e8res d&#039;int\u00e9r\u00eat historique et culturel.\" \/>\n<meta property=\"og:url\" content=\"https:\/\/www.cbh-cyprus.com\/fr\/sur-paphos-chypre\/\" \/>\n<meta property=\"og:site_name\" content=\"Constantinou Bros Hotels\" \/>\n<meta property=\"article:modified_time\" content=\"2024-09-13T08:27:43+00:00\" \/>\n<meta property=\"og:image\" content=\"https:\/\/www.cbh-cyprus.com\/app\/uploads\/sites\/30\/2020\/10\/3-PAPHOS-FISHING-HARBOUR.jpg\" \/>\n\t<meta property=\"og:image:width\" content=\"4216\" \/>\n\t<meta property=\"og:image:height\" content=\"2009\" \/>\n\t<meta property=\"og:image:type\" content=\"image\/jpeg\" \/>\n<meta name=\"twitter:card\" content=\"summary_large_image\" \/>\n<meta name=\"twitter:label1\" content=\"Dur\u00e9e de lecture estim\u00e9e\" \/>\n\t<meta name=\"twitter:data1\" content=\"3 minutes\" \/>\n<script type=\"application\/ld+json\" class=\"yoast-schema-graph\">{\"@context\":\"https:\\\/\\\/schema.org\",\"@graph\":[{\"@type\":\"WebPage\",\"@id\":\"https:\\\/\\\/www.cbh-cyprus.com\\\/fr\\\/sur-paphos-chypre\\\/\",\"url\":\"https:\\\/\\\/www.cbh-cyprus.com\\\/fr\\\/sur-paphos-chypre\\\/\",\"name\":\"Informations sur Paphos Chypre || Constantinou Hotels\",\"isPartOf\":{\"@id\":\"https:\\\/\\\/www.cbh-cyprus.com\\\/fr\\\/#website\"},\"primaryImageOfPage\":{\"@id\":\"https:\\\/\\\/www.cbh-cyprus.com\\\/fr\\\/sur-paphos-chypre\\\/#primaryimage\"},\"image\":{\"@id\":\"https:\\\/\\\/www.cbh-cyprus.com\\\/fr\\\/sur-paphos-chypre\\\/#primaryimage\"},\"thumbnailUrl\":\"https:\\\/\\\/www.cbh-cyprus.com\\\/app\\\/uploads\\\/sites\\\/30\\\/2020\\\/10\\\/3-PAPHOS-FISHING-HARBOUR.jpg\",\"datePublished\":\"2022-03-23T14:12:06+00:00\",\"dateModified\":\"2024-09-13T08:27:43+00:00\",\"description\":\"D\u00e9couvrez Paphos, Chypre, une station baln\u00e9aire pittoresque pour ceux qui recherchent l'id\u00e9al insulaire combin\u00e9 \u00e0 des sites et des rep\u00e8res d'int\u00e9r\u00eat historique et culturel.\",\"breadcrumb\":{\"@id\":\"https:\\\/\\\/www.cbh-cyprus.com\\\/fr\\\/sur-paphos-chypre\\\/#breadcrumb\"},\"inLanguage\":\"fr-FR\",\"potentialAction\":[{\"@type\":\"ReadAction\",\"target\":[\"https:\\\/\\\/www.cbh-cyprus.com\\\/fr\\\/sur-paphos-chypre\\\/\"]}]},{\"@type\":\"ImageObject\",\"inLanguage\":\"fr-FR\",\"@id\":\"https:\\\/\\\/www.cbh-cyprus.com\\\/fr\\\/sur-paphos-chypre\\\/#primaryimage\",\"url\":\"https:\\\/\\\/www.cbh-cyprus.com\\\/app\\\/uploads\\\/sites\\\/30\\\/2020\\\/10\\\/3-PAPHOS-FISHING-HARBOUR.jpg\",\"contentUrl\":\"https:\\\/\\\/www.cbh-cyprus.com\\\/app\\\/uploads\\\/sites\\\/30\\\/2020\\\/10\\\/3-PAPHOS-FISHING-HARBOUR.jpg\",\"width\":4216,\"height\":2009,\"caption\":\"??????\"},{\"@type\":\"BreadcrumbList\",\"@id\":\"https:\\\/\\\/www.cbh-cyprus.com\\\/fr\\\/sur-paphos-chypre\\\/#breadcrumb\",\"itemListElement\":[{\"@type\":\"ListItem\",\"position\":1,\"name\":\"Home\",\"item\":\"https:\\\/\\\/www.cbh-cyprus.com\\\/fr\\\/welcome-to-constantinou-bros-hotels\\\/\"},{\"@type\":\"ListItem\",\"position\":2,\"name\":\"\u00c0 propos de Paphos \\\/ Chypre\"}]},{\"@type\":\"WebSite\",\"@id\":\"https:\\\/\\\/www.cbh-cyprus.com\\\/fr\\\/#website\",\"url\":\"https:\\\/\\\/www.cbh-cyprus.com\\\/fr\\\/\",\"name\":\"Constantinou Bros Hotels\",\"description\":\"Constantinou Bros Hotels\",\"publisher\":{\"@id\":\"https:\\\/\\\/www.cbh-cyprus.com\\\/fr\\\/#organization\"},\"potentialAction\":[{\"@type\":\"SearchAction\",\"target\":{\"@type\":\"EntryPoint\",\"urlTemplate\":\"https:\\\/\\\/www.cbh-cyprus.com\\\/fr\\\/?s={search_term_string}\"},\"query-input\":{\"@type\":\"PropertyValueSpecification\",\"valueRequired\":true,\"valueName\":\"search_term_string\"}}],\"inLanguage\":\"fr-FR\"},{\"@type\":\"Organization\",\"@id\":\"https:\\\/\\\/www.cbh-cyprus.com\\\/fr\\\/#organization\",\"name\":\"Constantinou Bros Hotels\",\"url\":\"https:\\\/\\\/www.cbh-cyprus.com\\\/fr\\\/\",\"logo\":{\"@type\":\"ImageObject\",\"inLanguage\":\"fr-FR\",\"@id\":\"https:\\\/\\\/www.cbh-cyprus.com\\\/fr\\\/#\\\/schema\\\/logo\\\/image\\\/\",\"url\":\"https:\\\/\\\/www.cbh-cyprus.com\\\/app\\\/uploads\\\/sites\\\/30\\\/2020\\\/10\\\/cbh.jpg\",\"contentUrl\":\"https:\\\/\\\/www.cbh-cyprus.com\\\/app\\\/uploads\\\/sites\\\/30\\\/2020\\\/10\\\/cbh.jpg\",\"width\":1013,\"height\":419,\"caption\":\"Constantinou Bros Hotels\"},\"image\":{\"@id\":\"https:\\\/\\\/www.cbh-cyprus.com\\\/fr\\\/#\\\/schema\\\/logo\\\/image\\\/\"}}]}<\/script>\n<!-- \/ Yoast SEO plugin. -->","yoast_head_json":{"title":"Informations sur Paphos Chypre || Constantinou Hotels","description":"D\u00e9couvrez Paphos, Chypre, une station baln\u00e9aire pittoresque pour ceux qui recherchent l'id\u00e9al insulaire combin\u00e9 \u00e0 des sites et des rep\u00e8res d'int\u00e9r\u00eat historique et culturel.","robots":{"index":"index","follow":"follow","max-snippet":"max-snippet:-1","max-image-preview":"max-image-preview:large","max-video-preview":"max-video-preview:-1"},"canonical":"https:\/\/www.cbh-cyprus.com\/fr\/sur-paphos-chypre\/","og_locale":"fr_FR","og_type":"article","og_title":"Informations sur Paphos Chypre || Constantinou Hotels","og_description":"D\u00e9couvrez Paphos, Chypre, une station baln\u00e9aire pittoresque pour ceux qui recherchent l'id\u00e9al insulaire combin\u00e9 \u00e0 des sites et des rep\u00e8res d'int\u00e9r\u00eat historique et culturel.","og_url":"https:\/\/www.cbh-cyprus.com\/fr\/sur-paphos-chypre\/","og_site_name":"Constantinou Bros Hotels","article_modified_time":"2024-09-13T08:27:43+00:00","og_image":[{"width":4216,"height":2009,"url":"https:\/\/www.cbh-cyprus.com\/app\/uploads\/sites\/30\/2020\/10\/3-PAPHOS-FISHING-HARBOUR.jpg","type":"image\/jpeg"}],"twitter_card":"summary_large_image","twitter_misc":{"Dur\u00e9e de lecture estim\u00e9e":"3 minutes"},"schema":{"@context":"https:\/\/schema.org","@graph":[{"@type":"WebPage","@id":"https:\/\/www.cbh-cyprus.com\/fr\/sur-paphos-chypre\/","url":"https:\/\/www.cbh-cyprus.com\/fr\/sur-paphos-chypre\/","name":"Informations sur Paphos Chypre || Constantinou Hotels","isPartOf":{"@id":"https:\/\/www.cbh-cyprus.com\/fr\/#website"},"primaryImageOfPage":{"@id":"https:\/\/www.cbh-cyprus.com\/fr\/sur-paphos-chypre\/#primaryimage"},"image":{"@id":"https:\/\/www.cbh-cyprus.com\/fr\/sur-paphos-chypre\/#primaryimage"},"thumbnailUrl":"https:\/\/www.cbh-cyprus.com\/app\/uploads\/sites\/30\/2020\/10\/3-PAPHOS-FISHING-HARBOUR.jpg","datePublished":"2022-03-23T14:12:06+00:00","dateModified":"2024-09-13T08:27:43+00:00","description":"D\u00e9couvrez Paphos, Chypre, une station baln\u00e9aire pittoresque pour ceux qui recherchent l'id\u00e9al insulaire combin\u00e9 \u00e0 des sites et des rep\u00e8res d'int\u00e9r\u00eat historique et culturel.","breadcrumb":{"@id":"https:\/\/www.cbh-cyprus.com\/fr\/sur-paphos-chypre\/#breadcrumb"},"inLanguage":"fr-FR","potentialAction":[{"@type":"ReadAction","target":["https:\/\/www.cbh-cyprus.com\/fr\/sur-paphos-chypre\/"]}]},{"@type":"ImageObject","inLanguage":"fr-FR","@id":"https:\/\/www.cbh-cyprus.com\/fr\/sur-paphos-chypre\/#primaryimage","url":"https:\/\/www.cbh-cyprus.com\/app\/uploads\/sites\/30\/2020\/10\/3-PAPHOS-FISHING-HARBOUR.jpg","contentUrl":"https:\/\/www.cbh-cyprus.com\/app\/uploads\/sites\/30\/2020\/10\/3-PAPHOS-FISHING-HARBOUR.jpg","width":4216,"height":2009,"caption":"??????"},{"@type":"BreadcrumbList","@id":"https:\/\/www.cbh-cyprus.com\/fr\/sur-paphos-chypre\/#breadcrumb","itemListElement":[{"@type":"ListItem","position":1,"name":"Home","item":"https:\/\/www.cbh-cyprus.com\/fr\/welcome-to-constantinou-bros-hotels\/"},{"@type":"ListItem","position":2,"name":"\u00c0 propos de Paphos \/ Chypre"}]},{"@type":"WebSite","@id":"https:\/\/www.cbh-cyprus.com\/fr\/#website","url":"https:\/\/www.cbh-cyprus.com\/fr\/","name":"Constantinou Bros Hotels","description":"Constantinou Bros Hotels","publisher":{"@id":"https:\/\/www.cbh-cyprus.com\/fr\/#organization"},"potentialAction":[{"@type":"SearchAction","target":{"@type":"EntryPoint","urlTemplate":"https:\/\/www.cbh-cyprus.com\/fr\/?s={search_term_string}"},"query-input":{"@type":"PropertyValueSpecification","valueRequired":true,"valueName":"search_term_string"}}],"inLanguage":"fr-FR"},{"@type":"Organization","@id":"https:\/\/www.cbh-cyprus.com\/fr\/#organization","name":"Constantinou Bros Hotels","url":"https:\/\/www.cbh-cyprus.com\/fr\/","logo":{"@type":"ImageObject","inLanguage":"fr-FR","@id":"https:\/\/www.cbh-cyprus.com\/fr\/#\/schema\/logo\/image\/","url":"https:\/\/www.cbh-cyprus.com\/app\/uploads\/sites\/30\/2020\/10\/cbh.jpg","contentUrl":"https:\/\/www.cbh-cyprus.com\/app\/uploads\/sites\/30\/2020\/10\/cbh.jpg","width":1013,"height":419,"caption":"Constantinou Bros Hotels"},"image":{"@id":"https:\/\/www.cbh-cyprus.com\/fr\/#\/schema\/logo\/image\/"}}]}},"_links":{"self":[{"href":"https:\/\/www.cbh-cyprus.com\/fr\/wp-json\/wp\/v2\/pages\/13788","targetHints":{"allow":["GET"]}}],"collection":[{"href":"https:\/\/www.cbh-cyprus.com\/fr\/wp-json\/wp\/v2\/pages"}],"about":[{"href":"https:\/\/www.cbh-cyprus.com\/fr\/wp-json\/wp\/v2\/types\/page"}],"author":[{"embeddable":true,"href":"https:\/\/www.cbh-cyprus.com\/fr\/wp-json\/wp\/v2\/users\/100"}],"replies":[{"embeddable":true,"href":"https:\/\/www.cbh-cyprus.com\/fr\/wp-json\/wp\/v2\/comments?post=13788"}],"version-history":[{"count":3,"href":"https:\/\/www.cbh-cyprus.com\/fr\/wp-json\/wp\/v2\/pages\/13788\/revisions"}],"predecessor-version":[{"id":41200,"href":"https:\/\/www.cbh-cyprus.com\/fr\/wp-json\/wp\/v2\/pages\/13788\/revisions\/41200"}],"wp:featuredmedia":[{"embeddable":true,"href":"https:\/\/www.cbh-cyprus.com\/fr\/wp-json\/wp\/v2\/media\/12513"}],"wp:attachment":[{"href":"https:\/\/www.cbh-cyprus.com\/fr\/wp-json\/wp\/v2\/media?parent=13788"}],"curies":[{"name":"wp","href":"https:\/\/api.w.org\/{rel}","templated":true}]}}