{"id":13790,"date":"2022-03-23T17:25:25","date_gmt":"2022-03-23T14:25:25","guid":{"rendered":"https:\/\/www.cbh-cyprus.com\/travel-professionals\/"},"modified":"2024-09-13T16:53:12","modified_gmt":"2024-09-13T13:53:12","slug":"travel-professionals","status":"publish","type":"page","link":"https:\/\/www.cbh-cyprus.com\/fr\/travel-professionals\/","title":{"rendered":"Professionnels du voyage"},"content":{"rendered":"<p>Afin de r\u00e9pondre \u00e0 votre vaste et constant besoin d&rsquo;informations pr\u00e9cises, rapides et faciles, nous avons cr\u00e9\u00e9 cette page sp\u00e9cialement pour vous.<br \/>\nVous y trouverez les logos des h\u00f4tels Constantinou Bros, des photos en haute r\u00e9solution, des fiches d&rsquo;information sur les h\u00f4tels et des brochures \u00e9lectroniques.<br \/>\nTous ces documents peuvent \u00eatre t\u00e9l\u00e9charg\u00e9s en fonction de vos besoins.<br \/>\nAvant de continuer, nous vous demandons de saisir vos donn\u00e9es personnelles afin de mieux vous servir.<br \/>\nUne fois que vous aurez rempli ce formulaire, vous pourrez nous rejoindre \u00e0 tout moment en saisissant votre nom d&rsquo;utilisateur et votre mot de passe.      &nbsp;<\/p>\n","protected":false},"excerpt":{"rendered":"<p>Afin de r\u00e9pondre \u00e0 votre vaste et constant besoin d&rsquo;informations pr\u00e9cises, rapides et faciles, nous avons cr\u00e9\u00e9 cette page sp\u00e9cialement pour vous. Vous y trouverez les logos des h\u00f4tels Constantinou Bros, des photos en haute r\u00e9solution, des fiches d&rsquo;information sur les h\u00f4tels et des brochures \u00e9lectroniques. Tous ces documents peuvent \u00eatre t\u00e9l\u00e9charg\u00e9s en fonction de<\/p>\n","protected":false},"author":100,"featured_media":12427,"parent":0,"menu_order":0,"comment_status":"closed","ping_status":"closed","template":"","meta":{"_acf_changed":false,"footnotes":""},"class_list":["post-13790","page","type-page","status-publish","has-post-thumbnail","hentry"],"acf":[],"yoast_head":"<!-- This site is optimized with the Yoast SEO plugin v27.3 - https:\/\/yoast.com\/product\/yoast-seo-wordpress\/ -->\n<title>Professionnels du voyage - Constantinou Bros Hotels<\/title>\n<meta name=\"description\" content=\"R\u00e9initialisez votre mot de passe pour acc\u00e9der au portail des professionnels du voyage qui contient diverses informations utiles concernant le groupe Constantinou Bros Hotels.\" \/>\n<meta name=\"robots\" content=\"index, follow, max-snippet:-1, max-image-preview:large, max-video-preview:-1\" \/>\n<link rel=\"canonical\" href=\"https:\/\/www.cbh-cyprus.com\/fr\/travel-professionals\/\" \/>\n<meta property=\"og:locale\" content=\"fr_FR\" \/>\n<meta property=\"og:type\" content=\"article\" \/>\n<meta property=\"og:title\" content=\"Professionnels du voyage - Constantinou Bros Hotels\" \/>\n<meta property=\"og:description\" content=\"R\u00e9initialisez votre mot de passe pour acc\u00e9der au portail des professionnels du voyage qui contient diverses informations utiles concernant le groupe Constantinou Bros Hotels.\" \/>\n<meta property=\"og:url\" content=\"https:\/\/www.cbh-cyprus.com\/fr\/travel-professionals\/\" \/>\n<meta property=\"og:site_name\" content=\"Constantinou Bros Hotels\" \/>\n<meta property=\"article:modified_time\" content=\"2024-09-13T13:53:12+00:00\" \/>\n<meta property=\"og:image\" content=\"https:\/\/www.cbh-cyprus.com\/app\/uploads\/sites\/30\/2020\/06\/3-ATHENA-BEACH-HOTEL-POOL-AND-SEA-VIEW.jpg\" \/>\n\t<meta property=\"og:image:width\" content=\"7648\" \/>\n\t<meta property=\"og:image:height\" content=\"3125\" \/>\n\t<meta property=\"og:image:type\" content=\"image\/jpeg\" \/>\n<meta name=\"twitter:card\" content=\"summary_large_image\" \/>\n<meta name=\"twitter:label1\" content=\"Dur\u00e9e de lecture estim\u00e9e\" \/>\n\t<meta name=\"twitter:data1\" content=\"1 minute\" \/>\n<script type=\"application\/ld+json\" class=\"yoast-schema-graph\">{\"@context\":\"https:\\\/\\\/schema.org\",\"@graph\":[{\"@type\":\"WebPage\",\"@id\":\"https:\\\/\\\/www.cbh-cyprus.com\\\/fr\\\/travel-professionals\\\/\",\"url\":\"https:\\\/\\\/www.cbh-cyprus.com\\\/fr\\\/travel-professionals\\\/\",\"name\":\"Professionnels du voyage - Constantinou Bros Hotels\",\"isPartOf\":{\"@id\":\"https:\\\/\\\/www.cbh-cyprus.com\\\/fr\\\/#website\"},\"primaryImageOfPage\":{\"@id\":\"https:\\\/\\\/www.cbh-cyprus.com\\\/fr\\\/travel-professionals\\\/#primaryimage\"},\"image\":{\"@id\":\"https:\\\/\\\/www.cbh-cyprus.com\\\/fr\\\/travel-professionals\\\/#primaryimage\"},\"thumbnailUrl\":\"https:\\\/\\\/www.cbh-cyprus.com\\\/app\\\/uploads\\\/sites\\\/30\\\/2020\\\/06\\\/3-ATHENA-BEACH-HOTEL-POOL-AND-SEA-VIEW.jpg\",\"datePublished\":\"2022-03-23T14:25:25+00:00\",\"dateModified\":\"2024-09-13T13:53:12+00:00\",\"description\":\"R\u00e9initialisez votre mot de passe pour acc\u00e9der au portail des professionnels du voyage qui contient diverses informations utiles concernant le groupe Constantinou Bros Hotels.\",\"breadcrumb\":{\"@id\":\"https:\\\/\\\/www.cbh-cyprus.com\\\/fr\\\/travel-professionals\\\/#breadcrumb\"},\"inLanguage\":\"fr-FR\",\"potentialAction\":[{\"@type\":\"ReadAction\",\"target\":[\"https:\\\/\\\/www.cbh-cyprus.com\\\/fr\\\/travel-professionals\\\/\"]}]},{\"@type\":\"ImageObject\",\"inLanguage\":\"fr-FR\",\"@id\":\"https:\\\/\\\/www.cbh-cyprus.com\\\/fr\\\/travel-professionals\\\/#primaryimage\",\"url\":\"https:\\\/\\\/www.cbh-cyprus.com\\\/app\\\/uploads\\\/sites\\\/30\\\/2020\\\/06\\\/3-ATHENA-BEACH-HOTEL-POOL-AND-SEA-VIEW.jpg\",\"contentUrl\":\"https:\\\/\\\/www.cbh-cyprus.com\\\/app\\\/uploads\\\/sites\\\/30\\\/2020\\\/06\\\/3-ATHENA-BEACH-HOTEL-POOL-AND-SEA-VIEW.jpg\",\"width\":7648,\"height\":3125},{\"@type\":\"BreadcrumbList\",\"@id\":\"https:\\\/\\\/www.cbh-cyprus.com\\\/fr\\\/travel-professionals\\\/#breadcrumb\",\"itemListElement\":[{\"@type\":\"ListItem\",\"position\":1,\"name\":\"Home\",\"item\":\"https:\\\/\\\/www.cbh-cyprus.com\\\/fr\\\/welcome-to-constantinou-bros-hotels\\\/\"},{\"@type\":\"ListItem\",\"position\":2,\"name\":\"Professionnels du voyage\"}]},{\"@type\":\"WebSite\",\"@id\":\"https:\\\/\\\/www.cbh-cyprus.com\\\/fr\\\/#website\",\"url\":\"https:\\\/\\\/www.cbh-cyprus.com\\\/fr\\\/\",\"name\":\"Constantinou Bros Hotels\",\"description\":\"Constantinou Bros Hotels\",\"publisher\":{\"@id\":\"https:\\\/\\\/www.cbh-cyprus.com\\\/fr\\\/#organization\"},\"potentialAction\":[{\"@type\":\"SearchAction\",\"target\":{\"@type\":\"EntryPoint\",\"urlTemplate\":\"https:\\\/\\\/www.cbh-cyprus.com\\\/fr\\\/?s={search_term_string}\"},\"query-input\":{\"@type\":\"PropertyValueSpecification\",\"valueRequired\":true,\"valueName\":\"search_term_string\"}}],\"inLanguage\":\"fr-FR\"},{\"@type\":\"Organization\",\"@id\":\"https:\\\/\\\/www.cbh-cyprus.com\\\/fr\\\/#organization\",\"name\":\"Constantinou Bros Hotels\",\"url\":\"https:\\\/\\\/www.cbh-cyprus.com\\\/fr\\\/\",\"logo\":{\"@type\":\"ImageObject\",\"inLanguage\":\"fr-FR\",\"@id\":\"https:\\\/\\\/www.cbh-cyprus.com\\\/fr\\\/#\\\/schema\\\/logo\\\/image\\\/\",\"url\":\"https:\\\/\\\/www.cbh-cyprus.com\\\/app\\\/uploads\\\/sites\\\/30\\\/2020\\\/10\\\/cbh.jpg\",\"contentUrl\":\"https:\\\/\\\/www.cbh-cyprus.com\\\/app\\\/uploads\\\/sites\\\/30\\\/2020\\\/10\\\/cbh.jpg\",\"width\":1013,\"height\":419,\"caption\":\"Constantinou Bros Hotels\"},\"image\":{\"@id\":\"https:\\\/\\\/www.cbh-cyprus.com\\\/fr\\\/#\\\/schema\\\/logo\\\/image\\\/\"}}]}<\/script>\n<!-- \/ Yoast SEO plugin. -->","yoast_head_json":{"title":"Professionnels du voyage - Constantinou Bros Hotels","description":"R\u00e9initialisez votre mot de passe pour acc\u00e9der au portail des professionnels du voyage qui contient diverses informations utiles concernant le groupe Constantinou Bros Hotels.","robots":{"index":"index","follow":"follow","max-snippet":"max-snippet:-1","max-image-preview":"max-image-preview:large","max-video-preview":"max-video-preview:-1"},"canonical":"https:\/\/www.cbh-cyprus.com\/fr\/travel-professionals\/","og_locale":"fr_FR","og_type":"article","og_title":"Professionnels du voyage - Constantinou Bros Hotels","og_description":"R\u00e9initialisez votre mot de passe pour acc\u00e9der au portail des professionnels du voyage qui contient diverses informations utiles concernant le groupe Constantinou Bros Hotels.","og_url":"https:\/\/www.cbh-cyprus.com\/fr\/travel-professionals\/","og_site_name":"Constantinou Bros Hotels","article_modified_time":"2024-09-13T13:53:12+00:00","og_image":[{"width":7648,"height":3125,"url":"https:\/\/www.cbh-cyprus.com\/app\/uploads\/sites\/30\/2020\/06\/3-ATHENA-BEACH-HOTEL-POOL-AND-SEA-VIEW.jpg","type":"image\/jpeg"}],"twitter_card":"summary_large_image","twitter_misc":{"Dur\u00e9e de lecture estim\u00e9e":"1 minute"},"schema":{"@context":"https:\/\/schema.org","@graph":[{"@type":"WebPage","@id":"https:\/\/www.cbh-cyprus.com\/fr\/travel-professionals\/","url":"https:\/\/www.cbh-cyprus.com\/fr\/travel-professionals\/","name":"Professionnels du voyage - Constantinou Bros Hotels","isPartOf":{"@id":"https:\/\/www.cbh-cyprus.com\/fr\/#website"},"primaryImageOfPage":{"@id":"https:\/\/www.cbh-cyprus.com\/fr\/travel-professionals\/#primaryimage"},"image":{"@id":"https:\/\/www.cbh-cyprus.com\/fr\/travel-professionals\/#primaryimage"},"thumbnailUrl":"https:\/\/www.cbh-cyprus.com\/app\/uploads\/sites\/30\/2020\/06\/3-ATHENA-BEACH-HOTEL-POOL-AND-SEA-VIEW.jpg","datePublished":"2022-03-23T14:25:25+00:00","dateModified":"2024-09-13T13:53:12+00:00","description":"R\u00e9initialisez votre mot de passe pour acc\u00e9der au portail des professionnels du voyage qui contient diverses informations utiles concernant le groupe Constantinou Bros Hotels.","breadcrumb":{"@id":"https:\/\/www.cbh-cyprus.com\/fr\/travel-professionals\/#breadcrumb"},"inLanguage":"fr-FR","potentialAction":[{"@type":"ReadAction","target":["https:\/\/www.cbh-cyprus.com\/fr\/travel-professionals\/"]}]},{"@type":"ImageObject","inLanguage":"fr-FR","@id":"https:\/\/www.cbh-cyprus.com\/fr\/travel-professionals\/#primaryimage","url":"https:\/\/www.cbh-cyprus.com\/app\/uploads\/sites\/30\/2020\/06\/3-ATHENA-BEACH-HOTEL-POOL-AND-SEA-VIEW.jpg","contentUrl":"https:\/\/www.cbh-cyprus.com\/app\/uploads\/sites\/30\/2020\/06\/3-ATHENA-BEACH-HOTEL-POOL-AND-SEA-VIEW.jpg","width":7648,"height":3125},{"@type":"BreadcrumbList","@id":"https:\/\/www.cbh-cyprus.com\/fr\/travel-professionals\/#breadcrumb","itemListElement":[{"@type":"ListItem","position":1,"name":"Home","item":"https:\/\/www.cbh-cyprus.com\/fr\/welcome-to-constantinou-bros-hotels\/"},{"@type":"ListItem","position":2,"name":"Professionnels du voyage"}]},{"@type":"WebSite","@id":"https:\/\/www.cbh-cyprus.com\/fr\/#website","url":"https:\/\/www.cbh-cyprus.com\/fr\/","name":"Constantinou Bros Hotels","description":"Constantinou Bros Hotels","publisher":{"@id":"https:\/\/www.cbh-cyprus.com\/fr\/#organization"},"potentialAction":[{"@type":"SearchAction","target":{"@type":"EntryPoint","urlTemplate":"https:\/\/www.cbh-cyprus.com\/fr\/?s={search_term_string}"},"query-input":{"@type":"PropertyValueSpecification","valueRequired":true,"valueName":"search_term_string"}}],"inLanguage":"fr-FR"},{"@type":"Organization","@id":"https:\/\/www.cbh-cyprus.com\/fr\/#organization","name":"Constantinou Bros Hotels","url":"https:\/\/www.cbh-cyprus.com\/fr\/","logo":{"@type":"ImageObject","inLanguage":"fr-FR","@id":"https:\/\/www.cbh-cyprus.com\/fr\/#\/schema\/logo\/image\/","url":"https:\/\/www.cbh-cyprus.com\/app\/uploads\/sites\/30\/2020\/10\/cbh.jpg","contentUrl":"https:\/\/www.cbh-cyprus.com\/app\/uploads\/sites\/30\/2020\/10\/cbh.jpg","width":1013,"height":419,"caption":"Constantinou Bros Hotels"},"image":{"@id":"https:\/\/www.cbh-cyprus.com\/fr\/#\/schema\/logo\/image\/"}}]}},"_links":{"self":[{"href":"https:\/\/www.cbh-cyprus.com\/fr\/wp-json\/wp\/v2\/pages\/13790","targetHints":{"allow":["GET"]}}],"collection":[{"href":"https:\/\/www.cbh-cyprus.com\/fr\/wp-json\/wp\/v2\/pages"}],"about":[{"href":"https:\/\/www.cbh-cyprus.com\/fr\/wp-json\/wp\/v2\/types\/page"}],"author":[{"embeddable":true,"href":"https:\/\/www.cbh-cyprus.com\/fr\/wp-json\/wp\/v2\/users\/100"}],"replies":[{"embeddable":true,"href":"https:\/\/www.cbh-cyprus.com\/fr\/wp-json\/wp\/v2\/comments?post=13790"}],"version-history":[{"count":3,"href":"https:\/\/www.cbh-cyprus.com\/fr\/wp-json\/wp\/v2\/pages\/13790\/revisions"}],"predecessor-version":[{"id":41416,"href":"https:\/\/www.cbh-cyprus.com\/fr\/wp-json\/wp\/v2\/pages\/13790\/revisions\/41416"}],"wp:featuredmedia":[{"embeddable":true,"href":"https:\/\/www.cbh-cyprus.com\/fr\/wp-json\/wp\/v2\/media\/12427"}],"wp:attachment":[{"href":"https:\/\/www.cbh-cyprus.com\/fr\/wp-json\/wp\/v2\/media?parent=13790"}],"curies":[{"name":"wp","href":"https:\/\/api.w.org\/{rel}","templated":true}]}}