{"id":13792,"date":"2022-03-23T17:27:14","date_gmt":"2022-03-23T14:27:14","guid":{"rendered":"https:\/\/www.cbh-cyprus.com\/about-us\/"},"modified":"2024-09-13T16:21:40","modified_gmt":"2024-09-13T13:21:40","slug":"about-us","status":"publish","type":"page","link":"https:\/\/www.cbh-cyprus.com\/fr\/the-group\/about-us\/","title":{"rendered":"A propos de nous"},"content":{"rendered":"<h3>Profil de l&rsquo;entreprise<\/h3>\n<p>  \u00c0 Chypre, notre plus grande richesse est notre peuple.<br \/>\nDes gens souriants et amicaux, qui sont fiers d&rsquo;accueillir les visiteurs sur leur \u00eele et de leur montrer ce qu&rsquo;est l&rsquo;hospitalit\u00e9 traditionnelle et authentique.<br \/>\nConstantinou Bros Hotels Ltd, une soci\u00e9t\u00e9 fond\u00e9e et dirig\u00e9e par des Chypriotes, ne peut que perp\u00e9tuer cette tradition dans ses h\u00f4tels de qualit\u00e9, en mettant l&rsquo;accent sur une hospitalit\u00e9 gracieuse, une bonne cuisine et un personnel souriant et amical.<br \/>\nLa soci\u00e9t\u00e9 comprend des h\u00f4tels quatre, quatre et cinq \u00e9toiles, tous situ\u00e9s sur la c\u00f4te ouest, \u00e0 Paphos.<br \/>\nEn 1979, la premi\u00e8re soci\u00e9t\u00e9 a \u00e9t\u00e9 fond\u00e9e dans le but d&rsquo;acheter, de vendre et de d\u00e9velopper des terrains, car il \u00e9tait clair que Paphos avait un \u00e9norme potentiel de d\u00e9veloppement en tant que centre commercial et station touristique.<br \/>\nCette entreprise familiale a depuis \u00e9t\u00e9 cot\u00e9e \u00e0 la Bourse de Chypre et continue aujourd&rsquo;hui d&rsquo;\u00eatre dirig\u00e9e par la m\u00eame famille qui l&rsquo;a cr\u00e9\u00e9e, par son pr\u00e9sident ex\u00e9cutif, M. Andreas Constantinou, et par son conseil d&rsquo;administration.<br \/>\nAu cours de la d\u00e9cennie qui a suivi, la soci\u00e9t\u00e9 a cr\u00e9\u00e9 des projets comprenant des magasins et des appartements dans les zones touristiques et commerciales, ainsi que des villas avec piscines et jardins paysagers dans les zones r\u00e9sidentielles de Paphos et dans la campagne environnante.<br \/>\nLa soci\u00e9t\u00e9 a construit des centaines de magasins situ\u00e9s dans le centre, des appartements de qualit\u00e9 et des villas de luxe.<br \/>\nEn outre, de nombreux terrains ont \u00e9t\u00e9 divis\u00e9s et vendus.<br \/>\nPercevant Paphos comme une destination de vacances \u00e0 fort potentiel, l&rsquo;entreprise a d\u00e9cid\u00e9 de se lancer dans l&rsquo;industrie h\u00f4teli\u00e8re et, \u00e0 la fin des ann\u00e9es 1980, une soci\u00e9t\u00e9 s\u0153ur a \u00e9t\u00e9 cr\u00e9\u00e9e : Constantinou Bros Hotels Ltd.<br \/>\nLa soci\u00e9t\u00e9 disposait d\u00e9j\u00e0 des bases n\u00e9cessaires pour commencer imm\u00e9diatement la construction de l&rsquo;h\u00f4tel 3 \u00e9toiles Paphian Bay, puisqu&rsquo;elle avait d\u00e9j\u00e0 ses propres architectes et dessinateurs, ainsi que son propre service de construction.<br \/>\nAu cours des ann\u00e9es suivantes, la soci\u00e9t\u00e9 a construit et ouvert quatre autres h\u00f4tels, \u00e0 savoir le Pioneer Beach (4 \u00e9toiles), l&rsquo;Imperial Beach (5 \u00e9toiles) (qui a ensuite \u00e9t\u00e9 vendu \u00e0 l&rsquo;\u00c9glise), l&rsquo;Athena Beach (4 \u00e9toiles) et l&rsquo;Athena Royal Beach (4 \u00e9toiles), un h\u00f4tel de luxe.<br \/>\nFin 2008, l&rsquo;h\u00f4tel Paphian Bay, lieu de vill\u00e9giature privil\u00e9gi\u00e9 par de nombreuses personnes depuis plus de 20 ans, a ferm\u00e9 ses portes et a fait l&rsquo;objet d&rsquo;une reconstruction compl\u00e8te qui l&rsquo;a transform\u00e9 en un luxueux h\u00f4tel 5 \u00e9toiles avec toutes les suites, qui a ouvert ses portes le 1er avril 2010.<br \/>\nL&rsquo;Asimina Suites Hotel, comme il s&rsquo;appelle d\u00e9sormais, ne comprend que des suites luxueuses, dont certaines disposent d&rsquo;une piscine et d&rsquo;un jacuzzi priv\u00e9s, offrant ainsi au visiteur un confort et une opulence absolus.<br \/>\nLes quatre h\u00f4tels de la cha\u00eene Constantinou Bros Hotels sont r\u00e9put\u00e9s pour leur emplacement privil\u00e9gi\u00e9 et leur hospitalit\u00e9 exceptionnelle, et ils r\u00e9pondent parfaitement aux besoins des visiteurs.<br \/>\nEntre eux, ils accueillent presque tous les types de clients, quelle que soit leur origine.<br \/>\nIls refl\u00e8tent et r\u00e9pondent \u00e0 la popularit\u00e9 croissante de Paphos, non seulement en tant que destination de vacances, mais aussi en tant que centre de conf\u00e9rence international \u00e9mergent.                  <\/p>\n<h3>H\u00f4tels de vill\u00e9giature<\/h3>\n<ul>\n<li>Asimina Suites Hotel &#8211; 5 \u00e9toiles (h\u00f4tel pour adultes)<\/li>\n<li>Pioneer Beach Hotel 4 \u00e9toiles (h\u00f4tel pour adultes)<\/li>\n<li>Athena Beach Hotel 4 \u00e9toiles sup\u00e9rieur<\/li>\n<li>Athena Royal Hotel 4 \u00e9toiles de luxe (h\u00f4tel pour adultes)<\/li>\n<\/ul>\n<h3>Constantinou Bros Hotels Ltd &#8211; Dates importantes<\/h3>\n<ul>\n<li>1988 &#8211; L&rsquo;h\u00f4tel 3 \u00e9toiles Paphian Bay ouvre ses portes. Il a \u00e9t\u00e9 con\u00e7u, construit et \u00e9quip\u00e9 en 12 mois seulement !<br \/>\nUn record dans l&rsquo;industrie ! <\/li>\n<li>1991 &#8211; Ouverture de l&rsquo;h\u00f4tel 4 \u00e9toiles Pioneer Beach (un h\u00f4tel destin\u00e9 aux adultes).<\/li>\n<li>1999 &#8211; Ouverture de l&rsquo;h\u00f4tel 4 \u00e9toiles Athena Beach.<\/li>\n<li>2005 &#8211; Ouverture de l&rsquo;Athena Royal Beach, un h\u00f4tel de luxe 4 \u00e9toiles destin\u00e9 aux adultes.<\/li>\n<li>2008 &#8211; Le Paphian Bay Hotel ferme ses portes et subit une reconstruction compl\u00e8te pour le transformer en un h\u00f4tel 5 \u00e9toiles avec suites de luxe. La fin des travaux est pr\u00e9vue pour la fin mars 2010.<\/li>\n<li>2010 &#8211; L&rsquo;Asimina Suites Hotel 5 \u00e9toiles (un h\u00f4tel tout en suites destin\u00e9 aux adultes) ouvre ses portes et accueille ses premiers clients le 1er avril 2010.<\/li>\n<\/ul>\n","protected":false},"excerpt":{"rendered":"<p>Profil de l&rsquo;entreprise \u00c0 Chypre, notre plus grande richesse est notre peuple. Des gens souriants et amicaux, qui sont fiers d&rsquo;accueillir les visiteurs sur leur \u00eele et de leur montrer ce qu&rsquo;est l&rsquo;hospitalit\u00e9 traditionnelle et authentique. Constantinou Bros Hotels Ltd, une soci\u00e9t\u00e9 fond\u00e9e et dirig\u00e9e par des Chypriotes, ne peut que perp\u00e9tuer cette tradition dans<\/p>\n","protected":false},"author":100,"featured_media":13141,"parent":13794,"menu_order":0,"comment_status":"closed","ping_status":"closed","template":"","meta":{"_acf_changed":false,"footnotes":""},"class_list":["post-13792","page","type-page","status-publish","has-post-thumbnail","hentry"],"acf":[],"yoast_head":"<!-- This site is optimized with the Yoast SEO plugin v27.3 - https:\/\/yoast.com\/product\/yoast-seo-wordpress\/ -->\n<title>Constantinou Bros Hotels history - Qui sommes-nous ? - Paphos, Chypre<\/title>\n<meta name=\"description\" content=\"D\u00e9couvrez l&#039;histoire de Constantinou Bros et de son excellente hospitalit\u00e9 \u00e0 Paphos, \u00e0 Chypre, un h\u00e9ritage qui a d\u00e9but\u00e9 en 1979 et qui se poursuit encore aujourd&#039;hui.\" \/>\n<meta name=\"robots\" content=\"index, follow, max-snippet:-1, max-image-preview:large, max-video-preview:-1\" \/>\n<link rel=\"canonical\" href=\"https:\/\/www.cbh-cyprus.com\/fr\/the-group\/about-us\/\" \/>\n<meta property=\"og:locale\" content=\"fr_FR\" \/>\n<meta property=\"og:type\" content=\"article\" \/>\n<meta property=\"og:title\" content=\"Constantinou Bros Hotels history - Qui sommes-nous ? - Paphos, Chypre\" \/>\n<meta property=\"og:description\" content=\"D\u00e9couvrez l&#039;histoire de Constantinou Bros et de son excellente hospitalit\u00e9 \u00e0 Paphos, \u00e0 Chypre, un h\u00e9ritage qui a d\u00e9but\u00e9 en 1979 et qui se poursuit encore aujourd&#039;hui.\" \/>\n<meta property=\"og:url\" content=\"https:\/\/www.cbh-cyprus.com\/fr\/the-group\/about-us\/\" \/>\n<meta property=\"og:site_name\" content=\"Constantinou Bros Hotels\" \/>\n<meta property=\"article:modified_time\" content=\"2024-09-13T13:21:40+00:00\" \/>\n<meta property=\"og:image\" content=\"https:\/\/www.cbh-cyprus.com\/app\/uploads\/sites\/30\/2019\/10\/asimina-suites-hotel-lifestyle_resized.jpg\" \/>\n\t<meta property=\"og:image:width\" content=\"1920\" \/>\n\t<meta property=\"og:image:height\" content=\"1290\" \/>\n\t<meta property=\"og:image:type\" content=\"image\/jpeg\" \/>\n<meta name=\"twitter:card\" content=\"summary_large_image\" \/>\n<meta name=\"twitter:label1\" content=\"Dur\u00e9e de lecture estim\u00e9e\" \/>\n\t<meta name=\"twitter:data1\" content=\"4 minutes\" \/>\n<script type=\"application\/ld+json\" class=\"yoast-schema-graph\">{\"@context\":\"https:\\\/\\\/schema.org\",\"@graph\":[{\"@type\":\"WebPage\",\"@id\":\"https:\\\/\\\/www.cbh-cyprus.com\\\/fr\\\/the-group\\\/about-us\\\/\",\"url\":\"https:\\\/\\\/www.cbh-cyprus.com\\\/fr\\\/the-group\\\/about-us\\\/\",\"name\":\"Constantinou Bros Hotels history - Qui sommes-nous ? - Paphos, Chypre\",\"isPartOf\":{\"@id\":\"https:\\\/\\\/www.cbh-cyprus.com\\\/fr\\\/#website\"},\"primaryImageOfPage\":{\"@id\":\"https:\\\/\\\/www.cbh-cyprus.com\\\/fr\\\/the-group\\\/about-us\\\/#primaryimage\"},\"image\":{\"@id\":\"https:\\\/\\\/www.cbh-cyprus.com\\\/fr\\\/the-group\\\/about-us\\\/#primaryimage\"},\"thumbnailUrl\":\"https:\\\/\\\/www.cbh-cyprus.com\\\/app\\\/uploads\\\/sites\\\/30\\\/2019\\\/10\\\/asimina-suites-hotel-lifestyle_resized.jpg\",\"datePublished\":\"2022-03-23T14:27:14+00:00\",\"dateModified\":\"2024-09-13T13:21:40+00:00\",\"description\":\"D\u00e9couvrez l'histoire de Constantinou Bros et de son excellente hospitalit\u00e9 \u00e0 Paphos, \u00e0 Chypre, un h\u00e9ritage qui a d\u00e9but\u00e9 en 1979 et qui se poursuit encore aujourd'hui.\",\"breadcrumb\":{\"@id\":\"https:\\\/\\\/www.cbh-cyprus.com\\\/fr\\\/the-group\\\/about-us\\\/#breadcrumb\"},\"inLanguage\":\"fr-FR\",\"potentialAction\":[{\"@type\":\"ReadAction\",\"target\":[\"https:\\\/\\\/www.cbh-cyprus.com\\\/fr\\\/the-group\\\/about-us\\\/\"]}]},{\"@type\":\"ImageObject\",\"inLanguage\":\"fr-FR\",\"@id\":\"https:\\\/\\\/www.cbh-cyprus.com\\\/fr\\\/the-group\\\/about-us\\\/#primaryimage\",\"url\":\"https:\\\/\\\/www.cbh-cyprus.com\\\/app\\\/uploads\\\/sites\\\/30\\\/2019\\\/10\\\/asimina-suites-hotel-lifestyle_resized.jpg\",\"contentUrl\":\"https:\\\/\\\/www.cbh-cyprus.com\\\/app\\\/uploads\\\/sites\\\/30\\\/2019\\\/10\\\/asimina-suites-hotel-lifestyle_resized.jpg\",\"width\":1920,\"height\":1290},{\"@type\":\"BreadcrumbList\",\"@id\":\"https:\\\/\\\/www.cbh-cyprus.com\\\/fr\\\/the-group\\\/about-us\\\/#breadcrumb\",\"itemListElement\":[{\"@type\":\"ListItem\",\"position\":1,\"name\":\"Home\",\"item\":\"https:\\\/\\\/www.cbh-cyprus.com\\\/fr\\\/welcome-to-constantinou-bros-hotels\\\/\"},{\"@type\":\"ListItem\",\"position\":2,\"name\":\"Le Groupe\",\"item\":\"https:\\\/\\\/www.cbh-cyprus.com\\\/fr\\\/the-group\\\/\"},{\"@type\":\"ListItem\",\"position\":3,\"name\":\"A propos de nous\"}]},{\"@type\":\"WebSite\",\"@id\":\"https:\\\/\\\/www.cbh-cyprus.com\\\/fr\\\/#website\",\"url\":\"https:\\\/\\\/www.cbh-cyprus.com\\\/fr\\\/\",\"name\":\"Constantinou Bros Hotels\",\"description\":\"Constantinou Bros Hotels\",\"publisher\":{\"@id\":\"https:\\\/\\\/www.cbh-cyprus.com\\\/fr\\\/#organization\"},\"potentialAction\":[{\"@type\":\"SearchAction\",\"target\":{\"@type\":\"EntryPoint\",\"urlTemplate\":\"https:\\\/\\\/www.cbh-cyprus.com\\\/fr\\\/?s={search_term_string}\"},\"query-input\":{\"@type\":\"PropertyValueSpecification\",\"valueRequired\":true,\"valueName\":\"search_term_string\"}}],\"inLanguage\":\"fr-FR\"},{\"@type\":\"Organization\",\"@id\":\"https:\\\/\\\/www.cbh-cyprus.com\\\/fr\\\/#organization\",\"name\":\"Constantinou Bros Hotels\",\"url\":\"https:\\\/\\\/www.cbh-cyprus.com\\\/fr\\\/\",\"logo\":{\"@type\":\"ImageObject\",\"inLanguage\":\"fr-FR\",\"@id\":\"https:\\\/\\\/www.cbh-cyprus.com\\\/fr\\\/#\\\/schema\\\/logo\\\/image\\\/\",\"url\":\"https:\\\/\\\/www.cbh-cyprus.com\\\/app\\\/uploads\\\/sites\\\/30\\\/2020\\\/10\\\/cbh.jpg\",\"contentUrl\":\"https:\\\/\\\/www.cbh-cyprus.com\\\/app\\\/uploads\\\/sites\\\/30\\\/2020\\\/10\\\/cbh.jpg\",\"width\":1013,\"height\":419,\"caption\":\"Constantinou Bros Hotels\"},\"image\":{\"@id\":\"https:\\\/\\\/www.cbh-cyprus.com\\\/fr\\\/#\\\/schema\\\/logo\\\/image\\\/\"}}]}<\/script>\n<!-- \/ Yoast SEO plugin. -->","yoast_head_json":{"title":"Constantinou Bros Hotels history - Qui sommes-nous ? - Paphos, Chypre","description":"D\u00e9couvrez l'histoire de Constantinou Bros et de son excellente hospitalit\u00e9 \u00e0 Paphos, \u00e0 Chypre, un h\u00e9ritage qui a d\u00e9but\u00e9 en 1979 et qui se poursuit encore aujourd'hui.","robots":{"index":"index","follow":"follow","max-snippet":"max-snippet:-1","max-image-preview":"max-image-preview:large","max-video-preview":"max-video-preview:-1"},"canonical":"https:\/\/www.cbh-cyprus.com\/fr\/the-group\/about-us\/","og_locale":"fr_FR","og_type":"article","og_title":"Constantinou Bros Hotels history - Qui sommes-nous ? - Paphos, Chypre","og_description":"D\u00e9couvrez l'histoire de Constantinou Bros et de son excellente hospitalit\u00e9 \u00e0 Paphos, \u00e0 Chypre, un h\u00e9ritage qui a d\u00e9but\u00e9 en 1979 et qui se poursuit encore aujourd'hui.","og_url":"https:\/\/www.cbh-cyprus.com\/fr\/the-group\/about-us\/","og_site_name":"Constantinou Bros Hotels","article_modified_time":"2024-09-13T13:21:40+00:00","og_image":[{"width":1920,"height":1290,"url":"https:\/\/www.cbh-cyprus.com\/app\/uploads\/sites\/30\/2019\/10\/asimina-suites-hotel-lifestyle_resized.jpg","type":"image\/jpeg"}],"twitter_card":"summary_large_image","twitter_misc":{"Dur\u00e9e de lecture estim\u00e9e":"4 minutes"},"schema":{"@context":"https:\/\/schema.org","@graph":[{"@type":"WebPage","@id":"https:\/\/www.cbh-cyprus.com\/fr\/the-group\/about-us\/","url":"https:\/\/www.cbh-cyprus.com\/fr\/the-group\/about-us\/","name":"Constantinou Bros Hotels history - Qui sommes-nous ? - Paphos, Chypre","isPartOf":{"@id":"https:\/\/www.cbh-cyprus.com\/fr\/#website"},"primaryImageOfPage":{"@id":"https:\/\/www.cbh-cyprus.com\/fr\/the-group\/about-us\/#primaryimage"},"image":{"@id":"https:\/\/www.cbh-cyprus.com\/fr\/the-group\/about-us\/#primaryimage"},"thumbnailUrl":"https:\/\/www.cbh-cyprus.com\/app\/uploads\/sites\/30\/2019\/10\/asimina-suites-hotel-lifestyle_resized.jpg","datePublished":"2022-03-23T14:27:14+00:00","dateModified":"2024-09-13T13:21:40+00:00","description":"D\u00e9couvrez l'histoire de Constantinou Bros et de son excellente hospitalit\u00e9 \u00e0 Paphos, \u00e0 Chypre, un h\u00e9ritage qui a d\u00e9but\u00e9 en 1979 et qui se poursuit encore aujourd'hui.","breadcrumb":{"@id":"https:\/\/www.cbh-cyprus.com\/fr\/the-group\/about-us\/#breadcrumb"},"inLanguage":"fr-FR","potentialAction":[{"@type":"ReadAction","target":["https:\/\/www.cbh-cyprus.com\/fr\/the-group\/about-us\/"]}]},{"@type":"ImageObject","inLanguage":"fr-FR","@id":"https:\/\/www.cbh-cyprus.com\/fr\/the-group\/about-us\/#primaryimage","url":"https:\/\/www.cbh-cyprus.com\/app\/uploads\/sites\/30\/2019\/10\/asimina-suites-hotel-lifestyle_resized.jpg","contentUrl":"https:\/\/www.cbh-cyprus.com\/app\/uploads\/sites\/30\/2019\/10\/asimina-suites-hotel-lifestyle_resized.jpg","width":1920,"height":1290},{"@type":"BreadcrumbList","@id":"https:\/\/www.cbh-cyprus.com\/fr\/the-group\/about-us\/#breadcrumb","itemListElement":[{"@type":"ListItem","position":1,"name":"Home","item":"https:\/\/www.cbh-cyprus.com\/fr\/welcome-to-constantinou-bros-hotels\/"},{"@type":"ListItem","position":2,"name":"Le Groupe","item":"https:\/\/www.cbh-cyprus.com\/fr\/the-group\/"},{"@type":"ListItem","position":3,"name":"A propos de nous"}]},{"@type":"WebSite","@id":"https:\/\/www.cbh-cyprus.com\/fr\/#website","url":"https:\/\/www.cbh-cyprus.com\/fr\/","name":"Constantinou Bros Hotels","description":"Constantinou Bros Hotels","publisher":{"@id":"https:\/\/www.cbh-cyprus.com\/fr\/#organization"},"potentialAction":[{"@type":"SearchAction","target":{"@type":"EntryPoint","urlTemplate":"https:\/\/www.cbh-cyprus.com\/fr\/?s={search_term_string}"},"query-input":{"@type":"PropertyValueSpecification","valueRequired":true,"valueName":"search_term_string"}}],"inLanguage":"fr-FR"},{"@type":"Organization","@id":"https:\/\/www.cbh-cyprus.com\/fr\/#organization","name":"Constantinou Bros Hotels","url":"https:\/\/www.cbh-cyprus.com\/fr\/","logo":{"@type":"ImageObject","inLanguage":"fr-FR","@id":"https:\/\/www.cbh-cyprus.com\/fr\/#\/schema\/logo\/image\/","url":"https:\/\/www.cbh-cyprus.com\/app\/uploads\/sites\/30\/2020\/10\/cbh.jpg","contentUrl":"https:\/\/www.cbh-cyprus.com\/app\/uploads\/sites\/30\/2020\/10\/cbh.jpg","width":1013,"height":419,"caption":"Constantinou Bros Hotels"},"image":{"@id":"https:\/\/www.cbh-cyprus.com\/fr\/#\/schema\/logo\/image\/"}}]}},"_links":{"self":[{"href":"https:\/\/www.cbh-cyprus.com\/fr\/wp-json\/wp\/v2\/pages\/13792","targetHints":{"allow":["GET"]}}],"collection":[{"href":"https:\/\/www.cbh-cyprus.com\/fr\/wp-json\/wp\/v2\/pages"}],"about":[{"href":"https:\/\/www.cbh-cyprus.com\/fr\/wp-json\/wp\/v2\/types\/page"}],"author":[{"embeddable":true,"href":"https:\/\/www.cbh-cyprus.com\/fr\/wp-json\/wp\/v2\/users\/100"}],"replies":[{"embeddable":true,"href":"https:\/\/www.cbh-cyprus.com\/fr\/wp-json\/wp\/v2\/comments?post=13792"}],"version-history":[{"count":4,"href":"https:\/\/www.cbh-cyprus.com\/fr\/wp-json\/wp\/v2\/pages\/13792\/revisions"}],"predecessor-version":[{"id":41391,"href":"https:\/\/www.cbh-cyprus.com\/fr\/wp-json\/wp\/v2\/pages\/13792\/revisions\/41391"}],"up":[{"embeddable":true,"href":"https:\/\/www.cbh-cyprus.com\/fr\/wp-json\/wp\/v2\/pages\/13794"}],"wp:featuredmedia":[{"embeddable":true,"href":"https:\/\/www.cbh-cyprus.com\/fr\/wp-json\/wp\/v2\/media\/13141"}],"wp:attachment":[{"href":"https:\/\/www.cbh-cyprus.com\/fr\/wp-json\/wp\/v2\/media?parent=13792"}],"curies":[{"name":"wp","href":"https:\/\/api.w.org\/{rel}","templated":true}]}}