{"id":13796,"date":"2022-03-23T17:29:59","date_gmt":"2022-03-23T14:29:59","guid":{"rendered":"https:\/\/www.cbh-cyprus.com\/family-holidays-2\/"},"modified":"2024-09-13T12:03:20","modified_gmt":"2024-09-13T09:03:20","slug":"family-holidays","status":"publish","type":"page","link":"https:\/\/www.cbh-cyprus.com\/fr\/family-holidays\/","title":{"rendered":"Vacances en famille"},"content":{"rendered":"<p>L&rsquo;h\u00f4tel Athena Beach est un choix tr\u00e8s populaire pour les familles de tous \u00e2ges, car il propose un large \u00e9ventail d&rsquo;installations pour divertir votre famille, ainsi que de vastes jardins bien entretenus et de superbes terrains spacieux qui m\u00e8nent directement \u00e0 la plage.<br \/>\nL&rsquo;Athena Beach propose un large \u00e9ventail d&rsquo;installations, dont trois piscines d&rsquo;eau douce, une piscine int\u00e9rieure chauff\u00e9e, un jacuzzi int\u00e9rieur et ext\u00e9rieur, un court de tennis, une salle de sport, une table de ping-pong et un mini-golf.<br \/>\nLes installations pour enfants comprennent deux pataugeoires o\u00f9 les enfants peuvent barboter toute la journ\u00e9e, un toboggan aquatique, une aire de jeux pour enfants, des animations pour enfants et un club pour enfants (en \u00e9t\u00e9 seulement).<br \/>\nPendant que les enfants s&rsquo;amusent, les parents peuvent se d\u00e9tendre dans le spa Elixir, qui propose des massages th\u00e9rapeutiques, des soins d&rsquo;aromath\u00e9rapie, de thalassoth\u00e9rapie et d&rsquo;hydroth\u00e9rapie, un sauna et un bain de vapeur, un salon de coiffure et une salle de sport enti\u00e8rement \u00e9quip\u00e9e.<br \/>\nL&rsquo;Athena Beach Hotel est \u00e9galement r\u00e9put\u00e9 pour son excellente cuisine avec des menus internationaux vari\u00e9s pour tous les go\u00fbts. Il dispose de cinq restaurants, d&rsquo;un bar de plage qui sert \u00e9galement des repas l\u00e9gers et des collations, ainsi que d&rsquo;un bar de piscine et d&rsquo;un bar \u00e0 cocktails.<br \/>\nL&rsquo;Athena Beach Hotel propose une vari\u00e9t\u00e9 d&rsquo;h\u00e9bergements pour faciliter la vie des parents qui voyagent avec des enfants : chambre standard pour une famille de 3 personnes avec un lit suppl\u00e9mentaire, chambre duplex pouvant accueillir jusqu&rsquo;\u00e0 6 personnes, chambre communicante d&rsquo;une capacit\u00e9 maximale de 6 personnes et suite familiale d&rsquo;une chambre pouvant accueillir 4 personnes.<br \/>\nIl y a toujours quelque chose d&rsquo;amusant \u00e0 l&rsquo;h\u00f4tel Constantinou Bros Athena Beach.<br \/>\nDes activit\u00e9s et des jeux pour enfants sont propos\u00e9s plusieurs fois par semaine.         <\/p>\n<ul>\n<li>\u00c9tirements pour les enfants<\/li>\n<li>Casse-t\u00eate<\/li>\n<li>Art et Bricolages<\/li>\n<li>Quiz pour les enfants<\/li>\n<li>Jeux de m\u00e9moire<\/li>\n<li>Jeux de soci\u00e9t\u00e9<\/li>\n<li>Jeu Uno<\/li>\n<li>Peinture sur pierre<\/li>\n<li>Peinture au sel<\/li>\n<li>Jeu Jenga<\/li>\n<li>Bowling<\/li>\n<li>Regarder des dessins anim\u00e9s<\/li>\n<\/ul>\n<p>  Les enfants en vacances \u00e0 Paphos pourront \u00e9galement profiter du parc aquatique de Paphos, ainsi que de toute une gamme de sports nautiques \u00e0 proximit\u00e9, notamment le bateau banane, le ski nautique, le jet ski, le parachute ascensionnel, la plong\u00e9e et la p\u00eache.<br \/>\nL&rsquo;h\u00f4tel propose \u00e9galement des offres pour les familles monoparentales &#8211; veuillez appeler le <a href=\"tel:0035726964500\">00357 26 964500<\/a> pour plus de d\u00e9tails.<br \/>\nVeuillez contacter notre service de r\u00e9servation \u00e0 l&rsquo;adresse <a href=\"mailto:reservations@cbh-cyprus.com\"> reservations@cbh-cyprus.com <\/a> pour obtenir de plus amples informations et un devis pour vos vacances en famille \u00e0 Chypre.  <\/p>\n","protected":false},"excerpt":{"rendered":"<p>L&rsquo;h\u00f4tel Athena Beach est un choix tr\u00e8s populaire pour les familles de tous \u00e2ges, car il propose un large \u00e9ventail d&rsquo;installations pour divertir votre famille, ainsi que de vastes jardins bien entretenus et de superbes terrains spacieux qui m\u00e8nent directement \u00e0 la plage. L&rsquo;Athena Beach propose un large \u00e9ventail d&rsquo;installations, dont trois piscines d&rsquo;eau douce,<\/p>\n","protected":false},"author":100,"featured_media":12801,"parent":0,"menu_order":0,"comment_status":"closed","ping_status":"closed","template":"","meta":{"_acf_changed":false,"footnotes":""},"class_list":["post-13796","page","type-page","status-publish","has-post-thumbnail","hentry"],"acf":[],"yoast_head":"<!-- This site is optimized with the Yoast SEO plugin v27.3 - https:\/\/yoast.com\/product\/yoast-seo-wordpress\/ -->\n<title>Vacances en famille - Constantinou Bros Hotels<\/title>\n<meta name=\"robots\" content=\"index, follow, max-snippet:-1, max-image-preview:large, max-video-preview:-1\" \/>\n<link rel=\"canonical\" href=\"https:\/\/www.cbh-cyprus.com\/fr\/family-holidays\/\" \/>\n<meta property=\"og:locale\" content=\"fr_FR\" \/>\n<meta property=\"og:type\" content=\"article\" \/>\n<meta property=\"og:title\" content=\"Vacances en famille - Constantinou Bros Hotels\" \/>\n<meta property=\"og:description\" content=\"L&rsquo;h\u00f4tel Athena Beach est un choix tr\u00e8s populaire pour les familles de tous \u00e2ges, car il propose un large \u00e9ventail d&rsquo;installations pour divertir votre famille, ainsi que de vastes jardins bien entretenus et de superbes terrains spacieux qui m\u00e8nent directement \u00e0 la plage. L&rsquo;Athena Beach propose un large \u00e9ventail d&rsquo;installations, dont trois piscines d&rsquo;eau douce,\" \/>\n<meta property=\"og:url\" content=\"https:\/\/www.cbh-cyprus.com\/fr\/family-holidays\/\" \/>\n<meta property=\"og:site_name\" content=\"Constantinou Bros Hotels\" \/>\n<meta property=\"article:modified_time\" content=\"2024-09-13T09:03:20+00:00\" \/>\n<meta property=\"og:image\" content=\"https:\/\/www.cbh-cyprus.com\/app\/uploads\/sites\/30\/2021\/07\/75-ATHENA-BEACH-HOTEL-KIDS-CLUB.jpg\" \/>\n\t<meta property=\"og:image:width\" content=\"3766\" \/>\n\t<meta property=\"og:image:height\" content=\"2507\" \/>\n\t<meta property=\"og:image:type\" content=\"image\/jpeg\" \/>\n<meta name=\"twitter:card\" content=\"summary_large_image\" \/>\n<meta name=\"twitter:label1\" content=\"Dur\u00e9e de lecture estim\u00e9e\" \/>\n\t<meta name=\"twitter:data1\" content=\"2 minutes\" \/>\n<script type=\"application\/ld+json\" class=\"yoast-schema-graph\">{\"@context\":\"https:\\\/\\\/schema.org\",\"@graph\":[{\"@type\":\"WebPage\",\"@id\":\"https:\\\/\\\/www.cbh-cyprus.com\\\/fr\\\/family-holidays\\\/\",\"url\":\"https:\\\/\\\/www.cbh-cyprus.com\\\/fr\\\/family-holidays\\\/\",\"name\":\"Vacances en famille - Constantinou Bros Hotels\",\"isPartOf\":{\"@id\":\"https:\\\/\\\/www.cbh-cyprus.com\\\/fr\\\/#website\"},\"primaryImageOfPage\":{\"@id\":\"https:\\\/\\\/www.cbh-cyprus.com\\\/fr\\\/family-holidays\\\/#primaryimage\"},\"image\":{\"@id\":\"https:\\\/\\\/www.cbh-cyprus.com\\\/fr\\\/family-holidays\\\/#primaryimage\"},\"thumbnailUrl\":\"https:\\\/\\\/www.cbh-cyprus.com\\\/app\\\/uploads\\\/sites\\\/30\\\/2021\\\/07\\\/75-ATHENA-BEACH-HOTEL-KIDS-CLUB.jpg\",\"datePublished\":\"2022-03-23T14:29:59+00:00\",\"dateModified\":\"2024-09-13T09:03:20+00:00\",\"breadcrumb\":{\"@id\":\"https:\\\/\\\/www.cbh-cyprus.com\\\/fr\\\/family-holidays\\\/#breadcrumb\"},\"inLanguage\":\"fr-FR\",\"potentialAction\":[{\"@type\":\"ReadAction\",\"target\":[\"https:\\\/\\\/www.cbh-cyprus.com\\\/fr\\\/family-holidays\\\/\"]}]},{\"@type\":\"ImageObject\",\"inLanguage\":\"fr-FR\",\"@id\":\"https:\\\/\\\/www.cbh-cyprus.com\\\/fr\\\/family-holidays\\\/#primaryimage\",\"url\":\"https:\\\/\\\/www.cbh-cyprus.com\\\/app\\\/uploads\\\/sites\\\/30\\\/2021\\\/07\\\/75-ATHENA-BEACH-HOTEL-KIDS-CLUB.jpg\",\"contentUrl\":\"https:\\\/\\\/www.cbh-cyprus.com\\\/app\\\/uploads\\\/sites\\\/30\\\/2021\\\/07\\\/75-ATHENA-BEACH-HOTEL-KIDS-CLUB.jpg\",\"width\":3766,\"height\":2507},{\"@type\":\"BreadcrumbList\",\"@id\":\"https:\\\/\\\/www.cbh-cyprus.com\\\/fr\\\/family-holidays\\\/#breadcrumb\",\"itemListElement\":[{\"@type\":\"ListItem\",\"position\":1,\"name\":\"Home\",\"item\":\"https:\\\/\\\/www.cbh-cyprus.com\\\/fr\\\/welcome-to-constantinou-bros-hotels\\\/\"},{\"@type\":\"ListItem\",\"position\":2,\"name\":\"Vacances en famille\"}]},{\"@type\":\"WebSite\",\"@id\":\"https:\\\/\\\/www.cbh-cyprus.com\\\/fr\\\/#website\",\"url\":\"https:\\\/\\\/www.cbh-cyprus.com\\\/fr\\\/\",\"name\":\"Constantinou Bros Hotels\",\"description\":\"Constantinou Bros Hotels\",\"publisher\":{\"@id\":\"https:\\\/\\\/www.cbh-cyprus.com\\\/fr\\\/#organization\"},\"potentialAction\":[{\"@type\":\"SearchAction\",\"target\":{\"@type\":\"EntryPoint\",\"urlTemplate\":\"https:\\\/\\\/www.cbh-cyprus.com\\\/fr\\\/?s={search_term_string}\"},\"query-input\":{\"@type\":\"PropertyValueSpecification\",\"valueRequired\":true,\"valueName\":\"search_term_string\"}}],\"inLanguage\":\"fr-FR\"},{\"@type\":\"Organization\",\"@id\":\"https:\\\/\\\/www.cbh-cyprus.com\\\/fr\\\/#organization\",\"name\":\"Constantinou Bros Hotels\",\"url\":\"https:\\\/\\\/www.cbh-cyprus.com\\\/fr\\\/\",\"logo\":{\"@type\":\"ImageObject\",\"inLanguage\":\"fr-FR\",\"@id\":\"https:\\\/\\\/www.cbh-cyprus.com\\\/fr\\\/#\\\/schema\\\/logo\\\/image\\\/\",\"url\":\"https:\\\/\\\/www.cbh-cyprus.com\\\/app\\\/uploads\\\/sites\\\/30\\\/2020\\\/10\\\/cbh.jpg\",\"contentUrl\":\"https:\\\/\\\/www.cbh-cyprus.com\\\/app\\\/uploads\\\/sites\\\/30\\\/2020\\\/10\\\/cbh.jpg\",\"width\":1013,\"height\":419,\"caption\":\"Constantinou Bros Hotels\"},\"image\":{\"@id\":\"https:\\\/\\\/www.cbh-cyprus.com\\\/fr\\\/#\\\/schema\\\/logo\\\/image\\\/\"}}]}<\/script>\n<!-- \/ Yoast SEO plugin. -->","yoast_head_json":{"title":"Vacances en famille - Constantinou Bros Hotels","robots":{"index":"index","follow":"follow","max-snippet":"max-snippet:-1","max-image-preview":"max-image-preview:large","max-video-preview":"max-video-preview:-1"},"canonical":"https:\/\/www.cbh-cyprus.com\/fr\/family-holidays\/","og_locale":"fr_FR","og_type":"article","og_title":"Vacances en famille - Constantinou Bros Hotels","og_description":"L&rsquo;h\u00f4tel Athena Beach est un choix tr\u00e8s populaire pour les familles de tous \u00e2ges, car il propose un large \u00e9ventail d&rsquo;installations pour divertir votre famille, ainsi que de vastes jardins bien entretenus et de superbes terrains spacieux qui m\u00e8nent directement \u00e0 la plage. L&rsquo;Athena Beach propose un large \u00e9ventail d&rsquo;installations, dont trois piscines d&rsquo;eau douce,","og_url":"https:\/\/www.cbh-cyprus.com\/fr\/family-holidays\/","og_site_name":"Constantinou Bros Hotels","article_modified_time":"2024-09-13T09:03:20+00:00","og_image":[{"width":3766,"height":2507,"url":"https:\/\/www.cbh-cyprus.com\/app\/uploads\/sites\/30\/2021\/07\/75-ATHENA-BEACH-HOTEL-KIDS-CLUB.jpg","type":"image\/jpeg"}],"twitter_card":"summary_large_image","twitter_misc":{"Dur\u00e9e de lecture estim\u00e9e":"2 minutes"},"schema":{"@context":"https:\/\/schema.org","@graph":[{"@type":"WebPage","@id":"https:\/\/www.cbh-cyprus.com\/fr\/family-holidays\/","url":"https:\/\/www.cbh-cyprus.com\/fr\/family-holidays\/","name":"Vacances en famille - Constantinou Bros Hotels","isPartOf":{"@id":"https:\/\/www.cbh-cyprus.com\/fr\/#website"},"primaryImageOfPage":{"@id":"https:\/\/www.cbh-cyprus.com\/fr\/family-holidays\/#primaryimage"},"image":{"@id":"https:\/\/www.cbh-cyprus.com\/fr\/family-holidays\/#primaryimage"},"thumbnailUrl":"https:\/\/www.cbh-cyprus.com\/app\/uploads\/sites\/30\/2021\/07\/75-ATHENA-BEACH-HOTEL-KIDS-CLUB.jpg","datePublished":"2022-03-23T14:29:59+00:00","dateModified":"2024-09-13T09:03:20+00:00","breadcrumb":{"@id":"https:\/\/www.cbh-cyprus.com\/fr\/family-holidays\/#breadcrumb"},"inLanguage":"fr-FR","potentialAction":[{"@type":"ReadAction","target":["https:\/\/www.cbh-cyprus.com\/fr\/family-holidays\/"]}]},{"@type":"ImageObject","inLanguage":"fr-FR","@id":"https:\/\/www.cbh-cyprus.com\/fr\/family-holidays\/#primaryimage","url":"https:\/\/www.cbh-cyprus.com\/app\/uploads\/sites\/30\/2021\/07\/75-ATHENA-BEACH-HOTEL-KIDS-CLUB.jpg","contentUrl":"https:\/\/www.cbh-cyprus.com\/app\/uploads\/sites\/30\/2021\/07\/75-ATHENA-BEACH-HOTEL-KIDS-CLUB.jpg","width":3766,"height":2507},{"@type":"BreadcrumbList","@id":"https:\/\/www.cbh-cyprus.com\/fr\/family-holidays\/#breadcrumb","itemListElement":[{"@type":"ListItem","position":1,"name":"Home","item":"https:\/\/www.cbh-cyprus.com\/fr\/welcome-to-constantinou-bros-hotels\/"},{"@type":"ListItem","position":2,"name":"Vacances en famille"}]},{"@type":"WebSite","@id":"https:\/\/www.cbh-cyprus.com\/fr\/#website","url":"https:\/\/www.cbh-cyprus.com\/fr\/","name":"Constantinou Bros Hotels","description":"Constantinou Bros Hotels","publisher":{"@id":"https:\/\/www.cbh-cyprus.com\/fr\/#organization"},"potentialAction":[{"@type":"SearchAction","target":{"@type":"EntryPoint","urlTemplate":"https:\/\/www.cbh-cyprus.com\/fr\/?s={search_term_string}"},"query-input":{"@type":"PropertyValueSpecification","valueRequired":true,"valueName":"search_term_string"}}],"inLanguage":"fr-FR"},{"@type":"Organization","@id":"https:\/\/www.cbh-cyprus.com\/fr\/#organization","name":"Constantinou Bros Hotels","url":"https:\/\/www.cbh-cyprus.com\/fr\/","logo":{"@type":"ImageObject","inLanguage":"fr-FR","@id":"https:\/\/www.cbh-cyprus.com\/fr\/#\/schema\/logo\/image\/","url":"https:\/\/www.cbh-cyprus.com\/app\/uploads\/sites\/30\/2020\/10\/cbh.jpg","contentUrl":"https:\/\/www.cbh-cyprus.com\/app\/uploads\/sites\/30\/2020\/10\/cbh.jpg","width":1013,"height":419,"caption":"Constantinou Bros Hotels"},"image":{"@id":"https:\/\/www.cbh-cyprus.com\/fr\/#\/schema\/logo\/image\/"}}]}},"_links":{"self":[{"href":"https:\/\/www.cbh-cyprus.com\/fr\/wp-json\/wp\/v2\/pages\/13796","targetHints":{"allow":["GET"]}}],"collection":[{"href":"https:\/\/www.cbh-cyprus.com\/fr\/wp-json\/wp\/v2\/pages"}],"about":[{"href":"https:\/\/www.cbh-cyprus.com\/fr\/wp-json\/wp\/v2\/types\/page"}],"author":[{"embeddable":true,"href":"https:\/\/www.cbh-cyprus.com\/fr\/wp-json\/wp\/v2\/users\/100"}],"replies":[{"embeddable":true,"href":"https:\/\/www.cbh-cyprus.com\/fr\/wp-json\/wp\/v2\/comments?post=13796"}],"version-history":[{"count":2,"href":"https:\/\/www.cbh-cyprus.com\/fr\/wp-json\/wp\/v2\/pages\/13796\/revisions"}],"predecessor-version":[{"id":41332,"href":"https:\/\/www.cbh-cyprus.com\/fr\/wp-json\/wp\/v2\/pages\/13796\/revisions\/41332"}],"wp:featuredmedia":[{"embeddable":true,"href":"https:\/\/www.cbh-cyprus.com\/fr\/wp-json\/wp\/v2\/media\/12801"}],"wp:attachment":[{"href":"https:\/\/www.cbh-cyprus.com\/fr\/wp-json\/wp\/v2\/media?parent=13796"}],"curies":[{"name":"wp","href":"https:\/\/api.w.org\/{rel}","templated":true}]}}