{"id":13800,"date":"2022-03-23T17:36:56","date_gmt":"2022-03-23T14:36:56","guid":{"rendered":"https:\/\/www.cbh-cyprus.com\/employment\/"},"modified":"2025-09-04T12:12:10","modified_gmt":"2025-09-04T09:12:10","slug":"carrieres","status":"publish","type":"page","link":"https:\/\/www.cbh-cyprus.com\/fr\/carrieres\/","title":{"rendered":"Carri\u00e8res"},"content":{"rendered":"<div class=\"mb-2\">\n<p><span style=\"font-size: 16px;\">Comme nous l&rsquo;ont dit \u00e0 maintes reprises nos clients fid\u00e8les qui reviennent dans nos h\u00f4tels, notre plus grand atout est notre personnel : un personnel souriant, serviable et accueillant qui fait toute la diff\u00e9rence dans les vacances d&rsquo;une personne.<\/span><\/p>\n<\/div>\n<div class=\"\">\n<p>Notre personnel b\u00e9n\u00e9ficie d&rsquo;un environnement de travail professionnel, d&rsquo;une mise \u00e0 niveau professionnelle continue gr\u00e2ce \u00e0 un processus de s\u00e9lection et d&rsquo;\u00e9valuation et \u00e0 une formation r\u00e9pondant \u00e0 des normes \u00e9lev\u00e9es.<\/p>\n<p>Constantinou Bros Hotels Ltd vous invite \u00e0 vous donner l&rsquo;opportunit\u00e9 d&rsquo;une nouvelle carri\u00e8re dynamique, en travaillant avec des professionnels, en repr\u00e9sentant la meilleure cha\u00eene h\u00f4teli\u00e8re de Chypre dans le secteur passionnant et prometteur du tourisme !<\/p>\n<p>Si vous souhaitez rejoindre une organisation comme la n\u00f4tre, postulez aux postes vacants ci-dessous ou remplissez et envoyez le formulaire pour les postes vacants \u00e0 venir.<\/p>\n<p>Pour toute question relative \u00e0 l&#8217;emploi, veuillez contacter notre \u00e9quipe RH au <a href=\"tel:26964898\">26964898<\/a>. Pour soumettre une candidature MANUELLE, veuillez envoyer un courriel \u00e0 <a href=\"mailto:hr@cbh-cyprus.comc\">hr@cbh-cyprus.com<\/a> et joindre le formulaire de candidature d\u00fbment rempli ou votre CV.<\/p>\n<\/div>\n<h3>Postes \u00e0 pourvoir :<\/h3>\n<p>(Veuillez cliquer sur les titres des postes ci-dessous pour voir les qualifications requises)<\/p>\n<p>&nbsp;<\/p>\n<p><span style=\"color: #3366ff;\"><a style=\"color: #3366ff;\" href=\"https:\/\/www.cbh-cyprus.com\/app\/uploads\/sites\/30\/2025\/09\/guest-serv-manager-eng.png\" target=\"_blank\" rel=\"noopener\">Responsable des services \u00e0 la client\u00e8le<\/a><\/span><\/p>\n<p><span style=\"color: #3366ff;\"><a style=\"color: #3366ff;\" href=\"https:\/\/www.cbh-cyprus.com\/app\/uploads\/sites\/30\/2025\/09\/guest-services-A-eng.png\">Services d&rsquo;accueil A&rsquo;<\/a><\/span><\/p>\n<p><span style=\"color: #3366ff;\"><a style=\"color: #3366ff;\" href=\"https:\/\/www.cbh-cyprus.com\/app\/uploads\/sites\/30\/2025\/09\/receptionist-eng.png\" target=\"_blank\" rel=\"noopener\">R\u00e9ceptionniste <\/a><\/span><\/p>\n<p><span style=\"color: #3366ff;\"><a style=\"color: #3366ff;\" href=\"https:\/\/www.cbh-cyprus.com\/app\/uploads\/sites\/30\/2025\/09\/hairdresser-eng.png\" target=\"_blank\" rel=\"noopener noreferrer\">Coiffeurs-Elixir Spa Department<\/a><\/span><\/p>\n<p><span style=\"color: #3366ff;\"><a style=\"color: #3366ff;\" href=\"https:\/\/www.cbh-cyprus.com\/app\/uploads\/sites\/30\/2025\/09\/spa-therapist-eng.png\" target=\"_blank\" rel=\"noopener\">Th\u00e9rapeute en spa &#8211; Elixir Spa Department<\/a><\/span><\/p>\n<p><span style=\"color: #3366ff;\"><a style=\"color: #3366ff;\" href=\"https:\/\/www.cbh-cyprus.com\/app\/uploads\/sites\/30\/2025\/09\/physiotherapist-eng.png\" target=\"_blank\" rel=\"noopener noreferrer\">Physioth\u00e9rapeutes &#8211; D\u00e9partement Spa Elixir<\/a><\/span><\/p>\n<p><span style=\"color: #3366ff;\"><a style=\"color: #3366ff;\" href=\"https:\/\/www.cbh-cyprus.com\/app\/uploads\/sites\/30\/2025\/09\/secretary-eng.png\">Secr\u00e9taire<\/a><\/span><\/p>\n<p><span style=\"color: #3366ff;\"><a style=\"color: #3366ff;\" href=\"https:\/\/www.cbh-cyprus.com\/app\/uploads\/sites\/30\/2025\/09\/social-media-man-eng.png\">Responsable des m\u00e9dias sociaux <\/a><\/span><\/p>\n<p><span style=\"color: #3366ff;\"><a style=\"color: #3366ff;\" href=\"https:\/\/www.cbh-cyprus.com\/app\/uploads\/sites\/30\/2025\/09\/it-officer-eng.png\" target=\"_blank\" rel=\"noopener\"> Responsable informatique<\/a><\/span><\/p>\n<p><span style=\"color: #3366ff;\"><a style=\"color: #3366ff;\" href=\"https:\/\/www.cbh-cyprus.com\/app\/uploads\/sites\/30\/2025\/09\/Housekeepers-floor_-supervisors-eng.png\" target=\"_blank\" rel=\"noopener\">Superviseurs d&rsquo;\u00e9tage -Entretiens de locaux<\/a><\/span><\/p>\n<p><span style=\"color: #3366ff;\"><a style=\"color: #3366ff;\" href=\"https:\/\/www.cbh-cyprus.com\/app\/uploads\/sites\/30\/2025\/09\/2024-waiter-eng.png\" target=\"_blank\" rel=\"noopener\">Serveurs<\/a><\/span><\/p>\n<p><span style=\"color: #3366ff;\"><a style=\"color: #3366ff;\" href=\"https:\/\/www.cbh-cyprus.com\/app\/uploads\/sites\/30\/2025\/09\/chief-eng-eng.png\" target=\"_blank\" rel=\"noopener\">Ing\u00e9nieur en chef<\/a><\/span><\/p>\n<p>&nbsp;<\/p>\n<p>&nbsp;<\/p>\n","protected":false},"excerpt":{"rendered":"<p>Comme nous l&rsquo;ont dit \u00e0 maintes reprises nos clients fid\u00e8les qui reviennent dans nos h\u00f4tels, notre plus grand atout est notre personnel : un personnel souriant, serviable et accueillant qui fait toute la diff\u00e9rence dans les vacances d&rsquo;une personne. Notre personnel b\u00e9n\u00e9ficie d&rsquo;un environnement de travail professionnel, d&rsquo;une mise \u00e0 niveau professionnelle continue gr\u00e2ce \u00e0<\/p>\n","protected":false},"author":100,"featured_media":13145,"parent":0,"menu_order":0,"comment_status":"closed","ping_status":"closed","template":"","meta":{"_acf_changed":false,"footnotes":""},"class_list":["post-13800","page","type-page","status-publish","has-post-thumbnail","hentry"],"acf":[],"yoast_head":"<!-- This site is optimized with the Yoast SEO plugin v27.4 - https:\/\/yoast.com\/product\/yoast-seo-wordpress\/ -->\n<title>Constantinou Bros Carri\u00e8res - Rejoignez l&#039;\u00e9quipe - Constantinou Hotels<\/title>\n<meta name=\"description\" content=\"Consultez les offres d&#039;emploi de Constantinou Bros pour avoir une chance de rejoindre notre \u00e9quipe. Si vous pensez que vous correspondez au profil recherch\u00e9, nous serons heureux de vous prendre en consid\u00e9ration.\" \/>\n<meta name=\"robots\" content=\"index, follow, max-snippet:-1, max-image-preview:large, max-video-preview:-1\" \/>\n<link rel=\"canonical\" href=\"https:\/\/www.cbh-cyprus.com\/fr\/carrieres\/\" \/>\n<meta property=\"og:locale\" content=\"fr_FR\" \/>\n<meta property=\"og:type\" content=\"article\" \/>\n<meta property=\"og:title\" content=\"Constantinou Bros Carri\u00e8res - Rejoignez l&#039;\u00e9quipe - Constantinou Hotels\" \/>\n<meta property=\"og:description\" content=\"Consultez les offres d&#039;emploi de Constantinou Bros pour avoir une chance de rejoindre notre \u00e9quipe. Si vous pensez que vous correspondez au profil recherch\u00e9, nous serons heureux de vous prendre en consid\u00e9ration.\" \/>\n<meta property=\"og:url\" content=\"https:\/\/www.cbh-cyprus.com\/fr\/carrieres\/\" \/>\n<meta property=\"og:site_name\" content=\"Constantinou Bros Hotels\" \/>\n<meta property=\"article:modified_time\" content=\"2025-09-04T09:12:10+00:00\" \/>\n<meta property=\"og:image\" content=\"https:\/\/www.cbh-cyprus.com\/app\/uploads\/sites\/30\/2019\/10\/4-athena-royal-beach-hotel-pool-and-sea-view_resized.jpg\" \/>\n\t<meta property=\"og:image:width\" content=\"1920\" \/>\n\t<meta property=\"og:image:height\" content=\"1181\" \/>\n\t<meta property=\"og:image:type\" content=\"image\/jpeg\" \/>\n<meta name=\"twitter:card\" content=\"summary_large_image\" \/>\n<meta name=\"twitter:label1\" content=\"Dur\u00e9e de lecture estim\u00e9e\" \/>\n\t<meta name=\"twitter:data1\" content=\"2 minutes\" \/>\n<script type=\"application\/ld+json\" class=\"yoast-schema-graph\">{\"@context\":\"https:\\\/\\\/schema.org\",\"@graph\":[{\"@type\":\"WebPage\",\"@id\":\"https:\\\/\\\/www.cbh-cyprus.com\\\/fr\\\/carrieres\\\/\",\"url\":\"https:\\\/\\\/www.cbh-cyprus.com\\\/fr\\\/carrieres\\\/\",\"name\":\"Constantinou Bros Carri\u00e8res - Rejoignez l'\u00e9quipe - Constantinou Hotels\",\"isPartOf\":{\"@id\":\"https:\\\/\\\/www.cbh-cyprus.com\\\/fr\\\/#website\"},\"primaryImageOfPage\":{\"@id\":\"https:\\\/\\\/www.cbh-cyprus.com\\\/fr\\\/carrieres\\\/#primaryimage\"},\"image\":{\"@id\":\"https:\\\/\\\/www.cbh-cyprus.com\\\/fr\\\/carrieres\\\/#primaryimage\"},\"thumbnailUrl\":\"https:\\\/\\\/www.cbh-cyprus.com\\\/app\\\/uploads\\\/sites\\\/30\\\/2019\\\/10\\\/4-athena-royal-beach-hotel-pool-and-sea-view_resized.jpg\",\"datePublished\":\"2022-03-23T14:36:56+00:00\",\"dateModified\":\"2025-09-04T09:12:10+00:00\",\"description\":\"Consultez les offres d'emploi de Constantinou Bros pour avoir une chance de rejoindre notre \u00e9quipe. Si vous pensez que vous correspondez au profil recherch\u00e9, nous serons heureux de vous prendre en consid\u00e9ration.\",\"breadcrumb\":{\"@id\":\"https:\\\/\\\/www.cbh-cyprus.com\\\/fr\\\/carrieres\\\/#breadcrumb\"},\"inLanguage\":\"fr-FR\",\"potentialAction\":[{\"@type\":\"ReadAction\",\"target\":[\"https:\\\/\\\/www.cbh-cyprus.com\\\/fr\\\/carrieres\\\/\"]}]},{\"@type\":\"ImageObject\",\"inLanguage\":\"fr-FR\",\"@id\":\"https:\\\/\\\/www.cbh-cyprus.com\\\/fr\\\/carrieres\\\/#primaryimage\",\"url\":\"https:\\\/\\\/www.cbh-cyprus.com\\\/app\\\/uploads\\\/sites\\\/30\\\/2019\\\/10\\\/4-athena-royal-beach-hotel-pool-and-sea-view_resized.jpg\",\"contentUrl\":\"https:\\\/\\\/www.cbh-cyprus.com\\\/app\\\/uploads\\\/sites\\\/30\\\/2019\\\/10\\\/4-athena-royal-beach-hotel-pool-and-sea-view_resized.jpg\",\"width\":1920,\"height\":1181},{\"@type\":\"BreadcrumbList\",\"@id\":\"https:\\\/\\\/www.cbh-cyprus.com\\\/fr\\\/carrieres\\\/#breadcrumb\",\"itemListElement\":[{\"@type\":\"ListItem\",\"position\":1,\"name\":\"Home\",\"item\":\"https:\\\/\\\/www.cbh-cyprus.com\\\/fr\\\/welcome-to-constantinou-bros-hotels\\\/\"},{\"@type\":\"ListItem\",\"position\":2,\"name\":\"Carri\u00e8res\"}]},{\"@type\":\"WebSite\",\"@id\":\"https:\\\/\\\/www.cbh-cyprus.com\\\/fr\\\/#website\",\"url\":\"https:\\\/\\\/www.cbh-cyprus.com\\\/fr\\\/\",\"name\":\"Constantinou Bros Hotels\",\"description\":\"Constantinou Bros Hotels\",\"publisher\":{\"@id\":\"https:\\\/\\\/www.cbh-cyprus.com\\\/fr\\\/#organization\"},\"potentialAction\":[{\"@type\":\"SearchAction\",\"target\":{\"@type\":\"EntryPoint\",\"urlTemplate\":\"https:\\\/\\\/www.cbh-cyprus.com\\\/fr\\\/?s={search_term_string}\"},\"query-input\":{\"@type\":\"PropertyValueSpecification\",\"valueRequired\":true,\"valueName\":\"search_term_string\"}}],\"inLanguage\":\"fr-FR\"},{\"@type\":\"Organization\",\"@id\":\"https:\\\/\\\/www.cbh-cyprus.com\\\/fr\\\/#organization\",\"name\":\"Constantinou Bros Hotels\",\"url\":\"https:\\\/\\\/www.cbh-cyprus.com\\\/fr\\\/\",\"logo\":{\"@type\":\"ImageObject\",\"inLanguage\":\"fr-FR\",\"@id\":\"https:\\\/\\\/www.cbh-cyprus.com\\\/fr\\\/#\\\/schema\\\/logo\\\/image\\\/\",\"url\":\"https:\\\/\\\/www.cbh-cyprus.com\\\/app\\\/uploads\\\/sites\\\/30\\\/2020\\\/10\\\/cbh.jpg\",\"contentUrl\":\"https:\\\/\\\/www.cbh-cyprus.com\\\/app\\\/uploads\\\/sites\\\/30\\\/2020\\\/10\\\/cbh.jpg\",\"width\":1013,\"height\":419,\"caption\":\"Constantinou Bros Hotels\"},\"image\":{\"@id\":\"https:\\\/\\\/www.cbh-cyprus.com\\\/fr\\\/#\\\/schema\\\/logo\\\/image\\\/\"}}]}<\/script>\n<!-- \/ Yoast SEO plugin. -->","yoast_head_json":{"title":"Constantinou Bros Carri\u00e8res - Rejoignez l'\u00e9quipe - Constantinou Hotels","description":"Consultez les offres d'emploi de Constantinou Bros pour avoir une chance de rejoindre notre \u00e9quipe. Si vous pensez que vous correspondez au profil recherch\u00e9, nous serons heureux de vous prendre en consid\u00e9ration.","robots":{"index":"index","follow":"follow","max-snippet":"max-snippet:-1","max-image-preview":"max-image-preview:large","max-video-preview":"max-video-preview:-1"},"canonical":"https:\/\/www.cbh-cyprus.com\/fr\/carrieres\/","og_locale":"fr_FR","og_type":"article","og_title":"Constantinou Bros Carri\u00e8res - Rejoignez l'\u00e9quipe - Constantinou Hotels","og_description":"Consultez les offres d'emploi de Constantinou Bros pour avoir une chance de rejoindre notre \u00e9quipe. Si vous pensez que vous correspondez au profil recherch\u00e9, nous serons heureux de vous prendre en consid\u00e9ration.","og_url":"https:\/\/www.cbh-cyprus.com\/fr\/carrieres\/","og_site_name":"Constantinou Bros Hotels","article_modified_time":"2025-09-04T09:12:10+00:00","og_image":[{"width":1920,"height":1181,"url":"https:\/\/www.cbh-cyprus.com\/app\/uploads\/sites\/30\/2019\/10\/4-athena-royal-beach-hotel-pool-and-sea-view_resized.jpg","type":"image\/jpeg"}],"twitter_card":"summary_large_image","twitter_misc":{"Dur\u00e9e de lecture estim\u00e9e":"2 minutes"},"schema":{"@context":"https:\/\/schema.org","@graph":[{"@type":"WebPage","@id":"https:\/\/www.cbh-cyprus.com\/fr\/carrieres\/","url":"https:\/\/www.cbh-cyprus.com\/fr\/carrieres\/","name":"Constantinou Bros Carri\u00e8res - Rejoignez l'\u00e9quipe - Constantinou Hotels","isPartOf":{"@id":"https:\/\/www.cbh-cyprus.com\/fr\/#website"},"primaryImageOfPage":{"@id":"https:\/\/www.cbh-cyprus.com\/fr\/carrieres\/#primaryimage"},"image":{"@id":"https:\/\/www.cbh-cyprus.com\/fr\/carrieres\/#primaryimage"},"thumbnailUrl":"https:\/\/www.cbh-cyprus.com\/app\/uploads\/sites\/30\/2019\/10\/4-athena-royal-beach-hotel-pool-and-sea-view_resized.jpg","datePublished":"2022-03-23T14:36:56+00:00","dateModified":"2025-09-04T09:12:10+00:00","description":"Consultez les offres d'emploi de Constantinou Bros pour avoir une chance de rejoindre notre \u00e9quipe. Si vous pensez que vous correspondez au profil recherch\u00e9, nous serons heureux de vous prendre en consid\u00e9ration.","breadcrumb":{"@id":"https:\/\/www.cbh-cyprus.com\/fr\/carrieres\/#breadcrumb"},"inLanguage":"fr-FR","potentialAction":[{"@type":"ReadAction","target":["https:\/\/www.cbh-cyprus.com\/fr\/carrieres\/"]}]},{"@type":"ImageObject","inLanguage":"fr-FR","@id":"https:\/\/www.cbh-cyprus.com\/fr\/carrieres\/#primaryimage","url":"https:\/\/www.cbh-cyprus.com\/app\/uploads\/sites\/30\/2019\/10\/4-athena-royal-beach-hotel-pool-and-sea-view_resized.jpg","contentUrl":"https:\/\/www.cbh-cyprus.com\/app\/uploads\/sites\/30\/2019\/10\/4-athena-royal-beach-hotel-pool-and-sea-view_resized.jpg","width":1920,"height":1181},{"@type":"BreadcrumbList","@id":"https:\/\/www.cbh-cyprus.com\/fr\/carrieres\/#breadcrumb","itemListElement":[{"@type":"ListItem","position":1,"name":"Home","item":"https:\/\/www.cbh-cyprus.com\/fr\/welcome-to-constantinou-bros-hotels\/"},{"@type":"ListItem","position":2,"name":"Carri\u00e8res"}]},{"@type":"WebSite","@id":"https:\/\/www.cbh-cyprus.com\/fr\/#website","url":"https:\/\/www.cbh-cyprus.com\/fr\/","name":"Constantinou Bros Hotels","description":"Constantinou Bros Hotels","publisher":{"@id":"https:\/\/www.cbh-cyprus.com\/fr\/#organization"},"potentialAction":[{"@type":"SearchAction","target":{"@type":"EntryPoint","urlTemplate":"https:\/\/www.cbh-cyprus.com\/fr\/?s={search_term_string}"},"query-input":{"@type":"PropertyValueSpecification","valueRequired":true,"valueName":"search_term_string"}}],"inLanguage":"fr-FR"},{"@type":"Organization","@id":"https:\/\/www.cbh-cyprus.com\/fr\/#organization","name":"Constantinou Bros Hotels","url":"https:\/\/www.cbh-cyprus.com\/fr\/","logo":{"@type":"ImageObject","inLanguage":"fr-FR","@id":"https:\/\/www.cbh-cyprus.com\/fr\/#\/schema\/logo\/image\/","url":"https:\/\/www.cbh-cyprus.com\/app\/uploads\/sites\/30\/2020\/10\/cbh.jpg","contentUrl":"https:\/\/www.cbh-cyprus.com\/app\/uploads\/sites\/30\/2020\/10\/cbh.jpg","width":1013,"height":419,"caption":"Constantinou Bros Hotels"},"image":{"@id":"https:\/\/www.cbh-cyprus.com\/fr\/#\/schema\/logo\/image\/"}}]}},"_links":{"self":[{"href":"https:\/\/www.cbh-cyprus.com\/fr\/wp-json\/wp\/v2\/pages\/13800","targetHints":{"allow":["GET"]}}],"collection":[{"href":"https:\/\/www.cbh-cyprus.com\/fr\/wp-json\/wp\/v2\/pages"}],"about":[{"href":"https:\/\/www.cbh-cyprus.com\/fr\/wp-json\/wp\/v2\/types\/page"}],"author":[{"embeddable":true,"href":"https:\/\/www.cbh-cyprus.com\/fr\/wp-json\/wp\/v2\/users\/100"}],"replies":[{"embeddable":true,"href":"https:\/\/www.cbh-cyprus.com\/fr\/wp-json\/wp\/v2\/comments?post=13800"}],"version-history":[{"count":6,"href":"https:\/\/www.cbh-cyprus.com\/fr\/wp-json\/wp\/v2\/pages\/13800\/revisions"}],"predecessor-version":[{"id":46206,"href":"https:\/\/www.cbh-cyprus.com\/fr\/wp-json\/wp\/v2\/pages\/13800\/revisions\/46206"}],"wp:featuredmedia":[{"embeddable":true,"href":"https:\/\/www.cbh-cyprus.com\/fr\/wp-json\/wp\/v2\/media\/13145"}],"wp:attachment":[{"href":"https:\/\/www.cbh-cyprus.com\/fr\/wp-json\/wp\/v2\/media?parent=13800"}],"curies":[{"name":"wp","href":"https:\/\/api.w.org\/{rel}","templated":true}]}}