{"id":13802,"date":"2022-03-23T17:42:11","date_gmt":"2022-03-23T14:42:11","guid":{"rendered":"https:\/\/www.cbh-cyprus.com\/meetings\/"},"modified":"2024-09-13T12:12:30","modified_gmt":"2024-09-13T09:12:30","slug":"meetings","status":"publish","type":"page","link":"https:\/\/www.cbh-cyprus.com\/fr\/meetings\/","title":{"rendered":"R\u00e9unions"},"content":{"rendered":"<h1 class=\"home-pages-title title-size text-center pt-5 font-regular\">Lieux de conf\u00e9rence polyvalents et diversifi\u00e9s \u00e0 Paphos  <\/h1>\n<p>&nbsp;  Les h\u00f4tels Constantinou Bros disposent des excellentes installations n\u00e9cessaires pour r\u00e9pondre aux normes les plus \u00e9lev\u00e9es pour votre conf\u00e9rence, r\u00e9union ou \u00e9v\u00e9nement sp\u00e9cial.<br \/>\nNos h\u00f4tels sont tous situ\u00e9s dans un cadre naturel magnifique, offrent des salles de conf\u00e9rence m\u00e9ticuleusement am\u00e9nag\u00e9es avec un personnel d\u00e9vou\u00e9 pour vous assister et fournissent un \u00e9quipement audio et sonore de haute qualit\u00e9 ainsi que des services pour assurer le succ\u00e8s de votre \u00e9v\u00e9nement.<br \/>\nEn outre, le climat exceptionnel de Chypre, la grande vari\u00e9t\u00e9 de loisirs propos\u00e9s dans nos h\u00f4tels en journ\u00e9e et en soir\u00e9e, ainsi que la gastronomie, sont autant d&rsquo;atouts qui vous permettront de transformer vos r\u00e9unions d&rsquo;affaires en vacances m\u00e9morables.<br \/>\nPour de plus amples informations, veuillez contacter <a href=\"mailto:reservations@cbh-cyprus.com\">reservations@cbh-cyprus.com<\/a> ou visiter les h\u00f4tels individuels sur ce site.     <em><strong>D\u00e9couvrez ci-dessous les installations pour r\u00e9unions et \u00e9v\u00e9nements de chacun de nos h\u00f4tels&#8230;<\/strong><\/em><\/p>\n<h4><strong>ATHENA BEACH HOTEL<\/strong><\/h4>\n<div class=\"tab-content\">\n<div id=\"athena-beach-hotel\" class=\"tab-pane rl_tabs-pane nn_tabs-pane active blue\" role=\"tabpanel\" aria-labelledby=\"tab-athena-beach-hotel\" aria-hidden=\"false\">  Les salles de r\u00e9ception ont \u00e9t\u00e9 m\u00e9ticuleusement cr\u00e9\u00e9es pour capturer la beaut\u00e9 naturelle de la r\u00e9gion et la combiner avec notre service impeccable pour accueillir les groupes et les conventions les plus s\u00e9lectifs.<br \/>\nLes salles peuvent \u00eatre utilis\u00e9es comme salles de bridge et salles de danse.   <\/p>\n<p class=\"article_underlined\"><strong>Installations de conf\u00e9rence<\/strong><\/p>\n<ul>\n<li>R\u00e9troprojecteurs et projecteurs de diapositives avec grand \u00e9cran<\/li>\n<li>Podium<\/li>\n<li>Microphones<\/li>\n<li>T\u00e9l\u00e9vision grand \u00e9cran<\/li>\n<li>Tableaux de conf\u00e9rence<\/li>\n<li>Lecteurs vid\u00e9o et DVD<\/li>\n<\/ul>\n<p class=\"article_underlined\"><strong> Salles de r\u00e9union et de r\u00e9ception<\/strong><\/p>\n<table class=\"meetings\">\n<thead>\n<tr>\n<th>Chambre<\/th>\n<th>m<sup>2<\/sup><\/th>\n<th>Style th\u00e9\u00e2tre<\/th>\n<th>Salle de classe<\/th>\n<th>Cocktail de r\u00e9ception<\/th>\n<th>Forme en U<\/th>\n<th>Salle de conf\u00e9rence<\/th>\n<th>Banquet de gala<\/th>\n<\/tr>\n<\/thead>\n<tbody>\n<tr>\n<td>Athos<\/td>\n<td>352<\/td>\n<td>200<\/td>\n<td>150<\/td>\n<td>300<\/td>\n<td>60<\/td>\n<td>70<\/td>\n<td><\/td>\n<\/tr>\n<tr>\n<td>Saint-Rapha\u00ebl<\/td>\n<td>124<\/td>\n<td>100<\/td>\n<td>65<\/td>\n<td>120<\/td>\n<td>40<\/td>\n<td>40<\/td>\n<td>60<\/td>\n<\/tr>\n<tr>\n<td>Orph\u00e9e<\/td>\n<td>67<\/td>\n<td>30<\/td>\n<td>20<\/td>\n<td>40<\/td>\n<td><\/td>\n<td><\/td>\n<td><\/td>\n<\/tr>\n<tr>\n<td>Asimina<\/td>\n<td>130<\/td>\n<td><\/td>\n<td>20<\/td>\n<td>30<\/td>\n<td>20<\/td>\n<td>20<\/td>\n<td><\/td>\n<\/tr>\n<tr>\n<td>Evelina<\/td>\n<td>132<\/td>\n<td><\/td>\n<td>20<\/td>\n<td>30<\/td>\n<td>20<\/td>\n<td>20<\/td>\n<td><\/td>\n<\/tr>\n<\/tbody>\n<\/table>\n<p>  Pour de plus amples informations sur les r\u00e9unions et les \u00e9v\u00e9nements, veuillez contacter : <a href=\"mailto:reservations@athens-cbh.com\">reservations@athena-cbh.com<\/a><\/p>\n<h4><\/h4>\n<h4><strong>ATHENA ROYAL BEACH HOTEL<\/strong><\/h4>\n<p>  Les salles de r\u00e9ception ont \u00e9t\u00e9 m\u00e9ticuleusement cr\u00e9\u00e9es pour capturer la beaut\u00e9 naturelle de la r\u00e9gion et la combiner avec notre service impeccable pour accueillir les groupes et les conventions les plus s\u00e9lectifs.<br \/>\nLes salles peuvent \u00eatre utilis\u00e9es comme salles de bridge et salles de danse.<br \/>\nToutes les salles de r\u00e9ception sont d\u00e9pourvues de piliers.    <\/p>\n<p class=\"article_underlined\"><strong>Installations de conf\u00e9rence<\/strong><\/p>\n<ul>\n<li>Projecteur LCD et grand \u00e9cran<\/li>\n<li>Podium<\/li>\n<li>Microphones<\/li>\n<li>T\u00e9l\u00e9vision grand \u00e9cran<\/li>\n<li>Tableaux de conf\u00e9rence<\/li>\n<li>Lecteurs de DVD<\/li>\n<li>Combinaison d&rsquo;un lecteur CD et d&rsquo;une table de mixage<\/li>\n<\/ul>\n<p class=\"article_underlined\"><strong> Salles de r\u00e9union et de r\u00e9ception<\/strong><\/p>\n<table class=\"meetings\">\n<thead>\n<tr>\n<th>Chambre<\/th>\n<th>m<sup>2<\/sup><\/th>\n<th>Style th\u00e9\u00e2tre<\/th>\n<th>Salle de classe<\/th>\n<th>Cocktail de r\u00e9ception<\/th>\n<th>Forme en U<\/th>\n<th>Salle de conf\u00e9rence<\/th>\n<th>Banquet de gala<\/th>\n<\/tr>\n<\/thead>\n<tbody>\n<tr>\n<td>Salle royale<\/td>\n<td>493<\/td>\n<td>400<\/td>\n<td>310<\/td>\n<td>450<\/td>\n<td>90<\/td>\n<td>78<\/td>\n<td><\/td>\n<\/tr>\n<tr>\n<td>Salle Artemis<\/td>\n<td>572<\/td>\n<td>480<\/td>\n<td>350<\/td>\n<td>600<\/td>\n<td>100<\/td>\n<td>90<\/td>\n<td>300<\/td>\n<\/tr>\n<tr>\n<td>Eliada<\/td>\n<td>35<\/td>\n<td>30<\/td>\n<td>16<\/td>\n<td>20<\/td>\n<td>18<\/td>\n<td>10<\/td>\n<td>25<\/td>\n<\/tr>\n<tr>\n<td>Era<\/td>\n<td>35<\/td>\n<td>30<\/td>\n<td>16<\/td>\n<td>20<\/td>\n<td>18<\/td>\n<td>10<\/td>\n<td>25<\/td>\n<\/tr>\n<tr>\n<td>Ekali<\/td>\n<td>35<\/td>\n<td>30<\/td>\n<td>16<\/td>\n<td>20<\/td>\n<td>18<\/td>\n<td>10<\/td>\n<td>25<\/td>\n<\/tr>\n<\/tbody>\n<\/table>\n<p>  Pour plus d&rsquo;informations sur les r\u00e9unions et les \u00e9v\u00e9nements, veuillez contacter :  <a href=\"mailto:reservations@athenaroyal-cbh.com\">reservations@athenaroyal-cbh.com<\/a><\/p>\n<h4><strong> H\u00d4TEL PIONEER BEACH<\/strong><\/h4>\n<p> Les salles de r\u00e9ception ont \u00e9t\u00e9 m\u00e9ticuleusement cr\u00e9\u00e9es pour capturer la beaut\u00e9 naturelle de la r\u00e9gion et l&rsquo;associer \u00e0 notre service impeccable pour accueillir les groupes et les conventions les plus s\u00e9lectifs. <\/p>\n<p class=\"article_underlined\"><strong>Installations de conf\u00e9rence<\/strong><\/p>\n<ul>\n<li>R\u00e9troprojecteurs et projecteurs de diapositives avec grand \u00e9cran<\/li>\n<li>Podium<\/li>\n<li>Microphones<\/li>\n<li>Tableaux de conf\u00e9rence<\/li>\n<li>Lecteurs vid\u00e9o et DVD<\/li>\n<\/ul>\n<p class=\"article_underlined\"><strong> Salles de r\u00e9union et de r\u00e9ception<\/strong><\/p>\n<table class=\"meetings\">\n<thead>\n<tr>\n<th>Chambre<\/th>\n<th>m<sup>2<\/sup><\/th>\n<th>Style th\u00e9\u00e2tre<\/th>\n<th>Salle de classe<\/th>\n<th>Cocktail de r\u00e9ception<\/th>\n<th>Forme en U<\/th>\n<\/tr>\n<\/thead>\n<tbody>\n<tr>\n<td>Poseidonas<\/td>\n<td>255<\/td>\n<td>195<\/td>\n<td>100<\/td>\n<td>350<\/td>\n<td>200<\/td>\n<\/tr>\n<\/tbody>\n<\/table>\n<p>  Pour de plus amples informations sur les r\u00e9unions et les \u00e9v\u00e9nements, veuillez contacter : <a href=\"mailto:reservations@pioneer-cbh.com\">reservations@pioneer-cbh.com<\/a><\/p>\n<\/div>\n<\/div>\n","protected":false},"excerpt":{"rendered":"<p>Lieux de conf\u00e9rence polyvalents et diversifi\u00e9s \u00e0 Paphos &nbsp; Les h\u00f4tels Constantinou Bros disposent des excellentes installations n\u00e9cessaires pour r\u00e9pondre aux normes les plus \u00e9lev\u00e9es pour votre conf\u00e9rence, r\u00e9union ou \u00e9v\u00e9nement sp\u00e9cial. Nos h\u00f4tels sont tous situ\u00e9s dans un cadre naturel magnifique, offrent des salles de conf\u00e9rence m\u00e9ticuleusement am\u00e9nag\u00e9es avec un personnel d\u00e9vou\u00e9 pour vous<\/p>\n","protected":false},"author":100,"featured_media":13232,"parent":0,"menu_order":0,"comment_status":"closed","ping_status":"closed","template":"","meta":{"_acf_changed":false,"footnotes":""},"class_list":["post-13802","page","type-page","status-publish","has-post-thumbnail","hentry"],"acf":[],"yoast_head":"<!-- This site is optimized with the Yoast SEO plugin v27.3 - https:\/\/yoast.com\/product\/yoast-seo-wordpress\/ -->\n<title>Lieux de conf\u00e9rence \u00e0 Paphos, Chypre || Constantinou Hotels<\/title>\n<meta name=\"description\" content=\"Dans les quatre h\u00f4tels Constantinou Bros, nous disposons d&#039;une s\u00e9rie de salles de r\u00e9unions et de conf\u00e9rences diverses et multifonctionnelles \u00e0 Paphos, pour un certain nombre d&#039;occasions.\" \/>\n<meta name=\"robots\" content=\"index, follow, max-snippet:-1, max-image-preview:large, max-video-preview:-1\" \/>\n<link rel=\"canonical\" href=\"https:\/\/www.cbh-cyprus.com\/fr\/meetings\/\" \/>\n<meta property=\"og:locale\" content=\"fr_FR\" \/>\n<meta property=\"og:type\" content=\"article\" \/>\n<meta property=\"og:title\" content=\"Lieux de conf\u00e9rence \u00e0 Paphos, Chypre || Constantinou Hotels\" \/>\n<meta property=\"og:description\" content=\"Dans les quatre h\u00f4tels Constantinou Bros, nous disposons d&#039;une s\u00e9rie de salles de r\u00e9unions et de conf\u00e9rences diverses et multifonctionnelles \u00e0 Paphos, pour un certain nombre d&#039;occasions.\" \/>\n<meta property=\"og:url\" content=\"https:\/\/www.cbh-cyprus.com\/fr\/meetings\/\" \/>\n<meta property=\"og:site_name\" content=\"Constantinou Bros Hotels\" \/>\n<meta property=\"article:modified_time\" content=\"2024-09-13T09:12:30+00:00\" \/>\n<meta property=\"og:image\" content=\"https:\/\/www.cbh-cyprus.com\/app\/uploads\/sites\/30\/2019\/10\/athena-royal-beach-hotel-royal-hall-theater-style-2_resized.jpg\" \/>\n\t<meta property=\"og:image:width\" content=\"1920\" \/>\n\t<meta property=\"og:image:height\" content=\"1275\" \/>\n\t<meta property=\"og:image:type\" content=\"image\/jpeg\" \/>\n<meta name=\"twitter:card\" content=\"summary_large_image\" \/>\n<meta name=\"twitter:label1\" content=\"Dur\u00e9e de lecture estim\u00e9e\" \/>\n\t<meta name=\"twitter:data1\" content=\"3 minutes\" \/>\n<script type=\"application\/ld+json\" class=\"yoast-schema-graph\">{\"@context\":\"https:\\\/\\\/schema.org\",\"@graph\":[{\"@type\":\"WebPage\",\"@id\":\"https:\\\/\\\/www.cbh-cyprus.com\\\/fr\\\/meetings\\\/\",\"url\":\"https:\\\/\\\/www.cbh-cyprus.com\\\/fr\\\/meetings\\\/\",\"name\":\"Lieux de conf\u00e9rence \u00e0 Paphos, Chypre || Constantinou Hotels\",\"isPartOf\":{\"@id\":\"https:\\\/\\\/www.cbh-cyprus.com\\\/fr\\\/#website\"},\"primaryImageOfPage\":{\"@id\":\"https:\\\/\\\/www.cbh-cyprus.com\\\/fr\\\/meetings\\\/#primaryimage\"},\"image\":{\"@id\":\"https:\\\/\\\/www.cbh-cyprus.com\\\/fr\\\/meetings\\\/#primaryimage\"},\"thumbnailUrl\":\"https:\\\/\\\/www.cbh-cyprus.com\\\/app\\\/uploads\\\/sites\\\/30\\\/2019\\\/10\\\/athena-royal-beach-hotel-royal-hall-theater-style-2_resized.jpg\",\"datePublished\":\"2022-03-23T14:42:11+00:00\",\"dateModified\":\"2024-09-13T09:12:30+00:00\",\"description\":\"Dans les quatre h\u00f4tels Constantinou Bros, nous disposons d'une s\u00e9rie de salles de r\u00e9unions et de conf\u00e9rences diverses et multifonctionnelles \u00e0 Paphos, pour un certain nombre d'occasions.\",\"breadcrumb\":{\"@id\":\"https:\\\/\\\/www.cbh-cyprus.com\\\/fr\\\/meetings\\\/#breadcrumb\"},\"inLanguage\":\"fr-FR\",\"potentialAction\":[{\"@type\":\"ReadAction\",\"target\":[\"https:\\\/\\\/www.cbh-cyprus.com\\\/fr\\\/meetings\\\/\"]}]},{\"@type\":\"ImageObject\",\"inLanguage\":\"fr-FR\",\"@id\":\"https:\\\/\\\/www.cbh-cyprus.com\\\/fr\\\/meetings\\\/#primaryimage\",\"url\":\"https:\\\/\\\/www.cbh-cyprus.com\\\/app\\\/uploads\\\/sites\\\/30\\\/2019\\\/10\\\/athena-royal-beach-hotel-royal-hall-theater-style-2_resized.jpg\",\"contentUrl\":\"https:\\\/\\\/www.cbh-cyprus.com\\\/app\\\/uploads\\\/sites\\\/30\\\/2019\\\/10\\\/athena-royal-beach-hotel-royal-hall-theater-style-2_resized.jpg\",\"width\":1920,\"height\":1275,\"caption\":\"Royal Hall Theatre Style\"},{\"@type\":\"BreadcrumbList\",\"@id\":\"https:\\\/\\\/www.cbh-cyprus.com\\\/fr\\\/meetings\\\/#breadcrumb\",\"itemListElement\":[{\"@type\":\"ListItem\",\"position\":1,\"name\":\"Home\",\"item\":\"https:\\\/\\\/www.cbh-cyprus.com\\\/fr\\\/welcome-to-constantinou-bros-hotels\\\/\"},{\"@type\":\"ListItem\",\"position\":2,\"name\":\"R\u00e9unions\"}]},{\"@type\":\"WebSite\",\"@id\":\"https:\\\/\\\/www.cbh-cyprus.com\\\/fr\\\/#website\",\"url\":\"https:\\\/\\\/www.cbh-cyprus.com\\\/fr\\\/\",\"name\":\"Constantinou Bros Hotels\",\"description\":\"Constantinou Bros Hotels\",\"publisher\":{\"@id\":\"https:\\\/\\\/www.cbh-cyprus.com\\\/fr\\\/#organization\"},\"potentialAction\":[{\"@type\":\"SearchAction\",\"target\":{\"@type\":\"EntryPoint\",\"urlTemplate\":\"https:\\\/\\\/www.cbh-cyprus.com\\\/fr\\\/?s={search_term_string}\"},\"query-input\":{\"@type\":\"PropertyValueSpecification\",\"valueRequired\":true,\"valueName\":\"search_term_string\"}}],\"inLanguage\":\"fr-FR\"},{\"@type\":\"Organization\",\"@id\":\"https:\\\/\\\/www.cbh-cyprus.com\\\/fr\\\/#organization\",\"name\":\"Constantinou Bros Hotels\",\"url\":\"https:\\\/\\\/www.cbh-cyprus.com\\\/fr\\\/\",\"logo\":{\"@type\":\"ImageObject\",\"inLanguage\":\"fr-FR\",\"@id\":\"https:\\\/\\\/www.cbh-cyprus.com\\\/fr\\\/#\\\/schema\\\/logo\\\/image\\\/\",\"url\":\"https:\\\/\\\/www.cbh-cyprus.com\\\/app\\\/uploads\\\/sites\\\/30\\\/2020\\\/10\\\/cbh.jpg\",\"contentUrl\":\"https:\\\/\\\/www.cbh-cyprus.com\\\/app\\\/uploads\\\/sites\\\/30\\\/2020\\\/10\\\/cbh.jpg\",\"width\":1013,\"height\":419,\"caption\":\"Constantinou Bros Hotels\"},\"image\":{\"@id\":\"https:\\\/\\\/www.cbh-cyprus.com\\\/fr\\\/#\\\/schema\\\/logo\\\/image\\\/\"}}]}<\/script>\n<!-- \/ Yoast SEO plugin. -->","yoast_head_json":{"title":"Lieux de conf\u00e9rence \u00e0 Paphos, Chypre || Constantinou Hotels","description":"Dans les quatre h\u00f4tels Constantinou Bros, nous disposons d'une s\u00e9rie de salles de r\u00e9unions et de conf\u00e9rences diverses et multifonctionnelles \u00e0 Paphos, pour un certain nombre d'occasions.","robots":{"index":"index","follow":"follow","max-snippet":"max-snippet:-1","max-image-preview":"max-image-preview:large","max-video-preview":"max-video-preview:-1"},"canonical":"https:\/\/www.cbh-cyprus.com\/fr\/meetings\/","og_locale":"fr_FR","og_type":"article","og_title":"Lieux de conf\u00e9rence \u00e0 Paphos, Chypre || Constantinou Hotels","og_description":"Dans les quatre h\u00f4tels Constantinou Bros, nous disposons d'une s\u00e9rie de salles de r\u00e9unions et de conf\u00e9rences diverses et multifonctionnelles \u00e0 Paphos, pour un certain nombre d'occasions.","og_url":"https:\/\/www.cbh-cyprus.com\/fr\/meetings\/","og_site_name":"Constantinou Bros Hotels","article_modified_time":"2024-09-13T09:12:30+00:00","og_image":[{"width":1920,"height":1275,"url":"https:\/\/www.cbh-cyprus.com\/app\/uploads\/sites\/30\/2019\/10\/athena-royal-beach-hotel-royal-hall-theater-style-2_resized.jpg","type":"image\/jpeg"}],"twitter_card":"summary_large_image","twitter_misc":{"Dur\u00e9e de lecture estim\u00e9e":"3 minutes"},"schema":{"@context":"https:\/\/schema.org","@graph":[{"@type":"WebPage","@id":"https:\/\/www.cbh-cyprus.com\/fr\/meetings\/","url":"https:\/\/www.cbh-cyprus.com\/fr\/meetings\/","name":"Lieux de conf\u00e9rence \u00e0 Paphos, Chypre || Constantinou Hotels","isPartOf":{"@id":"https:\/\/www.cbh-cyprus.com\/fr\/#website"},"primaryImageOfPage":{"@id":"https:\/\/www.cbh-cyprus.com\/fr\/meetings\/#primaryimage"},"image":{"@id":"https:\/\/www.cbh-cyprus.com\/fr\/meetings\/#primaryimage"},"thumbnailUrl":"https:\/\/www.cbh-cyprus.com\/app\/uploads\/sites\/30\/2019\/10\/athena-royal-beach-hotel-royal-hall-theater-style-2_resized.jpg","datePublished":"2022-03-23T14:42:11+00:00","dateModified":"2024-09-13T09:12:30+00:00","description":"Dans les quatre h\u00f4tels Constantinou Bros, nous disposons d'une s\u00e9rie de salles de r\u00e9unions et de conf\u00e9rences diverses et multifonctionnelles \u00e0 Paphos, pour un certain nombre d'occasions.","breadcrumb":{"@id":"https:\/\/www.cbh-cyprus.com\/fr\/meetings\/#breadcrumb"},"inLanguage":"fr-FR","potentialAction":[{"@type":"ReadAction","target":["https:\/\/www.cbh-cyprus.com\/fr\/meetings\/"]}]},{"@type":"ImageObject","inLanguage":"fr-FR","@id":"https:\/\/www.cbh-cyprus.com\/fr\/meetings\/#primaryimage","url":"https:\/\/www.cbh-cyprus.com\/app\/uploads\/sites\/30\/2019\/10\/athena-royal-beach-hotel-royal-hall-theater-style-2_resized.jpg","contentUrl":"https:\/\/www.cbh-cyprus.com\/app\/uploads\/sites\/30\/2019\/10\/athena-royal-beach-hotel-royal-hall-theater-style-2_resized.jpg","width":1920,"height":1275,"caption":"Royal Hall Theatre Style"},{"@type":"BreadcrumbList","@id":"https:\/\/www.cbh-cyprus.com\/fr\/meetings\/#breadcrumb","itemListElement":[{"@type":"ListItem","position":1,"name":"Home","item":"https:\/\/www.cbh-cyprus.com\/fr\/welcome-to-constantinou-bros-hotels\/"},{"@type":"ListItem","position":2,"name":"R\u00e9unions"}]},{"@type":"WebSite","@id":"https:\/\/www.cbh-cyprus.com\/fr\/#website","url":"https:\/\/www.cbh-cyprus.com\/fr\/","name":"Constantinou Bros Hotels","description":"Constantinou Bros Hotels","publisher":{"@id":"https:\/\/www.cbh-cyprus.com\/fr\/#organization"},"potentialAction":[{"@type":"SearchAction","target":{"@type":"EntryPoint","urlTemplate":"https:\/\/www.cbh-cyprus.com\/fr\/?s={search_term_string}"},"query-input":{"@type":"PropertyValueSpecification","valueRequired":true,"valueName":"search_term_string"}}],"inLanguage":"fr-FR"},{"@type":"Organization","@id":"https:\/\/www.cbh-cyprus.com\/fr\/#organization","name":"Constantinou Bros Hotels","url":"https:\/\/www.cbh-cyprus.com\/fr\/","logo":{"@type":"ImageObject","inLanguage":"fr-FR","@id":"https:\/\/www.cbh-cyprus.com\/fr\/#\/schema\/logo\/image\/","url":"https:\/\/www.cbh-cyprus.com\/app\/uploads\/sites\/30\/2020\/10\/cbh.jpg","contentUrl":"https:\/\/www.cbh-cyprus.com\/app\/uploads\/sites\/30\/2020\/10\/cbh.jpg","width":1013,"height":419,"caption":"Constantinou Bros Hotels"},"image":{"@id":"https:\/\/www.cbh-cyprus.com\/fr\/#\/schema\/logo\/image\/"}}]}},"_links":{"self":[{"href":"https:\/\/www.cbh-cyprus.com\/fr\/wp-json\/wp\/v2\/pages\/13802","targetHints":{"allow":["GET"]}}],"collection":[{"href":"https:\/\/www.cbh-cyprus.com\/fr\/wp-json\/wp\/v2\/pages"}],"about":[{"href":"https:\/\/www.cbh-cyprus.com\/fr\/wp-json\/wp\/v2\/types\/page"}],"author":[{"embeddable":true,"href":"https:\/\/www.cbh-cyprus.com\/fr\/wp-json\/wp\/v2\/users\/100"}],"replies":[{"embeddable":true,"href":"https:\/\/www.cbh-cyprus.com\/fr\/wp-json\/wp\/v2\/comments?post=13802"}],"version-history":[{"count":5,"href":"https:\/\/www.cbh-cyprus.com\/fr\/wp-json\/wp\/v2\/pages\/13802\/revisions"}],"predecessor-version":[{"id":41343,"href":"https:\/\/www.cbh-cyprus.com\/fr\/wp-json\/wp\/v2\/pages\/13802\/revisions\/41343"}],"wp:featuredmedia":[{"embeddable":true,"href":"https:\/\/www.cbh-cyprus.com\/fr\/wp-json\/wp\/v2\/media\/13232"}],"wp:attachment":[{"href":"https:\/\/www.cbh-cyprus.com\/fr\/wp-json\/wp\/v2\/media?parent=13802"}],"curies":[{"name":"wp","href":"https:\/\/api.w.org\/{rel}","templated":true}]}}