{"id":13804,"date":"2022-03-23T17:48:17","date_gmt":"2022-03-23T14:48:17","guid":{"rendered":"https:\/\/www.cbh-cyprus.com\/adults-focused-holidays\/"},"modified":"2024-09-13T11:43:01","modified_gmt":"2024-09-13T08:43:01","slug":"adults-focused-holidays","status":"publish","type":"page","link":"https:\/\/www.cbh-cyprus.com\/fr\/adults-focused-holidays\/","title":{"rendered":"Vacances pour adultes seulement"},"content":{"rendered":"<h1>Profitez de vacances tranquilles pour adultes \u00e0 Chypre<\/h1>\n<p>&nbsp;  Les h\u00f4tels Constantinou Bros proposent des vacances r\u00e9serv\u00e9es aux adultes dans un environnement relaxant et sans enfants, avec des journ\u00e9es paisibles au bord de la piscine et un programme de divertissement et de loisir visant \u00e0 cr\u00e9er des vacances parfaites pour les adultes.<br \/>\nLes h\u00f4tels Constantinou Bros sont r\u00e9put\u00e9s pour avoir d\u00e9velopp\u00e9 le concept de vacances r\u00e9serv\u00e9es aux adultes \u00e0 Paphos et proposent une gamme d&rsquo;h\u00f4tels adapt\u00e9s \u00e0 votre budget et \u00e0 vos exigences en mati\u00e8re de vacances.<br \/>\nL&rsquo;<strong>Athena Royal Beach Hotel<\/strong> est un h\u00f4tel sup\u00e9rieur, moderne et \u00e9l\u00e9gant, situ\u00e9 en bord de mer, dans un cadre luxueux. Il propose un large \u00e9ventail d&rsquo;installations de loisirs, dont trois piscines d&rsquo;eau douce et jacuzzis, une piscine couverte chauff\u00e9e, un court de tennis et des terrains de boules int\u00e9rieurs et ext\u00e9rieurs.<br \/>\nL&rsquo;h\u00f4tel est exclusivement con\u00e7u pour les adultes et offre un environnement vraiment relaxant et tranquille.<br \/>\nLe <strong>Pioneer Beach Hotel<\/strong> est une station baln\u00e9aire de premier ordre qui offre un confort exceptionnel et de nombreux \u00e9quipements dans une atmosph\u00e8re d\u00e9tendue et amicale, destin\u00e9e exclusivement aux adultes et aux couples exigeants.<br \/>\nLe Pioneer Beach Hotel dispose d&rsquo;un grand nombre d&rsquo;installations sportives et de loisirs, notamment une piscine ext\u00e9rieure et int\u00e9rieure, un jacuzzi, un court de tennis et un terrain de p\u00e9tanque int\u00e9rieur et ext\u00e9rieur.<br \/>\nL&rsquo;<strong>Athena Beach Hotel<\/strong> est un h\u00f4tel sup\u00e9rieur qui a \u00e9t\u00e9 somptueusement r\u00e9nov\u00e9 et g\u00e9n\u00e9reusement am\u00e9lior\u00e9 avec encore plus d&rsquo;\u00e9quipements, offrant fi\u00e8rement \u00e0 ses clients un superbe niveau de service et de confort, \u00e9quivalent \u00e0 celui d&rsquo;un luxueux h\u00f4tel 5 \u00e9toiles.<br \/>\nEn outre, l&rsquo;Athena Beach Hotel propose une zone exclusive r\u00e9serv\u00e9e aux adultes (plus de 16 ans), comprenant une piscine s\u00e9par\u00e9e, une aire de bronzage, un bar de piscine pour adultes et un restaurant r\u00e9serv\u00e9 aux adultes pour le petit-d\u00e9jeuner et le d\u00eener.<br \/>\nL&rsquo;<strong>Asimina Suites Hotel<\/strong> est un h\u00f4tel 5 \u00e9toiles compos\u00e9 de suites et dot\u00e9 d&rsquo;installations h\u00f4teli\u00e8res et de spa luxueuses, ainsi que d&rsquo;un large \u00e9ventail de possibilit\u00e9s de restauration \u00e0 l&rsquo;ext\u00e9rieur et \u00e0 l&rsquo;int\u00e9rieur. Il est situ\u00e9 dans des jardins bien entretenus, sur une magnifique plage de sable, et s&rsquo;adresse exclusivement \u00e0 des adultes exigeants qui appr\u00e9cient un environnement exclusif et v\u00e9ritablement paisible pour une relaxation totale.          &nbsp;<\/p>\n","protected":false},"excerpt":{"rendered":"<p>Profitez de vacances tranquilles pour adultes \u00e0 Chypre &nbsp; Les h\u00f4tels Constantinou Bros proposent des vacances r\u00e9serv\u00e9es aux adultes dans un environnement relaxant et sans enfants, avec des journ\u00e9es paisibles au bord de la piscine et un programme de divertissement et de loisir visant \u00e0 cr\u00e9er des vacances parfaites pour les adultes. Les h\u00f4tels Constantinou<\/p>\n","protected":false},"author":100,"featured_media":13130,"parent":0,"menu_order":0,"comment_status":"closed","ping_status":"closed","template":"","meta":{"_acf_changed":false,"footnotes":""},"class_list":["post-13804","page","type-page","status-publish","has-post-thumbnail","hentry"],"acf":[],"yoast_head":"<!-- This site is optimized with the Yoast SEO plugin v27.3 - https:\/\/yoast.com\/product\/yoast-seo-wordpress\/ -->\n<title>Vacances \u00e0 Chypre pour adultes seulement - Constantinou Bros Hotels<\/title>\n<meta name=\"description\" content=\"Les h\u00f4tels Constantinou Bros cr\u00e9ent le concept de vacances r\u00e9serv\u00e9es aux adultes \u00e0 Paphos, \u00e0 Chypre, en proposant une gamme d&#039;h\u00f4tels adapt\u00e9s \u00e0 votre budget et \u00e0 vos besoins.\" \/>\n<meta name=\"robots\" content=\"index, follow, max-snippet:-1, max-image-preview:large, max-video-preview:-1\" \/>\n<link rel=\"canonical\" href=\"https:\/\/www.cbh-cyprus.com\/fr\/adults-focused-holidays\/\" \/>\n<meta property=\"og:locale\" content=\"fr_FR\" \/>\n<meta property=\"og:type\" content=\"article\" \/>\n<meta property=\"og:title\" content=\"Vacances \u00e0 Chypre pour adultes seulement - Constantinou Bros Hotels\" \/>\n<meta property=\"og:description\" content=\"Les h\u00f4tels Constantinou Bros cr\u00e9ent le concept de vacances r\u00e9serv\u00e9es aux adultes \u00e0 Paphos, \u00e0 Chypre, en proposant une gamme d&#039;h\u00f4tels adapt\u00e9s \u00e0 votre budget et \u00e0 vos besoins.\" \/>\n<meta property=\"og:url\" content=\"https:\/\/www.cbh-cyprus.com\/fr\/adults-focused-holidays\/\" \/>\n<meta property=\"og:site_name\" content=\"Constantinou Bros Hotels\" \/>\n<meta property=\"article:modified_time\" content=\"2024-09-13T08:43:01+00:00\" \/>\n<meta property=\"og:image\" content=\"https:\/\/www.cbh-cyprus.com\/app\/uploads\/sites\/30\/2019\/10\/42-asimina-suites-hotel-private-dinner-by-the-beach_resized.jpg\" \/>\n\t<meta property=\"og:image:width\" content=\"1920\" \/>\n\t<meta property=\"og:image:height\" content=\"1277\" \/>\n\t<meta property=\"og:image:type\" content=\"image\/jpeg\" \/>\n<meta name=\"twitter:card\" content=\"summary_large_image\" \/>\n<meta name=\"twitter:label1\" content=\"Dur\u00e9e de lecture estim\u00e9e\" \/>\n\t<meta name=\"twitter:data1\" content=\"2 minutes\" \/>\n<script type=\"application\/ld+json\" class=\"yoast-schema-graph\">{\"@context\":\"https:\\\/\\\/schema.org\",\"@graph\":[{\"@type\":\"WebPage\",\"@id\":\"https:\\\/\\\/www.cbh-cyprus.com\\\/fr\\\/adults-focused-holidays\\\/\",\"url\":\"https:\\\/\\\/www.cbh-cyprus.com\\\/fr\\\/adults-focused-holidays\\\/\",\"name\":\"Vacances \u00e0 Chypre pour adultes seulement - Constantinou Bros Hotels\",\"isPartOf\":{\"@id\":\"https:\\\/\\\/www.cbh-cyprus.com\\\/fr\\\/#website\"},\"primaryImageOfPage\":{\"@id\":\"https:\\\/\\\/www.cbh-cyprus.com\\\/fr\\\/adults-focused-holidays\\\/#primaryimage\"},\"image\":{\"@id\":\"https:\\\/\\\/www.cbh-cyprus.com\\\/fr\\\/adults-focused-holidays\\\/#primaryimage\"},\"thumbnailUrl\":\"https:\\\/\\\/www.cbh-cyprus.com\\\/app\\\/uploads\\\/sites\\\/30\\\/2019\\\/10\\\/42-asimina-suites-hotel-private-dinner-by-the-beach_resized.jpg\",\"datePublished\":\"2022-03-23T14:48:17+00:00\",\"dateModified\":\"2024-09-13T08:43:01+00:00\",\"description\":\"Les h\u00f4tels Constantinou Bros cr\u00e9ent le concept de vacances r\u00e9serv\u00e9es aux adultes \u00e0 Paphos, \u00e0 Chypre, en proposant une gamme d'h\u00f4tels adapt\u00e9s \u00e0 votre budget et \u00e0 vos besoins.\",\"breadcrumb\":{\"@id\":\"https:\\\/\\\/www.cbh-cyprus.com\\\/fr\\\/adults-focused-holidays\\\/#breadcrumb\"},\"inLanguage\":\"fr-FR\",\"potentialAction\":[{\"@type\":\"ReadAction\",\"target\":[\"https:\\\/\\\/www.cbh-cyprus.com\\\/fr\\\/adults-focused-holidays\\\/\"]}]},{\"@type\":\"ImageObject\",\"inLanguage\":\"fr-FR\",\"@id\":\"https:\\\/\\\/www.cbh-cyprus.com\\\/fr\\\/adults-focused-holidays\\\/#primaryimage\",\"url\":\"https:\\\/\\\/www.cbh-cyprus.com\\\/app\\\/uploads\\\/sites\\\/30\\\/2019\\\/10\\\/42-asimina-suites-hotel-private-dinner-by-the-beach_resized.jpg\",\"contentUrl\":\"https:\\\/\\\/www.cbh-cyprus.com\\\/app\\\/uploads\\\/sites\\\/30\\\/2019\\\/10\\\/42-asimina-suites-hotel-private-dinner-by-the-beach_resized.jpg\",\"width\":1920,\"height\":1277},{\"@type\":\"BreadcrumbList\",\"@id\":\"https:\\\/\\\/www.cbh-cyprus.com\\\/fr\\\/adults-focused-holidays\\\/#breadcrumb\",\"itemListElement\":[{\"@type\":\"ListItem\",\"position\":1,\"name\":\"Home\",\"item\":\"https:\\\/\\\/www.cbh-cyprus.com\\\/fr\\\/welcome-to-constantinou-bros-hotels\\\/\"},{\"@type\":\"ListItem\",\"position\":2,\"name\":\"Vacances pour adultes seulement\"}]},{\"@type\":\"WebSite\",\"@id\":\"https:\\\/\\\/www.cbh-cyprus.com\\\/fr\\\/#website\",\"url\":\"https:\\\/\\\/www.cbh-cyprus.com\\\/fr\\\/\",\"name\":\"Constantinou Bros Hotels\",\"description\":\"Constantinou Bros Hotels\",\"publisher\":{\"@id\":\"https:\\\/\\\/www.cbh-cyprus.com\\\/fr\\\/#organization\"},\"potentialAction\":[{\"@type\":\"SearchAction\",\"target\":{\"@type\":\"EntryPoint\",\"urlTemplate\":\"https:\\\/\\\/www.cbh-cyprus.com\\\/fr\\\/?s={search_term_string}\"},\"query-input\":{\"@type\":\"PropertyValueSpecification\",\"valueRequired\":true,\"valueName\":\"search_term_string\"}}],\"inLanguage\":\"fr-FR\"},{\"@type\":\"Organization\",\"@id\":\"https:\\\/\\\/www.cbh-cyprus.com\\\/fr\\\/#organization\",\"name\":\"Constantinou Bros Hotels\",\"url\":\"https:\\\/\\\/www.cbh-cyprus.com\\\/fr\\\/\",\"logo\":{\"@type\":\"ImageObject\",\"inLanguage\":\"fr-FR\",\"@id\":\"https:\\\/\\\/www.cbh-cyprus.com\\\/fr\\\/#\\\/schema\\\/logo\\\/image\\\/\",\"url\":\"https:\\\/\\\/www.cbh-cyprus.com\\\/app\\\/uploads\\\/sites\\\/30\\\/2020\\\/10\\\/cbh.jpg\",\"contentUrl\":\"https:\\\/\\\/www.cbh-cyprus.com\\\/app\\\/uploads\\\/sites\\\/30\\\/2020\\\/10\\\/cbh.jpg\",\"width\":1013,\"height\":419,\"caption\":\"Constantinou Bros Hotels\"},\"image\":{\"@id\":\"https:\\\/\\\/www.cbh-cyprus.com\\\/fr\\\/#\\\/schema\\\/logo\\\/image\\\/\"}}]}<\/script>\n<!-- \/ Yoast SEO plugin. -->","yoast_head_json":{"title":"Vacances \u00e0 Chypre pour adultes seulement - Constantinou Bros Hotels","description":"Les h\u00f4tels Constantinou Bros cr\u00e9ent le concept de vacances r\u00e9serv\u00e9es aux adultes \u00e0 Paphos, \u00e0 Chypre, en proposant une gamme d'h\u00f4tels adapt\u00e9s \u00e0 votre budget et \u00e0 vos besoins.","robots":{"index":"index","follow":"follow","max-snippet":"max-snippet:-1","max-image-preview":"max-image-preview:large","max-video-preview":"max-video-preview:-1"},"canonical":"https:\/\/www.cbh-cyprus.com\/fr\/adults-focused-holidays\/","og_locale":"fr_FR","og_type":"article","og_title":"Vacances \u00e0 Chypre pour adultes seulement - Constantinou Bros Hotels","og_description":"Les h\u00f4tels Constantinou Bros cr\u00e9ent le concept de vacances r\u00e9serv\u00e9es aux adultes \u00e0 Paphos, \u00e0 Chypre, en proposant une gamme d'h\u00f4tels adapt\u00e9s \u00e0 votre budget et \u00e0 vos besoins.","og_url":"https:\/\/www.cbh-cyprus.com\/fr\/adults-focused-holidays\/","og_site_name":"Constantinou Bros Hotels","article_modified_time":"2024-09-13T08:43:01+00:00","og_image":[{"width":1920,"height":1277,"url":"https:\/\/www.cbh-cyprus.com\/app\/uploads\/sites\/30\/2019\/10\/42-asimina-suites-hotel-private-dinner-by-the-beach_resized.jpg","type":"image\/jpeg"}],"twitter_card":"summary_large_image","twitter_misc":{"Dur\u00e9e de lecture estim\u00e9e":"2 minutes"},"schema":{"@context":"https:\/\/schema.org","@graph":[{"@type":"WebPage","@id":"https:\/\/www.cbh-cyprus.com\/fr\/adults-focused-holidays\/","url":"https:\/\/www.cbh-cyprus.com\/fr\/adults-focused-holidays\/","name":"Vacances \u00e0 Chypre pour adultes seulement - Constantinou Bros Hotels","isPartOf":{"@id":"https:\/\/www.cbh-cyprus.com\/fr\/#website"},"primaryImageOfPage":{"@id":"https:\/\/www.cbh-cyprus.com\/fr\/adults-focused-holidays\/#primaryimage"},"image":{"@id":"https:\/\/www.cbh-cyprus.com\/fr\/adults-focused-holidays\/#primaryimage"},"thumbnailUrl":"https:\/\/www.cbh-cyprus.com\/app\/uploads\/sites\/30\/2019\/10\/42-asimina-suites-hotel-private-dinner-by-the-beach_resized.jpg","datePublished":"2022-03-23T14:48:17+00:00","dateModified":"2024-09-13T08:43:01+00:00","description":"Les h\u00f4tels Constantinou Bros cr\u00e9ent le concept de vacances r\u00e9serv\u00e9es aux adultes \u00e0 Paphos, \u00e0 Chypre, en proposant une gamme d'h\u00f4tels adapt\u00e9s \u00e0 votre budget et \u00e0 vos besoins.","breadcrumb":{"@id":"https:\/\/www.cbh-cyprus.com\/fr\/adults-focused-holidays\/#breadcrumb"},"inLanguage":"fr-FR","potentialAction":[{"@type":"ReadAction","target":["https:\/\/www.cbh-cyprus.com\/fr\/adults-focused-holidays\/"]}]},{"@type":"ImageObject","inLanguage":"fr-FR","@id":"https:\/\/www.cbh-cyprus.com\/fr\/adults-focused-holidays\/#primaryimage","url":"https:\/\/www.cbh-cyprus.com\/app\/uploads\/sites\/30\/2019\/10\/42-asimina-suites-hotel-private-dinner-by-the-beach_resized.jpg","contentUrl":"https:\/\/www.cbh-cyprus.com\/app\/uploads\/sites\/30\/2019\/10\/42-asimina-suites-hotel-private-dinner-by-the-beach_resized.jpg","width":1920,"height":1277},{"@type":"BreadcrumbList","@id":"https:\/\/www.cbh-cyprus.com\/fr\/adults-focused-holidays\/#breadcrumb","itemListElement":[{"@type":"ListItem","position":1,"name":"Home","item":"https:\/\/www.cbh-cyprus.com\/fr\/welcome-to-constantinou-bros-hotels\/"},{"@type":"ListItem","position":2,"name":"Vacances pour adultes seulement"}]},{"@type":"WebSite","@id":"https:\/\/www.cbh-cyprus.com\/fr\/#website","url":"https:\/\/www.cbh-cyprus.com\/fr\/","name":"Constantinou Bros Hotels","description":"Constantinou Bros Hotels","publisher":{"@id":"https:\/\/www.cbh-cyprus.com\/fr\/#organization"},"potentialAction":[{"@type":"SearchAction","target":{"@type":"EntryPoint","urlTemplate":"https:\/\/www.cbh-cyprus.com\/fr\/?s={search_term_string}"},"query-input":{"@type":"PropertyValueSpecification","valueRequired":true,"valueName":"search_term_string"}}],"inLanguage":"fr-FR"},{"@type":"Organization","@id":"https:\/\/www.cbh-cyprus.com\/fr\/#organization","name":"Constantinou Bros Hotels","url":"https:\/\/www.cbh-cyprus.com\/fr\/","logo":{"@type":"ImageObject","inLanguage":"fr-FR","@id":"https:\/\/www.cbh-cyprus.com\/fr\/#\/schema\/logo\/image\/","url":"https:\/\/www.cbh-cyprus.com\/app\/uploads\/sites\/30\/2020\/10\/cbh.jpg","contentUrl":"https:\/\/www.cbh-cyprus.com\/app\/uploads\/sites\/30\/2020\/10\/cbh.jpg","width":1013,"height":419,"caption":"Constantinou Bros Hotels"},"image":{"@id":"https:\/\/www.cbh-cyprus.com\/fr\/#\/schema\/logo\/image\/"}}]}},"_links":{"self":[{"href":"https:\/\/www.cbh-cyprus.com\/fr\/wp-json\/wp\/v2\/pages\/13804","targetHints":{"allow":["GET"]}}],"collection":[{"href":"https:\/\/www.cbh-cyprus.com\/fr\/wp-json\/wp\/v2\/pages"}],"about":[{"href":"https:\/\/www.cbh-cyprus.com\/fr\/wp-json\/wp\/v2\/types\/page"}],"author":[{"embeddable":true,"href":"https:\/\/www.cbh-cyprus.com\/fr\/wp-json\/wp\/v2\/users\/100"}],"replies":[{"embeddable":true,"href":"https:\/\/www.cbh-cyprus.com\/fr\/wp-json\/wp\/v2\/comments?post=13804"}],"version-history":[{"count":6,"href":"https:\/\/www.cbh-cyprus.com\/fr\/wp-json\/wp\/v2\/pages\/13804\/revisions"}],"predecessor-version":[{"id":41236,"href":"https:\/\/www.cbh-cyprus.com\/fr\/wp-json\/wp\/v2\/pages\/13804\/revisions\/41236"}],"wp:featuredmedia":[{"embeddable":true,"href":"https:\/\/www.cbh-cyprus.com\/fr\/wp-json\/wp\/v2\/media\/13130"}],"wp:attachment":[{"href":"https:\/\/www.cbh-cyprus.com\/fr\/wp-json\/wp\/v2\/media?parent=13804"}],"curies":[{"name":"wp","href":"https:\/\/api.w.org\/{rel}","templated":true}]}}