{"id":13805,"date":"2022-03-23T17:49:31","date_gmt":"2022-03-23T14:49:31","guid":{"rendered":"https:\/\/www.cbh-cyprus.com\/elite-class\/"},"modified":"2024-11-13T12:53:04","modified_gmt":"2024-11-13T10:53:04","slug":"elite-class","status":"publish","type":"page","link":"https:\/\/www.cbh-cyprus.com\/fr\/elite-class\/","title":{"rendered":"Classe Elite"},"content":{"rendered":"<p style=\"text-align: center;\"><img loading=\"lazy\" decoding=\"async\" class=\"aligncenter wp-image-9953\" src=\"https:\/\/www.cbh-cyprus.com\/app\/uploads\/sites\/30\/2021\/07\/Constantinou-Bros-Hotels-Elite-Class-600x259.jpg\" alt=\"\" width=\"304\" height=\"131\" srcset=\"https:\/\/www.cbh-cyprus.com\/app\/uploads\/sites\/30\/2021\/07\/Constantinou-Bros-Hotels-Elite-Class-600x259.jpg 600w, https:\/\/www.cbh-cyprus.com\/app\/uploads\/sites\/30\/2021\/07\/Constantinou-Bros-Hotels-Elite-Class-768x331.jpg 768w, https:\/\/www.cbh-cyprus.com\/app\/uploads\/sites\/30\/2021\/07\/Constantinou-Bros-Hotels-Elite-Class.jpg 1015w\" sizes=\"auto, (max-width: 304px) 100vw, 304px\" \/><\/p>\n<h1 class=\"home-pages-title title-size text-center pt-5 font-regular\">Un plaisir sans limite dans nos h\u00f4tels \u00e0 Chypre, Paphos<\/h1>\n<p>&nbsp;<\/p>\n<h2>Un monde de privil\u00e8ges<\/h2>\n<p>&nbsp;<\/p>\n<p>D\u00e9couvrez une classe de service in\u00e9gal\u00e9e, une exp\u00e9rience 5 \u00e9toiles qui vous est offerte lorsque vous r\u00e9servez un h\u00e9bergement dans les cat\u00e9gories Sup\u00e9rieure, Sup\u00e9rieure Deluxe et Suite.<br \/>\nAvec un enregistrement exclusif, des options de restauration d\u00e9di\u00e9es et de nombreux autres services, la classe Elite vous offre un s\u00e9jour incomparable qui d\u00e9passera vos attentes. <\/p>\n<h3>Avantages suppl\u00e9mentaires<\/h3>\n<p>Les clients qui r\u00e9servent une chambre sup\u00e9rieure, une chambre de luxe sup\u00e9rieure ou une suite b\u00e9n\u00e9ficient des avantages exclusifs suivants :<\/p>\n<ul class=\"checkIcon\">\n<li>Chambres les mieux situ\u00e9es<\/li>\n<li>Enregistrement VIP exclusif avec boisson de bienvenue et serviettes froides.<\/li>\n<li>D\u00e9part tardif gratuit jusqu&rsquo;\u00e0 18h00 (sous r\u00e9serve de disponibilit\u00e9).<\/li>\n<li>Salle de petit-d\u00e9jeuner exclusive jusqu&rsquo;\u00e0 11h00.<\/li>\n<li>Fruits et vin \u00e0 l&rsquo;arriv\u00e9e<\/li>\n<li>Sauna et bain de vapeur gratuits (sous r\u00e9serve de disponibilit\u00e9)<\/li>\n<li>Service de pr\u00e9paration \u00e0 la nuit (sur certains types de chambres)<\/li>\n<li>T\u00e9l\u00e9vision satellite LCD \u00e0 \u00e9cran plat de 40 pouces (dans certains types de chambres)<\/li>\n<li>Cabane priv\u00e9e avec chaises longues (sur certains types de chambres)<\/li>\n<li>Acc\u00e8s exclusif au St. Andrew&rsquo;s Rooftop Bar (Athena Beach Hotel &#8211; Adultes seulement 16+)<\/li>\n<li>Menu fixe au restaurant \u00e0 la carte pour votre repas du soir &#8211; si votre base d&rsquo;h\u00e9bergement comprend le d\u00eener (sous r\u00e9serve de disponibilit\u00e9).<\/li>\n<li>La formule Premium surclass\u00e9e (Ultra all inclusive) comprend un choix illimit\u00e9 de repas au restaurant \u00e0 la carte (r\u00e9servation obligatoire et sous r\u00e9serve de disponibilit\u00e9) et un mini-bar approvisionn\u00e9 \u00e0 l&rsquo;arriv\u00e9e avec un r\u00e9approvisionnement quotidien en caf\u00e9\/th\u00e9\/espresso et en boissons non alcoolis\u00e9es.<br \/>\nUne bouteille d&rsquo;eau est fournie chaque apr\u00e8s-midi dans la chambre et une bouteille de champagne est offerte un jour avant le d\u00e9part. <\/li>\n<li>10% de r\u00e9duction sur certains terrains de golf (si vous r\u00e9servez par l&rsquo;interm\u00e9diaire de l&rsquo;h\u00f4tel)<\/li>\n<li>L&rsquo;utilisation gratuite des installations de Green Bowls (sous r\u00e9serve de disponibilit\u00e9 et de r\u00e9servations pr\u00e9alables) est disponible pour les clients individuels qui ne font pas partie d&rsquo;un groupe organis\u00e9 avec un programme pr\u00e9\u00e9tabli.<\/li>\n<\/ul>\n","protected":false},"excerpt":{"rendered":"<p>Un plaisir sans limite dans nos h\u00f4tels \u00e0 Chypre, Paphos &nbsp; Un monde de privil\u00e8ges &nbsp; D\u00e9couvrez une classe de service in\u00e9gal\u00e9e, une exp\u00e9rience 5 \u00e9toiles qui vous est offerte lorsque vous r\u00e9servez un h\u00e9bergement dans les cat\u00e9gories Sup\u00e9rieure, Sup\u00e9rieure Deluxe et Suite. Avec un enregistrement exclusif, des options de restauration d\u00e9di\u00e9es et de nombreux<\/p>\n","protected":false},"author":100,"featured_media":13203,"parent":0,"menu_order":0,"comment_status":"closed","ping_status":"closed","template":"","meta":{"_acf_changed":false,"footnotes":""},"class_list":["post-13805","page","type-page","status-publish","has-post-thumbnail","hentry"],"acf":[],"yoast_head":"<!-- This site is optimized with the Yoast SEO plugin v27.3 - https:\/\/yoast.com\/product\/yoast-seo-wordpress\/ -->\n<title>H\u00f4tels de luxe \u00e0 Chypre, Paphos || Constantinou Bros Hotels<\/title>\n<meta name=\"description\" content=\"Choisissez la classe Elite dans les h\u00f4tels Constantinou Bros, d\u00e9couvrez un monde de privil\u00e8ges et profitez des nombreux avantages offerts par nos h\u00f4tels de luxe \u00e0 Chypre, Paphos.\" \/>\n<meta name=\"robots\" content=\"index, follow, max-snippet:-1, max-image-preview:large, max-video-preview:-1\" \/>\n<link rel=\"canonical\" href=\"https:\/\/www.cbh-cyprus.com\/fr\/elite-class\/\" \/>\n<meta property=\"og:locale\" content=\"fr_FR\" \/>\n<meta property=\"og:type\" content=\"article\" \/>\n<meta property=\"og:title\" content=\"H\u00f4tels de luxe \u00e0 Chypre, Paphos || Constantinou Bros Hotels\" \/>\n<meta property=\"og:description\" content=\"Choisissez la classe Elite dans les h\u00f4tels Constantinou Bros, d\u00e9couvrez un monde de privil\u00e8ges et profitez des nombreux avantages offerts par nos h\u00f4tels de luxe \u00e0 Chypre, Paphos.\" \/>\n<meta property=\"og:url\" content=\"https:\/\/www.cbh-cyprus.com\/fr\/elite-class\/\" \/>\n<meta property=\"og:site_name\" content=\"Constantinou Bros Hotels\" \/>\n<meta property=\"article:modified_time\" content=\"2024-11-13T10:53:04+00:00\" \/>\n<meta property=\"og:image\" content=\"https:\/\/www.cbh-cyprus.com\/app\/uploads\/sites\/30\/2019\/05\/4-athena-beach-hotel-pool-sea-view_resized.jpg\" \/>\n\t<meta property=\"og:image:width\" content=\"1920\" \/>\n\t<meta property=\"og:image:height\" content=\"1280\" \/>\n\t<meta property=\"og:image:type\" content=\"image\/jpeg\" \/>\n<meta name=\"twitter:card\" content=\"summary_large_image\" \/>\n<meta name=\"twitter:label1\" content=\"Dur\u00e9e de lecture estim\u00e9e\" \/>\n\t<meta name=\"twitter:data1\" content=\"2 minutes\" \/>\n<script type=\"application\/ld+json\" class=\"yoast-schema-graph\">{\"@context\":\"https:\\\/\\\/schema.org\",\"@graph\":[{\"@type\":\"WebPage\",\"@id\":\"https:\\\/\\\/www.cbh-cyprus.com\\\/fr\\\/elite-class\\\/\",\"url\":\"https:\\\/\\\/www.cbh-cyprus.com\\\/fr\\\/elite-class\\\/\",\"name\":\"H\u00f4tels de luxe \u00e0 Chypre, Paphos || Constantinou Bros Hotels\",\"isPartOf\":{\"@id\":\"https:\\\/\\\/www.cbh-cyprus.com\\\/fr\\\/#website\"},\"primaryImageOfPage\":{\"@id\":\"https:\\\/\\\/www.cbh-cyprus.com\\\/fr\\\/elite-class\\\/#primaryimage\"},\"image\":{\"@id\":\"https:\\\/\\\/www.cbh-cyprus.com\\\/fr\\\/elite-class\\\/#primaryimage\"},\"thumbnailUrl\":\"https:\\\/\\\/www.cbh-cyprus.com\\\/app\\\/uploads\\\/sites\\\/30\\\/2019\\\/05\\\/4-athena-beach-hotel-pool-sea-view_resized.jpg\",\"datePublished\":\"2022-03-23T14:49:31+00:00\",\"dateModified\":\"2024-11-13T10:53:04+00:00\",\"description\":\"Choisissez la classe Elite dans les h\u00f4tels Constantinou Bros, d\u00e9couvrez un monde de privil\u00e8ges et profitez des nombreux avantages offerts par nos h\u00f4tels de luxe \u00e0 Chypre, Paphos.\",\"breadcrumb\":{\"@id\":\"https:\\\/\\\/www.cbh-cyprus.com\\\/fr\\\/elite-class\\\/#breadcrumb\"},\"inLanguage\":\"fr-FR\",\"potentialAction\":[{\"@type\":\"ReadAction\",\"target\":[\"https:\\\/\\\/www.cbh-cyprus.com\\\/fr\\\/elite-class\\\/\"]}]},{\"@type\":\"ImageObject\",\"inLanguage\":\"fr-FR\",\"@id\":\"https:\\\/\\\/www.cbh-cyprus.com\\\/fr\\\/elite-class\\\/#primaryimage\",\"url\":\"https:\\\/\\\/www.cbh-cyprus.com\\\/app\\\/uploads\\\/sites\\\/30\\\/2019\\\/05\\\/4-athena-beach-hotel-pool-sea-view_resized.jpg\",\"contentUrl\":\"https:\\\/\\\/www.cbh-cyprus.com\\\/app\\\/uploads\\\/sites\\\/30\\\/2019\\\/05\\\/4-athena-beach-hotel-pool-sea-view_resized.jpg\",\"width\":1920,\"height\":1280},{\"@type\":\"BreadcrumbList\",\"@id\":\"https:\\\/\\\/www.cbh-cyprus.com\\\/fr\\\/elite-class\\\/#breadcrumb\",\"itemListElement\":[{\"@type\":\"ListItem\",\"position\":1,\"name\":\"Home\",\"item\":\"https:\\\/\\\/www.cbh-cyprus.com\\\/fr\\\/welcome-to-constantinou-bros-hotels\\\/\"},{\"@type\":\"ListItem\",\"position\":2,\"name\":\"Classe Elite\"}]},{\"@type\":\"WebSite\",\"@id\":\"https:\\\/\\\/www.cbh-cyprus.com\\\/fr\\\/#website\",\"url\":\"https:\\\/\\\/www.cbh-cyprus.com\\\/fr\\\/\",\"name\":\"Constantinou Bros Hotels\",\"description\":\"Constantinou Bros Hotels\",\"publisher\":{\"@id\":\"https:\\\/\\\/www.cbh-cyprus.com\\\/fr\\\/#organization\"},\"potentialAction\":[{\"@type\":\"SearchAction\",\"target\":{\"@type\":\"EntryPoint\",\"urlTemplate\":\"https:\\\/\\\/www.cbh-cyprus.com\\\/fr\\\/?s={search_term_string}\"},\"query-input\":{\"@type\":\"PropertyValueSpecification\",\"valueRequired\":true,\"valueName\":\"search_term_string\"}}],\"inLanguage\":\"fr-FR\"},{\"@type\":\"Organization\",\"@id\":\"https:\\\/\\\/www.cbh-cyprus.com\\\/fr\\\/#organization\",\"name\":\"Constantinou Bros Hotels\",\"url\":\"https:\\\/\\\/www.cbh-cyprus.com\\\/fr\\\/\",\"logo\":{\"@type\":\"ImageObject\",\"inLanguage\":\"fr-FR\",\"@id\":\"https:\\\/\\\/www.cbh-cyprus.com\\\/fr\\\/#\\\/schema\\\/logo\\\/image\\\/\",\"url\":\"https:\\\/\\\/www.cbh-cyprus.com\\\/app\\\/uploads\\\/sites\\\/30\\\/2020\\\/10\\\/cbh.jpg\",\"contentUrl\":\"https:\\\/\\\/www.cbh-cyprus.com\\\/app\\\/uploads\\\/sites\\\/30\\\/2020\\\/10\\\/cbh.jpg\",\"width\":1013,\"height\":419,\"caption\":\"Constantinou Bros Hotels\"},\"image\":{\"@id\":\"https:\\\/\\\/www.cbh-cyprus.com\\\/fr\\\/#\\\/schema\\\/logo\\\/image\\\/\"}}]}<\/script>\n<!-- \/ Yoast SEO plugin. -->","yoast_head_json":{"title":"H\u00f4tels de luxe \u00e0 Chypre, Paphos || Constantinou Bros Hotels","description":"Choisissez la classe Elite dans les h\u00f4tels Constantinou Bros, d\u00e9couvrez un monde de privil\u00e8ges et profitez des nombreux avantages offerts par nos h\u00f4tels de luxe \u00e0 Chypre, Paphos.","robots":{"index":"index","follow":"follow","max-snippet":"max-snippet:-1","max-image-preview":"max-image-preview:large","max-video-preview":"max-video-preview:-1"},"canonical":"https:\/\/www.cbh-cyprus.com\/fr\/elite-class\/","og_locale":"fr_FR","og_type":"article","og_title":"H\u00f4tels de luxe \u00e0 Chypre, Paphos || Constantinou Bros Hotels","og_description":"Choisissez la classe Elite dans les h\u00f4tels Constantinou Bros, d\u00e9couvrez un monde de privil\u00e8ges et profitez des nombreux avantages offerts par nos h\u00f4tels de luxe \u00e0 Chypre, Paphos.","og_url":"https:\/\/www.cbh-cyprus.com\/fr\/elite-class\/","og_site_name":"Constantinou Bros Hotels","article_modified_time":"2024-11-13T10:53:04+00:00","og_image":[{"width":1920,"height":1280,"url":"https:\/\/www.cbh-cyprus.com\/app\/uploads\/sites\/30\/2019\/05\/4-athena-beach-hotel-pool-sea-view_resized.jpg","type":"image\/jpeg"}],"twitter_card":"summary_large_image","twitter_misc":{"Dur\u00e9e de lecture estim\u00e9e":"2 minutes"},"schema":{"@context":"https:\/\/schema.org","@graph":[{"@type":"WebPage","@id":"https:\/\/www.cbh-cyprus.com\/fr\/elite-class\/","url":"https:\/\/www.cbh-cyprus.com\/fr\/elite-class\/","name":"H\u00f4tels de luxe \u00e0 Chypre, Paphos || Constantinou Bros Hotels","isPartOf":{"@id":"https:\/\/www.cbh-cyprus.com\/fr\/#website"},"primaryImageOfPage":{"@id":"https:\/\/www.cbh-cyprus.com\/fr\/elite-class\/#primaryimage"},"image":{"@id":"https:\/\/www.cbh-cyprus.com\/fr\/elite-class\/#primaryimage"},"thumbnailUrl":"https:\/\/www.cbh-cyprus.com\/app\/uploads\/sites\/30\/2019\/05\/4-athena-beach-hotel-pool-sea-view_resized.jpg","datePublished":"2022-03-23T14:49:31+00:00","dateModified":"2024-11-13T10:53:04+00:00","description":"Choisissez la classe Elite dans les h\u00f4tels Constantinou Bros, d\u00e9couvrez un monde de privil\u00e8ges et profitez des nombreux avantages offerts par nos h\u00f4tels de luxe \u00e0 Chypre, Paphos.","breadcrumb":{"@id":"https:\/\/www.cbh-cyprus.com\/fr\/elite-class\/#breadcrumb"},"inLanguage":"fr-FR","potentialAction":[{"@type":"ReadAction","target":["https:\/\/www.cbh-cyprus.com\/fr\/elite-class\/"]}]},{"@type":"ImageObject","inLanguage":"fr-FR","@id":"https:\/\/www.cbh-cyprus.com\/fr\/elite-class\/#primaryimage","url":"https:\/\/www.cbh-cyprus.com\/app\/uploads\/sites\/30\/2019\/05\/4-athena-beach-hotel-pool-sea-view_resized.jpg","contentUrl":"https:\/\/www.cbh-cyprus.com\/app\/uploads\/sites\/30\/2019\/05\/4-athena-beach-hotel-pool-sea-view_resized.jpg","width":1920,"height":1280},{"@type":"BreadcrumbList","@id":"https:\/\/www.cbh-cyprus.com\/fr\/elite-class\/#breadcrumb","itemListElement":[{"@type":"ListItem","position":1,"name":"Home","item":"https:\/\/www.cbh-cyprus.com\/fr\/welcome-to-constantinou-bros-hotels\/"},{"@type":"ListItem","position":2,"name":"Classe Elite"}]},{"@type":"WebSite","@id":"https:\/\/www.cbh-cyprus.com\/fr\/#website","url":"https:\/\/www.cbh-cyprus.com\/fr\/","name":"Constantinou Bros Hotels","description":"Constantinou Bros Hotels","publisher":{"@id":"https:\/\/www.cbh-cyprus.com\/fr\/#organization"},"potentialAction":[{"@type":"SearchAction","target":{"@type":"EntryPoint","urlTemplate":"https:\/\/www.cbh-cyprus.com\/fr\/?s={search_term_string}"},"query-input":{"@type":"PropertyValueSpecification","valueRequired":true,"valueName":"search_term_string"}}],"inLanguage":"fr-FR"},{"@type":"Organization","@id":"https:\/\/www.cbh-cyprus.com\/fr\/#organization","name":"Constantinou Bros Hotels","url":"https:\/\/www.cbh-cyprus.com\/fr\/","logo":{"@type":"ImageObject","inLanguage":"fr-FR","@id":"https:\/\/www.cbh-cyprus.com\/fr\/#\/schema\/logo\/image\/","url":"https:\/\/www.cbh-cyprus.com\/app\/uploads\/sites\/30\/2020\/10\/cbh.jpg","contentUrl":"https:\/\/www.cbh-cyprus.com\/app\/uploads\/sites\/30\/2020\/10\/cbh.jpg","width":1013,"height":419,"caption":"Constantinou Bros Hotels"},"image":{"@id":"https:\/\/www.cbh-cyprus.com\/fr\/#\/schema\/logo\/image\/"}}]}},"_links":{"self":[{"href":"https:\/\/www.cbh-cyprus.com\/fr\/wp-json\/wp\/v2\/pages\/13805","targetHints":{"allow":["GET"]}}],"collection":[{"href":"https:\/\/www.cbh-cyprus.com\/fr\/wp-json\/wp\/v2\/pages"}],"about":[{"href":"https:\/\/www.cbh-cyprus.com\/fr\/wp-json\/wp\/v2\/types\/page"}],"author":[{"embeddable":true,"href":"https:\/\/www.cbh-cyprus.com\/fr\/wp-json\/wp\/v2\/users\/100"}],"replies":[{"embeddable":true,"href":"https:\/\/www.cbh-cyprus.com\/fr\/wp-json\/wp\/v2\/comments?post=13805"}],"version-history":[{"count":9,"href":"https:\/\/www.cbh-cyprus.com\/fr\/wp-json\/wp\/v2\/pages\/13805\/revisions"}],"predecessor-version":[{"id":42385,"href":"https:\/\/www.cbh-cyprus.com\/fr\/wp-json\/wp\/v2\/pages\/13805\/revisions\/42385"}],"wp:featuredmedia":[{"embeddable":true,"href":"https:\/\/www.cbh-cyprus.com\/fr\/wp-json\/wp\/v2\/media\/13203"}],"wp:attachment":[{"href":"https:\/\/www.cbh-cyprus.com\/fr\/wp-json\/wp\/v2\/media?parent=13805"}],"curies":[{"name":"wp","href":"https:\/\/api.w.org\/{rel}","templated":true}]}}