{"id":13807,"date":"2022-03-23T17:50:26","date_gmt":"2022-03-23T14:50:26","guid":{"rendered":"https:\/\/www.cbh-cyprus.com\/bowling-holidays\/"},"modified":"2025-05-05T15:11:43","modified_gmt":"2025-05-05T12:11:43","slug":"bowling-holidays","status":"publish","type":"page","link":"https:\/\/www.cbh-cyprus.com\/fr\/activities\/bowling-holidays\/","title":{"rendered":"Vacances au bowling"},"content":{"rendered":"<p>Si vous aimez les boules, les h\u00f4tels Cyprus et Constantinou Bros \u00e0 Paphos sont la destination id\u00e9ale pour votre prochaine pause.<\/p>\n<p>Chypre, et Paphos en particulier, combine un climat d&rsquo;hivers particuli\u00e8rement doux et chauds et d&rsquo;\u00e9t\u00e9s \u00e9clatants de chaleur, des gens aimables, une vari\u00e9t\u00e9 de cuisines, de superbes sites historiques et des lieux d&rsquo;int\u00e9r\u00eat arch\u00e9ologique, ainsi que des bowlings de niveau international.<\/p>\n<p>Les h\u00f4tels Constantinou Bros sont tous situ\u00e9s directement sur la plage et disposent d&rsquo;une gamme \u00e9blouissante d&rsquo;installations et de commodit\u00e9s. Nous avons r\u00e9cemment agrandi nos installations de p\u00e9tanque, ce qui en fait les plus grandes et les plus impressionnantes d&rsquo;Europe en dehors du Royaume-Uni. L&rsquo;Athena Beach Hotel et l&rsquo;Athena Royal Beach Hotel disposent de 18 pistes de Green Bowls de taille normale et de 12 autres pistes int\u00e9rieures de tapis court. Le Pioneer Beach Hotel, situ\u00e9 \u00e0 proximit\u00e9, dispose \u00e9galement d&rsquo;une piste de 4 pistes sur demande.<\/p>\n<p>Profitez de vacances splendides et de votre jeu pr\u00e9f\u00e9r\u00e9 en nous laissant tous les arrangements et tout le plaisir pour vous !<\/p>\n<p>L&rsquo;Athena Beach Hotel et l&rsquo;Athena Royal Beach Hotel sont les pr\u00e9f\u00e9r\u00e9s des joueurs de bowling individuels et des groupes. Les h\u00f4tels offrent en outre la possibilit\u00e9 d&rsquo;avoir des coordinateurs de bowling britanniques r\u00e9sidents qui organisent des matchs et des comp\u00e9titions pour les clubs en tourn\u00e9e et offrent aux joueurs de bowling individuels la possibilit\u00e9 de participer aux programmes de bowling qui comprennent des entra\u00eenements, des \u00e9liminations, des parties de bowling amusantes et des sessions d&rsquo;apprentissage du bowling.<\/p>\n<p>&nbsp;<\/p>\n","protected":false},"excerpt":{"rendered":"<p>Si vous aimez les boules, les h\u00f4tels Cyprus et Constantinou Bros \u00e0 Paphos sont la destination id\u00e9ale pour votre prochaine pause. Chypre, et Paphos en particulier, combine un climat d&rsquo;hivers particuli\u00e8rement doux et chauds et d&rsquo;\u00e9t\u00e9s \u00e9clatants de chaleur, des gens aimables, une vari\u00e9t\u00e9 de cuisines, de superbes sites historiques et des lieux d&rsquo;int\u00e9r\u00eat arch\u00e9ologique,<\/p>\n","protected":false},"author":100,"featured_media":13099,"parent":14088,"menu_order":0,"comment_status":"closed","ping_status":"closed","template":"page-templates\/simple-list.php","meta":{"_acf_changed":false,"footnotes":""},"class_list":["post-13807","page","type-page","status-publish","has-post-thumbnail","hentry"],"acf":[],"yoast_head":"<!-- This site is optimized with the Yoast SEO plugin v27.3 - https:\/\/yoast.com\/product\/yoast-seo-wordpress\/ -->\n<title>Vacances au bowling \u00e0 Chypre, plage de Paphos || Constantinou Bros Hotels<\/title>\n<meta name=\"description\" content=\"Les h\u00f4tels Constantinou Bros, sur la plage de Paphos, sont l&#039;endroit id\u00e9al pour organiser vos vacances de bowling \u00e0 Chypre, avec les installations de bowling les plus compl\u00e8tes \u00e0 ce jour !\" \/>\n<meta name=\"robots\" content=\"index, follow, max-snippet:-1, max-image-preview:large, max-video-preview:-1\" \/>\n<link rel=\"canonical\" href=\"https:\/\/www.cbh-cyprus.com\/fr\/activities\/bowling-holidays\/\" \/>\n<meta property=\"og:locale\" content=\"fr_FR\" \/>\n<meta property=\"og:type\" content=\"article\" \/>\n<meta property=\"og:title\" content=\"Vacances au bowling \u00e0 Chypre, plage de Paphos || Constantinou Bros Hotels\" \/>\n<meta property=\"og:description\" content=\"Les h\u00f4tels Constantinou Bros, sur la plage de Paphos, sont l&#039;endroit id\u00e9al pour organiser vos vacances de bowling \u00e0 Chypre, avec les installations de bowling les plus compl\u00e8tes \u00e0 ce jour !\" \/>\n<meta property=\"og:url\" content=\"https:\/\/www.cbh-cyprus.com\/fr\/activities\/bowling-holidays\/\" \/>\n<meta property=\"og:site_name\" content=\"Constantinou Bros Hotels\" \/>\n<meta property=\"article:modified_time\" content=\"2025-05-05T12:11:43+00:00\" \/>\n<meta property=\"og:image\" content=\"https:\/\/www.cbh-cyprus.com\/app\/uploads\/sites\/30\/2019\/05\/athena-beach-hotel-bowling-greens_resized.jpg\" \/>\n\t<meta property=\"og:image:width\" content=\"1920\" \/>\n\t<meta property=\"og:image:height\" content=\"1275\" \/>\n\t<meta property=\"og:image:type\" content=\"image\/jpeg\" \/>\n<meta name=\"twitter:card\" content=\"summary_large_image\" \/>\n<meta name=\"twitter:label1\" content=\"Dur\u00e9e de lecture estim\u00e9e\" \/>\n\t<meta name=\"twitter:data1\" content=\"2 minutes\" \/>\n<script type=\"application\/ld+json\" class=\"yoast-schema-graph\">{\"@context\":\"https:\\\/\\\/schema.org\",\"@graph\":[{\"@type\":\"WebPage\",\"@id\":\"https:\\\/\\\/www.cbh-cyprus.com\\\/fr\\\/activities\\\/bowling-holidays\\\/\",\"url\":\"https:\\\/\\\/www.cbh-cyprus.com\\\/fr\\\/activities\\\/bowling-holidays\\\/\",\"name\":\"Vacances au bowling \u00e0 Chypre, plage de Paphos || Constantinou Bros Hotels\",\"isPartOf\":{\"@id\":\"https:\\\/\\\/www.cbh-cyprus.com\\\/fr\\\/#website\"},\"primaryImageOfPage\":{\"@id\":\"https:\\\/\\\/www.cbh-cyprus.com\\\/fr\\\/activities\\\/bowling-holidays\\\/#primaryimage\"},\"image\":{\"@id\":\"https:\\\/\\\/www.cbh-cyprus.com\\\/fr\\\/activities\\\/bowling-holidays\\\/#primaryimage\"},\"thumbnailUrl\":\"https:\\\/\\\/www.cbh-cyprus.com\\\/app\\\/uploads\\\/sites\\\/30\\\/2019\\\/05\\\/athena-beach-hotel-bowling-greens_resized.jpg\",\"datePublished\":\"2022-03-23T14:50:26+00:00\",\"dateModified\":\"2025-05-05T12:11:43+00:00\",\"description\":\"Les h\u00f4tels Constantinou Bros, sur la plage de Paphos, sont l'endroit id\u00e9al pour organiser vos vacances de bowling \u00e0 Chypre, avec les installations de bowling les plus compl\u00e8tes \u00e0 ce jour !\",\"breadcrumb\":{\"@id\":\"https:\\\/\\\/www.cbh-cyprus.com\\\/fr\\\/activities\\\/bowling-holidays\\\/#breadcrumb\"},\"inLanguage\":\"fr-FR\",\"potentialAction\":[{\"@type\":\"ReadAction\",\"target\":[\"https:\\\/\\\/www.cbh-cyprus.com\\\/fr\\\/activities\\\/bowling-holidays\\\/\"]}]},{\"@type\":\"ImageObject\",\"inLanguage\":\"fr-FR\",\"@id\":\"https:\\\/\\\/www.cbh-cyprus.com\\\/fr\\\/activities\\\/bowling-holidays\\\/#primaryimage\",\"url\":\"https:\\\/\\\/www.cbh-cyprus.com\\\/app\\\/uploads\\\/sites\\\/30\\\/2019\\\/05\\\/athena-beach-hotel-bowling-greens_resized.jpg\",\"contentUrl\":\"https:\\\/\\\/www.cbh-cyprus.com\\\/app\\\/uploads\\\/sites\\\/30\\\/2019\\\/05\\\/athena-beach-hotel-bowling-greens_resized.jpg\",\"width\":1920,\"height\":1275},{\"@type\":\"BreadcrumbList\",\"@id\":\"https:\\\/\\\/www.cbh-cyprus.com\\\/fr\\\/activities\\\/bowling-holidays\\\/#breadcrumb\",\"itemListElement\":[{\"@type\":\"ListItem\",\"position\":1,\"name\":\"Home\",\"item\":\"https:\\\/\\\/www.cbh-cyprus.com\\\/fr\\\/welcome-to-constantinou-bros-hotels\\\/\"},{\"@type\":\"ListItem\",\"position\":2,\"name\":\"Activit\u00e9s\",\"item\":\"https:\\\/\\\/www.cbh-cyprus.com\\\/fr\\\/activities\\\/\"},{\"@type\":\"ListItem\",\"position\":3,\"name\":\"Vacances au bowling\"}]},{\"@type\":\"WebSite\",\"@id\":\"https:\\\/\\\/www.cbh-cyprus.com\\\/fr\\\/#website\",\"url\":\"https:\\\/\\\/www.cbh-cyprus.com\\\/fr\\\/\",\"name\":\"Constantinou Bros Hotels\",\"description\":\"Constantinou Bros Hotels\",\"publisher\":{\"@id\":\"https:\\\/\\\/www.cbh-cyprus.com\\\/fr\\\/#organization\"},\"potentialAction\":[{\"@type\":\"SearchAction\",\"target\":{\"@type\":\"EntryPoint\",\"urlTemplate\":\"https:\\\/\\\/www.cbh-cyprus.com\\\/fr\\\/?s={search_term_string}\"},\"query-input\":{\"@type\":\"PropertyValueSpecification\",\"valueRequired\":true,\"valueName\":\"search_term_string\"}}],\"inLanguage\":\"fr-FR\"},{\"@type\":\"Organization\",\"@id\":\"https:\\\/\\\/www.cbh-cyprus.com\\\/fr\\\/#organization\",\"name\":\"Constantinou Bros Hotels\",\"url\":\"https:\\\/\\\/www.cbh-cyprus.com\\\/fr\\\/\",\"logo\":{\"@type\":\"ImageObject\",\"inLanguage\":\"fr-FR\",\"@id\":\"https:\\\/\\\/www.cbh-cyprus.com\\\/fr\\\/#\\\/schema\\\/logo\\\/image\\\/\",\"url\":\"https:\\\/\\\/www.cbh-cyprus.com\\\/app\\\/uploads\\\/sites\\\/30\\\/2020\\\/10\\\/cbh.jpg\",\"contentUrl\":\"https:\\\/\\\/www.cbh-cyprus.com\\\/app\\\/uploads\\\/sites\\\/30\\\/2020\\\/10\\\/cbh.jpg\",\"width\":1013,\"height\":419,\"caption\":\"Constantinou Bros Hotels\"},\"image\":{\"@id\":\"https:\\\/\\\/www.cbh-cyprus.com\\\/fr\\\/#\\\/schema\\\/logo\\\/image\\\/\"}}]}<\/script>\n<!-- \/ Yoast SEO plugin. -->","yoast_head_json":{"title":"Vacances au bowling \u00e0 Chypre, plage de Paphos || Constantinou Bros Hotels","description":"Les h\u00f4tels Constantinou Bros, sur la plage de Paphos, sont l'endroit id\u00e9al pour organiser vos vacances de bowling \u00e0 Chypre, avec les installations de bowling les plus compl\u00e8tes \u00e0 ce jour !","robots":{"index":"index","follow":"follow","max-snippet":"max-snippet:-1","max-image-preview":"max-image-preview:large","max-video-preview":"max-video-preview:-1"},"canonical":"https:\/\/www.cbh-cyprus.com\/fr\/activities\/bowling-holidays\/","og_locale":"fr_FR","og_type":"article","og_title":"Vacances au bowling \u00e0 Chypre, plage de Paphos || Constantinou Bros Hotels","og_description":"Les h\u00f4tels Constantinou Bros, sur la plage de Paphos, sont l'endroit id\u00e9al pour organiser vos vacances de bowling \u00e0 Chypre, avec les installations de bowling les plus compl\u00e8tes \u00e0 ce jour !","og_url":"https:\/\/www.cbh-cyprus.com\/fr\/activities\/bowling-holidays\/","og_site_name":"Constantinou Bros Hotels","article_modified_time":"2025-05-05T12:11:43+00:00","og_image":[{"width":1920,"height":1275,"url":"https:\/\/www.cbh-cyprus.com\/app\/uploads\/sites\/30\/2019\/05\/athena-beach-hotel-bowling-greens_resized.jpg","type":"image\/jpeg"}],"twitter_card":"summary_large_image","twitter_misc":{"Dur\u00e9e de lecture estim\u00e9e":"2 minutes"},"schema":{"@context":"https:\/\/schema.org","@graph":[{"@type":"WebPage","@id":"https:\/\/www.cbh-cyprus.com\/fr\/activities\/bowling-holidays\/","url":"https:\/\/www.cbh-cyprus.com\/fr\/activities\/bowling-holidays\/","name":"Vacances au bowling \u00e0 Chypre, plage de Paphos || Constantinou Bros Hotels","isPartOf":{"@id":"https:\/\/www.cbh-cyprus.com\/fr\/#website"},"primaryImageOfPage":{"@id":"https:\/\/www.cbh-cyprus.com\/fr\/activities\/bowling-holidays\/#primaryimage"},"image":{"@id":"https:\/\/www.cbh-cyprus.com\/fr\/activities\/bowling-holidays\/#primaryimage"},"thumbnailUrl":"https:\/\/www.cbh-cyprus.com\/app\/uploads\/sites\/30\/2019\/05\/athena-beach-hotel-bowling-greens_resized.jpg","datePublished":"2022-03-23T14:50:26+00:00","dateModified":"2025-05-05T12:11:43+00:00","description":"Les h\u00f4tels Constantinou Bros, sur la plage de Paphos, sont l'endroit id\u00e9al pour organiser vos vacances de bowling \u00e0 Chypre, avec les installations de bowling les plus compl\u00e8tes \u00e0 ce jour !","breadcrumb":{"@id":"https:\/\/www.cbh-cyprus.com\/fr\/activities\/bowling-holidays\/#breadcrumb"},"inLanguage":"fr-FR","potentialAction":[{"@type":"ReadAction","target":["https:\/\/www.cbh-cyprus.com\/fr\/activities\/bowling-holidays\/"]}]},{"@type":"ImageObject","inLanguage":"fr-FR","@id":"https:\/\/www.cbh-cyprus.com\/fr\/activities\/bowling-holidays\/#primaryimage","url":"https:\/\/www.cbh-cyprus.com\/app\/uploads\/sites\/30\/2019\/05\/athena-beach-hotel-bowling-greens_resized.jpg","contentUrl":"https:\/\/www.cbh-cyprus.com\/app\/uploads\/sites\/30\/2019\/05\/athena-beach-hotel-bowling-greens_resized.jpg","width":1920,"height":1275},{"@type":"BreadcrumbList","@id":"https:\/\/www.cbh-cyprus.com\/fr\/activities\/bowling-holidays\/#breadcrumb","itemListElement":[{"@type":"ListItem","position":1,"name":"Home","item":"https:\/\/www.cbh-cyprus.com\/fr\/welcome-to-constantinou-bros-hotels\/"},{"@type":"ListItem","position":2,"name":"Activit\u00e9s","item":"https:\/\/www.cbh-cyprus.com\/fr\/activities\/"},{"@type":"ListItem","position":3,"name":"Vacances au bowling"}]},{"@type":"WebSite","@id":"https:\/\/www.cbh-cyprus.com\/fr\/#website","url":"https:\/\/www.cbh-cyprus.com\/fr\/","name":"Constantinou Bros Hotels","description":"Constantinou Bros Hotels","publisher":{"@id":"https:\/\/www.cbh-cyprus.com\/fr\/#organization"},"potentialAction":[{"@type":"SearchAction","target":{"@type":"EntryPoint","urlTemplate":"https:\/\/www.cbh-cyprus.com\/fr\/?s={search_term_string}"},"query-input":{"@type":"PropertyValueSpecification","valueRequired":true,"valueName":"search_term_string"}}],"inLanguage":"fr-FR"},{"@type":"Organization","@id":"https:\/\/www.cbh-cyprus.com\/fr\/#organization","name":"Constantinou Bros Hotels","url":"https:\/\/www.cbh-cyprus.com\/fr\/","logo":{"@type":"ImageObject","inLanguage":"fr-FR","@id":"https:\/\/www.cbh-cyprus.com\/fr\/#\/schema\/logo\/image\/","url":"https:\/\/www.cbh-cyprus.com\/app\/uploads\/sites\/30\/2020\/10\/cbh.jpg","contentUrl":"https:\/\/www.cbh-cyprus.com\/app\/uploads\/sites\/30\/2020\/10\/cbh.jpg","width":1013,"height":419,"caption":"Constantinou Bros Hotels"},"image":{"@id":"https:\/\/www.cbh-cyprus.com\/fr\/#\/schema\/logo\/image\/"}}]}},"_links":{"self":[{"href":"https:\/\/www.cbh-cyprus.com\/fr\/wp-json\/wp\/v2\/pages\/13807","targetHints":{"allow":["GET"]}}],"collection":[{"href":"https:\/\/www.cbh-cyprus.com\/fr\/wp-json\/wp\/v2\/pages"}],"about":[{"href":"https:\/\/www.cbh-cyprus.com\/fr\/wp-json\/wp\/v2\/types\/page"}],"author":[{"embeddable":true,"href":"https:\/\/www.cbh-cyprus.com\/fr\/wp-json\/wp\/v2\/users\/100"}],"replies":[{"embeddable":true,"href":"https:\/\/www.cbh-cyprus.com\/fr\/wp-json\/wp\/v2\/comments?post=13807"}],"version-history":[{"count":7,"href":"https:\/\/www.cbh-cyprus.com\/fr\/wp-json\/wp\/v2\/pages\/13807\/revisions"}],"predecessor-version":[{"id":44144,"href":"https:\/\/www.cbh-cyprus.com\/fr\/wp-json\/wp\/v2\/pages\/13807\/revisions\/44144"}],"up":[{"embeddable":true,"href":"https:\/\/www.cbh-cyprus.com\/fr\/wp-json\/wp\/v2\/pages\/14088"}],"wp:featuredmedia":[{"embeddable":true,"href":"https:\/\/www.cbh-cyprus.com\/fr\/wp-json\/wp\/v2\/media\/13099"}],"wp:attachment":[{"href":"https:\/\/www.cbh-cyprus.com\/fr\/wp-json\/wp\/v2\/media?parent=13807"}],"curies":[{"name":"wp","href":"https:\/\/api.w.org\/{rel}","templated":true}]}}