{"id":13809,"date":"2022-03-23T17:51:15","date_gmt":"2022-03-23T14:51:15","guid":{"rendered":"https:\/\/www.cbh-cyprus.com\/logicom-cyprus-marathon-half-marathon\/"},"modified":"2024-09-13T12:10:44","modified_gmt":"2024-09-13T09:10:44","slug":"logicom-cyprus-marathon-half-marathon","status":"publish","type":"page","link":"https:\/\/www.cbh-cyprus.com\/fr\/logicom-cyprus-marathon-half-marathon\/","title":{"rendered":"LOGICOM CYPRUS MARATHON &#8211; HALF-MARATHON, 10KM RACE &amp; 5KM FUN RUN &#8211; 15 mars 2020, PAPHOS"},"content":{"rendered":"<p><strong>REJOIGNEZ-NOUS POUR LE SOLEIL D&rsquo;HIVER, COUREZ ET AMUSEZ-VOUS !<\/strong><\/p>\n<p style=\"text-align: left;\">Combinant des paysages historiques \u00e0 couper le souffle avec l&rsquo;hospitalit\u00e9 traditionnelle m\u00e9diterran\u00e9enne !<br \/>\nLe Marathon Logicom de Chypre commence sur le lieu de naissance d&rsquo;Aphrodite (d\u00e9esse de l&rsquo;amour et de la beaut\u00e9) et suit un itin\u00e9raire c\u00f4tier le long de la mer M\u00e9diterran\u00e9e.<br \/>\nLa ligne d&rsquo;arriv\u00e9e pittoresque (et la ligne de d\u00e9part des autres courses) se trouve sur la place du fort m\u00e9di\u00e9val de Pafos, juste \u00e0 c\u00f4t\u00e9 du magnifique port de Pafos.  <\/p>\n<p style=\"text-align: left;\">Participez au marathon de Chypre de Logicom pour tomber amoureux de la course \u00e0 pied !<\/p>\n<p style=\"text-align: center;\"><a href=\"https:\/\/registration.mylaps.com\/cyprus-marathon\" target=\"_blank\" rel=\"noopener noreferrer\">Inscrivez-vous ici ! <\/a><\/p>\n","protected":false},"excerpt":{"rendered":"<p>REJOIGNEZ-NOUS POUR LE SOLEIL D&rsquo;HIVER, COUREZ ET AMUSEZ-VOUS ! Combinant des paysages historiques \u00e0 couper le souffle avec l&rsquo;hospitalit\u00e9 traditionnelle m\u00e9diterran\u00e9enne ! Le Marathon Logicom de Chypre commence sur le lieu de naissance d&rsquo;Aphrodite (d\u00e9esse de l&rsquo;amour et de la beaut\u00e9) et suit un itin\u00e9raire c\u00f4tier le long de la mer M\u00e9diterran\u00e9e. La ligne d&rsquo;arriv\u00e9e<\/p>\n","protected":false},"author":100,"featured_media":13270,"parent":0,"menu_order":0,"comment_status":"closed","ping_status":"closed","template":"","meta":{"_acf_changed":false,"footnotes":""},"class_list":["post-13809","page","type-page","status-publish","has-post-thumbnail","hentry"],"acf":[],"yoast_head":"<!-- This site is optimized with the Yoast SEO plugin v27.3 - https:\/\/yoast.com\/product\/yoast-seo-wordpress\/ -->\n<title>LOGICOM CYPRUS MARATHON - HALF-MARATHON, 10KM RACE &amp; 5KM FUN RUN - 15 mars 2020, PAPHOS - Constantinou Bros Hotels<\/title>\n<meta name=\"description\" content=\"Constantinou Bros Hotels soutient le Logicom Cyprus Marathon de mars 2020, un \u00e9v\u00e9nement sportif important dans la ville historique de Paphos.\" \/>\n<meta name=\"robots\" content=\"index, follow, max-snippet:-1, max-image-preview:large, max-video-preview:-1\" \/>\n<link rel=\"canonical\" href=\"https:\/\/www.cbh-cyprus.com\/fr\/logicom-cyprus-marathon-half-marathon\/\" \/>\n<meta property=\"og:locale\" content=\"fr_FR\" \/>\n<meta property=\"og:type\" content=\"article\" \/>\n<meta property=\"og:title\" content=\"LOGICOM CYPRUS MARATHON - HALF-MARATHON, 10KM RACE &amp; 5KM FUN RUN - 15 mars 2020, PAPHOS - Constantinou Bros Hotels\" \/>\n<meta property=\"og:description\" content=\"Constantinou Bros Hotels soutient le Logicom Cyprus Marathon de mars 2020, un \u00e9v\u00e9nement sportif important dans la ville historique de Paphos.\" \/>\n<meta property=\"og:url\" content=\"https:\/\/www.cbh-cyprus.com\/fr\/logicom-cyprus-marathon-half-marathon\/\" \/>\n<meta property=\"og:site_name\" content=\"Constantinou Bros Hotels\" \/>\n<meta property=\"article:modified_time\" content=\"2024-09-13T09:10:44+00:00\" \/>\n<meta property=\"og:image\" content=\"https:\/\/www.cbh-cyprus.com\/app\/uploads\/sites\/30\/2019\/07\/logicom_resized.jpg\" \/>\n\t<meta property=\"og:image:width\" content=\"1920\" \/>\n\t<meta property=\"og:image:height\" content=\"1280\" \/>\n\t<meta property=\"og:image:type\" content=\"image\/jpeg\" \/>\n<meta name=\"twitter:card\" content=\"summary_large_image\" \/>\n<meta name=\"twitter:label1\" content=\"Dur\u00e9e de lecture estim\u00e9e\" \/>\n\t<meta name=\"twitter:data1\" content=\"1 minute\" \/>\n<script type=\"application\/ld+json\" class=\"yoast-schema-graph\">{\"@context\":\"https:\\\/\\\/schema.org\",\"@graph\":[{\"@type\":\"WebPage\",\"@id\":\"https:\\\/\\\/www.cbh-cyprus.com\\\/fr\\\/logicom-cyprus-marathon-half-marathon\\\/\",\"url\":\"https:\\\/\\\/www.cbh-cyprus.com\\\/fr\\\/logicom-cyprus-marathon-half-marathon\\\/\",\"name\":\"LOGICOM CYPRUS MARATHON - HALF-MARATHON, 10KM RACE & 5KM FUN RUN - 15 mars 2020, PAPHOS - Constantinou Bros Hotels\",\"isPartOf\":{\"@id\":\"https:\\\/\\\/www.cbh-cyprus.com\\\/fr\\\/#website\"},\"primaryImageOfPage\":{\"@id\":\"https:\\\/\\\/www.cbh-cyprus.com\\\/fr\\\/logicom-cyprus-marathon-half-marathon\\\/#primaryimage\"},\"image\":{\"@id\":\"https:\\\/\\\/www.cbh-cyprus.com\\\/fr\\\/logicom-cyprus-marathon-half-marathon\\\/#primaryimage\"},\"thumbnailUrl\":\"https:\\\/\\\/www.cbh-cyprus.com\\\/app\\\/uploads\\\/sites\\\/30\\\/2019\\\/07\\\/logicom_resized.jpg\",\"datePublished\":\"2022-03-23T14:51:15+00:00\",\"dateModified\":\"2024-09-13T09:10:44+00:00\",\"description\":\"Constantinou Bros Hotels soutient le Logicom Cyprus Marathon de mars 2020, un \u00e9v\u00e9nement sportif important dans la ville historique de Paphos.\",\"breadcrumb\":{\"@id\":\"https:\\\/\\\/www.cbh-cyprus.com\\\/fr\\\/logicom-cyprus-marathon-half-marathon\\\/#breadcrumb\"},\"inLanguage\":\"fr-FR\",\"potentialAction\":[{\"@type\":\"ReadAction\",\"target\":[\"https:\\\/\\\/www.cbh-cyprus.com\\\/fr\\\/logicom-cyprus-marathon-half-marathon\\\/\"]}]},{\"@type\":\"ImageObject\",\"inLanguage\":\"fr-FR\",\"@id\":\"https:\\\/\\\/www.cbh-cyprus.com\\\/fr\\\/logicom-cyprus-marathon-half-marathon\\\/#primaryimage\",\"url\":\"https:\\\/\\\/www.cbh-cyprus.com\\\/app\\\/uploads\\\/sites\\\/30\\\/2019\\\/07\\\/logicom_resized.jpg\",\"contentUrl\":\"https:\\\/\\\/www.cbh-cyprus.com\\\/app\\\/uploads\\\/sites\\\/30\\\/2019\\\/07\\\/logicom_resized.jpg\",\"width\":1920,\"height\":1280},{\"@type\":\"BreadcrumbList\",\"@id\":\"https:\\\/\\\/www.cbh-cyprus.com\\\/fr\\\/logicom-cyprus-marathon-half-marathon\\\/#breadcrumb\",\"itemListElement\":[{\"@type\":\"ListItem\",\"position\":1,\"name\":\"Home\",\"item\":\"https:\\\/\\\/www.cbh-cyprus.com\\\/fr\\\/welcome-to-constantinou-bros-hotels\\\/\"},{\"@type\":\"ListItem\",\"position\":2,\"name\":\"LOGICOM CYPRUS MARATHON &#8211; HALF-MARATHON, 10KM RACE &amp; 5KM FUN RUN &#8211; 15 mars 2020, PAPHOS\"}]},{\"@type\":\"WebSite\",\"@id\":\"https:\\\/\\\/www.cbh-cyprus.com\\\/fr\\\/#website\",\"url\":\"https:\\\/\\\/www.cbh-cyprus.com\\\/fr\\\/\",\"name\":\"Constantinou Bros Hotels\",\"description\":\"Constantinou Bros Hotels\",\"publisher\":{\"@id\":\"https:\\\/\\\/www.cbh-cyprus.com\\\/fr\\\/#organization\"},\"potentialAction\":[{\"@type\":\"SearchAction\",\"target\":{\"@type\":\"EntryPoint\",\"urlTemplate\":\"https:\\\/\\\/www.cbh-cyprus.com\\\/fr\\\/?s={search_term_string}\"},\"query-input\":{\"@type\":\"PropertyValueSpecification\",\"valueRequired\":true,\"valueName\":\"search_term_string\"}}],\"inLanguage\":\"fr-FR\"},{\"@type\":\"Organization\",\"@id\":\"https:\\\/\\\/www.cbh-cyprus.com\\\/fr\\\/#organization\",\"name\":\"Constantinou Bros Hotels\",\"url\":\"https:\\\/\\\/www.cbh-cyprus.com\\\/fr\\\/\",\"logo\":{\"@type\":\"ImageObject\",\"inLanguage\":\"fr-FR\",\"@id\":\"https:\\\/\\\/www.cbh-cyprus.com\\\/fr\\\/#\\\/schema\\\/logo\\\/image\\\/\",\"url\":\"https:\\\/\\\/www.cbh-cyprus.com\\\/app\\\/uploads\\\/sites\\\/30\\\/2020\\\/10\\\/cbh.jpg\",\"contentUrl\":\"https:\\\/\\\/www.cbh-cyprus.com\\\/app\\\/uploads\\\/sites\\\/30\\\/2020\\\/10\\\/cbh.jpg\",\"width\":1013,\"height\":419,\"caption\":\"Constantinou Bros Hotels\"},\"image\":{\"@id\":\"https:\\\/\\\/www.cbh-cyprus.com\\\/fr\\\/#\\\/schema\\\/logo\\\/image\\\/\"}}]}<\/script>\n<!-- \/ Yoast SEO plugin. -->","yoast_head_json":{"title":"LOGICOM CYPRUS MARATHON - HALF-MARATHON, 10KM RACE & 5KM FUN RUN - 15 mars 2020, PAPHOS - Constantinou Bros Hotels","description":"Constantinou Bros Hotels soutient le Logicom Cyprus Marathon de mars 2020, un \u00e9v\u00e9nement sportif important dans la ville historique de Paphos.","robots":{"index":"index","follow":"follow","max-snippet":"max-snippet:-1","max-image-preview":"max-image-preview:large","max-video-preview":"max-video-preview:-1"},"canonical":"https:\/\/www.cbh-cyprus.com\/fr\/logicom-cyprus-marathon-half-marathon\/","og_locale":"fr_FR","og_type":"article","og_title":"LOGICOM CYPRUS MARATHON - HALF-MARATHON, 10KM RACE & 5KM FUN RUN - 15 mars 2020, PAPHOS - Constantinou Bros Hotels","og_description":"Constantinou Bros Hotels soutient le Logicom Cyprus Marathon de mars 2020, un \u00e9v\u00e9nement sportif important dans la ville historique de Paphos.","og_url":"https:\/\/www.cbh-cyprus.com\/fr\/logicom-cyprus-marathon-half-marathon\/","og_site_name":"Constantinou Bros Hotels","article_modified_time":"2024-09-13T09:10:44+00:00","og_image":[{"width":1920,"height":1280,"url":"https:\/\/www.cbh-cyprus.com\/app\/uploads\/sites\/30\/2019\/07\/logicom_resized.jpg","type":"image\/jpeg"}],"twitter_card":"summary_large_image","twitter_misc":{"Dur\u00e9e de lecture estim\u00e9e":"1 minute"},"schema":{"@context":"https:\/\/schema.org","@graph":[{"@type":"WebPage","@id":"https:\/\/www.cbh-cyprus.com\/fr\/logicom-cyprus-marathon-half-marathon\/","url":"https:\/\/www.cbh-cyprus.com\/fr\/logicom-cyprus-marathon-half-marathon\/","name":"LOGICOM CYPRUS MARATHON - HALF-MARATHON, 10KM RACE & 5KM FUN RUN - 15 mars 2020, PAPHOS - Constantinou Bros Hotels","isPartOf":{"@id":"https:\/\/www.cbh-cyprus.com\/fr\/#website"},"primaryImageOfPage":{"@id":"https:\/\/www.cbh-cyprus.com\/fr\/logicom-cyprus-marathon-half-marathon\/#primaryimage"},"image":{"@id":"https:\/\/www.cbh-cyprus.com\/fr\/logicom-cyprus-marathon-half-marathon\/#primaryimage"},"thumbnailUrl":"https:\/\/www.cbh-cyprus.com\/app\/uploads\/sites\/30\/2019\/07\/logicom_resized.jpg","datePublished":"2022-03-23T14:51:15+00:00","dateModified":"2024-09-13T09:10:44+00:00","description":"Constantinou Bros Hotels soutient le Logicom Cyprus Marathon de mars 2020, un \u00e9v\u00e9nement sportif important dans la ville historique de Paphos.","breadcrumb":{"@id":"https:\/\/www.cbh-cyprus.com\/fr\/logicom-cyprus-marathon-half-marathon\/#breadcrumb"},"inLanguage":"fr-FR","potentialAction":[{"@type":"ReadAction","target":["https:\/\/www.cbh-cyprus.com\/fr\/logicom-cyprus-marathon-half-marathon\/"]}]},{"@type":"ImageObject","inLanguage":"fr-FR","@id":"https:\/\/www.cbh-cyprus.com\/fr\/logicom-cyprus-marathon-half-marathon\/#primaryimage","url":"https:\/\/www.cbh-cyprus.com\/app\/uploads\/sites\/30\/2019\/07\/logicom_resized.jpg","contentUrl":"https:\/\/www.cbh-cyprus.com\/app\/uploads\/sites\/30\/2019\/07\/logicom_resized.jpg","width":1920,"height":1280},{"@type":"BreadcrumbList","@id":"https:\/\/www.cbh-cyprus.com\/fr\/logicom-cyprus-marathon-half-marathon\/#breadcrumb","itemListElement":[{"@type":"ListItem","position":1,"name":"Home","item":"https:\/\/www.cbh-cyprus.com\/fr\/welcome-to-constantinou-bros-hotels\/"},{"@type":"ListItem","position":2,"name":"LOGICOM CYPRUS MARATHON &#8211; HALF-MARATHON, 10KM RACE &amp; 5KM FUN RUN &#8211; 15 mars 2020, PAPHOS"}]},{"@type":"WebSite","@id":"https:\/\/www.cbh-cyprus.com\/fr\/#website","url":"https:\/\/www.cbh-cyprus.com\/fr\/","name":"Constantinou Bros Hotels","description":"Constantinou Bros Hotels","publisher":{"@id":"https:\/\/www.cbh-cyprus.com\/fr\/#organization"},"potentialAction":[{"@type":"SearchAction","target":{"@type":"EntryPoint","urlTemplate":"https:\/\/www.cbh-cyprus.com\/fr\/?s={search_term_string}"},"query-input":{"@type":"PropertyValueSpecification","valueRequired":true,"valueName":"search_term_string"}}],"inLanguage":"fr-FR"},{"@type":"Organization","@id":"https:\/\/www.cbh-cyprus.com\/fr\/#organization","name":"Constantinou Bros Hotels","url":"https:\/\/www.cbh-cyprus.com\/fr\/","logo":{"@type":"ImageObject","inLanguage":"fr-FR","@id":"https:\/\/www.cbh-cyprus.com\/fr\/#\/schema\/logo\/image\/","url":"https:\/\/www.cbh-cyprus.com\/app\/uploads\/sites\/30\/2020\/10\/cbh.jpg","contentUrl":"https:\/\/www.cbh-cyprus.com\/app\/uploads\/sites\/30\/2020\/10\/cbh.jpg","width":1013,"height":419,"caption":"Constantinou Bros Hotels"},"image":{"@id":"https:\/\/www.cbh-cyprus.com\/fr\/#\/schema\/logo\/image\/"}}]}},"_links":{"self":[{"href":"https:\/\/www.cbh-cyprus.com\/fr\/wp-json\/wp\/v2\/pages\/13809","targetHints":{"allow":["GET"]}}],"collection":[{"href":"https:\/\/www.cbh-cyprus.com\/fr\/wp-json\/wp\/v2\/pages"}],"about":[{"href":"https:\/\/www.cbh-cyprus.com\/fr\/wp-json\/wp\/v2\/types\/page"}],"author":[{"embeddable":true,"href":"https:\/\/www.cbh-cyprus.com\/fr\/wp-json\/wp\/v2\/users\/100"}],"replies":[{"embeddable":true,"href":"https:\/\/www.cbh-cyprus.com\/fr\/wp-json\/wp\/v2\/comments?post=13809"}],"version-history":[{"count":2,"href":"https:\/\/www.cbh-cyprus.com\/fr\/wp-json\/wp\/v2\/pages\/13809\/revisions"}],"predecessor-version":[{"id":41338,"href":"https:\/\/www.cbh-cyprus.com\/fr\/wp-json\/wp\/v2\/pages\/13809\/revisions\/41338"}],"wp:featuredmedia":[{"embeddable":true,"href":"https:\/\/www.cbh-cyprus.com\/fr\/wp-json\/wp\/v2\/media\/13270"}],"wp:attachment":[{"href":"https:\/\/www.cbh-cyprus.com\/fr\/wp-json\/wp\/v2\/media?parent=13809"}],"curies":[{"name":"wp","href":"https:\/\/api.w.org\/{rel}","templated":true}]}}