{"id":13811,"date":"2022-03-23T17:52:31","date_gmt":"2022-03-23T14:52:31","guid":{"rendered":"https:\/\/www.cbh-cyprus.com\/dance-holidays\/"},"modified":"2024-09-13T11:38:08","modified_gmt":"2024-09-13T08:38:08","slug":"dance-holidays","status":"publish","type":"page","link":"https:\/\/www.cbh-cyprus.com\/fr\/activities\/dance-holidays\/","title":{"rendered":"Vacances de danse"},"content":{"rendered":"<p>Tous les h\u00f4tels disposent d&rsquo;une gamme de salles de bal pour r\u00e9pondre \u00e0 vos besoins, avec des salles sans piliers et des planchers en bois pouvant accueillir jusqu&rsquo;\u00e0 200 danseurs, ce qui est id\u00e9al pour les amateurs de danse et vous garantit des vacances dansantes agr\u00e9ables \u00e0 Chypre.<br \/>\nLes h\u00f4tels Constantinou Bros proposent un programme vari\u00e9 de cours de danse et d&rsquo;\u00e9v\u00e9nements sociaux en soir\u00e9e dans l&rsquo;une des fabuleuses salles de danse des h\u00f4tels Constantinou Bros.<br \/>\nLes h\u00f4tels disposent \u00e9galement de leurs propres coordinateurs de danse de novembre \u00e0 avril, qui enseignent un programme quotidien complet de danse de salon et de danse latine, du niveau d\u00e9butant au niveau avanc\u00e9, ce qui rendra vos vacances dansantes \u00e0 Chypre vraiment m\u00e9morables.    <\/p>\n<h3><\/h3>\n<h3>Cours de danse<\/h3>\n<p>  Les responsables de la danse mettent en place un programme hebdomadaire complet de danse, comprenant des cours de danse de salon, de danse latine, de danse s\u00e9quentielle, de jive moderne et de danse en ligne.<br \/>\nLes cours de danse sont propos\u00e9s plusieurs fois par semaine et comprennent \u00e0 la fois des cours pour d\u00e9butants et des cours de perfectionnement, ainsi que des cours de ma\u00eetre pour les danseurs plus avanc\u00e9s.<br \/>\nLes cours de danse s\u00e9quentielle comprennent l&rsquo;apprentissage des danses s\u00e9quentielles les plus populaires, telles que la Rumba 1, le Square Tango, le Mayfair Quickstep et le Balmoral Blues.    <\/p>\n<h3><\/h3>\n<h3>Danse sociale en soir\u00e9e<\/h3>\n<p>  Six soirs sur sept, des danses sociales sont organis\u00e9es en soir\u00e9e.<br \/>\nCes soir\u00e9es sont anim\u00e9es par vos responsables de danse et sont un m\u00e9lange de danse de salon, de danse latine, de s\u00e9quence, de danse en ligne et de jive moderne.<br \/>\nLa musique sera un m\u00e9lange de vieux classiques et de nouveaux sons contemporains.<br \/>\nLes danseurs et les non-danseurs de tous les h\u00f4tels Constantinou Bros sont les bienvenus pour participer aux activit\u00e9s de danse en journ\u00e9e ou en soir\u00e9e.<br \/>\nDe nombreuses personnes reviennent pour profiter des cours de danse dispens\u00e9s par des experts, du choix in\u00e9gal\u00e9 de cuisines, de l&rsquo;h\u00e9bergement luxueux et des merveilleux emplacements en bord de mer.<br \/>\nPour plus d&rsquo;informations sur les vacances dansantes, veuillez nous contacter directement \u00e0 l&rsquo;adresse suivante :<a href=\"mailto:csm@cbh-cyprus.com\">E-mail:csm@cbh-cyprus.com<\/a> Tel : <a href=\"tel:%202688%\">+357 2688 4307<\/a>     <\/p>\n","protected":false},"excerpt":{"rendered":"<p>Tous les h\u00f4tels disposent d&rsquo;une gamme de salles de bal pour r\u00e9pondre \u00e0 vos besoins, avec des salles sans piliers et des planchers en bois pouvant accueillir jusqu&rsquo;\u00e0 200 danseurs, ce qui est id\u00e9al pour les amateurs de danse et vous garantit des vacances dansantes agr\u00e9ables \u00e0 Chypre. Les h\u00f4tels Constantinou Bros proposent un programme<\/p>\n","protected":false},"author":100,"featured_media":13127,"parent":14088,"menu_order":0,"comment_status":"closed","ping_status":"closed","template":"","meta":{"_acf_changed":false,"footnotes":""},"class_list":["post-13811","page","type-page","status-publish","has-post-thumbnail","hentry"],"acf":[],"yoast_head":"<!-- This site is optimized with the Yoast SEO plugin v27.3 - https:\/\/yoast.com\/product\/yoast-seo-wordpress\/ -->\n<title>Vacances dansantes \u00e0 Chypre, Paphos || Constantinou Hotels<\/title>\n<meta name=\"description\" content=\"Les h\u00f4tels Constantinou Bros disposent de salles de bal et de cours sp\u00e9ciaux. Rejoignez-nous pour des vacances dansantes inoubliables \u00e0 Chypre.\" \/>\n<meta name=\"robots\" content=\"index, follow, max-snippet:-1, max-image-preview:large, max-video-preview:-1\" \/>\n<link rel=\"canonical\" href=\"https:\/\/www.cbh-cyprus.com\/fr\/activities\/dance-holidays\/\" \/>\n<meta property=\"og:locale\" content=\"fr_FR\" \/>\n<meta property=\"og:type\" content=\"article\" \/>\n<meta property=\"og:title\" content=\"Vacances dansantes \u00e0 Chypre, Paphos || Constantinou Hotels\" \/>\n<meta property=\"og:description\" content=\"Les h\u00f4tels Constantinou Bros disposent de salles de bal et de cours sp\u00e9ciaux. Rejoignez-nous pour des vacances dansantes inoubliables \u00e0 Chypre.\" \/>\n<meta property=\"og:url\" content=\"https:\/\/www.cbh-cyprus.com\/fr\/activities\/dance-holidays\/\" \/>\n<meta property=\"og:site_name\" content=\"Constantinou Bros Hotels\" \/>\n<meta property=\"article:modified_time\" content=\"2024-09-13T08:38:08+00:00\" \/>\n<meta property=\"og:image\" content=\"https:\/\/www.cbh-cyprus.com\/app\/uploads\/sites\/30\/2019\/10\/athena-royal-beach-hotel-royal-hall-dancing-room_resized.jpg\" \/>\n\t<meta property=\"og:image:width\" content=\"1920\" \/>\n\t<meta property=\"og:image:height\" content=\"1276\" \/>\n\t<meta property=\"og:image:type\" content=\"image\/jpeg\" \/>\n<meta name=\"twitter:card\" content=\"summary_large_image\" \/>\n<meta name=\"twitter:label1\" content=\"Dur\u00e9e de lecture estim\u00e9e\" \/>\n\t<meta name=\"twitter:data1\" content=\"2 minutes\" \/>\n<script type=\"application\/ld+json\" class=\"yoast-schema-graph\">{\"@context\":\"https:\\\/\\\/schema.org\",\"@graph\":[{\"@type\":\"WebPage\",\"@id\":\"https:\\\/\\\/www.cbh-cyprus.com\\\/fr\\\/activities\\\/dance-holidays\\\/\",\"url\":\"https:\\\/\\\/www.cbh-cyprus.com\\\/fr\\\/activities\\\/dance-holidays\\\/\",\"name\":\"Vacances dansantes \u00e0 Chypre, Paphos || Constantinou Hotels\",\"isPartOf\":{\"@id\":\"https:\\\/\\\/www.cbh-cyprus.com\\\/fr\\\/#website\"},\"primaryImageOfPage\":{\"@id\":\"https:\\\/\\\/www.cbh-cyprus.com\\\/fr\\\/activities\\\/dance-holidays\\\/#primaryimage\"},\"image\":{\"@id\":\"https:\\\/\\\/www.cbh-cyprus.com\\\/fr\\\/activities\\\/dance-holidays\\\/#primaryimage\"},\"thumbnailUrl\":\"https:\\\/\\\/www.cbh-cyprus.com\\\/app\\\/uploads\\\/sites\\\/30\\\/2019\\\/10\\\/athena-royal-beach-hotel-royal-hall-dancing-room_resized.jpg\",\"datePublished\":\"2022-03-23T14:52:31+00:00\",\"dateModified\":\"2024-09-13T08:38:08+00:00\",\"description\":\"Les h\u00f4tels Constantinou Bros disposent de salles de bal et de cours sp\u00e9ciaux. Rejoignez-nous pour des vacances dansantes inoubliables \u00e0 Chypre.\",\"breadcrumb\":{\"@id\":\"https:\\\/\\\/www.cbh-cyprus.com\\\/fr\\\/activities\\\/dance-holidays\\\/#breadcrumb\"},\"inLanguage\":\"fr-FR\",\"potentialAction\":[{\"@type\":\"ReadAction\",\"target\":[\"https:\\\/\\\/www.cbh-cyprus.com\\\/fr\\\/activities\\\/dance-holidays\\\/\"]}]},{\"@type\":\"ImageObject\",\"inLanguage\":\"fr-FR\",\"@id\":\"https:\\\/\\\/www.cbh-cyprus.com\\\/fr\\\/activities\\\/dance-holidays\\\/#primaryimage\",\"url\":\"https:\\\/\\\/www.cbh-cyprus.com\\\/app\\\/uploads\\\/sites\\\/30\\\/2019\\\/10\\\/athena-royal-beach-hotel-royal-hall-dancing-room_resized.jpg\",\"contentUrl\":\"https:\\\/\\\/www.cbh-cyprus.com\\\/app\\\/uploads\\\/sites\\\/30\\\/2019\\\/10\\\/athena-royal-beach-hotel-royal-hall-dancing-room_resized.jpg\",\"width\":1920,\"height\":1276},{\"@type\":\"BreadcrumbList\",\"@id\":\"https:\\\/\\\/www.cbh-cyprus.com\\\/fr\\\/activities\\\/dance-holidays\\\/#breadcrumb\",\"itemListElement\":[{\"@type\":\"ListItem\",\"position\":1,\"name\":\"Home\",\"item\":\"https:\\\/\\\/www.cbh-cyprus.com\\\/fr\\\/welcome-to-constantinou-bros-hotels\\\/\"},{\"@type\":\"ListItem\",\"position\":2,\"name\":\"Activit\u00e9s\",\"item\":\"https:\\\/\\\/www.cbh-cyprus.com\\\/fr\\\/activities\\\/\"},{\"@type\":\"ListItem\",\"position\":3,\"name\":\"Vacances de danse\"}]},{\"@type\":\"WebSite\",\"@id\":\"https:\\\/\\\/www.cbh-cyprus.com\\\/fr\\\/#website\",\"url\":\"https:\\\/\\\/www.cbh-cyprus.com\\\/fr\\\/\",\"name\":\"Constantinou Bros Hotels\",\"description\":\"Constantinou Bros Hotels\",\"publisher\":{\"@id\":\"https:\\\/\\\/www.cbh-cyprus.com\\\/fr\\\/#organization\"},\"potentialAction\":[{\"@type\":\"SearchAction\",\"target\":{\"@type\":\"EntryPoint\",\"urlTemplate\":\"https:\\\/\\\/www.cbh-cyprus.com\\\/fr\\\/?s={search_term_string}\"},\"query-input\":{\"@type\":\"PropertyValueSpecification\",\"valueRequired\":true,\"valueName\":\"search_term_string\"}}],\"inLanguage\":\"fr-FR\"},{\"@type\":\"Organization\",\"@id\":\"https:\\\/\\\/www.cbh-cyprus.com\\\/fr\\\/#organization\",\"name\":\"Constantinou Bros Hotels\",\"url\":\"https:\\\/\\\/www.cbh-cyprus.com\\\/fr\\\/\",\"logo\":{\"@type\":\"ImageObject\",\"inLanguage\":\"fr-FR\",\"@id\":\"https:\\\/\\\/www.cbh-cyprus.com\\\/fr\\\/#\\\/schema\\\/logo\\\/image\\\/\",\"url\":\"https:\\\/\\\/www.cbh-cyprus.com\\\/app\\\/uploads\\\/sites\\\/30\\\/2020\\\/10\\\/cbh.jpg\",\"contentUrl\":\"https:\\\/\\\/www.cbh-cyprus.com\\\/app\\\/uploads\\\/sites\\\/30\\\/2020\\\/10\\\/cbh.jpg\",\"width\":1013,\"height\":419,\"caption\":\"Constantinou Bros Hotels\"},\"image\":{\"@id\":\"https:\\\/\\\/www.cbh-cyprus.com\\\/fr\\\/#\\\/schema\\\/logo\\\/image\\\/\"}}]}<\/script>\n<!-- \/ Yoast SEO plugin. -->","yoast_head_json":{"title":"Vacances dansantes \u00e0 Chypre, Paphos || Constantinou Hotels","description":"Les h\u00f4tels Constantinou Bros disposent de salles de bal et de cours sp\u00e9ciaux. Rejoignez-nous pour des vacances dansantes inoubliables \u00e0 Chypre.","robots":{"index":"index","follow":"follow","max-snippet":"max-snippet:-1","max-image-preview":"max-image-preview:large","max-video-preview":"max-video-preview:-1"},"canonical":"https:\/\/www.cbh-cyprus.com\/fr\/activities\/dance-holidays\/","og_locale":"fr_FR","og_type":"article","og_title":"Vacances dansantes \u00e0 Chypre, Paphos || Constantinou Hotels","og_description":"Les h\u00f4tels Constantinou Bros disposent de salles de bal et de cours sp\u00e9ciaux. Rejoignez-nous pour des vacances dansantes inoubliables \u00e0 Chypre.","og_url":"https:\/\/www.cbh-cyprus.com\/fr\/activities\/dance-holidays\/","og_site_name":"Constantinou Bros Hotels","article_modified_time":"2024-09-13T08:38:08+00:00","og_image":[{"width":1920,"height":1276,"url":"https:\/\/www.cbh-cyprus.com\/app\/uploads\/sites\/30\/2019\/10\/athena-royal-beach-hotel-royal-hall-dancing-room_resized.jpg","type":"image\/jpeg"}],"twitter_card":"summary_large_image","twitter_misc":{"Dur\u00e9e de lecture estim\u00e9e":"2 minutes"},"schema":{"@context":"https:\/\/schema.org","@graph":[{"@type":"WebPage","@id":"https:\/\/www.cbh-cyprus.com\/fr\/activities\/dance-holidays\/","url":"https:\/\/www.cbh-cyprus.com\/fr\/activities\/dance-holidays\/","name":"Vacances dansantes \u00e0 Chypre, Paphos || Constantinou Hotels","isPartOf":{"@id":"https:\/\/www.cbh-cyprus.com\/fr\/#website"},"primaryImageOfPage":{"@id":"https:\/\/www.cbh-cyprus.com\/fr\/activities\/dance-holidays\/#primaryimage"},"image":{"@id":"https:\/\/www.cbh-cyprus.com\/fr\/activities\/dance-holidays\/#primaryimage"},"thumbnailUrl":"https:\/\/www.cbh-cyprus.com\/app\/uploads\/sites\/30\/2019\/10\/athena-royal-beach-hotel-royal-hall-dancing-room_resized.jpg","datePublished":"2022-03-23T14:52:31+00:00","dateModified":"2024-09-13T08:38:08+00:00","description":"Les h\u00f4tels Constantinou Bros disposent de salles de bal et de cours sp\u00e9ciaux. Rejoignez-nous pour des vacances dansantes inoubliables \u00e0 Chypre.","breadcrumb":{"@id":"https:\/\/www.cbh-cyprus.com\/fr\/activities\/dance-holidays\/#breadcrumb"},"inLanguage":"fr-FR","potentialAction":[{"@type":"ReadAction","target":["https:\/\/www.cbh-cyprus.com\/fr\/activities\/dance-holidays\/"]}]},{"@type":"ImageObject","inLanguage":"fr-FR","@id":"https:\/\/www.cbh-cyprus.com\/fr\/activities\/dance-holidays\/#primaryimage","url":"https:\/\/www.cbh-cyprus.com\/app\/uploads\/sites\/30\/2019\/10\/athena-royal-beach-hotel-royal-hall-dancing-room_resized.jpg","contentUrl":"https:\/\/www.cbh-cyprus.com\/app\/uploads\/sites\/30\/2019\/10\/athena-royal-beach-hotel-royal-hall-dancing-room_resized.jpg","width":1920,"height":1276},{"@type":"BreadcrumbList","@id":"https:\/\/www.cbh-cyprus.com\/fr\/activities\/dance-holidays\/#breadcrumb","itemListElement":[{"@type":"ListItem","position":1,"name":"Home","item":"https:\/\/www.cbh-cyprus.com\/fr\/welcome-to-constantinou-bros-hotels\/"},{"@type":"ListItem","position":2,"name":"Activit\u00e9s","item":"https:\/\/www.cbh-cyprus.com\/fr\/activities\/"},{"@type":"ListItem","position":3,"name":"Vacances de danse"}]},{"@type":"WebSite","@id":"https:\/\/www.cbh-cyprus.com\/fr\/#website","url":"https:\/\/www.cbh-cyprus.com\/fr\/","name":"Constantinou Bros Hotels","description":"Constantinou Bros Hotels","publisher":{"@id":"https:\/\/www.cbh-cyprus.com\/fr\/#organization"},"potentialAction":[{"@type":"SearchAction","target":{"@type":"EntryPoint","urlTemplate":"https:\/\/www.cbh-cyprus.com\/fr\/?s={search_term_string}"},"query-input":{"@type":"PropertyValueSpecification","valueRequired":true,"valueName":"search_term_string"}}],"inLanguage":"fr-FR"},{"@type":"Organization","@id":"https:\/\/www.cbh-cyprus.com\/fr\/#organization","name":"Constantinou Bros Hotels","url":"https:\/\/www.cbh-cyprus.com\/fr\/","logo":{"@type":"ImageObject","inLanguage":"fr-FR","@id":"https:\/\/www.cbh-cyprus.com\/fr\/#\/schema\/logo\/image\/","url":"https:\/\/www.cbh-cyprus.com\/app\/uploads\/sites\/30\/2020\/10\/cbh.jpg","contentUrl":"https:\/\/www.cbh-cyprus.com\/app\/uploads\/sites\/30\/2020\/10\/cbh.jpg","width":1013,"height":419,"caption":"Constantinou Bros Hotels"},"image":{"@id":"https:\/\/www.cbh-cyprus.com\/fr\/#\/schema\/logo\/image\/"}}]}},"_links":{"self":[{"href":"https:\/\/www.cbh-cyprus.com\/fr\/wp-json\/wp\/v2\/pages\/13811","targetHints":{"allow":["GET"]}}],"collection":[{"href":"https:\/\/www.cbh-cyprus.com\/fr\/wp-json\/wp\/v2\/pages"}],"about":[{"href":"https:\/\/www.cbh-cyprus.com\/fr\/wp-json\/wp\/v2\/types\/page"}],"author":[{"embeddable":true,"href":"https:\/\/www.cbh-cyprus.com\/fr\/wp-json\/wp\/v2\/users\/100"}],"replies":[{"embeddable":true,"href":"https:\/\/www.cbh-cyprus.com\/fr\/wp-json\/wp\/v2\/comments?post=13811"}],"version-history":[{"count":3,"href":"https:\/\/www.cbh-cyprus.com\/fr\/wp-json\/wp\/v2\/pages\/13811\/revisions"}],"predecessor-version":[{"id":41229,"href":"https:\/\/www.cbh-cyprus.com\/fr\/wp-json\/wp\/v2\/pages\/13811\/revisions\/41229"}],"up":[{"embeddable":true,"href":"https:\/\/www.cbh-cyprus.com\/fr\/wp-json\/wp\/v2\/pages\/14088"}],"wp:featuredmedia":[{"embeddable":true,"href":"https:\/\/www.cbh-cyprus.com\/fr\/wp-json\/wp\/v2\/media\/13127"}],"wp:attachment":[{"href":"https:\/\/www.cbh-cyprus.com\/fr\/wp-json\/wp\/v2\/media?parent=13811"}],"curies":[{"name":"wp","href":"https:\/\/api.w.org\/{rel}","templated":true}]}}