{"id":13813,"date":"2022-03-23T17:53:21","date_gmt":"2022-03-23T14:53:21","guid":{"rendered":"https:\/\/www.cbh-cyprus.com\/bowls-cyprus-national-final-competition-may-2019\/"},"modified":"2024-09-13T11:46:33","modified_gmt":"2024-09-13T08:46:33","slug":"bowls-cyprus-national-final-competition-may-2019","status":"publish","type":"page","link":"https:\/\/www.cbh-cyprus.com\/fr\/activities\/bowling-holidays\/bowling-news\/bowls-cyprus-national-final-competition-may-2019\/","title":{"rendered":"Comp\u00e9tition finale nationale de p\u00e9tanque en Chypre &#8211; mai 2019"},"content":{"rendered":"<h1>R\u00e9capitulation : La finale nationale de Bowls Cyprus triomphe \u00e0 l&rsquo;Athena Beach Hotel, les 2 et 3 mai 2019 !<\/h1>\n<p>  La comp\u00e9tition Bowls Cyprus National Final s&rsquo;est d\u00e9roul\u00e9e avec succ\u00e8s \u00e0 l&rsquo;<a href=\"https:\/\/athena-cbh.com\/\" target=\"_blank\" rel=\"noopener noreferrer\">Athena Beach Hotel<\/a> les 2 et 3 mai 2019. Quels deux jours splendides de bowling avec un temps magnifique, juste parfait pour le bowling ! Bravo \u00e0 tous les participants qui ont pris part \u00e0 cet \u00e9v\u00e9nement passionnant, les r\u00e9sultats sont disponibles sur le site web de Bowls Cyprus. Bowls Cyprus, en partenariat avec Constantinou Bros Hotels, a le plaisir d&rsquo;annoncer un nouvel \u00e9v\u00e9nement international, approuv\u00e9 par le World Bowls, qui se tiendra \u00e0 Paphos, Chypre, en octobre 2021, \u00e0 savoir l&rsquo;Altantic Senior Fours 2020<a href=\"https:\/\/www.atlanticseniorfours.com\" target=\"_blank\" rel=\"noopener noreferrer\"> https:\/\/www.atlanticseniorfours.com.<\/a><\/p>\n","protected":false},"excerpt":{"rendered":"<p>R\u00e9capitulation : La finale nationale de Bowls Cyprus triomphe \u00e0 l&rsquo;Athena Beach Hotel, les 2 et 3 mai 2019 ! La comp\u00e9tition Bowls Cyprus National Final s&rsquo;est d\u00e9roul\u00e9e avec succ\u00e8s \u00e0 l&rsquo;Athena Beach Hotel les 2 et 3 mai 2019. Quels deux jours splendides de bowling avec un temps magnifique, juste parfait pour le bowling<\/p>\n","protected":false},"author":100,"featured_media":13092,"parent":13817,"menu_order":0,"comment_status":"closed","ping_status":"closed","template":"","meta":{"_acf_changed":false,"footnotes":""},"class_list":["post-13813","page","type-page","status-publish","has-post-thumbnail","hentry"],"acf":[],"yoast_head":"<!-- This site is optimized with the Yoast SEO plugin v27.3 - https:\/\/yoast.com\/product\/yoast-seo-wordpress\/ -->\n<title>Comp\u00e9tition finale nationale de bowls \u00e0 Chypre - mai 2019 - Constantinou Bros Hotels<\/title>\n<meta name=\"description\" content=\"Deux jours splendides pass\u00e9s \u00e0 la comp\u00e9tition Bowls Cyprus National Final qui s&#039;est tenue \u00e0 l&#039;Athena Beach Hotel par Constantinou Bros Hotels les 2 et 3 mai 2019.\" \/>\n<meta name=\"robots\" content=\"index, follow, max-snippet:-1, max-image-preview:large, max-video-preview:-1\" \/>\n<link rel=\"canonical\" href=\"https:\/\/www.cbh-cyprus.com\/fr\/activities\/bowling-holidays\/bowling-news\/bowls-cyprus-national-final-competition-may-2019\/\" \/>\n<meta property=\"og:locale\" content=\"fr_FR\" \/>\n<meta property=\"og:type\" content=\"article\" \/>\n<meta property=\"og:title\" content=\"Comp\u00e9tition finale nationale de bowls \u00e0 Chypre - mai 2019 - Constantinou Bros Hotels\" \/>\n<meta property=\"og:description\" content=\"Deux jours splendides pass\u00e9s \u00e0 la comp\u00e9tition Bowls Cyprus National Final qui s&#039;est tenue \u00e0 l&#039;Athena Beach Hotel par Constantinou Bros Hotels les 2 et 3 mai 2019.\" \/>\n<meta property=\"og:url\" content=\"https:\/\/www.cbh-cyprus.com\/fr\/activities\/bowling-holidays\/bowling-news\/bowls-cyprus-national-final-competition-may-2019\/\" \/>\n<meta property=\"og:site_name\" content=\"Constantinou Bros Hotels\" \/>\n<meta property=\"article:modified_time\" content=\"2024-09-13T08:46:33+00:00\" \/>\n<meta property=\"og:image\" content=\"https:\/\/www.cbh-cyprus.com\/app\/uploads\/sites\/30\/2019\/07\/phoca_thumb_l__aug2838.jpg\" \/>\n\t<meta property=\"og:image:width\" content=\"640\" \/>\n\t<meta property=\"og:image:height\" content=\"426\" \/>\n\t<meta property=\"og:image:type\" content=\"image\/jpeg\" \/>\n<meta name=\"twitter:card\" content=\"summary_large_image\" \/>\n<meta name=\"twitter:label1\" content=\"Dur\u00e9e de lecture estim\u00e9e\" \/>\n\t<meta name=\"twitter:data1\" content=\"1 minute\" \/>\n<script type=\"application\/ld+json\" class=\"yoast-schema-graph\">{\"@context\":\"https:\\\/\\\/schema.org\",\"@graph\":[{\"@type\":\"WebPage\",\"@id\":\"https:\\\/\\\/www.cbh-cyprus.com\\\/fr\\\/activities\\\/bowling-holidays\\\/bowling-news\\\/bowls-cyprus-national-final-competition-may-2019\\\/\",\"url\":\"https:\\\/\\\/www.cbh-cyprus.com\\\/fr\\\/activities\\\/bowling-holidays\\\/bowling-news\\\/bowls-cyprus-national-final-competition-may-2019\\\/\",\"name\":\"Comp\u00e9tition finale nationale de bowls \u00e0 Chypre - mai 2019 - Constantinou Bros Hotels\",\"isPartOf\":{\"@id\":\"https:\\\/\\\/www.cbh-cyprus.com\\\/fr\\\/#website\"},\"primaryImageOfPage\":{\"@id\":\"https:\\\/\\\/www.cbh-cyprus.com\\\/fr\\\/activities\\\/bowling-holidays\\\/bowling-news\\\/bowls-cyprus-national-final-competition-may-2019\\\/#primaryimage\"},\"image\":{\"@id\":\"https:\\\/\\\/www.cbh-cyprus.com\\\/fr\\\/activities\\\/bowling-holidays\\\/bowling-news\\\/bowls-cyprus-national-final-competition-may-2019\\\/#primaryimage\"},\"thumbnailUrl\":\"https:\\\/\\\/www.cbh-cyprus.com\\\/app\\\/uploads\\\/sites\\\/30\\\/2019\\\/07\\\/phoca_thumb_l__aug2838.jpg\",\"datePublished\":\"2022-03-23T14:53:21+00:00\",\"dateModified\":\"2024-09-13T08:46:33+00:00\",\"description\":\"Deux jours splendides pass\u00e9s \u00e0 la comp\u00e9tition Bowls Cyprus National Final qui s'est tenue \u00e0 l'Athena Beach Hotel par Constantinou Bros Hotels les 2 et 3 mai 2019.\",\"breadcrumb\":{\"@id\":\"https:\\\/\\\/www.cbh-cyprus.com\\\/fr\\\/activities\\\/bowling-holidays\\\/bowling-news\\\/bowls-cyprus-national-final-competition-may-2019\\\/#breadcrumb\"},\"inLanguage\":\"fr-FR\",\"potentialAction\":[{\"@type\":\"ReadAction\",\"target\":[\"https:\\\/\\\/www.cbh-cyprus.com\\\/fr\\\/activities\\\/bowling-holidays\\\/bowling-news\\\/bowls-cyprus-national-final-competition-may-2019\\\/\"]}]},{\"@type\":\"ImageObject\",\"inLanguage\":\"fr-FR\",\"@id\":\"https:\\\/\\\/www.cbh-cyprus.com\\\/fr\\\/activities\\\/bowling-holidays\\\/bowling-news\\\/bowls-cyprus-national-final-competition-may-2019\\\/#primaryimage\",\"url\":\"https:\\\/\\\/www.cbh-cyprus.com\\\/app\\\/uploads\\\/sites\\\/30\\\/2019\\\/07\\\/phoca_thumb_l__aug2838.jpg\",\"contentUrl\":\"https:\\\/\\\/www.cbh-cyprus.com\\\/app\\\/uploads\\\/sites\\\/30\\\/2019\\\/07\\\/phoca_thumb_l__aug2838.jpg\",\"width\":640,\"height\":426,\"caption\":\"Games\"},{\"@type\":\"BreadcrumbList\",\"@id\":\"https:\\\/\\\/www.cbh-cyprus.com\\\/fr\\\/activities\\\/bowling-holidays\\\/bowling-news\\\/bowls-cyprus-national-final-competition-may-2019\\\/#breadcrumb\",\"itemListElement\":[{\"@type\":\"ListItem\",\"position\":1,\"name\":\"Home\",\"item\":\"https:\\\/\\\/www.cbh-cyprus.com\\\/fr\\\/welcome-to-constantinou-bros-hotels\\\/\"},{\"@type\":\"ListItem\",\"position\":2,\"name\":\"Activit\u00e9s\",\"item\":\"https:\\\/\\\/www.cbh-cyprus.com\\\/fr\\\/activities\\\/\"},{\"@type\":\"ListItem\",\"position\":3,\"name\":\"Vacances au bowling\",\"item\":\"https:\\\/\\\/www.cbh-cyprus.com\\\/fr\\\/activities\\\/bowling-holidays\\\/\"},{\"@type\":\"ListItem\",\"position\":4,\"name\":\"Nouvelles du bowling\",\"item\":\"https:\\\/\\\/www.cbh-cyprus.com\\\/fr\\\/activities\\\/bowling-holidays\\\/bowling-news\\\/\"},{\"@type\":\"ListItem\",\"position\":5,\"name\":\"Comp\u00e9tition finale nationale de p\u00e9tanque en Chypre &#8211; mai 2019\"}]},{\"@type\":\"WebSite\",\"@id\":\"https:\\\/\\\/www.cbh-cyprus.com\\\/fr\\\/#website\",\"url\":\"https:\\\/\\\/www.cbh-cyprus.com\\\/fr\\\/\",\"name\":\"Constantinou Bros Hotels\",\"description\":\"Constantinou Bros Hotels\",\"publisher\":{\"@id\":\"https:\\\/\\\/www.cbh-cyprus.com\\\/fr\\\/#organization\"},\"potentialAction\":[{\"@type\":\"SearchAction\",\"target\":{\"@type\":\"EntryPoint\",\"urlTemplate\":\"https:\\\/\\\/www.cbh-cyprus.com\\\/fr\\\/?s={search_term_string}\"},\"query-input\":{\"@type\":\"PropertyValueSpecification\",\"valueRequired\":true,\"valueName\":\"search_term_string\"}}],\"inLanguage\":\"fr-FR\"},{\"@type\":\"Organization\",\"@id\":\"https:\\\/\\\/www.cbh-cyprus.com\\\/fr\\\/#organization\",\"name\":\"Constantinou Bros Hotels\",\"url\":\"https:\\\/\\\/www.cbh-cyprus.com\\\/fr\\\/\",\"logo\":{\"@type\":\"ImageObject\",\"inLanguage\":\"fr-FR\",\"@id\":\"https:\\\/\\\/www.cbh-cyprus.com\\\/fr\\\/#\\\/schema\\\/logo\\\/image\\\/\",\"url\":\"https:\\\/\\\/www.cbh-cyprus.com\\\/app\\\/uploads\\\/sites\\\/30\\\/2020\\\/10\\\/cbh.jpg\",\"contentUrl\":\"https:\\\/\\\/www.cbh-cyprus.com\\\/app\\\/uploads\\\/sites\\\/30\\\/2020\\\/10\\\/cbh.jpg\",\"width\":1013,\"height\":419,\"caption\":\"Constantinou Bros Hotels\"},\"image\":{\"@id\":\"https:\\\/\\\/www.cbh-cyprus.com\\\/fr\\\/#\\\/schema\\\/logo\\\/image\\\/\"}}]}<\/script>\n<!-- \/ Yoast SEO plugin. -->","yoast_head_json":{"title":"Comp\u00e9tition finale nationale de bowls \u00e0 Chypre - mai 2019 - Constantinou Bros Hotels","description":"Deux jours splendides pass\u00e9s \u00e0 la comp\u00e9tition Bowls Cyprus National Final qui s'est tenue \u00e0 l'Athena Beach Hotel par Constantinou Bros Hotels les 2 et 3 mai 2019.","robots":{"index":"index","follow":"follow","max-snippet":"max-snippet:-1","max-image-preview":"max-image-preview:large","max-video-preview":"max-video-preview:-1"},"canonical":"https:\/\/www.cbh-cyprus.com\/fr\/activities\/bowling-holidays\/bowling-news\/bowls-cyprus-national-final-competition-may-2019\/","og_locale":"fr_FR","og_type":"article","og_title":"Comp\u00e9tition finale nationale de bowls \u00e0 Chypre - mai 2019 - Constantinou Bros Hotels","og_description":"Deux jours splendides pass\u00e9s \u00e0 la comp\u00e9tition Bowls Cyprus National Final qui s'est tenue \u00e0 l'Athena Beach Hotel par Constantinou Bros Hotels les 2 et 3 mai 2019.","og_url":"https:\/\/www.cbh-cyprus.com\/fr\/activities\/bowling-holidays\/bowling-news\/bowls-cyprus-national-final-competition-may-2019\/","og_site_name":"Constantinou Bros Hotels","article_modified_time":"2024-09-13T08:46:33+00:00","og_image":[{"width":640,"height":426,"url":"https:\/\/www.cbh-cyprus.com\/app\/uploads\/sites\/30\/2019\/07\/phoca_thumb_l__aug2838.jpg","type":"image\/jpeg"}],"twitter_card":"summary_large_image","twitter_misc":{"Dur\u00e9e de lecture estim\u00e9e":"1 minute"},"schema":{"@context":"https:\/\/schema.org","@graph":[{"@type":"WebPage","@id":"https:\/\/www.cbh-cyprus.com\/fr\/activities\/bowling-holidays\/bowling-news\/bowls-cyprus-national-final-competition-may-2019\/","url":"https:\/\/www.cbh-cyprus.com\/fr\/activities\/bowling-holidays\/bowling-news\/bowls-cyprus-national-final-competition-may-2019\/","name":"Comp\u00e9tition finale nationale de bowls \u00e0 Chypre - mai 2019 - Constantinou Bros Hotels","isPartOf":{"@id":"https:\/\/www.cbh-cyprus.com\/fr\/#website"},"primaryImageOfPage":{"@id":"https:\/\/www.cbh-cyprus.com\/fr\/activities\/bowling-holidays\/bowling-news\/bowls-cyprus-national-final-competition-may-2019\/#primaryimage"},"image":{"@id":"https:\/\/www.cbh-cyprus.com\/fr\/activities\/bowling-holidays\/bowling-news\/bowls-cyprus-national-final-competition-may-2019\/#primaryimage"},"thumbnailUrl":"https:\/\/www.cbh-cyprus.com\/app\/uploads\/sites\/30\/2019\/07\/phoca_thumb_l__aug2838.jpg","datePublished":"2022-03-23T14:53:21+00:00","dateModified":"2024-09-13T08:46:33+00:00","description":"Deux jours splendides pass\u00e9s \u00e0 la comp\u00e9tition Bowls Cyprus National Final qui s'est tenue \u00e0 l'Athena Beach Hotel par Constantinou Bros Hotels les 2 et 3 mai 2019.","breadcrumb":{"@id":"https:\/\/www.cbh-cyprus.com\/fr\/activities\/bowling-holidays\/bowling-news\/bowls-cyprus-national-final-competition-may-2019\/#breadcrumb"},"inLanguage":"fr-FR","potentialAction":[{"@type":"ReadAction","target":["https:\/\/www.cbh-cyprus.com\/fr\/activities\/bowling-holidays\/bowling-news\/bowls-cyprus-national-final-competition-may-2019\/"]}]},{"@type":"ImageObject","inLanguage":"fr-FR","@id":"https:\/\/www.cbh-cyprus.com\/fr\/activities\/bowling-holidays\/bowling-news\/bowls-cyprus-national-final-competition-may-2019\/#primaryimage","url":"https:\/\/www.cbh-cyprus.com\/app\/uploads\/sites\/30\/2019\/07\/phoca_thumb_l__aug2838.jpg","contentUrl":"https:\/\/www.cbh-cyprus.com\/app\/uploads\/sites\/30\/2019\/07\/phoca_thumb_l__aug2838.jpg","width":640,"height":426,"caption":"Games"},{"@type":"BreadcrumbList","@id":"https:\/\/www.cbh-cyprus.com\/fr\/activities\/bowling-holidays\/bowling-news\/bowls-cyprus-national-final-competition-may-2019\/#breadcrumb","itemListElement":[{"@type":"ListItem","position":1,"name":"Home","item":"https:\/\/www.cbh-cyprus.com\/fr\/welcome-to-constantinou-bros-hotels\/"},{"@type":"ListItem","position":2,"name":"Activit\u00e9s","item":"https:\/\/www.cbh-cyprus.com\/fr\/activities\/"},{"@type":"ListItem","position":3,"name":"Vacances au bowling","item":"https:\/\/www.cbh-cyprus.com\/fr\/activities\/bowling-holidays\/"},{"@type":"ListItem","position":4,"name":"Nouvelles du bowling","item":"https:\/\/www.cbh-cyprus.com\/fr\/activities\/bowling-holidays\/bowling-news\/"},{"@type":"ListItem","position":5,"name":"Comp\u00e9tition finale nationale de p\u00e9tanque en Chypre &#8211; mai 2019"}]},{"@type":"WebSite","@id":"https:\/\/www.cbh-cyprus.com\/fr\/#website","url":"https:\/\/www.cbh-cyprus.com\/fr\/","name":"Constantinou Bros Hotels","description":"Constantinou Bros Hotels","publisher":{"@id":"https:\/\/www.cbh-cyprus.com\/fr\/#organization"},"potentialAction":[{"@type":"SearchAction","target":{"@type":"EntryPoint","urlTemplate":"https:\/\/www.cbh-cyprus.com\/fr\/?s={search_term_string}"},"query-input":{"@type":"PropertyValueSpecification","valueRequired":true,"valueName":"search_term_string"}}],"inLanguage":"fr-FR"},{"@type":"Organization","@id":"https:\/\/www.cbh-cyprus.com\/fr\/#organization","name":"Constantinou Bros Hotels","url":"https:\/\/www.cbh-cyprus.com\/fr\/","logo":{"@type":"ImageObject","inLanguage":"fr-FR","@id":"https:\/\/www.cbh-cyprus.com\/fr\/#\/schema\/logo\/image\/","url":"https:\/\/www.cbh-cyprus.com\/app\/uploads\/sites\/30\/2020\/10\/cbh.jpg","contentUrl":"https:\/\/www.cbh-cyprus.com\/app\/uploads\/sites\/30\/2020\/10\/cbh.jpg","width":1013,"height":419,"caption":"Constantinou Bros Hotels"},"image":{"@id":"https:\/\/www.cbh-cyprus.com\/fr\/#\/schema\/logo\/image\/"}}]}},"_links":{"self":[{"href":"https:\/\/www.cbh-cyprus.com\/fr\/wp-json\/wp\/v2\/pages\/13813","targetHints":{"allow":["GET"]}}],"collection":[{"href":"https:\/\/www.cbh-cyprus.com\/fr\/wp-json\/wp\/v2\/pages"}],"about":[{"href":"https:\/\/www.cbh-cyprus.com\/fr\/wp-json\/wp\/v2\/types\/page"}],"author":[{"embeddable":true,"href":"https:\/\/www.cbh-cyprus.com\/fr\/wp-json\/wp\/v2\/users\/100"}],"replies":[{"embeddable":true,"href":"https:\/\/www.cbh-cyprus.com\/fr\/wp-json\/wp\/v2\/comments?post=13813"}],"version-history":[{"count":3,"href":"https:\/\/www.cbh-cyprus.com\/fr\/wp-json\/wp\/v2\/pages\/13813\/revisions"}],"predecessor-version":[{"id":41244,"href":"https:\/\/www.cbh-cyprus.com\/fr\/wp-json\/wp\/v2\/pages\/13813\/revisions\/41244"}],"up":[{"embeddable":true,"href":"https:\/\/www.cbh-cyprus.com\/fr\/wp-json\/wp\/v2\/pages\/13817"}],"wp:featuredmedia":[{"embeddable":true,"href":"https:\/\/www.cbh-cyprus.com\/fr\/wp-json\/wp\/v2\/media\/13092"}],"wp:attachment":[{"href":"https:\/\/www.cbh-cyprus.com\/fr\/wp-json\/wp\/v2\/media?parent=13813"}],"curies":[{"name":"wp","href":"https:\/\/api.w.org\/{rel}","templated":true}]}}