{"id":13815,"date":"2022-03-23T17:53:59","date_gmt":"2022-03-23T14:53:59","guid":{"rendered":"https:\/\/www.cbh-cyprus.com\/our-hotels\/"},"modified":"2024-07-23T12:17:35","modified_gmt":"2024-07-23T09:17:35","slug":"our-hotels","status":"publish","type":"page","link":"https:\/\/www.cbh-cyprus.com\/fr\/our-hotels\/","title":{"rendered":"Nos h\u00f4tels"},"content":{"rendered":"<p>C&rsquo;est avec grand plaisir que nous vous accueillons dans nos h\u00f4tels. Gr\u00e2ce aux nombreuses ann\u00e9es d&rsquo;exp\u00e9rience que nous avons avec nos clients, nous avons appris que chacun recherche une exp\u00e9rience de vacances qui lui est propre. C&rsquo;est dans cet esprit que nous, les h\u00f4tels Constantinou Bros, avons cr\u00e9\u00e9 nos h\u00f4tels et consacr\u00e9 notre service \u00e0 r\u00e9pondre \u00e0 vos attentes, en vous permettant de choisir parmi une large gamme d&rsquo;\u00e9quipements selon vos d\u00e9sirs. Les h\u00f4tels Constantinou Bros offrent un \u00e9ventail infini de possibilit\u00e9s pour satisfaire nos clients, il ne vous reste plus qu&rsquo;\u00e0 choisir. Quel que soit l&rsquo;h\u00f4tel dans lequel vous s\u00e9journez, vous pouvez \u00eatre assur\u00e9 que, quels que soient vos besoins ou vos souhaits, nous serons en mesure de les satisfaire. Nous vous souhaitons un s\u00e9jour tr\u00e8s heureux et m\u00e9morable.<\/p>\n","protected":false},"excerpt":{"rendered":"<p>C&rsquo;est avec grand plaisir que nous vous accueillons dans nos h\u00f4tels. Gr\u00e2ce aux nombreuses ann\u00e9es d&rsquo;exp\u00e9rience que nous avons avec nos clients, nous avons appris que chacun recherche une exp\u00e9rience de vacances qui lui est propre. C&rsquo;est dans cet esprit que nous, les h\u00f4tels Constantinou Bros, avons cr\u00e9\u00e9 nos h\u00f4tels et consacr\u00e9 notre service \u00e0<\/p>\n","protected":false},"author":100,"featured_media":13240,"parent":0,"menu_order":0,"comment_status":"closed","ping_status":"closed","template":"page-templates\/simple-list.php","meta":{"_acf_changed":false,"footnotes":""},"class_list":["post-13815","page","type-page","status-publish","has-post-thumbnail","hentry"],"acf":[],"yoast_head":"<!-- This site is optimized with the Yoast SEO plugin v27.3 - https:\/\/yoast.com\/product\/yoast-seo-wordpress\/ -->\n<title>Nos h\u00f4tels - Constantinou Bros Hotels<\/title>\n<meta name=\"robots\" content=\"index, follow, max-snippet:-1, max-image-preview:large, max-video-preview:-1\" \/>\n<link rel=\"canonical\" href=\"https:\/\/www.cbh-cyprus.com\/fr\/our-hotels\/\" \/>\n<meta property=\"og:locale\" content=\"fr_FR\" \/>\n<meta property=\"og:type\" content=\"article\" \/>\n<meta property=\"og:title\" content=\"Nos h\u00f4tels - Constantinou Bros Hotels\" \/>\n<meta property=\"og:description\" content=\"C&rsquo;est avec grand plaisir que nous vous accueillons dans nos h\u00f4tels. Gr\u00e2ce aux nombreuses ann\u00e9es d&rsquo;exp\u00e9rience que nous avons avec nos clients, nous avons appris que chacun recherche une exp\u00e9rience de vacances qui lui est propre. C&rsquo;est dans cet esprit que nous, les h\u00f4tels Constantinou Bros, avons cr\u00e9\u00e9 nos h\u00f4tels et consacr\u00e9 notre service \u00e0\" \/>\n<meta property=\"og:url\" content=\"https:\/\/www.cbh-cyprus.com\/fr\/our-hotels\/\" \/>\n<meta property=\"og:site_name\" content=\"Constantinou Bros Hotels\" \/>\n<meta property=\"article:modified_time\" content=\"2024-07-23T09:17:35+00:00\" \/>\n<meta property=\"og:image\" content=\"https:\/\/www.cbh-cyprus.com\/app\/uploads\/sites\/30\/2019\/10\/10-athena-royal-beach-hotel-cabanas_resized.jpg\" \/>\n\t<meta property=\"og:image:width\" content=\"1920\" \/>\n\t<meta property=\"og:image:height\" content=\"1539\" \/>\n\t<meta property=\"og:image:type\" content=\"image\/jpeg\" \/>\n<meta name=\"twitter:card\" content=\"summary_large_image\" \/>\n<meta name=\"twitter:label1\" content=\"Dur\u00e9e de lecture estim\u00e9e\" \/>\n\t<meta name=\"twitter:data1\" content=\"1 minute\" \/>\n<script type=\"application\/ld+json\" class=\"yoast-schema-graph\">{\"@context\":\"https:\\\/\\\/schema.org\",\"@graph\":[{\"@type\":\"WebPage\",\"@id\":\"https:\\\/\\\/www.cbh-cyprus.com\\\/fr\\\/our-hotels\\\/\",\"url\":\"https:\\\/\\\/www.cbh-cyprus.com\\\/fr\\\/our-hotels\\\/\",\"name\":\"Nos h\u00f4tels - Constantinou Bros Hotels\",\"isPartOf\":{\"@id\":\"https:\\\/\\\/www.cbh-cyprus.com\\\/fr\\\/#website\"},\"primaryImageOfPage\":{\"@id\":\"https:\\\/\\\/www.cbh-cyprus.com\\\/fr\\\/our-hotels\\\/#primaryimage\"},\"image\":{\"@id\":\"https:\\\/\\\/www.cbh-cyprus.com\\\/fr\\\/our-hotels\\\/#primaryimage\"},\"thumbnailUrl\":\"https:\\\/\\\/www.cbh-cyprus.com\\\/app\\\/uploads\\\/sites\\\/30\\\/2019\\\/10\\\/10-athena-royal-beach-hotel-cabanas_resized.jpg\",\"datePublished\":\"2022-03-23T14:53:59+00:00\",\"dateModified\":\"2024-07-23T09:17:35+00:00\",\"breadcrumb\":{\"@id\":\"https:\\\/\\\/www.cbh-cyprus.com\\\/fr\\\/our-hotels\\\/#breadcrumb\"},\"inLanguage\":\"fr-FR\",\"potentialAction\":[{\"@type\":\"ReadAction\",\"target\":[\"https:\\\/\\\/www.cbh-cyprus.com\\\/fr\\\/our-hotels\\\/\"]}]},{\"@type\":\"ImageObject\",\"inLanguage\":\"fr-FR\",\"@id\":\"https:\\\/\\\/www.cbh-cyprus.com\\\/fr\\\/our-hotels\\\/#primaryimage\",\"url\":\"https:\\\/\\\/www.cbh-cyprus.com\\\/app\\\/uploads\\\/sites\\\/30\\\/2019\\\/10\\\/10-athena-royal-beach-hotel-cabanas_resized.jpg\",\"contentUrl\":\"https:\\\/\\\/www.cbh-cyprus.com\\\/app\\\/uploads\\\/sites\\\/30\\\/2019\\\/10\\\/10-athena-royal-beach-hotel-cabanas_resized.jpg\",\"width\":1920,\"height\":1539},{\"@type\":\"BreadcrumbList\",\"@id\":\"https:\\\/\\\/www.cbh-cyprus.com\\\/fr\\\/our-hotels\\\/#breadcrumb\",\"itemListElement\":[{\"@type\":\"ListItem\",\"position\":1,\"name\":\"Home\",\"item\":\"https:\\\/\\\/www.cbh-cyprus.com\\\/fr\\\/welcome-to-constantinou-bros-hotels\\\/\"},{\"@type\":\"ListItem\",\"position\":2,\"name\":\"Nos h\u00f4tels\"}]},{\"@type\":\"WebSite\",\"@id\":\"https:\\\/\\\/www.cbh-cyprus.com\\\/fr\\\/#website\",\"url\":\"https:\\\/\\\/www.cbh-cyprus.com\\\/fr\\\/\",\"name\":\"Constantinou Bros Hotels\",\"description\":\"Constantinou Bros Hotels\",\"publisher\":{\"@id\":\"https:\\\/\\\/www.cbh-cyprus.com\\\/fr\\\/#organization\"},\"potentialAction\":[{\"@type\":\"SearchAction\",\"target\":{\"@type\":\"EntryPoint\",\"urlTemplate\":\"https:\\\/\\\/www.cbh-cyprus.com\\\/fr\\\/?s={search_term_string}\"},\"query-input\":{\"@type\":\"PropertyValueSpecification\",\"valueRequired\":true,\"valueName\":\"search_term_string\"}}],\"inLanguage\":\"fr-FR\"},{\"@type\":\"Organization\",\"@id\":\"https:\\\/\\\/www.cbh-cyprus.com\\\/fr\\\/#organization\",\"name\":\"Constantinou Bros Hotels\",\"url\":\"https:\\\/\\\/www.cbh-cyprus.com\\\/fr\\\/\",\"logo\":{\"@type\":\"ImageObject\",\"inLanguage\":\"fr-FR\",\"@id\":\"https:\\\/\\\/www.cbh-cyprus.com\\\/fr\\\/#\\\/schema\\\/logo\\\/image\\\/\",\"url\":\"https:\\\/\\\/www.cbh-cyprus.com\\\/app\\\/uploads\\\/sites\\\/30\\\/2020\\\/10\\\/cbh.jpg\",\"contentUrl\":\"https:\\\/\\\/www.cbh-cyprus.com\\\/app\\\/uploads\\\/sites\\\/30\\\/2020\\\/10\\\/cbh.jpg\",\"width\":1013,\"height\":419,\"caption\":\"Constantinou Bros Hotels\"},\"image\":{\"@id\":\"https:\\\/\\\/www.cbh-cyprus.com\\\/fr\\\/#\\\/schema\\\/logo\\\/image\\\/\"}}]}<\/script>\n<!-- \/ Yoast SEO plugin. -->","yoast_head_json":{"title":"Nos h\u00f4tels - Constantinou Bros Hotels","robots":{"index":"index","follow":"follow","max-snippet":"max-snippet:-1","max-image-preview":"max-image-preview:large","max-video-preview":"max-video-preview:-1"},"canonical":"https:\/\/www.cbh-cyprus.com\/fr\/our-hotels\/","og_locale":"fr_FR","og_type":"article","og_title":"Nos h\u00f4tels - Constantinou Bros Hotels","og_description":"C&rsquo;est avec grand plaisir que nous vous accueillons dans nos h\u00f4tels. Gr\u00e2ce aux nombreuses ann\u00e9es d&rsquo;exp\u00e9rience que nous avons avec nos clients, nous avons appris que chacun recherche une exp\u00e9rience de vacances qui lui est propre. C&rsquo;est dans cet esprit que nous, les h\u00f4tels Constantinou Bros, avons cr\u00e9\u00e9 nos h\u00f4tels et consacr\u00e9 notre service \u00e0","og_url":"https:\/\/www.cbh-cyprus.com\/fr\/our-hotels\/","og_site_name":"Constantinou Bros Hotels","article_modified_time":"2024-07-23T09:17:35+00:00","og_image":[{"width":1920,"height":1539,"url":"https:\/\/www.cbh-cyprus.com\/app\/uploads\/sites\/30\/2019\/10\/10-athena-royal-beach-hotel-cabanas_resized.jpg","type":"image\/jpeg"}],"twitter_card":"summary_large_image","twitter_misc":{"Dur\u00e9e de lecture estim\u00e9e":"1 minute"},"schema":{"@context":"https:\/\/schema.org","@graph":[{"@type":"WebPage","@id":"https:\/\/www.cbh-cyprus.com\/fr\/our-hotels\/","url":"https:\/\/www.cbh-cyprus.com\/fr\/our-hotels\/","name":"Nos h\u00f4tels - Constantinou Bros Hotels","isPartOf":{"@id":"https:\/\/www.cbh-cyprus.com\/fr\/#website"},"primaryImageOfPage":{"@id":"https:\/\/www.cbh-cyprus.com\/fr\/our-hotels\/#primaryimage"},"image":{"@id":"https:\/\/www.cbh-cyprus.com\/fr\/our-hotels\/#primaryimage"},"thumbnailUrl":"https:\/\/www.cbh-cyprus.com\/app\/uploads\/sites\/30\/2019\/10\/10-athena-royal-beach-hotel-cabanas_resized.jpg","datePublished":"2022-03-23T14:53:59+00:00","dateModified":"2024-07-23T09:17:35+00:00","breadcrumb":{"@id":"https:\/\/www.cbh-cyprus.com\/fr\/our-hotels\/#breadcrumb"},"inLanguage":"fr-FR","potentialAction":[{"@type":"ReadAction","target":["https:\/\/www.cbh-cyprus.com\/fr\/our-hotels\/"]}]},{"@type":"ImageObject","inLanguage":"fr-FR","@id":"https:\/\/www.cbh-cyprus.com\/fr\/our-hotels\/#primaryimage","url":"https:\/\/www.cbh-cyprus.com\/app\/uploads\/sites\/30\/2019\/10\/10-athena-royal-beach-hotel-cabanas_resized.jpg","contentUrl":"https:\/\/www.cbh-cyprus.com\/app\/uploads\/sites\/30\/2019\/10\/10-athena-royal-beach-hotel-cabanas_resized.jpg","width":1920,"height":1539},{"@type":"BreadcrumbList","@id":"https:\/\/www.cbh-cyprus.com\/fr\/our-hotels\/#breadcrumb","itemListElement":[{"@type":"ListItem","position":1,"name":"Home","item":"https:\/\/www.cbh-cyprus.com\/fr\/welcome-to-constantinou-bros-hotels\/"},{"@type":"ListItem","position":2,"name":"Nos h\u00f4tels"}]},{"@type":"WebSite","@id":"https:\/\/www.cbh-cyprus.com\/fr\/#website","url":"https:\/\/www.cbh-cyprus.com\/fr\/","name":"Constantinou Bros Hotels","description":"Constantinou Bros Hotels","publisher":{"@id":"https:\/\/www.cbh-cyprus.com\/fr\/#organization"},"potentialAction":[{"@type":"SearchAction","target":{"@type":"EntryPoint","urlTemplate":"https:\/\/www.cbh-cyprus.com\/fr\/?s={search_term_string}"},"query-input":{"@type":"PropertyValueSpecification","valueRequired":true,"valueName":"search_term_string"}}],"inLanguage":"fr-FR"},{"@type":"Organization","@id":"https:\/\/www.cbh-cyprus.com\/fr\/#organization","name":"Constantinou Bros Hotels","url":"https:\/\/www.cbh-cyprus.com\/fr\/","logo":{"@type":"ImageObject","inLanguage":"fr-FR","@id":"https:\/\/www.cbh-cyprus.com\/fr\/#\/schema\/logo\/image\/","url":"https:\/\/www.cbh-cyprus.com\/app\/uploads\/sites\/30\/2020\/10\/cbh.jpg","contentUrl":"https:\/\/www.cbh-cyprus.com\/app\/uploads\/sites\/30\/2020\/10\/cbh.jpg","width":1013,"height":419,"caption":"Constantinou Bros Hotels"},"image":{"@id":"https:\/\/www.cbh-cyprus.com\/fr\/#\/schema\/logo\/image\/"}}]}},"_links":{"self":[{"href":"https:\/\/www.cbh-cyprus.com\/fr\/wp-json\/wp\/v2\/pages\/13815","targetHints":{"allow":["GET"]}}],"collection":[{"href":"https:\/\/www.cbh-cyprus.com\/fr\/wp-json\/wp\/v2\/pages"}],"about":[{"href":"https:\/\/www.cbh-cyprus.com\/fr\/wp-json\/wp\/v2\/types\/page"}],"author":[{"embeddable":true,"href":"https:\/\/www.cbh-cyprus.com\/fr\/wp-json\/wp\/v2\/users\/100"}],"replies":[{"embeddable":true,"href":"https:\/\/www.cbh-cyprus.com\/fr\/wp-json\/wp\/v2\/comments?post=13815"}],"version-history":[{"count":2,"href":"https:\/\/www.cbh-cyprus.com\/fr\/wp-json\/wp\/v2\/pages\/13815\/revisions"}],"predecessor-version":[{"id":37238,"href":"https:\/\/www.cbh-cyprus.com\/fr\/wp-json\/wp\/v2\/pages\/13815\/revisions\/37238"}],"wp:featuredmedia":[{"embeddable":true,"href":"https:\/\/www.cbh-cyprus.com\/fr\/wp-json\/wp\/v2\/media\/13240"}],"wp:attachment":[{"href":"https:\/\/www.cbh-cyprus.com\/fr\/wp-json\/wp\/v2\/media?parent=13815"}],"curies":[{"name":"wp","href":"https:\/\/api.w.org\/{rel}","templated":true}]}}