{"id":13821,"date":"2022-03-23T17:55:24","date_gmt":"2022-03-23T14:55:24","guid":{"rendered":"https:\/\/www.cbh-cyprus.com\/bowling-holidays\/bowling-facilities\/"},"modified":"2024-09-13T11:32:04","modified_gmt":"2024-09-13T08:32:04","slug":"bowling-facilities","status":"publish","type":"page","link":"https:\/\/www.cbh-cyprus.com\/fr\/activities\/bowling-holidays\/bowling-facilities\/","title":{"rendered":"Installations de bowling"},"content":{"rendered":"<h1>Des installations de bowling de premier ordre dans les h\u00f4tels Constantinou Bros<\/h1>\n<h3>Installations de boules de classe mondiale<\/h3>\n<p>  La combinaison tr\u00e8s r\u00e9ussie de greens impeccables recouverts de tapis Mastergreen\u00ae et de la superbe qualit\u00e9 de l&rsquo;h\u00e9bergement a fait de ces deux h\u00f4tels l&rsquo;un des choix les plus populaires pour les vacances de bowling \u00e0 l&rsquo;\u00e9tranger.<br \/>\nNous sommes tr\u00e8s fiers d&rsquo;avoir \u00e9t\u00e9 choisis pour accueillir des \u00e9v\u00e9nements aussi prestigieux que le Premier League Bowls Tournament en 2010, les Atlantic Championships en 2011, le World Champion of Champions en 2012 et la Bowls Cyprus National Finals competition qui se tiendra \u00e0 l&rsquo;Athena Beach Hotel en 2019.   &nbsp;<\/p>\n<p><strong>Nos fantastiques installations de bowling comprennent :<\/strong><\/p>\n<ul>\n<li>4 patinoires partag\u00e9es entre l&rsquo;Asimina Suites Hotel 5* et le Pioneer Beach Hotel 4*.<\/li>\n<li>18 patinoires ext\u00e9rieures partag\u00e9es entre l&rsquo;Athena Royal Beach Hotel 4* de luxe et l&rsquo;Athena Beach Hotel 4*.<\/li>\n<li>3 des terrains de boules conviennent au Crown Green Bowling<\/li>\n<li>6 Pistes de p\u00e9tanque int\u00e9rieures &#8211; (Flat Green)<\/li>\n<li>8 tapis de boules courts disponibles sur demande &#8211; Athena Royal Beach Hotel<\/li>\n<li>4 tapis de boules courts disponibles sur demande &#8211; Pioneer Beach Hotel<\/li>\n<li>Tous les greens sont \u00e9quip\u00e9s de tapis Mastergreen et sont situ\u00e9s dans l&rsquo;enceinte de l&rsquo;h\u00f4tel.<\/li>\n<li>Tous les jours f\u00e9ri\u00e9s sont organis\u00e9s par notre coordinateur de boules r\u00e9sidentes (octobre-avril).<\/li>\n<li>Comp\u00e9titions, matchs, parties de bowling amusantes, \u00e9liminations et s\u00e9ances d&rsquo;entra\u00eenement pour apprendre \u00e0 jouer au bowling.<\/li>\n<li>Boulodromes disponibles (compteur \u00e0 pi\u00e8ces)<\/li>\n<\/ul>\n","protected":false},"excerpt":{"rendered":"<p>Des installations de bowling de premier ordre dans les h\u00f4tels Constantinou Bros Installations de boules de classe mondiale La combinaison tr\u00e8s r\u00e9ussie de greens impeccables recouverts de tapis Mastergreen\u00ae et de la superbe qualit\u00e9 de l&rsquo;h\u00e9bergement a fait de ces deux h\u00f4tels l&rsquo;un des choix les plus populaires pour les vacances de bowling \u00e0 l&rsquo;\u00e9tranger.<\/p>\n","protected":false},"author":100,"featured_media":13101,"parent":13807,"menu_order":0,"comment_status":"closed","ping_status":"closed","template":"","meta":{"_acf_changed":false,"footnotes":""},"class_list":["post-13821","page","type-page","status-publish","has-post-thumbnail","hentry"],"acf":[],"yoast_head":"<!-- This site is optimized with the Yoast SEO plugin v27.3 - https:\/\/yoast.com\/product\/yoast-seo-wordpress\/ -->\n<title>Installations de bowling - Constantinou Bros Hotels<\/title>\n<meta name=\"description\" content=\"Les amateurs de bowling disposent d\u00e9sormais du cadre id\u00e9al pour des vacances au bowling dans les h\u00f4tels Constantinou Bros. Voici les caract\u00e9ristiques de nos installations de bowling.\" \/>\n<meta name=\"robots\" content=\"index, follow, max-snippet:-1, max-image-preview:large, max-video-preview:-1\" \/>\n<link rel=\"canonical\" href=\"https:\/\/www.cbh-cyprus.com\/fr\/activities\/bowling-holidays\/bowling-facilities\/\" \/>\n<meta property=\"og:locale\" content=\"fr_FR\" \/>\n<meta property=\"og:type\" content=\"article\" \/>\n<meta property=\"og:title\" content=\"Installations de bowling - Constantinou Bros Hotels\" \/>\n<meta property=\"og:description\" content=\"Les amateurs de bowling disposent d\u00e9sormais du cadre id\u00e9al pour des vacances au bowling dans les h\u00f4tels Constantinou Bros. Voici les caract\u00e9ristiques de nos installations de bowling.\" \/>\n<meta property=\"og:url\" content=\"https:\/\/www.cbh-cyprus.com\/fr\/activities\/bowling-holidays\/bowling-facilities\/\" \/>\n<meta property=\"og:site_name\" content=\"Constantinou Bros Hotels\" \/>\n<meta property=\"article:modified_time\" content=\"2024-09-13T08:32:04+00:00\" \/>\n<meta property=\"og:image\" content=\"https:\/\/www.cbh-cyprus.com\/app\/uploads\/sites\/30\/2019\/07\/athena_02.jpg\" \/>\n\t<meta property=\"og:image:width\" content=\"850\" \/>\n\t<meta property=\"og:image:height\" content=\"565\" \/>\n\t<meta property=\"og:image:type\" content=\"image\/jpeg\" \/>\n<meta name=\"twitter:card\" content=\"summary_large_image\" \/>\n<meta name=\"twitter:label1\" content=\"Dur\u00e9e de lecture estim\u00e9e\" \/>\n\t<meta name=\"twitter:data1\" content=\"1 minute\" \/>\n<script type=\"application\/ld+json\" class=\"yoast-schema-graph\">{\"@context\":\"https:\\\/\\\/schema.org\",\"@graph\":[{\"@type\":\"WebPage\",\"@id\":\"https:\\\/\\\/www.cbh-cyprus.com\\\/fr\\\/activities\\\/bowling-holidays\\\/bowling-facilities\\\/\",\"url\":\"https:\\\/\\\/www.cbh-cyprus.com\\\/fr\\\/activities\\\/bowling-holidays\\\/bowling-facilities\\\/\",\"name\":\"Installations de bowling - Constantinou Bros Hotels\",\"isPartOf\":{\"@id\":\"https:\\\/\\\/www.cbh-cyprus.com\\\/fr\\\/#website\"},\"primaryImageOfPage\":{\"@id\":\"https:\\\/\\\/www.cbh-cyprus.com\\\/fr\\\/activities\\\/bowling-holidays\\\/bowling-facilities\\\/#primaryimage\"},\"image\":{\"@id\":\"https:\\\/\\\/www.cbh-cyprus.com\\\/fr\\\/activities\\\/bowling-holidays\\\/bowling-facilities\\\/#primaryimage\"},\"thumbnailUrl\":\"https:\\\/\\\/www.cbh-cyprus.com\\\/app\\\/uploads\\\/sites\\\/30\\\/2019\\\/07\\\/athena_02.jpg\",\"datePublished\":\"2022-03-23T14:55:24+00:00\",\"dateModified\":\"2024-09-13T08:32:04+00:00\",\"description\":\"Les amateurs de bowling disposent d\u00e9sormais du cadre id\u00e9al pour des vacances au bowling dans les h\u00f4tels Constantinou Bros. Voici les caract\u00e9ristiques de nos installations de bowling.\",\"breadcrumb\":{\"@id\":\"https:\\\/\\\/www.cbh-cyprus.com\\\/fr\\\/activities\\\/bowling-holidays\\\/bowling-facilities\\\/#breadcrumb\"},\"inLanguage\":\"fr-FR\",\"potentialAction\":[{\"@type\":\"ReadAction\",\"target\":[\"https:\\\/\\\/www.cbh-cyprus.com\\\/fr\\\/activities\\\/bowling-holidays\\\/bowling-facilities\\\/\"]}]},{\"@type\":\"ImageObject\",\"inLanguage\":\"fr-FR\",\"@id\":\"https:\\\/\\\/www.cbh-cyprus.com\\\/fr\\\/activities\\\/bowling-holidays\\\/bowling-facilities\\\/#primaryimage\",\"url\":\"https:\\\/\\\/www.cbh-cyprus.com\\\/app\\\/uploads\\\/sites\\\/30\\\/2019\\\/07\\\/athena_02.jpg\",\"contentUrl\":\"https:\\\/\\\/www.cbh-cyprus.com\\\/app\\\/uploads\\\/sites\\\/30\\\/2019\\\/07\\\/athena_02.jpg\",\"width\":850,\"height\":565,\"caption\":\"Venues\"},{\"@type\":\"BreadcrumbList\",\"@id\":\"https:\\\/\\\/www.cbh-cyprus.com\\\/fr\\\/activities\\\/bowling-holidays\\\/bowling-facilities\\\/#breadcrumb\",\"itemListElement\":[{\"@type\":\"ListItem\",\"position\":1,\"name\":\"Home\",\"item\":\"https:\\\/\\\/www.cbh-cyprus.com\\\/fr\\\/welcome-to-constantinou-bros-hotels\\\/\"},{\"@type\":\"ListItem\",\"position\":2,\"name\":\"Activit\u00e9s\",\"item\":\"https:\\\/\\\/www.cbh-cyprus.com\\\/fr\\\/activities\\\/\"},{\"@type\":\"ListItem\",\"position\":3,\"name\":\"Vacances au bowling\",\"item\":\"https:\\\/\\\/www.cbh-cyprus.com\\\/fr\\\/activities\\\/bowling-holidays\\\/\"},{\"@type\":\"ListItem\",\"position\":4,\"name\":\"Installations de bowling\"}]},{\"@type\":\"WebSite\",\"@id\":\"https:\\\/\\\/www.cbh-cyprus.com\\\/fr\\\/#website\",\"url\":\"https:\\\/\\\/www.cbh-cyprus.com\\\/fr\\\/\",\"name\":\"Constantinou Bros Hotels\",\"description\":\"Constantinou Bros Hotels\",\"publisher\":{\"@id\":\"https:\\\/\\\/www.cbh-cyprus.com\\\/fr\\\/#organization\"},\"potentialAction\":[{\"@type\":\"SearchAction\",\"target\":{\"@type\":\"EntryPoint\",\"urlTemplate\":\"https:\\\/\\\/www.cbh-cyprus.com\\\/fr\\\/?s={search_term_string}\"},\"query-input\":{\"@type\":\"PropertyValueSpecification\",\"valueRequired\":true,\"valueName\":\"search_term_string\"}}],\"inLanguage\":\"fr-FR\"},{\"@type\":\"Organization\",\"@id\":\"https:\\\/\\\/www.cbh-cyprus.com\\\/fr\\\/#organization\",\"name\":\"Constantinou Bros Hotels\",\"url\":\"https:\\\/\\\/www.cbh-cyprus.com\\\/fr\\\/\",\"logo\":{\"@type\":\"ImageObject\",\"inLanguage\":\"fr-FR\",\"@id\":\"https:\\\/\\\/www.cbh-cyprus.com\\\/fr\\\/#\\\/schema\\\/logo\\\/image\\\/\",\"url\":\"https:\\\/\\\/www.cbh-cyprus.com\\\/app\\\/uploads\\\/sites\\\/30\\\/2020\\\/10\\\/cbh.jpg\",\"contentUrl\":\"https:\\\/\\\/www.cbh-cyprus.com\\\/app\\\/uploads\\\/sites\\\/30\\\/2020\\\/10\\\/cbh.jpg\",\"width\":1013,\"height\":419,\"caption\":\"Constantinou Bros Hotels\"},\"image\":{\"@id\":\"https:\\\/\\\/www.cbh-cyprus.com\\\/fr\\\/#\\\/schema\\\/logo\\\/image\\\/\"}}]}<\/script>\n<!-- \/ Yoast SEO plugin. -->","yoast_head_json":{"title":"Installations de bowling - Constantinou Bros Hotels","description":"Les amateurs de bowling disposent d\u00e9sormais du cadre id\u00e9al pour des vacances au bowling dans les h\u00f4tels Constantinou Bros. Voici les caract\u00e9ristiques de nos installations de bowling.","robots":{"index":"index","follow":"follow","max-snippet":"max-snippet:-1","max-image-preview":"max-image-preview:large","max-video-preview":"max-video-preview:-1"},"canonical":"https:\/\/www.cbh-cyprus.com\/fr\/activities\/bowling-holidays\/bowling-facilities\/","og_locale":"fr_FR","og_type":"article","og_title":"Installations de bowling - Constantinou Bros Hotels","og_description":"Les amateurs de bowling disposent d\u00e9sormais du cadre id\u00e9al pour des vacances au bowling dans les h\u00f4tels Constantinou Bros. Voici les caract\u00e9ristiques de nos installations de bowling.","og_url":"https:\/\/www.cbh-cyprus.com\/fr\/activities\/bowling-holidays\/bowling-facilities\/","og_site_name":"Constantinou Bros Hotels","article_modified_time":"2024-09-13T08:32:04+00:00","og_image":[{"width":850,"height":565,"url":"https:\/\/www.cbh-cyprus.com\/app\/uploads\/sites\/30\/2019\/07\/athena_02.jpg","type":"image\/jpeg"}],"twitter_card":"summary_large_image","twitter_misc":{"Dur\u00e9e de lecture estim\u00e9e":"1 minute"},"schema":{"@context":"https:\/\/schema.org","@graph":[{"@type":"WebPage","@id":"https:\/\/www.cbh-cyprus.com\/fr\/activities\/bowling-holidays\/bowling-facilities\/","url":"https:\/\/www.cbh-cyprus.com\/fr\/activities\/bowling-holidays\/bowling-facilities\/","name":"Installations de bowling - Constantinou Bros Hotels","isPartOf":{"@id":"https:\/\/www.cbh-cyprus.com\/fr\/#website"},"primaryImageOfPage":{"@id":"https:\/\/www.cbh-cyprus.com\/fr\/activities\/bowling-holidays\/bowling-facilities\/#primaryimage"},"image":{"@id":"https:\/\/www.cbh-cyprus.com\/fr\/activities\/bowling-holidays\/bowling-facilities\/#primaryimage"},"thumbnailUrl":"https:\/\/www.cbh-cyprus.com\/app\/uploads\/sites\/30\/2019\/07\/athena_02.jpg","datePublished":"2022-03-23T14:55:24+00:00","dateModified":"2024-09-13T08:32:04+00:00","description":"Les amateurs de bowling disposent d\u00e9sormais du cadre id\u00e9al pour des vacances au bowling dans les h\u00f4tels Constantinou Bros. Voici les caract\u00e9ristiques de nos installations de bowling.","breadcrumb":{"@id":"https:\/\/www.cbh-cyprus.com\/fr\/activities\/bowling-holidays\/bowling-facilities\/#breadcrumb"},"inLanguage":"fr-FR","potentialAction":[{"@type":"ReadAction","target":["https:\/\/www.cbh-cyprus.com\/fr\/activities\/bowling-holidays\/bowling-facilities\/"]}]},{"@type":"ImageObject","inLanguage":"fr-FR","@id":"https:\/\/www.cbh-cyprus.com\/fr\/activities\/bowling-holidays\/bowling-facilities\/#primaryimage","url":"https:\/\/www.cbh-cyprus.com\/app\/uploads\/sites\/30\/2019\/07\/athena_02.jpg","contentUrl":"https:\/\/www.cbh-cyprus.com\/app\/uploads\/sites\/30\/2019\/07\/athena_02.jpg","width":850,"height":565,"caption":"Venues"},{"@type":"BreadcrumbList","@id":"https:\/\/www.cbh-cyprus.com\/fr\/activities\/bowling-holidays\/bowling-facilities\/#breadcrumb","itemListElement":[{"@type":"ListItem","position":1,"name":"Home","item":"https:\/\/www.cbh-cyprus.com\/fr\/welcome-to-constantinou-bros-hotels\/"},{"@type":"ListItem","position":2,"name":"Activit\u00e9s","item":"https:\/\/www.cbh-cyprus.com\/fr\/activities\/"},{"@type":"ListItem","position":3,"name":"Vacances au bowling","item":"https:\/\/www.cbh-cyprus.com\/fr\/activities\/bowling-holidays\/"},{"@type":"ListItem","position":4,"name":"Installations de bowling"}]},{"@type":"WebSite","@id":"https:\/\/www.cbh-cyprus.com\/fr\/#website","url":"https:\/\/www.cbh-cyprus.com\/fr\/","name":"Constantinou Bros Hotels","description":"Constantinou Bros Hotels","publisher":{"@id":"https:\/\/www.cbh-cyprus.com\/fr\/#organization"},"potentialAction":[{"@type":"SearchAction","target":{"@type":"EntryPoint","urlTemplate":"https:\/\/www.cbh-cyprus.com\/fr\/?s={search_term_string}"},"query-input":{"@type":"PropertyValueSpecification","valueRequired":true,"valueName":"search_term_string"}}],"inLanguage":"fr-FR"},{"@type":"Organization","@id":"https:\/\/www.cbh-cyprus.com\/fr\/#organization","name":"Constantinou Bros Hotels","url":"https:\/\/www.cbh-cyprus.com\/fr\/","logo":{"@type":"ImageObject","inLanguage":"fr-FR","@id":"https:\/\/www.cbh-cyprus.com\/fr\/#\/schema\/logo\/image\/","url":"https:\/\/www.cbh-cyprus.com\/app\/uploads\/sites\/30\/2020\/10\/cbh.jpg","contentUrl":"https:\/\/www.cbh-cyprus.com\/app\/uploads\/sites\/30\/2020\/10\/cbh.jpg","width":1013,"height":419,"caption":"Constantinou Bros Hotels"},"image":{"@id":"https:\/\/www.cbh-cyprus.com\/fr\/#\/schema\/logo\/image\/"}}]}},"_links":{"self":[{"href":"https:\/\/www.cbh-cyprus.com\/fr\/wp-json\/wp\/v2\/pages\/13821","targetHints":{"allow":["GET"]}}],"collection":[{"href":"https:\/\/www.cbh-cyprus.com\/fr\/wp-json\/wp\/v2\/pages"}],"about":[{"href":"https:\/\/www.cbh-cyprus.com\/fr\/wp-json\/wp\/v2\/types\/page"}],"author":[{"embeddable":true,"href":"https:\/\/www.cbh-cyprus.com\/fr\/wp-json\/wp\/v2\/users\/100"}],"replies":[{"embeddable":true,"href":"https:\/\/www.cbh-cyprus.com\/fr\/wp-json\/wp\/v2\/comments?post=13821"}],"version-history":[{"count":3,"href":"https:\/\/www.cbh-cyprus.com\/fr\/wp-json\/wp\/v2\/pages\/13821\/revisions"}],"predecessor-version":[{"id":41222,"href":"https:\/\/www.cbh-cyprus.com\/fr\/wp-json\/wp\/v2\/pages\/13821\/revisions\/41222"}],"up":[{"embeddable":true,"href":"https:\/\/www.cbh-cyprus.com\/fr\/wp-json\/wp\/v2\/pages\/13807"}],"wp:featuredmedia":[{"embeddable":true,"href":"https:\/\/www.cbh-cyprus.com\/fr\/wp-json\/wp\/v2\/media\/13101"}],"wp:attachment":[{"href":"https:\/\/www.cbh-cyprus.com\/fr\/wp-json\/wp\/v2\/media?parent=13821"}],"curies":[{"name":"wp","href":"https:\/\/api.w.org\/{rel}","templated":true}]}}