{"id":13824,"date":"2022-03-23T17:56:13","date_gmt":"2022-03-23T14:56:13","guid":{"rendered":"https:\/\/www.cbh-cyprus.com\/elixir-spa\/"},"modified":"2025-05-05T15:11:24","modified_gmt":"2025-05-05T12:11:24","slug":"elixir-spa","status":"publish","type":"page","link":"https:\/\/www.cbh-cyprus.com\/fr\/elixir-spa\/","title":{"rendered":"Spa Elixir"},"content":{"rendered":"<p>Vivez des moments de loisirs et de d\u00e9tente au bord de la mer ou p\u00e9n\u00e9trez dans l&rsquo;environnement paisible du nouveau spa Elixir enti\u00e8rement \u00e9quip\u00e9. Un sens de l&rsquo;\u00e9quilibre et de la tranquillit\u00e9, de la relaxation et de l&rsquo;inspiration, tout est r\u00e9uni \u00e0 l&rsquo;Elixir Spa. Dans l&rsquo;environnement exquis de nos h\u00f4tels, nos clients ont la possibilit\u00e9 de choisir parmi une vaste gamme de soins thermaux. Ressentez le bonheur et la s\u00e9r\u00e9nit\u00e9 dans un sanctuaire o\u00f9 vous pourrez vous d\u00e9tendre, vous relaxer, vous ressourcer et vous rajeunir.<\/p>\n<p>D\u00e9couvrez les soins et les forfaits Elixir Spa de nos h\u00f4tels ci-dessous.<\/p>\n","protected":false},"excerpt":{"rendered":"<p>Vivez des moments de loisirs et de d\u00e9tente au bord de la mer ou p\u00e9n\u00e9trez dans l&rsquo;environnement paisible du nouveau spa Elixir enti\u00e8rement \u00e9quip\u00e9. Un sens de l&rsquo;\u00e9quilibre et de la tranquillit\u00e9, de la relaxation et de l&rsquo;inspiration, tout est r\u00e9uni \u00e0 l&rsquo;Elixir Spa. Dans l&rsquo;environnement exquis de nos h\u00f4tels, nos clients ont la possibilit\u00e9<\/p>\n","protected":false},"author":2,"featured_media":13183,"parent":0,"menu_order":0,"comment_status":"closed","ping_status":"closed","template":"page-templates\/simple-list.php","meta":{"_acf_changed":false,"footnotes":""},"class_list":["post-13824","page","type-page","status-publish","has-post-thumbnail","hentry"],"acf":[],"yoast_head":"<!-- This site is optimized with the Yoast SEO plugin v27.3 - https:\/\/yoast.com\/product\/yoast-seo-wordpress\/ -->\n<title>H\u00f4tels spa en bord de mer \u00e0 Paphos, Chypre || Constantinou Hotels<\/title>\n<meta name=\"description\" content=\"Chez Constantinou Bros, nous avons cr\u00e9\u00e9 le spa Elixir, situ\u00e9 dans nos h\u00f4tels spa en bord de mer \u00e0 Paphos, \u00e0 Chypre, pour am\u00e9liorer votre niveau de bien-\u00eatre pendant vos vacances.\" \/>\n<meta name=\"robots\" content=\"index, follow, max-snippet:-1, max-image-preview:large, max-video-preview:-1\" \/>\n<link rel=\"canonical\" href=\"https:\/\/www.cbh-cyprus.com\/fr\/elixir-spa\/\" \/>\n<meta property=\"og:locale\" content=\"fr_FR\" \/>\n<meta property=\"og:type\" content=\"article\" \/>\n<meta property=\"og:title\" content=\"H\u00f4tels spa en bord de mer \u00e0 Paphos, Chypre || Constantinou Hotels\" \/>\n<meta property=\"og:description\" content=\"Chez Constantinou Bros, nous avons cr\u00e9\u00e9 le spa Elixir, situ\u00e9 dans nos h\u00f4tels spa en bord de mer \u00e0 Paphos, \u00e0 Chypre, pour am\u00e9liorer votre niveau de bien-\u00eatre pendant vos vacances.\" \/>\n<meta property=\"og:url\" content=\"https:\/\/www.cbh-cyprus.com\/fr\/elixir-spa\/\" \/>\n<meta property=\"og:site_name\" content=\"Constantinou Bros Hotels\" \/>\n<meta property=\"article:modified_time\" content=\"2025-05-05T12:11:24+00:00\" \/>\n<meta property=\"og:image\" content=\"https:\/\/www.cbh-cyprus.com\/app\/uploads\/sites\/30\/2019\/10\/31-asimina-suites-hotel-spa_resized.jpg\" \/>\n\t<meta property=\"og:image:width\" content=\"1920\" \/>\n\t<meta property=\"og:image:height\" content=\"1277\" \/>\n\t<meta property=\"og:image:type\" content=\"image\/jpeg\" \/>\n<meta name=\"twitter:card\" content=\"summary_large_image\" \/>\n<meta name=\"twitter:label1\" content=\"Dur\u00e9e de lecture estim\u00e9e\" \/>\n\t<meta name=\"twitter:data1\" content=\"1 minute\" \/>\n<script type=\"application\/ld+json\" class=\"yoast-schema-graph\">{\"@context\":\"https:\\\/\\\/schema.org\",\"@graph\":[{\"@type\":\"WebPage\",\"@id\":\"https:\\\/\\\/www.cbh-cyprus.com\\\/fr\\\/elixir-spa\\\/\",\"url\":\"https:\\\/\\\/www.cbh-cyprus.com\\\/fr\\\/elixir-spa\\\/\",\"name\":\"H\u00f4tels spa en bord de mer \u00e0 Paphos, Chypre || Constantinou Hotels\",\"isPartOf\":{\"@id\":\"https:\\\/\\\/www.cbh-cyprus.com\\\/fr\\\/#website\"},\"primaryImageOfPage\":{\"@id\":\"https:\\\/\\\/www.cbh-cyprus.com\\\/fr\\\/elixir-spa\\\/#primaryimage\"},\"image\":{\"@id\":\"https:\\\/\\\/www.cbh-cyprus.com\\\/fr\\\/elixir-spa\\\/#primaryimage\"},\"thumbnailUrl\":\"https:\\\/\\\/www.cbh-cyprus.com\\\/app\\\/uploads\\\/sites\\\/30\\\/2019\\\/10\\\/31-asimina-suites-hotel-spa_resized.jpg\",\"datePublished\":\"2022-03-23T14:56:13+00:00\",\"dateModified\":\"2025-05-05T12:11:24+00:00\",\"description\":\"Chez Constantinou Bros, nous avons cr\u00e9\u00e9 le spa Elixir, situ\u00e9 dans nos h\u00f4tels spa en bord de mer \u00e0 Paphos, \u00e0 Chypre, pour am\u00e9liorer votre niveau de bien-\u00eatre pendant vos vacances.\",\"breadcrumb\":{\"@id\":\"https:\\\/\\\/www.cbh-cyprus.com\\\/fr\\\/elixir-spa\\\/#breadcrumb\"},\"inLanguage\":\"fr-FR\",\"potentialAction\":[{\"@type\":\"ReadAction\",\"target\":[\"https:\\\/\\\/www.cbh-cyprus.com\\\/fr\\\/elixir-spa\\\/\"]}]},{\"@type\":\"ImageObject\",\"inLanguage\":\"fr-FR\",\"@id\":\"https:\\\/\\\/www.cbh-cyprus.com\\\/fr\\\/elixir-spa\\\/#primaryimage\",\"url\":\"https:\\\/\\\/www.cbh-cyprus.com\\\/app\\\/uploads\\\/sites\\\/30\\\/2019\\\/10\\\/31-asimina-suites-hotel-spa_resized.jpg\",\"contentUrl\":\"https:\\\/\\\/www.cbh-cyprus.com\\\/app\\\/uploads\\\/sites\\\/30\\\/2019\\\/10\\\/31-asimina-suites-hotel-spa_resized.jpg\",\"width\":1920,\"height\":1277,\"caption\":\"Live moments of Leisure and Relaxation\"},{\"@type\":\"BreadcrumbList\",\"@id\":\"https:\\\/\\\/www.cbh-cyprus.com\\\/fr\\\/elixir-spa\\\/#breadcrumb\",\"itemListElement\":[{\"@type\":\"ListItem\",\"position\":1,\"name\":\"Home\",\"item\":\"https:\\\/\\\/www.cbh-cyprus.com\\\/fr\\\/welcome-to-constantinou-bros-hotels\\\/\"},{\"@type\":\"ListItem\",\"position\":2,\"name\":\"Spa Elixir\"}]},{\"@type\":\"WebSite\",\"@id\":\"https:\\\/\\\/www.cbh-cyprus.com\\\/fr\\\/#website\",\"url\":\"https:\\\/\\\/www.cbh-cyprus.com\\\/fr\\\/\",\"name\":\"Constantinou Bros Hotels\",\"description\":\"Constantinou Bros Hotels\",\"publisher\":{\"@id\":\"https:\\\/\\\/www.cbh-cyprus.com\\\/fr\\\/#organization\"},\"potentialAction\":[{\"@type\":\"SearchAction\",\"target\":{\"@type\":\"EntryPoint\",\"urlTemplate\":\"https:\\\/\\\/www.cbh-cyprus.com\\\/fr\\\/?s={search_term_string}\"},\"query-input\":{\"@type\":\"PropertyValueSpecification\",\"valueRequired\":true,\"valueName\":\"search_term_string\"}}],\"inLanguage\":\"fr-FR\"},{\"@type\":\"Organization\",\"@id\":\"https:\\\/\\\/www.cbh-cyprus.com\\\/fr\\\/#organization\",\"name\":\"Constantinou Bros Hotels\",\"url\":\"https:\\\/\\\/www.cbh-cyprus.com\\\/fr\\\/\",\"logo\":{\"@type\":\"ImageObject\",\"inLanguage\":\"fr-FR\",\"@id\":\"https:\\\/\\\/www.cbh-cyprus.com\\\/fr\\\/#\\\/schema\\\/logo\\\/image\\\/\",\"url\":\"https:\\\/\\\/www.cbh-cyprus.com\\\/app\\\/uploads\\\/sites\\\/30\\\/2020\\\/10\\\/cbh.jpg\",\"contentUrl\":\"https:\\\/\\\/www.cbh-cyprus.com\\\/app\\\/uploads\\\/sites\\\/30\\\/2020\\\/10\\\/cbh.jpg\",\"width\":1013,\"height\":419,\"caption\":\"Constantinou Bros Hotels\"},\"image\":{\"@id\":\"https:\\\/\\\/www.cbh-cyprus.com\\\/fr\\\/#\\\/schema\\\/logo\\\/image\\\/\"}}]}<\/script>\n<!-- \/ Yoast SEO plugin. -->","yoast_head_json":{"title":"H\u00f4tels spa en bord de mer \u00e0 Paphos, Chypre || Constantinou Hotels","description":"Chez Constantinou Bros, nous avons cr\u00e9\u00e9 le spa Elixir, situ\u00e9 dans nos h\u00f4tels spa en bord de mer \u00e0 Paphos, \u00e0 Chypre, pour am\u00e9liorer votre niveau de bien-\u00eatre pendant vos vacances.","robots":{"index":"index","follow":"follow","max-snippet":"max-snippet:-1","max-image-preview":"max-image-preview:large","max-video-preview":"max-video-preview:-1"},"canonical":"https:\/\/www.cbh-cyprus.com\/fr\/elixir-spa\/","og_locale":"fr_FR","og_type":"article","og_title":"H\u00f4tels spa en bord de mer \u00e0 Paphos, Chypre || Constantinou Hotels","og_description":"Chez Constantinou Bros, nous avons cr\u00e9\u00e9 le spa Elixir, situ\u00e9 dans nos h\u00f4tels spa en bord de mer \u00e0 Paphos, \u00e0 Chypre, pour am\u00e9liorer votre niveau de bien-\u00eatre pendant vos vacances.","og_url":"https:\/\/www.cbh-cyprus.com\/fr\/elixir-spa\/","og_site_name":"Constantinou Bros Hotels","article_modified_time":"2025-05-05T12:11:24+00:00","og_image":[{"width":1920,"height":1277,"url":"https:\/\/www.cbh-cyprus.com\/app\/uploads\/sites\/30\/2019\/10\/31-asimina-suites-hotel-spa_resized.jpg","type":"image\/jpeg"}],"twitter_card":"summary_large_image","twitter_misc":{"Dur\u00e9e de lecture estim\u00e9e":"1 minute"},"schema":{"@context":"https:\/\/schema.org","@graph":[{"@type":"WebPage","@id":"https:\/\/www.cbh-cyprus.com\/fr\/elixir-spa\/","url":"https:\/\/www.cbh-cyprus.com\/fr\/elixir-spa\/","name":"H\u00f4tels spa en bord de mer \u00e0 Paphos, Chypre || Constantinou Hotels","isPartOf":{"@id":"https:\/\/www.cbh-cyprus.com\/fr\/#website"},"primaryImageOfPage":{"@id":"https:\/\/www.cbh-cyprus.com\/fr\/elixir-spa\/#primaryimage"},"image":{"@id":"https:\/\/www.cbh-cyprus.com\/fr\/elixir-spa\/#primaryimage"},"thumbnailUrl":"https:\/\/www.cbh-cyprus.com\/app\/uploads\/sites\/30\/2019\/10\/31-asimina-suites-hotel-spa_resized.jpg","datePublished":"2022-03-23T14:56:13+00:00","dateModified":"2025-05-05T12:11:24+00:00","description":"Chez Constantinou Bros, nous avons cr\u00e9\u00e9 le spa Elixir, situ\u00e9 dans nos h\u00f4tels spa en bord de mer \u00e0 Paphos, \u00e0 Chypre, pour am\u00e9liorer votre niveau de bien-\u00eatre pendant vos vacances.","breadcrumb":{"@id":"https:\/\/www.cbh-cyprus.com\/fr\/elixir-spa\/#breadcrumb"},"inLanguage":"fr-FR","potentialAction":[{"@type":"ReadAction","target":["https:\/\/www.cbh-cyprus.com\/fr\/elixir-spa\/"]}]},{"@type":"ImageObject","inLanguage":"fr-FR","@id":"https:\/\/www.cbh-cyprus.com\/fr\/elixir-spa\/#primaryimage","url":"https:\/\/www.cbh-cyprus.com\/app\/uploads\/sites\/30\/2019\/10\/31-asimina-suites-hotel-spa_resized.jpg","contentUrl":"https:\/\/www.cbh-cyprus.com\/app\/uploads\/sites\/30\/2019\/10\/31-asimina-suites-hotel-spa_resized.jpg","width":1920,"height":1277,"caption":"Live moments of Leisure and Relaxation"},{"@type":"BreadcrumbList","@id":"https:\/\/www.cbh-cyprus.com\/fr\/elixir-spa\/#breadcrumb","itemListElement":[{"@type":"ListItem","position":1,"name":"Home","item":"https:\/\/www.cbh-cyprus.com\/fr\/welcome-to-constantinou-bros-hotels\/"},{"@type":"ListItem","position":2,"name":"Spa Elixir"}]},{"@type":"WebSite","@id":"https:\/\/www.cbh-cyprus.com\/fr\/#website","url":"https:\/\/www.cbh-cyprus.com\/fr\/","name":"Constantinou Bros Hotels","description":"Constantinou Bros Hotels","publisher":{"@id":"https:\/\/www.cbh-cyprus.com\/fr\/#organization"},"potentialAction":[{"@type":"SearchAction","target":{"@type":"EntryPoint","urlTemplate":"https:\/\/www.cbh-cyprus.com\/fr\/?s={search_term_string}"},"query-input":{"@type":"PropertyValueSpecification","valueRequired":true,"valueName":"search_term_string"}}],"inLanguage":"fr-FR"},{"@type":"Organization","@id":"https:\/\/www.cbh-cyprus.com\/fr\/#organization","name":"Constantinou Bros Hotels","url":"https:\/\/www.cbh-cyprus.com\/fr\/","logo":{"@type":"ImageObject","inLanguage":"fr-FR","@id":"https:\/\/www.cbh-cyprus.com\/fr\/#\/schema\/logo\/image\/","url":"https:\/\/www.cbh-cyprus.com\/app\/uploads\/sites\/30\/2020\/10\/cbh.jpg","contentUrl":"https:\/\/www.cbh-cyprus.com\/app\/uploads\/sites\/30\/2020\/10\/cbh.jpg","width":1013,"height":419,"caption":"Constantinou Bros Hotels"},"image":{"@id":"https:\/\/www.cbh-cyprus.com\/fr\/#\/schema\/logo\/image\/"}}]}},"_links":{"self":[{"href":"https:\/\/www.cbh-cyprus.com\/fr\/wp-json\/wp\/v2\/pages\/13824","targetHints":{"allow":["GET"]}}],"collection":[{"href":"https:\/\/www.cbh-cyprus.com\/fr\/wp-json\/wp\/v2\/pages"}],"about":[{"href":"https:\/\/www.cbh-cyprus.com\/fr\/wp-json\/wp\/v2\/types\/page"}],"author":[{"embeddable":true,"href":"https:\/\/www.cbh-cyprus.com\/fr\/wp-json\/wp\/v2\/users\/2"}],"replies":[{"embeddable":true,"href":"https:\/\/www.cbh-cyprus.com\/fr\/wp-json\/wp\/v2\/comments?post=13824"}],"version-history":[{"count":3,"href":"https:\/\/www.cbh-cyprus.com\/fr\/wp-json\/wp\/v2\/pages\/13824\/revisions"}],"predecessor-version":[{"id":44121,"href":"https:\/\/www.cbh-cyprus.com\/fr\/wp-json\/wp\/v2\/pages\/13824\/revisions\/44121"}],"wp:featuredmedia":[{"embeddable":true,"href":"https:\/\/www.cbh-cyprus.com\/fr\/wp-json\/wp\/v2\/media\/13183"}],"wp:attachment":[{"href":"https:\/\/www.cbh-cyprus.com\/fr\/wp-json\/wp\/v2\/media?parent=13824"}],"curies":[{"name":"wp","href":"https:\/\/api.w.org\/{rel}","templated":true}]}}