{"id":13827,"date":"2022-03-23T17:57:43","date_gmt":"2022-03-23T14:57:43","guid":{"rendered":"https:\/\/www.cbh-cyprus.com\/the-blue-member\/"},"modified":"2025-08-05T13:20:33","modified_gmt":"2025-08-05T10:20:33","slug":"the-blue-member","status":"publish","type":"page","link":"https:\/\/www.cbh-cyprus.com\/fr\/guests-loyalty-club\/the-blue-member\/","title":{"rendered":"LE MEMBRE BLEU"},"content":{"rendered":"<ul>\n<li>15% de r\u00e9duction sur le prix de l&rsquo;h\u00e9bergement<\/li>\n<li>15% de r\u00e9duction sur tous les aliments et boissons suppl\u00e9mentaires pris dans l&rsquo;un des restaurants et bars de l&rsquo;h\u00f4tel pendant votre s\u00e9jour *.<\/li>\n<li>15% de r\u00e9duction dans le salon de coiffure de l&rsquo;h\u00f4tel *<\/li>\n<li>15% de r\u00e9duction dans l&rsquo;Elixir Spa de l&rsquo;h\u00f4tel *.<\/li>\n<li>Fruits \u00e0 l&rsquo;arriv\u00e9e<\/li>\n<li>Vin \u00e0 l&rsquo;arriv\u00e9e<\/li>\n<li>Cadeau sp\u00e9cial au d\u00e9part<\/li>\n<li>Chambre de courtoisie gratuite apr\u00e8s le d\u00e9part pour quelques heures (sous r\u00e9serve de disponibilit\u00e9).<\/li>\n<\/ul>\n","protected":false},"excerpt":{"rendered":"<p>15% de r\u00e9duction sur le prix de l&rsquo;h\u00e9bergement 15% de r\u00e9duction sur tous les aliments et boissons suppl\u00e9mentaires pris dans l&rsquo;un des restaurants et bars de l&rsquo;h\u00f4tel pendant votre s\u00e9jour *. 15% de r\u00e9duction dans le salon de coiffure de l&rsquo;h\u00f4tel * 15% de r\u00e9duction dans l&rsquo;Elixir Spa de l&rsquo;h\u00f4tel *. Fruits \u00e0 l&rsquo;arriv\u00e9e Vin<\/p>\n","protected":false},"author":100,"featured_media":13130,"parent":13828,"menu_order":0,"comment_status":"closed","ping_status":"closed","template":"","meta":{"_acf_changed":false,"footnotes":""},"class_list":["post-13827","page","type-page","status-publish","has-post-thumbnail","hentry"],"acf":[],"yoast_head":"<!-- This site is optimized with the Yoast SEO plugin v27.3 - https:\/\/yoast.com\/product\/yoast-seo-wordpress\/ -->\n<title>LE MEMBRE BLEU - Constantinou Bros Hotels<\/title>\n<meta name=\"robots\" content=\"index, follow, max-snippet:-1, max-image-preview:large, max-video-preview:-1\" \/>\n<link rel=\"canonical\" href=\"https:\/\/www.cbh-cyprus.com\/fr\/guests-loyalty-club\/the-blue-member\/\" \/>\n<meta property=\"og:locale\" content=\"fr_FR\" \/>\n<meta property=\"og:type\" content=\"article\" \/>\n<meta property=\"og:title\" content=\"LE MEMBRE BLEU - Constantinou Bros Hotels\" \/>\n<meta property=\"og:description\" content=\"15% de r\u00e9duction sur le prix de l&rsquo;h\u00e9bergement 15% de r\u00e9duction sur tous les aliments et boissons suppl\u00e9mentaires pris dans l&rsquo;un des restaurants et bars de l&rsquo;h\u00f4tel pendant votre s\u00e9jour *. 15% de r\u00e9duction dans le salon de coiffure de l&rsquo;h\u00f4tel * 15% de r\u00e9duction dans l&rsquo;Elixir Spa de l&rsquo;h\u00f4tel *. Fruits \u00e0 l&rsquo;arriv\u00e9e Vin\" \/>\n<meta property=\"og:url\" content=\"https:\/\/www.cbh-cyprus.com\/fr\/guests-loyalty-club\/the-blue-member\/\" \/>\n<meta property=\"og:site_name\" content=\"Constantinou Bros Hotels\" \/>\n<meta property=\"article:modified_time\" content=\"2025-08-05T10:20:33+00:00\" \/>\n<meta property=\"og:image\" content=\"https:\/\/www.cbh-cyprus.com\/app\/uploads\/sites\/30\/2019\/10\/42-asimina-suites-hotel-private-dinner-by-the-beach_resized.jpg\" \/>\n\t<meta property=\"og:image:width\" content=\"1920\" \/>\n\t<meta property=\"og:image:height\" content=\"1277\" \/>\n\t<meta property=\"og:image:type\" content=\"image\/jpeg\" \/>\n<meta name=\"twitter:card\" content=\"summary_large_image\" \/>\n<meta name=\"twitter:label1\" content=\"Dur\u00e9e de lecture estim\u00e9e\" \/>\n\t<meta name=\"twitter:data1\" content=\"1 minute\" \/>\n<script type=\"application\/ld+json\" class=\"yoast-schema-graph\">{\"@context\":\"https:\\\/\\\/schema.org\",\"@graph\":[{\"@type\":\"WebPage\",\"@id\":\"https:\\\/\\\/www.cbh-cyprus.com\\\/fr\\\/guests-loyalty-club\\\/the-blue-member\\\/\",\"url\":\"https:\\\/\\\/www.cbh-cyprus.com\\\/fr\\\/guests-loyalty-club\\\/the-blue-member\\\/\",\"name\":\"LE MEMBRE BLEU - Constantinou Bros Hotels\",\"isPartOf\":{\"@id\":\"https:\\\/\\\/www.cbh-cyprus.com\\\/fr\\\/#website\"},\"primaryImageOfPage\":{\"@id\":\"https:\\\/\\\/www.cbh-cyprus.com\\\/fr\\\/guests-loyalty-club\\\/the-blue-member\\\/#primaryimage\"},\"image\":{\"@id\":\"https:\\\/\\\/www.cbh-cyprus.com\\\/fr\\\/guests-loyalty-club\\\/the-blue-member\\\/#primaryimage\"},\"thumbnailUrl\":\"https:\\\/\\\/www.cbh-cyprus.com\\\/app\\\/uploads\\\/sites\\\/30\\\/2019\\\/10\\\/42-asimina-suites-hotel-private-dinner-by-the-beach_resized.jpg\",\"datePublished\":\"2022-03-23T14:57:43+00:00\",\"dateModified\":\"2025-08-05T10:20:33+00:00\",\"breadcrumb\":{\"@id\":\"https:\\\/\\\/www.cbh-cyprus.com\\\/fr\\\/guests-loyalty-club\\\/the-blue-member\\\/#breadcrumb\"},\"inLanguage\":\"fr-FR\",\"potentialAction\":[{\"@type\":\"ReadAction\",\"target\":[\"https:\\\/\\\/www.cbh-cyprus.com\\\/fr\\\/guests-loyalty-club\\\/the-blue-member\\\/\"]}]},{\"@type\":\"ImageObject\",\"inLanguage\":\"fr-FR\",\"@id\":\"https:\\\/\\\/www.cbh-cyprus.com\\\/fr\\\/guests-loyalty-club\\\/the-blue-member\\\/#primaryimage\",\"url\":\"https:\\\/\\\/www.cbh-cyprus.com\\\/app\\\/uploads\\\/sites\\\/30\\\/2019\\\/10\\\/42-asimina-suites-hotel-private-dinner-by-the-beach_resized.jpg\",\"contentUrl\":\"https:\\\/\\\/www.cbh-cyprus.com\\\/app\\\/uploads\\\/sites\\\/30\\\/2019\\\/10\\\/42-asimina-suites-hotel-private-dinner-by-the-beach_resized.jpg\",\"width\":1920,\"height\":1277},{\"@type\":\"BreadcrumbList\",\"@id\":\"https:\\\/\\\/www.cbh-cyprus.com\\\/fr\\\/guests-loyalty-club\\\/the-blue-member\\\/#breadcrumb\",\"itemListElement\":[{\"@type\":\"ListItem\",\"position\":1,\"name\":\"Home\",\"item\":\"https:\\\/\\\/www.cbh-cyprus.com\\\/fr\\\/welcome-to-constantinou-bros-hotels\\\/\"},{\"@type\":\"ListItem\",\"position\":2,\"name\":\"Club de fid\u00e9lit\u00e9 des h\u00f4tes\",\"item\":\"https:\\\/\\\/www.cbh-cyprus.com\\\/fr\\\/guests-loyalty-club\\\/\"},{\"@type\":\"ListItem\",\"position\":3,\"name\":\"LE MEMBRE BLEU\"}]},{\"@type\":\"WebSite\",\"@id\":\"https:\\\/\\\/www.cbh-cyprus.com\\\/fr\\\/#website\",\"url\":\"https:\\\/\\\/www.cbh-cyprus.com\\\/fr\\\/\",\"name\":\"Constantinou Bros Hotels\",\"description\":\"Constantinou Bros Hotels\",\"publisher\":{\"@id\":\"https:\\\/\\\/www.cbh-cyprus.com\\\/fr\\\/#organization\"},\"potentialAction\":[{\"@type\":\"SearchAction\",\"target\":{\"@type\":\"EntryPoint\",\"urlTemplate\":\"https:\\\/\\\/www.cbh-cyprus.com\\\/fr\\\/?s={search_term_string}\"},\"query-input\":{\"@type\":\"PropertyValueSpecification\",\"valueRequired\":true,\"valueName\":\"search_term_string\"}}],\"inLanguage\":\"fr-FR\"},{\"@type\":\"Organization\",\"@id\":\"https:\\\/\\\/www.cbh-cyprus.com\\\/fr\\\/#organization\",\"name\":\"Constantinou Bros Hotels\",\"url\":\"https:\\\/\\\/www.cbh-cyprus.com\\\/fr\\\/\",\"logo\":{\"@type\":\"ImageObject\",\"inLanguage\":\"fr-FR\",\"@id\":\"https:\\\/\\\/www.cbh-cyprus.com\\\/fr\\\/#\\\/schema\\\/logo\\\/image\\\/\",\"url\":\"https:\\\/\\\/www.cbh-cyprus.com\\\/app\\\/uploads\\\/sites\\\/30\\\/2020\\\/10\\\/cbh.jpg\",\"contentUrl\":\"https:\\\/\\\/www.cbh-cyprus.com\\\/app\\\/uploads\\\/sites\\\/30\\\/2020\\\/10\\\/cbh.jpg\",\"width\":1013,\"height\":419,\"caption\":\"Constantinou Bros Hotels\"},\"image\":{\"@id\":\"https:\\\/\\\/www.cbh-cyprus.com\\\/fr\\\/#\\\/schema\\\/logo\\\/image\\\/\"}}]}<\/script>\n<!-- \/ Yoast SEO plugin. -->","yoast_head_json":{"title":"LE MEMBRE BLEU - Constantinou Bros Hotels","robots":{"index":"index","follow":"follow","max-snippet":"max-snippet:-1","max-image-preview":"max-image-preview:large","max-video-preview":"max-video-preview:-1"},"canonical":"https:\/\/www.cbh-cyprus.com\/fr\/guests-loyalty-club\/the-blue-member\/","og_locale":"fr_FR","og_type":"article","og_title":"LE MEMBRE BLEU - Constantinou Bros Hotels","og_description":"15% de r\u00e9duction sur le prix de l&rsquo;h\u00e9bergement 15% de r\u00e9duction sur tous les aliments et boissons suppl\u00e9mentaires pris dans l&rsquo;un des restaurants et bars de l&rsquo;h\u00f4tel pendant votre s\u00e9jour *. 15% de r\u00e9duction dans le salon de coiffure de l&rsquo;h\u00f4tel * 15% de r\u00e9duction dans l&rsquo;Elixir Spa de l&rsquo;h\u00f4tel *. Fruits \u00e0 l&rsquo;arriv\u00e9e Vin","og_url":"https:\/\/www.cbh-cyprus.com\/fr\/guests-loyalty-club\/the-blue-member\/","og_site_name":"Constantinou Bros Hotels","article_modified_time":"2025-08-05T10:20:33+00:00","og_image":[{"width":1920,"height":1277,"url":"https:\/\/www.cbh-cyprus.com\/app\/uploads\/sites\/30\/2019\/10\/42-asimina-suites-hotel-private-dinner-by-the-beach_resized.jpg","type":"image\/jpeg"}],"twitter_card":"summary_large_image","twitter_misc":{"Dur\u00e9e de lecture estim\u00e9e":"1 minute"},"schema":{"@context":"https:\/\/schema.org","@graph":[{"@type":"WebPage","@id":"https:\/\/www.cbh-cyprus.com\/fr\/guests-loyalty-club\/the-blue-member\/","url":"https:\/\/www.cbh-cyprus.com\/fr\/guests-loyalty-club\/the-blue-member\/","name":"LE MEMBRE BLEU - Constantinou Bros Hotels","isPartOf":{"@id":"https:\/\/www.cbh-cyprus.com\/fr\/#website"},"primaryImageOfPage":{"@id":"https:\/\/www.cbh-cyprus.com\/fr\/guests-loyalty-club\/the-blue-member\/#primaryimage"},"image":{"@id":"https:\/\/www.cbh-cyprus.com\/fr\/guests-loyalty-club\/the-blue-member\/#primaryimage"},"thumbnailUrl":"https:\/\/www.cbh-cyprus.com\/app\/uploads\/sites\/30\/2019\/10\/42-asimina-suites-hotel-private-dinner-by-the-beach_resized.jpg","datePublished":"2022-03-23T14:57:43+00:00","dateModified":"2025-08-05T10:20:33+00:00","breadcrumb":{"@id":"https:\/\/www.cbh-cyprus.com\/fr\/guests-loyalty-club\/the-blue-member\/#breadcrumb"},"inLanguage":"fr-FR","potentialAction":[{"@type":"ReadAction","target":["https:\/\/www.cbh-cyprus.com\/fr\/guests-loyalty-club\/the-blue-member\/"]}]},{"@type":"ImageObject","inLanguage":"fr-FR","@id":"https:\/\/www.cbh-cyprus.com\/fr\/guests-loyalty-club\/the-blue-member\/#primaryimage","url":"https:\/\/www.cbh-cyprus.com\/app\/uploads\/sites\/30\/2019\/10\/42-asimina-suites-hotel-private-dinner-by-the-beach_resized.jpg","contentUrl":"https:\/\/www.cbh-cyprus.com\/app\/uploads\/sites\/30\/2019\/10\/42-asimina-suites-hotel-private-dinner-by-the-beach_resized.jpg","width":1920,"height":1277},{"@type":"BreadcrumbList","@id":"https:\/\/www.cbh-cyprus.com\/fr\/guests-loyalty-club\/the-blue-member\/#breadcrumb","itemListElement":[{"@type":"ListItem","position":1,"name":"Home","item":"https:\/\/www.cbh-cyprus.com\/fr\/welcome-to-constantinou-bros-hotels\/"},{"@type":"ListItem","position":2,"name":"Club de fid\u00e9lit\u00e9 des h\u00f4tes","item":"https:\/\/www.cbh-cyprus.com\/fr\/guests-loyalty-club\/"},{"@type":"ListItem","position":3,"name":"LE MEMBRE BLEU"}]},{"@type":"WebSite","@id":"https:\/\/www.cbh-cyprus.com\/fr\/#website","url":"https:\/\/www.cbh-cyprus.com\/fr\/","name":"Constantinou Bros Hotels","description":"Constantinou Bros Hotels","publisher":{"@id":"https:\/\/www.cbh-cyprus.com\/fr\/#organization"},"potentialAction":[{"@type":"SearchAction","target":{"@type":"EntryPoint","urlTemplate":"https:\/\/www.cbh-cyprus.com\/fr\/?s={search_term_string}"},"query-input":{"@type":"PropertyValueSpecification","valueRequired":true,"valueName":"search_term_string"}}],"inLanguage":"fr-FR"},{"@type":"Organization","@id":"https:\/\/www.cbh-cyprus.com\/fr\/#organization","name":"Constantinou Bros Hotels","url":"https:\/\/www.cbh-cyprus.com\/fr\/","logo":{"@type":"ImageObject","inLanguage":"fr-FR","@id":"https:\/\/www.cbh-cyprus.com\/fr\/#\/schema\/logo\/image\/","url":"https:\/\/www.cbh-cyprus.com\/app\/uploads\/sites\/30\/2020\/10\/cbh.jpg","contentUrl":"https:\/\/www.cbh-cyprus.com\/app\/uploads\/sites\/30\/2020\/10\/cbh.jpg","width":1013,"height":419,"caption":"Constantinou Bros Hotels"},"image":{"@id":"https:\/\/www.cbh-cyprus.com\/fr\/#\/schema\/logo\/image\/"}}]}},"_links":{"self":[{"href":"https:\/\/www.cbh-cyprus.com\/fr\/wp-json\/wp\/v2\/pages\/13827","targetHints":{"allow":["GET"]}}],"collection":[{"href":"https:\/\/www.cbh-cyprus.com\/fr\/wp-json\/wp\/v2\/pages"}],"about":[{"href":"https:\/\/www.cbh-cyprus.com\/fr\/wp-json\/wp\/v2\/types\/page"}],"author":[{"embeddable":true,"href":"https:\/\/www.cbh-cyprus.com\/fr\/wp-json\/wp\/v2\/users\/100"}],"replies":[{"embeddable":true,"href":"https:\/\/www.cbh-cyprus.com\/fr\/wp-json\/wp\/v2\/comments?post=13827"}],"version-history":[{"count":7,"href":"https:\/\/www.cbh-cyprus.com\/fr\/wp-json\/wp\/v2\/pages\/13827\/revisions"}],"predecessor-version":[{"id":45898,"href":"https:\/\/www.cbh-cyprus.com\/fr\/wp-json\/wp\/v2\/pages\/13827\/revisions\/45898"}],"up":[{"embeddable":true,"href":"https:\/\/www.cbh-cyprus.com\/fr\/wp-json\/wp\/v2\/pages\/13828"}],"wp:featuredmedia":[{"embeddable":true,"href":"https:\/\/www.cbh-cyprus.com\/fr\/wp-json\/wp\/v2\/media\/13130"}],"wp:attachment":[{"href":"https:\/\/www.cbh-cyprus.com\/fr\/wp-json\/wp\/v2\/media?parent=13827"}],"curies":[{"name":"wp","href":"https:\/\/api.w.org\/{rel}","templated":true}]}}