{"id":13828,"date":"2022-03-23T17:59:29","date_gmt":"2022-03-23T14:59:29","guid":{"rendered":"https:\/\/www.cbh-cyprus.com\/guests-loyalty-club\/"},"modified":"2025-08-05T13:10:20","modified_gmt":"2025-08-05T10:10:20","slug":"guests-loyalty-club","status":"publish","type":"page","link":"https:\/\/www.cbh-cyprus.com\/fr\/guests-loyalty-club\/","title":{"rendered":"Club de fid\u00e9lit\u00e9 des h\u00f4tes"},"content":{"rendered":"<p>En tant que client des h\u00f4tels Constantinou Bros, vous \u00eates habitu\u00e9 \u00e0 notre hospitalit\u00e9 et \u00e0 notre service de premi\u00e8re classe. Profitez d&rsquo;un type de vacances encore plus gratifiant en devenant membre de notre Guests Loyalty Club que nous avons cr\u00e9\u00e9 en remerciement de votre pr\u00e9f\u00e9rence pour nos h\u00f4tels. <\/p>\n<p>Le Guests Loyalty Club est le programme de fid\u00e9lit\u00e9 des h\u00f4tels Constantinou Bros. Il offre \u00e0 nos clients fid\u00e8les, nos h\u00f4tes de valeur, un \u00e9ventail de privil\u00e8ges et d&rsquo;avantages.<\/p>\n<p>Le Club de fid\u00e9lit\u00e9 des h\u00f4tes est ouvert \u00e0 tous les h\u00f4tes qui ont s\u00e9journ\u00e9, au moins une fois, dans l&rsquo;un des h\u00f4tels Constantinou Bros. Peut-\u00eatre avez-vous d\u00e9j\u00e0 d\u00e9cid\u00e9 de revenir dans le m\u00eame h\u00f4tel ou peut-\u00eatre souhaitez-vous essayer un autre h\u00f4tel de notre cha\u00eene. <\/p>\n<p>En tant que membres du Guests Loyalty Club, vous serez accueillis et trait\u00e9s comme des amis sp\u00e9ciaux et vous b\u00e9n\u00e9ficierez d&rsquo;avantages suppl\u00e9mentaires et de r\u00e9ductions dans tous les h\u00f4tels Constantinou Bros que vous choisirez.<\/p>\n","protected":false},"excerpt":{"rendered":"<p>En tant que client des h\u00f4tels Constantinou Bros, vous \u00eates habitu\u00e9 \u00e0 notre hospitalit\u00e9 et \u00e0 notre service de premi\u00e8re classe. Profitez d&rsquo;un type de vacances encore plus gratifiant en devenant membre de notre Guests Loyalty Club que nous avons cr\u00e9\u00e9 en remerciement de votre pr\u00e9f\u00e9rence pour nos h\u00f4tels. Le Guests Loyalty Club est le<\/p>\n","protected":false},"author":100,"featured_media":42878,"parent":0,"menu_order":0,"comment_status":"closed","ping_status":"closed","template":"page-templates\/loyalty-new.php","meta":{"_acf_changed":false,"footnotes":""},"class_list":["post-13828","page","type-page","status-publish","has-post-thumbnail","hentry"],"acf":[],"yoast_head":"<!-- This site is optimized with the Yoast SEO plugin v27.5 - https:\/\/yoast.com\/product\/yoast-seo-wordpress\/ -->\n<title>Club de fid\u00e9lit\u00e9 des clients dans les h\u00f4tels de Paphos || Constantinou Bros Hotels<\/title>\n<meta name=\"description\" content=\"Nos clients r\u00e9p\u00e9titeurs peuvent devenir membres Bleu ou Argent des clubs de fid\u00e9lit\u00e9 des h\u00f4tels Constantinou Bros Hotels \u00e0 Paphos, et b\u00e9n\u00e9ficier d&#039;un \u00e9ventail de privil\u00e8ges et d&#039;avantages.\" \/>\n<meta name=\"robots\" content=\"index, follow, max-snippet:-1, max-image-preview:large, max-video-preview:-1\" \/>\n<link rel=\"canonical\" href=\"https:\/\/www.cbh-cyprus.com\/fr\/guests-loyalty-club\/\" \/>\n<meta property=\"og:locale\" content=\"fr_FR\" \/>\n<meta property=\"og:type\" content=\"article\" \/>\n<meta property=\"og:title\" content=\"Club de fid\u00e9lit\u00e9 des clients dans les h\u00f4tels de Paphos || Constantinou Bros Hotels\" \/>\n<meta property=\"og:description\" content=\"Nos clients r\u00e9p\u00e9titeurs peuvent devenir membres Bleu ou Argent des clubs de fid\u00e9lit\u00e9 des h\u00f4tels Constantinou Bros Hotels \u00e0 Paphos, et b\u00e9n\u00e9ficier d&#039;un \u00e9ventail de privil\u00e8ges et d&#039;avantages.\" \/>\n<meta property=\"og:url\" content=\"https:\/\/www.cbh-cyprus.com\/fr\/guests-loyalty-club\/\" \/>\n<meta property=\"og:site_name\" content=\"Constantinou Bros Hotels\" \/>\n<meta property=\"article:modified_time\" content=\"2025-08-05T10:10:20+00:00\" \/>\n<meta property=\"og:image\" content=\"https:\/\/www.cbh-cyprus.com\/app\/uploads\/sites\/30\/2024\/12\/31-ATHENA-BEACH-HOTEL-HELIOS-BEACH-BAR.jpg\" \/>\n\t<meta property=\"og:image:width\" content=\"2000\" \/>\n\t<meta property=\"og:image:height\" content=\"1333\" \/>\n\t<meta property=\"og:image:type\" content=\"image\/jpeg\" \/>\n<meta name=\"twitter:card\" content=\"summary_large_image\" \/>\n<meta name=\"twitter:label1\" content=\"Dur\u00e9e de lecture estim\u00e9e\" \/>\n\t<meta name=\"twitter:data1\" content=\"1 minute\" \/>\n<script type=\"application\/ld+json\" class=\"yoast-schema-graph\">{\"@context\":\"https:\\\/\\\/schema.org\",\"@graph\":[{\"@type\":\"WebPage\",\"@id\":\"https:\\\/\\\/www.cbh-cyprus.com\\\/fr\\\/guests-loyalty-club\\\/\",\"url\":\"https:\\\/\\\/www.cbh-cyprus.com\\\/fr\\\/guests-loyalty-club\\\/\",\"name\":\"Club de fid\u00e9lit\u00e9 des clients dans les h\u00f4tels de Paphos || Constantinou Bros Hotels\",\"isPartOf\":{\"@id\":\"https:\\\/\\\/www.cbh-cyprus.com\\\/fr\\\/#website\"},\"primaryImageOfPage\":{\"@id\":\"https:\\\/\\\/www.cbh-cyprus.com\\\/fr\\\/guests-loyalty-club\\\/#primaryimage\"},\"image\":{\"@id\":\"https:\\\/\\\/www.cbh-cyprus.com\\\/fr\\\/guests-loyalty-club\\\/#primaryimage\"},\"thumbnailUrl\":\"https:\\\/\\\/www.cbh-cyprus.com\\\/app\\\/uploads\\\/sites\\\/30\\\/2024\\\/12\\\/31-ATHENA-BEACH-HOTEL-HELIOS-BEACH-BAR.jpg\",\"datePublished\":\"2022-03-23T14:59:29+00:00\",\"dateModified\":\"2025-08-05T10:10:20+00:00\",\"description\":\"Nos clients r\u00e9p\u00e9titeurs peuvent devenir membres Bleu ou Argent des clubs de fid\u00e9lit\u00e9 des h\u00f4tels Constantinou Bros Hotels \u00e0 Paphos, et b\u00e9n\u00e9ficier d'un \u00e9ventail de privil\u00e8ges et d'avantages.\",\"breadcrumb\":{\"@id\":\"https:\\\/\\\/www.cbh-cyprus.com\\\/fr\\\/guests-loyalty-club\\\/#breadcrumb\"},\"inLanguage\":\"fr-FR\",\"potentialAction\":[{\"@type\":\"ReadAction\",\"target\":[\"https:\\\/\\\/www.cbh-cyprus.com\\\/fr\\\/guests-loyalty-club\\\/\"]}]},{\"@type\":\"ImageObject\",\"inLanguage\":\"fr-FR\",\"@id\":\"https:\\\/\\\/www.cbh-cyprus.com\\\/fr\\\/guests-loyalty-club\\\/#primaryimage\",\"url\":\"https:\\\/\\\/www.cbh-cyprus.com\\\/app\\\/uploads\\\/sites\\\/30\\\/2024\\\/12\\\/31-ATHENA-BEACH-HOTEL-HELIOS-BEACH-BAR.jpg\",\"contentUrl\":\"https:\\\/\\\/www.cbh-cyprus.com\\\/app\\\/uploads\\\/sites\\\/30\\\/2024\\\/12\\\/31-ATHENA-BEACH-HOTEL-HELIOS-BEACH-BAR.jpg\",\"width\":2000,\"height\":1333},{\"@type\":\"BreadcrumbList\",\"@id\":\"https:\\\/\\\/www.cbh-cyprus.com\\\/fr\\\/guests-loyalty-club\\\/#breadcrumb\",\"itemListElement\":[{\"@type\":\"ListItem\",\"position\":1,\"name\":\"Home\",\"item\":\"https:\\\/\\\/www.cbh-cyprus.com\\\/fr\\\/\"},{\"@type\":\"ListItem\",\"position\":2,\"name\":\"Club de fid\u00e9lit\u00e9 des h\u00f4tes\"}]},{\"@type\":\"WebSite\",\"@id\":\"https:\\\/\\\/www.cbh-cyprus.com\\\/fr\\\/#website\",\"url\":\"https:\\\/\\\/www.cbh-cyprus.com\\\/fr\\\/\",\"name\":\"Constantinou Bros Hotels\",\"description\":\"Constantinou Bros Hotels\",\"publisher\":{\"@id\":\"https:\\\/\\\/www.cbh-cyprus.com\\\/fr\\\/#organization\"},\"potentialAction\":[{\"@type\":\"SearchAction\",\"target\":{\"@type\":\"EntryPoint\",\"urlTemplate\":\"https:\\\/\\\/www.cbh-cyprus.com\\\/fr\\\/?s={search_term_string}\"},\"query-input\":{\"@type\":\"PropertyValueSpecification\",\"valueRequired\":true,\"valueName\":\"search_term_string\"}}],\"inLanguage\":\"fr-FR\"},{\"@type\":\"Organization\",\"@id\":\"https:\\\/\\\/www.cbh-cyprus.com\\\/fr\\\/#organization\",\"name\":\"Constantinou Bros Hotels\",\"url\":\"https:\\\/\\\/www.cbh-cyprus.com\\\/fr\\\/\",\"logo\":{\"@type\":\"ImageObject\",\"inLanguage\":\"fr-FR\",\"@id\":\"https:\\\/\\\/www.cbh-cyprus.com\\\/fr\\\/#\\\/schema\\\/logo\\\/image\\\/\",\"url\":\"https:\\\/\\\/www.cbh-cyprus.com\\\/app\\\/uploads\\\/sites\\\/30\\\/2020\\\/10\\\/cbh.jpg\",\"contentUrl\":\"https:\\\/\\\/www.cbh-cyprus.com\\\/app\\\/uploads\\\/sites\\\/30\\\/2020\\\/10\\\/cbh.jpg\",\"width\":1013,\"height\":419,\"caption\":\"Constantinou Bros Hotels\"},\"image\":{\"@id\":\"https:\\\/\\\/www.cbh-cyprus.com\\\/fr\\\/#\\\/schema\\\/logo\\\/image\\\/\"}}]}<\/script>\n<!-- \/ Yoast SEO plugin. -->","yoast_head_json":{"title":"Club de fid\u00e9lit\u00e9 des clients dans les h\u00f4tels de Paphos || Constantinou Bros Hotels","description":"Nos clients r\u00e9p\u00e9titeurs peuvent devenir membres Bleu ou Argent des clubs de fid\u00e9lit\u00e9 des h\u00f4tels Constantinou Bros Hotels \u00e0 Paphos, et b\u00e9n\u00e9ficier d'un \u00e9ventail de privil\u00e8ges et d'avantages.","robots":{"index":"index","follow":"follow","max-snippet":"max-snippet:-1","max-image-preview":"max-image-preview:large","max-video-preview":"max-video-preview:-1"},"canonical":"https:\/\/www.cbh-cyprus.com\/fr\/guests-loyalty-club\/","og_locale":"fr_FR","og_type":"article","og_title":"Club de fid\u00e9lit\u00e9 des clients dans les h\u00f4tels de Paphos || Constantinou Bros Hotels","og_description":"Nos clients r\u00e9p\u00e9titeurs peuvent devenir membres Bleu ou Argent des clubs de fid\u00e9lit\u00e9 des h\u00f4tels Constantinou Bros Hotels \u00e0 Paphos, et b\u00e9n\u00e9ficier d'un \u00e9ventail de privil\u00e8ges et d'avantages.","og_url":"https:\/\/www.cbh-cyprus.com\/fr\/guests-loyalty-club\/","og_site_name":"Constantinou Bros Hotels","article_modified_time":"2025-08-05T10:10:20+00:00","og_image":[{"width":2000,"height":1333,"url":"https:\/\/www.cbh-cyprus.com\/app\/uploads\/sites\/30\/2024\/12\/31-ATHENA-BEACH-HOTEL-HELIOS-BEACH-BAR.jpg","type":"image\/jpeg"}],"twitter_card":"summary_large_image","twitter_misc":{"Dur\u00e9e de lecture estim\u00e9e":"1 minute"},"schema":{"@context":"https:\/\/schema.org","@graph":[{"@type":"WebPage","@id":"https:\/\/www.cbh-cyprus.com\/fr\/guests-loyalty-club\/","url":"https:\/\/www.cbh-cyprus.com\/fr\/guests-loyalty-club\/","name":"Club de fid\u00e9lit\u00e9 des clients dans les h\u00f4tels de Paphos || Constantinou Bros Hotels","isPartOf":{"@id":"https:\/\/www.cbh-cyprus.com\/fr\/#website"},"primaryImageOfPage":{"@id":"https:\/\/www.cbh-cyprus.com\/fr\/guests-loyalty-club\/#primaryimage"},"image":{"@id":"https:\/\/www.cbh-cyprus.com\/fr\/guests-loyalty-club\/#primaryimage"},"thumbnailUrl":"https:\/\/www.cbh-cyprus.com\/app\/uploads\/sites\/30\/2024\/12\/31-ATHENA-BEACH-HOTEL-HELIOS-BEACH-BAR.jpg","datePublished":"2022-03-23T14:59:29+00:00","dateModified":"2025-08-05T10:10:20+00:00","description":"Nos clients r\u00e9p\u00e9titeurs peuvent devenir membres Bleu ou Argent des clubs de fid\u00e9lit\u00e9 des h\u00f4tels Constantinou Bros Hotels \u00e0 Paphos, et b\u00e9n\u00e9ficier d'un \u00e9ventail de privil\u00e8ges et d'avantages.","breadcrumb":{"@id":"https:\/\/www.cbh-cyprus.com\/fr\/guests-loyalty-club\/#breadcrumb"},"inLanguage":"fr-FR","potentialAction":[{"@type":"ReadAction","target":["https:\/\/www.cbh-cyprus.com\/fr\/guests-loyalty-club\/"]}]},{"@type":"ImageObject","inLanguage":"fr-FR","@id":"https:\/\/www.cbh-cyprus.com\/fr\/guests-loyalty-club\/#primaryimage","url":"https:\/\/www.cbh-cyprus.com\/app\/uploads\/sites\/30\/2024\/12\/31-ATHENA-BEACH-HOTEL-HELIOS-BEACH-BAR.jpg","contentUrl":"https:\/\/www.cbh-cyprus.com\/app\/uploads\/sites\/30\/2024\/12\/31-ATHENA-BEACH-HOTEL-HELIOS-BEACH-BAR.jpg","width":2000,"height":1333},{"@type":"BreadcrumbList","@id":"https:\/\/www.cbh-cyprus.com\/fr\/guests-loyalty-club\/#breadcrumb","itemListElement":[{"@type":"ListItem","position":1,"name":"Home","item":"https:\/\/www.cbh-cyprus.com\/fr\/"},{"@type":"ListItem","position":2,"name":"Club de fid\u00e9lit\u00e9 des h\u00f4tes"}]},{"@type":"WebSite","@id":"https:\/\/www.cbh-cyprus.com\/fr\/#website","url":"https:\/\/www.cbh-cyprus.com\/fr\/","name":"Constantinou Bros Hotels","description":"Constantinou Bros Hotels","publisher":{"@id":"https:\/\/www.cbh-cyprus.com\/fr\/#organization"},"potentialAction":[{"@type":"SearchAction","target":{"@type":"EntryPoint","urlTemplate":"https:\/\/www.cbh-cyprus.com\/fr\/?s={search_term_string}"},"query-input":{"@type":"PropertyValueSpecification","valueRequired":true,"valueName":"search_term_string"}}],"inLanguage":"fr-FR"},{"@type":"Organization","@id":"https:\/\/www.cbh-cyprus.com\/fr\/#organization","name":"Constantinou Bros Hotels","url":"https:\/\/www.cbh-cyprus.com\/fr\/","logo":{"@type":"ImageObject","inLanguage":"fr-FR","@id":"https:\/\/www.cbh-cyprus.com\/fr\/#\/schema\/logo\/image\/","url":"https:\/\/www.cbh-cyprus.com\/app\/uploads\/sites\/30\/2020\/10\/cbh.jpg","contentUrl":"https:\/\/www.cbh-cyprus.com\/app\/uploads\/sites\/30\/2020\/10\/cbh.jpg","width":1013,"height":419,"caption":"Constantinou Bros Hotels"},"image":{"@id":"https:\/\/www.cbh-cyprus.com\/fr\/#\/schema\/logo\/image\/"}}]}},"_links":{"self":[{"href":"https:\/\/www.cbh-cyprus.com\/fr\/wp-json\/wp\/v2\/pages\/13828","targetHints":{"allow":["GET"]}}],"collection":[{"href":"https:\/\/www.cbh-cyprus.com\/fr\/wp-json\/wp\/v2\/pages"}],"about":[{"href":"https:\/\/www.cbh-cyprus.com\/fr\/wp-json\/wp\/v2\/types\/page"}],"author":[{"embeddable":true,"href":"https:\/\/www.cbh-cyprus.com\/fr\/wp-json\/wp\/v2\/users\/100"}],"replies":[{"embeddable":true,"href":"https:\/\/www.cbh-cyprus.com\/fr\/wp-json\/wp\/v2\/comments?post=13828"}],"version-history":[{"count":5,"href":"https:\/\/www.cbh-cyprus.com\/fr\/wp-json\/wp\/v2\/pages\/13828\/revisions"}],"predecessor-version":[{"id":45893,"href":"https:\/\/www.cbh-cyprus.com\/fr\/wp-json\/wp\/v2\/pages\/13828\/revisions\/45893"}],"wp:featuredmedia":[{"embeddable":true,"href":"https:\/\/www.cbh-cyprus.com\/fr\/wp-json\/wp\/v2\/media\/42878"}],"wp:attachment":[{"href":"https:\/\/www.cbh-cyprus.com\/fr\/wp-json\/wp\/v2\/media?parent=13828"}],"curies":[{"name":"wp","href":"https:\/\/api.w.org\/{rel}","templated":true}]}}