{"id":13830,"date":"2022-03-23T18:01:33","date_gmt":"2022-03-23T15:01:33","guid":{"rendered":"https:\/\/www.cbh-cyprus.com\/weddings\/"},"modified":"2025-05-05T15:11:37","modified_gmt":"2025-05-05T12:11:37","slug":"weddings","status":"publish","type":"page","link":"https:\/\/www.cbh-cyprus.com\/fr\/weddings\/","title":{"rendered":"Mariages"},"content":{"rendered":"<h1 class=\"home-pages-title title-size text-center pt-5 font-regular\"><a href=\"https:\/\/www.athena-cbh.com\/weddings\/\">Athena Beach Hotel<\/a> &#8211; Le cadre id\u00e9al en bord de mer pour des mariages de conte de f\u00e9es \u00e0 Paphos<\/h1>\n<p>&nbsp;<\/p>\n<p>Faites vos v\u0153ux de mariage sur l&rsquo;\u00eele de Chypre, baign\u00e9e de soleil, lieu de naissance d&rsquo;Aphrodite, d\u00e9esse de la beaut\u00e9 et de l&rsquo;amour.<\/p>\n<p>Il est \u00e9vident que vous avez r\u00eav\u00e9 de votre grand jour et que vous voulez que tout soit parfait. Chypre peut \u00eatre le lieu id\u00e9al pour votre mariage : lois sur le mariage faciles \u00e0 appliquer, liaisons a\u00e9riennes pratiques avec toutes les grandes villes europ\u00e9ennes, merveilleux climat m\u00e9diterran\u00e9en, population amicale et souriante. Et lorsque vous aurez pris votre d\u00e9cision et r\u00e9serv\u00e9 les vols, laissez l&rsquo;\u00e9quipe de mariage des h\u00f4tels Constantinou Bros s&rsquo;occuper de tout le travail pour vous.<\/p>\n<p>Notre \u00e9quipe vous aidera \u00e0 organiser votre journ\u00e9e sp\u00e9ciale. Si vous optez pour cette derni\u00e8re option mais que vous n&rsquo;avez pas envie de la mairie traditionnelle, vous pouvez choisir entre notre lieu en bord de mer ou notre gazebo situ\u00e9 dans les jardins luxuriants de notre h\u00f4tel.<\/p>\n<p>Nous pouvons presque tout entreprendre pour vous : organiser les formalit\u00e9s administratives, les fleurs, le g\u00e2teau, la photographie, le transport, les soins de beaut\u00e9 et de coiffure, et bien s\u00fbr la r\u00e9ception du mariage&#8230; nous nous occupons de tout !<\/p>\n<p>Accueillez vos invit\u00e9s dans les jardins relaxants de l&rsquo;<a href=\"https:\/\/www.athena-cbh.com\/weddings\/\">Athena Beach Hotel<\/a> et profitez de la r\u00e9ception que nous pr\u00e9parerons avec vos choix parmi nos d\u00e9licieux menus. Apr\u00e8s votre merveilleux d\u00eener de r\u00e9ception, pourquoi ne pas poursuivre la f\u00eate dans notre salle de r\u00e9ception int\u00e9rieure o\u00f9 vous pourrez danser toute la nuit avec notre DJ exp\u00e9riment\u00e9. Commencez votre nouvelle vie en beaut\u00e9 dans l&rsquo;une de nos luxueuses chambres ou suites, apr\u00e8s avoir r\u00e9alis\u00e9 un mariage de r\u00eave.<\/p>\n<p>Votre propre mariage de r\u00eave !<\/p>\n<p>En revanche, si vous avez d\u00e9j\u00e0 \u00e9chang\u00e9 vos v\u0153ux pour un amour \u00e9ternel, venez \u00e0 Chypre pour une lune de miel inoubliable. Nos chambres et suites confortables, nos excellentes installations de loisirs, notre cuisine raffin\u00e9e et notre service attentionn\u00e9 vous feront vivre vos jours les plus heureux !<\/p>\n<p>Pour de plus amples informations sur notre forfait mariage, veuillez nous contacter \u00e0 l&rsquo;adresse <a href=\"mailto:weddings@athena-cbh.com\">weddings@athena-cbh.com.<\/a><\/p>\n<p class=\"article_bold\">Pour plus d&rsquo;informations sur nos lieux de mariage et nos forfaits, veuillez consulter le site <a href=\"https:\/\/athena-cbh.com\/weddings\/\" target=\"_blank\" rel=\"noopener noreferrer\">de l&rsquo;Athena Beach Hotel<\/a>.<\/p>\n","protected":false},"excerpt":{"rendered":"<p>Athena Beach Hotel &#8211; Le cadre id\u00e9al en bord de mer pour des mariages de conte de f\u00e9es \u00e0 Paphos &nbsp; Faites vos v\u0153ux de mariage sur l&rsquo;\u00eele de Chypre, baign\u00e9e de soleil, lieu de naissance d&rsquo;Aphrodite, d\u00e9esse de la beaut\u00e9 et de l&rsquo;amour. Il est \u00e9vident que vous avez r\u00eav\u00e9 de votre grand jour<\/p>\n","protected":false},"author":100,"featured_media":19371,"parent":0,"menu_order":0,"comment_status":"closed","ping_status":"closed","template":"","meta":{"_acf_changed":false,"footnotes":""},"class_list":["post-13830","page","type-page","status-publish","has-post-thumbnail","hentry"],"acf":[],"yoast_head":"<!-- This site is optimized with the Yoast SEO plugin v27.3 - https:\/\/yoast.com\/product\/yoast-seo-wordpress\/ -->\n<title>Mariages de r\u00eave en bord de mer \u00e0 Paphos || Constantinou Hotels<\/title>\n<meta name=\"description\" content=\"Les h\u00f4tels Constantinou Bros sont merveilleusement con\u00e7us pour \u00eatre le cadre de r\u00eave des mariages les plus f\u00e9eriques en bord de mer \u00e0 Paphos que vous ayez jamais imagin\u00e9s.\" \/>\n<meta name=\"robots\" content=\"index, follow, max-snippet:-1, max-image-preview:large, max-video-preview:-1\" \/>\n<link rel=\"canonical\" href=\"https:\/\/www.cbh-cyprus.com\/fr\/weddings\/\" \/>\n<meta property=\"og:locale\" content=\"fr_FR\" \/>\n<meta property=\"og:type\" content=\"article\" \/>\n<meta property=\"og:title\" content=\"Mariages de r\u00eave en bord de mer \u00e0 Paphos || Constantinou Hotels\" \/>\n<meta property=\"og:description\" content=\"Les h\u00f4tels Constantinou Bros sont merveilleusement con\u00e7us pour \u00eatre le cadre de r\u00eave des mariages les plus f\u00e9eriques en bord de mer \u00e0 Paphos que vous ayez jamais imagin\u00e9s.\" \/>\n<meta property=\"og:url\" content=\"https:\/\/www.cbh-cyprus.com\/fr\/weddings\/\" \/>\n<meta property=\"og:site_name\" content=\"Constantinou Bros Hotels\" \/>\n<meta property=\"article:modified_time\" content=\"2025-05-05T12:11:37+00:00\" \/>\n<meta property=\"og:image\" content=\"https:\/\/www.cbh-cyprus.com\/app\/uploads\/sites\/30\/2022\/07\/90-ATHENA-BEACH-HOTEL-WEDDING-GAZEBO-scaled.jpg\" \/>\n\t<meta property=\"og:image:width\" content=\"4128\" \/>\n\t<meta property=\"og:image:height\" content=\"2752\" \/>\n\t<meta property=\"og:image:type\" content=\"image\/jpeg\" \/>\n<meta name=\"twitter:card\" content=\"summary_large_image\" \/>\n<meta name=\"twitter:label1\" content=\"Dur\u00e9e de lecture estim\u00e9e\" \/>\n\t<meta name=\"twitter:data1\" content=\"2 minutes\" \/>\n<script type=\"application\/ld+json\" class=\"yoast-schema-graph\">{\"@context\":\"https:\\\/\\\/schema.org\",\"@graph\":[{\"@type\":\"WebPage\",\"@id\":\"https:\\\/\\\/www.cbh-cyprus.com\\\/fr\\\/weddings\\\/\",\"url\":\"https:\\\/\\\/www.cbh-cyprus.com\\\/fr\\\/weddings\\\/\",\"name\":\"Mariages de r\u00eave en bord de mer \u00e0 Paphos || Constantinou Hotels\",\"isPartOf\":{\"@id\":\"https:\\\/\\\/www.cbh-cyprus.com\\\/fr\\\/#website\"},\"primaryImageOfPage\":{\"@id\":\"https:\\\/\\\/www.cbh-cyprus.com\\\/fr\\\/weddings\\\/#primaryimage\"},\"image\":{\"@id\":\"https:\\\/\\\/www.cbh-cyprus.com\\\/fr\\\/weddings\\\/#primaryimage\"},\"thumbnailUrl\":\"https:\\\/\\\/www.cbh-cyprus.com\\\/app\\\/uploads\\\/sites\\\/30\\\/2022\\\/07\\\/90-ATHENA-BEACH-HOTEL-WEDDING-GAZEBO-scaled.jpg\",\"datePublished\":\"2022-03-23T15:01:33+00:00\",\"dateModified\":\"2025-05-05T12:11:37+00:00\",\"description\":\"Les h\u00f4tels Constantinou Bros sont merveilleusement con\u00e7us pour \u00eatre le cadre de r\u00eave des mariages les plus f\u00e9eriques en bord de mer \u00e0 Paphos que vous ayez jamais imagin\u00e9s.\",\"breadcrumb\":{\"@id\":\"https:\\\/\\\/www.cbh-cyprus.com\\\/fr\\\/weddings\\\/#breadcrumb\"},\"inLanguage\":\"fr-FR\",\"potentialAction\":[{\"@type\":\"ReadAction\",\"target\":[\"https:\\\/\\\/www.cbh-cyprus.com\\\/fr\\\/weddings\\\/\"]}]},{\"@type\":\"ImageObject\",\"inLanguage\":\"fr-FR\",\"@id\":\"https:\\\/\\\/www.cbh-cyprus.com\\\/fr\\\/weddings\\\/#primaryimage\",\"url\":\"https:\\\/\\\/www.cbh-cyprus.com\\\/app\\\/uploads\\\/sites\\\/30\\\/2022\\\/07\\\/90-ATHENA-BEACH-HOTEL-WEDDING-GAZEBO-scaled.jpg\",\"contentUrl\":\"https:\\\/\\\/www.cbh-cyprus.com\\\/app\\\/uploads\\\/sites\\\/30\\\/2022\\\/07\\\/90-ATHENA-BEACH-HOTEL-WEDDING-GAZEBO-scaled.jpg\",\"width\":4128,\"height\":2752},{\"@type\":\"BreadcrumbList\",\"@id\":\"https:\\\/\\\/www.cbh-cyprus.com\\\/fr\\\/weddings\\\/#breadcrumb\",\"itemListElement\":[{\"@type\":\"ListItem\",\"position\":1,\"name\":\"Home\",\"item\":\"https:\\\/\\\/www.cbh-cyprus.com\\\/fr\\\/welcome-to-constantinou-bros-hotels\\\/\"},{\"@type\":\"ListItem\",\"position\":2,\"name\":\"Mariages\"}]},{\"@type\":\"WebSite\",\"@id\":\"https:\\\/\\\/www.cbh-cyprus.com\\\/fr\\\/#website\",\"url\":\"https:\\\/\\\/www.cbh-cyprus.com\\\/fr\\\/\",\"name\":\"Constantinou Bros Hotels\",\"description\":\"Constantinou Bros Hotels\",\"publisher\":{\"@id\":\"https:\\\/\\\/www.cbh-cyprus.com\\\/fr\\\/#organization\"},\"potentialAction\":[{\"@type\":\"SearchAction\",\"target\":{\"@type\":\"EntryPoint\",\"urlTemplate\":\"https:\\\/\\\/www.cbh-cyprus.com\\\/fr\\\/?s={search_term_string}\"},\"query-input\":{\"@type\":\"PropertyValueSpecification\",\"valueRequired\":true,\"valueName\":\"search_term_string\"}}],\"inLanguage\":\"fr-FR\"},{\"@type\":\"Organization\",\"@id\":\"https:\\\/\\\/www.cbh-cyprus.com\\\/fr\\\/#organization\",\"name\":\"Constantinou Bros Hotels\",\"url\":\"https:\\\/\\\/www.cbh-cyprus.com\\\/fr\\\/\",\"logo\":{\"@type\":\"ImageObject\",\"inLanguage\":\"fr-FR\",\"@id\":\"https:\\\/\\\/www.cbh-cyprus.com\\\/fr\\\/#\\\/schema\\\/logo\\\/image\\\/\",\"url\":\"https:\\\/\\\/www.cbh-cyprus.com\\\/app\\\/uploads\\\/sites\\\/30\\\/2020\\\/10\\\/cbh.jpg\",\"contentUrl\":\"https:\\\/\\\/www.cbh-cyprus.com\\\/app\\\/uploads\\\/sites\\\/30\\\/2020\\\/10\\\/cbh.jpg\",\"width\":1013,\"height\":419,\"caption\":\"Constantinou Bros Hotels\"},\"image\":{\"@id\":\"https:\\\/\\\/www.cbh-cyprus.com\\\/fr\\\/#\\\/schema\\\/logo\\\/image\\\/\"}}]}<\/script>\n<!-- \/ Yoast SEO plugin. -->","yoast_head_json":{"title":"Mariages de r\u00eave en bord de mer \u00e0 Paphos || Constantinou Hotels","description":"Les h\u00f4tels Constantinou Bros sont merveilleusement con\u00e7us pour \u00eatre le cadre de r\u00eave des mariages les plus f\u00e9eriques en bord de mer \u00e0 Paphos que vous ayez jamais imagin\u00e9s.","robots":{"index":"index","follow":"follow","max-snippet":"max-snippet:-1","max-image-preview":"max-image-preview:large","max-video-preview":"max-video-preview:-1"},"canonical":"https:\/\/www.cbh-cyprus.com\/fr\/weddings\/","og_locale":"fr_FR","og_type":"article","og_title":"Mariages de r\u00eave en bord de mer \u00e0 Paphos || Constantinou Hotels","og_description":"Les h\u00f4tels Constantinou Bros sont merveilleusement con\u00e7us pour \u00eatre le cadre de r\u00eave des mariages les plus f\u00e9eriques en bord de mer \u00e0 Paphos que vous ayez jamais imagin\u00e9s.","og_url":"https:\/\/www.cbh-cyprus.com\/fr\/weddings\/","og_site_name":"Constantinou Bros Hotels","article_modified_time":"2025-05-05T12:11:37+00:00","og_image":[{"width":4128,"height":2752,"url":"https:\/\/www.cbh-cyprus.com\/app\/uploads\/sites\/30\/2022\/07\/90-ATHENA-BEACH-HOTEL-WEDDING-GAZEBO-scaled.jpg","type":"image\/jpeg"}],"twitter_card":"summary_large_image","twitter_misc":{"Dur\u00e9e de lecture estim\u00e9e":"2 minutes"},"schema":{"@context":"https:\/\/schema.org","@graph":[{"@type":"WebPage","@id":"https:\/\/www.cbh-cyprus.com\/fr\/weddings\/","url":"https:\/\/www.cbh-cyprus.com\/fr\/weddings\/","name":"Mariages de r\u00eave en bord de mer \u00e0 Paphos || Constantinou Hotels","isPartOf":{"@id":"https:\/\/www.cbh-cyprus.com\/fr\/#website"},"primaryImageOfPage":{"@id":"https:\/\/www.cbh-cyprus.com\/fr\/weddings\/#primaryimage"},"image":{"@id":"https:\/\/www.cbh-cyprus.com\/fr\/weddings\/#primaryimage"},"thumbnailUrl":"https:\/\/www.cbh-cyprus.com\/app\/uploads\/sites\/30\/2022\/07\/90-ATHENA-BEACH-HOTEL-WEDDING-GAZEBO-scaled.jpg","datePublished":"2022-03-23T15:01:33+00:00","dateModified":"2025-05-05T12:11:37+00:00","description":"Les h\u00f4tels Constantinou Bros sont merveilleusement con\u00e7us pour \u00eatre le cadre de r\u00eave des mariages les plus f\u00e9eriques en bord de mer \u00e0 Paphos que vous ayez jamais imagin\u00e9s.","breadcrumb":{"@id":"https:\/\/www.cbh-cyprus.com\/fr\/weddings\/#breadcrumb"},"inLanguage":"fr-FR","potentialAction":[{"@type":"ReadAction","target":["https:\/\/www.cbh-cyprus.com\/fr\/weddings\/"]}]},{"@type":"ImageObject","inLanguage":"fr-FR","@id":"https:\/\/www.cbh-cyprus.com\/fr\/weddings\/#primaryimage","url":"https:\/\/www.cbh-cyprus.com\/app\/uploads\/sites\/30\/2022\/07\/90-ATHENA-BEACH-HOTEL-WEDDING-GAZEBO-scaled.jpg","contentUrl":"https:\/\/www.cbh-cyprus.com\/app\/uploads\/sites\/30\/2022\/07\/90-ATHENA-BEACH-HOTEL-WEDDING-GAZEBO-scaled.jpg","width":4128,"height":2752},{"@type":"BreadcrumbList","@id":"https:\/\/www.cbh-cyprus.com\/fr\/weddings\/#breadcrumb","itemListElement":[{"@type":"ListItem","position":1,"name":"Home","item":"https:\/\/www.cbh-cyprus.com\/fr\/welcome-to-constantinou-bros-hotels\/"},{"@type":"ListItem","position":2,"name":"Mariages"}]},{"@type":"WebSite","@id":"https:\/\/www.cbh-cyprus.com\/fr\/#website","url":"https:\/\/www.cbh-cyprus.com\/fr\/","name":"Constantinou Bros Hotels","description":"Constantinou Bros Hotels","publisher":{"@id":"https:\/\/www.cbh-cyprus.com\/fr\/#organization"},"potentialAction":[{"@type":"SearchAction","target":{"@type":"EntryPoint","urlTemplate":"https:\/\/www.cbh-cyprus.com\/fr\/?s={search_term_string}"},"query-input":{"@type":"PropertyValueSpecification","valueRequired":true,"valueName":"search_term_string"}}],"inLanguage":"fr-FR"},{"@type":"Organization","@id":"https:\/\/www.cbh-cyprus.com\/fr\/#organization","name":"Constantinou Bros Hotels","url":"https:\/\/www.cbh-cyprus.com\/fr\/","logo":{"@type":"ImageObject","inLanguage":"fr-FR","@id":"https:\/\/www.cbh-cyprus.com\/fr\/#\/schema\/logo\/image\/","url":"https:\/\/www.cbh-cyprus.com\/app\/uploads\/sites\/30\/2020\/10\/cbh.jpg","contentUrl":"https:\/\/www.cbh-cyprus.com\/app\/uploads\/sites\/30\/2020\/10\/cbh.jpg","width":1013,"height":419,"caption":"Constantinou Bros Hotels"},"image":{"@id":"https:\/\/www.cbh-cyprus.com\/fr\/#\/schema\/logo\/image\/"}}]}},"_links":{"self":[{"href":"https:\/\/www.cbh-cyprus.com\/fr\/wp-json\/wp\/v2\/pages\/13830","targetHints":{"allow":["GET"]}}],"collection":[{"href":"https:\/\/www.cbh-cyprus.com\/fr\/wp-json\/wp\/v2\/pages"}],"about":[{"href":"https:\/\/www.cbh-cyprus.com\/fr\/wp-json\/wp\/v2\/types\/page"}],"author":[{"embeddable":true,"href":"https:\/\/www.cbh-cyprus.com\/fr\/wp-json\/wp\/v2\/users\/100"}],"replies":[{"embeddable":true,"href":"https:\/\/www.cbh-cyprus.com\/fr\/wp-json\/wp\/v2\/comments?post=13830"}],"version-history":[{"count":7,"href":"https:\/\/www.cbh-cyprus.com\/fr\/wp-json\/wp\/v2\/pages\/13830\/revisions"}],"predecessor-version":[{"id":44137,"href":"https:\/\/www.cbh-cyprus.com\/fr\/wp-json\/wp\/v2\/pages\/13830\/revisions\/44137"}],"wp:featuredmedia":[{"embeddable":true,"href":"https:\/\/www.cbh-cyprus.com\/fr\/wp-json\/wp\/v2\/media\/19371"}],"wp:attachment":[{"href":"https:\/\/www.cbh-cyprus.com\/fr\/wp-json\/wp\/v2\/media?parent=13830"}],"curies":[{"name":"wp","href":"https:\/\/api.w.org\/{rel}","templated":true}]}}