{"id":14087,"date":"2022-03-30T16:46:11","date_gmt":"2022-03-30T13:46:11","guid":{"rendered":"https:\/\/www.cbh-cyprus.com\/cyprus-aphrodite-half-marathon\/"},"modified":"2024-09-13T11:58:48","modified_gmt":"2024-09-13T08:58:48","slug":"cyprus-aphrodite-half-marathon","status":"publish","type":"page","link":"https:\/\/www.cbh-cyprus.com\/fr\/cyprus-aphrodite-half-marathon\/","title":{"rendered":"Semi-marathon de Chypre Aphrodite"},"content":{"rendered":"<div class=\"entry-content small-size mt-3 mb-0 maxw-lg-1024 px-3 px-xl-0 mx-auto\">\n<p style=\"text-align: center;\">Cette ann\u00e9e encore, les h\u00f4tels Constantinou Bros sont fiers de jouer un r\u00f4le de soutien dans cet \u00e9v\u00e9nement sportif exceptionnel.<br \/>\nNous consid\u00e9rons que c&rsquo;est un grand honneur d&rsquo;\u00eatre affili\u00e9s au semi-marathon Aphrodite de Chypre et nous sommes impatients d&rsquo;encourager les coureurs qui traversent la ville baln\u00e9aire historique de Paphos, lieu de naissance l\u00e9gendaire de la d\u00e9esse Aphrodite.<br \/>\nLa relation entre Constantinou Bros Hotels et le semi-marathon Aphrodite a d\u00e9but\u00e9 en 2008 et, depuis lors, l&rsquo;entreprise poursuit son engagement en tant que fier sponsor.  <\/p>\n<p style=\"text-align: center;\">Plus de 600 coureurs sont attendus pour participer au marathon de cette ann\u00e9e, le 22 novembre 2015.<br \/>\nIl s&rsquo;agit d&rsquo;un \u00e9v\u00e9nement tr\u00e8s bien organis\u00e9 qui comprend un semi-marathon, une course amusante de 5 km, une p\u00e2tisserie et un d\u00eener de gala au prestigieux Constantinou Bros Athena Beach Hotel.<br \/>\nLe Constantinou Bros Athena Beach Hotel jouit d&rsquo;une situation exceptionnelle sur la plage et constitue un choix id\u00e9al pour servir de base au marathon de Chypre, avec un acc\u00e8s facile aux lieux d&rsquo;int\u00e9r\u00eat historique et culturel.  <\/p>\n<\/div>\n","protected":false},"excerpt":{"rendered":"<p>Cette ann\u00e9e encore, les h\u00f4tels Constantinou Bros sont fiers de jouer un r\u00f4le de soutien dans cet \u00e9v\u00e9nement sportif exceptionnel. Nous consid\u00e9rons que c&rsquo;est un grand honneur d&rsquo;\u00eatre affili\u00e9s au semi-marathon Aphrodite de Chypre et nous sommes impatients d&rsquo;encourager les coureurs qui traversent la ville baln\u00e9aire historique de Paphos, lieu de naissance l\u00e9gendaire de la<\/p>\n","protected":false},"author":100,"featured_media":12409,"parent":0,"menu_order":0,"comment_status":"closed","ping_status":"closed","template":"","meta":{"_acf_changed":false,"footnotes":""},"class_list":["post-14087","page","type-page","status-publish","has-post-thumbnail","hentry"],"acf":[],"yoast_head":"<!-- This site is optimized with the Yoast SEO plugin v27.3 - https:\/\/yoast.com\/product\/yoast-seo-wordpress\/ -->\n<title>Semi-marathon de Chypre Aphrodite - Constantinou Bros Hotels<\/title>\n<meta name=\"robots\" content=\"index, follow, max-snippet:-1, max-image-preview:large, max-video-preview:-1\" \/>\n<link rel=\"canonical\" href=\"https:\/\/www.cbh-cyprus.com\/fr\/cyprus-aphrodite-half-marathon\/\" \/>\n<meta property=\"og:locale\" content=\"fr_FR\" \/>\n<meta property=\"og:type\" content=\"article\" \/>\n<meta property=\"og:title\" content=\"Semi-marathon de Chypre Aphrodite - Constantinou Bros Hotels\" \/>\n<meta property=\"og:description\" content=\"Cette ann\u00e9e encore, les h\u00f4tels Constantinou Bros sont fiers de jouer un r\u00f4le de soutien dans cet \u00e9v\u00e9nement sportif exceptionnel. Nous consid\u00e9rons que c&rsquo;est un grand honneur d&rsquo;\u00eatre affili\u00e9s au semi-marathon Aphrodite de Chypre et nous sommes impatients d&rsquo;encourager les coureurs qui traversent la ville baln\u00e9aire historique de Paphos, lieu de naissance l\u00e9gendaire de la\" \/>\n<meta property=\"og:url\" content=\"https:\/\/www.cbh-cyprus.com\/fr\/cyprus-aphrodite-half-marathon\/\" \/>\n<meta property=\"og:site_name\" content=\"Constantinou Bros Hotels\" \/>\n<meta property=\"article:modified_time\" content=\"2024-09-13T08:58:48+00:00\" \/>\n<meta property=\"og:image\" content=\"https:\/\/www.cbh-cyprus.com\/app\/uploads\/sites\/30\/2020\/05\/IMG_56011.jpg\" \/>\n\t<meta property=\"og:image:width\" content=\"1200\" \/>\n\t<meta property=\"og:image:height\" content=\"800\" \/>\n\t<meta property=\"og:image:type\" content=\"image\/jpeg\" \/>\n<meta name=\"twitter:card\" content=\"summary_large_image\" \/>\n<meta name=\"twitter:label1\" content=\"Dur\u00e9e de lecture estim\u00e9e\" \/>\n\t<meta name=\"twitter:data1\" content=\"1 minute\" \/>\n<script type=\"application\/ld+json\" class=\"yoast-schema-graph\">{\"@context\":\"https:\\\/\\\/schema.org\",\"@graph\":[{\"@type\":\"WebPage\",\"@id\":\"https:\\\/\\\/www.cbh-cyprus.com\\\/fr\\\/cyprus-aphrodite-half-marathon\\\/\",\"url\":\"https:\\\/\\\/www.cbh-cyprus.com\\\/fr\\\/cyprus-aphrodite-half-marathon\\\/\",\"name\":\"Semi-marathon de Chypre Aphrodite - Constantinou Bros Hotels\",\"isPartOf\":{\"@id\":\"https:\\\/\\\/www.cbh-cyprus.com\\\/fr\\\/#website\"},\"primaryImageOfPage\":{\"@id\":\"https:\\\/\\\/www.cbh-cyprus.com\\\/fr\\\/cyprus-aphrodite-half-marathon\\\/#primaryimage\"},\"image\":{\"@id\":\"https:\\\/\\\/www.cbh-cyprus.com\\\/fr\\\/cyprus-aphrodite-half-marathon\\\/#primaryimage\"},\"thumbnailUrl\":\"https:\\\/\\\/www.cbh-cyprus.com\\\/app\\\/uploads\\\/sites\\\/30\\\/2020\\\/05\\\/IMG_56011.jpg\",\"datePublished\":\"2022-03-30T13:46:11+00:00\",\"dateModified\":\"2024-09-13T08:58:48+00:00\",\"breadcrumb\":{\"@id\":\"https:\\\/\\\/www.cbh-cyprus.com\\\/fr\\\/cyprus-aphrodite-half-marathon\\\/#breadcrumb\"},\"inLanguage\":\"fr-FR\",\"potentialAction\":[{\"@type\":\"ReadAction\",\"target\":[\"https:\\\/\\\/www.cbh-cyprus.com\\\/fr\\\/cyprus-aphrodite-half-marathon\\\/\"]}]},{\"@type\":\"ImageObject\",\"inLanguage\":\"fr-FR\",\"@id\":\"https:\\\/\\\/www.cbh-cyprus.com\\\/fr\\\/cyprus-aphrodite-half-marathon\\\/#primaryimage\",\"url\":\"https:\\\/\\\/www.cbh-cyprus.com\\\/app\\\/uploads\\\/sites\\\/30\\\/2020\\\/05\\\/IMG_56011.jpg\",\"contentUrl\":\"https:\\\/\\\/www.cbh-cyprus.com\\\/app\\\/uploads\\\/sites\\\/30\\\/2020\\\/05\\\/IMG_56011.jpg\",\"width\":1200,\"height\":800},{\"@type\":\"BreadcrumbList\",\"@id\":\"https:\\\/\\\/www.cbh-cyprus.com\\\/fr\\\/cyprus-aphrodite-half-marathon\\\/#breadcrumb\",\"itemListElement\":[{\"@type\":\"ListItem\",\"position\":1,\"name\":\"Home\",\"item\":\"https:\\\/\\\/www.cbh-cyprus.com\\\/fr\\\/welcome-to-constantinou-bros-hotels\\\/\"},{\"@type\":\"ListItem\",\"position\":2,\"name\":\"Semi-marathon de Chypre Aphrodite\"}]},{\"@type\":\"WebSite\",\"@id\":\"https:\\\/\\\/www.cbh-cyprus.com\\\/fr\\\/#website\",\"url\":\"https:\\\/\\\/www.cbh-cyprus.com\\\/fr\\\/\",\"name\":\"Constantinou Bros Hotels\",\"description\":\"Constantinou Bros Hotels\",\"publisher\":{\"@id\":\"https:\\\/\\\/www.cbh-cyprus.com\\\/fr\\\/#organization\"},\"potentialAction\":[{\"@type\":\"SearchAction\",\"target\":{\"@type\":\"EntryPoint\",\"urlTemplate\":\"https:\\\/\\\/www.cbh-cyprus.com\\\/fr\\\/?s={search_term_string}\"},\"query-input\":{\"@type\":\"PropertyValueSpecification\",\"valueRequired\":true,\"valueName\":\"search_term_string\"}}],\"inLanguage\":\"fr-FR\"},{\"@type\":\"Organization\",\"@id\":\"https:\\\/\\\/www.cbh-cyprus.com\\\/fr\\\/#organization\",\"name\":\"Constantinou Bros Hotels\",\"url\":\"https:\\\/\\\/www.cbh-cyprus.com\\\/fr\\\/\",\"logo\":{\"@type\":\"ImageObject\",\"inLanguage\":\"fr-FR\",\"@id\":\"https:\\\/\\\/www.cbh-cyprus.com\\\/fr\\\/#\\\/schema\\\/logo\\\/image\\\/\",\"url\":\"https:\\\/\\\/www.cbh-cyprus.com\\\/app\\\/uploads\\\/sites\\\/30\\\/2020\\\/10\\\/cbh.jpg\",\"contentUrl\":\"https:\\\/\\\/www.cbh-cyprus.com\\\/app\\\/uploads\\\/sites\\\/30\\\/2020\\\/10\\\/cbh.jpg\",\"width\":1013,\"height\":419,\"caption\":\"Constantinou Bros Hotels\"},\"image\":{\"@id\":\"https:\\\/\\\/www.cbh-cyprus.com\\\/fr\\\/#\\\/schema\\\/logo\\\/image\\\/\"}}]}<\/script>\n<!-- \/ Yoast SEO plugin. -->","yoast_head_json":{"title":"Semi-marathon de Chypre Aphrodite - Constantinou Bros Hotels","robots":{"index":"index","follow":"follow","max-snippet":"max-snippet:-1","max-image-preview":"max-image-preview:large","max-video-preview":"max-video-preview:-1"},"canonical":"https:\/\/www.cbh-cyprus.com\/fr\/cyprus-aphrodite-half-marathon\/","og_locale":"fr_FR","og_type":"article","og_title":"Semi-marathon de Chypre Aphrodite - Constantinou Bros Hotels","og_description":"Cette ann\u00e9e encore, les h\u00f4tels Constantinou Bros sont fiers de jouer un r\u00f4le de soutien dans cet \u00e9v\u00e9nement sportif exceptionnel. Nous consid\u00e9rons que c&rsquo;est un grand honneur d&rsquo;\u00eatre affili\u00e9s au semi-marathon Aphrodite de Chypre et nous sommes impatients d&rsquo;encourager les coureurs qui traversent la ville baln\u00e9aire historique de Paphos, lieu de naissance l\u00e9gendaire de la","og_url":"https:\/\/www.cbh-cyprus.com\/fr\/cyprus-aphrodite-half-marathon\/","og_site_name":"Constantinou Bros Hotels","article_modified_time":"2024-09-13T08:58:48+00:00","og_image":[{"width":1200,"height":800,"url":"https:\/\/www.cbh-cyprus.com\/app\/uploads\/sites\/30\/2020\/05\/IMG_56011.jpg","type":"image\/jpeg"}],"twitter_card":"summary_large_image","twitter_misc":{"Dur\u00e9e de lecture estim\u00e9e":"1 minute"},"schema":{"@context":"https:\/\/schema.org","@graph":[{"@type":"WebPage","@id":"https:\/\/www.cbh-cyprus.com\/fr\/cyprus-aphrodite-half-marathon\/","url":"https:\/\/www.cbh-cyprus.com\/fr\/cyprus-aphrodite-half-marathon\/","name":"Semi-marathon de Chypre Aphrodite - Constantinou Bros Hotels","isPartOf":{"@id":"https:\/\/www.cbh-cyprus.com\/fr\/#website"},"primaryImageOfPage":{"@id":"https:\/\/www.cbh-cyprus.com\/fr\/cyprus-aphrodite-half-marathon\/#primaryimage"},"image":{"@id":"https:\/\/www.cbh-cyprus.com\/fr\/cyprus-aphrodite-half-marathon\/#primaryimage"},"thumbnailUrl":"https:\/\/www.cbh-cyprus.com\/app\/uploads\/sites\/30\/2020\/05\/IMG_56011.jpg","datePublished":"2022-03-30T13:46:11+00:00","dateModified":"2024-09-13T08:58:48+00:00","breadcrumb":{"@id":"https:\/\/www.cbh-cyprus.com\/fr\/cyprus-aphrodite-half-marathon\/#breadcrumb"},"inLanguage":"fr-FR","potentialAction":[{"@type":"ReadAction","target":["https:\/\/www.cbh-cyprus.com\/fr\/cyprus-aphrodite-half-marathon\/"]}]},{"@type":"ImageObject","inLanguage":"fr-FR","@id":"https:\/\/www.cbh-cyprus.com\/fr\/cyprus-aphrodite-half-marathon\/#primaryimage","url":"https:\/\/www.cbh-cyprus.com\/app\/uploads\/sites\/30\/2020\/05\/IMG_56011.jpg","contentUrl":"https:\/\/www.cbh-cyprus.com\/app\/uploads\/sites\/30\/2020\/05\/IMG_56011.jpg","width":1200,"height":800},{"@type":"BreadcrumbList","@id":"https:\/\/www.cbh-cyprus.com\/fr\/cyprus-aphrodite-half-marathon\/#breadcrumb","itemListElement":[{"@type":"ListItem","position":1,"name":"Home","item":"https:\/\/www.cbh-cyprus.com\/fr\/welcome-to-constantinou-bros-hotels\/"},{"@type":"ListItem","position":2,"name":"Semi-marathon de Chypre Aphrodite"}]},{"@type":"WebSite","@id":"https:\/\/www.cbh-cyprus.com\/fr\/#website","url":"https:\/\/www.cbh-cyprus.com\/fr\/","name":"Constantinou Bros Hotels","description":"Constantinou Bros Hotels","publisher":{"@id":"https:\/\/www.cbh-cyprus.com\/fr\/#organization"},"potentialAction":[{"@type":"SearchAction","target":{"@type":"EntryPoint","urlTemplate":"https:\/\/www.cbh-cyprus.com\/fr\/?s={search_term_string}"},"query-input":{"@type":"PropertyValueSpecification","valueRequired":true,"valueName":"search_term_string"}}],"inLanguage":"fr-FR"},{"@type":"Organization","@id":"https:\/\/www.cbh-cyprus.com\/fr\/#organization","name":"Constantinou Bros Hotels","url":"https:\/\/www.cbh-cyprus.com\/fr\/","logo":{"@type":"ImageObject","inLanguage":"fr-FR","@id":"https:\/\/www.cbh-cyprus.com\/fr\/#\/schema\/logo\/image\/","url":"https:\/\/www.cbh-cyprus.com\/app\/uploads\/sites\/30\/2020\/10\/cbh.jpg","contentUrl":"https:\/\/www.cbh-cyprus.com\/app\/uploads\/sites\/30\/2020\/10\/cbh.jpg","width":1013,"height":419,"caption":"Constantinou Bros Hotels"},"image":{"@id":"https:\/\/www.cbh-cyprus.com\/fr\/#\/schema\/logo\/image\/"}}]}},"_links":{"self":[{"href":"https:\/\/www.cbh-cyprus.com\/fr\/wp-json\/wp\/v2\/pages\/14087","targetHints":{"allow":["GET"]}}],"collection":[{"href":"https:\/\/www.cbh-cyprus.com\/fr\/wp-json\/wp\/v2\/pages"}],"about":[{"href":"https:\/\/www.cbh-cyprus.com\/fr\/wp-json\/wp\/v2\/types\/page"}],"author":[{"embeddable":true,"href":"https:\/\/www.cbh-cyprus.com\/fr\/wp-json\/wp\/v2\/users\/100"}],"replies":[{"embeddable":true,"href":"https:\/\/www.cbh-cyprus.com\/fr\/wp-json\/wp\/v2\/comments?post=14087"}],"version-history":[{"count":2,"href":"https:\/\/www.cbh-cyprus.com\/fr\/wp-json\/wp\/v2\/pages\/14087\/revisions"}],"predecessor-version":[{"id":41272,"href":"https:\/\/www.cbh-cyprus.com\/fr\/wp-json\/wp\/v2\/pages\/14087\/revisions\/41272"}],"wp:featuredmedia":[{"embeddable":true,"href":"https:\/\/www.cbh-cyprus.com\/fr\/wp-json\/wp\/v2\/media\/12409"}],"wp:attachment":[{"href":"https:\/\/www.cbh-cyprus.com\/fr\/wp-json\/wp\/v2\/media?parent=14087"}],"curies":[{"name":"wp","href":"https:\/\/api.w.org\/{rel}","templated":true}]}}