{"id":14090,"date":"2022-03-30T16:51:09","date_gmt":"2022-03-30T13:51:09","guid":{"rendered":"https:\/\/www.cbh-cyprus.com\/home\/"},"modified":"2025-05-05T15:11:47","modified_gmt":"2025-05-05T12:11:47","slug":"welcome-to-constantinou-bros-hotels","status":"publish","type":"page","link":"https:\/\/www.cbh-cyprus.com\/fr\/","title":{"rendered":"Bienvenue \u00e0 Constantinou Bros Hotels"},"content":{"rendered":"<h1>Faites l&rsquo;exp\u00e9rience d&rsquo;un v\u00e9ritable luxe en bord de mer<\/h1>\n<p>&nbsp;<\/p>\n<p>Bienvenue dans les h\u00f4tels Constantinou Bros, une collection d&rsquo;\u00e9l\u00e9gantes stations baln\u00e9aires de Paphos, \u00e0 Chypre.<\/p>\n<p>Gr\u00e2ce aux vastes connaissances que nous avons acquises en servant nos clients, nous savons que chacun cherche \u00e0 vivre une exp\u00e9rience de vacances qui lui est propre.<\/p>\n<p>C&rsquo;est dans cet esprit que nous avons cr\u00e9\u00e9 nos h\u00f4tels et d\u00e9di\u00e9 notre service \u00e0 la satisfaction de vos attentes, en vous permettant de choisir parmi notre large gamme d&rsquo;\u00e9quipements selon vos d\u00e9sirs.<\/p>\n<p>Quel que soit l&rsquo;h\u00f4tel que vous choisirez, vous pouvez \u00eatre assur\u00e9 que nous ferons tout notre possible pour satisfaire vos moindres d\u00e9sirs.<\/p>\n<p>&nbsp;<\/p>\n<h3><strong>NOS H\u00d4TELS<\/strong><\/h3>\n","protected":false},"excerpt":{"rendered":"<p>Faites l&rsquo;exp\u00e9rience d&rsquo;un v\u00e9ritable luxe en bord de mer &nbsp; Bienvenue dans les h\u00f4tels Constantinou Bros, une collection d&rsquo;\u00e9l\u00e9gantes stations baln\u00e9aires de Paphos, \u00e0 Chypre. Gr\u00e2ce aux vastes connaissances que nous avons acquises en servant nos clients, nous savons que chacun cherche \u00e0 vivre une exp\u00e9rience de vacances qui lui est propre. C&rsquo;est dans cet<\/p>\n","protected":false},"author":2,"featured_media":13203,"parent":0,"menu_order":0,"comment_status":"closed","ping_status":"closed","template":"","meta":{"_acf_changed":false,"footnotes":""},"class_list":["post-14090","page","type-page","status-publish","has-post-thumbnail","hentry"],"acf":[],"yoast_head":"<!-- This site is optimized with the Yoast SEO plugin v27.3 - https:\/\/yoast.com\/product\/yoast-seo-wordpress\/ -->\n<title>H\u00f4tels Constantinou Bros - Paphos, Chypre. H\u00f4tels de luxe sur la plage.<\/title>\n<meta name=\"description\" content=\"Les h\u00f4tels de luxe Constantinou Bros \u00e0 Paphos, Chypre, sont une collection d&#039;hospitalit\u00e9 d\u00e9di\u00e9e \u00e0 offrir des moments de vacances authentiques au bord de la mer.\" \/>\n<meta name=\"robots\" content=\"index, follow, max-snippet:-1, max-image-preview:large, max-video-preview:-1\" \/>\n<link rel=\"canonical\" href=\"https:\/\/www.cbh-cyprus.com\/fr\/\" \/>\n<meta property=\"og:locale\" content=\"fr_FR\" \/>\n<meta property=\"og:type\" content=\"article\" \/>\n<meta property=\"og:title\" content=\"H\u00f4tels Constantinou Bros - Paphos, Chypre. H\u00f4tels de luxe sur la plage.\" \/>\n<meta property=\"og:description\" content=\"Les h\u00f4tels de luxe Constantinou Bros \u00e0 Paphos, Chypre, sont une collection d&#039;hospitalit\u00e9 d\u00e9di\u00e9e \u00e0 offrir des moments de vacances authentiques au bord de la mer.\" \/>\n<meta property=\"og:url\" content=\"https:\/\/www.cbh-cyprus.com\/fr\/\" \/>\n<meta property=\"og:site_name\" content=\"Constantinou Bros Hotels\" \/>\n<meta property=\"article:modified_time\" content=\"2025-05-05T12:11:47+00:00\" \/>\n<meta property=\"og:image\" content=\"https:\/\/www.cbh-cyprus.com\/app\/uploads\/sites\/30\/2019\/05\/4-athena-beach-hotel-pool-sea-view_resized.jpg\" \/>\n\t<meta property=\"og:image:width\" content=\"1920\" \/>\n\t<meta property=\"og:image:height\" content=\"1280\" \/>\n\t<meta property=\"og:image:type\" content=\"image\/jpeg\" \/>\n<meta name=\"twitter:card\" content=\"summary_large_image\" \/>\n<meta name=\"twitter:label1\" content=\"Dur\u00e9e de lecture estim\u00e9e\" \/>\n\t<meta name=\"twitter:data1\" content=\"1 minute\" \/>\n<script type=\"application\/ld+json\" class=\"yoast-schema-graph\">{\"@context\":\"https:\\\/\\\/schema.org\",\"@graph\":[{\"@type\":\"WebPage\",\"@id\":\"https:\\\/\\\/www.cbh-cyprus.com\\\/fr\\\/\",\"url\":\"https:\\\/\\\/www.cbh-cyprus.com\\\/fr\\\/\",\"name\":\"H\u00f4tels Constantinou Bros - Paphos, Chypre. H\u00f4tels de luxe sur la plage.\",\"isPartOf\":{\"@id\":\"https:\\\/\\\/www.cbh-cyprus.com\\\/fr\\\/#website\"},\"primaryImageOfPage\":{\"@id\":\"https:\\\/\\\/www.cbh-cyprus.com\\\/fr\\\/#primaryimage\"},\"image\":{\"@id\":\"https:\\\/\\\/www.cbh-cyprus.com\\\/fr\\\/#primaryimage\"},\"thumbnailUrl\":\"https:\\\/\\\/www.cbh-cyprus.com\\\/app\\\/uploads\\\/sites\\\/30\\\/2019\\\/05\\\/4-athena-beach-hotel-pool-sea-view_resized.jpg\",\"datePublished\":\"2022-03-30T13:51:09+00:00\",\"dateModified\":\"2025-05-05T12:11:47+00:00\",\"description\":\"Les h\u00f4tels de luxe Constantinou Bros \u00e0 Paphos, Chypre, sont une collection d'hospitalit\u00e9 d\u00e9di\u00e9e \u00e0 offrir des moments de vacances authentiques au bord de la mer.\",\"breadcrumb\":{\"@id\":\"https:\\\/\\\/www.cbh-cyprus.com\\\/fr\\\/#breadcrumb\"},\"inLanguage\":\"fr-FR\",\"potentialAction\":[{\"@type\":\"ReadAction\",\"target\":[\"https:\\\/\\\/www.cbh-cyprus.com\\\/fr\\\/\"]}]},{\"@type\":\"ImageObject\",\"inLanguage\":\"fr-FR\",\"@id\":\"https:\\\/\\\/www.cbh-cyprus.com\\\/fr\\\/#primaryimage\",\"url\":\"https:\\\/\\\/www.cbh-cyprus.com\\\/app\\\/uploads\\\/sites\\\/30\\\/2019\\\/05\\\/4-athena-beach-hotel-pool-sea-view_resized.jpg\",\"contentUrl\":\"https:\\\/\\\/www.cbh-cyprus.com\\\/app\\\/uploads\\\/sites\\\/30\\\/2019\\\/05\\\/4-athena-beach-hotel-pool-sea-view_resized.jpg\",\"width\":1920,\"height\":1280},{\"@type\":\"BreadcrumbList\",\"@id\":\"https:\\\/\\\/www.cbh-cyprus.com\\\/fr\\\/#breadcrumb\",\"itemListElement\":[{\"@type\":\"ListItem\",\"position\":1,\"name\":\"Home\",\"item\":\"https:\\\/\\\/www.cbh-cyprus.com\\\/fr\\\/welcome-to-constantinou-bros-hotels\\\/\"},{\"@type\":\"ListItem\",\"position\":2,\"name\":\"Bienvenue \u00e0 Constantinou Bros Hotels\"}]},{\"@type\":\"WebSite\",\"@id\":\"https:\\\/\\\/www.cbh-cyprus.com\\\/fr\\\/#website\",\"url\":\"https:\\\/\\\/www.cbh-cyprus.com\\\/fr\\\/\",\"name\":\"Constantinou Bros Hotels\",\"description\":\"Constantinou Bros Hotels\",\"publisher\":{\"@id\":\"https:\\\/\\\/www.cbh-cyprus.com\\\/fr\\\/#organization\"},\"potentialAction\":[{\"@type\":\"SearchAction\",\"target\":{\"@type\":\"EntryPoint\",\"urlTemplate\":\"https:\\\/\\\/www.cbh-cyprus.com\\\/fr\\\/?s={search_term_string}\"},\"query-input\":{\"@type\":\"PropertyValueSpecification\",\"valueRequired\":true,\"valueName\":\"search_term_string\"}}],\"inLanguage\":\"fr-FR\"},{\"@type\":\"Organization\",\"@id\":\"https:\\\/\\\/www.cbh-cyprus.com\\\/fr\\\/#organization\",\"name\":\"Constantinou Bros Hotels\",\"url\":\"https:\\\/\\\/www.cbh-cyprus.com\\\/fr\\\/\",\"logo\":{\"@type\":\"ImageObject\",\"inLanguage\":\"fr-FR\",\"@id\":\"https:\\\/\\\/www.cbh-cyprus.com\\\/fr\\\/#\\\/schema\\\/logo\\\/image\\\/\",\"url\":\"https:\\\/\\\/www.cbh-cyprus.com\\\/app\\\/uploads\\\/sites\\\/30\\\/2020\\\/10\\\/cbh.jpg\",\"contentUrl\":\"https:\\\/\\\/www.cbh-cyprus.com\\\/app\\\/uploads\\\/sites\\\/30\\\/2020\\\/10\\\/cbh.jpg\",\"width\":1013,\"height\":419,\"caption\":\"Constantinou Bros Hotels\"},\"image\":{\"@id\":\"https:\\\/\\\/www.cbh-cyprus.com\\\/fr\\\/#\\\/schema\\\/logo\\\/image\\\/\"}}]}<\/script>\n<!-- \/ Yoast SEO plugin. -->","yoast_head_json":{"title":"H\u00f4tels Constantinou Bros - Paphos, Chypre. H\u00f4tels de luxe sur la plage.","description":"Les h\u00f4tels de luxe Constantinou Bros \u00e0 Paphos, Chypre, sont une collection d'hospitalit\u00e9 d\u00e9di\u00e9e \u00e0 offrir des moments de vacances authentiques au bord de la mer.","robots":{"index":"index","follow":"follow","max-snippet":"max-snippet:-1","max-image-preview":"max-image-preview:large","max-video-preview":"max-video-preview:-1"},"canonical":"https:\/\/www.cbh-cyprus.com\/fr\/","og_locale":"fr_FR","og_type":"article","og_title":"H\u00f4tels Constantinou Bros - Paphos, Chypre. H\u00f4tels de luxe sur la plage.","og_description":"Les h\u00f4tels de luxe Constantinou Bros \u00e0 Paphos, Chypre, sont une collection d'hospitalit\u00e9 d\u00e9di\u00e9e \u00e0 offrir des moments de vacances authentiques au bord de la mer.","og_url":"https:\/\/www.cbh-cyprus.com\/fr\/","og_site_name":"Constantinou Bros Hotels","article_modified_time":"2025-05-05T12:11:47+00:00","og_image":[{"width":1920,"height":1280,"url":"https:\/\/www.cbh-cyprus.com\/app\/uploads\/sites\/30\/2019\/05\/4-athena-beach-hotel-pool-sea-view_resized.jpg","type":"image\/jpeg"}],"twitter_card":"summary_large_image","twitter_misc":{"Dur\u00e9e de lecture estim\u00e9e":"1 minute"},"schema":{"@context":"https:\/\/schema.org","@graph":[{"@type":"WebPage","@id":"https:\/\/www.cbh-cyprus.com\/fr\/","url":"https:\/\/www.cbh-cyprus.com\/fr\/","name":"H\u00f4tels Constantinou Bros - Paphos, Chypre. H\u00f4tels de luxe sur la plage.","isPartOf":{"@id":"https:\/\/www.cbh-cyprus.com\/fr\/#website"},"primaryImageOfPage":{"@id":"https:\/\/www.cbh-cyprus.com\/fr\/#primaryimage"},"image":{"@id":"https:\/\/www.cbh-cyprus.com\/fr\/#primaryimage"},"thumbnailUrl":"https:\/\/www.cbh-cyprus.com\/app\/uploads\/sites\/30\/2019\/05\/4-athena-beach-hotel-pool-sea-view_resized.jpg","datePublished":"2022-03-30T13:51:09+00:00","dateModified":"2025-05-05T12:11:47+00:00","description":"Les h\u00f4tels de luxe Constantinou Bros \u00e0 Paphos, Chypre, sont une collection d'hospitalit\u00e9 d\u00e9di\u00e9e \u00e0 offrir des moments de vacances authentiques au bord de la mer.","breadcrumb":{"@id":"https:\/\/www.cbh-cyprus.com\/fr\/#breadcrumb"},"inLanguage":"fr-FR","potentialAction":[{"@type":"ReadAction","target":["https:\/\/www.cbh-cyprus.com\/fr\/"]}]},{"@type":"ImageObject","inLanguage":"fr-FR","@id":"https:\/\/www.cbh-cyprus.com\/fr\/#primaryimage","url":"https:\/\/www.cbh-cyprus.com\/app\/uploads\/sites\/30\/2019\/05\/4-athena-beach-hotel-pool-sea-view_resized.jpg","contentUrl":"https:\/\/www.cbh-cyprus.com\/app\/uploads\/sites\/30\/2019\/05\/4-athena-beach-hotel-pool-sea-view_resized.jpg","width":1920,"height":1280},{"@type":"BreadcrumbList","@id":"https:\/\/www.cbh-cyprus.com\/fr\/#breadcrumb","itemListElement":[{"@type":"ListItem","position":1,"name":"Home","item":"https:\/\/www.cbh-cyprus.com\/fr\/welcome-to-constantinou-bros-hotels\/"},{"@type":"ListItem","position":2,"name":"Bienvenue \u00e0 Constantinou Bros Hotels"}]},{"@type":"WebSite","@id":"https:\/\/www.cbh-cyprus.com\/fr\/#website","url":"https:\/\/www.cbh-cyprus.com\/fr\/","name":"Constantinou Bros Hotels","description":"Constantinou Bros Hotels","publisher":{"@id":"https:\/\/www.cbh-cyprus.com\/fr\/#organization"},"potentialAction":[{"@type":"SearchAction","target":{"@type":"EntryPoint","urlTemplate":"https:\/\/www.cbh-cyprus.com\/fr\/?s={search_term_string}"},"query-input":{"@type":"PropertyValueSpecification","valueRequired":true,"valueName":"search_term_string"}}],"inLanguage":"fr-FR"},{"@type":"Organization","@id":"https:\/\/www.cbh-cyprus.com\/fr\/#organization","name":"Constantinou Bros Hotels","url":"https:\/\/www.cbh-cyprus.com\/fr\/","logo":{"@type":"ImageObject","inLanguage":"fr-FR","@id":"https:\/\/www.cbh-cyprus.com\/fr\/#\/schema\/logo\/image\/","url":"https:\/\/www.cbh-cyprus.com\/app\/uploads\/sites\/30\/2020\/10\/cbh.jpg","contentUrl":"https:\/\/www.cbh-cyprus.com\/app\/uploads\/sites\/30\/2020\/10\/cbh.jpg","width":1013,"height":419,"caption":"Constantinou Bros Hotels"},"image":{"@id":"https:\/\/www.cbh-cyprus.com\/fr\/#\/schema\/logo\/image\/"}}]}},"_links":{"self":[{"href":"https:\/\/www.cbh-cyprus.com\/fr\/wp-json\/wp\/v2\/pages\/14090","targetHints":{"allow":["GET"]}}],"collection":[{"href":"https:\/\/www.cbh-cyprus.com\/fr\/wp-json\/wp\/v2\/pages"}],"about":[{"href":"https:\/\/www.cbh-cyprus.com\/fr\/wp-json\/wp\/v2\/types\/page"}],"author":[{"embeddable":true,"href":"https:\/\/www.cbh-cyprus.com\/fr\/wp-json\/wp\/v2\/users\/2"}],"replies":[{"embeddable":true,"href":"https:\/\/www.cbh-cyprus.com\/fr\/wp-json\/wp\/v2\/comments?post=14090"}],"version-history":[{"count":11,"href":"https:\/\/www.cbh-cyprus.com\/fr\/wp-json\/wp\/v2\/pages\/14090\/revisions"}],"predecessor-version":[{"id":44148,"href":"https:\/\/www.cbh-cyprus.com\/fr\/wp-json\/wp\/v2\/pages\/14090\/revisions\/44148"}],"wp:featuredmedia":[{"embeddable":true,"href":"https:\/\/www.cbh-cyprus.com\/fr\/wp-json\/wp\/v2\/media\/13203"}],"wp:attachment":[{"href":"https:\/\/www.cbh-cyprus.com\/fr\/wp-json\/wp\/v2\/media?parent=14090"}],"curies":[{"name":"wp","href":"https:\/\/api.w.org\/{rel}","templated":true}]}}