{"id":14091,"date":"2022-03-30T16:51:17","date_gmt":"2022-03-30T13:51:17","guid":{"rendered":"https:\/\/www.cbh-cyprus.com\/offers\/"},"modified":"2025-05-05T15:11:19","modified_gmt":"2025-05-05T12:11:19","slug":"offers","status":"publish","type":"page","link":"https:\/\/www.cbh-cyprus.com\/fr\/offers\/","title":{"rendered":"Des offres"},"content":{"rendered":"<p>Nous sommes toujours ravis et heureux de proposer des tarifs sp\u00e9ciaux et des forfaits.<\/p>\n<p>Choisissez votre h\u00f4tel pr\u00e9f\u00e9r\u00e9 ci-dessous, pour voir directement les offres sp\u00e9ciales et les forfaits disponibles&#8230;<\/p>\n","protected":false},"excerpt":{"rendered":"<p>Nous sommes toujours ravis et heureux de proposer des tarifs sp\u00e9ciaux et des forfaits. Choisissez votre h\u00f4tel pr\u00e9f\u00e9r\u00e9 ci-dessous, pour voir directement les offres sp\u00e9ciales et les forfaits disponibles&#8230;<\/p>\n","protected":false},"author":100,"featured_media":40849,"parent":0,"menu_order":0,"comment_status":"closed","ping_status":"closed","template":"page-templates\/simple-list.php","meta":{"_acf_changed":false,"footnotes":""},"class_list":["post-14091","page","type-page","status-publish","has-post-thumbnail","hentry"],"acf":[],"yoast_head":"<!-- This site is optimized with the Yoast SEO plugin v27.3 - https:\/\/yoast.com\/product\/yoast-seo-wordpress\/ -->\n<title>Meilleur h\u00f4tel Paphos Chypre offres sp\u00e9ciales || Constantinou Hotels<\/title>\n<meta name=\"description\" content=\"Parcourez les offres sp\u00e9ciales de l&#039;h\u00f4tel Paphos Cyprus et trouvez celles qui correspondent le mieux \u00e0 vos pr\u00e9f\u00e9rences personnelles pour votre prochain s\u00e9jour dans les Constantinou Bros Hotels.\" \/>\n<meta name=\"robots\" content=\"index, follow, max-snippet:-1, max-image-preview:large, max-video-preview:-1\" \/>\n<link rel=\"canonical\" href=\"https:\/\/www.cbh-cyprus.com\/fr\/offers\/\" \/>\n<meta property=\"og:locale\" content=\"fr_FR\" \/>\n<meta property=\"og:type\" content=\"article\" \/>\n<meta property=\"og:title\" content=\"Meilleur h\u00f4tel Paphos Chypre offres sp\u00e9ciales || Constantinou Hotels\" \/>\n<meta property=\"og:description\" content=\"Parcourez les offres sp\u00e9ciales de l&#039;h\u00f4tel Paphos Cyprus et trouvez celles qui correspondent le mieux \u00e0 vos pr\u00e9f\u00e9rences personnelles pour votre prochain s\u00e9jour dans les Constantinou Bros Hotels.\" \/>\n<meta property=\"og:url\" content=\"https:\/\/www.cbh-cyprus.com\/fr\/offers\/\" \/>\n<meta property=\"og:site_name\" content=\"Constantinou Bros Hotels\" \/>\n<meta property=\"article:modified_time\" content=\"2025-05-05T12:11:19+00:00\" \/>\n<meta property=\"og:image\" content=\"https:\/\/www.cbh-cyprus.com\/app\/uploads\/sites\/30\/2024\/08\/15-ATHENA-BEACH-HOTEL-BEACH-scaled-1.jpg\" \/>\n\t<meta property=\"og:image:width\" content=\"1920\" \/>\n\t<meta property=\"og:image:height\" content=\"1080\" \/>\n\t<meta property=\"og:image:type\" content=\"image\/jpeg\" \/>\n<meta name=\"twitter:card\" content=\"summary_large_image\" \/>\n<meta name=\"twitter:label1\" content=\"Dur\u00e9e de lecture estim\u00e9e\" \/>\n\t<meta name=\"twitter:data1\" content=\"1 minute\" \/>\n<script type=\"application\/ld+json\" class=\"yoast-schema-graph\">{\"@context\":\"https:\\\/\\\/schema.org\",\"@graph\":[{\"@type\":\"WebPage\",\"@id\":\"https:\\\/\\\/www.cbh-cyprus.com\\\/fr\\\/offers\\\/\",\"url\":\"https:\\\/\\\/www.cbh-cyprus.com\\\/fr\\\/offers\\\/\",\"name\":\"Meilleur h\u00f4tel Paphos Chypre offres sp\u00e9ciales || Constantinou Hotels\",\"isPartOf\":{\"@id\":\"https:\\\/\\\/www.cbh-cyprus.com\\\/fr\\\/#website\"},\"primaryImageOfPage\":{\"@id\":\"https:\\\/\\\/www.cbh-cyprus.com\\\/fr\\\/offers\\\/#primaryimage\"},\"image\":{\"@id\":\"https:\\\/\\\/www.cbh-cyprus.com\\\/fr\\\/offers\\\/#primaryimage\"},\"thumbnailUrl\":\"https:\\\/\\\/www.cbh-cyprus.com\\\/app\\\/uploads\\\/sites\\\/30\\\/2024\\\/08\\\/15-ATHENA-BEACH-HOTEL-BEACH-scaled-1.jpg\",\"datePublished\":\"2022-03-30T13:51:17+00:00\",\"dateModified\":\"2025-05-05T12:11:19+00:00\",\"description\":\"Parcourez les offres sp\u00e9ciales de l'h\u00f4tel Paphos Cyprus et trouvez celles qui correspondent le mieux \u00e0 vos pr\u00e9f\u00e9rences personnelles pour votre prochain s\u00e9jour dans les Constantinou Bros Hotels.\",\"breadcrumb\":{\"@id\":\"https:\\\/\\\/www.cbh-cyprus.com\\\/fr\\\/offers\\\/#breadcrumb\"},\"inLanguage\":\"fr-FR\",\"potentialAction\":[{\"@type\":\"ReadAction\",\"target\":[\"https:\\\/\\\/www.cbh-cyprus.com\\\/fr\\\/offers\\\/\"]}]},{\"@type\":\"ImageObject\",\"inLanguage\":\"fr-FR\",\"@id\":\"https:\\\/\\\/www.cbh-cyprus.com\\\/fr\\\/offers\\\/#primaryimage\",\"url\":\"https:\\\/\\\/www.cbh-cyprus.com\\\/app\\\/uploads\\\/sites\\\/30\\\/2024\\\/08\\\/15-ATHENA-BEACH-HOTEL-BEACH-scaled-1.jpg\",\"contentUrl\":\"https:\\\/\\\/www.cbh-cyprus.com\\\/app\\\/uploads\\\/sites\\\/30\\\/2024\\\/08\\\/15-ATHENA-BEACH-HOTEL-BEACH-scaled-1.jpg\",\"width\":1920,\"height\":1080},{\"@type\":\"BreadcrumbList\",\"@id\":\"https:\\\/\\\/www.cbh-cyprus.com\\\/fr\\\/offers\\\/#breadcrumb\",\"itemListElement\":[{\"@type\":\"ListItem\",\"position\":1,\"name\":\"Home\",\"item\":\"https:\\\/\\\/www.cbh-cyprus.com\\\/fr\\\/welcome-to-constantinou-bros-hotels\\\/\"},{\"@type\":\"ListItem\",\"position\":2,\"name\":\"Des offres\"}]},{\"@type\":\"WebSite\",\"@id\":\"https:\\\/\\\/www.cbh-cyprus.com\\\/fr\\\/#website\",\"url\":\"https:\\\/\\\/www.cbh-cyprus.com\\\/fr\\\/\",\"name\":\"Constantinou Bros Hotels\",\"description\":\"Constantinou Bros Hotels\",\"publisher\":{\"@id\":\"https:\\\/\\\/www.cbh-cyprus.com\\\/fr\\\/#organization\"},\"potentialAction\":[{\"@type\":\"SearchAction\",\"target\":{\"@type\":\"EntryPoint\",\"urlTemplate\":\"https:\\\/\\\/www.cbh-cyprus.com\\\/fr\\\/?s={search_term_string}\"},\"query-input\":{\"@type\":\"PropertyValueSpecification\",\"valueRequired\":true,\"valueName\":\"search_term_string\"}}],\"inLanguage\":\"fr-FR\"},{\"@type\":\"Organization\",\"@id\":\"https:\\\/\\\/www.cbh-cyprus.com\\\/fr\\\/#organization\",\"name\":\"Constantinou Bros Hotels\",\"url\":\"https:\\\/\\\/www.cbh-cyprus.com\\\/fr\\\/\",\"logo\":{\"@type\":\"ImageObject\",\"inLanguage\":\"fr-FR\",\"@id\":\"https:\\\/\\\/www.cbh-cyprus.com\\\/fr\\\/#\\\/schema\\\/logo\\\/image\\\/\",\"url\":\"https:\\\/\\\/www.cbh-cyprus.com\\\/app\\\/uploads\\\/sites\\\/30\\\/2020\\\/10\\\/cbh.jpg\",\"contentUrl\":\"https:\\\/\\\/www.cbh-cyprus.com\\\/app\\\/uploads\\\/sites\\\/30\\\/2020\\\/10\\\/cbh.jpg\",\"width\":1013,\"height\":419,\"caption\":\"Constantinou Bros Hotels\"},\"image\":{\"@id\":\"https:\\\/\\\/www.cbh-cyprus.com\\\/fr\\\/#\\\/schema\\\/logo\\\/image\\\/\"}}]}<\/script>\n<!-- \/ Yoast SEO plugin. -->","yoast_head_json":{"title":"Meilleur h\u00f4tel Paphos Chypre offres sp\u00e9ciales || Constantinou Hotels","description":"Parcourez les offres sp\u00e9ciales de l'h\u00f4tel Paphos Cyprus et trouvez celles qui correspondent le mieux \u00e0 vos pr\u00e9f\u00e9rences personnelles pour votre prochain s\u00e9jour dans les Constantinou Bros Hotels.","robots":{"index":"index","follow":"follow","max-snippet":"max-snippet:-1","max-image-preview":"max-image-preview:large","max-video-preview":"max-video-preview:-1"},"canonical":"https:\/\/www.cbh-cyprus.com\/fr\/offers\/","og_locale":"fr_FR","og_type":"article","og_title":"Meilleur h\u00f4tel Paphos Chypre offres sp\u00e9ciales || Constantinou Hotels","og_description":"Parcourez les offres sp\u00e9ciales de l'h\u00f4tel Paphos Cyprus et trouvez celles qui correspondent le mieux \u00e0 vos pr\u00e9f\u00e9rences personnelles pour votre prochain s\u00e9jour dans les Constantinou Bros Hotels.","og_url":"https:\/\/www.cbh-cyprus.com\/fr\/offers\/","og_site_name":"Constantinou Bros Hotels","article_modified_time":"2025-05-05T12:11:19+00:00","og_image":[{"width":1920,"height":1080,"url":"https:\/\/www.cbh-cyprus.com\/app\/uploads\/sites\/30\/2024\/08\/15-ATHENA-BEACH-HOTEL-BEACH-scaled-1.jpg","type":"image\/jpeg"}],"twitter_card":"summary_large_image","twitter_misc":{"Dur\u00e9e de lecture estim\u00e9e":"1 minute"},"schema":{"@context":"https:\/\/schema.org","@graph":[{"@type":"WebPage","@id":"https:\/\/www.cbh-cyprus.com\/fr\/offers\/","url":"https:\/\/www.cbh-cyprus.com\/fr\/offers\/","name":"Meilleur h\u00f4tel Paphos Chypre offres sp\u00e9ciales || Constantinou Hotels","isPartOf":{"@id":"https:\/\/www.cbh-cyprus.com\/fr\/#website"},"primaryImageOfPage":{"@id":"https:\/\/www.cbh-cyprus.com\/fr\/offers\/#primaryimage"},"image":{"@id":"https:\/\/www.cbh-cyprus.com\/fr\/offers\/#primaryimage"},"thumbnailUrl":"https:\/\/www.cbh-cyprus.com\/app\/uploads\/sites\/30\/2024\/08\/15-ATHENA-BEACH-HOTEL-BEACH-scaled-1.jpg","datePublished":"2022-03-30T13:51:17+00:00","dateModified":"2025-05-05T12:11:19+00:00","description":"Parcourez les offres sp\u00e9ciales de l'h\u00f4tel Paphos Cyprus et trouvez celles qui correspondent le mieux \u00e0 vos pr\u00e9f\u00e9rences personnelles pour votre prochain s\u00e9jour dans les Constantinou Bros Hotels.","breadcrumb":{"@id":"https:\/\/www.cbh-cyprus.com\/fr\/offers\/#breadcrumb"},"inLanguage":"fr-FR","potentialAction":[{"@type":"ReadAction","target":["https:\/\/www.cbh-cyprus.com\/fr\/offers\/"]}]},{"@type":"ImageObject","inLanguage":"fr-FR","@id":"https:\/\/www.cbh-cyprus.com\/fr\/offers\/#primaryimage","url":"https:\/\/www.cbh-cyprus.com\/app\/uploads\/sites\/30\/2024\/08\/15-ATHENA-BEACH-HOTEL-BEACH-scaled-1.jpg","contentUrl":"https:\/\/www.cbh-cyprus.com\/app\/uploads\/sites\/30\/2024\/08\/15-ATHENA-BEACH-HOTEL-BEACH-scaled-1.jpg","width":1920,"height":1080},{"@type":"BreadcrumbList","@id":"https:\/\/www.cbh-cyprus.com\/fr\/offers\/#breadcrumb","itemListElement":[{"@type":"ListItem","position":1,"name":"Home","item":"https:\/\/www.cbh-cyprus.com\/fr\/welcome-to-constantinou-bros-hotels\/"},{"@type":"ListItem","position":2,"name":"Des offres"}]},{"@type":"WebSite","@id":"https:\/\/www.cbh-cyprus.com\/fr\/#website","url":"https:\/\/www.cbh-cyprus.com\/fr\/","name":"Constantinou Bros Hotels","description":"Constantinou Bros Hotels","publisher":{"@id":"https:\/\/www.cbh-cyprus.com\/fr\/#organization"},"potentialAction":[{"@type":"SearchAction","target":{"@type":"EntryPoint","urlTemplate":"https:\/\/www.cbh-cyprus.com\/fr\/?s={search_term_string}"},"query-input":{"@type":"PropertyValueSpecification","valueRequired":true,"valueName":"search_term_string"}}],"inLanguage":"fr-FR"},{"@type":"Organization","@id":"https:\/\/www.cbh-cyprus.com\/fr\/#organization","name":"Constantinou Bros Hotels","url":"https:\/\/www.cbh-cyprus.com\/fr\/","logo":{"@type":"ImageObject","inLanguage":"fr-FR","@id":"https:\/\/www.cbh-cyprus.com\/fr\/#\/schema\/logo\/image\/","url":"https:\/\/www.cbh-cyprus.com\/app\/uploads\/sites\/30\/2020\/10\/cbh.jpg","contentUrl":"https:\/\/www.cbh-cyprus.com\/app\/uploads\/sites\/30\/2020\/10\/cbh.jpg","width":1013,"height":419,"caption":"Constantinou Bros Hotels"},"image":{"@id":"https:\/\/www.cbh-cyprus.com\/fr\/#\/schema\/logo\/image\/"}}]}},"_links":{"self":[{"href":"https:\/\/www.cbh-cyprus.com\/fr\/wp-json\/wp\/v2\/pages\/14091","targetHints":{"allow":["GET"]}}],"collection":[{"href":"https:\/\/www.cbh-cyprus.com\/fr\/wp-json\/wp\/v2\/pages"}],"about":[{"href":"https:\/\/www.cbh-cyprus.com\/fr\/wp-json\/wp\/v2\/types\/page"}],"author":[{"embeddable":true,"href":"https:\/\/www.cbh-cyprus.com\/fr\/wp-json\/wp\/v2\/users\/100"}],"replies":[{"embeddable":true,"href":"https:\/\/www.cbh-cyprus.com\/fr\/wp-json\/wp\/v2\/comments?post=14091"}],"version-history":[{"count":4,"href":"https:\/\/www.cbh-cyprus.com\/fr\/wp-json\/wp\/v2\/pages\/14091\/revisions"}],"predecessor-version":[{"id":43635,"href":"https:\/\/www.cbh-cyprus.com\/fr\/wp-json\/wp\/v2\/pages\/14091\/revisions\/43635"}],"wp:featuredmedia":[{"embeddable":true,"href":"https:\/\/www.cbh-cyprus.com\/fr\/wp-json\/wp\/v2\/media\/40849"}],"wp:attachment":[{"href":"https:\/\/www.cbh-cyprus.com\/fr\/wp-json\/wp\/v2\/media?parent=14091"}],"curies":[{"name":"wp","href":"https:\/\/api.w.org\/{rel}","templated":true}]}}