{"id":14283,"date":"2022-04-06T14:50:19","date_gmt":"2022-04-06T11:50:19","guid":{"rendered":"https:\/\/www.cbh-cyprus.com\/?page_id=14283"},"modified":"2024-09-13T12:35:19","modified_gmt":"2024-09-13T09:35:19","slug":"sustainability","status":"publish","type":"page","link":"https:\/\/www.cbh-cyprus.com\/fr\/sustainability\/","title":{"rendered":"Durabilit\u00e9"},"content":{"rendered":"<p>Fond\u00e9 en 1989, Constantinou Bros Hotels continue de cr\u00e9er des exp\u00e9riences uniques et m\u00e9morables pour tous ses clients en mettant l&rsquo;accent sur une hospitalit\u00e9 chaleureuse et une cuisine authentique tout en op\u00e9rant d&rsquo;une mani\u00e8re durable qui sert l&rsquo;environnement et profite aux producteurs locaux.<br \/>\nConstantinou Bros Hotels reconna\u00eet l&rsquo;importance de la protection de l&rsquo;environnement dans le d\u00e9veloppement durable du tourisme.<br \/>\nC&rsquo;est pourquoi il a mis en place des proc\u00e9dures de gestion environnementale afin de r\u00e9duire, minimiser et g\u00e9rer son impact sur l&rsquo;environnement.<br \/>\nEn d\u00e9veloppant des proc\u00e9dures de gestion environnementale, Constantinou Bros Hotels d\u00e9finit tous les aspects environnementaux de ses op\u00e9rations et a \u00e9tabli des politiques et des programmes qui visent \u00e0 am\u00e9liorer continuellement ses performances et ses r\u00e9sultats en mati\u00e8re d&rsquo;environnement.<br \/>\nLes h\u00f4tels Constantinou Bros ont \u00e9t\u00e9 certifi\u00e9s par rapport \u00e0 des normes europ\u00e9ennes reconnues pour les syst\u00e8mes de gestion de l&rsquo;environnement et du d\u00e9veloppement durable, telles que Travelife.    <\/p>\n","protected":false},"excerpt":{"rendered":"<p>Fond\u00e9 en 1989, Constantinou Bros Hotels continue de cr\u00e9er des exp\u00e9riences uniques et m\u00e9morables pour tous ses clients en mettant l&rsquo;accent sur une hospitalit\u00e9 chaleureuse et une cuisine authentique tout en op\u00e9rant d&rsquo;une mani\u00e8re durable qui sert l&rsquo;environnement et profite aux producteurs locaux. Constantinou Bros Hotels reconna\u00eet l&rsquo;importance de la protection de l&rsquo;environnement dans le<\/p>\n","protected":false},"author":100,"featured_media":47237,"parent":0,"menu_order":0,"comment_status":"closed","ping_status":"closed","template":"page-templates\/simple-list.php","meta":{"_acf_changed":false,"footnotes":""},"class_list":["post-14283","page","type-page","status-publish","has-post-thumbnail","hentry"],"acf":[],"yoast_head":"<!-- This site is optimized with the Yoast SEO plugin v27.3 - https:\/\/yoast.com\/product\/yoast-seo-wordpress\/ -->\n<title>D\u00e9veloppement durable - Constantinou Bros Hotels<\/title>\n<meta name=\"description\" content=\"L&#039;aspect durable de notre activit\u00e9 chez Constantinou Bros Hotels est un aspect qui sert l&#039;environnement et profite aux producteurs locaux.\" \/>\n<meta name=\"robots\" content=\"index, follow, max-snippet:-1, max-image-preview:large, max-video-preview:-1\" \/>\n<link rel=\"canonical\" href=\"https:\/\/www.cbh-cyprus.com\/fr\/sustainability\/\" \/>\n<meta property=\"og:locale\" content=\"fr_FR\" \/>\n<meta property=\"og:type\" content=\"article\" \/>\n<meta property=\"og:title\" content=\"D\u00e9veloppement durable - Constantinou Bros Hotels\" \/>\n<meta property=\"og:description\" content=\"L&#039;aspect durable de notre activit\u00e9 chez Constantinou Bros Hotels est un aspect qui sert l&#039;environnement et profite aux producteurs locaux.\" \/>\n<meta property=\"og:url\" content=\"https:\/\/www.cbh-cyprus.com\/fr\/sustainability\/\" \/>\n<meta property=\"og:site_name\" content=\"Constantinou Bros Hotels\" \/>\n<meta property=\"article:modified_time\" content=\"2024-09-13T09:35:19+00:00\" \/>\n<meta property=\"og:image\" content=\"https:\/\/www.cbh-cyprus.com\/app\/uploads\/sites\/30\/2022\/03\/3-PIONEER-BEACH-HOTEL-BEACH.jpeg\" \/>\n\t<meta property=\"og:image:width\" content=\"3764\" \/>\n\t<meta property=\"og:image:height\" content=\"2796\" \/>\n\t<meta property=\"og:image:type\" content=\"image\/jpeg\" \/>\n<meta name=\"twitter:card\" content=\"summary_large_image\" \/>\n<meta name=\"twitter:label1\" content=\"Dur\u00e9e de lecture estim\u00e9e\" \/>\n\t<meta name=\"twitter:data1\" content=\"1 minute\" \/>\n<script type=\"application\/ld+json\" class=\"yoast-schema-graph\">{\"@context\":\"https:\\\/\\\/schema.org\",\"@graph\":[{\"@type\":\"WebPage\",\"@id\":\"https:\\\/\\\/www.cbh-cyprus.com\\\/fr\\\/sustainability\\\/\",\"url\":\"https:\\\/\\\/www.cbh-cyprus.com\\\/fr\\\/sustainability\\\/\",\"name\":\"D\u00e9veloppement durable - Constantinou Bros Hotels\",\"isPartOf\":{\"@id\":\"https:\\\/\\\/www.cbh-cyprus.com\\\/fr\\\/#website\"},\"primaryImageOfPage\":{\"@id\":\"https:\\\/\\\/www.cbh-cyprus.com\\\/fr\\\/sustainability\\\/#primaryimage\"},\"image\":{\"@id\":\"https:\\\/\\\/www.cbh-cyprus.com\\\/fr\\\/sustainability\\\/#primaryimage\"},\"thumbnailUrl\":\"https:\\\/\\\/www.cbh-cyprus.com\\\/app\\\/uploads\\\/sites\\\/30\\\/2025\\\/11\\\/ATHENA-ROYAL-BEACH-HOTEL-EXTERIOR-VIEW-1900.jpg\",\"datePublished\":\"2022-04-06T11:50:19+00:00\",\"dateModified\":\"2024-09-13T09:35:19+00:00\",\"description\":\"L'aspect durable de notre activit\u00e9 chez Constantinou Bros Hotels est un aspect qui sert l'environnement et profite aux producteurs locaux.\",\"breadcrumb\":{\"@id\":\"https:\\\/\\\/www.cbh-cyprus.com\\\/fr\\\/sustainability\\\/#breadcrumb\"},\"inLanguage\":\"fr-FR\",\"potentialAction\":[{\"@type\":\"ReadAction\",\"target\":[\"https:\\\/\\\/www.cbh-cyprus.com\\\/fr\\\/sustainability\\\/\"]}]},{\"@type\":\"ImageObject\",\"inLanguage\":\"fr-FR\",\"@id\":\"https:\\\/\\\/www.cbh-cyprus.com\\\/fr\\\/sustainability\\\/#primaryimage\",\"url\":\"https:\\\/\\\/www.cbh-cyprus.com\\\/app\\\/uploads\\\/sites\\\/30\\\/2025\\\/11\\\/ATHENA-ROYAL-BEACH-HOTEL-EXTERIOR-VIEW-1900.jpg\",\"contentUrl\":\"https:\\\/\\\/www.cbh-cyprus.com\\\/app\\\/uploads\\\/sites\\\/30\\\/2025\\\/11\\\/ATHENA-ROYAL-BEACH-HOTEL-EXTERIOR-VIEW-1900.jpg\",\"width\":1900,\"height\":1264,\"caption\":\"ATHENA-ROYAL-BEACH-HOTEL-EXTERIOR-VIEW-1900\"},{\"@type\":\"BreadcrumbList\",\"@id\":\"https:\\\/\\\/www.cbh-cyprus.com\\\/fr\\\/sustainability\\\/#breadcrumb\",\"itemListElement\":[{\"@type\":\"ListItem\",\"position\":1,\"name\":\"Home\",\"item\":\"https:\\\/\\\/www.cbh-cyprus.com\\\/fr\\\/welcome-to-constantinou-bros-hotels\\\/\"},{\"@type\":\"ListItem\",\"position\":2,\"name\":\"Durabilit\u00e9\"}]},{\"@type\":\"WebSite\",\"@id\":\"https:\\\/\\\/www.cbh-cyprus.com\\\/fr\\\/#website\",\"url\":\"https:\\\/\\\/www.cbh-cyprus.com\\\/fr\\\/\",\"name\":\"Constantinou Bros Hotels\",\"description\":\"Constantinou Bros Hotels\",\"publisher\":{\"@id\":\"https:\\\/\\\/www.cbh-cyprus.com\\\/fr\\\/#organization\"},\"potentialAction\":[{\"@type\":\"SearchAction\",\"target\":{\"@type\":\"EntryPoint\",\"urlTemplate\":\"https:\\\/\\\/www.cbh-cyprus.com\\\/fr\\\/?s={search_term_string}\"},\"query-input\":{\"@type\":\"PropertyValueSpecification\",\"valueRequired\":true,\"valueName\":\"search_term_string\"}}],\"inLanguage\":\"fr-FR\"},{\"@type\":\"Organization\",\"@id\":\"https:\\\/\\\/www.cbh-cyprus.com\\\/fr\\\/#organization\",\"name\":\"Constantinou Bros Hotels\",\"url\":\"https:\\\/\\\/www.cbh-cyprus.com\\\/fr\\\/\",\"logo\":{\"@type\":\"ImageObject\",\"inLanguage\":\"fr-FR\",\"@id\":\"https:\\\/\\\/www.cbh-cyprus.com\\\/fr\\\/#\\\/schema\\\/logo\\\/image\\\/\",\"url\":\"https:\\\/\\\/www.cbh-cyprus.com\\\/app\\\/uploads\\\/sites\\\/30\\\/2020\\\/10\\\/cbh.jpg\",\"contentUrl\":\"https:\\\/\\\/www.cbh-cyprus.com\\\/app\\\/uploads\\\/sites\\\/30\\\/2020\\\/10\\\/cbh.jpg\",\"width\":1013,\"height\":419,\"caption\":\"Constantinou Bros Hotels\"},\"image\":{\"@id\":\"https:\\\/\\\/www.cbh-cyprus.com\\\/fr\\\/#\\\/schema\\\/logo\\\/image\\\/\"}}]}<\/script>\n<!-- \/ Yoast SEO plugin. -->","yoast_head_json":{"title":"D\u00e9veloppement durable - Constantinou Bros Hotels","description":"L'aspect durable de notre activit\u00e9 chez Constantinou Bros Hotels est un aspect qui sert l'environnement et profite aux producteurs locaux.","robots":{"index":"index","follow":"follow","max-snippet":"max-snippet:-1","max-image-preview":"max-image-preview:large","max-video-preview":"max-video-preview:-1"},"canonical":"https:\/\/www.cbh-cyprus.com\/fr\/sustainability\/","og_locale":"fr_FR","og_type":"article","og_title":"D\u00e9veloppement durable - Constantinou Bros Hotels","og_description":"L'aspect durable de notre activit\u00e9 chez Constantinou Bros Hotels est un aspect qui sert l'environnement et profite aux producteurs locaux.","og_url":"https:\/\/www.cbh-cyprus.com\/fr\/sustainability\/","og_site_name":"Constantinou Bros Hotels","article_modified_time":"2024-09-13T09:35:19+00:00","og_image":[{"width":3764,"height":2796,"url":"https:\/\/www.cbh-cyprus.com\/app\/uploads\/sites\/30\/2022\/03\/3-PIONEER-BEACH-HOTEL-BEACH.jpeg","type":"image\/jpeg"}],"twitter_card":"summary_large_image","twitter_misc":{"Dur\u00e9e de lecture estim\u00e9e":"1 minute"},"schema":{"@context":"https:\/\/schema.org","@graph":[{"@type":"WebPage","@id":"https:\/\/www.cbh-cyprus.com\/fr\/sustainability\/","url":"https:\/\/www.cbh-cyprus.com\/fr\/sustainability\/","name":"D\u00e9veloppement durable - Constantinou Bros Hotels","isPartOf":{"@id":"https:\/\/www.cbh-cyprus.com\/fr\/#website"},"primaryImageOfPage":{"@id":"https:\/\/www.cbh-cyprus.com\/fr\/sustainability\/#primaryimage"},"image":{"@id":"https:\/\/www.cbh-cyprus.com\/fr\/sustainability\/#primaryimage"},"thumbnailUrl":"https:\/\/www.cbh-cyprus.com\/app\/uploads\/sites\/30\/2025\/11\/ATHENA-ROYAL-BEACH-HOTEL-EXTERIOR-VIEW-1900.jpg","datePublished":"2022-04-06T11:50:19+00:00","dateModified":"2024-09-13T09:35:19+00:00","description":"L'aspect durable de notre activit\u00e9 chez Constantinou Bros Hotels est un aspect qui sert l'environnement et profite aux producteurs locaux.","breadcrumb":{"@id":"https:\/\/www.cbh-cyprus.com\/fr\/sustainability\/#breadcrumb"},"inLanguage":"fr-FR","potentialAction":[{"@type":"ReadAction","target":["https:\/\/www.cbh-cyprus.com\/fr\/sustainability\/"]}]},{"@type":"ImageObject","inLanguage":"fr-FR","@id":"https:\/\/www.cbh-cyprus.com\/fr\/sustainability\/#primaryimage","url":"https:\/\/www.cbh-cyprus.com\/app\/uploads\/sites\/30\/2025\/11\/ATHENA-ROYAL-BEACH-HOTEL-EXTERIOR-VIEW-1900.jpg","contentUrl":"https:\/\/www.cbh-cyprus.com\/app\/uploads\/sites\/30\/2025\/11\/ATHENA-ROYAL-BEACH-HOTEL-EXTERIOR-VIEW-1900.jpg","width":1900,"height":1264,"caption":"ATHENA-ROYAL-BEACH-HOTEL-EXTERIOR-VIEW-1900"},{"@type":"BreadcrumbList","@id":"https:\/\/www.cbh-cyprus.com\/fr\/sustainability\/#breadcrumb","itemListElement":[{"@type":"ListItem","position":1,"name":"Home","item":"https:\/\/www.cbh-cyprus.com\/fr\/welcome-to-constantinou-bros-hotels\/"},{"@type":"ListItem","position":2,"name":"Durabilit\u00e9"}]},{"@type":"WebSite","@id":"https:\/\/www.cbh-cyprus.com\/fr\/#website","url":"https:\/\/www.cbh-cyprus.com\/fr\/","name":"Constantinou Bros Hotels","description":"Constantinou Bros Hotels","publisher":{"@id":"https:\/\/www.cbh-cyprus.com\/fr\/#organization"},"potentialAction":[{"@type":"SearchAction","target":{"@type":"EntryPoint","urlTemplate":"https:\/\/www.cbh-cyprus.com\/fr\/?s={search_term_string}"},"query-input":{"@type":"PropertyValueSpecification","valueRequired":true,"valueName":"search_term_string"}}],"inLanguage":"fr-FR"},{"@type":"Organization","@id":"https:\/\/www.cbh-cyprus.com\/fr\/#organization","name":"Constantinou Bros Hotels","url":"https:\/\/www.cbh-cyprus.com\/fr\/","logo":{"@type":"ImageObject","inLanguage":"fr-FR","@id":"https:\/\/www.cbh-cyprus.com\/fr\/#\/schema\/logo\/image\/","url":"https:\/\/www.cbh-cyprus.com\/app\/uploads\/sites\/30\/2020\/10\/cbh.jpg","contentUrl":"https:\/\/www.cbh-cyprus.com\/app\/uploads\/sites\/30\/2020\/10\/cbh.jpg","width":1013,"height":419,"caption":"Constantinou Bros Hotels"},"image":{"@id":"https:\/\/www.cbh-cyprus.com\/fr\/#\/schema\/logo\/image\/"}}]}},"_links":{"self":[{"href":"https:\/\/www.cbh-cyprus.com\/fr\/wp-json\/wp\/v2\/pages\/14283","targetHints":{"allow":["GET"]}}],"collection":[{"href":"https:\/\/www.cbh-cyprus.com\/fr\/wp-json\/wp\/v2\/pages"}],"about":[{"href":"https:\/\/www.cbh-cyprus.com\/fr\/wp-json\/wp\/v2\/types\/page"}],"author":[{"embeddable":true,"href":"https:\/\/www.cbh-cyprus.com\/fr\/wp-json\/wp\/v2\/users\/100"}],"replies":[{"embeddable":true,"href":"https:\/\/www.cbh-cyprus.com\/fr\/wp-json\/wp\/v2\/comments?post=14283"}],"version-history":[{"count":7,"href":"https:\/\/www.cbh-cyprus.com\/fr\/wp-json\/wp\/v2\/pages\/14283\/revisions"}],"predecessor-version":[{"id":36775,"href":"https:\/\/www.cbh-cyprus.com\/fr\/wp-json\/wp\/v2\/pages\/14283\/revisions\/36775"}],"wp:featuredmedia":[{"embeddable":true,"href":"https:\/\/www.cbh-cyprus.com\/fr\/wp-json\/wp\/v2\/media\/47237"}],"wp:attachment":[{"href":"https:\/\/www.cbh-cyprus.com\/fr\/wp-json\/wp\/v2\/media?parent=14283"}],"curies":[{"name":"wp","href":"https:\/\/api.w.org\/{rel}","templated":true}]}}