{"id":14292,"date":"2022-04-06T15:58:10","date_gmt":"2022-04-06T12:58:10","guid":{"rendered":"https:\/\/www.cbh-cyprus.com\/?page_id=14292"},"modified":"2025-10-29T09:29:52","modified_gmt":"2025-10-29T07:29:52","slug":"politiques-de-developpement-durable","status":"publish","type":"page","link":"https:\/\/www.cbh-cyprus.com\/fr\/sustainability\/politiques-de-developpement-durable\/","title":{"rendered":"Politiques de d\u00e9veloppement durable"},"content":{"rendered":"<p>Si notre objectif est d&rsquo;offrir les meilleures vacances \u00e0 nos pr\u00e9cieux clients, nous le faisons dans le respect de notre environnement et nous nous effor\u00e7ons de r\u00e9duire l&rsquo;impact qu&rsquo;il peut avoir sur notre communaut\u00e9 locale.<\/p>\n<p>Nous comprenons qu&rsquo;il est important d&rsquo;\u00e9valuer en permanence l&rsquo;impact que nous avons sur notre environnement et nous nous engageons \u00e0 respecter toutes les r\u00e9glementations et enregistrements environnementaux pertinents et toutes les autres exigences auxquelles nos h\u00f4tels souscrivent.<\/p>\n<p>En outre, nous nous engageons \u00e0 minimiser l&rsquo;impact de nos h\u00f4tels sur l&rsquo;environnement par le biais de programmes de contr\u00f4le et de pr\u00e9vention de la pollution.<\/p>\n","protected":false},"excerpt":{"rendered":"<p>Si notre objectif est d&rsquo;offrir les meilleures vacances \u00e0 nos pr\u00e9cieux clients, nous le faisons dans le respect de notre environnement et nous nous effor\u00e7ons de r\u00e9duire l&rsquo;impact qu&rsquo;il peut avoir sur notre communaut\u00e9 locale. Nous comprenons qu&rsquo;il est important d&rsquo;\u00e9valuer en permanence l&rsquo;impact que nous avons sur notre environnement et nous nous engageons \u00e0<\/p>\n","protected":false},"author":100,"featured_media":14420,"parent":14283,"menu_order":0,"comment_status":"closed","ping_status":"closed","template":"page-templates\/sustainability.php","meta":{"_acf_changed":false,"footnotes":""},"class_list":["post-14292","page","type-page","status-publish","has-post-thumbnail","hentry"],"acf":[],"yoast_head":"<!-- This site is optimized with the Yoast SEO plugin v27.3 - https:\/\/yoast.com\/product\/yoast-seo-wordpress\/ -->\n<title>Politiques de d\u00e9veloppement durable - Constantinou Bros Hotels<\/title>\n<meta name=\"description\" content=\"Dans le cadre de notre engagement \u00e0 minimiser l&#039;impact environnemental des activit\u00e9s de nos h\u00f4tels, voici les diff\u00e9rentes \u00e9co-r\u00e9glementations auxquelles nos h\u00f4tels souscrivent.\" \/>\n<meta name=\"robots\" content=\"index, follow, max-snippet:-1, max-image-preview:large, max-video-preview:-1\" \/>\n<link rel=\"canonical\" href=\"https:\/\/www.cbh-cyprus.com\/fr\/sustainability\/politiques-de-developpement-durable\/\" \/>\n<meta property=\"og:locale\" content=\"fr_FR\" \/>\n<meta property=\"og:type\" content=\"article\" \/>\n<meta property=\"og:title\" content=\"Politiques de d\u00e9veloppement durable - Constantinou Bros Hotels\" \/>\n<meta property=\"og:description\" content=\"Dans le cadre de notre engagement \u00e0 minimiser l&#039;impact environnemental des activit\u00e9s de nos h\u00f4tels, voici les diff\u00e9rentes \u00e9co-r\u00e9glementations auxquelles nos h\u00f4tels souscrivent.\" \/>\n<meta property=\"og:url\" content=\"https:\/\/www.cbh-cyprus.com\/fr\/sustainability\/politiques-de-developpement-durable\/\" \/>\n<meta property=\"og:site_name\" content=\"Constantinou Bros Hotels\" \/>\n<meta property=\"article:modified_time\" content=\"2025-10-29T07:29:52+00:00\" \/>\n<meta property=\"og:image\" content=\"https:\/\/www.cbh-cyprus.com\/app\/uploads\/sites\/30\/2022\/04\/CBH7618.jpg\" \/>\n\t<meta property=\"og:image:width\" content=\"6606\" \/>\n\t<meta property=\"og:image:height\" content=\"4409\" \/>\n\t<meta property=\"og:image:type\" content=\"image\/jpeg\" \/>\n<meta name=\"twitter:card\" content=\"summary_large_image\" \/>\n<meta name=\"twitter:label1\" content=\"Dur\u00e9e de lecture estim\u00e9e\" \/>\n\t<meta name=\"twitter:data1\" content=\"1 minute\" \/>\n<script type=\"application\/ld+json\" class=\"yoast-schema-graph\">{\"@context\":\"https:\\\/\\\/schema.org\",\"@graph\":[{\"@type\":\"WebPage\",\"@id\":\"https:\\\/\\\/www.cbh-cyprus.com\\\/fr\\\/sustainability\\\/politiques-de-developpement-durable\\\/\",\"url\":\"https:\\\/\\\/www.cbh-cyprus.com\\\/fr\\\/sustainability\\\/politiques-de-developpement-durable\\\/\",\"name\":\"Politiques de d\u00e9veloppement durable - Constantinou Bros Hotels\",\"isPartOf\":{\"@id\":\"https:\\\/\\\/www.cbh-cyprus.com\\\/fr\\\/#website\"},\"primaryImageOfPage\":{\"@id\":\"https:\\\/\\\/www.cbh-cyprus.com\\\/fr\\\/sustainability\\\/politiques-de-developpement-durable\\\/#primaryimage\"},\"image\":{\"@id\":\"https:\\\/\\\/www.cbh-cyprus.com\\\/fr\\\/sustainability\\\/politiques-de-developpement-durable\\\/#primaryimage\"},\"thumbnailUrl\":\"https:\\\/\\\/www.cbh-cyprus.com\\\/app\\\/uploads\\\/sites\\\/30\\\/2022\\\/04\\\/CBH7618.jpg\",\"datePublished\":\"2022-04-06T12:58:10+00:00\",\"dateModified\":\"2025-10-29T07:29:52+00:00\",\"description\":\"Dans le cadre de notre engagement \u00e0 minimiser l'impact environnemental des activit\u00e9s de nos h\u00f4tels, voici les diff\u00e9rentes \u00e9co-r\u00e9glementations auxquelles nos h\u00f4tels souscrivent.\",\"breadcrumb\":{\"@id\":\"https:\\\/\\\/www.cbh-cyprus.com\\\/fr\\\/sustainability\\\/politiques-de-developpement-durable\\\/#breadcrumb\"},\"inLanguage\":\"fr-FR\",\"potentialAction\":[{\"@type\":\"ReadAction\",\"target\":[\"https:\\\/\\\/www.cbh-cyprus.com\\\/fr\\\/sustainability\\\/politiques-de-developpement-durable\\\/\"]}]},{\"@type\":\"ImageObject\",\"inLanguage\":\"fr-FR\",\"@id\":\"https:\\\/\\\/www.cbh-cyprus.com\\\/fr\\\/sustainability\\\/politiques-de-developpement-durable\\\/#primaryimage\",\"url\":\"https:\\\/\\\/www.cbh-cyprus.com\\\/app\\\/uploads\\\/sites\\\/30\\\/2022\\\/04\\\/CBH7618.jpg\",\"contentUrl\":\"https:\\\/\\\/www.cbh-cyprus.com\\\/app\\\/uploads\\\/sites\\\/30\\\/2022\\\/04\\\/CBH7618.jpg\",\"width\":6606,\"height\":4409,\"caption\":\"Human Resources Policy\"},{\"@type\":\"BreadcrumbList\",\"@id\":\"https:\\\/\\\/www.cbh-cyprus.com\\\/fr\\\/sustainability\\\/politiques-de-developpement-durable\\\/#breadcrumb\",\"itemListElement\":[{\"@type\":\"ListItem\",\"position\":1,\"name\":\"Home\",\"item\":\"https:\\\/\\\/www.cbh-cyprus.com\\\/fr\\\/welcome-to-constantinou-bros-hotels\\\/\"},{\"@type\":\"ListItem\",\"position\":2,\"name\":\"Durabilit\u00e9\",\"item\":\"https:\\\/\\\/www.cbh-cyprus.com\\\/fr\\\/sustainability\\\/\"},{\"@type\":\"ListItem\",\"position\":3,\"name\":\"Politiques de d\u00e9veloppement durable\"}]},{\"@type\":\"WebSite\",\"@id\":\"https:\\\/\\\/www.cbh-cyprus.com\\\/fr\\\/#website\",\"url\":\"https:\\\/\\\/www.cbh-cyprus.com\\\/fr\\\/\",\"name\":\"Constantinou Bros Hotels\",\"description\":\"Constantinou Bros Hotels\",\"publisher\":{\"@id\":\"https:\\\/\\\/www.cbh-cyprus.com\\\/fr\\\/#organization\"},\"potentialAction\":[{\"@type\":\"SearchAction\",\"target\":{\"@type\":\"EntryPoint\",\"urlTemplate\":\"https:\\\/\\\/www.cbh-cyprus.com\\\/fr\\\/?s={search_term_string}\"},\"query-input\":{\"@type\":\"PropertyValueSpecification\",\"valueRequired\":true,\"valueName\":\"search_term_string\"}}],\"inLanguage\":\"fr-FR\"},{\"@type\":\"Organization\",\"@id\":\"https:\\\/\\\/www.cbh-cyprus.com\\\/fr\\\/#organization\",\"name\":\"Constantinou Bros Hotels\",\"url\":\"https:\\\/\\\/www.cbh-cyprus.com\\\/fr\\\/\",\"logo\":{\"@type\":\"ImageObject\",\"inLanguage\":\"fr-FR\",\"@id\":\"https:\\\/\\\/www.cbh-cyprus.com\\\/fr\\\/#\\\/schema\\\/logo\\\/image\\\/\",\"url\":\"https:\\\/\\\/www.cbh-cyprus.com\\\/app\\\/uploads\\\/sites\\\/30\\\/2020\\\/10\\\/cbh.jpg\",\"contentUrl\":\"https:\\\/\\\/www.cbh-cyprus.com\\\/app\\\/uploads\\\/sites\\\/30\\\/2020\\\/10\\\/cbh.jpg\",\"width\":1013,\"height\":419,\"caption\":\"Constantinou Bros Hotels\"},\"image\":{\"@id\":\"https:\\\/\\\/www.cbh-cyprus.com\\\/fr\\\/#\\\/schema\\\/logo\\\/image\\\/\"}}]}<\/script>\n<!-- \/ Yoast SEO plugin. -->","yoast_head_json":{"title":"Politiques de d\u00e9veloppement durable - Constantinou Bros Hotels","description":"Dans le cadre de notre engagement \u00e0 minimiser l'impact environnemental des activit\u00e9s de nos h\u00f4tels, voici les diff\u00e9rentes \u00e9co-r\u00e9glementations auxquelles nos h\u00f4tels souscrivent.","robots":{"index":"index","follow":"follow","max-snippet":"max-snippet:-1","max-image-preview":"max-image-preview:large","max-video-preview":"max-video-preview:-1"},"canonical":"https:\/\/www.cbh-cyprus.com\/fr\/sustainability\/politiques-de-developpement-durable\/","og_locale":"fr_FR","og_type":"article","og_title":"Politiques de d\u00e9veloppement durable - Constantinou Bros Hotels","og_description":"Dans le cadre de notre engagement \u00e0 minimiser l'impact environnemental des activit\u00e9s de nos h\u00f4tels, voici les diff\u00e9rentes \u00e9co-r\u00e9glementations auxquelles nos h\u00f4tels souscrivent.","og_url":"https:\/\/www.cbh-cyprus.com\/fr\/sustainability\/politiques-de-developpement-durable\/","og_site_name":"Constantinou Bros Hotels","article_modified_time":"2025-10-29T07:29:52+00:00","og_image":[{"width":6606,"height":4409,"url":"https:\/\/www.cbh-cyprus.com\/app\/uploads\/sites\/30\/2022\/04\/CBH7618.jpg","type":"image\/jpeg"}],"twitter_card":"summary_large_image","twitter_misc":{"Dur\u00e9e de lecture estim\u00e9e":"1 minute"},"schema":{"@context":"https:\/\/schema.org","@graph":[{"@type":"WebPage","@id":"https:\/\/www.cbh-cyprus.com\/fr\/sustainability\/politiques-de-developpement-durable\/","url":"https:\/\/www.cbh-cyprus.com\/fr\/sustainability\/politiques-de-developpement-durable\/","name":"Politiques de d\u00e9veloppement durable - Constantinou Bros Hotels","isPartOf":{"@id":"https:\/\/www.cbh-cyprus.com\/fr\/#website"},"primaryImageOfPage":{"@id":"https:\/\/www.cbh-cyprus.com\/fr\/sustainability\/politiques-de-developpement-durable\/#primaryimage"},"image":{"@id":"https:\/\/www.cbh-cyprus.com\/fr\/sustainability\/politiques-de-developpement-durable\/#primaryimage"},"thumbnailUrl":"https:\/\/www.cbh-cyprus.com\/app\/uploads\/sites\/30\/2022\/04\/CBH7618.jpg","datePublished":"2022-04-06T12:58:10+00:00","dateModified":"2025-10-29T07:29:52+00:00","description":"Dans le cadre de notre engagement \u00e0 minimiser l'impact environnemental des activit\u00e9s de nos h\u00f4tels, voici les diff\u00e9rentes \u00e9co-r\u00e9glementations auxquelles nos h\u00f4tels souscrivent.","breadcrumb":{"@id":"https:\/\/www.cbh-cyprus.com\/fr\/sustainability\/politiques-de-developpement-durable\/#breadcrumb"},"inLanguage":"fr-FR","potentialAction":[{"@type":"ReadAction","target":["https:\/\/www.cbh-cyprus.com\/fr\/sustainability\/politiques-de-developpement-durable\/"]}]},{"@type":"ImageObject","inLanguage":"fr-FR","@id":"https:\/\/www.cbh-cyprus.com\/fr\/sustainability\/politiques-de-developpement-durable\/#primaryimage","url":"https:\/\/www.cbh-cyprus.com\/app\/uploads\/sites\/30\/2022\/04\/CBH7618.jpg","contentUrl":"https:\/\/www.cbh-cyprus.com\/app\/uploads\/sites\/30\/2022\/04\/CBH7618.jpg","width":6606,"height":4409,"caption":"Human Resources Policy"},{"@type":"BreadcrumbList","@id":"https:\/\/www.cbh-cyprus.com\/fr\/sustainability\/politiques-de-developpement-durable\/#breadcrumb","itemListElement":[{"@type":"ListItem","position":1,"name":"Home","item":"https:\/\/www.cbh-cyprus.com\/fr\/welcome-to-constantinou-bros-hotels\/"},{"@type":"ListItem","position":2,"name":"Durabilit\u00e9","item":"https:\/\/www.cbh-cyprus.com\/fr\/sustainability\/"},{"@type":"ListItem","position":3,"name":"Politiques de d\u00e9veloppement durable"}]},{"@type":"WebSite","@id":"https:\/\/www.cbh-cyprus.com\/fr\/#website","url":"https:\/\/www.cbh-cyprus.com\/fr\/","name":"Constantinou Bros Hotels","description":"Constantinou Bros Hotels","publisher":{"@id":"https:\/\/www.cbh-cyprus.com\/fr\/#organization"},"potentialAction":[{"@type":"SearchAction","target":{"@type":"EntryPoint","urlTemplate":"https:\/\/www.cbh-cyprus.com\/fr\/?s={search_term_string}"},"query-input":{"@type":"PropertyValueSpecification","valueRequired":true,"valueName":"search_term_string"}}],"inLanguage":"fr-FR"},{"@type":"Organization","@id":"https:\/\/www.cbh-cyprus.com\/fr\/#organization","name":"Constantinou Bros Hotels","url":"https:\/\/www.cbh-cyprus.com\/fr\/","logo":{"@type":"ImageObject","inLanguage":"fr-FR","@id":"https:\/\/www.cbh-cyprus.com\/fr\/#\/schema\/logo\/image\/","url":"https:\/\/www.cbh-cyprus.com\/app\/uploads\/sites\/30\/2020\/10\/cbh.jpg","contentUrl":"https:\/\/www.cbh-cyprus.com\/app\/uploads\/sites\/30\/2020\/10\/cbh.jpg","width":1013,"height":419,"caption":"Constantinou Bros Hotels"},"image":{"@id":"https:\/\/www.cbh-cyprus.com\/fr\/#\/schema\/logo\/image\/"}}]}},"_links":{"self":[{"href":"https:\/\/www.cbh-cyprus.com\/fr\/wp-json\/wp\/v2\/pages\/14292","targetHints":{"allow":["GET"]}}],"collection":[{"href":"https:\/\/www.cbh-cyprus.com\/fr\/wp-json\/wp\/v2\/pages"}],"about":[{"href":"https:\/\/www.cbh-cyprus.com\/fr\/wp-json\/wp\/v2\/types\/page"}],"author":[{"embeddable":true,"href":"https:\/\/www.cbh-cyprus.com\/fr\/wp-json\/wp\/v2\/users\/100"}],"replies":[{"embeddable":true,"href":"https:\/\/www.cbh-cyprus.com\/fr\/wp-json\/wp\/v2\/comments?post=14292"}],"version-history":[{"count":12,"href":"https:\/\/www.cbh-cyprus.com\/fr\/wp-json\/wp\/v2\/pages\/14292\/revisions"}],"predecessor-version":[{"id":47154,"href":"https:\/\/www.cbh-cyprus.com\/fr\/wp-json\/wp\/v2\/pages\/14292\/revisions\/47154"}],"up":[{"embeddable":true,"href":"https:\/\/www.cbh-cyprus.com\/fr\/wp-json\/wp\/v2\/pages\/14283"}],"wp:featuredmedia":[{"embeddable":true,"href":"https:\/\/www.cbh-cyprus.com\/fr\/wp-json\/wp\/v2\/media\/14420"}],"wp:attachment":[{"href":"https:\/\/www.cbh-cyprus.com\/fr\/wp-json\/wp\/v2\/media?parent=14292"}],"curies":[{"name":"wp","href":"https:\/\/api.w.org\/{rel}","templated":true}]}}