{"id":15034,"date":"2022-04-06T15:56:54","date_gmt":"2022-04-06T12:56:54","guid":{"rendered":"https:\/\/www.cbh-cyprus.com\/sustainability\/awards-certifications\/"},"modified":"2024-12-12T09:40:16","modified_gmt":"2024-12-12T07:40:16","slug":"prix-certifications","status":"publish","type":"page","link":"https:\/\/www.cbh-cyprus.com\/fr\/sustainability\/prix-certifications\/","title":{"rendered":"Prix et certifications"},"content":{"rendered":"<h1 style=\"text-align: center;\">Prix et certifications : C\u00e9l\u00e9brer l&rsquo;excellence<\/h1>\n<div class=\"mceTemp\" style=\"text-align: center;\"><\/div>\n<figure id=\"attachment_17490\" aria-describedby=\"caption-attachment-17490\" style=\"width: 300px\" class=\"wp-caption alignleft\"><img loading=\"lazy\" decoding=\"async\" class=\"wp-image-17490 size-thumbnail\" src=\"https:\/\/www.cbh-cyprus.com\/app\/uploads\/sites\/30\/2022\/06\/Travelife-Gold-2-300x300.jpg\" alt=\"\" width=\"300\" height=\"300\" srcset=\"https:\/\/www.cbh-cyprus.com\/app\/uploads\/sites\/30\/2022\/06\/Travelife-Gold-2-300x300.jpg 300w, https:\/\/www.cbh-cyprus.com\/app\/uploads\/sites\/30\/2022\/06\/Travelife-Gold-2-960x960.jpg 960w, https:\/\/www.cbh-cyprus.com\/app\/uploads\/sites\/30\/2022\/06\/Travelife-Gold-2-128x128.jpg 128w\" sizes=\"auto, (max-width: 300px) 100vw, 300px\" \/><figcaption id=\"caption-attachment-17490\" class=\"wp-caption-text\"><a href=\"http:\/\/www.cbh-cyprus.com\/app\/uploads\/sites\/30\/2023\/12\/GOLD-CERTIFIED-TRAVELIFE-2023.png\">Certificat d&rsquo;or &#8211; Pioneer Beach Hotel <\/a><\/figcaption><\/figure>\n<figure id=\"attachment_17490\" aria-describedby=\"caption-attachment-17490\" style=\"width: 300px\" class=\"wp-caption alignleft\"><img loading=\"lazy\" decoding=\"async\" class=\"wp-image-17490 size-thumbnail\" src=\"https:\/\/www.cbh-cyprus.com\/app\/uploads\/sites\/30\/2022\/06\/Travelife-Gold-2-300x300.jpg\" alt=\"\" width=\"300\" height=\"300\" srcset=\"https:\/\/www.cbh-cyprus.com\/app\/uploads\/sites\/30\/2022\/06\/Travelife-Gold-2-300x300.jpg 300w, https:\/\/www.cbh-cyprus.com\/app\/uploads\/sites\/30\/2022\/06\/Travelife-Gold-2-960x960.jpg 960w, https:\/\/www.cbh-cyprus.com\/app\/uploads\/sites\/30\/2022\/06\/Travelife-Gold-2-128x128.jpg 128w\" sizes=\"auto, (max-width: 300px) 100vw, 300px\" \/><figcaption id=\"caption-attachment-17490\" class=\"wp-caption-text\"><a href=\"https:\/\/www.cbh-cyprus.com\/app\/uploads\/sites\/30\/2022\/05\/20220517175107620-1.jpg\">Certificat d&rsquo;or &#8211; Athena Royal Beach Hotel <\/a><\/figcaption><\/figure>\n<figure id=\"attachment_17490\" aria-describedby=\"caption-attachment-17490\" style=\"width: 300px\" class=\"wp-caption alignleft\"><img loading=\"lazy\" decoding=\"async\" class=\"wp-image-17490 size-thumbnail\" src=\"https:\/\/www.cbh-cyprus.com\/app\/uploads\/sites\/30\/2022\/06\/Travelife-Gold-2-300x300.jpg\" alt=\"\" width=\"300\" height=\"300\" srcset=\"https:\/\/www.cbh-cyprus.com\/app\/uploads\/sites\/30\/2022\/06\/Travelife-Gold-2-300x300.jpg 300w, https:\/\/www.cbh-cyprus.com\/app\/uploads\/sites\/30\/2022\/06\/Travelife-Gold-2-960x960.jpg 960w, https:\/\/www.cbh-cyprus.com\/app\/uploads\/sites\/30\/2022\/06\/Travelife-Gold-2-128x128.jpg 128w\" sizes=\"auto, (max-width: 300px) 100vw, 300px\" \/><figcaption id=\"caption-attachment-17490\" class=\"wp-caption-text\"><a href=\"https:\/\/www.cbh-cyprus.com\/app\/uploads\/sites\/30\/2022\/11\/Athena-Beach-Hotel-Travelife-Award-2022.jpg\">Certificat d&rsquo;or &#8211; Athena Beach Hotel <\/a><\/figcaption><\/figure>\n<figure id=\"attachment_17490\" aria-describedby=\"caption-attachment-17490\" style=\"width: 300px\" class=\"wp-caption alignleft\"><img loading=\"lazy\" decoding=\"async\" class=\"wp-image-17490 size-thumbnail\" src=\"https:\/\/www.cbh-cyprus.com\/app\/uploads\/sites\/30\/2022\/06\/Travelife-Gold-2-300x300.jpg\" alt=\"\" width=\"300\" height=\"300\" srcset=\"https:\/\/www.cbh-cyprus.com\/app\/uploads\/sites\/30\/2022\/06\/Travelife-Gold-2-300x300.jpg 300w, https:\/\/www.cbh-cyprus.com\/app\/uploads\/sites\/30\/2022\/06\/Travelife-Gold-2-960x960.jpg 960w, https:\/\/www.cbh-cyprus.com\/app\/uploads\/sites\/30\/2022\/06\/Travelife-Gold-2-128x128.jpg 128w\" sizes=\"auto, (max-width: 300px) 100vw, 300px\" \/><figcaption id=\"caption-attachment-17490\" class=\"wp-caption-text\"><a href=\"https:\/\/www.cbh-cyprus.com\/ahttps:\/\/www.cbh-cyprus.com\/app\/uploads\/sites\/30\/2024\/12\/Certificate-103034.pdf\" target=\"_blank\" rel=\"noopener\">Certificat d&rsquo;or &#8211; Asimina Suites Hotel<\/a><\/figcaption><\/figure>\n<p>&nbsp;<\/p>\n<figure id=\"attachment_36532\" aria-describedby=\"caption-attachment-36532\" style=\"width: 300px\" class=\"wp-caption alignleft\"><img loading=\"lazy\" decoding=\"async\" class=\"wp-image-36532\" src=\"https:\/\/www.cbh-cyprus.com\/app\/uploads\/sites\/30\/2024\/06\/Logo_Synesgy264.png\" alt=\"\" width=\"300\" height=\"300\" \/><figcaption id=\"caption-attachment-36532\" class=\"wp-caption-text\"><a href=\"https:\/\/www.cbh-cyprus.com\/app\/uploads\/sites\/30\/2024\/06\/SurveyCertificate_CON_NOU-BROS-HOTELS-PUBLIC-CO-LTD_21_06_2024-3.png\" target=\"_blank\" rel=\"noopener\">Certificat Synesgy &#8211; Athena Beach Hotel <\/a><\/figcaption><\/figure>\n<p>&nbsp;<\/p>\n<figure id=\"attachment_36532\" aria-describedby=\"caption-attachment-36532\" style=\"width: 300px\" class=\"wp-caption alignleft\"><img loading=\"lazy\" decoding=\"async\" class=\"wp-image-36532\" src=\"https:\/\/www.cbh-cyprus.com\/app\/uploads\/sites\/30\/2024\/06\/Logo_Synesgy264.png\" alt=\"\" width=\"300\" height=\"300\" \/><figcaption id=\"caption-attachment-36532\" class=\"wp-caption-text\"><a href=\"https:\/\/www.cbh-cyprus.com\/app\/uploads\/sites\/30\/2024\/06\/SurveyCertificate_LAYSTER-INVESTMENTS-PLC_21_06_2024-3.png\" target=\"_blank\" rel=\"noopener\">Certificat Synesgy &#8211; Athena Royal Beach Hotel<\/a><\/figcaption><\/figure>\n<p>&nbsp;<\/p>\n<figure id=\"attachment_36532\" aria-describedby=\"caption-attachment-36532\" style=\"width: 300px\" class=\"wp-caption alignleft\"><img loading=\"lazy\" decoding=\"async\" class=\"wp-image-36532\" src=\"https:\/\/www.cbh-cyprus.com\/app\/uploads\/sites\/30\/2024\/06\/Logo_Synesgy264.png\" alt=\"\" width=\"300\" height=\"300\" \/><figcaption id=\"caption-attachment-36532\" class=\"wp-caption-text\"><a href=\"https:\/\/www.cbh-cyprus.com\/app\/uploads\/sites\/30\/2024\/06\/SurveyCertificate_ASIMINA-SUITES-HOTELPAPHOS-STONE-C.-ESTATES-PLC_21_06_2024-3.png\" target=\"_blank\" rel=\"noopener\">Certificat Synesgy &#8211; Asimina Suites Hotel<\/a><\/figcaption><\/figure>\n<p>&nbsp;<\/p>\n<figure id=\"attachment_36532\" aria-describedby=\"caption-attachment-36532\" style=\"width: 300px\" class=\"wp-caption alignleft\"><img loading=\"lazy\" decoding=\"async\" class=\"wp-image-36532\" src=\"https:\/\/www.cbh-cyprus.com\/app\/uploads\/sites\/30\/2024\/06\/Logo_Synesgy264.png\" alt=\"\" width=\"300\" height=\"300\" \/><figcaption id=\"caption-attachment-36532\" class=\"wp-caption-text\"><a href=\"https:\/\/www.cbh-cyprus.com\/app\/uploads\/sites\/30\/2024\/06\/SurveyCertificate_KINGS-HEAD-DEVELOPMENT-PLC_21_06_2024-3.png\" target=\"_blank\" rel=\"noopener\">Certificat Synesgy &#8211; Pioneer Beach Hotel<\/a><\/figcaption><\/figure>\n<p>&nbsp;<\/p>\n","protected":false},"excerpt":{"rendered":"<p>Prix et certifications : C\u00e9l\u00e9brer l&rsquo;excellence &nbsp; &nbsp; &nbsp; &nbsp; &nbsp;<\/p>\n","protected":false},"author":100,"featured_media":14335,"parent":14283,"menu_order":0,"comment_status":"closed","ping_status":"closed","template":"","meta":{"_acf_changed":false,"footnotes":""},"class_list":["post-15034","page","type-page","status-publish","has-post-thumbnail","hentry"],"acf":[],"yoast_head":"<!-- This site is optimized with the Yoast SEO plugin v27.3 - https:\/\/yoast.com\/product\/yoast-seo-wordpress\/ -->\n<title>Prix et certifications - Constantinou Bros Hotels<\/title>\n<meta name=\"description\" content=\"Nous sommes fiers d&#039;afficher les prix et les certifications d\u00e9cern\u00e9s aux h\u00f4tels Constantinou Bros par Travelife, qui r\u00e9compensent la durabilit\u00e9 de l&#039;h\u00e9bergement.\" \/>\n<meta name=\"robots\" content=\"index, follow, max-snippet:-1, max-image-preview:large, max-video-preview:-1\" \/>\n<link rel=\"canonical\" href=\"https:\/\/www.cbh-cyprus.com\/fr\/sustainability\/prix-certifications\/\" \/>\n<meta property=\"og:locale\" content=\"fr_FR\" \/>\n<meta property=\"og:type\" content=\"article\" \/>\n<meta property=\"og:title\" content=\"Prix et certifications - Constantinou Bros Hotels\" \/>\n<meta property=\"og:description\" content=\"Nous sommes fiers d&#039;afficher les prix et les certifications d\u00e9cern\u00e9s aux h\u00f4tels Constantinou Bros par Travelife, qui r\u00e9compensent la durabilit\u00e9 de l&#039;h\u00e9bergement.\" \/>\n<meta property=\"og:url\" content=\"https:\/\/www.cbh-cyprus.com\/fr\/sustainability\/prix-certifications\/\" \/>\n<meta property=\"og:site_name\" content=\"Constantinou Bros Hotels\" \/>\n<meta property=\"article:modified_time\" content=\"2024-12-12T07:40:16+00:00\" \/>\n<meta property=\"og:image\" content=\"https:\/\/www.cbh-cyprus.com\/app\/uploads\/sites\/30\/2022\/04\/Travelife-Gold.jpg\" \/>\n\t<meta property=\"og:image:width\" content=\"1920\" \/>\n\t<meta property=\"og:image:height\" content=\"1032\" \/>\n\t<meta property=\"og:image:type\" content=\"image\/jpeg\" \/>\n<meta name=\"twitter:card\" content=\"summary_large_image\" \/>\n<meta name=\"twitter:label1\" content=\"Dur\u00e9e de lecture estim\u00e9e\" \/>\n\t<meta name=\"twitter:data1\" content=\"3 minutes\" \/>\n<script type=\"application\/ld+json\" class=\"yoast-schema-graph\">{\"@context\":\"https:\\\/\\\/schema.org\",\"@graph\":[{\"@type\":\"WebPage\",\"@id\":\"https:\\\/\\\/www.cbh-cyprus.com\\\/fr\\\/sustainability\\\/prix-certifications\\\/\",\"url\":\"https:\\\/\\\/www.cbh-cyprus.com\\\/fr\\\/sustainability\\\/prix-certifications\\\/\",\"name\":\"Prix et certifications - Constantinou Bros Hotels\",\"isPartOf\":{\"@id\":\"https:\\\/\\\/www.cbh-cyprus.com\\\/fr\\\/#website\"},\"primaryImageOfPage\":{\"@id\":\"https:\\\/\\\/www.cbh-cyprus.com\\\/fr\\\/sustainability\\\/prix-certifications\\\/#primaryimage\"},\"image\":{\"@id\":\"https:\\\/\\\/www.cbh-cyprus.com\\\/fr\\\/sustainability\\\/prix-certifications\\\/#primaryimage\"},\"thumbnailUrl\":\"https:\\\/\\\/www.cbh-cyprus.com\\\/app\\\/uploads\\\/sites\\\/30\\\/2022\\\/04\\\/Travelife-Gold-e1762259410553.jpg\",\"datePublished\":\"2022-04-06T12:56:54+00:00\",\"dateModified\":\"2024-12-12T07:40:16+00:00\",\"description\":\"Nous sommes fiers d'afficher les prix et les certifications d\u00e9cern\u00e9s aux h\u00f4tels Constantinou Bros par Travelife, qui r\u00e9compensent la durabilit\u00e9 de l'h\u00e9bergement.\",\"breadcrumb\":{\"@id\":\"https:\\\/\\\/www.cbh-cyprus.com\\\/fr\\\/sustainability\\\/prix-certifications\\\/#breadcrumb\"},\"inLanguage\":\"fr-FR\",\"potentialAction\":[{\"@type\":\"ReadAction\",\"target\":[\"https:\\\/\\\/www.cbh-cyprus.com\\\/fr\\\/sustainability\\\/prix-certifications\\\/\"]}]},{\"@type\":\"ImageObject\",\"inLanguage\":\"fr-FR\",\"@id\":\"https:\\\/\\\/www.cbh-cyprus.com\\\/fr\\\/sustainability\\\/prix-certifications\\\/#primaryimage\",\"url\":\"https:\\\/\\\/www.cbh-cyprus.com\\\/app\\\/uploads\\\/sites\\\/30\\\/2022\\\/04\\\/Travelife-Gold-e1762259410553.jpg\",\"contentUrl\":\"https:\\\/\\\/www.cbh-cyprus.com\\\/app\\\/uploads\\\/sites\\\/30\\\/2022\\\/04\\\/Travelife-Gold-e1762259410553.jpg\",\"width\":1920,\"height\":1032,\"caption\":\"Occupational Health & Safety\"},{\"@type\":\"BreadcrumbList\",\"@id\":\"https:\\\/\\\/www.cbh-cyprus.com\\\/fr\\\/sustainability\\\/prix-certifications\\\/#breadcrumb\",\"itemListElement\":[{\"@type\":\"ListItem\",\"position\":1,\"name\":\"Home\",\"item\":\"https:\\\/\\\/www.cbh-cyprus.com\\\/fr\\\/welcome-to-constantinou-bros-hotels\\\/\"},{\"@type\":\"ListItem\",\"position\":2,\"name\":\"Durabilit\u00e9\",\"item\":\"https:\\\/\\\/www.cbh-cyprus.com\\\/fr\\\/sustainability\\\/\"},{\"@type\":\"ListItem\",\"position\":3,\"name\":\"Prix et certifications\"}]},{\"@type\":\"WebSite\",\"@id\":\"https:\\\/\\\/www.cbh-cyprus.com\\\/fr\\\/#website\",\"url\":\"https:\\\/\\\/www.cbh-cyprus.com\\\/fr\\\/\",\"name\":\"Constantinou Bros Hotels\",\"description\":\"Constantinou Bros Hotels\",\"publisher\":{\"@id\":\"https:\\\/\\\/www.cbh-cyprus.com\\\/fr\\\/#organization\"},\"potentialAction\":[{\"@type\":\"SearchAction\",\"target\":{\"@type\":\"EntryPoint\",\"urlTemplate\":\"https:\\\/\\\/www.cbh-cyprus.com\\\/fr\\\/?s={search_term_string}\"},\"query-input\":{\"@type\":\"PropertyValueSpecification\",\"valueRequired\":true,\"valueName\":\"search_term_string\"}}],\"inLanguage\":\"fr-FR\"},{\"@type\":\"Organization\",\"@id\":\"https:\\\/\\\/www.cbh-cyprus.com\\\/fr\\\/#organization\",\"name\":\"Constantinou Bros Hotels\",\"url\":\"https:\\\/\\\/www.cbh-cyprus.com\\\/fr\\\/\",\"logo\":{\"@type\":\"ImageObject\",\"inLanguage\":\"fr-FR\",\"@id\":\"https:\\\/\\\/www.cbh-cyprus.com\\\/fr\\\/#\\\/schema\\\/logo\\\/image\\\/\",\"url\":\"https:\\\/\\\/www.cbh-cyprus.com\\\/app\\\/uploads\\\/sites\\\/30\\\/2020\\\/10\\\/cbh.jpg\",\"contentUrl\":\"https:\\\/\\\/www.cbh-cyprus.com\\\/app\\\/uploads\\\/sites\\\/30\\\/2020\\\/10\\\/cbh.jpg\",\"width\":1013,\"height\":419,\"caption\":\"Constantinou Bros Hotels\"},\"image\":{\"@id\":\"https:\\\/\\\/www.cbh-cyprus.com\\\/fr\\\/#\\\/schema\\\/logo\\\/image\\\/\"}}]}<\/script>\n<!-- \/ Yoast SEO plugin. -->","yoast_head_json":{"title":"Prix et certifications - Constantinou Bros Hotels","description":"Nous sommes fiers d'afficher les prix et les certifications d\u00e9cern\u00e9s aux h\u00f4tels Constantinou Bros par Travelife, qui r\u00e9compensent la durabilit\u00e9 de l'h\u00e9bergement.","robots":{"index":"index","follow":"follow","max-snippet":"max-snippet:-1","max-image-preview":"max-image-preview:large","max-video-preview":"max-video-preview:-1"},"canonical":"https:\/\/www.cbh-cyprus.com\/fr\/sustainability\/prix-certifications\/","og_locale":"fr_FR","og_type":"article","og_title":"Prix et certifications - Constantinou Bros Hotels","og_description":"Nous sommes fiers d'afficher les prix et les certifications d\u00e9cern\u00e9s aux h\u00f4tels Constantinou Bros par Travelife, qui r\u00e9compensent la durabilit\u00e9 de l'h\u00e9bergement.","og_url":"https:\/\/www.cbh-cyprus.com\/fr\/sustainability\/prix-certifications\/","og_site_name":"Constantinou Bros Hotels","article_modified_time":"2024-12-12T07:40:16+00:00","og_image":[{"width":1920,"height":1032,"url":"https:\/\/www.cbh-cyprus.com\/app\/uploads\/sites\/30\/2022\/04\/Travelife-Gold.jpg","type":"image\/jpeg"}],"twitter_card":"summary_large_image","twitter_misc":{"Dur\u00e9e de lecture estim\u00e9e":"3 minutes"},"schema":{"@context":"https:\/\/schema.org","@graph":[{"@type":"WebPage","@id":"https:\/\/www.cbh-cyprus.com\/fr\/sustainability\/prix-certifications\/","url":"https:\/\/www.cbh-cyprus.com\/fr\/sustainability\/prix-certifications\/","name":"Prix et certifications - Constantinou Bros Hotels","isPartOf":{"@id":"https:\/\/www.cbh-cyprus.com\/fr\/#website"},"primaryImageOfPage":{"@id":"https:\/\/www.cbh-cyprus.com\/fr\/sustainability\/prix-certifications\/#primaryimage"},"image":{"@id":"https:\/\/www.cbh-cyprus.com\/fr\/sustainability\/prix-certifications\/#primaryimage"},"thumbnailUrl":"https:\/\/www.cbh-cyprus.com\/app\/uploads\/sites\/30\/2022\/04\/Travelife-Gold-e1762259410553.jpg","datePublished":"2022-04-06T12:56:54+00:00","dateModified":"2024-12-12T07:40:16+00:00","description":"Nous sommes fiers d'afficher les prix et les certifications d\u00e9cern\u00e9s aux h\u00f4tels Constantinou Bros par Travelife, qui r\u00e9compensent la durabilit\u00e9 de l'h\u00e9bergement.","breadcrumb":{"@id":"https:\/\/www.cbh-cyprus.com\/fr\/sustainability\/prix-certifications\/#breadcrumb"},"inLanguage":"fr-FR","potentialAction":[{"@type":"ReadAction","target":["https:\/\/www.cbh-cyprus.com\/fr\/sustainability\/prix-certifications\/"]}]},{"@type":"ImageObject","inLanguage":"fr-FR","@id":"https:\/\/www.cbh-cyprus.com\/fr\/sustainability\/prix-certifications\/#primaryimage","url":"https:\/\/www.cbh-cyprus.com\/app\/uploads\/sites\/30\/2022\/04\/Travelife-Gold-e1762259410553.jpg","contentUrl":"https:\/\/www.cbh-cyprus.com\/app\/uploads\/sites\/30\/2022\/04\/Travelife-Gold-e1762259410553.jpg","width":1920,"height":1032,"caption":"Occupational Health & Safety"},{"@type":"BreadcrumbList","@id":"https:\/\/www.cbh-cyprus.com\/fr\/sustainability\/prix-certifications\/#breadcrumb","itemListElement":[{"@type":"ListItem","position":1,"name":"Home","item":"https:\/\/www.cbh-cyprus.com\/fr\/welcome-to-constantinou-bros-hotels\/"},{"@type":"ListItem","position":2,"name":"Durabilit\u00e9","item":"https:\/\/www.cbh-cyprus.com\/fr\/sustainability\/"},{"@type":"ListItem","position":3,"name":"Prix et certifications"}]},{"@type":"WebSite","@id":"https:\/\/www.cbh-cyprus.com\/fr\/#website","url":"https:\/\/www.cbh-cyprus.com\/fr\/","name":"Constantinou Bros Hotels","description":"Constantinou Bros Hotels","publisher":{"@id":"https:\/\/www.cbh-cyprus.com\/fr\/#organization"},"potentialAction":[{"@type":"SearchAction","target":{"@type":"EntryPoint","urlTemplate":"https:\/\/www.cbh-cyprus.com\/fr\/?s={search_term_string}"},"query-input":{"@type":"PropertyValueSpecification","valueRequired":true,"valueName":"search_term_string"}}],"inLanguage":"fr-FR"},{"@type":"Organization","@id":"https:\/\/www.cbh-cyprus.com\/fr\/#organization","name":"Constantinou Bros Hotels","url":"https:\/\/www.cbh-cyprus.com\/fr\/","logo":{"@type":"ImageObject","inLanguage":"fr-FR","@id":"https:\/\/www.cbh-cyprus.com\/fr\/#\/schema\/logo\/image\/","url":"https:\/\/www.cbh-cyprus.com\/app\/uploads\/sites\/30\/2020\/10\/cbh.jpg","contentUrl":"https:\/\/www.cbh-cyprus.com\/app\/uploads\/sites\/30\/2020\/10\/cbh.jpg","width":1013,"height":419,"caption":"Constantinou Bros Hotels"},"image":{"@id":"https:\/\/www.cbh-cyprus.com\/fr\/#\/schema\/logo\/image\/"}}]}},"_links":{"self":[{"href":"https:\/\/www.cbh-cyprus.com\/fr\/wp-json\/wp\/v2\/pages\/15034","targetHints":{"allow":["GET"]}}],"collection":[{"href":"https:\/\/www.cbh-cyprus.com\/fr\/wp-json\/wp\/v2\/pages"}],"about":[{"href":"https:\/\/www.cbh-cyprus.com\/fr\/wp-json\/wp\/v2\/types\/page"}],"author":[{"embeddable":true,"href":"https:\/\/www.cbh-cyprus.com\/fr\/wp-json\/wp\/v2\/users\/100"}],"replies":[{"embeddable":true,"href":"https:\/\/www.cbh-cyprus.com\/fr\/wp-json\/wp\/v2\/comments?post=15034"}],"version-history":[{"count":11,"href":"https:\/\/www.cbh-cyprus.com\/fr\/wp-json\/wp\/v2\/pages\/15034\/revisions"}],"predecessor-version":[{"id":43011,"href":"https:\/\/www.cbh-cyprus.com\/fr\/wp-json\/wp\/v2\/pages\/15034\/revisions\/43011"}],"up":[{"embeddable":true,"href":"https:\/\/www.cbh-cyprus.com\/fr\/wp-json\/wp\/v2\/pages\/14283"}],"wp:featuredmedia":[{"embeddable":true,"href":"https:\/\/www.cbh-cyprus.com\/fr\/wp-json\/wp\/v2\/media\/14335"}],"wp:attachment":[{"href":"https:\/\/www.cbh-cyprus.com\/fr\/wp-json\/wp\/v2\/media?parent=15034"}],"curies":[{"name":"wp","href":"https:\/\/api.w.org\/{rel}","templated":true}]}}