{"id":15040,"date":"2022-04-06T15:59:26","date_gmt":"2022-04-06T12:59:26","guid":{"rendered":"https:\/\/www.cbh-cyprus.com\/sustainability\/sustainability-reporting\/"},"modified":"2025-10-29T09:34:14","modified_gmt":"2025-10-29T07:34:14","slug":"rapport-sur-le-developpement-durable","status":"publish","type":"page","link":"https:\/\/www.cbh-cyprus.com\/fr\/sustainability\/rapport-sur-le-developpement-durable\/","title":{"rendered":"Rapport sur le d\u00e9veloppement durable"},"content":{"rendered":"<h3>Rapport sur le d\u00e9veloppement durable<\/h3>\n<p>Le rapport ci-dessous fournit des informations sur les objectifs, les initiatives et les performances en mati\u00e8re d&rsquo;activit\u00e9s de d\u00e9veloppement durable dans tous les h\u00f4tels Constantinou Bros.<\/p>\n","protected":false},"excerpt":{"rendered":"<p>Rapport sur le d\u00e9veloppement durable Le rapport ci-dessous fournit des informations sur les objectifs, les initiatives et les performances en mati\u00e8re d&rsquo;activit\u00e9s de d\u00e9veloppement durable dans tous les h\u00f4tels Constantinou Bros.<\/p>\n","protected":false},"author":100,"featured_media":47250,"parent":14283,"menu_order":0,"comment_status":"closed","ping_status":"closed","template":"page-templates\/sustainability.php","meta":{"_acf_changed":false,"footnotes":""},"class_list":["post-15040","page","type-page","status-publish","has-post-thumbnail","hentry"],"acf":[],"yoast_head":"<!-- This site is optimized with the Yoast SEO plugin v27.3 - https:\/\/yoast.com\/product\/yoast-seo-wordpress\/ -->\n<title>Rapport sur le d\u00e9veloppement durable - Constantinou Bros Hotels<\/title>\n<meta name=\"description\" content=\"Vous trouverez ici des rapports analytiques concernant toutes les activit\u00e9s de durabilit\u00e9 op\u00e9rationnelle dans le domaine de l&#039;h\u00f4tellerie au sein du groupe Constantinou Bros Hotels.\" \/>\n<meta name=\"robots\" content=\"index, follow, max-snippet:-1, max-image-preview:large, max-video-preview:-1\" \/>\n<link rel=\"canonical\" href=\"https:\/\/www.cbh-cyprus.com\/fr\/sustainability\/rapport-sur-le-developpement-durable\/\" \/>\n<meta property=\"og:locale\" content=\"fr_FR\" \/>\n<meta property=\"og:type\" content=\"article\" \/>\n<meta property=\"og:title\" content=\"Rapport sur le d\u00e9veloppement durable - Constantinou Bros Hotels\" \/>\n<meta property=\"og:description\" content=\"Vous trouverez ici des rapports analytiques concernant toutes les activit\u00e9s de durabilit\u00e9 op\u00e9rationnelle dans le domaine de l&#039;h\u00f4tellerie au sein du groupe Constantinou Bros Hotels.\" \/>\n<meta property=\"og:url\" content=\"https:\/\/www.cbh-cyprus.com\/fr\/sustainability\/rapport-sur-le-developpement-durable\/\" \/>\n<meta property=\"og:site_name\" content=\"Constantinou Bros Hotels\" \/>\n<meta property=\"article:modified_time\" content=\"2025-10-29T07:34:14+00:00\" \/>\n<meta property=\"og:image\" content=\"https:\/\/www.cbh-cyprus.com\/app\/uploads\/sites\/30\/2022\/05\/FB_IMG_1601320985888.jpg\" \/>\n\t<meta property=\"og:image:width\" content=\"1080\" \/>\n\t<meta property=\"og:image:height\" content=\"525\" \/>\n\t<meta property=\"og:image:type\" content=\"image\/jpeg\" \/>\n<meta name=\"twitter:card\" content=\"summary_large_image\" \/>\n<meta name=\"twitter:label1\" content=\"Dur\u00e9e de lecture estim\u00e9e\" \/>\n\t<meta name=\"twitter:data1\" content=\"1 minute\" \/>\n<script type=\"application\/ld+json\" class=\"yoast-schema-graph\">{\"@context\":\"https:\\\/\\\/schema.org\",\"@graph\":[{\"@type\":\"WebPage\",\"@id\":\"https:\\\/\\\/www.cbh-cyprus.com\\\/fr\\\/sustainability\\\/rapport-sur-le-developpement-durable\\\/\",\"url\":\"https:\\\/\\\/www.cbh-cyprus.com\\\/fr\\\/sustainability\\\/rapport-sur-le-developpement-durable\\\/\",\"name\":\"Rapport sur le d\u00e9veloppement durable - Constantinou Bros Hotels\",\"isPartOf\":{\"@id\":\"https:\\\/\\\/www.cbh-cyprus.com\\\/fr\\\/#website\"},\"primaryImageOfPage\":{\"@id\":\"https:\\\/\\\/www.cbh-cyprus.com\\\/fr\\\/sustainability\\\/rapport-sur-le-developpement-durable\\\/#primaryimage\"},\"image\":{\"@id\":\"https:\\\/\\\/www.cbh-cyprus.com\\\/fr\\\/sustainability\\\/rapport-sur-le-developpement-durable\\\/#primaryimage\"},\"thumbnailUrl\":\"https:\\\/\\\/www.cbh-cyprus.com\\\/app\\\/uploads\\\/sites\\\/30\\\/2025\\\/11\\\/4-ATHENA-BEACH-HOTEL-POOL-AND-SEA-VIEW.jpg\",\"datePublished\":\"2022-04-06T12:59:26+00:00\",\"dateModified\":\"2025-10-29T07:34:14+00:00\",\"description\":\"Vous trouverez ici des rapports analytiques concernant toutes les activit\u00e9s de durabilit\u00e9 op\u00e9rationnelle dans le domaine de l'h\u00f4tellerie au sein du groupe Constantinou Bros Hotels.\",\"breadcrumb\":{\"@id\":\"https:\\\/\\\/www.cbh-cyprus.com\\\/fr\\\/sustainability\\\/rapport-sur-le-developpement-durable\\\/#breadcrumb\"},\"inLanguage\":\"fr-FR\",\"potentialAction\":[{\"@type\":\"ReadAction\",\"target\":[\"https:\\\/\\\/www.cbh-cyprus.com\\\/fr\\\/sustainability\\\/rapport-sur-le-developpement-durable\\\/\"]}]},{\"@type\":\"ImageObject\",\"inLanguage\":\"fr-FR\",\"@id\":\"https:\\\/\\\/www.cbh-cyprus.com\\\/fr\\\/sustainability\\\/rapport-sur-le-developpement-durable\\\/#primaryimage\",\"url\":\"https:\\\/\\\/www.cbh-cyprus.com\\\/app\\\/uploads\\\/sites\\\/30\\\/2025\\\/11\\\/4-ATHENA-BEACH-HOTEL-POOL-AND-SEA-VIEW.jpg\",\"contentUrl\":\"https:\\\/\\\/www.cbh-cyprus.com\\\/app\\\/uploads\\\/sites\\\/30\\\/2025\\\/11\\\/4-ATHENA-BEACH-HOTEL-POOL-AND-SEA-VIEW.jpg\",\"width\":1900,\"height\":1266},{\"@type\":\"BreadcrumbList\",\"@id\":\"https:\\\/\\\/www.cbh-cyprus.com\\\/fr\\\/sustainability\\\/rapport-sur-le-developpement-durable\\\/#breadcrumb\",\"itemListElement\":[{\"@type\":\"ListItem\",\"position\":1,\"name\":\"Home\",\"item\":\"https:\\\/\\\/www.cbh-cyprus.com\\\/fr\\\/welcome-to-constantinou-bros-hotels\\\/\"},{\"@type\":\"ListItem\",\"position\":2,\"name\":\"Durabilit\u00e9\",\"item\":\"https:\\\/\\\/www.cbh-cyprus.com\\\/fr\\\/sustainability\\\/\"},{\"@type\":\"ListItem\",\"position\":3,\"name\":\"Rapport sur le d\u00e9veloppement durable\"}]},{\"@type\":\"WebSite\",\"@id\":\"https:\\\/\\\/www.cbh-cyprus.com\\\/fr\\\/#website\",\"url\":\"https:\\\/\\\/www.cbh-cyprus.com\\\/fr\\\/\",\"name\":\"Constantinou Bros Hotels\",\"description\":\"Constantinou Bros Hotels\",\"publisher\":{\"@id\":\"https:\\\/\\\/www.cbh-cyprus.com\\\/fr\\\/#organization\"},\"potentialAction\":[{\"@type\":\"SearchAction\",\"target\":{\"@type\":\"EntryPoint\",\"urlTemplate\":\"https:\\\/\\\/www.cbh-cyprus.com\\\/fr\\\/?s={search_term_string}\"},\"query-input\":{\"@type\":\"PropertyValueSpecification\",\"valueRequired\":true,\"valueName\":\"search_term_string\"}}],\"inLanguage\":\"fr-FR\"},{\"@type\":\"Organization\",\"@id\":\"https:\\\/\\\/www.cbh-cyprus.com\\\/fr\\\/#organization\",\"name\":\"Constantinou Bros Hotels\",\"url\":\"https:\\\/\\\/www.cbh-cyprus.com\\\/fr\\\/\",\"logo\":{\"@type\":\"ImageObject\",\"inLanguage\":\"fr-FR\",\"@id\":\"https:\\\/\\\/www.cbh-cyprus.com\\\/fr\\\/#\\\/schema\\\/logo\\\/image\\\/\",\"url\":\"https:\\\/\\\/www.cbh-cyprus.com\\\/app\\\/uploads\\\/sites\\\/30\\\/2020\\\/10\\\/cbh.jpg\",\"contentUrl\":\"https:\\\/\\\/www.cbh-cyprus.com\\\/app\\\/uploads\\\/sites\\\/30\\\/2020\\\/10\\\/cbh.jpg\",\"width\":1013,\"height\":419,\"caption\":\"Constantinou Bros Hotels\"},\"image\":{\"@id\":\"https:\\\/\\\/www.cbh-cyprus.com\\\/fr\\\/#\\\/schema\\\/logo\\\/image\\\/\"}}]}<\/script>\n<!-- \/ Yoast SEO plugin. -->","yoast_head_json":{"title":"Rapport sur le d\u00e9veloppement durable - Constantinou Bros Hotels","description":"Vous trouverez ici des rapports analytiques concernant toutes les activit\u00e9s de durabilit\u00e9 op\u00e9rationnelle dans le domaine de l'h\u00f4tellerie au sein du groupe Constantinou Bros Hotels.","robots":{"index":"index","follow":"follow","max-snippet":"max-snippet:-1","max-image-preview":"max-image-preview:large","max-video-preview":"max-video-preview:-1"},"canonical":"https:\/\/www.cbh-cyprus.com\/fr\/sustainability\/rapport-sur-le-developpement-durable\/","og_locale":"fr_FR","og_type":"article","og_title":"Rapport sur le d\u00e9veloppement durable - Constantinou Bros Hotels","og_description":"Vous trouverez ici des rapports analytiques concernant toutes les activit\u00e9s de durabilit\u00e9 op\u00e9rationnelle dans le domaine de l'h\u00f4tellerie au sein du groupe Constantinou Bros Hotels.","og_url":"https:\/\/www.cbh-cyprus.com\/fr\/sustainability\/rapport-sur-le-developpement-durable\/","og_site_name":"Constantinou Bros Hotels","article_modified_time":"2025-10-29T07:34:14+00:00","og_image":[{"width":1080,"height":525,"url":"https:\/\/www.cbh-cyprus.com\/app\/uploads\/sites\/30\/2022\/05\/FB_IMG_1601320985888.jpg","type":"image\/jpeg"}],"twitter_card":"summary_large_image","twitter_misc":{"Dur\u00e9e de lecture estim\u00e9e":"1 minute"},"schema":{"@context":"https:\/\/schema.org","@graph":[{"@type":"WebPage","@id":"https:\/\/www.cbh-cyprus.com\/fr\/sustainability\/rapport-sur-le-developpement-durable\/","url":"https:\/\/www.cbh-cyprus.com\/fr\/sustainability\/rapport-sur-le-developpement-durable\/","name":"Rapport sur le d\u00e9veloppement durable - Constantinou Bros Hotels","isPartOf":{"@id":"https:\/\/www.cbh-cyprus.com\/fr\/#website"},"primaryImageOfPage":{"@id":"https:\/\/www.cbh-cyprus.com\/fr\/sustainability\/rapport-sur-le-developpement-durable\/#primaryimage"},"image":{"@id":"https:\/\/www.cbh-cyprus.com\/fr\/sustainability\/rapport-sur-le-developpement-durable\/#primaryimage"},"thumbnailUrl":"https:\/\/www.cbh-cyprus.com\/app\/uploads\/sites\/30\/2025\/11\/4-ATHENA-BEACH-HOTEL-POOL-AND-SEA-VIEW.jpg","datePublished":"2022-04-06T12:59:26+00:00","dateModified":"2025-10-29T07:34:14+00:00","description":"Vous trouverez ici des rapports analytiques concernant toutes les activit\u00e9s de durabilit\u00e9 op\u00e9rationnelle dans le domaine de l'h\u00f4tellerie au sein du groupe Constantinou Bros Hotels.","breadcrumb":{"@id":"https:\/\/www.cbh-cyprus.com\/fr\/sustainability\/rapport-sur-le-developpement-durable\/#breadcrumb"},"inLanguage":"fr-FR","potentialAction":[{"@type":"ReadAction","target":["https:\/\/www.cbh-cyprus.com\/fr\/sustainability\/rapport-sur-le-developpement-durable\/"]}]},{"@type":"ImageObject","inLanguage":"fr-FR","@id":"https:\/\/www.cbh-cyprus.com\/fr\/sustainability\/rapport-sur-le-developpement-durable\/#primaryimage","url":"https:\/\/www.cbh-cyprus.com\/app\/uploads\/sites\/30\/2025\/11\/4-ATHENA-BEACH-HOTEL-POOL-AND-SEA-VIEW.jpg","contentUrl":"https:\/\/www.cbh-cyprus.com\/app\/uploads\/sites\/30\/2025\/11\/4-ATHENA-BEACH-HOTEL-POOL-AND-SEA-VIEW.jpg","width":1900,"height":1266},{"@type":"BreadcrumbList","@id":"https:\/\/www.cbh-cyprus.com\/fr\/sustainability\/rapport-sur-le-developpement-durable\/#breadcrumb","itemListElement":[{"@type":"ListItem","position":1,"name":"Home","item":"https:\/\/www.cbh-cyprus.com\/fr\/welcome-to-constantinou-bros-hotels\/"},{"@type":"ListItem","position":2,"name":"Durabilit\u00e9","item":"https:\/\/www.cbh-cyprus.com\/fr\/sustainability\/"},{"@type":"ListItem","position":3,"name":"Rapport sur le d\u00e9veloppement durable"}]},{"@type":"WebSite","@id":"https:\/\/www.cbh-cyprus.com\/fr\/#website","url":"https:\/\/www.cbh-cyprus.com\/fr\/","name":"Constantinou Bros Hotels","description":"Constantinou Bros Hotels","publisher":{"@id":"https:\/\/www.cbh-cyprus.com\/fr\/#organization"},"potentialAction":[{"@type":"SearchAction","target":{"@type":"EntryPoint","urlTemplate":"https:\/\/www.cbh-cyprus.com\/fr\/?s={search_term_string}"},"query-input":{"@type":"PropertyValueSpecification","valueRequired":true,"valueName":"search_term_string"}}],"inLanguage":"fr-FR"},{"@type":"Organization","@id":"https:\/\/www.cbh-cyprus.com\/fr\/#organization","name":"Constantinou Bros Hotels","url":"https:\/\/www.cbh-cyprus.com\/fr\/","logo":{"@type":"ImageObject","inLanguage":"fr-FR","@id":"https:\/\/www.cbh-cyprus.com\/fr\/#\/schema\/logo\/image\/","url":"https:\/\/www.cbh-cyprus.com\/app\/uploads\/sites\/30\/2020\/10\/cbh.jpg","contentUrl":"https:\/\/www.cbh-cyprus.com\/app\/uploads\/sites\/30\/2020\/10\/cbh.jpg","width":1013,"height":419,"caption":"Constantinou Bros Hotels"},"image":{"@id":"https:\/\/www.cbh-cyprus.com\/fr\/#\/schema\/logo\/image\/"}}]}},"_links":{"self":[{"href":"https:\/\/www.cbh-cyprus.com\/fr\/wp-json\/wp\/v2\/pages\/15040","targetHints":{"allow":["GET"]}}],"collection":[{"href":"https:\/\/www.cbh-cyprus.com\/fr\/wp-json\/wp\/v2\/pages"}],"about":[{"href":"https:\/\/www.cbh-cyprus.com\/fr\/wp-json\/wp\/v2\/types\/page"}],"author":[{"embeddable":true,"href":"https:\/\/www.cbh-cyprus.com\/fr\/wp-json\/wp\/v2\/users\/100"}],"replies":[{"embeddable":true,"href":"https:\/\/www.cbh-cyprus.com\/fr\/wp-json\/wp\/v2\/comments?post=15040"}],"version-history":[{"count":7,"href":"https:\/\/www.cbh-cyprus.com\/fr\/wp-json\/wp\/v2\/pages\/15040\/revisions"}],"predecessor-version":[{"id":47159,"href":"https:\/\/www.cbh-cyprus.com\/fr\/wp-json\/wp\/v2\/pages\/15040\/revisions\/47159"}],"up":[{"embeddable":true,"href":"https:\/\/www.cbh-cyprus.com\/fr\/wp-json\/wp\/v2\/pages\/14283"}],"wp:featuredmedia":[{"embeddable":true,"href":"https:\/\/www.cbh-cyprus.com\/fr\/wp-json\/wp\/v2\/media\/47250"}],"wp:attachment":[{"href":"https:\/\/www.cbh-cyprus.com\/fr\/wp-json\/wp\/v2\/media?parent=15040"}],"curies":[{"name":"wp","href":"https:\/\/api.w.org\/{rel}","templated":true}]}}