{"id":21701,"date":"2020-09-13T12:00:40","date_gmt":"2020-09-13T09:00:40","guid":{"rendered":"https:\/\/www.cbh-cyprus.com\/?page_id=21701"},"modified":"2024-09-13T11:41:05","modified_gmt":"2024-09-13T08:41:05","slug":"vacances-golf","status":"publish","type":"page","link":"https:\/\/www.cbh-cyprus.com\/fr\/activities\/vacances-golf\/","title":{"rendered":"Vacances de golf"},"content":{"rendered":"<h1>Vivez des vacances de golf inoubliables \u00e0 Chypre avec CONSTANTINOU BROS HOTELS<\/h1>\n<p>&nbsp;  Chacun des quatre terrains de golf se trouve \u00e0 proximit\u00e9 de tous les CONSTANTINOU BROS HOTELS.<br \/>\nBien que le golf \u00e0 Chypre soit encore relativement nouveau, le pays s&rsquo;av\u00e8re d\u00e9j\u00e0 \u00eatre une destination de premier plan pour les golfeurs.<br \/>\nR\u00e9servez vos heures de d\u00e9part directement \u00e0 l&rsquo;h\u00f4tel pour profiter de nos tarifs exclusifs pour les clients s\u00e9journant dans des logements de classe Elite ainsi que de nos r\u00e9ductions sp\u00e9ciales pour les r\u00e9sidents de l&rsquo;h\u00f4tel.<br \/>\nVeuillez contacter notre service client\u00e8le pour plus d&rsquo;informations. <strong>Minthis Golf Club<\/strong> Un parcours de golf magnifique et exigeant qui serpente le long d&rsquo;un monast\u00e8re du XIIe si\u00e8cle avec des vues \u00e0 couper le souffle sur les montagnes Troodos et au-del\u00e0, le golf \u00e0 Minthis est une exp\u00e9rience unique et pleine de caract\u00e8re.<br \/>\nCon\u00e7u par le l\u00e9gendaire architecte de golf Donald Steel en 1994 et r\u00e9nov\u00e9 par les c\u00e9l\u00e8bres concepteurs de parcours Mackenzie &amp; Ebert, le parcours est situ\u00e9 \u00e0 environ 20 km de l&rsquo;h\u00f4tel.<br \/>\nIl se trouve \u00e0 environ 20 km de l&rsquo;h\u00f4tel. <strong>Aphrodite Hills<\/strong>: un magnifique parcours de golf de championnat, un magnifique clubhouse et un paysage \u00e0 couper le souffle.<br \/>\nLe parcours de golf prim\u00e9 a \u00e9t\u00e9 con\u00e7u par l&rsquo;architecte Cabell Robinson.<br \/>\nL&rsquo;Aphrodite Hills Golf dispose en outre d&rsquo;une vaste zone d&rsquo;entra\u00eenement avec deux grands putting greens et une zone de jeu court. <strong>Secret Valley<\/strong> Le Secret Valley Golf Course est un parcours de golf tr\u00e8s prestigieux situ\u00e9 dans la r\u00e9gion renomm\u00e9e de Petra tou Romiou, lieu de naissance l\u00e9gendaire d&rsquo;Aphrodite, la d\u00e9esse de l&rsquo;amour.<br \/>\nComme son nom l&rsquo;indique, le parcours se fraye un chemin \u00e0 travers les magnifiques vall\u00e9es des montagnes environnantes, \u00e0 une courte distance en voiture de Paphos.<br \/>\nLe terrain de golf est entour\u00e9 d&rsquo;une v\u00e9g\u00e9tation chypriote mature et de magnifiques formations rocheuses naturelles cr\u00e9ant une oasis de calme et de tranquillit\u00e9 avec des vues spectaculaires sur la mer M\u00e9diterran\u00e9e, le tout se combinant pour offrir aux clients une exp\u00e9rience de golf chypriote vraiment unique. <strong>Elea Golf<\/strong> Situ\u00e9 au c\u0153ur du prestigieux domaine prim\u00e9 d&rsquo;El\u00e9a \u00e0 Chypre, l&rsquo;El\u00e9a Golf Club propose un golf de classe mondiale dans un cadre magnifique.<br \/>\nLe El\u00e9a Estate Golf Club est situ\u00e9 pr\u00e8s de la ville de Paphos, dans le sud-ouest de Chypre, et est entour\u00e9 d&rsquo;un impressionnant paysage m\u00e9diterran\u00e9en.<br \/>\nLe parcours de golf a \u00e9t\u00e9 cr\u00e9\u00e9 pour mettre au d\u00e9fi les golfeurs de tous niveaux, avec un trac\u00e9 difficile mais tr\u00e8s jouable, dans un \u00e9tat impeccable.             <\/p>\n<table width=\"614\">\n<thead>\n<tr>\n<td><strong> <\/strong><\/td>\n<td width=\"124\"><strong>Terrain de golf Aphrodite Hills<\/strong><\/td>\n<td width=\"113\"><strong>Vall\u00e9e secr\u00e8te <\/strong><\/td>\n<td width=\"113\"><strong>Club de golf de Minthis<\/strong><\/td>\n<td width=\"113\"><strong>Golf d&rsquo;El\u00e9a <\/strong><\/td>\n<\/tr>\n<tr>\n<td><strong>Trous :<\/strong><\/td>\n<td width=\"124\">18<\/td>\n<td width=\"113\">18<\/td>\n<td width=\"113\">18<\/td>\n<td width=\"113\">18<\/td>\n<\/tr>\n<\/thead>\n<tbody>\n<tr>\n<td><strong>Par :<\/strong><\/td>\n<td width=\"124\">71<\/td>\n<td width=\"113\">71<\/td>\n<td width=\"113\">72<\/td>\n<td width=\"113\">71<\/td>\n<\/tr>\n<tr>\n<td><strong>Longueur :<\/strong><\/td>\n<td width=\"124\">6289 m<\/td>\n<td width=\"113\">5989 m<\/td>\n<td width=\"113\">5902 m<\/td>\n<td width=\"113\">6194 m<\/td>\n<\/tr>\n<tr>\n<td><strong>Handicap hommes :<\/strong><\/td>\n<td width=\"124\">28<\/td>\n<td width=\"113\">28<\/td>\n<td width=\"113\">36<\/td>\n<td width=\"113\">28<\/td>\n<\/tr>\n<tr>\n<td><strong>Handicap pour les femmes :<\/strong><\/td>\n<td width=\"124\">36<\/td>\n<td width=\"113\">36<\/td>\n<td width=\"113\">36<\/td>\n<td width=\"113\">36<\/td>\n<\/tr>\n<tr>\n<td><strong>Distance des h\u00f4tels Constantinou Bros  <\/strong><\/td>\n<td width=\"124\">Environ<br \/>\n25 km <\/td>\n<td width=\"113\">Environ<br \/>\n25 km <\/td>\n<td width=\"113\">Approx.<br \/>\n18 km <\/td>\n<td width=\"113\">Environ<br \/>\n6 km <\/td>\n<\/tr>\n<\/tbody>\n<\/table>\n","protected":false},"excerpt":{"rendered":"<p>Vivez des vacances de golf inoubliables \u00e0 Chypre avec CONSTANTINOU BROS HOTELS &nbsp; Chacun des quatre terrains de golf se trouve \u00e0 proximit\u00e9 de tous les CONSTANTINOU BROS HOTELS. Bien que le golf \u00e0 Chypre soit encore relativement nouveau, le pays s&rsquo;av\u00e8re d\u00e9j\u00e0 \u00eatre une destination de premier plan pour les golfeurs. R\u00e9servez vos heures<\/p>\n","protected":false},"author":100,"featured_media":21720,"parent":14088,"menu_order":0,"comment_status":"closed","ping_status":"closed","template":"","meta":{"_acf_changed":false,"footnotes":""},"class_list":["post-21701","page","type-page","status-publish","has-post-thumbnail","hentry"],"acf":[],"yoast_head":"<!-- This site is optimized with the Yoast SEO plugin v27.3 - https:\/\/yoast.com\/product\/yoast-seo-wordpress\/ -->\n<title>Vacances de golf - Constantinou Bros Hotels<\/title>\n<meta name=\"description\" content=\"Les h\u00f4tels Constantinou Bros proposent aux amateurs de golf des h\u00e9bergements de qualit\u00e9 et des tarifs sp\u00e9ciaux pour les d\u00e9parts de golf, pour un concept de vacances parfaites \u00e0 Paphos, \u00e0 Chypre.\" \/>\n<meta name=\"robots\" content=\"index, follow, max-snippet:-1, max-image-preview:large, max-video-preview:-1\" \/>\n<link rel=\"canonical\" href=\"https:\/\/www.cbh-cyprus.com\/fr\/activities\/vacances-golf\/\" \/>\n<meta property=\"og:locale\" content=\"fr_FR\" \/>\n<meta property=\"og:type\" content=\"article\" \/>\n<meta property=\"og:title\" content=\"Vacances de golf - Constantinou Bros Hotels\" \/>\n<meta property=\"og:description\" content=\"Les h\u00f4tels Constantinou Bros proposent aux amateurs de golf des h\u00e9bergements de qualit\u00e9 et des tarifs sp\u00e9ciaux pour les d\u00e9parts de golf, pour un concept de vacances parfaites \u00e0 Paphos, \u00e0 Chypre.\" \/>\n<meta property=\"og:url\" content=\"https:\/\/www.cbh-cyprus.com\/fr\/activities\/vacances-golf\/\" \/>\n<meta property=\"og:site_name\" content=\"Constantinou Bros Hotels\" \/>\n<meta property=\"article:modified_time\" content=\"2024-09-13T08:41:05+00:00\" \/>\n<meta property=\"og:image\" content=\"https:\/\/www.cbh-cyprus.com\/app\/uploads\/sites\/30\/2022\/07\/Minthis-new-greens-bunkers-e1657714190659.jpg\" \/>\n\t<meta property=\"og:image:width\" content=\"4000\" \/>\n\t<meta property=\"og:image:height\" content=\"2316\" \/>\n\t<meta property=\"og:image:type\" content=\"image\/jpeg\" \/>\n<meta name=\"twitter:card\" content=\"summary_large_image\" \/>\n<meta name=\"twitter:label1\" content=\"Dur\u00e9e de lecture estim\u00e9e\" \/>\n\t<meta name=\"twitter:data1\" content=\"2 minutes\" \/>\n<script type=\"application\/ld+json\" class=\"yoast-schema-graph\">{\"@context\":\"https:\\\/\\\/schema.org\",\"@graph\":[{\"@type\":\"WebPage\",\"@id\":\"https:\\\/\\\/www.cbh-cyprus.com\\\/fr\\\/activities\\\/vacances-golf\\\/\",\"url\":\"https:\\\/\\\/www.cbh-cyprus.com\\\/fr\\\/activities\\\/vacances-golf\\\/\",\"name\":\"Vacances de golf - Constantinou Bros Hotels\",\"isPartOf\":{\"@id\":\"https:\\\/\\\/www.cbh-cyprus.com\\\/fr\\\/#website\"},\"primaryImageOfPage\":{\"@id\":\"https:\\\/\\\/www.cbh-cyprus.com\\\/fr\\\/activities\\\/vacances-golf\\\/#primaryimage\"},\"image\":{\"@id\":\"https:\\\/\\\/www.cbh-cyprus.com\\\/fr\\\/activities\\\/vacances-golf\\\/#primaryimage\"},\"thumbnailUrl\":\"https:\\\/\\\/www.cbh-cyprus.com\\\/app\\\/uploads\\\/sites\\\/30\\\/2022\\\/07\\\/Minthis-new-greens-bunkers-e1657714190659.jpg\",\"datePublished\":\"2020-09-13T09:00:40+00:00\",\"dateModified\":\"2024-09-13T08:41:05+00:00\",\"description\":\"Les h\u00f4tels Constantinou Bros proposent aux amateurs de golf des h\u00e9bergements de qualit\u00e9 et des tarifs sp\u00e9ciaux pour les d\u00e9parts de golf, pour un concept de vacances parfaites \u00e0 Paphos, \u00e0 Chypre.\",\"breadcrumb\":{\"@id\":\"https:\\\/\\\/www.cbh-cyprus.com\\\/fr\\\/activities\\\/vacances-golf\\\/#breadcrumb\"},\"inLanguage\":\"fr-FR\",\"potentialAction\":[{\"@type\":\"ReadAction\",\"target\":[\"https:\\\/\\\/www.cbh-cyprus.com\\\/fr\\\/activities\\\/vacances-golf\\\/\"]}]},{\"@type\":\"ImageObject\",\"inLanguage\":\"fr-FR\",\"@id\":\"https:\\\/\\\/www.cbh-cyprus.com\\\/fr\\\/activities\\\/vacances-golf\\\/#primaryimage\",\"url\":\"https:\\\/\\\/www.cbh-cyprus.com\\\/app\\\/uploads\\\/sites\\\/30\\\/2022\\\/07\\\/Minthis-new-greens-bunkers-e1657714190659.jpg\",\"contentUrl\":\"https:\\\/\\\/www.cbh-cyprus.com\\\/app\\\/uploads\\\/sites\\\/30\\\/2022\\\/07\\\/Minthis-new-greens-bunkers-e1657714190659.jpg\",\"width\":4000,\"height\":2316},{\"@type\":\"BreadcrumbList\",\"@id\":\"https:\\\/\\\/www.cbh-cyprus.com\\\/fr\\\/activities\\\/vacances-golf\\\/#breadcrumb\",\"itemListElement\":[{\"@type\":\"ListItem\",\"position\":1,\"name\":\"Home\",\"item\":\"https:\\\/\\\/www.cbh-cyprus.com\\\/fr\\\/welcome-to-constantinou-bros-hotels\\\/\"},{\"@type\":\"ListItem\",\"position\":2,\"name\":\"Activit\u00e9s\",\"item\":\"https:\\\/\\\/www.cbh-cyprus.com\\\/fr\\\/activities\\\/\"},{\"@type\":\"ListItem\",\"position\":3,\"name\":\"Vacances de golf\"}]},{\"@type\":\"WebSite\",\"@id\":\"https:\\\/\\\/www.cbh-cyprus.com\\\/fr\\\/#website\",\"url\":\"https:\\\/\\\/www.cbh-cyprus.com\\\/fr\\\/\",\"name\":\"Constantinou Bros Hotels\",\"description\":\"Constantinou Bros Hotels\",\"publisher\":{\"@id\":\"https:\\\/\\\/www.cbh-cyprus.com\\\/fr\\\/#organization\"},\"potentialAction\":[{\"@type\":\"SearchAction\",\"target\":{\"@type\":\"EntryPoint\",\"urlTemplate\":\"https:\\\/\\\/www.cbh-cyprus.com\\\/fr\\\/?s={search_term_string}\"},\"query-input\":{\"@type\":\"PropertyValueSpecification\",\"valueRequired\":true,\"valueName\":\"search_term_string\"}}],\"inLanguage\":\"fr-FR\"},{\"@type\":\"Organization\",\"@id\":\"https:\\\/\\\/www.cbh-cyprus.com\\\/fr\\\/#organization\",\"name\":\"Constantinou Bros Hotels\",\"url\":\"https:\\\/\\\/www.cbh-cyprus.com\\\/fr\\\/\",\"logo\":{\"@type\":\"ImageObject\",\"inLanguage\":\"fr-FR\",\"@id\":\"https:\\\/\\\/www.cbh-cyprus.com\\\/fr\\\/#\\\/schema\\\/logo\\\/image\\\/\",\"url\":\"https:\\\/\\\/www.cbh-cyprus.com\\\/app\\\/uploads\\\/sites\\\/30\\\/2020\\\/10\\\/cbh.jpg\",\"contentUrl\":\"https:\\\/\\\/www.cbh-cyprus.com\\\/app\\\/uploads\\\/sites\\\/30\\\/2020\\\/10\\\/cbh.jpg\",\"width\":1013,\"height\":419,\"caption\":\"Constantinou Bros Hotels\"},\"image\":{\"@id\":\"https:\\\/\\\/www.cbh-cyprus.com\\\/fr\\\/#\\\/schema\\\/logo\\\/image\\\/\"}}]}<\/script>\n<!-- \/ Yoast SEO plugin. -->","yoast_head_json":{"title":"Vacances de golf - Constantinou Bros Hotels","description":"Les h\u00f4tels Constantinou Bros proposent aux amateurs de golf des h\u00e9bergements de qualit\u00e9 et des tarifs sp\u00e9ciaux pour les d\u00e9parts de golf, pour un concept de vacances parfaites \u00e0 Paphos, \u00e0 Chypre.","robots":{"index":"index","follow":"follow","max-snippet":"max-snippet:-1","max-image-preview":"max-image-preview:large","max-video-preview":"max-video-preview:-1"},"canonical":"https:\/\/www.cbh-cyprus.com\/fr\/activities\/vacances-golf\/","og_locale":"fr_FR","og_type":"article","og_title":"Vacances de golf - Constantinou Bros Hotels","og_description":"Les h\u00f4tels Constantinou Bros proposent aux amateurs de golf des h\u00e9bergements de qualit\u00e9 et des tarifs sp\u00e9ciaux pour les d\u00e9parts de golf, pour un concept de vacances parfaites \u00e0 Paphos, \u00e0 Chypre.","og_url":"https:\/\/www.cbh-cyprus.com\/fr\/activities\/vacances-golf\/","og_site_name":"Constantinou Bros Hotels","article_modified_time":"2024-09-13T08:41:05+00:00","og_image":[{"width":4000,"height":2316,"url":"https:\/\/www.cbh-cyprus.com\/app\/uploads\/sites\/30\/2022\/07\/Minthis-new-greens-bunkers-e1657714190659.jpg","type":"image\/jpeg"}],"twitter_card":"summary_large_image","twitter_misc":{"Dur\u00e9e de lecture estim\u00e9e":"2 minutes"},"schema":{"@context":"https:\/\/schema.org","@graph":[{"@type":"WebPage","@id":"https:\/\/www.cbh-cyprus.com\/fr\/activities\/vacances-golf\/","url":"https:\/\/www.cbh-cyprus.com\/fr\/activities\/vacances-golf\/","name":"Vacances de golf - Constantinou Bros Hotels","isPartOf":{"@id":"https:\/\/www.cbh-cyprus.com\/fr\/#website"},"primaryImageOfPage":{"@id":"https:\/\/www.cbh-cyprus.com\/fr\/activities\/vacances-golf\/#primaryimage"},"image":{"@id":"https:\/\/www.cbh-cyprus.com\/fr\/activities\/vacances-golf\/#primaryimage"},"thumbnailUrl":"https:\/\/www.cbh-cyprus.com\/app\/uploads\/sites\/30\/2022\/07\/Minthis-new-greens-bunkers-e1657714190659.jpg","datePublished":"2020-09-13T09:00:40+00:00","dateModified":"2024-09-13T08:41:05+00:00","description":"Les h\u00f4tels Constantinou Bros proposent aux amateurs de golf des h\u00e9bergements de qualit\u00e9 et des tarifs sp\u00e9ciaux pour les d\u00e9parts de golf, pour un concept de vacances parfaites \u00e0 Paphos, \u00e0 Chypre.","breadcrumb":{"@id":"https:\/\/www.cbh-cyprus.com\/fr\/activities\/vacances-golf\/#breadcrumb"},"inLanguage":"fr-FR","potentialAction":[{"@type":"ReadAction","target":["https:\/\/www.cbh-cyprus.com\/fr\/activities\/vacances-golf\/"]}]},{"@type":"ImageObject","inLanguage":"fr-FR","@id":"https:\/\/www.cbh-cyprus.com\/fr\/activities\/vacances-golf\/#primaryimage","url":"https:\/\/www.cbh-cyprus.com\/app\/uploads\/sites\/30\/2022\/07\/Minthis-new-greens-bunkers-e1657714190659.jpg","contentUrl":"https:\/\/www.cbh-cyprus.com\/app\/uploads\/sites\/30\/2022\/07\/Minthis-new-greens-bunkers-e1657714190659.jpg","width":4000,"height":2316},{"@type":"BreadcrumbList","@id":"https:\/\/www.cbh-cyprus.com\/fr\/activities\/vacances-golf\/#breadcrumb","itemListElement":[{"@type":"ListItem","position":1,"name":"Home","item":"https:\/\/www.cbh-cyprus.com\/fr\/welcome-to-constantinou-bros-hotels\/"},{"@type":"ListItem","position":2,"name":"Activit\u00e9s","item":"https:\/\/www.cbh-cyprus.com\/fr\/activities\/"},{"@type":"ListItem","position":3,"name":"Vacances de golf"}]},{"@type":"WebSite","@id":"https:\/\/www.cbh-cyprus.com\/fr\/#website","url":"https:\/\/www.cbh-cyprus.com\/fr\/","name":"Constantinou Bros Hotels","description":"Constantinou Bros Hotels","publisher":{"@id":"https:\/\/www.cbh-cyprus.com\/fr\/#organization"},"potentialAction":[{"@type":"SearchAction","target":{"@type":"EntryPoint","urlTemplate":"https:\/\/www.cbh-cyprus.com\/fr\/?s={search_term_string}"},"query-input":{"@type":"PropertyValueSpecification","valueRequired":true,"valueName":"search_term_string"}}],"inLanguage":"fr-FR"},{"@type":"Organization","@id":"https:\/\/www.cbh-cyprus.com\/fr\/#organization","name":"Constantinou Bros Hotels","url":"https:\/\/www.cbh-cyprus.com\/fr\/","logo":{"@type":"ImageObject","inLanguage":"fr-FR","@id":"https:\/\/www.cbh-cyprus.com\/fr\/#\/schema\/logo\/image\/","url":"https:\/\/www.cbh-cyprus.com\/app\/uploads\/sites\/30\/2020\/10\/cbh.jpg","contentUrl":"https:\/\/www.cbh-cyprus.com\/app\/uploads\/sites\/30\/2020\/10\/cbh.jpg","width":1013,"height":419,"caption":"Constantinou Bros Hotels"},"image":{"@id":"https:\/\/www.cbh-cyprus.com\/fr\/#\/schema\/logo\/image\/"}}]}},"_links":{"self":[{"href":"https:\/\/www.cbh-cyprus.com\/fr\/wp-json\/wp\/v2\/pages\/21701","targetHints":{"allow":["GET"]}}],"collection":[{"href":"https:\/\/www.cbh-cyprus.com\/fr\/wp-json\/wp\/v2\/pages"}],"about":[{"href":"https:\/\/www.cbh-cyprus.com\/fr\/wp-json\/wp\/v2\/types\/page"}],"author":[{"embeddable":true,"href":"https:\/\/www.cbh-cyprus.com\/fr\/wp-json\/wp\/v2\/users\/100"}],"replies":[{"embeddable":true,"href":"https:\/\/www.cbh-cyprus.com\/fr\/wp-json\/wp\/v2\/comments?post=21701"}],"version-history":[{"count":10,"href":"https:\/\/www.cbh-cyprus.com\/fr\/wp-json\/wp\/v2\/pages\/21701\/revisions"}],"predecessor-version":[{"id":37293,"href":"https:\/\/www.cbh-cyprus.com\/fr\/wp-json\/wp\/v2\/pages\/21701\/revisions\/37293"}],"up":[{"embeddable":true,"href":"https:\/\/www.cbh-cyprus.com\/fr\/wp-json\/wp\/v2\/pages\/14088"}],"wp:featuredmedia":[{"embeddable":true,"href":"https:\/\/www.cbh-cyprus.com\/fr\/wp-json\/wp\/v2\/media\/21720"}],"wp:attachment":[{"href":"https:\/\/www.cbh-cyprus.com\/fr\/wp-json\/wp\/v2\/media?parent=21701"}],"curies":[{"name":"wp","href":"https:\/\/api.w.org\/{rel}","templated":true}]}}