{"id":30329,"date":"2022-12-28T15:59:30","date_gmt":"2022-12-28T12:59:30","guid":{"rendered":"https:\/\/www.cbh-cyprus.com\/activities\/bowling-holidays\/bowling-news\/atlantic-senior-fours-2023\/"},"modified":"2024-09-13T11:44:02","modified_gmt":"2024-09-13T08:44:02","slug":"atlantic-senior-fours-2023","status":"publish","type":"page","link":"https:\/\/www.cbh-cyprus.com\/fr\/activities\/bowling-holidays\/bowling-news\/atlantic-senior-fours-2023\/","title":{"rendered":"ATLANTIC SENIOR FOURS 2023"},"content":{"rendered":"<h1>L&rsquo;\u00e9v\u00e9nement Atlantic Senior Fours se tiendra \u00e0 l&rsquo;h\u00f4tel Constantinou Bros Athena Beach !<\/h1>\n<p>  Bowls Cyprus, en partenariat avec Constantinou Bros Hotels, a le plaisir d&rsquo;annoncer que l&rsquo;\u00e9v\u00e9nement international tr\u00e8s attendu, \u00e0 savoir l&rsquo;Atlantic Senior Fours, se tiendra au Constantinou Bros Athena Beach Hotel en d\u00e9cembre 2023.<br \/>\nLa comp\u00e9tition se d\u00e9roulera du 1er au 12 d\u00e9cembre 2023.<br \/>\nPour plus d&rsquo;informations, veuillez cliquer sur le lien suivant : <a href=\"https:\/\/www.atlantic-senior-fours.com\/\" target=\"_blank\" rel=\"noopener\">Atlantic Senior<\/a><strong> Fours**<\/strong> L&rsquo;h\u00f4tel Constantinou Bros Athena Beach a le plaisir d&rsquo;offrir un forfait aux spectateurs de l&rsquo;Atlantic Senior lors de s\u00e9jours entre le 1-12\/12\/2023.<br \/>\nB\u00e9n\u00e9ficiez des avantages suivants en entrant le <strong>code de r\u00e9servation : 138ATLSPE<\/strong> lors de votre r\u00e9servation.<br \/>\nLes tarifs comprennent<br \/>\na) Le droit d&rsquo;entr\u00e9e pendant la p\u00e9riode de comp\u00e9tition 01-12\/12\/2023.<br \/>\nb) R\u00e9ception officielle avec boisson de bienvenue.        &nbsp;<\/p>\n<p>&nbsp;<\/p>\n","protected":false},"excerpt":{"rendered":"<p>L&rsquo;\u00e9v\u00e9nement Atlantic Senior Fours se tiendra \u00e0 l&rsquo;h\u00f4tel Constantinou Bros Athena Beach ! Bowls Cyprus, en partenariat avec Constantinou Bros Hotels, a le plaisir d&rsquo;annoncer que l&rsquo;\u00e9v\u00e9nement international tr\u00e8s attendu, \u00e0 savoir l&rsquo;Atlantic Senior Fours, se tiendra au Constantinou Bros Athena Beach Hotel en d\u00e9cembre 2023. La comp\u00e9tition se d\u00e9roulera du 1er au 12 d\u00e9cembre<\/p>\n","protected":false},"author":100,"featured_media":30322,"parent":13817,"menu_order":0,"comment_status":"closed","ping_status":"closed","template":"","meta":{"_acf_changed":false,"footnotes":""},"class_list":["post-30329","page","type-page","status-publish","has-post-thumbnail","hentry"],"acf":[],"yoast_head":"<!-- This site is optimized with the Yoast SEO plugin v27.3 - https:\/\/yoast.com\/product\/yoast-seo-wordpress\/ -->\n<title>ATLANTIC SENIOR FOURS 2023 - Constantinou Bros Hotels<\/title>\n<meta name=\"description\" content=\"Constantinou Bros Hotels propose un s\u00e9jour Atlantic Senior Fours 2023 qui comprend les droits d&#039;entr\u00e9e pour la dur\u00e9e du tournoi, du 1er au 12 d\u00e9cembre.\" \/>\n<meta name=\"robots\" content=\"index, follow, max-snippet:-1, max-image-preview:large, max-video-preview:-1\" \/>\n<link rel=\"canonical\" href=\"https:\/\/www.cbh-cyprus.com\/fr\/activities\/bowling-holidays\/bowling-news\/atlantic-senior-fours-2023\/\" \/>\n<meta property=\"og:locale\" content=\"fr_FR\" \/>\n<meta property=\"og:type\" content=\"article\" \/>\n<meta property=\"og:title\" content=\"ATLANTIC SENIOR FOURS 2023 - Constantinou Bros Hotels\" \/>\n<meta property=\"og:description\" content=\"Constantinou Bros Hotels propose un s\u00e9jour Atlantic Senior Fours 2023 qui comprend les droits d&#039;entr\u00e9e pour la dur\u00e9e du tournoi, du 1er au 12 d\u00e9cembre.\" \/>\n<meta property=\"og:url\" content=\"https:\/\/www.cbh-cyprus.com\/fr\/activities\/bowling-holidays\/bowling-news\/atlantic-senior-fours-2023\/\" \/>\n<meta property=\"og:site_name\" content=\"Constantinou Bros Hotels\" \/>\n<meta property=\"article:modified_time\" content=\"2024-09-13T08:44:02+00:00\" \/>\n<meta property=\"og:image\" content=\"https:\/\/www.cbh-cyprus.com\/app\/uploads\/sites\/30\/2022\/12\/ATHENA-ATHENA-ROYAL-BOWLS.jpg\" \/>\n\t<meta property=\"og:image:width\" content=\"2953\" \/>\n\t<meta property=\"og:image:height\" content=\"2205\" \/>\n\t<meta property=\"og:image:type\" content=\"image\/jpeg\" \/>\n<meta name=\"twitter:card\" content=\"summary_large_image\" \/>\n<meta name=\"twitter:label1\" content=\"Dur\u00e9e de lecture estim\u00e9e\" \/>\n\t<meta name=\"twitter:data1\" content=\"1 minute\" \/>\n<script type=\"application\/ld+json\" class=\"yoast-schema-graph\">{\"@context\":\"https:\\\/\\\/schema.org\",\"@graph\":[{\"@type\":\"WebPage\",\"@id\":\"https:\\\/\\\/www.cbh-cyprus.com\\\/fr\\\/activities\\\/bowling-holidays\\\/bowling-news\\\/atlantic-senior-fours-2023\\\/\",\"url\":\"https:\\\/\\\/www.cbh-cyprus.com\\\/fr\\\/activities\\\/bowling-holidays\\\/bowling-news\\\/atlantic-senior-fours-2023\\\/\",\"name\":\"ATLANTIC SENIOR FOURS 2023 - Constantinou Bros Hotels\",\"isPartOf\":{\"@id\":\"https:\\\/\\\/www.cbh-cyprus.com\\\/fr\\\/#website\"},\"primaryImageOfPage\":{\"@id\":\"https:\\\/\\\/www.cbh-cyprus.com\\\/fr\\\/activities\\\/bowling-holidays\\\/bowling-news\\\/atlantic-senior-fours-2023\\\/#primaryimage\"},\"image\":{\"@id\":\"https:\\\/\\\/www.cbh-cyprus.com\\\/fr\\\/activities\\\/bowling-holidays\\\/bowling-news\\\/atlantic-senior-fours-2023\\\/#primaryimage\"},\"thumbnailUrl\":\"https:\\\/\\\/www.cbh-cyprus.com\\\/app\\\/uploads\\\/sites\\\/30\\\/2022\\\/12\\\/ATHENA-ATHENA-ROYAL-BOWLS.jpg\",\"datePublished\":\"2022-12-28T12:59:30+00:00\",\"dateModified\":\"2024-09-13T08:44:02+00:00\",\"description\":\"Constantinou Bros Hotels propose un s\u00e9jour Atlantic Senior Fours 2023 qui comprend les droits d'entr\u00e9e pour la dur\u00e9e du tournoi, du 1er au 12 d\u00e9cembre.\",\"breadcrumb\":{\"@id\":\"https:\\\/\\\/www.cbh-cyprus.com\\\/fr\\\/activities\\\/bowling-holidays\\\/bowling-news\\\/atlantic-senior-fours-2023\\\/#breadcrumb\"},\"inLanguage\":\"fr-FR\",\"potentialAction\":[{\"@type\":\"ReadAction\",\"target\":[\"https:\\\/\\\/www.cbh-cyprus.com\\\/fr\\\/activities\\\/bowling-holidays\\\/bowling-news\\\/atlantic-senior-fours-2023\\\/\"]}]},{\"@type\":\"ImageObject\",\"inLanguage\":\"fr-FR\",\"@id\":\"https:\\\/\\\/www.cbh-cyprus.com\\\/fr\\\/activities\\\/bowling-holidays\\\/bowling-news\\\/atlantic-senior-fours-2023\\\/#primaryimage\",\"url\":\"https:\\\/\\\/www.cbh-cyprus.com\\\/app\\\/uploads\\\/sites\\\/30\\\/2022\\\/12\\\/ATHENA-ATHENA-ROYAL-BOWLS.jpg\",\"contentUrl\":\"https:\\\/\\\/www.cbh-cyprus.com\\\/app\\\/uploads\\\/sites\\\/30\\\/2022\\\/12\\\/ATHENA-ATHENA-ROYAL-BOWLS.jpg\",\"width\":2953,\"height\":2205},{\"@type\":\"BreadcrumbList\",\"@id\":\"https:\\\/\\\/www.cbh-cyprus.com\\\/fr\\\/activities\\\/bowling-holidays\\\/bowling-news\\\/atlantic-senior-fours-2023\\\/#breadcrumb\",\"itemListElement\":[{\"@type\":\"ListItem\",\"position\":1,\"name\":\"Home\",\"item\":\"https:\\\/\\\/www.cbh-cyprus.com\\\/fr\\\/welcome-to-constantinou-bros-hotels\\\/\"},{\"@type\":\"ListItem\",\"position\":2,\"name\":\"Activit\u00e9s\",\"item\":\"https:\\\/\\\/www.cbh-cyprus.com\\\/fr\\\/activities\\\/\"},{\"@type\":\"ListItem\",\"position\":3,\"name\":\"Vacances au bowling\",\"item\":\"https:\\\/\\\/www.cbh-cyprus.com\\\/fr\\\/activities\\\/bowling-holidays\\\/\"},{\"@type\":\"ListItem\",\"position\":4,\"name\":\"Nouvelles du bowling\",\"item\":\"https:\\\/\\\/www.cbh-cyprus.com\\\/fr\\\/activities\\\/bowling-holidays\\\/bowling-news\\\/\"},{\"@type\":\"ListItem\",\"position\":5,\"name\":\"ATLANTIC SENIOR FOURS 2023\"}]},{\"@type\":\"WebSite\",\"@id\":\"https:\\\/\\\/www.cbh-cyprus.com\\\/fr\\\/#website\",\"url\":\"https:\\\/\\\/www.cbh-cyprus.com\\\/fr\\\/\",\"name\":\"Constantinou Bros Hotels\",\"description\":\"Constantinou Bros Hotels\",\"publisher\":{\"@id\":\"https:\\\/\\\/www.cbh-cyprus.com\\\/fr\\\/#organization\"},\"potentialAction\":[{\"@type\":\"SearchAction\",\"target\":{\"@type\":\"EntryPoint\",\"urlTemplate\":\"https:\\\/\\\/www.cbh-cyprus.com\\\/fr\\\/?s={search_term_string}\"},\"query-input\":{\"@type\":\"PropertyValueSpecification\",\"valueRequired\":true,\"valueName\":\"search_term_string\"}}],\"inLanguage\":\"fr-FR\"},{\"@type\":\"Organization\",\"@id\":\"https:\\\/\\\/www.cbh-cyprus.com\\\/fr\\\/#organization\",\"name\":\"Constantinou Bros Hotels\",\"url\":\"https:\\\/\\\/www.cbh-cyprus.com\\\/fr\\\/\",\"logo\":{\"@type\":\"ImageObject\",\"inLanguage\":\"fr-FR\",\"@id\":\"https:\\\/\\\/www.cbh-cyprus.com\\\/fr\\\/#\\\/schema\\\/logo\\\/image\\\/\",\"url\":\"https:\\\/\\\/www.cbh-cyprus.com\\\/app\\\/uploads\\\/sites\\\/30\\\/2020\\\/10\\\/cbh.jpg\",\"contentUrl\":\"https:\\\/\\\/www.cbh-cyprus.com\\\/app\\\/uploads\\\/sites\\\/30\\\/2020\\\/10\\\/cbh.jpg\",\"width\":1013,\"height\":419,\"caption\":\"Constantinou Bros Hotels\"},\"image\":{\"@id\":\"https:\\\/\\\/www.cbh-cyprus.com\\\/fr\\\/#\\\/schema\\\/logo\\\/image\\\/\"}}]}<\/script>\n<!-- \/ Yoast SEO plugin. -->","yoast_head_json":{"title":"ATLANTIC SENIOR FOURS 2023 - Constantinou Bros Hotels","description":"Constantinou Bros Hotels propose un s\u00e9jour Atlantic Senior Fours 2023 qui comprend les droits d'entr\u00e9e pour la dur\u00e9e du tournoi, du 1er au 12 d\u00e9cembre.","robots":{"index":"index","follow":"follow","max-snippet":"max-snippet:-1","max-image-preview":"max-image-preview:large","max-video-preview":"max-video-preview:-1"},"canonical":"https:\/\/www.cbh-cyprus.com\/fr\/activities\/bowling-holidays\/bowling-news\/atlantic-senior-fours-2023\/","og_locale":"fr_FR","og_type":"article","og_title":"ATLANTIC SENIOR FOURS 2023 - Constantinou Bros Hotels","og_description":"Constantinou Bros Hotels propose un s\u00e9jour Atlantic Senior Fours 2023 qui comprend les droits d'entr\u00e9e pour la dur\u00e9e du tournoi, du 1er au 12 d\u00e9cembre.","og_url":"https:\/\/www.cbh-cyprus.com\/fr\/activities\/bowling-holidays\/bowling-news\/atlantic-senior-fours-2023\/","og_site_name":"Constantinou Bros Hotels","article_modified_time":"2024-09-13T08:44:02+00:00","og_image":[{"width":2953,"height":2205,"url":"https:\/\/www.cbh-cyprus.com\/app\/uploads\/sites\/30\/2022\/12\/ATHENA-ATHENA-ROYAL-BOWLS.jpg","type":"image\/jpeg"}],"twitter_card":"summary_large_image","twitter_misc":{"Dur\u00e9e de lecture estim\u00e9e":"1 minute"},"schema":{"@context":"https:\/\/schema.org","@graph":[{"@type":"WebPage","@id":"https:\/\/www.cbh-cyprus.com\/fr\/activities\/bowling-holidays\/bowling-news\/atlantic-senior-fours-2023\/","url":"https:\/\/www.cbh-cyprus.com\/fr\/activities\/bowling-holidays\/bowling-news\/atlantic-senior-fours-2023\/","name":"ATLANTIC SENIOR FOURS 2023 - Constantinou Bros Hotels","isPartOf":{"@id":"https:\/\/www.cbh-cyprus.com\/fr\/#website"},"primaryImageOfPage":{"@id":"https:\/\/www.cbh-cyprus.com\/fr\/activities\/bowling-holidays\/bowling-news\/atlantic-senior-fours-2023\/#primaryimage"},"image":{"@id":"https:\/\/www.cbh-cyprus.com\/fr\/activities\/bowling-holidays\/bowling-news\/atlantic-senior-fours-2023\/#primaryimage"},"thumbnailUrl":"https:\/\/www.cbh-cyprus.com\/app\/uploads\/sites\/30\/2022\/12\/ATHENA-ATHENA-ROYAL-BOWLS.jpg","datePublished":"2022-12-28T12:59:30+00:00","dateModified":"2024-09-13T08:44:02+00:00","description":"Constantinou Bros Hotels propose un s\u00e9jour Atlantic Senior Fours 2023 qui comprend les droits d'entr\u00e9e pour la dur\u00e9e du tournoi, du 1er au 12 d\u00e9cembre.","breadcrumb":{"@id":"https:\/\/www.cbh-cyprus.com\/fr\/activities\/bowling-holidays\/bowling-news\/atlantic-senior-fours-2023\/#breadcrumb"},"inLanguage":"fr-FR","potentialAction":[{"@type":"ReadAction","target":["https:\/\/www.cbh-cyprus.com\/fr\/activities\/bowling-holidays\/bowling-news\/atlantic-senior-fours-2023\/"]}]},{"@type":"ImageObject","inLanguage":"fr-FR","@id":"https:\/\/www.cbh-cyprus.com\/fr\/activities\/bowling-holidays\/bowling-news\/atlantic-senior-fours-2023\/#primaryimage","url":"https:\/\/www.cbh-cyprus.com\/app\/uploads\/sites\/30\/2022\/12\/ATHENA-ATHENA-ROYAL-BOWLS.jpg","contentUrl":"https:\/\/www.cbh-cyprus.com\/app\/uploads\/sites\/30\/2022\/12\/ATHENA-ATHENA-ROYAL-BOWLS.jpg","width":2953,"height":2205},{"@type":"BreadcrumbList","@id":"https:\/\/www.cbh-cyprus.com\/fr\/activities\/bowling-holidays\/bowling-news\/atlantic-senior-fours-2023\/#breadcrumb","itemListElement":[{"@type":"ListItem","position":1,"name":"Home","item":"https:\/\/www.cbh-cyprus.com\/fr\/welcome-to-constantinou-bros-hotels\/"},{"@type":"ListItem","position":2,"name":"Activit\u00e9s","item":"https:\/\/www.cbh-cyprus.com\/fr\/activities\/"},{"@type":"ListItem","position":3,"name":"Vacances au bowling","item":"https:\/\/www.cbh-cyprus.com\/fr\/activities\/bowling-holidays\/"},{"@type":"ListItem","position":4,"name":"Nouvelles du bowling","item":"https:\/\/www.cbh-cyprus.com\/fr\/activities\/bowling-holidays\/bowling-news\/"},{"@type":"ListItem","position":5,"name":"ATLANTIC SENIOR FOURS 2023"}]},{"@type":"WebSite","@id":"https:\/\/www.cbh-cyprus.com\/fr\/#website","url":"https:\/\/www.cbh-cyprus.com\/fr\/","name":"Constantinou Bros Hotels","description":"Constantinou Bros Hotels","publisher":{"@id":"https:\/\/www.cbh-cyprus.com\/fr\/#organization"},"potentialAction":[{"@type":"SearchAction","target":{"@type":"EntryPoint","urlTemplate":"https:\/\/www.cbh-cyprus.com\/fr\/?s={search_term_string}"},"query-input":{"@type":"PropertyValueSpecification","valueRequired":true,"valueName":"search_term_string"}}],"inLanguage":"fr-FR"},{"@type":"Organization","@id":"https:\/\/www.cbh-cyprus.com\/fr\/#organization","name":"Constantinou Bros Hotels","url":"https:\/\/www.cbh-cyprus.com\/fr\/","logo":{"@type":"ImageObject","inLanguage":"fr-FR","@id":"https:\/\/www.cbh-cyprus.com\/fr\/#\/schema\/logo\/image\/","url":"https:\/\/www.cbh-cyprus.com\/app\/uploads\/sites\/30\/2020\/10\/cbh.jpg","contentUrl":"https:\/\/www.cbh-cyprus.com\/app\/uploads\/sites\/30\/2020\/10\/cbh.jpg","width":1013,"height":419,"caption":"Constantinou Bros Hotels"},"image":{"@id":"https:\/\/www.cbh-cyprus.com\/fr\/#\/schema\/logo\/image\/"}}]}},"_links":{"self":[{"href":"https:\/\/www.cbh-cyprus.com\/fr\/wp-json\/wp\/v2\/pages\/30329","targetHints":{"allow":["GET"]}}],"collection":[{"href":"https:\/\/www.cbh-cyprus.com\/fr\/wp-json\/wp\/v2\/pages"}],"about":[{"href":"https:\/\/www.cbh-cyprus.com\/fr\/wp-json\/wp\/v2\/types\/page"}],"author":[{"embeddable":true,"href":"https:\/\/www.cbh-cyprus.com\/fr\/wp-json\/wp\/v2\/users\/100"}],"replies":[{"embeddable":true,"href":"https:\/\/www.cbh-cyprus.com\/fr\/wp-json\/wp\/v2\/comments?post=30329"}],"version-history":[{"count":10,"href":"https:\/\/www.cbh-cyprus.com\/fr\/wp-json\/wp\/v2\/pages\/30329\/revisions"}],"predecessor-version":[{"id":41237,"href":"https:\/\/www.cbh-cyprus.com\/fr\/wp-json\/wp\/v2\/pages\/30329\/revisions\/41237"}],"up":[{"embeddable":true,"href":"https:\/\/www.cbh-cyprus.com\/fr\/wp-json\/wp\/v2\/pages\/13817"}],"wp:featuredmedia":[{"embeddable":true,"href":"https:\/\/www.cbh-cyprus.com\/fr\/wp-json\/wp\/v2\/media\/30322"}],"wp:attachment":[{"href":"https:\/\/www.cbh-cyprus.com\/fr\/wp-json\/wp\/v2\/media?parent=30329"}],"curies":[{"name":"wp","href":"https:\/\/api.w.org\/{rel}","templated":true}]}}