{"id":34177,"date":"2023-04-21T11:23:22","date_gmt":"2023-04-21T08:23:22","guid":{"rendered":"https:\/\/www.cbh-cyprus.com\/best-hotels-paphos\/"},"modified":"2024-09-13T12:16:22","modified_gmt":"2024-09-13T09:16:22","slug":"best-hotels-paphos","status":"publish","type":"page","link":"https:\/\/www.cbh-cyprus.com\/fr\/best-hotels-paphos\/","title":{"rendered":"Nos h\u00f4tels"},"content":{"rendered":"<p>Constantinou Bros Hotels est une collection de quatre des meilleurs h\u00f4tels de Paphos, \u00e0 Chypre, offrant un cadre sensationnel en bord de mer dans lequel vous pourrez \u00e9crire votre propre histoire de vacances. Notre groupe luxueux de propri\u00e9t\u00e9s \u00e9tonnantes attend les adultes et les familles pour les enthousiasmer. Les couples, les couples en lune de miel et ceux qui pr\u00e9f\u00e8rent un cadre tranquille r\u00e9serv\u00e9 aux adultes trouvent ici leur havre de paix. Les familles peuvent \u00e9galement profiter du plaisir et du luxe, les parents ayant la possibilit\u00e9 d&rsquo;acc\u00e9der \u00e0 la zone r\u00e9serv\u00e9e aux adultes dans une configuration adapt\u00e9e aux familles. Dans notre collection des meilleurs h\u00f4tels de Paphos, les amateurs de sport et de loisirs peuvent profiter d&rsquo;un \u00e9ventail d&rsquo;activit\u00e9s ax\u00e9es sur le bien-\u00eatre, la remise en forme et le divertissement, y compris des installations de bowling.<\/p>\n","protected":false},"excerpt":{"rendered":"<p>Constantinou Bros Hotels est une collection de quatre des meilleurs h\u00f4tels de Paphos, \u00e0 Chypre, offrant un cadre sensationnel en bord de mer dans lequel vous pourrez \u00e9crire votre propre histoire de vacances. Notre groupe luxueux de propri\u00e9t\u00e9s \u00e9tonnantes attend les adultes et les familles pour les enthousiasmer. Les couples, les couples en lune de<\/p>\n","protected":false},"author":360,"featured_media":43235,"parent":0,"menu_order":0,"comment_status":"closed","ping_status":"closed","template":"page-templates\/hotel-list.php","meta":{"_acf_changed":false,"footnotes":""},"class_list":["post-34177","page","type-page","status-publish","has-post-thumbnail","hentry"],"acf":[],"yoast_head":"<!-- This site is optimized with the Yoast SEO plugin v27.3 - https:\/\/yoast.com\/product\/yoast-seo-wordpress\/ -->\n<title>Collection des meilleurs h\u00f4tels de Paphos | Constantinou Bros Hotels<\/title>\n<meta name=\"description\" content=\"Constantinou Bros Hotels est une collection luxueuse des quatre meilleurs h\u00f4tels de Paphos, \u00e0 Chypre. Le bonheur en bord de mer avec une option tout compris.\" \/>\n<meta name=\"robots\" content=\"index, follow, max-snippet:-1, max-image-preview:large, max-video-preview:-1\" \/>\n<link rel=\"canonical\" href=\"https:\/\/www.cbh-cyprus.com\/fr\/best-hotels-paphos\/\" \/>\n<meta property=\"og:locale\" content=\"fr_FR\" \/>\n<meta property=\"og:type\" content=\"article\" \/>\n<meta property=\"og:title\" content=\"Collection des meilleurs h\u00f4tels de Paphos | Constantinou Bros Hotels\" \/>\n<meta property=\"og:description\" content=\"Constantinou Bros Hotels est une collection luxueuse des quatre meilleurs h\u00f4tels de Paphos, \u00e0 Chypre. Le bonheur en bord de mer avec une option tout compris.\" \/>\n<meta property=\"og:url\" content=\"https:\/\/www.cbh-cyprus.com\/fr\/best-hotels-paphos\/\" \/>\n<meta property=\"og:site_name\" content=\"Constantinou Bros Hotels\" \/>\n<meta property=\"article:modified_time\" content=\"2024-09-13T09:16:22+00:00\" \/>\n<meta name=\"twitter:card\" content=\"summary_large_image\" \/>\n<meta name=\"twitter:label1\" content=\"Dur\u00e9e de lecture estim\u00e9e\" \/>\n\t<meta name=\"twitter:data1\" content=\"1 minute\" \/>\n<script type=\"application\/ld+json\" class=\"yoast-schema-graph\">{\"@context\":\"https:\\\/\\\/schema.org\",\"@graph\":[{\"@type\":\"WebPage\",\"@id\":\"https:\\\/\\\/www.cbh-cyprus.com\\\/fr\\\/best-hotels-paphos\\\/\",\"url\":\"https:\\\/\\\/www.cbh-cyprus.com\\\/fr\\\/best-hotels-paphos\\\/\",\"name\":\"Collection des meilleurs h\u00f4tels de Paphos | Constantinou Bros Hotels\",\"isPartOf\":{\"@id\":\"https:\\\/\\\/www.cbh-cyprus.com\\\/fr\\\/#website\"},\"primaryImageOfPage\":{\"@id\":\"https:\\\/\\\/www.cbh-cyprus.com\\\/fr\\\/best-hotels-paphos\\\/#primaryimage\"},\"image\":{\"@id\":\"https:\\\/\\\/www.cbh-cyprus.com\\\/fr\\\/best-hotels-paphos\\\/#primaryimage\"},\"thumbnailUrl\":\"https:\\\/\\\/www.cbh-cyprus.com\\\/app\\\/uploads\\\/sites\\\/30\\\/2025\\\/01\\\/6-PIONEER-BEACH-HOTEL-POOL-AND-GARDENS.jpg\",\"datePublished\":\"2023-04-21T08:23:22+00:00\",\"dateModified\":\"2024-09-13T09:16:22+00:00\",\"description\":\"Constantinou Bros Hotels est une collection luxueuse des quatre meilleurs h\u00f4tels de Paphos, \u00e0 Chypre. Le bonheur en bord de mer avec une option tout compris.\",\"breadcrumb\":{\"@id\":\"https:\\\/\\\/www.cbh-cyprus.com\\\/fr\\\/best-hotels-paphos\\\/#breadcrumb\"},\"inLanguage\":\"fr-FR\",\"potentialAction\":[{\"@type\":\"ReadAction\",\"target\":[\"https:\\\/\\\/www.cbh-cyprus.com\\\/fr\\\/best-hotels-paphos\\\/\"]}]},{\"@type\":\"ImageObject\",\"inLanguage\":\"fr-FR\",\"@id\":\"https:\\\/\\\/www.cbh-cyprus.com\\\/fr\\\/best-hotels-paphos\\\/#primaryimage\",\"url\":\"https:\\\/\\\/www.cbh-cyprus.com\\\/app\\\/uploads\\\/sites\\\/30\\\/2025\\\/01\\\/6-PIONEER-BEACH-HOTEL-POOL-AND-GARDENS.jpg\",\"contentUrl\":\"https:\\\/\\\/www.cbh-cyprus.com\\\/app\\\/uploads\\\/sites\\\/30\\\/2025\\\/01\\\/6-PIONEER-BEACH-HOTEL-POOL-AND-GARDENS.jpg\",\"width\":1920,\"height\":1160,\"caption\":\"AUGUST\"},{\"@type\":\"BreadcrumbList\",\"@id\":\"https:\\\/\\\/www.cbh-cyprus.com\\\/fr\\\/best-hotels-paphos\\\/#breadcrumb\",\"itemListElement\":[{\"@type\":\"ListItem\",\"position\":1,\"name\":\"Home\",\"item\":\"https:\\\/\\\/www.cbh-cyprus.com\\\/fr\\\/welcome-to-constantinou-bros-hotels\\\/\"},{\"@type\":\"ListItem\",\"position\":2,\"name\":\"Nos h\u00f4tels\"}]},{\"@type\":\"WebSite\",\"@id\":\"https:\\\/\\\/www.cbh-cyprus.com\\\/fr\\\/#website\",\"url\":\"https:\\\/\\\/www.cbh-cyprus.com\\\/fr\\\/\",\"name\":\"Constantinou Bros Hotels\",\"description\":\"Constantinou Bros Hotels\",\"publisher\":{\"@id\":\"https:\\\/\\\/www.cbh-cyprus.com\\\/fr\\\/#organization\"},\"potentialAction\":[{\"@type\":\"SearchAction\",\"target\":{\"@type\":\"EntryPoint\",\"urlTemplate\":\"https:\\\/\\\/www.cbh-cyprus.com\\\/fr\\\/?s={search_term_string}\"},\"query-input\":{\"@type\":\"PropertyValueSpecification\",\"valueRequired\":true,\"valueName\":\"search_term_string\"}}],\"inLanguage\":\"fr-FR\"},{\"@type\":\"Organization\",\"@id\":\"https:\\\/\\\/www.cbh-cyprus.com\\\/fr\\\/#organization\",\"name\":\"Constantinou Bros Hotels\",\"url\":\"https:\\\/\\\/www.cbh-cyprus.com\\\/fr\\\/\",\"logo\":{\"@type\":\"ImageObject\",\"inLanguage\":\"fr-FR\",\"@id\":\"https:\\\/\\\/www.cbh-cyprus.com\\\/fr\\\/#\\\/schema\\\/logo\\\/image\\\/\",\"url\":\"https:\\\/\\\/www.cbh-cyprus.com\\\/app\\\/uploads\\\/sites\\\/30\\\/2020\\\/10\\\/cbh.jpg\",\"contentUrl\":\"https:\\\/\\\/www.cbh-cyprus.com\\\/app\\\/uploads\\\/sites\\\/30\\\/2020\\\/10\\\/cbh.jpg\",\"width\":1013,\"height\":419,\"caption\":\"Constantinou Bros Hotels\"},\"image\":{\"@id\":\"https:\\\/\\\/www.cbh-cyprus.com\\\/fr\\\/#\\\/schema\\\/logo\\\/image\\\/\"}}]}<\/script>\n<!-- \/ Yoast SEO plugin. -->","yoast_head_json":{"title":"Collection des meilleurs h\u00f4tels de Paphos | Constantinou Bros Hotels","description":"Constantinou Bros Hotels est une collection luxueuse des quatre meilleurs h\u00f4tels de Paphos, \u00e0 Chypre. Le bonheur en bord de mer avec une option tout compris.","robots":{"index":"index","follow":"follow","max-snippet":"max-snippet:-1","max-image-preview":"max-image-preview:large","max-video-preview":"max-video-preview:-1"},"canonical":"https:\/\/www.cbh-cyprus.com\/fr\/best-hotels-paphos\/","og_locale":"fr_FR","og_type":"article","og_title":"Collection des meilleurs h\u00f4tels de Paphos | Constantinou Bros Hotels","og_description":"Constantinou Bros Hotels est une collection luxueuse des quatre meilleurs h\u00f4tels de Paphos, \u00e0 Chypre. Le bonheur en bord de mer avec une option tout compris.","og_url":"https:\/\/www.cbh-cyprus.com\/fr\/best-hotels-paphos\/","og_site_name":"Constantinou Bros Hotels","article_modified_time":"2024-09-13T09:16:22+00:00","twitter_card":"summary_large_image","twitter_misc":{"Dur\u00e9e de lecture estim\u00e9e":"1 minute"},"schema":{"@context":"https:\/\/schema.org","@graph":[{"@type":"WebPage","@id":"https:\/\/www.cbh-cyprus.com\/fr\/best-hotels-paphos\/","url":"https:\/\/www.cbh-cyprus.com\/fr\/best-hotels-paphos\/","name":"Collection des meilleurs h\u00f4tels de Paphos | Constantinou Bros Hotels","isPartOf":{"@id":"https:\/\/www.cbh-cyprus.com\/fr\/#website"},"primaryImageOfPage":{"@id":"https:\/\/www.cbh-cyprus.com\/fr\/best-hotels-paphos\/#primaryimage"},"image":{"@id":"https:\/\/www.cbh-cyprus.com\/fr\/best-hotels-paphos\/#primaryimage"},"thumbnailUrl":"https:\/\/www.cbh-cyprus.com\/app\/uploads\/sites\/30\/2025\/01\/6-PIONEER-BEACH-HOTEL-POOL-AND-GARDENS.jpg","datePublished":"2023-04-21T08:23:22+00:00","dateModified":"2024-09-13T09:16:22+00:00","description":"Constantinou Bros Hotels est une collection luxueuse des quatre meilleurs h\u00f4tels de Paphos, \u00e0 Chypre. Le bonheur en bord de mer avec une option tout compris.","breadcrumb":{"@id":"https:\/\/www.cbh-cyprus.com\/fr\/best-hotels-paphos\/#breadcrumb"},"inLanguage":"fr-FR","potentialAction":[{"@type":"ReadAction","target":["https:\/\/www.cbh-cyprus.com\/fr\/best-hotels-paphos\/"]}]},{"@type":"ImageObject","inLanguage":"fr-FR","@id":"https:\/\/www.cbh-cyprus.com\/fr\/best-hotels-paphos\/#primaryimage","url":"https:\/\/www.cbh-cyprus.com\/app\/uploads\/sites\/30\/2025\/01\/6-PIONEER-BEACH-HOTEL-POOL-AND-GARDENS.jpg","contentUrl":"https:\/\/www.cbh-cyprus.com\/app\/uploads\/sites\/30\/2025\/01\/6-PIONEER-BEACH-HOTEL-POOL-AND-GARDENS.jpg","width":1920,"height":1160,"caption":"AUGUST"},{"@type":"BreadcrumbList","@id":"https:\/\/www.cbh-cyprus.com\/fr\/best-hotels-paphos\/#breadcrumb","itemListElement":[{"@type":"ListItem","position":1,"name":"Home","item":"https:\/\/www.cbh-cyprus.com\/fr\/welcome-to-constantinou-bros-hotels\/"},{"@type":"ListItem","position":2,"name":"Nos h\u00f4tels"}]},{"@type":"WebSite","@id":"https:\/\/www.cbh-cyprus.com\/fr\/#website","url":"https:\/\/www.cbh-cyprus.com\/fr\/","name":"Constantinou Bros Hotels","description":"Constantinou Bros Hotels","publisher":{"@id":"https:\/\/www.cbh-cyprus.com\/fr\/#organization"},"potentialAction":[{"@type":"SearchAction","target":{"@type":"EntryPoint","urlTemplate":"https:\/\/www.cbh-cyprus.com\/fr\/?s={search_term_string}"},"query-input":{"@type":"PropertyValueSpecification","valueRequired":true,"valueName":"search_term_string"}}],"inLanguage":"fr-FR"},{"@type":"Organization","@id":"https:\/\/www.cbh-cyprus.com\/fr\/#organization","name":"Constantinou Bros Hotels","url":"https:\/\/www.cbh-cyprus.com\/fr\/","logo":{"@type":"ImageObject","inLanguage":"fr-FR","@id":"https:\/\/www.cbh-cyprus.com\/fr\/#\/schema\/logo\/image\/","url":"https:\/\/www.cbh-cyprus.com\/app\/uploads\/sites\/30\/2020\/10\/cbh.jpg","contentUrl":"https:\/\/www.cbh-cyprus.com\/app\/uploads\/sites\/30\/2020\/10\/cbh.jpg","width":1013,"height":419,"caption":"Constantinou Bros Hotels"},"image":{"@id":"https:\/\/www.cbh-cyprus.com\/fr\/#\/schema\/logo\/image\/"}}]}},"_links":{"self":[{"href":"https:\/\/www.cbh-cyprus.com\/fr\/wp-json\/wp\/v2\/pages\/34177","targetHints":{"allow":["GET"]}}],"collection":[{"href":"https:\/\/www.cbh-cyprus.com\/fr\/wp-json\/wp\/v2\/pages"}],"about":[{"href":"https:\/\/www.cbh-cyprus.com\/fr\/wp-json\/wp\/v2\/types\/page"}],"author":[{"embeddable":true,"href":"https:\/\/www.cbh-cyprus.com\/fr\/wp-json\/wp\/v2\/users\/360"}],"replies":[{"embeddable":true,"href":"https:\/\/www.cbh-cyprus.com\/fr\/wp-json\/wp\/v2\/comments?post=34177"}],"version-history":[{"count":1,"href":"https:\/\/www.cbh-cyprus.com\/fr\/wp-json\/wp\/v2\/pages\/34177\/revisions"}],"predecessor-version":[{"id":36851,"href":"https:\/\/www.cbh-cyprus.com\/fr\/wp-json\/wp\/v2\/pages\/34177\/revisions\/36851"}],"wp:featuredmedia":[{"embeddable":true,"href":"https:\/\/www.cbh-cyprus.com\/fr\/wp-json\/wp\/v2\/media\/43235"}],"wp:attachment":[{"href":"https:\/\/www.cbh-cyprus.com\/fr\/wp-json\/wp\/v2\/media?parent=34177"}],"curies":[{"name":"wp","href":"https:\/\/api.w.org\/{rel}","templated":true}]}}