{"id":35804,"date":"2024-03-01T14:22:23","date_gmt":"2024-03-01T12:22:23","guid":{"rendered":"https:\/\/www.cbh-cyprus.com\/activities\/bowling-holidays\/atlantic-senior-fours-2025\/"},"modified":"2025-05-20T09:35:30","modified_gmt":"2025-05-20T06:35:30","slug":"atlantique-senior-fours-2025","status":"publish","type":"page","link":"https:\/\/www.cbh-cyprus.com\/fr\/activities\/bowling-holidays\/bowling-news\/atlantique-senior-fours-2025\/","title":{"rendered":"ATLANTIC SENIOR FOURS 2025"},"content":{"rendered":"<p>Bowls Cyprus, en partenariat avec Constantinou Bros Hotels, a le plaisir d&rsquo;annoncer qu&rsquo;ils accueilleront \u00e0 nouveau l&rsquo;\u00e9v\u00e9nement du 1er au 12 d\u00e9cembre 2025. Pour plus d&rsquo;informations, veuillez cliquer sur le lien suivant : Atlantic Senior Fours<\/p>\n<p>Nous pr\u00e9voyons la participation d&rsquo;un plus grand nombre de nations apr\u00e8s le grand succ\u00e8s de la comp\u00e9tition Atlantic Senior Fours 2023 avec la participation de 12 nations du monde entier, R\u00e9publique Tch\u00e8que, Chypre, Angleterre, Guernesey, Jersey, Iles Norfolk, Ecosse, Afrique du Sud, Suisse, USA, Pays de Galles et Zimbabwe, soit un total de plus de 130 comp\u00e9titeurs plus les supporters.<\/p>\n<p>** L&rsquo;h\u00f4tel Constantinou Bros Athena Beach a le plaisir d&rsquo;offrir un forfait aux spectateurs de l&rsquo;Atlantic Senior lors de s\u00e9jours entre le 1-12\/12\/2025. B\u00e9n\u00e9ficiez des avantages suivants en entrant le code de r\u00e9servation : 138ATLSPE lors de votre r\u00e9servation en ligne sur notre site.<\/p>\n<p>Les tarifs comprennent<\/p>\n<p>a) Le droit d&rsquo;entr\u00e9e pendant la p\u00e9riode de comp\u00e9tition 1-12\/12\/2025.<\/p>\n<p>b) R\u00e9ception officielle avec boisson de bienvenue.<\/p>\n<p>c) D\u00eener buffet<\/p>\n<p>&nbsp;<\/p>\n<p>Pour plus d&rsquo;informations sur Bowls Holidays, <a href=\"https:\/\/www.cbh-cyprus.com\/fr\/activities\/bowling-holidays\/\" target=\"_blank\" rel=\"noopener\">cliquez ici<\/a>.<\/p>\n","protected":false},"excerpt":{"rendered":"<p>Bowls Cyprus, en partenariat avec Constantinou Bros Hotels, a le plaisir d&rsquo;annoncer qu&rsquo;ils accueilleront \u00e0 nouveau l&rsquo;\u00e9v\u00e9nement du 1er au 12 d\u00e9cembre 2025. Pour plus d&rsquo;informations, veuillez cliquer sur le lien suivant : Atlantic Senior Fours Nous pr\u00e9voyons la participation d&rsquo;un plus grand nombre de nations apr\u00e8s le grand succ\u00e8s de la comp\u00e9tition Atlantic Senior<\/p>\n","protected":false},"author":100,"featured_media":35794,"parent":13817,"menu_order":0,"comment_status":"closed","ping_status":"closed","template":"","meta":{"_acf_changed":false,"footnotes":""},"class_list":["post-35804","page","type-page","status-publish","has-post-thumbnail","hentry"],"acf":[],"yoast_head":"<!-- This site is optimized with the Yoast SEO plugin v27.3 - https:\/\/yoast.com\/product\/yoast-seo-wordpress\/ -->\n<title>ATLANTIC SENIOR FOURS 2025 - Constantinou Bros Hotels<\/title>\n<meta name=\"robots\" content=\"index, follow, max-snippet:-1, max-image-preview:large, max-video-preview:-1\" \/>\n<link rel=\"canonical\" href=\"https:\/\/www.cbh-cyprus.com\/fr\/activities\/bowling-holidays\/bowling-news\/atlantique-senior-fours-2025\/\" \/>\n<meta property=\"og:locale\" content=\"fr_FR\" \/>\n<meta property=\"og:type\" content=\"article\" \/>\n<meta property=\"og:title\" content=\"ATLANTIC SENIOR FOURS 2025 - Constantinou Bros Hotels\" \/>\n<meta property=\"og:description\" content=\"Bowls Cyprus, en partenariat avec Constantinou Bros Hotels, a le plaisir d&rsquo;annoncer qu&rsquo;ils accueilleront \u00e0 nouveau l&rsquo;\u00e9v\u00e9nement du 1er au 12 d\u00e9cembre 2025. Pour plus d&rsquo;informations, veuillez cliquer sur le lien suivant : Atlantic Senior Fours Nous pr\u00e9voyons la participation d&rsquo;un plus grand nombre de nations apr\u00e8s le grand succ\u00e8s de la comp\u00e9tition Atlantic Senior\" \/>\n<meta property=\"og:url\" content=\"https:\/\/www.cbh-cyprus.com\/fr\/activities\/bowling-holidays\/bowling-news\/atlantique-senior-fours-2025\/\" \/>\n<meta property=\"og:site_name\" content=\"Constantinou Bros Hotels\" \/>\n<meta property=\"article:modified_time\" content=\"2025-05-20T06:35:30+00:00\" \/>\n<meta property=\"og:image\" content=\"https:\/\/www.cbh-cyprus.com\/app\/uploads\/sites\/30\/2024\/03\/AUG2471-scaled.jpg\" \/>\n\t<meta property=\"og:image:width\" content=\"2560\" \/>\n\t<meta property=\"og:image:height\" content=\"1704\" \/>\n\t<meta property=\"og:image:type\" content=\"image\/jpeg\" \/>\n<meta name=\"twitter:card\" content=\"summary_large_image\" \/>\n<meta name=\"twitter:label1\" content=\"Dur\u00e9e de lecture estim\u00e9e\" \/>\n\t<meta name=\"twitter:data1\" content=\"1 minute\" \/>\n<script type=\"application\/ld+json\" class=\"yoast-schema-graph\">{\"@context\":\"https:\\\/\\\/schema.org\",\"@graph\":[{\"@type\":\"WebPage\",\"@id\":\"https:\\\/\\\/www.cbh-cyprus.com\\\/fr\\\/activities\\\/bowling-holidays\\\/bowling-news\\\/atlantique-senior-fours-2025\\\/\",\"url\":\"https:\\\/\\\/www.cbh-cyprus.com\\\/fr\\\/activities\\\/bowling-holidays\\\/bowling-news\\\/atlantique-senior-fours-2025\\\/\",\"name\":\"ATLANTIC SENIOR FOURS 2025 - Constantinou Bros Hotels\",\"isPartOf\":{\"@id\":\"https:\\\/\\\/www.cbh-cyprus.com\\\/fr\\\/#website\"},\"primaryImageOfPage\":{\"@id\":\"https:\\\/\\\/www.cbh-cyprus.com\\\/fr\\\/activities\\\/bowling-holidays\\\/bowling-news\\\/atlantique-senior-fours-2025\\\/#primaryimage\"},\"image\":{\"@id\":\"https:\\\/\\\/www.cbh-cyprus.com\\\/fr\\\/activities\\\/bowling-holidays\\\/bowling-news\\\/atlantique-senior-fours-2025\\\/#primaryimage\"},\"thumbnailUrl\":\"https:\\\/\\\/www.cbh-cyprus.com\\\/app\\\/uploads\\\/sites\\\/30\\\/2024\\\/03\\\/AUG2471-scaled.jpg\",\"datePublished\":\"2024-03-01T12:22:23+00:00\",\"dateModified\":\"2025-05-20T06:35:30+00:00\",\"breadcrumb\":{\"@id\":\"https:\\\/\\\/www.cbh-cyprus.com\\\/fr\\\/activities\\\/bowling-holidays\\\/bowling-news\\\/atlantique-senior-fours-2025\\\/#breadcrumb\"},\"inLanguage\":\"fr-FR\",\"potentialAction\":[{\"@type\":\"ReadAction\",\"target\":[\"https:\\\/\\\/www.cbh-cyprus.com\\\/fr\\\/activities\\\/bowling-holidays\\\/bowling-news\\\/atlantique-senior-fours-2025\\\/\"]}]},{\"@type\":\"ImageObject\",\"inLanguage\":\"fr-FR\",\"@id\":\"https:\\\/\\\/www.cbh-cyprus.com\\\/fr\\\/activities\\\/bowling-holidays\\\/bowling-news\\\/atlantique-senior-fours-2025\\\/#primaryimage\",\"url\":\"https:\\\/\\\/www.cbh-cyprus.com\\\/app\\\/uploads\\\/sites\\\/30\\\/2024\\\/03\\\/AUG2471-scaled.jpg\",\"contentUrl\":\"https:\\\/\\\/www.cbh-cyprus.com\\\/app\\\/uploads\\\/sites\\\/30\\\/2024\\\/03\\\/AUG2471-scaled.jpg\",\"width\":2560,\"height\":1704},{\"@type\":\"BreadcrumbList\",\"@id\":\"https:\\\/\\\/www.cbh-cyprus.com\\\/fr\\\/activities\\\/bowling-holidays\\\/bowling-news\\\/atlantique-senior-fours-2025\\\/#breadcrumb\",\"itemListElement\":[{\"@type\":\"ListItem\",\"position\":1,\"name\":\"Home\",\"item\":\"https:\\\/\\\/www.cbh-cyprus.com\\\/fr\\\/welcome-to-constantinou-bros-hotels\\\/\"},{\"@type\":\"ListItem\",\"position\":2,\"name\":\"Activit\u00e9s\",\"item\":\"https:\\\/\\\/www.cbh-cyprus.com\\\/fr\\\/activities\\\/\"},{\"@type\":\"ListItem\",\"position\":3,\"name\":\"Vacances au bowling\",\"item\":\"https:\\\/\\\/www.cbh-cyprus.com\\\/fr\\\/activities\\\/bowling-holidays\\\/\"},{\"@type\":\"ListItem\",\"position\":4,\"name\":\"Nouvelles du bowling\",\"item\":\"https:\\\/\\\/www.cbh-cyprus.com\\\/fr\\\/activities\\\/bowling-holidays\\\/bowling-news\\\/\"},{\"@type\":\"ListItem\",\"position\":5,\"name\":\"ATLANTIC SENIOR FOURS 2025\"}]},{\"@type\":\"WebSite\",\"@id\":\"https:\\\/\\\/www.cbh-cyprus.com\\\/fr\\\/#website\",\"url\":\"https:\\\/\\\/www.cbh-cyprus.com\\\/fr\\\/\",\"name\":\"Constantinou Bros Hotels\",\"description\":\"Constantinou Bros Hotels\",\"publisher\":{\"@id\":\"https:\\\/\\\/www.cbh-cyprus.com\\\/fr\\\/#organization\"},\"potentialAction\":[{\"@type\":\"SearchAction\",\"target\":{\"@type\":\"EntryPoint\",\"urlTemplate\":\"https:\\\/\\\/www.cbh-cyprus.com\\\/fr\\\/?s={search_term_string}\"},\"query-input\":{\"@type\":\"PropertyValueSpecification\",\"valueRequired\":true,\"valueName\":\"search_term_string\"}}],\"inLanguage\":\"fr-FR\"},{\"@type\":\"Organization\",\"@id\":\"https:\\\/\\\/www.cbh-cyprus.com\\\/fr\\\/#organization\",\"name\":\"Constantinou Bros Hotels\",\"url\":\"https:\\\/\\\/www.cbh-cyprus.com\\\/fr\\\/\",\"logo\":{\"@type\":\"ImageObject\",\"inLanguage\":\"fr-FR\",\"@id\":\"https:\\\/\\\/www.cbh-cyprus.com\\\/fr\\\/#\\\/schema\\\/logo\\\/image\\\/\",\"url\":\"https:\\\/\\\/www.cbh-cyprus.com\\\/app\\\/uploads\\\/sites\\\/30\\\/2020\\\/10\\\/cbh.jpg\",\"contentUrl\":\"https:\\\/\\\/www.cbh-cyprus.com\\\/app\\\/uploads\\\/sites\\\/30\\\/2020\\\/10\\\/cbh.jpg\",\"width\":1013,\"height\":419,\"caption\":\"Constantinou Bros Hotels\"},\"image\":{\"@id\":\"https:\\\/\\\/www.cbh-cyprus.com\\\/fr\\\/#\\\/schema\\\/logo\\\/image\\\/\"}}]}<\/script>\n<!-- \/ Yoast SEO plugin. -->","yoast_head_json":{"title":"ATLANTIC SENIOR FOURS 2025 - Constantinou Bros Hotels","robots":{"index":"index","follow":"follow","max-snippet":"max-snippet:-1","max-image-preview":"max-image-preview:large","max-video-preview":"max-video-preview:-1"},"canonical":"https:\/\/www.cbh-cyprus.com\/fr\/activities\/bowling-holidays\/bowling-news\/atlantique-senior-fours-2025\/","og_locale":"fr_FR","og_type":"article","og_title":"ATLANTIC SENIOR FOURS 2025 - Constantinou Bros Hotels","og_description":"Bowls Cyprus, en partenariat avec Constantinou Bros Hotels, a le plaisir d&rsquo;annoncer qu&rsquo;ils accueilleront \u00e0 nouveau l&rsquo;\u00e9v\u00e9nement du 1er au 12 d\u00e9cembre 2025. Pour plus d&rsquo;informations, veuillez cliquer sur le lien suivant : Atlantic Senior Fours Nous pr\u00e9voyons la participation d&rsquo;un plus grand nombre de nations apr\u00e8s le grand succ\u00e8s de la comp\u00e9tition Atlantic Senior","og_url":"https:\/\/www.cbh-cyprus.com\/fr\/activities\/bowling-holidays\/bowling-news\/atlantique-senior-fours-2025\/","og_site_name":"Constantinou Bros Hotels","article_modified_time":"2025-05-20T06:35:30+00:00","og_image":[{"width":2560,"height":1704,"url":"https:\/\/www.cbh-cyprus.com\/app\/uploads\/sites\/30\/2024\/03\/AUG2471-scaled.jpg","type":"image\/jpeg"}],"twitter_card":"summary_large_image","twitter_misc":{"Dur\u00e9e de lecture estim\u00e9e":"1 minute"},"schema":{"@context":"https:\/\/schema.org","@graph":[{"@type":"WebPage","@id":"https:\/\/www.cbh-cyprus.com\/fr\/activities\/bowling-holidays\/bowling-news\/atlantique-senior-fours-2025\/","url":"https:\/\/www.cbh-cyprus.com\/fr\/activities\/bowling-holidays\/bowling-news\/atlantique-senior-fours-2025\/","name":"ATLANTIC SENIOR FOURS 2025 - Constantinou Bros Hotels","isPartOf":{"@id":"https:\/\/www.cbh-cyprus.com\/fr\/#website"},"primaryImageOfPage":{"@id":"https:\/\/www.cbh-cyprus.com\/fr\/activities\/bowling-holidays\/bowling-news\/atlantique-senior-fours-2025\/#primaryimage"},"image":{"@id":"https:\/\/www.cbh-cyprus.com\/fr\/activities\/bowling-holidays\/bowling-news\/atlantique-senior-fours-2025\/#primaryimage"},"thumbnailUrl":"https:\/\/www.cbh-cyprus.com\/app\/uploads\/sites\/30\/2024\/03\/AUG2471-scaled.jpg","datePublished":"2024-03-01T12:22:23+00:00","dateModified":"2025-05-20T06:35:30+00:00","breadcrumb":{"@id":"https:\/\/www.cbh-cyprus.com\/fr\/activities\/bowling-holidays\/bowling-news\/atlantique-senior-fours-2025\/#breadcrumb"},"inLanguage":"fr-FR","potentialAction":[{"@type":"ReadAction","target":["https:\/\/www.cbh-cyprus.com\/fr\/activities\/bowling-holidays\/bowling-news\/atlantique-senior-fours-2025\/"]}]},{"@type":"ImageObject","inLanguage":"fr-FR","@id":"https:\/\/www.cbh-cyprus.com\/fr\/activities\/bowling-holidays\/bowling-news\/atlantique-senior-fours-2025\/#primaryimage","url":"https:\/\/www.cbh-cyprus.com\/app\/uploads\/sites\/30\/2024\/03\/AUG2471-scaled.jpg","contentUrl":"https:\/\/www.cbh-cyprus.com\/app\/uploads\/sites\/30\/2024\/03\/AUG2471-scaled.jpg","width":2560,"height":1704},{"@type":"BreadcrumbList","@id":"https:\/\/www.cbh-cyprus.com\/fr\/activities\/bowling-holidays\/bowling-news\/atlantique-senior-fours-2025\/#breadcrumb","itemListElement":[{"@type":"ListItem","position":1,"name":"Home","item":"https:\/\/www.cbh-cyprus.com\/fr\/welcome-to-constantinou-bros-hotels\/"},{"@type":"ListItem","position":2,"name":"Activit\u00e9s","item":"https:\/\/www.cbh-cyprus.com\/fr\/activities\/"},{"@type":"ListItem","position":3,"name":"Vacances au bowling","item":"https:\/\/www.cbh-cyprus.com\/fr\/activities\/bowling-holidays\/"},{"@type":"ListItem","position":4,"name":"Nouvelles du bowling","item":"https:\/\/www.cbh-cyprus.com\/fr\/activities\/bowling-holidays\/bowling-news\/"},{"@type":"ListItem","position":5,"name":"ATLANTIC SENIOR FOURS 2025"}]},{"@type":"WebSite","@id":"https:\/\/www.cbh-cyprus.com\/fr\/#website","url":"https:\/\/www.cbh-cyprus.com\/fr\/","name":"Constantinou Bros Hotels","description":"Constantinou Bros Hotels","publisher":{"@id":"https:\/\/www.cbh-cyprus.com\/fr\/#organization"},"potentialAction":[{"@type":"SearchAction","target":{"@type":"EntryPoint","urlTemplate":"https:\/\/www.cbh-cyprus.com\/fr\/?s={search_term_string}"},"query-input":{"@type":"PropertyValueSpecification","valueRequired":true,"valueName":"search_term_string"}}],"inLanguage":"fr-FR"},{"@type":"Organization","@id":"https:\/\/www.cbh-cyprus.com\/fr\/#organization","name":"Constantinou Bros Hotels","url":"https:\/\/www.cbh-cyprus.com\/fr\/","logo":{"@type":"ImageObject","inLanguage":"fr-FR","@id":"https:\/\/www.cbh-cyprus.com\/fr\/#\/schema\/logo\/image\/","url":"https:\/\/www.cbh-cyprus.com\/app\/uploads\/sites\/30\/2020\/10\/cbh.jpg","contentUrl":"https:\/\/www.cbh-cyprus.com\/app\/uploads\/sites\/30\/2020\/10\/cbh.jpg","width":1013,"height":419,"caption":"Constantinou Bros Hotels"},"image":{"@id":"https:\/\/www.cbh-cyprus.com\/fr\/#\/schema\/logo\/image\/"}}]}},"_links":{"self":[{"href":"https:\/\/www.cbh-cyprus.com\/fr\/wp-json\/wp\/v2\/pages\/35804","targetHints":{"allow":["GET"]}}],"collection":[{"href":"https:\/\/www.cbh-cyprus.com\/fr\/wp-json\/wp\/v2\/pages"}],"about":[{"href":"https:\/\/www.cbh-cyprus.com\/fr\/wp-json\/wp\/v2\/types\/page"}],"author":[{"embeddable":true,"href":"https:\/\/www.cbh-cyprus.com\/fr\/wp-json\/wp\/v2\/users\/100"}],"replies":[{"embeddable":true,"href":"https:\/\/www.cbh-cyprus.com\/fr\/wp-json\/wp\/v2\/comments?post=35804"}],"version-history":[{"count":8,"href":"https:\/\/www.cbh-cyprus.com\/fr\/wp-json\/wp\/v2\/pages\/35804\/revisions"}],"predecessor-version":[{"id":44380,"href":"https:\/\/www.cbh-cyprus.com\/fr\/wp-json\/wp\/v2\/pages\/35804\/revisions\/44380"}],"up":[{"embeddable":true,"href":"https:\/\/www.cbh-cyprus.com\/fr\/wp-json\/wp\/v2\/pages\/13817"}],"wp:featuredmedia":[{"embeddable":true,"href":"https:\/\/www.cbh-cyprus.com\/fr\/wp-json\/wp\/v2\/media\/35794"}],"wp:attachment":[{"href":"https:\/\/www.cbh-cyprus.com\/fr\/wp-json\/wp\/v2\/media?parent=35804"}],"curies":[{"name":"wp","href":"https:\/\/api.w.org\/{rel}","templated":true}]}}