{"id":36853,"date":"2024-07-23T12:14:04","date_gmt":"2024-07-23T09:14:04","guid":{"rendered":"https:\/\/www.cbh-cyprus.com\/athena-beach-hotel-paphos\/"},"modified":"2025-08-04T15:13:22","modified_gmt":"2025-08-04T12:13:22","slug":"athena-beach-hotel-paphos","status":"publish","type":"page","link":"https:\/\/www.cbh-cyprus.com\/fr\/athena-beach-hotel-paphos\/","title":{"rendered":"Athena Beach Hotel"},"content":{"rendered":"<h1>Un h\u00f4tel de luxe en bord de mer \u00e0 Paphos avec des services 5 \u00e9toiles<\/h1>\n<p><span style=\"background-color: var(--bs-body-bg); color: var(--bs-body-color); font-family: var(--bs-body-font-family); font-size: var(--bs-body-font-size); font-weight: var(--bs-body-font-weight); text-align: var(--bs-body-text-align);\">L&rsquo;h\u00f4tel Constantinou Bros Athena Beach, r\u00e9cemment r\u00e9nov\u00e9, est fier d&rsquo;offrir \u00e0 ses clients un service et un confort de grande qualit\u00e9. L&#8217;emplacement privil\u00e9gi\u00e9 de cet h\u00f4tel de luxe en bord de mer \u00e0 Paphos permet aux clients de profiter du meilleur des deux mondes : des promenades magiques le long de la plage et vers le port pittoresque, ainsi que la proximit\u00e9 de sites arch\u00e9ologiques, de boutiques et d&rsquo;une vie nocturne anim\u00e9e.<\/span> Cet h\u00f4tel de luxe en bord de mer \u00e0 Paphos est une propri\u00e9t\u00e9 4 \u00e9toiles avec des \u00e9quipements et des services 5 \u00e9toiles, situ\u00e9 le long du rivage scintillant, garantissant une exp\u00e9rience exaltante pour tous les groupes d&rsquo;\u00e2ge. Il s&rsquo;adresse aussi bien aux familles qu&rsquo;aux adultes, avec une zone de tranquillit\u00e9 et de d\u00e9tente r\u00e9serv\u00e9e aux adultes. L&rsquo;h\u00f4tel propose des s\u00e9jours d&rsquo;activit\u00e9s telles que la danse, la p\u00e9tanque et le cyclisme, tandis que les personnes soucieuses de leur bien-\u00eatre peuvent se faire dorloter au spa ou s&rsquo;adonner \u00e0 des activit\u00e9s pour se d\u00e9tendre. De m\u00eame, les enfants peuvent s&rsquo;amuser comme des fous en explorant les diverses installations qui leur sont r\u00e9serv\u00e9es, notamment les toboggans aquatiques Oasis Splash. Optez pour l&rsquo;Ultra All-Inclusive afin de b\u00e9n\u00e9ficier d&rsquo;un large \u00e9ventail de choix et d&rsquo;une exp\u00e9rience sans limite pendant votre s\u00e9jour.<\/p>\n","protected":false},"excerpt":{"rendered":"<p>Un h\u00f4tel de luxe en bord de mer \u00e0 Paphos avec des services 5 \u00e9toiles L&rsquo;h\u00f4tel Constantinou Bros Athena Beach, r\u00e9cemment r\u00e9nov\u00e9, est fier d&rsquo;offrir \u00e0 ses clients un service et un confort de grande qualit\u00e9. L&#8217;emplacement privil\u00e9gi\u00e9 de cet h\u00f4tel de luxe en bord de mer \u00e0 Paphos permet aux clients de profiter du<\/p>\n","protected":false},"author":367,"featured_media":34767,"parent":0,"menu_order":0,"comment_status":"closed","ping_status":"closed","template":"","meta":{"_acf_changed":false,"footnotes":""},"class_list":["post-36853","page","type-page","status-publish","has-post-thumbnail","hentry"],"acf":[],"yoast_head":"<!-- This site is optimized with the Yoast SEO plugin v27.3 - https:\/\/yoast.com\/product\/yoast-seo-wordpress\/ -->\n<title>Athena Beachfront h\u00f4tel de luxe \u00e0 Paphos | Constantinou Bros<\/title>\n<meta name=\"description\" content=\"Un superbe h\u00f4tel de luxe en bord de mer \u00e0 Paphos, Chypre, accueillant les familles et les couples, proposant des activit\u00e9s pour les uns et les autres et disposant d&#039;une zone sp\u00e9ciale pour les adultes.\" \/>\n<meta name=\"robots\" content=\"index, follow, max-snippet:-1, max-image-preview:large, max-video-preview:-1\" \/>\n<link rel=\"canonical\" href=\"https:\/\/www.cbh-cyprus.com\/fr\/athena-beach-hotel-paphos\/\" \/>\n<meta property=\"og:locale\" content=\"fr_FR\" \/>\n<meta property=\"og:type\" content=\"article\" \/>\n<meta property=\"og:title\" content=\"Athena Beachfront h\u00f4tel de luxe \u00e0 Paphos | Constantinou Bros\" \/>\n<meta property=\"og:description\" content=\"Un superbe h\u00f4tel de luxe en bord de mer \u00e0 Paphos, Chypre, accueillant les familles et les couples, proposant des activit\u00e9s pour les uns et les autres et disposant d&#039;une zone sp\u00e9ciale pour les adultes.\" \/>\n<meta property=\"og:url\" content=\"https:\/\/www.cbh-cyprus.com\/fr\/athena-beach-hotel-paphos\/\" \/>\n<meta property=\"og:site_name\" content=\"Constantinou Bros Hotels\" \/>\n<meta property=\"article:modified_time\" content=\"2025-08-04T12:13:22+00:00\" \/>\n<meta property=\"og:image\" content=\"https:\/\/www.cbh-cyprus.com\/app\/uploads\/sites\/30\/2023\/08\/1-ATHENA-BEACH-HOTEL-scaled-1.jpg\" \/>\n\t<meta property=\"og:image:width\" content=\"2560\" \/>\n\t<meta property=\"og:image:height\" content=\"1552\" \/>\n\t<meta property=\"og:image:type\" content=\"image\/jpeg\" \/>\n<meta name=\"twitter:card\" content=\"summary_large_image\" \/>\n<meta name=\"twitter:label1\" content=\"Dur\u00e9e de lecture estim\u00e9e\" \/>\n\t<meta name=\"twitter:data1\" content=\"2 minutes\" \/>\n<script type=\"application\/ld+json\" class=\"yoast-schema-graph\">{\"@context\":\"https:\\\/\\\/schema.org\",\"@graph\":[{\"@type\":\"WebPage\",\"@id\":\"https:\\\/\\\/www.cbh-cyprus.com\\\/fr\\\/athena-beach-hotel-paphos\\\/\",\"url\":\"https:\\\/\\\/www.cbh-cyprus.com\\\/fr\\\/athena-beach-hotel-paphos\\\/\",\"name\":\"Athena Beachfront h\u00f4tel de luxe \u00e0 Paphos | Constantinou Bros\",\"isPartOf\":{\"@id\":\"https:\\\/\\\/www.cbh-cyprus.com\\\/fr\\\/#website\"},\"primaryImageOfPage\":{\"@id\":\"https:\\\/\\\/www.cbh-cyprus.com\\\/fr\\\/athena-beach-hotel-paphos\\\/#primaryimage\"},\"image\":{\"@id\":\"https:\\\/\\\/www.cbh-cyprus.com\\\/fr\\\/athena-beach-hotel-paphos\\\/#primaryimage\"},\"thumbnailUrl\":\"https:\\\/\\\/www.cbh-cyprus.com\\\/app\\\/uploads\\\/sites\\\/30\\\/2023\\\/08\\\/1-ATHENA-BEACH-HOTEL-scaled-1.jpg\",\"datePublished\":\"2024-07-23T09:14:04+00:00\",\"dateModified\":\"2025-08-04T12:13:22+00:00\",\"description\":\"Un superbe h\u00f4tel de luxe en bord de mer \u00e0 Paphos, Chypre, accueillant les familles et les couples, proposant des activit\u00e9s pour les uns et les autres et disposant d'une zone sp\u00e9ciale pour les adultes.\",\"breadcrumb\":{\"@id\":\"https:\\\/\\\/www.cbh-cyprus.com\\\/fr\\\/athena-beach-hotel-paphos\\\/#breadcrumb\"},\"inLanguage\":\"fr-FR\",\"potentialAction\":[{\"@type\":\"ReadAction\",\"target\":[\"https:\\\/\\\/www.cbh-cyprus.com\\\/fr\\\/athena-beach-hotel-paphos\\\/\"]}]},{\"@type\":\"ImageObject\",\"inLanguage\":\"fr-FR\",\"@id\":\"https:\\\/\\\/www.cbh-cyprus.com\\\/fr\\\/athena-beach-hotel-paphos\\\/#primaryimage\",\"url\":\"https:\\\/\\\/www.cbh-cyprus.com\\\/app\\\/uploads\\\/sites\\\/30\\\/2023\\\/08\\\/1-ATHENA-BEACH-HOTEL-scaled-1.jpg\",\"contentUrl\":\"https:\\\/\\\/www.cbh-cyprus.com\\\/app\\\/uploads\\\/sites\\\/30\\\/2023\\\/08\\\/1-ATHENA-BEACH-HOTEL-scaled-1.jpg\",\"width\":2560,\"height\":1552},{\"@type\":\"BreadcrumbList\",\"@id\":\"https:\\\/\\\/www.cbh-cyprus.com\\\/fr\\\/athena-beach-hotel-paphos\\\/#breadcrumb\",\"itemListElement\":[{\"@type\":\"ListItem\",\"position\":1,\"name\":\"Home\",\"item\":\"https:\\\/\\\/www.cbh-cyprus.com\\\/fr\\\/welcome-to-constantinou-bros-hotels\\\/\"},{\"@type\":\"ListItem\",\"position\":2,\"name\":\"Athena Beach Hotel\"}]},{\"@type\":\"WebSite\",\"@id\":\"https:\\\/\\\/www.cbh-cyprus.com\\\/fr\\\/#website\",\"url\":\"https:\\\/\\\/www.cbh-cyprus.com\\\/fr\\\/\",\"name\":\"Constantinou Bros Hotels\",\"description\":\"Constantinou Bros Hotels\",\"publisher\":{\"@id\":\"https:\\\/\\\/www.cbh-cyprus.com\\\/fr\\\/#organization\"},\"potentialAction\":[{\"@type\":\"SearchAction\",\"target\":{\"@type\":\"EntryPoint\",\"urlTemplate\":\"https:\\\/\\\/www.cbh-cyprus.com\\\/fr\\\/?s={search_term_string}\"},\"query-input\":{\"@type\":\"PropertyValueSpecification\",\"valueRequired\":true,\"valueName\":\"search_term_string\"}}],\"inLanguage\":\"fr-FR\"},{\"@type\":\"Organization\",\"@id\":\"https:\\\/\\\/www.cbh-cyprus.com\\\/fr\\\/#organization\",\"name\":\"Constantinou Bros Hotels\",\"url\":\"https:\\\/\\\/www.cbh-cyprus.com\\\/fr\\\/\",\"logo\":{\"@type\":\"ImageObject\",\"inLanguage\":\"fr-FR\",\"@id\":\"https:\\\/\\\/www.cbh-cyprus.com\\\/fr\\\/#\\\/schema\\\/logo\\\/image\\\/\",\"url\":\"https:\\\/\\\/www.cbh-cyprus.com\\\/app\\\/uploads\\\/sites\\\/30\\\/2020\\\/10\\\/cbh.jpg\",\"contentUrl\":\"https:\\\/\\\/www.cbh-cyprus.com\\\/app\\\/uploads\\\/sites\\\/30\\\/2020\\\/10\\\/cbh.jpg\",\"width\":1013,\"height\":419,\"caption\":\"Constantinou Bros Hotels\"},\"image\":{\"@id\":\"https:\\\/\\\/www.cbh-cyprus.com\\\/fr\\\/#\\\/schema\\\/logo\\\/image\\\/\"}}]}<\/script>\n<!-- \/ Yoast SEO plugin. -->","yoast_head_json":{"title":"Athena Beachfront h\u00f4tel de luxe \u00e0 Paphos | Constantinou Bros","description":"Un superbe h\u00f4tel de luxe en bord de mer \u00e0 Paphos, Chypre, accueillant les familles et les couples, proposant des activit\u00e9s pour les uns et les autres et disposant d'une zone sp\u00e9ciale pour les adultes.","robots":{"index":"index","follow":"follow","max-snippet":"max-snippet:-1","max-image-preview":"max-image-preview:large","max-video-preview":"max-video-preview:-1"},"canonical":"https:\/\/www.cbh-cyprus.com\/fr\/athena-beach-hotel-paphos\/","og_locale":"fr_FR","og_type":"article","og_title":"Athena Beachfront h\u00f4tel de luxe \u00e0 Paphos | Constantinou Bros","og_description":"Un superbe h\u00f4tel de luxe en bord de mer \u00e0 Paphos, Chypre, accueillant les familles et les couples, proposant des activit\u00e9s pour les uns et les autres et disposant d'une zone sp\u00e9ciale pour les adultes.","og_url":"https:\/\/www.cbh-cyprus.com\/fr\/athena-beach-hotel-paphos\/","og_site_name":"Constantinou Bros Hotels","article_modified_time":"2025-08-04T12:13:22+00:00","og_image":[{"width":2560,"height":1552,"url":"https:\/\/www.cbh-cyprus.com\/app\/uploads\/sites\/30\/2023\/08\/1-ATHENA-BEACH-HOTEL-scaled-1.jpg","type":"image\/jpeg"}],"twitter_card":"summary_large_image","twitter_misc":{"Dur\u00e9e de lecture estim\u00e9e":"2 minutes"},"schema":{"@context":"https:\/\/schema.org","@graph":[{"@type":"WebPage","@id":"https:\/\/www.cbh-cyprus.com\/fr\/athena-beach-hotel-paphos\/","url":"https:\/\/www.cbh-cyprus.com\/fr\/athena-beach-hotel-paphos\/","name":"Athena Beachfront h\u00f4tel de luxe \u00e0 Paphos | Constantinou Bros","isPartOf":{"@id":"https:\/\/www.cbh-cyprus.com\/fr\/#website"},"primaryImageOfPage":{"@id":"https:\/\/www.cbh-cyprus.com\/fr\/athena-beach-hotel-paphos\/#primaryimage"},"image":{"@id":"https:\/\/www.cbh-cyprus.com\/fr\/athena-beach-hotel-paphos\/#primaryimage"},"thumbnailUrl":"https:\/\/www.cbh-cyprus.com\/app\/uploads\/sites\/30\/2023\/08\/1-ATHENA-BEACH-HOTEL-scaled-1.jpg","datePublished":"2024-07-23T09:14:04+00:00","dateModified":"2025-08-04T12:13:22+00:00","description":"Un superbe h\u00f4tel de luxe en bord de mer \u00e0 Paphos, Chypre, accueillant les familles et les couples, proposant des activit\u00e9s pour les uns et les autres et disposant d'une zone sp\u00e9ciale pour les adultes.","breadcrumb":{"@id":"https:\/\/www.cbh-cyprus.com\/fr\/athena-beach-hotel-paphos\/#breadcrumb"},"inLanguage":"fr-FR","potentialAction":[{"@type":"ReadAction","target":["https:\/\/www.cbh-cyprus.com\/fr\/athena-beach-hotel-paphos\/"]}]},{"@type":"ImageObject","inLanguage":"fr-FR","@id":"https:\/\/www.cbh-cyprus.com\/fr\/athena-beach-hotel-paphos\/#primaryimage","url":"https:\/\/www.cbh-cyprus.com\/app\/uploads\/sites\/30\/2023\/08\/1-ATHENA-BEACH-HOTEL-scaled-1.jpg","contentUrl":"https:\/\/www.cbh-cyprus.com\/app\/uploads\/sites\/30\/2023\/08\/1-ATHENA-BEACH-HOTEL-scaled-1.jpg","width":2560,"height":1552},{"@type":"BreadcrumbList","@id":"https:\/\/www.cbh-cyprus.com\/fr\/athena-beach-hotel-paphos\/#breadcrumb","itemListElement":[{"@type":"ListItem","position":1,"name":"Home","item":"https:\/\/www.cbh-cyprus.com\/fr\/welcome-to-constantinou-bros-hotels\/"},{"@type":"ListItem","position":2,"name":"Athena Beach Hotel"}]},{"@type":"WebSite","@id":"https:\/\/www.cbh-cyprus.com\/fr\/#website","url":"https:\/\/www.cbh-cyprus.com\/fr\/","name":"Constantinou Bros Hotels","description":"Constantinou Bros Hotels","publisher":{"@id":"https:\/\/www.cbh-cyprus.com\/fr\/#organization"},"potentialAction":[{"@type":"SearchAction","target":{"@type":"EntryPoint","urlTemplate":"https:\/\/www.cbh-cyprus.com\/fr\/?s={search_term_string}"},"query-input":{"@type":"PropertyValueSpecification","valueRequired":true,"valueName":"search_term_string"}}],"inLanguage":"fr-FR"},{"@type":"Organization","@id":"https:\/\/www.cbh-cyprus.com\/fr\/#organization","name":"Constantinou Bros Hotels","url":"https:\/\/www.cbh-cyprus.com\/fr\/","logo":{"@type":"ImageObject","inLanguage":"fr-FR","@id":"https:\/\/www.cbh-cyprus.com\/fr\/#\/schema\/logo\/image\/","url":"https:\/\/www.cbh-cyprus.com\/app\/uploads\/sites\/30\/2020\/10\/cbh.jpg","contentUrl":"https:\/\/www.cbh-cyprus.com\/app\/uploads\/sites\/30\/2020\/10\/cbh.jpg","width":1013,"height":419,"caption":"Constantinou Bros Hotels"},"image":{"@id":"https:\/\/www.cbh-cyprus.com\/fr\/#\/schema\/logo\/image\/"}}]}},"_links":{"self":[{"href":"https:\/\/www.cbh-cyprus.com\/fr\/wp-json\/wp\/v2\/pages\/36853","targetHints":{"allow":["GET"]}}],"collection":[{"href":"https:\/\/www.cbh-cyprus.com\/fr\/wp-json\/wp\/v2\/pages"}],"about":[{"href":"https:\/\/www.cbh-cyprus.com\/fr\/wp-json\/wp\/v2\/types\/page"}],"author":[{"embeddable":true,"href":"https:\/\/www.cbh-cyprus.com\/fr\/wp-json\/wp\/v2\/users\/367"}],"replies":[{"embeddable":true,"href":"https:\/\/www.cbh-cyprus.com\/fr\/wp-json\/wp\/v2\/comments?post=36853"}],"version-history":[{"count":3,"href":"https:\/\/www.cbh-cyprus.com\/fr\/wp-json\/wp\/v2\/pages\/36853\/revisions"}],"predecessor-version":[{"id":45883,"href":"https:\/\/www.cbh-cyprus.com\/fr\/wp-json\/wp\/v2\/pages\/36853\/revisions\/45883"}],"wp:featuredmedia":[{"embeddable":true,"href":"https:\/\/www.cbh-cyprus.com\/fr\/wp-json\/wp\/v2\/media\/34767"}],"wp:attachment":[{"href":"https:\/\/www.cbh-cyprus.com\/fr\/wp-json\/wp\/v2\/media?parent=36853"}],"curies":[{"name":"wp","href":"https:\/\/api.w.org\/{rel}","templated":true}]}}