{"id":36875,"date":"2024-07-23T12:14:10","date_gmt":"2024-07-23T09:14:10","guid":{"rendered":"https:\/\/www.cbh-cyprus.com\/asimina-suites-hotel-paphos\/"},"modified":"2025-07-25T13:39:57","modified_gmt":"2025-07-25T10:39:57","slug":"asimina-suites-hotel-paphos","status":"publish","type":"page","link":"https:\/\/www.cbh-cyprus.com\/fr\/asimina-suites-hotel-paphos\/","title":{"rendered":"H\u00f4tel Asimina Suites"},"content":{"rendered":"<h1>Un luxueux h\u00f4tel 5 \u00e9toiles pour adultes \u00e0 Paphos.<\/h1>\n<p>D\u00e9couvrez un sanctuaire tranquille en bord de mer, con\u00e7u exclusivement pour les adultes. Cet h\u00f4tel de luxe 5 \u00e9toiles \u00e0 Paphos est nich\u00e9 au bord des eaux azur\u00e9es, embrassant le rivage sablonneux. Situ\u00e9 dans un cadre serein, l&rsquo;h\u00f4tel se trouve \u00e0 proximit\u00e9 de l&rsquo;a\u00e9roport de Paphos, du centre-ville, des boutiques et de la vie nocturne anim\u00e9e. Con\u00e7ue sur mesure pour les couples, les couples en lune de miel et les amateurs de bien-\u00eatre, cette superbe retraite est enti\u00e8rement d\u00e9di\u00e9e \u00e0 votre bien-\u00eatre. Du spa luxueux et intime \u00e0 la salle de sport enti\u00e8rement \u00e9quip\u00e9e, en passant par les d\u00e9licieuses exp\u00e9riences gastronomiques, profitez de l&rsquo;ultime indulgence avec l&rsquo;option Ultra All-Inclusive, qui vous permet de savourer chaque instant sans arri\u00e8re-pens\u00e9e. L&rsquo;h\u00f4tel Constantinou Bros Asimina Suites propose une exp\u00e9rience somptueuse et exclusive, destin\u00e9e sp\u00e9cifiquement aux adultes. Cet h\u00f4tel de luxe 5 \u00e9toiles situ\u00e9 \u00e0 Paphos dispose de suites spacieuses, d&rsquo;une plage de sable priv\u00e9e, d&rsquo;une piscine int\u00e9rieure chauff\u00e9e et de deux piscines ext\u00e9rieures d&rsquo;eau douce reli\u00e9es entre elles. Certaines suites disposent d&rsquo;une piscine priv\u00e9e avec une terrasse en bois, tandis que toutes les suites sont dot\u00e9es d&rsquo;un vaste balcon. En ce qui concerne les activit\u00e9s sportives et de loisirs, vous trouverez un court de tennis \u00e9clair\u00e9 et d&rsquo;excellentes installations de bowling dans les h\u00f4tels voisins.<\/p>\n","protected":false},"excerpt":{"rendered":"<p>Un luxueux h\u00f4tel 5 \u00e9toiles pour adultes \u00e0 Paphos. D\u00e9couvrez un sanctuaire tranquille en bord de mer, con\u00e7u exclusivement pour les adultes. Cet h\u00f4tel de luxe 5 \u00e9toiles \u00e0 Paphos est nich\u00e9 au bord des eaux azur\u00e9es, embrassant le rivage sablonneux. Situ\u00e9 dans un cadre serein, l&rsquo;h\u00f4tel se trouve \u00e0 proximit\u00e9 de l&rsquo;a\u00e9roport de Paphos,<\/p>\n","protected":false},"author":367,"featured_media":43226,"parent":0,"menu_order":0,"comment_status":"closed","ping_status":"closed","template":"","meta":{"_acf_changed":false,"footnotes":""},"class_list":["post-36875","page","type-page","status-publish","has-post-thumbnail","hentry"],"acf":[],"yoast_head":"<!-- This site is optimized with the Yoast SEO plugin v27.3 - https:\/\/yoast.com\/product\/yoast-seo-wordpress\/ -->\n<title>Asimina Suites H\u00f4tel de luxe 5 \u00e9toiles \u00e0 Paphos | Constantinou Bros<\/title>\n<meta name=\"description\" content=\"Sanctuaire de bord de mer con\u00e7u exclusivement pour les adultes, l&#039;Asimina Suites est un h\u00f4tel de luxe 5 \u00e9toiles situ\u00e9 \u00e0 Paphos, \u00e0 Chypre, et dot\u00e9 d&#039;installations sensationnelles.\" \/>\n<meta name=\"robots\" content=\"index, follow, max-snippet:-1, max-image-preview:large, max-video-preview:-1\" \/>\n<link rel=\"canonical\" href=\"https:\/\/www.cbh-cyprus.com\/fr\/asimina-suites-hotel-paphos\/\" \/>\n<meta property=\"og:locale\" content=\"fr_FR\" \/>\n<meta property=\"og:type\" content=\"article\" \/>\n<meta property=\"og:title\" content=\"Asimina Suites H\u00f4tel de luxe 5 \u00e9toiles \u00e0 Paphos | Constantinou Bros\" \/>\n<meta property=\"og:description\" content=\"Sanctuaire de bord de mer con\u00e7u exclusivement pour les adultes, l&#039;Asimina Suites est un h\u00f4tel de luxe 5 \u00e9toiles situ\u00e9 \u00e0 Paphos, \u00e0 Chypre, et dot\u00e9 d&#039;installations sensationnelles.\" \/>\n<meta property=\"og:url\" content=\"https:\/\/www.cbh-cyprus.com\/fr\/asimina-suites-hotel-paphos\/\" \/>\n<meta property=\"og:site_name\" content=\"Constantinou Bros Hotels\" \/>\n<meta property=\"article:modified_time\" content=\"2025-07-25T10:39:57+00:00\" \/>\n<meta property=\"og:image\" content=\"https:\/\/www.cbh-cyprus.com\/app\/uploads\/sites\/30\/2025\/01\/9-ASIMINA-SUITES-HOTEL-POOL-600x399.jpg\" \/>\n\t<meta property=\"og:image:width\" content=\"600\" \/>\n\t<meta property=\"og:image:height\" content=\"399\" \/>\n\t<meta property=\"og:image:type\" content=\"image\/jpeg\" \/>\n<meta name=\"twitter:card\" content=\"summary_large_image\" \/>\n<meta name=\"twitter:label1\" content=\"Dur\u00e9e de lecture estim\u00e9e\" \/>\n\t<meta name=\"twitter:data1\" content=\"2 minutes\" \/>\n<script type=\"application\/ld+json\" class=\"yoast-schema-graph\">{\"@context\":\"https:\\\/\\\/schema.org\",\"@graph\":[{\"@type\":\"WebPage\",\"@id\":\"https:\\\/\\\/www.cbh-cyprus.com\\\/fr\\\/asimina-suites-hotel-paphos\\\/\",\"url\":\"https:\\\/\\\/www.cbh-cyprus.com\\\/fr\\\/asimina-suites-hotel-paphos\\\/\",\"name\":\"Asimina Suites H\u00f4tel de luxe 5 \u00e9toiles \u00e0 Paphos | Constantinou Bros\",\"isPartOf\":{\"@id\":\"https:\\\/\\\/www.cbh-cyprus.com\\\/fr\\\/#website\"},\"primaryImageOfPage\":{\"@id\":\"https:\\\/\\\/www.cbh-cyprus.com\\\/fr\\\/asimina-suites-hotel-paphos\\\/#primaryimage\"},\"image\":{\"@id\":\"https:\\\/\\\/www.cbh-cyprus.com\\\/fr\\\/asimina-suites-hotel-paphos\\\/#primaryimage\"},\"thumbnailUrl\":\"https:\\\/\\\/www.cbh-cyprus.com\\\/app\\\/uploads\\\/sites\\\/30\\\/2025\\\/01\\\/9-ASIMINA-SUITES-HOTEL-POOL-scaled.jpg\",\"datePublished\":\"2024-07-23T09:14:10+00:00\",\"dateModified\":\"2025-07-25T10:39:57+00:00\",\"description\":\"Sanctuaire de bord de mer con\u00e7u exclusivement pour les adultes, l'Asimina Suites est un h\u00f4tel de luxe 5 \u00e9toiles situ\u00e9 \u00e0 Paphos, \u00e0 Chypre, et dot\u00e9 d'installations sensationnelles.\",\"breadcrumb\":{\"@id\":\"https:\\\/\\\/www.cbh-cyprus.com\\\/fr\\\/asimina-suites-hotel-paphos\\\/#breadcrumb\"},\"inLanguage\":\"fr-FR\",\"potentialAction\":[{\"@type\":\"ReadAction\",\"target\":[\"https:\\\/\\\/www.cbh-cyprus.com\\\/fr\\\/asimina-suites-hotel-paphos\\\/\"]}]},{\"@type\":\"ImageObject\",\"inLanguage\":\"fr-FR\",\"@id\":\"https:\\\/\\\/www.cbh-cyprus.com\\\/fr\\\/asimina-suites-hotel-paphos\\\/#primaryimage\",\"url\":\"https:\\\/\\\/www.cbh-cyprus.com\\\/app\\\/uploads\\\/sites\\\/30\\\/2025\\\/01\\\/9-ASIMINA-SUITES-HOTEL-POOL-scaled.jpg\",\"contentUrl\":\"https:\\\/\\\/www.cbh-cyprus.com\\\/app\\\/uploads\\\/sites\\\/30\\\/2025\\\/01\\\/9-ASIMINA-SUITES-HOTEL-POOL-scaled.jpg\",\"width\":2560,\"height\":1703,\"caption\":\"AUGUST\"},{\"@type\":\"BreadcrumbList\",\"@id\":\"https:\\\/\\\/www.cbh-cyprus.com\\\/fr\\\/asimina-suites-hotel-paphos\\\/#breadcrumb\",\"itemListElement\":[{\"@type\":\"ListItem\",\"position\":1,\"name\":\"Home\",\"item\":\"https:\\\/\\\/www.cbh-cyprus.com\\\/fr\\\/welcome-to-constantinou-bros-hotels\\\/\"},{\"@type\":\"ListItem\",\"position\":2,\"name\":\"H\u00f4tel Asimina Suites\"}]},{\"@type\":\"WebSite\",\"@id\":\"https:\\\/\\\/www.cbh-cyprus.com\\\/fr\\\/#website\",\"url\":\"https:\\\/\\\/www.cbh-cyprus.com\\\/fr\\\/\",\"name\":\"Constantinou Bros Hotels\",\"description\":\"Constantinou Bros Hotels\",\"publisher\":{\"@id\":\"https:\\\/\\\/www.cbh-cyprus.com\\\/fr\\\/#organization\"},\"potentialAction\":[{\"@type\":\"SearchAction\",\"target\":{\"@type\":\"EntryPoint\",\"urlTemplate\":\"https:\\\/\\\/www.cbh-cyprus.com\\\/fr\\\/?s={search_term_string}\"},\"query-input\":{\"@type\":\"PropertyValueSpecification\",\"valueRequired\":true,\"valueName\":\"search_term_string\"}}],\"inLanguage\":\"fr-FR\"},{\"@type\":\"Organization\",\"@id\":\"https:\\\/\\\/www.cbh-cyprus.com\\\/fr\\\/#organization\",\"name\":\"Constantinou Bros Hotels\",\"url\":\"https:\\\/\\\/www.cbh-cyprus.com\\\/fr\\\/\",\"logo\":{\"@type\":\"ImageObject\",\"inLanguage\":\"fr-FR\",\"@id\":\"https:\\\/\\\/www.cbh-cyprus.com\\\/fr\\\/#\\\/schema\\\/logo\\\/image\\\/\",\"url\":\"https:\\\/\\\/www.cbh-cyprus.com\\\/app\\\/uploads\\\/sites\\\/30\\\/2020\\\/10\\\/cbh.jpg\",\"contentUrl\":\"https:\\\/\\\/www.cbh-cyprus.com\\\/app\\\/uploads\\\/sites\\\/30\\\/2020\\\/10\\\/cbh.jpg\",\"width\":1013,\"height\":419,\"caption\":\"Constantinou Bros Hotels\"},\"image\":{\"@id\":\"https:\\\/\\\/www.cbh-cyprus.com\\\/fr\\\/#\\\/schema\\\/logo\\\/image\\\/\"}}]}<\/script>\n<!-- \/ Yoast SEO plugin. -->","yoast_head_json":{"title":"Asimina Suites H\u00f4tel de luxe 5 \u00e9toiles \u00e0 Paphos | Constantinou Bros","description":"Sanctuaire de bord de mer con\u00e7u exclusivement pour les adultes, l'Asimina Suites est un h\u00f4tel de luxe 5 \u00e9toiles situ\u00e9 \u00e0 Paphos, \u00e0 Chypre, et dot\u00e9 d'installations sensationnelles.","robots":{"index":"index","follow":"follow","max-snippet":"max-snippet:-1","max-image-preview":"max-image-preview:large","max-video-preview":"max-video-preview:-1"},"canonical":"https:\/\/www.cbh-cyprus.com\/fr\/asimina-suites-hotel-paphos\/","og_locale":"fr_FR","og_type":"article","og_title":"Asimina Suites H\u00f4tel de luxe 5 \u00e9toiles \u00e0 Paphos | Constantinou Bros","og_description":"Sanctuaire de bord de mer con\u00e7u exclusivement pour les adultes, l'Asimina Suites est un h\u00f4tel de luxe 5 \u00e9toiles situ\u00e9 \u00e0 Paphos, \u00e0 Chypre, et dot\u00e9 d'installations sensationnelles.","og_url":"https:\/\/www.cbh-cyprus.com\/fr\/asimina-suites-hotel-paphos\/","og_site_name":"Constantinou Bros Hotels","article_modified_time":"2025-07-25T10:39:57+00:00","og_image":[{"width":600,"height":399,"url":"https:\/\/www.cbh-cyprus.com\/app\/uploads\/sites\/30\/2025\/01\/9-ASIMINA-SUITES-HOTEL-POOL-600x399.jpg","type":"image\/jpeg"}],"twitter_card":"summary_large_image","twitter_misc":{"Dur\u00e9e de lecture estim\u00e9e":"2 minutes"},"schema":{"@context":"https:\/\/schema.org","@graph":[{"@type":"WebPage","@id":"https:\/\/www.cbh-cyprus.com\/fr\/asimina-suites-hotel-paphos\/","url":"https:\/\/www.cbh-cyprus.com\/fr\/asimina-suites-hotel-paphos\/","name":"Asimina Suites H\u00f4tel de luxe 5 \u00e9toiles \u00e0 Paphos | Constantinou Bros","isPartOf":{"@id":"https:\/\/www.cbh-cyprus.com\/fr\/#website"},"primaryImageOfPage":{"@id":"https:\/\/www.cbh-cyprus.com\/fr\/asimina-suites-hotel-paphos\/#primaryimage"},"image":{"@id":"https:\/\/www.cbh-cyprus.com\/fr\/asimina-suites-hotel-paphos\/#primaryimage"},"thumbnailUrl":"https:\/\/www.cbh-cyprus.com\/app\/uploads\/sites\/30\/2025\/01\/9-ASIMINA-SUITES-HOTEL-POOL-scaled.jpg","datePublished":"2024-07-23T09:14:10+00:00","dateModified":"2025-07-25T10:39:57+00:00","description":"Sanctuaire de bord de mer con\u00e7u exclusivement pour les adultes, l'Asimina Suites est un h\u00f4tel de luxe 5 \u00e9toiles situ\u00e9 \u00e0 Paphos, \u00e0 Chypre, et dot\u00e9 d'installations sensationnelles.","breadcrumb":{"@id":"https:\/\/www.cbh-cyprus.com\/fr\/asimina-suites-hotel-paphos\/#breadcrumb"},"inLanguage":"fr-FR","potentialAction":[{"@type":"ReadAction","target":["https:\/\/www.cbh-cyprus.com\/fr\/asimina-suites-hotel-paphos\/"]}]},{"@type":"ImageObject","inLanguage":"fr-FR","@id":"https:\/\/www.cbh-cyprus.com\/fr\/asimina-suites-hotel-paphos\/#primaryimage","url":"https:\/\/www.cbh-cyprus.com\/app\/uploads\/sites\/30\/2025\/01\/9-ASIMINA-SUITES-HOTEL-POOL-scaled.jpg","contentUrl":"https:\/\/www.cbh-cyprus.com\/app\/uploads\/sites\/30\/2025\/01\/9-ASIMINA-SUITES-HOTEL-POOL-scaled.jpg","width":2560,"height":1703,"caption":"AUGUST"},{"@type":"BreadcrumbList","@id":"https:\/\/www.cbh-cyprus.com\/fr\/asimina-suites-hotel-paphos\/#breadcrumb","itemListElement":[{"@type":"ListItem","position":1,"name":"Home","item":"https:\/\/www.cbh-cyprus.com\/fr\/welcome-to-constantinou-bros-hotels\/"},{"@type":"ListItem","position":2,"name":"H\u00f4tel Asimina Suites"}]},{"@type":"WebSite","@id":"https:\/\/www.cbh-cyprus.com\/fr\/#website","url":"https:\/\/www.cbh-cyprus.com\/fr\/","name":"Constantinou Bros Hotels","description":"Constantinou Bros Hotels","publisher":{"@id":"https:\/\/www.cbh-cyprus.com\/fr\/#organization"},"potentialAction":[{"@type":"SearchAction","target":{"@type":"EntryPoint","urlTemplate":"https:\/\/www.cbh-cyprus.com\/fr\/?s={search_term_string}"},"query-input":{"@type":"PropertyValueSpecification","valueRequired":true,"valueName":"search_term_string"}}],"inLanguage":"fr-FR"},{"@type":"Organization","@id":"https:\/\/www.cbh-cyprus.com\/fr\/#organization","name":"Constantinou Bros Hotels","url":"https:\/\/www.cbh-cyprus.com\/fr\/","logo":{"@type":"ImageObject","inLanguage":"fr-FR","@id":"https:\/\/www.cbh-cyprus.com\/fr\/#\/schema\/logo\/image\/","url":"https:\/\/www.cbh-cyprus.com\/app\/uploads\/sites\/30\/2020\/10\/cbh.jpg","contentUrl":"https:\/\/www.cbh-cyprus.com\/app\/uploads\/sites\/30\/2020\/10\/cbh.jpg","width":1013,"height":419,"caption":"Constantinou Bros Hotels"},"image":{"@id":"https:\/\/www.cbh-cyprus.com\/fr\/#\/schema\/logo\/image\/"}}]}},"_links":{"self":[{"href":"https:\/\/www.cbh-cyprus.com\/fr\/wp-json\/wp\/v2\/pages\/36875","targetHints":{"allow":["GET"]}}],"collection":[{"href":"https:\/\/www.cbh-cyprus.com\/fr\/wp-json\/wp\/v2\/pages"}],"about":[{"href":"https:\/\/www.cbh-cyprus.com\/fr\/wp-json\/wp\/v2\/types\/page"}],"author":[{"embeddable":true,"href":"https:\/\/www.cbh-cyprus.com\/fr\/wp-json\/wp\/v2\/users\/367"}],"replies":[{"embeddable":true,"href":"https:\/\/www.cbh-cyprus.com\/fr\/wp-json\/wp\/v2\/comments?post=36875"}],"version-history":[{"count":2,"href":"https:\/\/www.cbh-cyprus.com\/fr\/wp-json\/wp\/v2\/pages\/36875\/revisions"}],"predecessor-version":[{"id":45757,"href":"https:\/\/www.cbh-cyprus.com\/fr\/wp-json\/wp\/v2\/pages\/36875\/revisions\/45757"}],"wp:featuredmedia":[{"embeddable":true,"href":"https:\/\/www.cbh-cyprus.com\/fr\/wp-json\/wp\/v2\/media\/43226"}],"wp:attachment":[{"href":"https:\/\/www.cbh-cyprus.com\/fr\/wp-json\/wp\/v2\/media?parent=36875"}],"curies":[{"name":"wp","href":"https:\/\/api.w.org\/{rel}","templated":true}]}}