{"id":36876,"date":"2024-07-23T12:14:10","date_gmt":"2024-07-23T09:14:10","guid":{"rendered":"https:\/\/www.cbh-cyprus.com\/athena-royal\/"},"modified":"2025-07-25T13:44:23","modified_gmt":"2025-07-25T10:44:23","slug":"athena-royal","status":"publish","type":"page","link":"https:\/\/www.cbh-cyprus.com\/fr\/athena-royal\/","title":{"rendered":"H\u00f4tel Athena Royal Beach"},"content":{"rendered":"<h1>Un h\u00f4tel de luxe en bord de mer pour adultes seulement \u00e0 Paphos<\/h1>\n<p>Vivez un s\u00e9jour inoubliable dans ce superbe h\u00f4tel de luxe en bord de mer de Paphos, r\u00e9serv\u00e9 aux adultes. L&rsquo;Athena Royal Beach Hotel de Constantinou Bros est l&rsquo;endroit id\u00e9al pour les couples et les jeunes mari\u00e9s \u00e0 la recherche d&rsquo;une escapade romantique, ainsi que pour les groupes d&rsquo;amis en qu\u00eate d&rsquo;aventure. Cet h\u00f4tel offre un m\u00e9lange parfait d&rsquo;excitation et de d\u00e9tente. Profitez de diverses installations telles qu&rsquo;un court de tennis \u00e9clair\u00e9 et un terrain de p\u00e9tanque de 24 pistes, con\u00e7ues pour vous divertir et vous d\u00e9tendre. Profitez d&rsquo;exp\u00e9riences culinaires exquises gr\u00e2ce aux diverses soir\u00e9es \u00e0 th\u00e8me de l&rsquo;h\u00f4tel et, pour une touche de romantisme, savourez un d\u00eener aux chandelles. Le bien-\u00eatre prend un nouveau sens dans le spa rajeunissant qui comprend une piscine chauff\u00e9e, des saunas, un bain de vapeur, une salle de remise en forme bien \u00e9quip\u00e9e et un salon de coiffure professionnel. Avec la possibilit\u00e9 d&rsquo;opter pour l&rsquo;exp\u00e9rience Ultra All-Inclusive, votre s\u00e9jour \u00e0 l&rsquo;h\u00f4tel de luxe pour adultes en bord de mer de Paphos vous garantit des vacances 4 \u00e9toiles remarquables.<\/p>\n<p>&nbsp;<\/p>\n","protected":false},"excerpt":{"rendered":"<p>Un h\u00f4tel de luxe en bord de mer pour adultes seulement \u00e0 Paphos Vivez un s\u00e9jour inoubliable dans ce superbe h\u00f4tel de luxe en bord de mer de Paphos, r\u00e9serv\u00e9 aux adultes. L&rsquo;Athena Royal Beach Hotel de Constantinou Bros est l&rsquo;endroit id\u00e9al pour les couples et les jeunes mari\u00e9s \u00e0 la recherche d&rsquo;une escapade romantique,<\/p>\n","protected":false},"author":367,"featured_media":43219,"parent":0,"menu_order":0,"comment_status":"closed","ping_status":"closed","template":"","meta":{"_acf_changed":false,"footnotes":""},"class_list":["post-36876","page","type-page","status-publish","has-post-thumbnail","hentry"],"acf":[],"yoast_head":"<!-- This site is optimized with the Yoast SEO plugin v27.3 - https:\/\/yoast.com\/product\/yoast-seo-wordpress\/ -->\n<title>Athena Royal Paphos, h\u00f4tel de luxe en bord de mer, r\u00e9serv\u00e9 aux adultes<\/title>\n<meta name=\"description\" content=\"Id\u00e9alement con\u00e7u pour les couples et les jeunes mari\u00e9s, l&#039;Athena Royal Beach by Constantinou Bros Hotels est un h\u00f4tel de luxe en bord de mer \u00e0 Paphos, r\u00e9serv\u00e9 aux adultes.\" \/>\n<meta name=\"robots\" content=\"index, follow, max-snippet:-1, max-image-preview:large, max-video-preview:-1\" \/>\n<link rel=\"canonical\" href=\"https:\/\/www.cbh-cyprus.com\/fr\/athena-royal\/\" \/>\n<meta property=\"og:locale\" content=\"fr_FR\" \/>\n<meta property=\"og:type\" content=\"article\" \/>\n<meta property=\"og:title\" content=\"Athena Royal Paphos, h\u00f4tel de luxe en bord de mer, r\u00e9serv\u00e9 aux adultes\" \/>\n<meta property=\"og:description\" content=\"Id\u00e9alement con\u00e7u pour les couples et les jeunes mari\u00e9s, l&#039;Athena Royal Beach by Constantinou Bros Hotels est un h\u00f4tel de luxe en bord de mer \u00e0 Paphos, r\u00e9serv\u00e9 aux adultes.\" \/>\n<meta property=\"og:url\" content=\"https:\/\/www.cbh-cyprus.com\/fr\/athena-royal\/\" \/>\n<meta property=\"og:site_name\" content=\"Constantinou Bros Hotels\" \/>\n<meta property=\"article:modified_time\" content=\"2025-07-25T10:44:23+00:00\" \/>\n<meta property=\"og:image\" content=\"https:\/\/www.cbh-cyprus.com\/app\/uploads\/sites\/30\/2025\/01\/1-ATHENA-ROYAL-BEACH-HOTEL-EXTERIOR-VIEW-600x399.jpg\" \/>\n\t<meta property=\"og:image:width\" content=\"600\" \/>\n\t<meta property=\"og:image:height\" content=\"399\" \/>\n\t<meta property=\"og:image:type\" content=\"image\/jpeg\" \/>\n<meta name=\"twitter:card\" content=\"summary_large_image\" \/>\n<meta name=\"twitter:label1\" content=\"Dur\u00e9e de lecture estim\u00e9e\" \/>\n\t<meta name=\"twitter:data1\" content=\"2 minutes\" \/>\n<script type=\"application\/ld+json\" class=\"yoast-schema-graph\">{\"@context\":\"https:\\\/\\\/schema.org\",\"@graph\":[{\"@type\":\"WebPage\",\"@id\":\"https:\\\/\\\/www.cbh-cyprus.com\\\/fr\\\/athena-royal\\\/\",\"url\":\"https:\\\/\\\/www.cbh-cyprus.com\\\/fr\\\/athena-royal\\\/\",\"name\":\"Athena Royal Paphos, h\u00f4tel de luxe en bord de mer, r\u00e9serv\u00e9 aux adultes\",\"isPartOf\":{\"@id\":\"https:\\\/\\\/www.cbh-cyprus.com\\\/fr\\\/#website\"},\"primaryImageOfPage\":{\"@id\":\"https:\\\/\\\/www.cbh-cyprus.com\\\/fr\\\/athena-royal\\\/#primaryimage\"},\"image\":{\"@id\":\"https:\\\/\\\/www.cbh-cyprus.com\\\/fr\\\/athena-royal\\\/#primaryimage\"},\"thumbnailUrl\":\"https:\\\/\\\/www.cbh-cyprus.com\\\/app\\\/uploads\\\/sites\\\/30\\\/2025\\\/01\\\/1-ATHENA-ROYAL-BEACH-HOTEL-EXTERIOR-VIEW-scaled.jpg\",\"datePublished\":\"2024-07-23T09:14:10+00:00\",\"dateModified\":\"2025-07-25T10:44:23+00:00\",\"description\":\"Id\u00e9alement con\u00e7u pour les couples et les jeunes mari\u00e9s, l'Athena Royal Beach by Constantinou Bros Hotels est un h\u00f4tel de luxe en bord de mer \u00e0 Paphos, r\u00e9serv\u00e9 aux adultes.\",\"breadcrumb\":{\"@id\":\"https:\\\/\\\/www.cbh-cyprus.com\\\/fr\\\/athena-royal\\\/#breadcrumb\"},\"inLanguage\":\"fr-FR\",\"potentialAction\":[{\"@type\":\"ReadAction\",\"target\":[\"https:\\\/\\\/www.cbh-cyprus.com\\\/fr\\\/athena-royal\\\/\"]}]},{\"@type\":\"ImageObject\",\"inLanguage\":\"fr-FR\",\"@id\":\"https:\\\/\\\/www.cbh-cyprus.com\\\/fr\\\/athena-royal\\\/#primaryimage\",\"url\":\"https:\\\/\\\/www.cbh-cyprus.com\\\/app\\\/uploads\\\/sites\\\/30\\\/2025\\\/01\\\/1-ATHENA-ROYAL-BEACH-HOTEL-EXTERIOR-VIEW-scaled.jpg\",\"contentUrl\":\"https:\\\/\\\/www.cbh-cyprus.com\\\/app\\\/uploads\\\/sites\\\/30\\\/2025\\\/01\\\/1-ATHENA-ROYAL-BEACH-HOTEL-EXTERIOR-VIEW-scaled.jpg\",\"width\":2560,\"height\":1703,\"caption\":\"Zakros\"},{\"@type\":\"BreadcrumbList\",\"@id\":\"https:\\\/\\\/www.cbh-cyprus.com\\\/fr\\\/athena-royal\\\/#breadcrumb\",\"itemListElement\":[{\"@type\":\"ListItem\",\"position\":1,\"name\":\"Home\",\"item\":\"https:\\\/\\\/www.cbh-cyprus.com\\\/fr\\\/welcome-to-constantinou-bros-hotels\\\/\"},{\"@type\":\"ListItem\",\"position\":2,\"name\":\"H\u00f4tel Athena Royal Beach\"}]},{\"@type\":\"WebSite\",\"@id\":\"https:\\\/\\\/www.cbh-cyprus.com\\\/fr\\\/#website\",\"url\":\"https:\\\/\\\/www.cbh-cyprus.com\\\/fr\\\/\",\"name\":\"Constantinou Bros Hotels\",\"description\":\"Constantinou Bros Hotels\",\"publisher\":{\"@id\":\"https:\\\/\\\/www.cbh-cyprus.com\\\/fr\\\/#organization\"},\"potentialAction\":[{\"@type\":\"SearchAction\",\"target\":{\"@type\":\"EntryPoint\",\"urlTemplate\":\"https:\\\/\\\/www.cbh-cyprus.com\\\/fr\\\/?s={search_term_string}\"},\"query-input\":{\"@type\":\"PropertyValueSpecification\",\"valueRequired\":true,\"valueName\":\"search_term_string\"}}],\"inLanguage\":\"fr-FR\"},{\"@type\":\"Organization\",\"@id\":\"https:\\\/\\\/www.cbh-cyprus.com\\\/fr\\\/#organization\",\"name\":\"Constantinou Bros Hotels\",\"url\":\"https:\\\/\\\/www.cbh-cyprus.com\\\/fr\\\/\",\"logo\":{\"@type\":\"ImageObject\",\"inLanguage\":\"fr-FR\",\"@id\":\"https:\\\/\\\/www.cbh-cyprus.com\\\/fr\\\/#\\\/schema\\\/logo\\\/image\\\/\",\"url\":\"https:\\\/\\\/www.cbh-cyprus.com\\\/app\\\/uploads\\\/sites\\\/30\\\/2020\\\/10\\\/cbh.jpg\",\"contentUrl\":\"https:\\\/\\\/www.cbh-cyprus.com\\\/app\\\/uploads\\\/sites\\\/30\\\/2020\\\/10\\\/cbh.jpg\",\"width\":1013,\"height\":419,\"caption\":\"Constantinou Bros Hotels\"},\"image\":{\"@id\":\"https:\\\/\\\/www.cbh-cyprus.com\\\/fr\\\/#\\\/schema\\\/logo\\\/image\\\/\"}}]}<\/script>\n<!-- \/ Yoast SEO plugin. -->","yoast_head_json":{"title":"Athena Royal Paphos, h\u00f4tel de luxe en bord de mer, r\u00e9serv\u00e9 aux adultes","description":"Id\u00e9alement con\u00e7u pour les couples et les jeunes mari\u00e9s, l'Athena Royal Beach by Constantinou Bros Hotels est un h\u00f4tel de luxe en bord de mer \u00e0 Paphos, r\u00e9serv\u00e9 aux adultes.","robots":{"index":"index","follow":"follow","max-snippet":"max-snippet:-1","max-image-preview":"max-image-preview:large","max-video-preview":"max-video-preview:-1"},"canonical":"https:\/\/www.cbh-cyprus.com\/fr\/athena-royal\/","og_locale":"fr_FR","og_type":"article","og_title":"Athena Royal Paphos, h\u00f4tel de luxe en bord de mer, r\u00e9serv\u00e9 aux adultes","og_description":"Id\u00e9alement con\u00e7u pour les couples et les jeunes mari\u00e9s, l'Athena Royal Beach by Constantinou Bros Hotels est un h\u00f4tel de luxe en bord de mer \u00e0 Paphos, r\u00e9serv\u00e9 aux adultes.","og_url":"https:\/\/www.cbh-cyprus.com\/fr\/athena-royal\/","og_site_name":"Constantinou Bros Hotels","article_modified_time":"2025-07-25T10:44:23+00:00","og_image":[{"width":600,"height":399,"url":"https:\/\/www.cbh-cyprus.com\/app\/uploads\/sites\/30\/2025\/01\/1-ATHENA-ROYAL-BEACH-HOTEL-EXTERIOR-VIEW-600x399.jpg","type":"image\/jpeg"}],"twitter_card":"summary_large_image","twitter_misc":{"Dur\u00e9e de lecture estim\u00e9e":"2 minutes"},"schema":{"@context":"https:\/\/schema.org","@graph":[{"@type":"WebPage","@id":"https:\/\/www.cbh-cyprus.com\/fr\/athena-royal\/","url":"https:\/\/www.cbh-cyprus.com\/fr\/athena-royal\/","name":"Athena Royal Paphos, h\u00f4tel de luxe en bord de mer, r\u00e9serv\u00e9 aux adultes","isPartOf":{"@id":"https:\/\/www.cbh-cyprus.com\/fr\/#website"},"primaryImageOfPage":{"@id":"https:\/\/www.cbh-cyprus.com\/fr\/athena-royal\/#primaryimage"},"image":{"@id":"https:\/\/www.cbh-cyprus.com\/fr\/athena-royal\/#primaryimage"},"thumbnailUrl":"https:\/\/www.cbh-cyprus.com\/app\/uploads\/sites\/30\/2025\/01\/1-ATHENA-ROYAL-BEACH-HOTEL-EXTERIOR-VIEW-scaled.jpg","datePublished":"2024-07-23T09:14:10+00:00","dateModified":"2025-07-25T10:44:23+00:00","description":"Id\u00e9alement con\u00e7u pour les couples et les jeunes mari\u00e9s, l'Athena Royal Beach by Constantinou Bros Hotels est un h\u00f4tel de luxe en bord de mer \u00e0 Paphos, r\u00e9serv\u00e9 aux adultes.","breadcrumb":{"@id":"https:\/\/www.cbh-cyprus.com\/fr\/athena-royal\/#breadcrumb"},"inLanguage":"fr-FR","potentialAction":[{"@type":"ReadAction","target":["https:\/\/www.cbh-cyprus.com\/fr\/athena-royal\/"]}]},{"@type":"ImageObject","inLanguage":"fr-FR","@id":"https:\/\/www.cbh-cyprus.com\/fr\/athena-royal\/#primaryimage","url":"https:\/\/www.cbh-cyprus.com\/app\/uploads\/sites\/30\/2025\/01\/1-ATHENA-ROYAL-BEACH-HOTEL-EXTERIOR-VIEW-scaled.jpg","contentUrl":"https:\/\/www.cbh-cyprus.com\/app\/uploads\/sites\/30\/2025\/01\/1-ATHENA-ROYAL-BEACH-HOTEL-EXTERIOR-VIEW-scaled.jpg","width":2560,"height":1703,"caption":"Zakros"},{"@type":"BreadcrumbList","@id":"https:\/\/www.cbh-cyprus.com\/fr\/athena-royal\/#breadcrumb","itemListElement":[{"@type":"ListItem","position":1,"name":"Home","item":"https:\/\/www.cbh-cyprus.com\/fr\/welcome-to-constantinou-bros-hotels\/"},{"@type":"ListItem","position":2,"name":"H\u00f4tel Athena Royal Beach"}]},{"@type":"WebSite","@id":"https:\/\/www.cbh-cyprus.com\/fr\/#website","url":"https:\/\/www.cbh-cyprus.com\/fr\/","name":"Constantinou Bros Hotels","description":"Constantinou Bros Hotels","publisher":{"@id":"https:\/\/www.cbh-cyprus.com\/fr\/#organization"},"potentialAction":[{"@type":"SearchAction","target":{"@type":"EntryPoint","urlTemplate":"https:\/\/www.cbh-cyprus.com\/fr\/?s={search_term_string}"},"query-input":{"@type":"PropertyValueSpecification","valueRequired":true,"valueName":"search_term_string"}}],"inLanguage":"fr-FR"},{"@type":"Organization","@id":"https:\/\/www.cbh-cyprus.com\/fr\/#organization","name":"Constantinou Bros Hotels","url":"https:\/\/www.cbh-cyprus.com\/fr\/","logo":{"@type":"ImageObject","inLanguage":"fr-FR","@id":"https:\/\/www.cbh-cyprus.com\/fr\/#\/schema\/logo\/image\/","url":"https:\/\/www.cbh-cyprus.com\/app\/uploads\/sites\/30\/2020\/10\/cbh.jpg","contentUrl":"https:\/\/www.cbh-cyprus.com\/app\/uploads\/sites\/30\/2020\/10\/cbh.jpg","width":1013,"height":419,"caption":"Constantinou Bros Hotels"},"image":{"@id":"https:\/\/www.cbh-cyprus.com\/fr\/#\/schema\/logo\/image\/"}}]}},"_links":{"self":[{"href":"https:\/\/www.cbh-cyprus.com\/fr\/wp-json\/wp\/v2\/pages\/36876","targetHints":{"allow":["GET"]}}],"collection":[{"href":"https:\/\/www.cbh-cyprus.com\/fr\/wp-json\/wp\/v2\/pages"}],"about":[{"href":"https:\/\/www.cbh-cyprus.com\/fr\/wp-json\/wp\/v2\/types\/page"}],"author":[{"embeddable":true,"href":"https:\/\/www.cbh-cyprus.com\/fr\/wp-json\/wp\/v2\/users\/367"}],"replies":[{"embeddable":true,"href":"https:\/\/www.cbh-cyprus.com\/fr\/wp-json\/wp\/v2\/comments?post=36876"}],"version-history":[{"count":2,"href":"https:\/\/www.cbh-cyprus.com\/fr\/wp-json\/wp\/v2\/pages\/36876\/revisions"}],"predecessor-version":[{"id":45767,"href":"https:\/\/www.cbh-cyprus.com\/fr\/wp-json\/wp\/v2\/pages\/36876\/revisions\/45767"}],"wp:featuredmedia":[{"embeddable":true,"href":"https:\/\/www.cbh-cyprus.com\/fr\/wp-json\/wp\/v2\/media\/43219"}],"wp:attachment":[{"href":"https:\/\/www.cbh-cyprus.com\/fr\/wp-json\/wp\/v2\/media?parent=36876"}],"curies":[{"name":"wp","href":"https:\/\/api.w.org\/{rel}","templated":true}]}}