{"id":36893,"date":"2024-07-23T12:14:16","date_gmt":"2024-07-23T09:14:16","guid":{"rendered":"https:\/\/www.cbh-cyprus.com\/hotel-pionnier\/"},"modified":"2025-07-25T13:47:48","modified_gmt":"2025-07-25T10:47:48","slug":"hotel-pionnier","status":"publish","type":"page","link":"https:\/\/www.cbh-cyprus.com\/fr\/hotel-pionnier\/","title":{"rendered":"H\u00f4tel Pioneer Beach"},"content":{"rendered":"<h1>Un h\u00f4tel quatre \u00e9toiles en bord de mer \u00e0 Paphos, destin\u00e9 aux adultes.<\/h1>\n<p>Entrez dans un h\u00f4tel 4 \u00e9toiles sensationnel de Paphos r\u00e9serv\u00e9 aux adultes, qui met l&rsquo;accent sur le bien-\u00eatre et la remise en forme. Le Constantinou Bros Pioneer Beach Hotel propose un large \u00e9ventail d&rsquo;options pour les adultes. Les amateurs de sport seront ravis de pouvoir jouer au bowling sur tapis court, au Green Bowls en plein air et au tennis \u00e9clair\u00e9. Apr\u00e8s une journ\u00e9e exaltante, retrouvez la tranquillit\u00e9 au spa et terminez la nuit par un d\u00eener raffin\u00e9 au restaurant ou par un d\u00eener aux chandelles encore plus romantique. Chaque chambre de l&rsquo;h\u00f4tel Paphos r\u00e9serv\u00e9 aux adultes dispose d&rsquo;un balcon spacieux offrant des vues captivantes sur la mer M\u00e9diterran\u00e9e ou sur le paysage paisible environnant. Les clients s\u00e9journant dans certains types de chambres ont \u00e9galement le privil\u00e8ge d&rsquo;acc\u00e9der gratuitement \u00e0 une cabane priv\u00e9e et \u00e0 des chaises longues pour plus de d\u00e9tente et de confort. Pour une exp\u00e9rience ultime, optez pour l&rsquo;option Ultra All-Inclusive.<\/p>\n","protected":false},"excerpt":{"rendered":"<p>Un h\u00f4tel quatre \u00e9toiles en bord de mer \u00e0 Paphos, destin\u00e9 aux adultes. Entrez dans un h\u00f4tel 4 \u00e9toiles sensationnel de Paphos r\u00e9serv\u00e9 aux adultes, qui met l&rsquo;accent sur le bien-\u00eatre et la remise en forme. Le Constantinou Bros Pioneer Beach Hotel propose un large \u00e9ventail d&rsquo;options pour les adultes. Les amateurs de sport seront<\/p>\n","protected":false},"author":367,"featured_media":34850,"parent":0,"menu_order":0,"comment_status":"closed","ping_status":"closed","template":"","meta":{"_acf_changed":false,"footnotes":""},"class_list":["post-36893","page","type-page","status-publish","has-post-thumbnail","hentry"],"acf":[],"yoast_head":"<!-- This site is optimized with the Yoast SEO plugin v27.3 - https:\/\/yoast.com\/product\/yoast-seo-wordpress\/ -->\n<title>Pioneer Beach Paphos h\u00f4tel pour adultes seulement | Constantinou Bros<\/title>\n<meta name=\"description\" content=\"Ce charmant h\u00f4tel de Paphos, situ\u00e9 en bord de mer et r\u00e9serv\u00e9 aux adultes, propose \u00e0 ses clients toute une gamme d&#039;exp\u00e9riences et d&#039;activit\u00e9s de loisirs et de bien-\u00eatre.\" \/>\n<meta name=\"robots\" content=\"index, follow, max-snippet:-1, max-image-preview:large, max-video-preview:-1\" \/>\n<link rel=\"canonical\" href=\"https:\/\/www.cbh-cyprus.com\/fr\/hotel-pionnier\/\" \/>\n<meta property=\"og:locale\" content=\"fr_FR\" \/>\n<meta property=\"og:type\" content=\"article\" \/>\n<meta property=\"og:title\" content=\"Pioneer Beach Paphos h\u00f4tel pour adultes seulement | Constantinou Bros\" \/>\n<meta property=\"og:description\" content=\"Ce charmant h\u00f4tel de Paphos, situ\u00e9 en bord de mer et r\u00e9serv\u00e9 aux adultes, propose \u00e0 ses clients toute une gamme d&#039;exp\u00e9riences et d&#039;activit\u00e9s de loisirs et de bien-\u00eatre.\" \/>\n<meta property=\"og:url\" content=\"https:\/\/www.cbh-cyprus.com\/fr\/hotel-pionnier\/\" \/>\n<meta property=\"og:site_name\" content=\"Constantinou Bros Hotels\" \/>\n<meta property=\"article:modified_time\" content=\"2025-07-25T10:47:48+00:00\" \/>\n<meta property=\"og:image\" content=\"https:\/\/www.cbh-cyprus.com\/app\/uploads\/sites\/30\/2023\/08\/11-PIONEER-BEACH-HOTEL-THALASSA-MEDITERRANEAN-RESTAURANT.jpg\" \/>\n\t<meta property=\"og:image:width\" content=\"1200\" \/>\n\t<meta property=\"og:image:height\" content=\"798\" \/>\n\t<meta property=\"og:image:type\" content=\"image\/jpeg\" \/>\n<meta name=\"twitter:card\" content=\"summary_large_image\" \/>\n<meta name=\"twitter:label1\" content=\"Dur\u00e9e de lecture estim\u00e9e\" \/>\n\t<meta name=\"twitter:data1\" content=\"1 minute\" \/>\n<script type=\"application\/ld+json\" class=\"yoast-schema-graph\">{\"@context\":\"https:\\\/\\\/schema.org\",\"@graph\":[{\"@type\":\"WebPage\",\"@id\":\"https:\\\/\\\/www.cbh-cyprus.com\\\/fr\\\/hotel-pionnier\\\/\",\"url\":\"https:\\\/\\\/www.cbh-cyprus.com\\\/fr\\\/hotel-pionnier\\\/\",\"name\":\"Pioneer Beach Paphos h\u00f4tel pour adultes seulement | Constantinou Bros\",\"isPartOf\":{\"@id\":\"https:\\\/\\\/www.cbh-cyprus.com\\\/fr\\\/#website\"},\"primaryImageOfPage\":{\"@id\":\"https:\\\/\\\/www.cbh-cyprus.com\\\/fr\\\/hotel-pionnier\\\/#primaryimage\"},\"image\":{\"@id\":\"https:\\\/\\\/www.cbh-cyprus.com\\\/fr\\\/hotel-pionnier\\\/#primaryimage\"},\"thumbnailUrl\":\"https:\\\/\\\/www.cbh-cyprus.com\\\/app\\\/uploads\\\/sites\\\/30\\\/2023\\\/08\\\/11-PIONEER-BEACH-HOTEL-THALASSA-MEDITERRANEAN-RESTAURANT.jpg\",\"datePublished\":\"2024-07-23T09:14:16+00:00\",\"dateModified\":\"2025-07-25T10:47:48+00:00\",\"description\":\"Ce charmant h\u00f4tel de Paphos, situ\u00e9 en bord de mer et r\u00e9serv\u00e9 aux adultes, propose \u00e0 ses clients toute une gamme d'exp\u00e9riences et d'activit\u00e9s de loisirs et de bien-\u00eatre.\",\"breadcrumb\":{\"@id\":\"https:\\\/\\\/www.cbh-cyprus.com\\\/fr\\\/hotel-pionnier\\\/#breadcrumb\"},\"inLanguage\":\"fr-FR\",\"potentialAction\":[{\"@type\":\"ReadAction\",\"target\":[\"https:\\\/\\\/www.cbh-cyprus.com\\\/fr\\\/hotel-pionnier\\\/\"]}]},{\"@type\":\"ImageObject\",\"inLanguage\":\"fr-FR\",\"@id\":\"https:\\\/\\\/www.cbh-cyprus.com\\\/fr\\\/hotel-pionnier\\\/#primaryimage\",\"url\":\"https:\\\/\\\/www.cbh-cyprus.com\\\/app\\\/uploads\\\/sites\\\/30\\\/2023\\\/08\\\/11-PIONEER-BEACH-HOTEL-THALASSA-MEDITERRANEAN-RESTAURANT.jpg\",\"contentUrl\":\"https:\\\/\\\/www.cbh-cyprus.com\\\/app\\\/uploads\\\/sites\\\/30\\\/2023\\\/08\\\/11-PIONEER-BEACH-HOTEL-THALASSA-MEDITERRANEAN-RESTAURANT.jpg\",\"width\":1200,\"height\":798},{\"@type\":\"BreadcrumbList\",\"@id\":\"https:\\\/\\\/www.cbh-cyprus.com\\\/fr\\\/hotel-pionnier\\\/#breadcrumb\",\"itemListElement\":[{\"@type\":\"ListItem\",\"position\":1,\"name\":\"Home\",\"item\":\"https:\\\/\\\/www.cbh-cyprus.com\\\/fr\\\/welcome-to-constantinou-bros-hotels\\\/\"},{\"@type\":\"ListItem\",\"position\":2,\"name\":\"H\u00f4tel Pioneer Beach\"}]},{\"@type\":\"WebSite\",\"@id\":\"https:\\\/\\\/www.cbh-cyprus.com\\\/fr\\\/#website\",\"url\":\"https:\\\/\\\/www.cbh-cyprus.com\\\/fr\\\/\",\"name\":\"Constantinou Bros Hotels\",\"description\":\"Constantinou Bros Hotels\",\"publisher\":{\"@id\":\"https:\\\/\\\/www.cbh-cyprus.com\\\/fr\\\/#organization\"},\"potentialAction\":[{\"@type\":\"SearchAction\",\"target\":{\"@type\":\"EntryPoint\",\"urlTemplate\":\"https:\\\/\\\/www.cbh-cyprus.com\\\/fr\\\/?s={search_term_string}\"},\"query-input\":{\"@type\":\"PropertyValueSpecification\",\"valueRequired\":true,\"valueName\":\"search_term_string\"}}],\"inLanguage\":\"fr-FR\"},{\"@type\":\"Organization\",\"@id\":\"https:\\\/\\\/www.cbh-cyprus.com\\\/fr\\\/#organization\",\"name\":\"Constantinou Bros Hotels\",\"url\":\"https:\\\/\\\/www.cbh-cyprus.com\\\/fr\\\/\",\"logo\":{\"@type\":\"ImageObject\",\"inLanguage\":\"fr-FR\",\"@id\":\"https:\\\/\\\/www.cbh-cyprus.com\\\/fr\\\/#\\\/schema\\\/logo\\\/image\\\/\",\"url\":\"https:\\\/\\\/www.cbh-cyprus.com\\\/app\\\/uploads\\\/sites\\\/30\\\/2020\\\/10\\\/cbh.jpg\",\"contentUrl\":\"https:\\\/\\\/www.cbh-cyprus.com\\\/app\\\/uploads\\\/sites\\\/30\\\/2020\\\/10\\\/cbh.jpg\",\"width\":1013,\"height\":419,\"caption\":\"Constantinou Bros Hotels\"},\"image\":{\"@id\":\"https:\\\/\\\/www.cbh-cyprus.com\\\/fr\\\/#\\\/schema\\\/logo\\\/image\\\/\"}}]}<\/script>\n<!-- \/ Yoast SEO plugin. -->","yoast_head_json":{"title":"Pioneer Beach Paphos h\u00f4tel pour adultes seulement | Constantinou Bros","description":"Ce charmant h\u00f4tel de Paphos, situ\u00e9 en bord de mer et r\u00e9serv\u00e9 aux adultes, propose \u00e0 ses clients toute une gamme d'exp\u00e9riences et d'activit\u00e9s de loisirs et de bien-\u00eatre.","robots":{"index":"index","follow":"follow","max-snippet":"max-snippet:-1","max-image-preview":"max-image-preview:large","max-video-preview":"max-video-preview:-1"},"canonical":"https:\/\/www.cbh-cyprus.com\/fr\/hotel-pionnier\/","og_locale":"fr_FR","og_type":"article","og_title":"Pioneer Beach Paphos h\u00f4tel pour adultes seulement | Constantinou Bros","og_description":"Ce charmant h\u00f4tel de Paphos, situ\u00e9 en bord de mer et r\u00e9serv\u00e9 aux adultes, propose \u00e0 ses clients toute une gamme d'exp\u00e9riences et d'activit\u00e9s de loisirs et de bien-\u00eatre.","og_url":"https:\/\/www.cbh-cyprus.com\/fr\/hotel-pionnier\/","og_site_name":"Constantinou Bros Hotels","article_modified_time":"2025-07-25T10:47:48+00:00","og_image":[{"width":1200,"height":798,"url":"https:\/\/www.cbh-cyprus.com\/app\/uploads\/sites\/30\/2023\/08\/11-PIONEER-BEACH-HOTEL-THALASSA-MEDITERRANEAN-RESTAURANT.jpg","type":"image\/jpeg"}],"twitter_card":"summary_large_image","twitter_misc":{"Dur\u00e9e de lecture estim\u00e9e":"1 minute"},"schema":{"@context":"https:\/\/schema.org","@graph":[{"@type":"WebPage","@id":"https:\/\/www.cbh-cyprus.com\/fr\/hotel-pionnier\/","url":"https:\/\/www.cbh-cyprus.com\/fr\/hotel-pionnier\/","name":"Pioneer Beach Paphos h\u00f4tel pour adultes seulement | Constantinou Bros","isPartOf":{"@id":"https:\/\/www.cbh-cyprus.com\/fr\/#website"},"primaryImageOfPage":{"@id":"https:\/\/www.cbh-cyprus.com\/fr\/hotel-pionnier\/#primaryimage"},"image":{"@id":"https:\/\/www.cbh-cyprus.com\/fr\/hotel-pionnier\/#primaryimage"},"thumbnailUrl":"https:\/\/www.cbh-cyprus.com\/app\/uploads\/sites\/30\/2023\/08\/11-PIONEER-BEACH-HOTEL-THALASSA-MEDITERRANEAN-RESTAURANT.jpg","datePublished":"2024-07-23T09:14:16+00:00","dateModified":"2025-07-25T10:47:48+00:00","description":"Ce charmant h\u00f4tel de Paphos, situ\u00e9 en bord de mer et r\u00e9serv\u00e9 aux adultes, propose \u00e0 ses clients toute une gamme d'exp\u00e9riences et d'activit\u00e9s de loisirs et de bien-\u00eatre.","breadcrumb":{"@id":"https:\/\/www.cbh-cyprus.com\/fr\/hotel-pionnier\/#breadcrumb"},"inLanguage":"fr-FR","potentialAction":[{"@type":"ReadAction","target":["https:\/\/www.cbh-cyprus.com\/fr\/hotel-pionnier\/"]}]},{"@type":"ImageObject","inLanguage":"fr-FR","@id":"https:\/\/www.cbh-cyprus.com\/fr\/hotel-pionnier\/#primaryimage","url":"https:\/\/www.cbh-cyprus.com\/app\/uploads\/sites\/30\/2023\/08\/11-PIONEER-BEACH-HOTEL-THALASSA-MEDITERRANEAN-RESTAURANT.jpg","contentUrl":"https:\/\/www.cbh-cyprus.com\/app\/uploads\/sites\/30\/2023\/08\/11-PIONEER-BEACH-HOTEL-THALASSA-MEDITERRANEAN-RESTAURANT.jpg","width":1200,"height":798},{"@type":"BreadcrumbList","@id":"https:\/\/www.cbh-cyprus.com\/fr\/hotel-pionnier\/#breadcrumb","itemListElement":[{"@type":"ListItem","position":1,"name":"Home","item":"https:\/\/www.cbh-cyprus.com\/fr\/welcome-to-constantinou-bros-hotels\/"},{"@type":"ListItem","position":2,"name":"H\u00f4tel Pioneer Beach"}]},{"@type":"WebSite","@id":"https:\/\/www.cbh-cyprus.com\/fr\/#website","url":"https:\/\/www.cbh-cyprus.com\/fr\/","name":"Constantinou Bros Hotels","description":"Constantinou Bros Hotels","publisher":{"@id":"https:\/\/www.cbh-cyprus.com\/fr\/#organization"},"potentialAction":[{"@type":"SearchAction","target":{"@type":"EntryPoint","urlTemplate":"https:\/\/www.cbh-cyprus.com\/fr\/?s={search_term_string}"},"query-input":{"@type":"PropertyValueSpecification","valueRequired":true,"valueName":"search_term_string"}}],"inLanguage":"fr-FR"},{"@type":"Organization","@id":"https:\/\/www.cbh-cyprus.com\/fr\/#organization","name":"Constantinou Bros Hotels","url":"https:\/\/www.cbh-cyprus.com\/fr\/","logo":{"@type":"ImageObject","inLanguage":"fr-FR","@id":"https:\/\/www.cbh-cyprus.com\/fr\/#\/schema\/logo\/image\/","url":"https:\/\/www.cbh-cyprus.com\/app\/uploads\/sites\/30\/2020\/10\/cbh.jpg","contentUrl":"https:\/\/www.cbh-cyprus.com\/app\/uploads\/sites\/30\/2020\/10\/cbh.jpg","width":1013,"height":419,"caption":"Constantinou Bros Hotels"},"image":{"@id":"https:\/\/www.cbh-cyprus.com\/fr\/#\/schema\/logo\/image\/"}}]}},"_links":{"self":[{"href":"https:\/\/www.cbh-cyprus.com\/fr\/wp-json\/wp\/v2\/pages\/36893","targetHints":{"allow":["GET"]}}],"collection":[{"href":"https:\/\/www.cbh-cyprus.com\/fr\/wp-json\/wp\/v2\/pages"}],"about":[{"href":"https:\/\/www.cbh-cyprus.com\/fr\/wp-json\/wp\/v2\/types\/page"}],"author":[{"embeddable":true,"href":"https:\/\/www.cbh-cyprus.com\/fr\/wp-json\/wp\/v2\/users\/367"}],"replies":[{"embeddable":true,"href":"https:\/\/www.cbh-cyprus.com\/fr\/wp-json\/wp\/v2\/comments?post=36893"}],"version-history":[{"count":2,"href":"https:\/\/www.cbh-cyprus.com\/fr\/wp-json\/wp\/v2\/pages\/36893\/revisions"}],"predecessor-version":[{"id":45777,"href":"https:\/\/www.cbh-cyprus.com\/fr\/wp-json\/wp\/v2\/pages\/36893\/revisions\/45777"}],"wp:featuredmedia":[{"embeddable":true,"href":"https:\/\/www.cbh-cyprus.com\/fr\/wp-json\/wp\/v2\/media\/34850"}],"wp:attachment":[{"href":"https:\/\/www.cbh-cyprus.com\/fr\/wp-json\/wp\/v2\/media?parent=36893"}],"curies":[{"name":"wp","href":"https:\/\/api.w.org\/{rel}","templated":true}]}}