{"id":42835,"date":"2024-12-02T13:28:33","date_gmt":"2024-12-02T11:28:33","guid":{"rendered":"https:\/\/www.cbh-cyprus.com\/?page_id=42835"},"modified":"2025-07-29T15:33:54","modified_gmt":"2025-07-29T12:33:54","slug":"christmas-events","status":"publish","type":"page","link":"https:\/\/www.cbh-cyprus.com\/fr\/christmas-events\/","title":{"rendered":"\u00c9v\u00e9nements de No\u00ebl"},"content":{"rendered":"<p style=\"text-align: center;\">L&rsquo;h\u00f4tel Constantinou Bros Athena Beach vous offre l&rsquo;opportunit\u00e9<br \/>\nde profiter de No\u00ebl d&rsquo;une mani\u00e8re diff\u00e9rente \u00e0 Chypre avec un programme d&rsquo;activit\u00e9s attrayant et<br \/>\nunique auquel toute la famille peut participer.<br \/>\nProfitez de notre magnifique climat en passant No\u00ebl au soleil,<br \/>\nd\u00e9tendez-vous dans un h\u00f4tel de luxe au cadre magnifique, r\u00e9galez-vous<br \/>\nde la meilleure cuisine chypriote et faites de ce No\u00ebl<br \/>\nun moment que vous ch\u00e9rirez toujours.<\/p>\n<p style=\"text-align: center;\">\n<p>Le programme de l&rsquo;h\u00f4tel pour cette p\u00e9riode sp\u00e9ciale de vacances commence le 22 d\u00e9cembre 2024 et se poursuit jusqu&rsquo;au 1er janvier 2025. En plus des services habituels qui font de l&rsquo;h\u00f4tel<br \/>\nun lieu unique \u00e0 Paphos, le programme vous remplira d&rsquo;un esprit de No\u00ebl dont vous pourrez profiter \u00e0 votre guise<br \/>\net qui vous assurera que ce No\u00ebl et le Nouvel An<br \/>\nseront inoubliables. <\/p>\n<p style=\"text-align: center;\">Nous esp\u00e9rons que ce programme vous permettra de participer et de profiter d&rsquo;une p\u00e9riode festive tr\u00e8s<br \/>\nsp\u00e9ciale ici au Constantinou Bros<br \/>\nAthena Beach Hotel.<\/p>\n","protected":false},"excerpt":{"rendered":"<p>L&rsquo;h\u00f4tel Constantinou Bros Athena Beach vous offre l&rsquo;opportunit\u00e9 de profiter de No\u00ebl d&rsquo;une mani\u00e8re diff\u00e9rente \u00e0 Chypre avec un programme d&rsquo;activit\u00e9s attrayant et unique auquel toute la famille peut participer. Profitez de notre magnifique climat en passant No\u00ebl au soleil, d\u00e9tendez-vous dans un h\u00f4tel de luxe au cadre magnifique, r\u00e9galez-vous de la meilleure cuisine chypriote<\/p>\n","protected":false},"author":758,"featured_media":42635,"parent":0,"menu_order":0,"comment_status":"closed","ping_status":"closed","template":"page-templates\/christmas-events.php","meta":{"_acf_changed":false,"footnotes":""},"class_list":["post-42835","page","type-page","status-publish","has-post-thumbnail","hentry"],"acf":[],"yoast_head":"<!-- This site is optimized with the Yoast SEO plugin v27.3 - https:\/\/yoast.com\/product\/yoast-seo-wordpress\/ -->\n<title>\u00c9v\u00e9nements de No\u00ebl - Constantinou Bros Hotels<\/title>\n<meta name=\"robots\" content=\"index, follow, max-snippet:-1, max-image-preview:large, max-video-preview:-1\" \/>\n<link rel=\"canonical\" href=\"https:\/\/www.cbh-cyprus.com\/fr\/christmas-events\/\" \/>\n<meta property=\"og:locale\" content=\"fr_FR\" \/>\n<meta property=\"og:type\" content=\"article\" \/>\n<meta property=\"og:title\" content=\"\u00c9v\u00e9nements de No\u00ebl - Constantinou Bros Hotels\" \/>\n<meta property=\"og:description\" content=\"L&rsquo;h\u00f4tel Constantinou Bros Athena Beach vous offre l&rsquo;opportunit\u00e9 de profiter de No\u00ebl d&rsquo;une mani\u00e8re diff\u00e9rente \u00e0 Chypre avec un programme d&rsquo;activit\u00e9s attrayant et unique auquel toute la famille peut participer. Profitez de notre magnifique climat en passant No\u00ebl au soleil, d\u00e9tendez-vous dans un h\u00f4tel de luxe au cadre magnifique, r\u00e9galez-vous de la meilleure cuisine chypriote\" \/>\n<meta property=\"og:url\" content=\"https:\/\/www.cbh-cyprus.com\/fr\/christmas-events\/\" \/>\n<meta property=\"og:site_name\" content=\"Constantinou Bros Hotels\" \/>\n<meta property=\"article:modified_time\" content=\"2025-07-29T12:33:54+00:00\" \/>\n<meta property=\"og:image\" content=\"https:\/\/www.cbh-cyprus.com\/app\/uploads\/sites\/30\/2024\/11\/christmas-events.jpg\" \/>\n\t<meta property=\"og:image:width\" content=\"1902\" \/>\n\t<meta property=\"og:image:height\" content=\"782\" \/>\n\t<meta property=\"og:image:type\" content=\"image\/jpeg\" \/>\n<meta name=\"twitter:card\" content=\"summary_large_image\" \/>\n<meta name=\"twitter:label1\" content=\"Dur\u00e9e de lecture estim\u00e9e\" \/>\n\t<meta name=\"twitter:data1\" content=\"1 minute\" \/>\n<script type=\"application\/ld+json\" class=\"yoast-schema-graph\">{\"@context\":\"https:\\\/\\\/schema.org\",\"@graph\":[{\"@type\":\"WebPage\",\"@id\":\"https:\\\/\\\/www.cbh-cyprus.com\\\/fr\\\/christmas-events\\\/\",\"url\":\"https:\\\/\\\/www.cbh-cyprus.com\\\/fr\\\/christmas-events\\\/\",\"name\":\"\u00c9v\u00e9nements de No\u00ebl - Constantinou Bros Hotels\",\"isPartOf\":{\"@id\":\"https:\\\/\\\/www.cbh-cyprus.com\\\/fr\\\/#website\"},\"primaryImageOfPage\":{\"@id\":\"https:\\\/\\\/www.cbh-cyprus.com\\\/fr\\\/christmas-events\\\/#primaryimage\"},\"image\":{\"@id\":\"https:\\\/\\\/www.cbh-cyprus.com\\\/fr\\\/christmas-events\\\/#primaryimage\"},\"thumbnailUrl\":\"https:\\\/\\\/www.cbh-cyprus.com\\\/app\\\/uploads\\\/sites\\\/30\\\/2024\\\/11\\\/christmas-events.jpg\",\"datePublished\":\"2024-12-02T11:28:33+00:00\",\"dateModified\":\"2025-07-29T12:33:54+00:00\",\"breadcrumb\":{\"@id\":\"https:\\\/\\\/www.cbh-cyprus.com\\\/fr\\\/christmas-events\\\/#breadcrumb\"},\"inLanguage\":\"fr-FR\",\"potentialAction\":[{\"@type\":\"ReadAction\",\"target\":[\"https:\\\/\\\/www.cbh-cyprus.com\\\/fr\\\/christmas-events\\\/\"]}]},{\"@type\":\"ImageObject\",\"inLanguage\":\"fr-FR\",\"@id\":\"https:\\\/\\\/www.cbh-cyprus.com\\\/fr\\\/christmas-events\\\/#primaryimage\",\"url\":\"https:\\\/\\\/www.cbh-cyprus.com\\\/app\\\/uploads\\\/sites\\\/30\\\/2024\\\/11\\\/christmas-events.jpg\",\"contentUrl\":\"https:\\\/\\\/www.cbh-cyprus.com\\\/app\\\/uploads\\\/sites\\\/30\\\/2024\\\/11\\\/christmas-events.jpg\",\"width\":1902,\"height\":782},{\"@type\":\"BreadcrumbList\",\"@id\":\"https:\\\/\\\/www.cbh-cyprus.com\\\/fr\\\/christmas-events\\\/#breadcrumb\",\"itemListElement\":[{\"@type\":\"ListItem\",\"position\":1,\"name\":\"Home\",\"item\":\"https:\\\/\\\/www.cbh-cyprus.com\\\/fr\\\/welcome-to-constantinou-bros-hotels\\\/\"},{\"@type\":\"ListItem\",\"position\":2,\"name\":\"\u00c9v\u00e9nements de No\u00ebl\"}]},{\"@type\":\"WebSite\",\"@id\":\"https:\\\/\\\/www.cbh-cyprus.com\\\/fr\\\/#website\",\"url\":\"https:\\\/\\\/www.cbh-cyprus.com\\\/fr\\\/\",\"name\":\"Constantinou Bros Hotels\",\"description\":\"Constantinou Bros Hotels\",\"publisher\":{\"@id\":\"https:\\\/\\\/www.cbh-cyprus.com\\\/fr\\\/#organization\"},\"potentialAction\":[{\"@type\":\"SearchAction\",\"target\":{\"@type\":\"EntryPoint\",\"urlTemplate\":\"https:\\\/\\\/www.cbh-cyprus.com\\\/fr\\\/?s={search_term_string}\"},\"query-input\":{\"@type\":\"PropertyValueSpecification\",\"valueRequired\":true,\"valueName\":\"search_term_string\"}}],\"inLanguage\":\"fr-FR\"},{\"@type\":\"Organization\",\"@id\":\"https:\\\/\\\/www.cbh-cyprus.com\\\/fr\\\/#organization\",\"name\":\"Constantinou Bros Hotels\",\"url\":\"https:\\\/\\\/www.cbh-cyprus.com\\\/fr\\\/\",\"logo\":{\"@type\":\"ImageObject\",\"inLanguage\":\"fr-FR\",\"@id\":\"https:\\\/\\\/www.cbh-cyprus.com\\\/fr\\\/#\\\/schema\\\/logo\\\/image\\\/\",\"url\":\"https:\\\/\\\/www.cbh-cyprus.com\\\/app\\\/uploads\\\/sites\\\/30\\\/2020\\\/10\\\/cbh.jpg\",\"contentUrl\":\"https:\\\/\\\/www.cbh-cyprus.com\\\/app\\\/uploads\\\/sites\\\/30\\\/2020\\\/10\\\/cbh.jpg\",\"width\":1013,\"height\":419,\"caption\":\"Constantinou Bros Hotels\"},\"image\":{\"@id\":\"https:\\\/\\\/www.cbh-cyprus.com\\\/fr\\\/#\\\/schema\\\/logo\\\/image\\\/\"}}]}<\/script>\n<!-- \/ Yoast SEO plugin. -->","yoast_head_json":{"title":"\u00c9v\u00e9nements de No\u00ebl - Constantinou Bros Hotels","robots":{"index":"index","follow":"follow","max-snippet":"max-snippet:-1","max-image-preview":"max-image-preview:large","max-video-preview":"max-video-preview:-1"},"canonical":"https:\/\/www.cbh-cyprus.com\/fr\/christmas-events\/","og_locale":"fr_FR","og_type":"article","og_title":"\u00c9v\u00e9nements de No\u00ebl - Constantinou Bros Hotels","og_description":"L&rsquo;h\u00f4tel Constantinou Bros Athena Beach vous offre l&rsquo;opportunit\u00e9 de profiter de No\u00ebl d&rsquo;une mani\u00e8re diff\u00e9rente \u00e0 Chypre avec un programme d&rsquo;activit\u00e9s attrayant et unique auquel toute la famille peut participer. Profitez de notre magnifique climat en passant No\u00ebl au soleil, d\u00e9tendez-vous dans un h\u00f4tel de luxe au cadre magnifique, r\u00e9galez-vous de la meilleure cuisine chypriote","og_url":"https:\/\/www.cbh-cyprus.com\/fr\/christmas-events\/","og_site_name":"Constantinou Bros Hotels","article_modified_time":"2025-07-29T12:33:54+00:00","og_image":[{"width":1902,"height":782,"url":"https:\/\/www.cbh-cyprus.com\/app\/uploads\/sites\/30\/2024\/11\/christmas-events.jpg","type":"image\/jpeg"}],"twitter_card":"summary_large_image","twitter_misc":{"Dur\u00e9e de lecture estim\u00e9e":"1 minute"},"schema":{"@context":"https:\/\/schema.org","@graph":[{"@type":"WebPage","@id":"https:\/\/www.cbh-cyprus.com\/fr\/christmas-events\/","url":"https:\/\/www.cbh-cyprus.com\/fr\/christmas-events\/","name":"\u00c9v\u00e9nements de No\u00ebl - Constantinou Bros Hotels","isPartOf":{"@id":"https:\/\/www.cbh-cyprus.com\/fr\/#website"},"primaryImageOfPage":{"@id":"https:\/\/www.cbh-cyprus.com\/fr\/christmas-events\/#primaryimage"},"image":{"@id":"https:\/\/www.cbh-cyprus.com\/fr\/christmas-events\/#primaryimage"},"thumbnailUrl":"https:\/\/www.cbh-cyprus.com\/app\/uploads\/sites\/30\/2024\/11\/christmas-events.jpg","datePublished":"2024-12-02T11:28:33+00:00","dateModified":"2025-07-29T12:33:54+00:00","breadcrumb":{"@id":"https:\/\/www.cbh-cyprus.com\/fr\/christmas-events\/#breadcrumb"},"inLanguage":"fr-FR","potentialAction":[{"@type":"ReadAction","target":["https:\/\/www.cbh-cyprus.com\/fr\/christmas-events\/"]}]},{"@type":"ImageObject","inLanguage":"fr-FR","@id":"https:\/\/www.cbh-cyprus.com\/fr\/christmas-events\/#primaryimage","url":"https:\/\/www.cbh-cyprus.com\/app\/uploads\/sites\/30\/2024\/11\/christmas-events.jpg","contentUrl":"https:\/\/www.cbh-cyprus.com\/app\/uploads\/sites\/30\/2024\/11\/christmas-events.jpg","width":1902,"height":782},{"@type":"BreadcrumbList","@id":"https:\/\/www.cbh-cyprus.com\/fr\/christmas-events\/#breadcrumb","itemListElement":[{"@type":"ListItem","position":1,"name":"Home","item":"https:\/\/www.cbh-cyprus.com\/fr\/welcome-to-constantinou-bros-hotels\/"},{"@type":"ListItem","position":2,"name":"\u00c9v\u00e9nements de No\u00ebl"}]},{"@type":"WebSite","@id":"https:\/\/www.cbh-cyprus.com\/fr\/#website","url":"https:\/\/www.cbh-cyprus.com\/fr\/","name":"Constantinou Bros Hotels","description":"Constantinou Bros Hotels","publisher":{"@id":"https:\/\/www.cbh-cyprus.com\/fr\/#organization"},"potentialAction":[{"@type":"SearchAction","target":{"@type":"EntryPoint","urlTemplate":"https:\/\/www.cbh-cyprus.com\/fr\/?s={search_term_string}"},"query-input":{"@type":"PropertyValueSpecification","valueRequired":true,"valueName":"search_term_string"}}],"inLanguage":"fr-FR"},{"@type":"Organization","@id":"https:\/\/www.cbh-cyprus.com\/fr\/#organization","name":"Constantinou Bros Hotels","url":"https:\/\/www.cbh-cyprus.com\/fr\/","logo":{"@type":"ImageObject","inLanguage":"fr-FR","@id":"https:\/\/www.cbh-cyprus.com\/fr\/#\/schema\/logo\/image\/","url":"https:\/\/www.cbh-cyprus.com\/app\/uploads\/sites\/30\/2020\/10\/cbh.jpg","contentUrl":"https:\/\/www.cbh-cyprus.com\/app\/uploads\/sites\/30\/2020\/10\/cbh.jpg","width":1013,"height":419,"caption":"Constantinou Bros Hotels"},"image":{"@id":"https:\/\/www.cbh-cyprus.com\/fr\/#\/schema\/logo\/image\/"}}]}},"_links":{"self":[{"href":"https:\/\/www.cbh-cyprus.com\/fr\/wp-json\/wp\/v2\/pages\/42835","targetHints":{"allow":["GET"]}}],"collection":[{"href":"https:\/\/www.cbh-cyprus.com\/fr\/wp-json\/wp\/v2\/pages"}],"about":[{"href":"https:\/\/www.cbh-cyprus.com\/fr\/wp-json\/wp\/v2\/types\/page"}],"author":[{"embeddable":true,"href":"https:\/\/www.cbh-cyprus.com\/fr\/wp-json\/wp\/v2\/users\/758"}],"replies":[{"embeddable":true,"href":"https:\/\/www.cbh-cyprus.com\/fr\/wp-json\/wp\/v2\/comments?post=42835"}],"version-history":[{"count":10,"href":"https:\/\/www.cbh-cyprus.com\/fr\/wp-json\/wp\/v2\/pages\/42835\/revisions"}],"predecessor-version":[{"id":45836,"href":"https:\/\/www.cbh-cyprus.com\/fr\/wp-json\/wp\/v2\/pages\/42835\/revisions\/45836"}],"wp:featuredmedia":[{"embeddable":true,"href":"https:\/\/www.cbh-cyprus.com\/fr\/wp-json\/wp\/v2\/media\/42635"}],"wp:attachment":[{"href":"https:\/\/www.cbh-cyprus.com\/fr\/wp-json\/wp\/v2\/media?parent=42835"}],"curies":[{"name":"wp","href":"https:\/\/api.w.org\/{rel}","templated":true}]}}