{"id":48089,"date":"2026-03-27T15:22:39","date_gmt":"2026-03-27T13:22:39","guid":{"rendered":"https:\/\/www.cbh-cyprus.com\/activities\/bowling-holidays\/bowling-news\/atlantic-senior-fours-2027\/"},"modified":"2026-03-27T15:22:39","modified_gmt":"2026-03-27T13:22:39","slug":"atlantic-senior-fours-2027","status":"publish","type":"page","link":"https:\/\/www.cbh-cyprus.com\/fr\/activities\/bowling-holidays\/bowling-news\/atlantic-senior-fours-2027\/","title":{"rendered":"ATLANTIC SENIOR FOURS 2027"},"content":{"rendered":"<p data-start=\"73\" data-end=\"221\">Bowls Cyprus, en partenariat avec Constantinou Bros Hotels, a le plaisir d&rsquo;annoncer que l&rsquo;Atlantic Senior Fours reviendra \u00e0 Chypre en 2027.<\/p>\n<p data-start=\"223\" data-end=\"458\">Apr\u00e8s le succ\u00e8s exceptionnel du tournoi de 2025, qui a accueilli des concurrents internationaux dans le cadre de ce prestigieux \u00e9v\u00e9nement mondial, le d\u00e9cor est plant\u00e9 pour une \u00e9dition encore plus grande et plus passionnante.<\/p>\n<p data-start=\"460\" data-end=\"587\">Pr\u00e9parez-vous \u00e0 vivre une nouvelle fois \u00e0 Chypre, en 2027, l&rsquo;exp\u00e9rience d&rsquo;un jeu de boules de classe mondiale, d&rsquo;une comp\u00e9tition internationale et d&rsquo;une hospitalit\u00e9 exceptionnelle.<\/p>\n","protected":false},"excerpt":{"rendered":"<p>Bowls Cyprus, en partenariat avec Constantinou Bros Hotels, a le plaisir d&rsquo;annoncer que l&rsquo;Atlantic Senior Fours reviendra \u00e0 Chypre en 2027. Apr\u00e8s le succ\u00e8s exceptionnel du tournoi de 2025, qui a accueilli des concurrents internationaux dans le cadre de ce prestigieux \u00e9v\u00e9nement mondial, le d\u00e9cor est plant\u00e9 pour une \u00e9dition encore plus grande et plus<\/p>\n","protected":false},"author":100,"featured_media":48080,"parent":13817,"menu_order":0,"comment_status":"closed","ping_status":"closed","template":"","meta":{"_acf_changed":false,"footnotes":""},"class_list":["post-48089","page","type-page","status-publish","has-post-thumbnail","hentry"],"acf":[],"yoast_head":"<!-- This site is optimized with the Yoast SEO plugin v27.3 - https:\/\/yoast.com\/product\/yoast-seo-wordpress\/ -->\n<title>ATLANTIC SENIOR FOURS 2027 - Constantinou Bros Hotels<\/title>\n<meta name=\"robots\" content=\"index, follow, max-snippet:-1, max-image-preview:large, max-video-preview:-1\" \/>\n<link rel=\"canonical\" href=\"https:\/\/www.cbh-cyprus.com\/fr\/activities\/bowling-holidays\/bowling-news\/atlantic-senior-fours-2027\/\" \/>\n<meta property=\"og:locale\" content=\"fr_FR\" \/>\n<meta property=\"og:type\" content=\"article\" \/>\n<meta property=\"og:title\" content=\"ATLANTIC SENIOR FOURS 2027 - Constantinou Bros Hotels\" \/>\n<meta property=\"og:description\" content=\"Bowls Cyprus, en partenariat avec Constantinou Bros Hotels, a le plaisir d&rsquo;annoncer que l&rsquo;Atlantic Senior Fours reviendra \u00e0 Chypre en 2027. Apr\u00e8s le succ\u00e8s exceptionnel du tournoi de 2025, qui a accueilli des concurrents internationaux dans le cadre de ce prestigieux \u00e9v\u00e9nement mondial, le d\u00e9cor est plant\u00e9 pour une \u00e9dition encore plus grande et plus\" \/>\n<meta property=\"og:url\" content=\"https:\/\/www.cbh-cyprus.com\/fr\/activities\/bowling-holidays\/bowling-news\/atlantic-senior-fours-2027\/\" \/>\n<meta property=\"og:site_name\" content=\"Constantinou Bros Hotels\" \/>\n<meta property=\"og:image\" content=\"https:\/\/www.cbh-cyprus.com\/app\/uploads\/sites\/30\/2026\/03\/AUG2553-600x399.jpg\" \/>\n\t<meta property=\"og:image:width\" content=\"600\" \/>\n\t<meta property=\"og:image:height\" content=\"399\" \/>\n\t<meta property=\"og:image:type\" content=\"image\/jpeg\" \/>\n<meta name=\"twitter:card\" content=\"summary_large_image\" \/>\n<script type=\"application\/ld+json\" class=\"yoast-schema-graph\">{\"@context\":\"https:\\\/\\\/schema.org\",\"@graph\":[{\"@type\":\"WebPage\",\"@id\":\"https:\\\/\\\/www.cbh-cyprus.com\\\/fr\\\/activities\\\/bowling-holidays\\\/bowling-news\\\/atlantic-senior-fours-2027\\\/\",\"url\":\"https:\\\/\\\/www.cbh-cyprus.com\\\/fr\\\/activities\\\/bowling-holidays\\\/bowling-news\\\/atlantic-senior-fours-2027\\\/\",\"name\":\"ATLANTIC SENIOR FOURS 2027 - Constantinou Bros Hotels\",\"isPartOf\":{\"@id\":\"https:\\\/\\\/www.cbh-cyprus.com\\\/fr\\\/#website\"},\"primaryImageOfPage\":{\"@id\":\"https:\\\/\\\/www.cbh-cyprus.com\\\/fr\\\/activities\\\/bowling-holidays\\\/bowling-news\\\/atlantic-senior-fours-2027\\\/#primaryimage\"},\"image\":{\"@id\":\"https:\\\/\\\/www.cbh-cyprus.com\\\/fr\\\/activities\\\/bowling-holidays\\\/bowling-news\\\/atlantic-senior-fours-2027\\\/#primaryimage\"},\"thumbnailUrl\":\"https:\\\/\\\/www.cbh-cyprus.com\\\/app\\\/uploads\\\/sites\\\/30\\\/2026\\\/03\\\/AUG2553-scaled.jpg\",\"datePublished\":\"2026-03-27T13:22:39+00:00\",\"breadcrumb\":{\"@id\":\"https:\\\/\\\/www.cbh-cyprus.com\\\/fr\\\/activities\\\/bowling-holidays\\\/bowling-news\\\/atlantic-senior-fours-2027\\\/#breadcrumb\"},\"inLanguage\":\"fr-FR\",\"potentialAction\":[{\"@type\":\"ReadAction\",\"target\":[\"https:\\\/\\\/www.cbh-cyprus.com\\\/fr\\\/activities\\\/bowling-holidays\\\/bowling-news\\\/atlantic-senior-fours-2027\\\/\"]}]},{\"@type\":\"ImageObject\",\"inLanguage\":\"fr-FR\",\"@id\":\"https:\\\/\\\/www.cbh-cyprus.com\\\/fr\\\/activities\\\/bowling-holidays\\\/bowling-news\\\/atlantic-senior-fours-2027\\\/#primaryimage\",\"url\":\"https:\\\/\\\/www.cbh-cyprus.com\\\/app\\\/uploads\\\/sites\\\/30\\\/2026\\\/03\\\/AUG2553-scaled.jpg\",\"contentUrl\":\"https:\\\/\\\/www.cbh-cyprus.com\\\/app\\\/uploads\\\/sites\\\/30\\\/2026\\\/03\\\/AUG2553-scaled.jpg\",\"width\":2560,\"height\":1704},{\"@type\":\"BreadcrumbList\",\"@id\":\"https:\\\/\\\/www.cbh-cyprus.com\\\/fr\\\/activities\\\/bowling-holidays\\\/bowling-news\\\/atlantic-senior-fours-2027\\\/#breadcrumb\",\"itemListElement\":[{\"@type\":\"ListItem\",\"position\":1,\"name\":\"Home\",\"item\":\"https:\\\/\\\/www.cbh-cyprus.com\\\/fr\\\/welcome-to-constantinou-bros-hotels\\\/\"},{\"@type\":\"ListItem\",\"position\":2,\"name\":\"Activit\u00e9s\",\"item\":\"https:\\\/\\\/www.cbh-cyprus.com\\\/fr\\\/activities\\\/\"},{\"@type\":\"ListItem\",\"position\":3,\"name\":\"Vacances au bowling\",\"item\":\"https:\\\/\\\/www.cbh-cyprus.com\\\/fr\\\/activities\\\/bowling-holidays\\\/\"},{\"@type\":\"ListItem\",\"position\":4,\"name\":\"Nouvelles du bowling\",\"item\":\"https:\\\/\\\/www.cbh-cyprus.com\\\/fr\\\/activities\\\/bowling-holidays\\\/bowling-news\\\/\"},{\"@type\":\"ListItem\",\"position\":5,\"name\":\"ATLANTIC SENIOR FOURS 2027\"}]},{\"@type\":\"WebSite\",\"@id\":\"https:\\\/\\\/www.cbh-cyprus.com\\\/fr\\\/#website\",\"url\":\"https:\\\/\\\/www.cbh-cyprus.com\\\/fr\\\/\",\"name\":\"Constantinou Bros Hotels\",\"description\":\"Constantinou Bros Hotels\",\"publisher\":{\"@id\":\"https:\\\/\\\/www.cbh-cyprus.com\\\/fr\\\/#organization\"},\"potentialAction\":[{\"@type\":\"SearchAction\",\"target\":{\"@type\":\"EntryPoint\",\"urlTemplate\":\"https:\\\/\\\/www.cbh-cyprus.com\\\/fr\\\/?s={search_term_string}\"},\"query-input\":{\"@type\":\"PropertyValueSpecification\",\"valueRequired\":true,\"valueName\":\"search_term_string\"}}],\"inLanguage\":\"fr-FR\"},{\"@type\":\"Organization\",\"@id\":\"https:\\\/\\\/www.cbh-cyprus.com\\\/fr\\\/#organization\",\"name\":\"Constantinou Bros Hotels\",\"url\":\"https:\\\/\\\/www.cbh-cyprus.com\\\/fr\\\/\",\"logo\":{\"@type\":\"ImageObject\",\"inLanguage\":\"fr-FR\",\"@id\":\"https:\\\/\\\/www.cbh-cyprus.com\\\/fr\\\/#\\\/schema\\\/logo\\\/image\\\/\",\"url\":\"https:\\\/\\\/www.cbh-cyprus.com\\\/app\\\/uploads\\\/sites\\\/30\\\/2020\\\/10\\\/cbh.jpg\",\"contentUrl\":\"https:\\\/\\\/www.cbh-cyprus.com\\\/app\\\/uploads\\\/sites\\\/30\\\/2020\\\/10\\\/cbh.jpg\",\"width\":1013,\"height\":419,\"caption\":\"Constantinou Bros Hotels\"},\"image\":{\"@id\":\"https:\\\/\\\/www.cbh-cyprus.com\\\/fr\\\/#\\\/schema\\\/logo\\\/image\\\/\"}}]}<\/script>\n<!-- \/ Yoast SEO plugin. -->","yoast_head_json":{"title":"ATLANTIC SENIOR FOURS 2027 - Constantinou Bros Hotels","robots":{"index":"index","follow":"follow","max-snippet":"max-snippet:-1","max-image-preview":"max-image-preview:large","max-video-preview":"max-video-preview:-1"},"canonical":"https:\/\/www.cbh-cyprus.com\/fr\/activities\/bowling-holidays\/bowling-news\/atlantic-senior-fours-2027\/","og_locale":"fr_FR","og_type":"article","og_title":"ATLANTIC SENIOR FOURS 2027 - Constantinou Bros Hotels","og_description":"Bowls Cyprus, en partenariat avec Constantinou Bros Hotels, a le plaisir d&rsquo;annoncer que l&rsquo;Atlantic Senior Fours reviendra \u00e0 Chypre en 2027. Apr\u00e8s le succ\u00e8s exceptionnel du tournoi de 2025, qui a accueilli des concurrents internationaux dans le cadre de ce prestigieux \u00e9v\u00e9nement mondial, le d\u00e9cor est plant\u00e9 pour une \u00e9dition encore plus grande et plus","og_url":"https:\/\/www.cbh-cyprus.com\/fr\/activities\/bowling-holidays\/bowling-news\/atlantic-senior-fours-2027\/","og_site_name":"Constantinou Bros Hotels","og_image":[{"width":600,"height":399,"url":"https:\/\/www.cbh-cyprus.com\/app\/uploads\/sites\/30\/2026\/03\/AUG2553-600x399.jpg","type":"image\/jpeg"}],"twitter_card":"summary_large_image","schema":{"@context":"https:\/\/schema.org","@graph":[{"@type":"WebPage","@id":"https:\/\/www.cbh-cyprus.com\/fr\/activities\/bowling-holidays\/bowling-news\/atlantic-senior-fours-2027\/","url":"https:\/\/www.cbh-cyprus.com\/fr\/activities\/bowling-holidays\/bowling-news\/atlantic-senior-fours-2027\/","name":"ATLANTIC SENIOR FOURS 2027 - Constantinou Bros Hotels","isPartOf":{"@id":"https:\/\/www.cbh-cyprus.com\/fr\/#website"},"primaryImageOfPage":{"@id":"https:\/\/www.cbh-cyprus.com\/fr\/activities\/bowling-holidays\/bowling-news\/atlantic-senior-fours-2027\/#primaryimage"},"image":{"@id":"https:\/\/www.cbh-cyprus.com\/fr\/activities\/bowling-holidays\/bowling-news\/atlantic-senior-fours-2027\/#primaryimage"},"thumbnailUrl":"https:\/\/www.cbh-cyprus.com\/app\/uploads\/sites\/30\/2026\/03\/AUG2553-scaled.jpg","datePublished":"2026-03-27T13:22:39+00:00","breadcrumb":{"@id":"https:\/\/www.cbh-cyprus.com\/fr\/activities\/bowling-holidays\/bowling-news\/atlantic-senior-fours-2027\/#breadcrumb"},"inLanguage":"fr-FR","potentialAction":[{"@type":"ReadAction","target":["https:\/\/www.cbh-cyprus.com\/fr\/activities\/bowling-holidays\/bowling-news\/atlantic-senior-fours-2027\/"]}]},{"@type":"ImageObject","inLanguage":"fr-FR","@id":"https:\/\/www.cbh-cyprus.com\/fr\/activities\/bowling-holidays\/bowling-news\/atlantic-senior-fours-2027\/#primaryimage","url":"https:\/\/www.cbh-cyprus.com\/app\/uploads\/sites\/30\/2026\/03\/AUG2553-scaled.jpg","contentUrl":"https:\/\/www.cbh-cyprus.com\/app\/uploads\/sites\/30\/2026\/03\/AUG2553-scaled.jpg","width":2560,"height":1704},{"@type":"BreadcrumbList","@id":"https:\/\/www.cbh-cyprus.com\/fr\/activities\/bowling-holidays\/bowling-news\/atlantic-senior-fours-2027\/#breadcrumb","itemListElement":[{"@type":"ListItem","position":1,"name":"Home","item":"https:\/\/www.cbh-cyprus.com\/fr\/welcome-to-constantinou-bros-hotels\/"},{"@type":"ListItem","position":2,"name":"Activit\u00e9s","item":"https:\/\/www.cbh-cyprus.com\/fr\/activities\/"},{"@type":"ListItem","position":3,"name":"Vacances au bowling","item":"https:\/\/www.cbh-cyprus.com\/fr\/activities\/bowling-holidays\/"},{"@type":"ListItem","position":4,"name":"Nouvelles du bowling","item":"https:\/\/www.cbh-cyprus.com\/fr\/activities\/bowling-holidays\/bowling-news\/"},{"@type":"ListItem","position":5,"name":"ATLANTIC SENIOR FOURS 2027"}]},{"@type":"WebSite","@id":"https:\/\/www.cbh-cyprus.com\/fr\/#website","url":"https:\/\/www.cbh-cyprus.com\/fr\/","name":"Constantinou Bros Hotels","description":"Constantinou Bros Hotels","publisher":{"@id":"https:\/\/www.cbh-cyprus.com\/fr\/#organization"},"potentialAction":[{"@type":"SearchAction","target":{"@type":"EntryPoint","urlTemplate":"https:\/\/www.cbh-cyprus.com\/fr\/?s={search_term_string}"},"query-input":{"@type":"PropertyValueSpecification","valueRequired":true,"valueName":"search_term_string"}}],"inLanguage":"fr-FR"},{"@type":"Organization","@id":"https:\/\/www.cbh-cyprus.com\/fr\/#organization","name":"Constantinou Bros Hotels","url":"https:\/\/www.cbh-cyprus.com\/fr\/","logo":{"@type":"ImageObject","inLanguage":"fr-FR","@id":"https:\/\/www.cbh-cyprus.com\/fr\/#\/schema\/logo\/image\/","url":"https:\/\/www.cbh-cyprus.com\/app\/uploads\/sites\/30\/2020\/10\/cbh.jpg","contentUrl":"https:\/\/www.cbh-cyprus.com\/app\/uploads\/sites\/30\/2020\/10\/cbh.jpg","width":1013,"height":419,"caption":"Constantinou Bros Hotels"},"image":{"@id":"https:\/\/www.cbh-cyprus.com\/fr\/#\/schema\/logo\/image\/"}}]}},"_links":{"self":[{"href":"https:\/\/www.cbh-cyprus.com\/fr\/wp-json\/wp\/v2\/pages\/48089","targetHints":{"allow":["GET"]}}],"collection":[{"href":"https:\/\/www.cbh-cyprus.com\/fr\/wp-json\/wp\/v2\/pages"}],"about":[{"href":"https:\/\/www.cbh-cyprus.com\/fr\/wp-json\/wp\/v2\/types\/page"}],"author":[{"embeddable":true,"href":"https:\/\/www.cbh-cyprus.com\/fr\/wp-json\/wp\/v2\/users\/100"}],"replies":[{"embeddable":true,"href":"https:\/\/www.cbh-cyprus.com\/fr\/wp-json\/wp\/v2\/comments?post=48089"}],"version-history":[{"count":0,"href":"https:\/\/www.cbh-cyprus.com\/fr\/wp-json\/wp\/v2\/pages\/48089\/revisions"}],"up":[{"embeddable":true,"href":"https:\/\/www.cbh-cyprus.com\/fr\/wp-json\/wp\/v2\/pages\/13817"}],"wp:featuredmedia":[{"embeddable":true,"href":"https:\/\/www.cbh-cyprus.com\/fr\/wp-json\/wp\/v2\/media\/48080"}],"wp:attachment":[{"href":"https:\/\/www.cbh-cyprus.com\/fr\/wp-json\/wp\/v2\/media?parent=48089"}],"curies":[{"name":"wp","href":"https:\/\/api.w.org\/{rel}","templated":true}]}}