{"id":19942,"date":"2022-07-08T10:17:46","date_gmt":"2022-07-08T07:17:46","guid":{"rendered":"https:\/\/www.cbh-cyprus.com\/sustainability\/"},"modified":"2024-09-13T12:37:33","modified_gmt":"2024-09-13T09:37:33","slug":"sustainability","status":"publish","type":"page","link":"https:\/\/www.cbh-cyprus.com\/it\/sustainability\/","title":{"rendered":"Sostenibilit\u00e0"},"content":{"rendered":"<p>Fondato nel 1989, Constantinou Bros Hotels continua a creare esperienze uniche e memorabili per tutti i suoi ospiti, ponendo l&#8217;accento sulla calorosa ospitalit\u00e0 e sulla cucina autentica, operando al contempo in modo sostenibile, al servizio dell&#8217;ambiente e a beneficio dei produttori locali.<br \/>\nConstantinou Bros Hotels riconosce l&#8217;importanza della protezione dell&#8217;ambiente nello sviluppo sostenibile del turismo.<br \/>\nPertanto, ha implementato le procedure del Sistema di Gestione Ambientale per ridurre, minimizzare e gestire il suo impatto ambientale.<br \/>\nSviluppando le procedure di Gestione Ambientale, Constantinou Bros Hotels definisce tutti gli aspetti ambientali delle sue operazioni e ha stabilito politiche e programmi che mirano a migliorare continuamente le prestazioni e i risultati ambientali.<br \/>\nI Constantinou Bros Hotels sono stati certificati in base a standard europei ben riconosciuti per i Sistemi di Gestione Ambientale e di Sviluppo Sostenibile, come Travelife.    <\/p>\n","protected":false},"excerpt":{"rendered":"<p>Fondato nel 1989, Constantinou Bros Hotels continua a creare esperienze uniche e memorabili per tutti i suoi ospiti, ponendo l&#8217;accento sulla calorosa ospitalit\u00e0 e sulla cucina autentica, operando al contempo in modo sostenibile, al servizio dell&#8217;ambiente e a beneficio dei produttori locali. Constantinou Bros Hotels riconosce l&#8217;importanza della protezione dell&#8217;ambiente nello sviluppo sostenibile del turismo.<\/p>\n","protected":false},"author":100,"featured_media":47239,"parent":0,"menu_order":0,"comment_status":"closed","ping_status":"closed","template":"page-templates\/simple-list.php","meta":{"_acf_changed":false,"footnotes":""},"class_list":["post-19942","page","type-page","status-publish","has-post-thumbnail","hentry"],"acf":[],"yoast_head":"<!-- This site is optimized with the Yoast SEO plugin v27.3 - https:\/\/yoast.com\/product\/yoast-seo-wordpress\/ -->\n<title>Sostenibilit\u00e0 - Constantinou Bros Hotels<\/title>\n<meta name=\"description\" content=\"L&#039;aspetto della sostenibilit\u00e0 della nostra attivit\u00e0 presso i Constantinou Bros Hotels \u00e8 al servizio dell&#039;ambiente e a beneficio dei produttori locali.\" \/>\n<meta name=\"robots\" content=\"index, follow, max-snippet:-1, max-image-preview:large, max-video-preview:-1\" \/>\n<link rel=\"canonical\" href=\"https:\/\/www.cbh-cyprus.com\/it\/sustainability\/\" \/>\n<meta property=\"og:locale\" content=\"it_IT\" \/>\n<meta property=\"og:type\" content=\"article\" \/>\n<meta property=\"og:title\" content=\"Sostenibilit\u00e0 - Constantinou Bros Hotels\" \/>\n<meta property=\"og:description\" content=\"L&#039;aspetto della sostenibilit\u00e0 della nostra attivit\u00e0 presso i Constantinou Bros Hotels \u00e8 al servizio dell&#039;ambiente e a beneficio dei produttori locali.\" \/>\n<meta property=\"og:url\" content=\"https:\/\/www.cbh-cyprus.com\/it\/sustainability\/\" \/>\n<meta property=\"og:site_name\" content=\"Constantinou Bros Hotels\" \/>\n<meta property=\"article:modified_time\" content=\"2024-09-13T09:37:33+00:00\" \/>\n<meta property=\"og:image\" content=\"https:\/\/www.cbh-cyprus.com\/app\/uploads\/sites\/30\/2022\/03\/3-PIONEER-BEACH-HOTEL-BEACH.jpeg\" \/>\n\t<meta property=\"og:image:width\" content=\"2560\" \/>\n\t<meta property=\"og:image:height\" content=\"1902\" \/>\n\t<meta property=\"og:image:type\" content=\"image\/jpeg\" \/>\n<meta name=\"twitter:card\" content=\"summary_large_image\" \/>\n<meta name=\"twitter:label1\" content=\"Tempo di lettura stimato\" \/>\n\t<meta name=\"twitter:data1\" content=\"1 minuto\" \/>\n<script type=\"application\/ld+json\" class=\"yoast-schema-graph\">{\"@context\":\"https:\\\/\\\/schema.org\",\"@graph\":[{\"@type\":\"WebPage\",\"@id\":\"https:\\\/\\\/www.cbh-cyprus.com\\\/it\\\/sustainability\\\/\",\"url\":\"https:\\\/\\\/www.cbh-cyprus.com\\\/it\\\/sustainability\\\/\",\"name\":\"Sostenibilit\u00e0 - Constantinou Bros Hotels\",\"isPartOf\":{\"@id\":\"https:\\\/\\\/www.cbh-cyprus.com\\\/it\\\/#website\"},\"primaryImageOfPage\":{\"@id\":\"https:\\\/\\\/www.cbh-cyprus.com\\\/it\\\/sustainability\\\/#primaryimage\"},\"image\":{\"@id\":\"https:\\\/\\\/www.cbh-cyprus.com\\\/it\\\/sustainability\\\/#primaryimage\"},\"thumbnailUrl\":\"https:\\\/\\\/www.cbh-cyprus.com\\\/app\\\/uploads\\\/sites\\\/30\\\/2025\\\/11\\\/ATHENA-ROYAL-BEACH-HOTEL-EXTERIOR-VIEW-1900.jpg\",\"datePublished\":\"2022-07-08T07:17:46+00:00\",\"dateModified\":\"2024-09-13T09:37:33+00:00\",\"description\":\"L'aspetto della sostenibilit\u00e0 della nostra attivit\u00e0 presso i Constantinou Bros Hotels \u00e8 al servizio dell'ambiente e a beneficio dei produttori locali.\",\"breadcrumb\":{\"@id\":\"https:\\\/\\\/www.cbh-cyprus.com\\\/it\\\/sustainability\\\/#breadcrumb\"},\"inLanguage\":\"it-IT\",\"potentialAction\":[{\"@type\":\"ReadAction\",\"target\":[\"https:\\\/\\\/www.cbh-cyprus.com\\\/it\\\/sustainability\\\/\"]}]},{\"@type\":\"ImageObject\",\"inLanguage\":\"it-IT\",\"@id\":\"https:\\\/\\\/www.cbh-cyprus.com\\\/it\\\/sustainability\\\/#primaryimage\",\"url\":\"https:\\\/\\\/www.cbh-cyprus.com\\\/app\\\/uploads\\\/sites\\\/30\\\/2025\\\/11\\\/ATHENA-ROYAL-BEACH-HOTEL-EXTERIOR-VIEW-1900.jpg\",\"contentUrl\":\"https:\\\/\\\/www.cbh-cyprus.com\\\/app\\\/uploads\\\/sites\\\/30\\\/2025\\\/11\\\/ATHENA-ROYAL-BEACH-HOTEL-EXTERIOR-VIEW-1900.jpg\",\"width\":1900,\"height\":1264,\"caption\":\"ATHENA-ROYAL-BEACH-HOTEL-EXTERIOR-VIEW-1900\"},{\"@type\":\"BreadcrumbList\",\"@id\":\"https:\\\/\\\/www.cbh-cyprus.com\\\/it\\\/sustainability\\\/#breadcrumb\",\"itemListElement\":[{\"@type\":\"ListItem\",\"position\":1,\"name\":\"Home\",\"item\":\"https:\\\/\\\/www.cbh-cyprus.com\\\/it\\\/benvenuti-a-costantinou-bros-hotels\\\/\"},{\"@type\":\"ListItem\",\"position\":2,\"name\":\"Sostenibilit\u00e0\"}]},{\"@type\":\"WebSite\",\"@id\":\"https:\\\/\\\/www.cbh-cyprus.com\\\/it\\\/#website\",\"url\":\"https:\\\/\\\/www.cbh-cyprus.com\\\/it\\\/\",\"name\":\"Constantinou Bros Hotels\",\"description\":\"Constantinou Bros Hotels\",\"publisher\":{\"@id\":\"https:\\\/\\\/www.cbh-cyprus.com\\\/it\\\/#organization\"},\"potentialAction\":[{\"@type\":\"SearchAction\",\"target\":{\"@type\":\"EntryPoint\",\"urlTemplate\":\"https:\\\/\\\/www.cbh-cyprus.com\\\/it\\\/?s={search_term_string}\"},\"query-input\":{\"@type\":\"PropertyValueSpecification\",\"valueRequired\":true,\"valueName\":\"search_term_string\"}}],\"inLanguage\":\"it-IT\"},{\"@type\":\"Organization\",\"@id\":\"https:\\\/\\\/www.cbh-cyprus.com\\\/it\\\/#organization\",\"name\":\"Constantinou Bros Hotels\",\"url\":\"https:\\\/\\\/www.cbh-cyprus.com\\\/it\\\/\",\"logo\":{\"@type\":\"ImageObject\",\"inLanguage\":\"it-IT\",\"@id\":\"https:\\\/\\\/www.cbh-cyprus.com\\\/it\\\/#\\\/schema\\\/logo\\\/image\\\/\",\"url\":\"https:\\\/\\\/www.cbh-cyprus.com\\\/app\\\/uploads\\\/sites\\\/30\\\/2020\\\/10\\\/cbh.jpg\",\"contentUrl\":\"https:\\\/\\\/www.cbh-cyprus.com\\\/app\\\/uploads\\\/sites\\\/30\\\/2020\\\/10\\\/cbh.jpg\",\"width\":1013,\"height\":419,\"caption\":\"Constantinou Bros Hotels\"},\"image\":{\"@id\":\"https:\\\/\\\/www.cbh-cyprus.com\\\/it\\\/#\\\/schema\\\/logo\\\/image\\\/\"}}]}<\/script>\n<!-- \/ Yoast SEO plugin. -->","yoast_head_json":{"title":"Sostenibilit\u00e0 - Constantinou Bros Hotels","description":"L'aspetto della sostenibilit\u00e0 della nostra attivit\u00e0 presso i Constantinou Bros Hotels \u00e8 al servizio dell'ambiente e a beneficio dei produttori locali.","robots":{"index":"index","follow":"follow","max-snippet":"max-snippet:-1","max-image-preview":"max-image-preview:large","max-video-preview":"max-video-preview:-1"},"canonical":"https:\/\/www.cbh-cyprus.com\/it\/sustainability\/","og_locale":"it_IT","og_type":"article","og_title":"Sostenibilit\u00e0 - Constantinou Bros Hotels","og_description":"L'aspetto della sostenibilit\u00e0 della nostra attivit\u00e0 presso i Constantinou Bros Hotels \u00e8 al servizio dell'ambiente e a beneficio dei produttori locali.","og_url":"https:\/\/www.cbh-cyprus.com\/it\/sustainability\/","og_site_name":"Constantinou Bros Hotels","article_modified_time":"2024-09-13T09:37:33+00:00","og_image":[{"width":2560,"height":1902,"url":"https:\/\/www.cbh-cyprus.com\/app\/uploads\/sites\/30\/2022\/03\/3-PIONEER-BEACH-HOTEL-BEACH.jpeg","type":"image\/jpeg"}],"twitter_card":"summary_large_image","twitter_misc":{"Tempo di lettura stimato":"1 minuto"},"schema":{"@context":"https:\/\/schema.org","@graph":[{"@type":"WebPage","@id":"https:\/\/www.cbh-cyprus.com\/it\/sustainability\/","url":"https:\/\/www.cbh-cyprus.com\/it\/sustainability\/","name":"Sostenibilit\u00e0 - Constantinou Bros Hotels","isPartOf":{"@id":"https:\/\/www.cbh-cyprus.com\/it\/#website"},"primaryImageOfPage":{"@id":"https:\/\/www.cbh-cyprus.com\/it\/sustainability\/#primaryimage"},"image":{"@id":"https:\/\/www.cbh-cyprus.com\/it\/sustainability\/#primaryimage"},"thumbnailUrl":"https:\/\/www.cbh-cyprus.com\/app\/uploads\/sites\/30\/2025\/11\/ATHENA-ROYAL-BEACH-HOTEL-EXTERIOR-VIEW-1900.jpg","datePublished":"2022-07-08T07:17:46+00:00","dateModified":"2024-09-13T09:37:33+00:00","description":"L'aspetto della sostenibilit\u00e0 della nostra attivit\u00e0 presso i Constantinou Bros Hotels \u00e8 al servizio dell'ambiente e a beneficio dei produttori locali.","breadcrumb":{"@id":"https:\/\/www.cbh-cyprus.com\/it\/sustainability\/#breadcrumb"},"inLanguage":"it-IT","potentialAction":[{"@type":"ReadAction","target":["https:\/\/www.cbh-cyprus.com\/it\/sustainability\/"]}]},{"@type":"ImageObject","inLanguage":"it-IT","@id":"https:\/\/www.cbh-cyprus.com\/it\/sustainability\/#primaryimage","url":"https:\/\/www.cbh-cyprus.com\/app\/uploads\/sites\/30\/2025\/11\/ATHENA-ROYAL-BEACH-HOTEL-EXTERIOR-VIEW-1900.jpg","contentUrl":"https:\/\/www.cbh-cyprus.com\/app\/uploads\/sites\/30\/2025\/11\/ATHENA-ROYAL-BEACH-HOTEL-EXTERIOR-VIEW-1900.jpg","width":1900,"height":1264,"caption":"ATHENA-ROYAL-BEACH-HOTEL-EXTERIOR-VIEW-1900"},{"@type":"BreadcrumbList","@id":"https:\/\/www.cbh-cyprus.com\/it\/sustainability\/#breadcrumb","itemListElement":[{"@type":"ListItem","position":1,"name":"Home","item":"https:\/\/www.cbh-cyprus.com\/it\/benvenuti-a-costantinou-bros-hotels\/"},{"@type":"ListItem","position":2,"name":"Sostenibilit\u00e0"}]},{"@type":"WebSite","@id":"https:\/\/www.cbh-cyprus.com\/it\/#website","url":"https:\/\/www.cbh-cyprus.com\/it\/","name":"Constantinou Bros Hotels","description":"Constantinou Bros Hotels","publisher":{"@id":"https:\/\/www.cbh-cyprus.com\/it\/#organization"},"potentialAction":[{"@type":"SearchAction","target":{"@type":"EntryPoint","urlTemplate":"https:\/\/www.cbh-cyprus.com\/it\/?s={search_term_string}"},"query-input":{"@type":"PropertyValueSpecification","valueRequired":true,"valueName":"search_term_string"}}],"inLanguage":"it-IT"},{"@type":"Organization","@id":"https:\/\/www.cbh-cyprus.com\/it\/#organization","name":"Constantinou Bros Hotels","url":"https:\/\/www.cbh-cyprus.com\/it\/","logo":{"@type":"ImageObject","inLanguage":"it-IT","@id":"https:\/\/www.cbh-cyprus.com\/it\/#\/schema\/logo\/image\/","url":"https:\/\/www.cbh-cyprus.com\/app\/uploads\/sites\/30\/2020\/10\/cbh.jpg","contentUrl":"https:\/\/www.cbh-cyprus.com\/app\/uploads\/sites\/30\/2020\/10\/cbh.jpg","width":1013,"height":419,"caption":"Constantinou Bros Hotels"},"image":{"@id":"https:\/\/www.cbh-cyprus.com\/it\/#\/schema\/logo\/image\/"}}]}},"_links":{"self":[{"href":"https:\/\/www.cbh-cyprus.com\/it\/wp-json\/wp\/v2\/pages\/19942","targetHints":{"allow":["GET"]}}],"collection":[{"href":"https:\/\/www.cbh-cyprus.com\/it\/wp-json\/wp\/v2\/pages"}],"about":[{"href":"https:\/\/www.cbh-cyprus.com\/it\/wp-json\/wp\/v2\/types\/page"}],"author":[{"embeddable":true,"href":"https:\/\/www.cbh-cyprus.com\/it\/wp-json\/wp\/v2\/users\/100"}],"replies":[{"embeddable":true,"href":"https:\/\/www.cbh-cyprus.com\/it\/wp-json\/wp\/v2\/comments?post=19942"}],"version-history":[{"count":3,"href":"https:\/\/www.cbh-cyprus.com\/it\/wp-json\/wp\/v2\/pages\/19942\/revisions"}],"predecessor-version":[{"id":41373,"href":"https:\/\/www.cbh-cyprus.com\/it\/wp-json\/wp\/v2\/pages\/19942\/revisions\/41373"}],"wp:featuredmedia":[{"embeddable":true,"href":"https:\/\/www.cbh-cyprus.com\/it\/wp-json\/wp\/v2\/media\/47239"}],"wp:attachment":[{"href":"https:\/\/www.cbh-cyprus.com\/it\/wp-json\/wp\/v2\/media?parent=19942"}],"curies":[{"name":"wp","href":"https:\/\/api.w.org\/{rel}","templated":true}]}}