{"id":19958,"date":"2022-07-08T10:18:43","date_gmt":"2022-07-08T07:18:43","guid":{"rendered":"https:\/\/www.cbh-cyprus.com\/family-holidays\/"},"modified":"2025-02-17T11:48:04","modified_gmt":"2025-02-17T09:48:04","slug":"family-holidays","status":"publish","type":"page","link":"https:\/\/www.cbh-cyprus.com\/it\/activities\/family-holidays\/","title":{"rendered":"Vacanze in famiglia"},"content":{"rendered":"<h1 class=\"home-pages-title title-size text-center pt-5 font-regular\">Offre un soggiorno perfetto per le sue vacanze in famiglia a Paphos.<\/h1>\n<p>L&#8217;hotel Athena Beach \u00e8 una scelta molto popolare per le famiglie, in quanto offre un&#8217;ampia gamma di servizi per intrattenere i nostri piccoli ospiti.<br \/>\nL&#8217;hotel dispone anche di ampi giardini ben curati e di superbi spazi che conducono direttamente alla spiaggia.<br \/>\nIl nostro personale cordiale la attende per offrirle un servizio di qualit\u00e0, un&#8217;ottima cucina e un&#8217;esperienza assolutamente rilassante e priva di stress.<br \/>\nL&#8217;Athena Beach Hotel offre una variet\u00e0 di sistemazioni confortevoli e spaziose per facilitare i genitori che viaggiano con bambini.<br \/>\nLe opzioni vanno da una camera Classic per una famiglia di 3 persone con un letto aggiuntivo, una camera Duplex che pu\u00f2 ospitare fino a 6 persone, camere comunicanti con una capacit\u00e0 massima di 6 persone e una suite familiare con una camera da letto che pu\u00f2 ospitare 4 persone.<br \/>\nSe viaggia con un bambino di et\u00e0 inferiore ai due anni, aggiungeremo automaticamente una culla alla sua camera.<br \/>\nLe mamme e i pap\u00e0 possono evadere e rilassarsi facendo i turni nella nostra Elixir Spa e scegliere tra una variet\u00e0 di massaggi terapeutici, trattamenti di aromaterapia, talassoterapia e idroterapia, sauna e bagno turco in un ambiente lussuoso e tranquillo.<br \/>\nL&#8217;Athena Beach Hotel \u00e8 noto per la sua eccellente cucina, con variegati menu internazionali per tutti i gusti.<br \/>\nVanta cinque ristoranti, un bar sulla spiaggia che serve anche pasti leggeri e snack, nonch\u00e9 un bar a bordo piscina e un cocktail bar per un drink rinfrescante, un delizioso frullato o un gelato per rinfrescare i nostri piccoli ospiti.<br \/>\nPossiamo consegnare una variet\u00e0 di articoli per bambini che pu\u00f2 richiedere e siamo lieti di soddisfare qualsiasi esigenza dietetica speciale.<\/p>\n<h3><strong>Strutture per bambini<\/strong><\/h3>\n<p>I bambini si divertiranno sicuramente all&#8217;Athena Beach Hotel; un ampio parco giochi, un team di animatori entusiasti e tante attivit\u00e0 soddisferanno anche i giovani pi\u00f9 esigenti in cerca di divertimento.<br \/>\nI genitori possono stare tranquilli, sapendo che i loro figli si divertiranno al Kids Club, in piscina e con le tante attivit\u00e0 divertenti disponibili durante la loro vacanza.<br \/>\nLe strutture per bambini includono due piscine per bambini, un <strong>Oasis Splash<\/strong> completamente nuovo che comprende, oltre allo scivolo esistente di 25 metri, un ulteriore scivolo &#8216;Easy-ride&#8217; di 42 metri con vasche di atterraggio separate e un vicino e colorato splash gaming pad con giochi d&#8217;acqua e spruzzi che offrono ai nostri piccoli ospiti un divertimento acquatico entusiasmante e spruzzi d&#8217;azione per tutto il giorno; oltre a un parco giochi per bambini, intrattenimento per bambini e miniclub (solo in estate).<br \/>\nI bambini sono ben curati qui e con un Oasis Splash Park che suscita sorrisi tutto il giorno e un parco giochi di attivit\u00e0, ci sono molti ricordi felici da realizzare.<br \/>\nIl nostro team di animazione interno gestisce un miniclub divertente e interattivo per bambini dai 4 ai 12 anni, 6 giorni alla settimana durante la stagione estiva.<br \/>\nC&#8217;\u00e8 sempre qualcosa di divertente al Constantinou Bros Athena Beach Hotel.<br \/>\nLe attivit\u00e0 e i giochi per bambini sono disponibili pi\u00f9 volte alla settimana.<br \/>\n&#8211; Stretching per bambini &#8211; Puzzle &#8211; Arti e Mestieri &#8211; Quiz per bambini &#8211; Giochi di memoria &#8211; Giochi da tavolo &#8211; Pittura su pietra &#8211; Pittura con sale &#8211; Bowling &#8211; Visione di cartoni animati Nella Sala Giochi anche gli adolescenti possono tenersi occupati e divertirsi con computer, giochi interattivi, tavolo da biliardo e calcio balilla e molte altre opzioni, alcune delle quali a pagamento.<br \/>\nLa Sala Giochi \u00e8 un ottimo punto d&#8217;incontro per i ragazzi che amano essere&#8230; ragazzi!<br \/>\nI bambini in vacanza a Paphos apprezzeranno anche lo Zoo di Paphos, il Parco Acquatico Paphos Aphrodite, nonch\u00e9 una serie di strutture per gli sport acquatici nelle vicinanze che offrono banana boat, sci d&#8217;acqua, jet ski, parasailing, immersioni e pesca e molto altro ancora.<br \/>\nI bambini sotto i 12 anni soggiornano gratuitamente e godono di un prezzo ridotto su tutti i pasti della pensione.<br \/>\nChiami per i dettagli al numero <a href=\"tel%2000357%\">00357 26 964500<\/a>.<br \/>\nContatti il nostro ufficio prenotazioni all&#8217;indirizzo <a href=\"mailto:reservations@cbh-cyprus.com\">reservations@cbh-cyprus.com<\/a> per ulteriori informazioni e un preventivo per la sua vacanza in famiglia a Cipro.<\/p>\n","protected":false},"excerpt":{"rendered":"<p>Offre un soggiorno perfetto per le sue vacanze in famiglia a Paphos. L&#8217;hotel Athena Beach \u00e8 una scelta molto popolare per le famiglie, in quanto offre un&#8217;ampia gamma di servizi per intrattenere i nostri piccoli ospiti. L&#8217;hotel dispone anche di ampi giardini ben curati e di superbi spazi che conducono direttamente alla spiaggia. Il nostro<\/p>\n","protected":false},"author":100,"featured_media":19959,"parent":21101,"menu_order":0,"comment_status":"closed","ping_status":"closed","template":"","meta":{"_acf_changed":false,"footnotes":""},"class_list":["post-19958","page","type-page","status-publish","has-post-thumbnail","hentry"],"acf":[],"yoast_head":"<!-- This site is optimized with the Yoast SEO plugin v27.5 - https:\/\/yoast.com\/product\/yoast-seo-wordpress\/ -->\n<title>Vacanze in famiglia a Paphos piacevoli per tutti || Constantinou Hotels<\/title>\n<meta name=\"description\" content=\"L&#039;Athena Beach Hotel di Constantinou Bros Hotels offre la sua idilliaca posizione di fronte alla spiaggia per le pi\u00f9 piacevoli vacanze in famiglia a Paphos sia per i genitori che per i bambini.\" \/>\n<meta name=\"robots\" content=\"index, follow, max-snippet:-1, max-image-preview:large, max-video-preview:-1\" \/>\n<link rel=\"canonical\" href=\"https:\/\/www.cbh-cyprus.com\/it\/activities\/family-holidays\/\" \/>\n<meta property=\"og:locale\" content=\"it_IT\" \/>\n<meta property=\"og:type\" content=\"article\" \/>\n<meta property=\"og:title\" content=\"Vacanze in famiglia a Paphos piacevoli per tutti || Constantinou Hotels\" \/>\n<meta property=\"og:description\" content=\"L&#039;Athena Beach Hotel di Constantinou Bros Hotels offre la sua idilliaca posizione di fronte alla spiaggia per le pi\u00f9 piacevoli vacanze in famiglia a Paphos sia per i genitori che per i bambini.\" \/>\n<meta property=\"og:url\" content=\"https:\/\/www.cbh-cyprus.com\/it\/activities\/family-holidays\/\" \/>\n<meta property=\"og:site_name\" content=\"Constantinou Bros Hotels\" \/>\n<meta property=\"article:modified_time\" content=\"2025-02-17T09:48:04+00:00\" \/>\n<meta property=\"og:image\" content=\"https:\/\/www.cbh-cyprus.com\/app\/uploads\/sites\/30\/2022\/07\/66-ATHENA-BEACH-HOTEL-OASIS-SPLASH-1.jpg\" \/>\n\t<meta property=\"og:image:width\" content=\"2560\" \/>\n\t<meta property=\"og:image:height\" content=\"1706\" \/>\n\t<meta property=\"og:image:type\" content=\"image\/jpeg\" \/>\n<meta name=\"twitter:card\" content=\"summary_large_image\" \/>\n<meta name=\"twitter:label1\" content=\"Tempo di lettura stimato\" \/>\n\t<meta name=\"twitter:data1\" content=\"4 minuti\" \/>\n<script type=\"application\/ld+json\" class=\"yoast-schema-graph\">{\"@context\":\"https:\\\/\\\/schema.org\",\"@graph\":[{\"@type\":\"WebPage\",\"@id\":\"https:\\\/\\\/www.cbh-cyprus.com\\\/it\\\/activities\\\/family-holidays\\\/\",\"url\":\"https:\\\/\\\/www.cbh-cyprus.com\\\/it\\\/activities\\\/family-holidays\\\/\",\"name\":\"Vacanze in famiglia a Paphos piacevoli per tutti || Constantinou Hotels\",\"isPartOf\":{\"@id\":\"https:\\\/\\\/www.cbh-cyprus.com\\\/it\\\/#website\"},\"primaryImageOfPage\":{\"@id\":\"https:\\\/\\\/www.cbh-cyprus.com\\\/it\\\/activities\\\/family-holidays\\\/#primaryimage\"},\"image\":{\"@id\":\"https:\\\/\\\/www.cbh-cyprus.com\\\/it\\\/activities\\\/family-holidays\\\/#primaryimage\"},\"thumbnailUrl\":\"https:\\\/\\\/www.cbh-cyprus.com\\\/app\\\/uploads\\\/sites\\\/30\\\/2022\\\/07\\\/66-ATHENA-BEACH-HOTEL-OASIS-SPLASH-1.jpg\",\"datePublished\":\"2022-07-08T07:18:43+00:00\",\"dateModified\":\"2025-02-17T09:48:04+00:00\",\"description\":\"L'Athena Beach Hotel di Constantinou Bros Hotels offre la sua idilliaca posizione di fronte alla spiaggia per le pi\u00f9 piacevoli vacanze in famiglia a Paphos sia per i genitori che per i bambini.\",\"breadcrumb\":{\"@id\":\"https:\\\/\\\/www.cbh-cyprus.com\\\/it\\\/activities\\\/family-holidays\\\/#breadcrumb\"},\"inLanguage\":\"it-IT\",\"potentialAction\":[{\"@type\":\"ReadAction\",\"target\":[\"https:\\\/\\\/www.cbh-cyprus.com\\\/it\\\/activities\\\/family-holidays\\\/\"]}]},{\"@type\":\"ImageObject\",\"inLanguage\":\"it-IT\",\"@id\":\"https:\\\/\\\/www.cbh-cyprus.com\\\/it\\\/activities\\\/family-holidays\\\/#primaryimage\",\"url\":\"https:\\\/\\\/www.cbh-cyprus.com\\\/app\\\/uploads\\\/sites\\\/30\\\/2022\\\/07\\\/66-ATHENA-BEACH-HOTEL-OASIS-SPLASH-1.jpg\",\"contentUrl\":\"https:\\\/\\\/www.cbh-cyprus.com\\\/app\\\/uploads\\\/sites\\\/30\\\/2022\\\/07\\\/66-ATHENA-BEACH-HOTEL-OASIS-SPLASH-1.jpg\",\"width\":2560,\"height\":1706},{\"@type\":\"BreadcrumbList\",\"@id\":\"https:\\\/\\\/www.cbh-cyprus.com\\\/it\\\/activities\\\/family-holidays\\\/#breadcrumb\",\"itemListElement\":[{\"@type\":\"ListItem\",\"position\":1,\"name\":\"Home\",\"item\":\"https:\\\/\\\/www.cbh-cyprus.com\\\/it\\\/benvenuti-a-costantinou-bros-hotels\\\/\"},{\"@type\":\"ListItem\",\"position\":2,\"name\":\"Attivit\u00e0\",\"item\":\"https:\\\/\\\/www.cbh-cyprus.com\\\/it\\\/activities\\\/\"},{\"@type\":\"ListItem\",\"position\":3,\"name\":\"Vacanze in famiglia\"}]},{\"@type\":\"WebSite\",\"@id\":\"https:\\\/\\\/www.cbh-cyprus.com\\\/it\\\/#website\",\"url\":\"https:\\\/\\\/www.cbh-cyprus.com\\\/it\\\/\",\"name\":\"Constantinou Bros Hotels\",\"description\":\"Constantinou Bros Hotels\",\"publisher\":{\"@id\":\"https:\\\/\\\/www.cbh-cyprus.com\\\/it\\\/#organization\"},\"potentialAction\":[{\"@type\":\"SearchAction\",\"target\":{\"@type\":\"EntryPoint\",\"urlTemplate\":\"https:\\\/\\\/www.cbh-cyprus.com\\\/it\\\/?s={search_term_string}\"},\"query-input\":{\"@type\":\"PropertyValueSpecification\",\"valueRequired\":true,\"valueName\":\"search_term_string\"}}],\"inLanguage\":\"it-IT\"},{\"@type\":\"Organization\",\"@id\":\"https:\\\/\\\/www.cbh-cyprus.com\\\/it\\\/#organization\",\"name\":\"Constantinou Bros Hotels\",\"url\":\"https:\\\/\\\/www.cbh-cyprus.com\\\/it\\\/\",\"logo\":{\"@type\":\"ImageObject\",\"inLanguage\":\"it-IT\",\"@id\":\"https:\\\/\\\/www.cbh-cyprus.com\\\/it\\\/#\\\/schema\\\/logo\\\/image\\\/\",\"url\":\"https:\\\/\\\/www.cbh-cyprus.com\\\/app\\\/uploads\\\/sites\\\/30\\\/2020\\\/10\\\/cbh.jpg\",\"contentUrl\":\"https:\\\/\\\/www.cbh-cyprus.com\\\/app\\\/uploads\\\/sites\\\/30\\\/2020\\\/10\\\/cbh.jpg\",\"width\":1013,\"height\":419,\"caption\":\"Constantinou Bros Hotels\"},\"image\":{\"@id\":\"https:\\\/\\\/www.cbh-cyprus.com\\\/it\\\/#\\\/schema\\\/logo\\\/image\\\/\"}}]}<\/script>\n<!-- \/ Yoast SEO plugin. -->","yoast_head_json":{"title":"Vacanze in famiglia a Paphos piacevoli per tutti || Constantinou Hotels","description":"L'Athena Beach Hotel di Constantinou Bros Hotels offre la sua idilliaca posizione di fronte alla spiaggia per le pi\u00f9 piacevoli vacanze in famiglia a Paphos sia per i genitori che per i bambini.","robots":{"index":"index","follow":"follow","max-snippet":"max-snippet:-1","max-image-preview":"max-image-preview:large","max-video-preview":"max-video-preview:-1"},"canonical":"https:\/\/www.cbh-cyprus.com\/it\/activities\/family-holidays\/","og_locale":"it_IT","og_type":"article","og_title":"Vacanze in famiglia a Paphos piacevoli per tutti || Constantinou Hotels","og_description":"L'Athena Beach Hotel di Constantinou Bros Hotels offre la sua idilliaca posizione di fronte alla spiaggia per le pi\u00f9 piacevoli vacanze in famiglia a Paphos sia per i genitori che per i bambini.","og_url":"https:\/\/www.cbh-cyprus.com\/it\/activities\/family-holidays\/","og_site_name":"Constantinou Bros Hotels","article_modified_time":"2025-02-17T09:48:04+00:00","og_image":[{"width":2560,"height":1706,"url":"https:\/\/www.cbh-cyprus.com\/app\/uploads\/sites\/30\/2022\/07\/66-ATHENA-BEACH-HOTEL-OASIS-SPLASH-1.jpg","type":"image\/jpeg"}],"twitter_card":"summary_large_image","twitter_misc":{"Tempo di lettura stimato":"4 minuti"},"schema":{"@context":"https:\/\/schema.org","@graph":[{"@type":"WebPage","@id":"https:\/\/www.cbh-cyprus.com\/it\/activities\/family-holidays\/","url":"https:\/\/www.cbh-cyprus.com\/it\/activities\/family-holidays\/","name":"Vacanze in famiglia a Paphos piacevoli per tutti || Constantinou Hotels","isPartOf":{"@id":"https:\/\/www.cbh-cyprus.com\/it\/#website"},"primaryImageOfPage":{"@id":"https:\/\/www.cbh-cyprus.com\/it\/activities\/family-holidays\/#primaryimage"},"image":{"@id":"https:\/\/www.cbh-cyprus.com\/it\/activities\/family-holidays\/#primaryimage"},"thumbnailUrl":"https:\/\/www.cbh-cyprus.com\/app\/uploads\/sites\/30\/2022\/07\/66-ATHENA-BEACH-HOTEL-OASIS-SPLASH-1.jpg","datePublished":"2022-07-08T07:18:43+00:00","dateModified":"2025-02-17T09:48:04+00:00","description":"L'Athena Beach Hotel di Constantinou Bros Hotels offre la sua idilliaca posizione di fronte alla spiaggia per le pi\u00f9 piacevoli vacanze in famiglia a Paphos sia per i genitori che per i bambini.","breadcrumb":{"@id":"https:\/\/www.cbh-cyprus.com\/it\/activities\/family-holidays\/#breadcrumb"},"inLanguage":"it-IT","potentialAction":[{"@type":"ReadAction","target":["https:\/\/www.cbh-cyprus.com\/it\/activities\/family-holidays\/"]}]},{"@type":"ImageObject","inLanguage":"it-IT","@id":"https:\/\/www.cbh-cyprus.com\/it\/activities\/family-holidays\/#primaryimage","url":"https:\/\/www.cbh-cyprus.com\/app\/uploads\/sites\/30\/2022\/07\/66-ATHENA-BEACH-HOTEL-OASIS-SPLASH-1.jpg","contentUrl":"https:\/\/www.cbh-cyprus.com\/app\/uploads\/sites\/30\/2022\/07\/66-ATHENA-BEACH-HOTEL-OASIS-SPLASH-1.jpg","width":2560,"height":1706},{"@type":"BreadcrumbList","@id":"https:\/\/www.cbh-cyprus.com\/it\/activities\/family-holidays\/#breadcrumb","itemListElement":[{"@type":"ListItem","position":1,"name":"Home","item":"https:\/\/www.cbh-cyprus.com\/it\/benvenuti-a-costantinou-bros-hotels\/"},{"@type":"ListItem","position":2,"name":"Attivit\u00e0","item":"https:\/\/www.cbh-cyprus.com\/it\/activities\/"},{"@type":"ListItem","position":3,"name":"Vacanze in famiglia"}]},{"@type":"WebSite","@id":"https:\/\/www.cbh-cyprus.com\/it\/#website","url":"https:\/\/www.cbh-cyprus.com\/it\/","name":"Constantinou Bros Hotels","description":"Constantinou Bros Hotels","publisher":{"@id":"https:\/\/www.cbh-cyprus.com\/it\/#organization"},"potentialAction":[{"@type":"SearchAction","target":{"@type":"EntryPoint","urlTemplate":"https:\/\/www.cbh-cyprus.com\/it\/?s={search_term_string}"},"query-input":{"@type":"PropertyValueSpecification","valueRequired":true,"valueName":"search_term_string"}}],"inLanguage":"it-IT"},{"@type":"Organization","@id":"https:\/\/www.cbh-cyprus.com\/it\/#organization","name":"Constantinou Bros Hotels","url":"https:\/\/www.cbh-cyprus.com\/it\/","logo":{"@type":"ImageObject","inLanguage":"it-IT","@id":"https:\/\/www.cbh-cyprus.com\/it\/#\/schema\/logo\/image\/","url":"https:\/\/www.cbh-cyprus.com\/app\/uploads\/sites\/30\/2020\/10\/cbh.jpg","contentUrl":"https:\/\/www.cbh-cyprus.com\/app\/uploads\/sites\/30\/2020\/10\/cbh.jpg","width":1013,"height":419,"caption":"Constantinou Bros Hotels"},"image":{"@id":"https:\/\/www.cbh-cyprus.com\/it\/#\/schema\/logo\/image\/"}}]}},"_links":{"self":[{"href":"https:\/\/www.cbh-cyprus.com\/it\/wp-json\/wp\/v2\/pages\/19958","targetHints":{"allow":["GET"]}}],"collection":[{"href":"https:\/\/www.cbh-cyprus.com\/it\/wp-json\/wp\/v2\/pages"}],"about":[{"href":"https:\/\/www.cbh-cyprus.com\/it\/wp-json\/wp\/v2\/types\/page"}],"author":[{"embeddable":true,"href":"https:\/\/www.cbh-cyprus.com\/it\/wp-json\/wp\/v2\/users\/100"}],"replies":[{"embeddable":true,"href":"https:\/\/www.cbh-cyprus.com\/it\/wp-json\/wp\/v2\/comments?post=19958"}],"version-history":[{"count":3,"href":"https:\/\/www.cbh-cyprus.com\/it\/wp-json\/wp\/v2\/pages\/19958\/revisions"}],"predecessor-version":[{"id":43452,"href":"https:\/\/www.cbh-cyprus.com\/it\/wp-json\/wp\/v2\/pages\/19958\/revisions\/43452"}],"up":[{"embeddable":true,"href":"https:\/\/www.cbh-cyprus.com\/it\/wp-json\/wp\/v2\/pages\/21101"}],"wp:featuredmedia":[{"embeddable":true,"href":"https:\/\/www.cbh-cyprus.com\/it\/wp-json\/wp\/v2\/media\/19959"}],"wp:attachment":[{"href":"https:\/\/www.cbh-cyprus.com\/it\/wp-json\/wp\/v2\/media?parent=19958"}],"curies":[{"name":"wp","href":"https:\/\/api.w.org\/{rel}","templated":true}]}}