{"id":19960,"date":"2022-07-08T10:19:57","date_gmt":"2022-07-08T07:19:57","guid":{"rendered":"https:\/\/www.cbh-cyprus.com\/cycling-holidays\/"},"modified":"2024-09-13T11:37:30","modified_gmt":"2024-09-13T08:37:30","slug":"cycling-holidays","status":"publish","type":"page","link":"https:\/\/www.cbh-cyprus.com\/it\/activities\/cycling-holidays\/","title":{"rendered":"Vacanze in bicicletta"},"content":{"rendered":"<p>Cipro offre una ricetta di condizioni climatiche perfette, che insieme rendono l&#8217;isola il luogo ideale per andare in bicicletta tutto l&#8217;anno.<br \/>\nLe vacanze in bicicletta sono il modo perfetto per avere un passatempo interessante e gratificante.  I ciclisti professionisti e amatoriali di tutto il mondo vengono per approfittare dell&#8217;ottimo clima durante tutto l&#8217;anno, dei paesaggi mozzafiato, delle distanze brevi e gestibili. Potete scegliere il vostro percorso, seguendo le stradine di campagna o i sentieri di montagna, ma anche le piste ciclabili lungo alcune delle strade pi\u00f9 trafficate delle citt\u00e0. In particolare, a Paphos \u00e8 incredibile come si possa essere in montagna e nelle foreste al mattino e tornare in riva al mare blu cobalto nel pomeriggio. Inoltre, gli ospiti del Constantinou Bros Hotels possono usufruire di un deposito biciclette sicuro, organizzato e spazioso, offerto gratuitamente ed esclusivo per gli ospiti del Constantinou Bros Hotels. <strong>Strutture disponibili<\/strong><\/p>\n<ul>\n<li>Disponibilit\u00e0 di un locale dedicato alle biciclette<\/li>\n<li>Deposito biciclette dell&#8217;Athena Beach Hotel &#8211; ospita fino a 140 biciclette<\/li>\n<li>Deposito biciclette del Pioneer Beach Hotel &#8211; pu\u00f2 ospitare fino a 98 biciclette<\/li>\n<li>Serratura d&#8217;ingresso elettronica accessibile tramite codice personalizzato fornito al momento del check in.<\/li>\n<li>Accesso agli armadietti per scarpe e caschi, sicuri e individuali, con la chiave personale dell&#8217;utente.<\/li>\n<li>Magazzino sicuro con telecamere a circuito chiuso<\/li>\n<li>Strutture di riparazione e manutenzione in loco e pompa d&#8217;aria<\/li>\n<li>Strutture per la pulizia delle biciclette<\/li>\n<li>Entrambe le strutture consentono di riporre le biciclette su rastrelliere verticali e a pavimento.<\/li>\n<li>Collaborazione con un centro biciclette<\/li>\n<\/ul>\n<p> *Il deposito biciclette dell&#8217;Athena Beach Hotel \u00e8 condiviso tra l&#8217;Athena Royal Beach Hotel e il Pioneer Beach Hotel \u00e8 condiviso con gli ospiti dell&#8217;Asimina Suites Hotel.<\/p>\n","protected":false},"excerpt":{"rendered":"<p>Cipro offre una ricetta di condizioni climatiche perfette, che insieme rendono l&#8217;isola il luogo ideale per andare in bicicletta tutto l&#8217;anno. Le vacanze in bicicletta sono il modo perfetto per avere un passatempo interessante e gratificante. I ciclisti professionisti e amatoriali di tutto il mondo vengono per approfittare dell&#8217;ottimo clima durante tutto l&#8217;anno, dei paesaggi<\/p>\n","protected":false},"author":100,"featured_media":19961,"parent":21101,"menu_order":0,"comment_status":"closed","ping_status":"closed","template":"","meta":{"_acf_changed":false,"footnotes":""},"class_list":["post-19960","page","type-page","status-publish","has-post-thumbnail","hentry"],"acf":[],"yoast_head":"<!-- This site is optimized with the Yoast SEO plugin v27.3 - https:\/\/yoast.com\/product\/yoast-seo-wordpress\/ -->\n<title>Cipro Vacanze in bicicletta a Paphos || Constantinou Hotels<\/title>\n<meta name=\"description\" content=\"Chiamando tutti gli appassionati di ciclismo, i Constantinou Bros Hotels offrono strutture per le pi\u00f9 emozionanti vacanze in bicicletta a Cipro lungo la spiaggia di Paphos.\" \/>\n<meta name=\"robots\" content=\"index, follow, max-snippet:-1, max-image-preview:large, max-video-preview:-1\" \/>\n<link rel=\"canonical\" href=\"https:\/\/www.cbh-cyprus.com\/it\/activities\/cycling-holidays\/\" \/>\n<meta property=\"og:locale\" content=\"it_IT\" \/>\n<meta property=\"og:type\" content=\"article\" \/>\n<meta property=\"og:title\" content=\"Cipro Vacanze in bicicletta a Paphos || Constantinou Hotels\" \/>\n<meta property=\"og:description\" content=\"Chiamando tutti gli appassionati di ciclismo, i Constantinou Bros Hotels offrono strutture per le pi\u00f9 emozionanti vacanze in bicicletta a Cipro lungo la spiaggia di Paphos.\" \/>\n<meta property=\"og:url\" content=\"https:\/\/www.cbh-cyprus.com\/it\/activities\/cycling-holidays\/\" \/>\n<meta property=\"og:site_name\" content=\"Constantinou Bros Hotels\" \/>\n<meta property=\"article:modified_time\" content=\"2024-09-13T08:37:30+00:00\" \/>\n<meta property=\"og:image\" content=\"https:\/\/www.cbh-cyprus.com\/app\/uploads\/sites\/30\/2020\/10\/56-ATHENA-BEACH-HOTEL-BIKE-ROOM.jpg\" \/>\n\t<meta property=\"og:image:width\" content=\"2560\" \/>\n\t<meta property=\"og:image:height\" content=\"1707\" \/>\n\t<meta property=\"og:image:type\" content=\"image\/jpeg\" \/>\n<meta name=\"twitter:card\" content=\"summary_large_image\" \/>\n<meta name=\"twitter:label1\" content=\"Tempo di lettura stimato\" \/>\n\t<meta name=\"twitter:data1\" content=\"1 minuto\" \/>\n<script type=\"application\/ld+json\" class=\"yoast-schema-graph\">{\"@context\":\"https:\\\/\\\/schema.org\",\"@graph\":[{\"@type\":\"WebPage\",\"@id\":\"https:\\\/\\\/www.cbh-cyprus.com\\\/it\\\/activities\\\/cycling-holidays\\\/\",\"url\":\"https:\\\/\\\/www.cbh-cyprus.com\\\/it\\\/activities\\\/cycling-holidays\\\/\",\"name\":\"Cipro Vacanze in bicicletta a Paphos || Constantinou Hotels\",\"isPartOf\":{\"@id\":\"https:\\\/\\\/www.cbh-cyprus.com\\\/it\\\/#website\"},\"primaryImageOfPage\":{\"@id\":\"https:\\\/\\\/www.cbh-cyprus.com\\\/it\\\/activities\\\/cycling-holidays\\\/#primaryimage\"},\"image\":{\"@id\":\"https:\\\/\\\/www.cbh-cyprus.com\\\/it\\\/activities\\\/cycling-holidays\\\/#primaryimage\"},\"thumbnailUrl\":\"https:\\\/\\\/www.cbh-cyprus.com\\\/app\\\/uploads\\\/sites\\\/30\\\/2020\\\/10\\\/56-ATHENA-BEACH-HOTEL-BIKE-ROOM.jpg\",\"datePublished\":\"2022-07-08T07:19:57+00:00\",\"dateModified\":\"2024-09-13T08:37:30+00:00\",\"description\":\"Chiamando tutti gli appassionati di ciclismo, i Constantinou Bros Hotels offrono strutture per le pi\u00f9 emozionanti vacanze in bicicletta a Cipro lungo la spiaggia di Paphos.\",\"breadcrumb\":{\"@id\":\"https:\\\/\\\/www.cbh-cyprus.com\\\/it\\\/activities\\\/cycling-holidays\\\/#breadcrumb\"},\"inLanguage\":\"it-IT\",\"potentialAction\":[{\"@type\":\"ReadAction\",\"target\":[\"https:\\\/\\\/www.cbh-cyprus.com\\\/it\\\/activities\\\/cycling-holidays\\\/\"]}]},{\"@type\":\"ImageObject\",\"inLanguage\":\"it-IT\",\"@id\":\"https:\\\/\\\/www.cbh-cyprus.com\\\/it\\\/activities\\\/cycling-holidays\\\/#primaryimage\",\"url\":\"https:\\\/\\\/www.cbh-cyprus.com\\\/app\\\/uploads\\\/sites\\\/30\\\/2020\\\/10\\\/56-ATHENA-BEACH-HOTEL-BIKE-ROOM.jpg\",\"contentUrl\":\"https:\\\/\\\/www.cbh-cyprus.com\\\/app\\\/uploads\\\/sites\\\/30\\\/2020\\\/10\\\/56-ATHENA-BEACH-HOTEL-BIKE-ROOM.jpg\",\"width\":2560,\"height\":1707},{\"@type\":\"BreadcrumbList\",\"@id\":\"https:\\\/\\\/www.cbh-cyprus.com\\\/it\\\/activities\\\/cycling-holidays\\\/#breadcrumb\",\"itemListElement\":[{\"@type\":\"ListItem\",\"position\":1,\"name\":\"Home\",\"item\":\"https:\\\/\\\/www.cbh-cyprus.com\\\/it\\\/benvenuti-a-costantinou-bros-hotels\\\/\"},{\"@type\":\"ListItem\",\"position\":2,\"name\":\"Attivit\u00e0\",\"item\":\"https:\\\/\\\/www.cbh-cyprus.com\\\/it\\\/activities\\\/\"},{\"@type\":\"ListItem\",\"position\":3,\"name\":\"Vacanze in bicicletta\"}]},{\"@type\":\"WebSite\",\"@id\":\"https:\\\/\\\/www.cbh-cyprus.com\\\/it\\\/#website\",\"url\":\"https:\\\/\\\/www.cbh-cyprus.com\\\/it\\\/\",\"name\":\"Constantinou Bros Hotels\",\"description\":\"Constantinou Bros Hotels\",\"publisher\":{\"@id\":\"https:\\\/\\\/www.cbh-cyprus.com\\\/it\\\/#organization\"},\"potentialAction\":[{\"@type\":\"SearchAction\",\"target\":{\"@type\":\"EntryPoint\",\"urlTemplate\":\"https:\\\/\\\/www.cbh-cyprus.com\\\/it\\\/?s={search_term_string}\"},\"query-input\":{\"@type\":\"PropertyValueSpecification\",\"valueRequired\":true,\"valueName\":\"search_term_string\"}}],\"inLanguage\":\"it-IT\"},{\"@type\":\"Organization\",\"@id\":\"https:\\\/\\\/www.cbh-cyprus.com\\\/it\\\/#organization\",\"name\":\"Constantinou Bros Hotels\",\"url\":\"https:\\\/\\\/www.cbh-cyprus.com\\\/it\\\/\",\"logo\":{\"@type\":\"ImageObject\",\"inLanguage\":\"it-IT\",\"@id\":\"https:\\\/\\\/www.cbh-cyprus.com\\\/it\\\/#\\\/schema\\\/logo\\\/image\\\/\",\"url\":\"https:\\\/\\\/www.cbh-cyprus.com\\\/app\\\/uploads\\\/sites\\\/30\\\/2020\\\/10\\\/cbh.jpg\",\"contentUrl\":\"https:\\\/\\\/www.cbh-cyprus.com\\\/app\\\/uploads\\\/sites\\\/30\\\/2020\\\/10\\\/cbh.jpg\",\"width\":1013,\"height\":419,\"caption\":\"Constantinou Bros Hotels\"},\"image\":{\"@id\":\"https:\\\/\\\/www.cbh-cyprus.com\\\/it\\\/#\\\/schema\\\/logo\\\/image\\\/\"}}]}<\/script>\n<!-- \/ Yoast SEO plugin. -->","yoast_head_json":{"title":"Cipro Vacanze in bicicletta a Paphos || Constantinou Hotels","description":"Chiamando tutti gli appassionati di ciclismo, i Constantinou Bros Hotels offrono strutture per le pi\u00f9 emozionanti vacanze in bicicletta a Cipro lungo la spiaggia di Paphos.","robots":{"index":"index","follow":"follow","max-snippet":"max-snippet:-1","max-image-preview":"max-image-preview:large","max-video-preview":"max-video-preview:-1"},"canonical":"https:\/\/www.cbh-cyprus.com\/it\/activities\/cycling-holidays\/","og_locale":"it_IT","og_type":"article","og_title":"Cipro Vacanze in bicicletta a Paphos || Constantinou Hotels","og_description":"Chiamando tutti gli appassionati di ciclismo, i Constantinou Bros Hotels offrono strutture per le pi\u00f9 emozionanti vacanze in bicicletta a Cipro lungo la spiaggia di Paphos.","og_url":"https:\/\/www.cbh-cyprus.com\/it\/activities\/cycling-holidays\/","og_site_name":"Constantinou Bros Hotels","article_modified_time":"2024-09-13T08:37:30+00:00","og_image":[{"width":2560,"height":1707,"url":"https:\/\/www.cbh-cyprus.com\/app\/uploads\/sites\/30\/2020\/10\/56-ATHENA-BEACH-HOTEL-BIKE-ROOM.jpg","type":"image\/jpeg"}],"twitter_card":"summary_large_image","twitter_misc":{"Tempo di lettura stimato":"1 minuto"},"schema":{"@context":"https:\/\/schema.org","@graph":[{"@type":"WebPage","@id":"https:\/\/www.cbh-cyprus.com\/it\/activities\/cycling-holidays\/","url":"https:\/\/www.cbh-cyprus.com\/it\/activities\/cycling-holidays\/","name":"Cipro Vacanze in bicicletta a Paphos || Constantinou Hotels","isPartOf":{"@id":"https:\/\/www.cbh-cyprus.com\/it\/#website"},"primaryImageOfPage":{"@id":"https:\/\/www.cbh-cyprus.com\/it\/activities\/cycling-holidays\/#primaryimage"},"image":{"@id":"https:\/\/www.cbh-cyprus.com\/it\/activities\/cycling-holidays\/#primaryimage"},"thumbnailUrl":"https:\/\/www.cbh-cyprus.com\/app\/uploads\/sites\/30\/2020\/10\/56-ATHENA-BEACH-HOTEL-BIKE-ROOM.jpg","datePublished":"2022-07-08T07:19:57+00:00","dateModified":"2024-09-13T08:37:30+00:00","description":"Chiamando tutti gli appassionati di ciclismo, i Constantinou Bros Hotels offrono strutture per le pi\u00f9 emozionanti vacanze in bicicletta a Cipro lungo la spiaggia di Paphos.","breadcrumb":{"@id":"https:\/\/www.cbh-cyprus.com\/it\/activities\/cycling-holidays\/#breadcrumb"},"inLanguage":"it-IT","potentialAction":[{"@type":"ReadAction","target":["https:\/\/www.cbh-cyprus.com\/it\/activities\/cycling-holidays\/"]}]},{"@type":"ImageObject","inLanguage":"it-IT","@id":"https:\/\/www.cbh-cyprus.com\/it\/activities\/cycling-holidays\/#primaryimage","url":"https:\/\/www.cbh-cyprus.com\/app\/uploads\/sites\/30\/2020\/10\/56-ATHENA-BEACH-HOTEL-BIKE-ROOM.jpg","contentUrl":"https:\/\/www.cbh-cyprus.com\/app\/uploads\/sites\/30\/2020\/10\/56-ATHENA-BEACH-HOTEL-BIKE-ROOM.jpg","width":2560,"height":1707},{"@type":"BreadcrumbList","@id":"https:\/\/www.cbh-cyprus.com\/it\/activities\/cycling-holidays\/#breadcrumb","itemListElement":[{"@type":"ListItem","position":1,"name":"Home","item":"https:\/\/www.cbh-cyprus.com\/it\/benvenuti-a-costantinou-bros-hotels\/"},{"@type":"ListItem","position":2,"name":"Attivit\u00e0","item":"https:\/\/www.cbh-cyprus.com\/it\/activities\/"},{"@type":"ListItem","position":3,"name":"Vacanze in bicicletta"}]},{"@type":"WebSite","@id":"https:\/\/www.cbh-cyprus.com\/it\/#website","url":"https:\/\/www.cbh-cyprus.com\/it\/","name":"Constantinou Bros Hotels","description":"Constantinou Bros Hotels","publisher":{"@id":"https:\/\/www.cbh-cyprus.com\/it\/#organization"},"potentialAction":[{"@type":"SearchAction","target":{"@type":"EntryPoint","urlTemplate":"https:\/\/www.cbh-cyprus.com\/it\/?s={search_term_string}"},"query-input":{"@type":"PropertyValueSpecification","valueRequired":true,"valueName":"search_term_string"}}],"inLanguage":"it-IT"},{"@type":"Organization","@id":"https:\/\/www.cbh-cyprus.com\/it\/#organization","name":"Constantinou Bros Hotels","url":"https:\/\/www.cbh-cyprus.com\/it\/","logo":{"@type":"ImageObject","inLanguage":"it-IT","@id":"https:\/\/www.cbh-cyprus.com\/it\/#\/schema\/logo\/image\/","url":"https:\/\/www.cbh-cyprus.com\/app\/uploads\/sites\/30\/2020\/10\/cbh.jpg","contentUrl":"https:\/\/www.cbh-cyprus.com\/app\/uploads\/sites\/30\/2020\/10\/cbh.jpg","width":1013,"height":419,"caption":"Constantinou Bros Hotels"},"image":{"@id":"https:\/\/www.cbh-cyprus.com\/it\/#\/schema\/logo\/image\/"}}]}},"_links":{"self":[{"href":"https:\/\/www.cbh-cyprus.com\/it\/wp-json\/wp\/v2\/pages\/19960","targetHints":{"allow":["GET"]}}],"collection":[{"href":"https:\/\/www.cbh-cyprus.com\/it\/wp-json\/wp\/v2\/pages"}],"about":[{"href":"https:\/\/www.cbh-cyprus.com\/it\/wp-json\/wp\/v2\/types\/page"}],"author":[{"embeddable":true,"href":"https:\/\/www.cbh-cyprus.com\/it\/wp-json\/wp\/v2\/users\/100"}],"replies":[{"embeddable":true,"href":"https:\/\/www.cbh-cyprus.com\/it\/wp-json\/wp\/v2\/comments?post=19960"}],"version-history":[{"count":3,"href":"https:\/\/www.cbh-cyprus.com\/it\/wp-json\/wp\/v2\/pages\/19960\/revisions"}],"predecessor-version":[{"id":41226,"href":"https:\/\/www.cbh-cyprus.com\/it\/wp-json\/wp\/v2\/pages\/19960\/revisions\/41226"}],"up":[{"embeddable":true,"href":"https:\/\/www.cbh-cyprus.com\/it\/wp-json\/wp\/v2\/pages\/21101"}],"wp:featuredmedia":[{"embeddable":true,"href":"https:\/\/www.cbh-cyprus.com\/it\/wp-json\/wp\/v2\/media\/19961"}],"wp:attachment":[{"href":"https:\/\/www.cbh-cyprus.com\/it\/wp-json\/wp\/v2\/media?parent=19960"}],"curies":[{"name":"wp","href":"https:\/\/api.w.org\/{rel}","templated":true}]}}