{"id":20002,"date":"2022-07-08T10:21:10","date_gmt":"2022-07-08T07:21:10","guid":{"rendered":"https:\/\/www.cbh-cyprus.com\/constantinou-bros-announces-the-reopening-of-all-hotels\/"},"modified":"2024-09-13T12:48:10","modified_gmt":"2024-09-13T09:48:10","slug":"constantinou-bros-announces-the-reopening-of-all-hotels","status":"publish","type":"page","link":"https:\/\/www.cbh-cyprus.com\/it\/constantinou-bros-announces-the-reopening-of-all-hotels\/","title":{"rendered":"Constantinou Bros annuncia la riapertura di tutti gli hotel"},"content":{"rendered":"<p>Noi di Constantinou Bros Hotels abbiamo il piacere di annunciare la riapertura di tutti i nostri hotel.<br \/>\nIndubbiamente, \u00e8 stata una situazione difficile per l&#8217;intero pianeta, ma le misure rigorose che sono state immediatamente adottate dal Governo di Cipro e il contributo di tutti nel rispettarle, hanno dato rapidamente i loro frutti.<br \/>\nL&#8217;Organizzazione Mondiale della Sanit\u00e0 ha annunciato ufficialmente che Cipro \u00e8 &#8220;il Paese mediterraneo pi\u00f9 sicuro e il quinto Paese pi\u00f9 sicuro al mondo&#8221;.<br \/>\nAvendo gi\u00e0 attraversato tre fasi di graduale allentamento delle misure restrittive, Cipro si trova ora nella posizione privilegiata di poter vantare l&#8217;apertura e il funzionamento di aeroporti, hotel, trasporti pubblici, taxi, siti archeologici, musei, ristoranti, bar e centri commerciali.    Nei nostri hotel, la priorit\u00e0 assoluta \u00e8 sempre stata la sicurezza, la salute e il benessere dei nostri stimati ospiti. Con la comparsa della pandemia di Covid-19, ci\u00f2 che \u00e8 cambiato nei processi che abbiamo sempre seguito \u00e8 che abbiamo potenziato e massimizzato le misure igieniche e di sicurezza, sulla base dei protocolli che ci sono stati presentati dagli organismi ufficiali sottostanti e anche da consulenti, ai quali abbiamo affidato lo sviluppo dei nuovi processi operativi e la formazione del nostro personale: <\/p>\n<ul>\n<li>Ministero della Salute di Cipro<\/li>\n<li>Centro europeo per la prevenzione e il controllo delle malattie (ECDC)<\/li>\n<li>Organizzazione Mondiale della Sanit\u00e0<\/li>\n<\/ul>\n<p> Comprendiamo che le misure igieniche e di allontanamento sociale interessano tutti i viaggiatori, ma vogliamo assicurarvi che abbiamo adottato, e continueremo ad adottare, tutte le misure necessarie per la protezione dei nostri ospiti e del nostro personale, di cui riportiamo indicativamente i punti salienti: <\/p>\n<ul>\n<li>Mantenere l&#8217;occupazione dell&#8217;hotel a un livello sicuro.<\/li>\n<li>Avvisi che indicano il numero massimo di persone consentite all&#8217;ingresso di tutte le aree pubbliche, i ristoranti, i bar e gli ascensori.<\/li>\n<li>Postazioni per la sanificazione delle mani in tutte le aree per gli ospiti e il personale<\/li>\n<li>Pannelli di divisione trasparenti tra dipendenti e ospiti alla reception e nei minimarket<\/li>\n<li>Indossare costantemente i Dispositivi di Protezione Individuale da parte di tutto il personale (mascherina, guanti) e in tutti i punti del servizio.<\/li>\n<li>Check-in online incoraggiato tramite il nostro sito web o l&#8217;applicazione mobile Constantinou Bros Hotels)<\/li>\n<li>Tutti i punti vendita funzionano senza contanti (solo pagamento in camera o con carta di credito).<\/li>\n<li>Disinfezione e trasferimento dei bagagli degli ospiti da parte del nostro personale all&#8217;esterno della camera, salvo diversa richiesta dell&#8217;ospite<\/li>\n<li>Dopo la partenza, tutte le camere vengono pulite, arieggiate e disinfettate a fondo e offerte al nuovo arrivato dopo un minimo di due ore.<\/li>\n<li>Teli, men\u00f9, riviste e fogli informativi rimossi dalle camere (disponibili su richiesta)<\/li>\n<li>Cuscini e coperte extra rimangono in camera imballati e sigillati con nastro adesivo per la sanificazione.<\/li>\n<li>Il servizio di turn down \u00e8 temporaneamente sospeso<\/li>\n<li>Tutte le aree, i tavoli, le sedie, i lettini e le superfici ad alto contatto (maniglie, pulsanti dell&#8217;ascensore, maniglie, rubinetti) sono costantemente disinfettati e igienizzati.<\/li>\n<li>Nei ristoranti e nei bar viene rispettata una distanza di sicurezza tra i tavoli e i pasti vengono offerti sia nei ristoranti che, tempo permettendo, all&#8217;aperto.<\/li>\n<li>I pasti sono caratterizzati da una combinazione di scelte a buffet e serviti, con il massimo utilizzo possibile di articoli monouso (menu, tovaglie, ecc.), nonch\u00e9 di seconde sedute, se ritenuto necessario.<\/li>\n<li>In spiaggia e nelle piscine rispettare rigorosamente le distanze di sicurezza tra gli ombrelloni.<\/li>\n<li>Sport, palestre, saloni di parrucchieri, centri benessere &#8211; operano solo sulla base dei protocolli<\/li>\n<li>Controlli continui e rigorosi da parte dei nostri team dedicati per quanto riguarda la conformit\u00e0 e l&#8217;attuazione di tutte le misure e i protocolli per la vostra igiene e sicurezza<\/li>\n<\/ul>\n<p>&nbsp;<\/p>\n<p><strong>I nostri hotel riapriranno nelle seguenti date:<\/strong> TUI BLUE PIONEER BEACH HOTEL 28\/06\/2020 CONSTANTINOU BROS ATHENA BEACH HOTEL 19\/08\/2020 CONSTANTINOU BROS ATHENA ROYAL BEACH HOTEL 31\/10\/2020 CONSTANTINOU BROS ASIMINA SUITES HOTEL 02\/07\/2020 &nbsp; La preghiamo di contattare il suo consulente di viaggio per conoscere le nostre offerte speciali o di visitare la nostra pagina web <a href=\"http:\/\/www.cbh-cyprus.com\">www.cbh-cyprus.com<\/a>&nbsp; Saremo lieti di darle il benvenuto al pi\u00f9 presto e di offrirle vacanze indimenticabili ai livelli di ospitalit\u00e0 a cui \u00e8 abituato e che ha imparato ad apprezzare in tutti questi anni, arricchiti da una cura ancora maggiore per lei e i suoi cari.<\/p>\n","protected":false},"excerpt":{"rendered":"<p>Noi di Constantinou Bros Hotels abbiamo il piacere di annunciare la riapertura di tutti i nostri hotel. Indubbiamente, \u00e8 stata una situazione difficile per l&#8217;intero pianeta, ma le misure rigorose che sono state immediatamente adottate dal Governo di Cipro e il contributo di tutti nel rispettarle, hanno dato rapidamente i loro frutti. L&#8217;Organizzazione Mondiale della<\/p>\n","protected":false},"author":100,"featured_media":20003,"parent":0,"menu_order":0,"comment_status":"closed","ping_status":"closed","template":"","meta":{"_acf_changed":false,"footnotes":""},"class_list":["post-20002","page","type-page","status-publish","has-post-thumbnail","hentry"],"acf":[],"yoast_head":"<!-- This site is optimized with the Yoast SEO plugin v27.3 - https:\/\/yoast.com\/product\/yoast-seo-wordpress\/ -->\n<title>Constantinou Bros annuncia la riapertura di tutti gli hotel - Constantinou Bros Hotels<\/title>\n<meta name=\"robots\" content=\"index, follow, max-snippet:-1, max-image-preview:large, max-video-preview:-1\" \/>\n<link rel=\"canonical\" href=\"https:\/\/www.cbh-cyprus.com\/it\/constantinou-bros-announces-the-reopening-of-all-hotels\/\" \/>\n<meta property=\"og:locale\" content=\"it_IT\" \/>\n<meta property=\"og:type\" content=\"article\" \/>\n<meta property=\"og:title\" content=\"Constantinou Bros annuncia la riapertura di tutti gli hotel - Constantinou Bros Hotels\" \/>\n<meta property=\"og:description\" content=\"Noi di Constantinou Bros Hotels abbiamo il piacere di annunciare la riapertura di tutti i nostri hotel. Indubbiamente, \u00e8 stata una situazione difficile per l&#8217;intero pianeta, ma le misure rigorose che sono state immediatamente adottate dal Governo di Cipro e il contributo di tutti nel rispettarle, hanno dato rapidamente i loro frutti. L&#8217;Organizzazione Mondiale della\" \/>\n<meta property=\"og:url\" content=\"https:\/\/www.cbh-cyprus.com\/it\/constantinou-bros-announces-the-reopening-of-all-hotels\/\" \/>\n<meta property=\"og:site_name\" content=\"Constantinou Bros Hotels\" \/>\n<meta property=\"article:modified_time\" content=\"2024-09-13T09:48:10+00:00\" \/>\n<meta property=\"og:image\" content=\"https:\/\/www.cbh-cyprus.com\/app\/uploads\/sites\/30\/2020\/06\/7-ATHENA-BEACH-HOTEL-OUTDOOR-POOL.jpg\" \/>\n\t<meta property=\"og:image:width\" content=\"2560\" \/>\n\t<meta property=\"og:image:height\" content=\"1707\" \/>\n\t<meta property=\"og:image:type\" content=\"image\/jpeg\" \/>\n<meta name=\"twitter:card\" content=\"summary_large_image\" \/>\n<meta name=\"twitter:label1\" content=\"Tempo di lettura stimato\" \/>\n\t<meta name=\"twitter:data1\" content=\"3 minuti\" \/>\n<script type=\"application\/ld+json\" class=\"yoast-schema-graph\">{\"@context\":\"https:\\\/\\\/schema.org\",\"@graph\":[{\"@type\":\"WebPage\",\"@id\":\"https:\\\/\\\/www.cbh-cyprus.com\\\/it\\\/constantinou-bros-announces-the-reopening-of-all-hotels\\\/\",\"url\":\"https:\\\/\\\/www.cbh-cyprus.com\\\/it\\\/constantinou-bros-announces-the-reopening-of-all-hotels\\\/\",\"name\":\"Constantinou Bros annuncia la riapertura di tutti gli hotel - Constantinou Bros Hotels\",\"isPartOf\":{\"@id\":\"https:\\\/\\\/www.cbh-cyprus.com\\\/it\\\/#website\"},\"primaryImageOfPage\":{\"@id\":\"https:\\\/\\\/www.cbh-cyprus.com\\\/it\\\/constantinou-bros-announces-the-reopening-of-all-hotels\\\/#primaryimage\"},\"image\":{\"@id\":\"https:\\\/\\\/www.cbh-cyprus.com\\\/it\\\/constantinou-bros-announces-the-reopening-of-all-hotels\\\/#primaryimage\"},\"thumbnailUrl\":\"https:\\\/\\\/www.cbh-cyprus.com\\\/app\\\/uploads\\\/sites\\\/30\\\/2020\\\/06\\\/7-ATHENA-BEACH-HOTEL-OUTDOOR-POOL.jpg\",\"datePublished\":\"2022-07-08T07:21:10+00:00\",\"dateModified\":\"2024-09-13T09:48:10+00:00\",\"breadcrumb\":{\"@id\":\"https:\\\/\\\/www.cbh-cyprus.com\\\/it\\\/constantinou-bros-announces-the-reopening-of-all-hotels\\\/#breadcrumb\"},\"inLanguage\":\"it-IT\",\"potentialAction\":[{\"@type\":\"ReadAction\",\"target\":[\"https:\\\/\\\/www.cbh-cyprus.com\\\/it\\\/constantinou-bros-announces-the-reopening-of-all-hotels\\\/\"]}]},{\"@type\":\"ImageObject\",\"inLanguage\":\"it-IT\",\"@id\":\"https:\\\/\\\/www.cbh-cyprus.com\\\/it\\\/constantinou-bros-announces-the-reopening-of-all-hotels\\\/#primaryimage\",\"url\":\"https:\\\/\\\/www.cbh-cyprus.com\\\/app\\\/uploads\\\/sites\\\/30\\\/2020\\\/06\\\/7-ATHENA-BEACH-HOTEL-OUTDOOR-POOL.jpg\",\"contentUrl\":\"https:\\\/\\\/www.cbh-cyprus.com\\\/app\\\/uploads\\\/sites\\\/30\\\/2020\\\/06\\\/7-ATHENA-BEACH-HOTEL-OUTDOOR-POOL.jpg\",\"width\":2560,\"height\":1707},{\"@type\":\"BreadcrumbList\",\"@id\":\"https:\\\/\\\/www.cbh-cyprus.com\\\/it\\\/constantinou-bros-announces-the-reopening-of-all-hotels\\\/#breadcrumb\",\"itemListElement\":[{\"@type\":\"ListItem\",\"position\":1,\"name\":\"Home\",\"item\":\"https:\\\/\\\/www.cbh-cyprus.com\\\/it\\\/benvenuti-a-costantinou-bros-hotels\\\/\"},{\"@type\":\"ListItem\",\"position\":2,\"name\":\"Il Gruppo\",\"item\":\"https:\\\/\\\/www.cbh-cyprus.com\\\/it\\\/the-group\\\/\"},{\"@type\":\"ListItem\",\"position\":3,\"name\":\"Notizie\",\"item\":\"https:\\\/\\\/www.cbh-cyprus.com\\\/it\\\/?page_id=21137\"},{\"@type\":\"ListItem\",\"position\":4,\"name\":\"Constantinou Bros annuncia la riapertura di tutti gli hotel\"}]},{\"@type\":\"WebSite\",\"@id\":\"https:\\\/\\\/www.cbh-cyprus.com\\\/it\\\/#website\",\"url\":\"https:\\\/\\\/www.cbh-cyprus.com\\\/it\\\/\",\"name\":\"Constantinou Bros Hotels\",\"description\":\"Constantinou Bros Hotels\",\"publisher\":{\"@id\":\"https:\\\/\\\/www.cbh-cyprus.com\\\/it\\\/#organization\"},\"potentialAction\":[{\"@type\":\"SearchAction\",\"target\":{\"@type\":\"EntryPoint\",\"urlTemplate\":\"https:\\\/\\\/www.cbh-cyprus.com\\\/it\\\/?s={search_term_string}\"},\"query-input\":{\"@type\":\"PropertyValueSpecification\",\"valueRequired\":true,\"valueName\":\"search_term_string\"}}],\"inLanguage\":\"it-IT\"},{\"@type\":\"Organization\",\"@id\":\"https:\\\/\\\/www.cbh-cyprus.com\\\/it\\\/#organization\",\"name\":\"Constantinou Bros Hotels\",\"url\":\"https:\\\/\\\/www.cbh-cyprus.com\\\/it\\\/\",\"logo\":{\"@type\":\"ImageObject\",\"inLanguage\":\"it-IT\",\"@id\":\"https:\\\/\\\/www.cbh-cyprus.com\\\/it\\\/#\\\/schema\\\/logo\\\/image\\\/\",\"url\":\"https:\\\/\\\/www.cbh-cyprus.com\\\/app\\\/uploads\\\/sites\\\/30\\\/2020\\\/10\\\/cbh.jpg\",\"contentUrl\":\"https:\\\/\\\/www.cbh-cyprus.com\\\/app\\\/uploads\\\/sites\\\/30\\\/2020\\\/10\\\/cbh.jpg\",\"width\":1013,\"height\":419,\"caption\":\"Constantinou Bros Hotels\"},\"image\":{\"@id\":\"https:\\\/\\\/www.cbh-cyprus.com\\\/it\\\/#\\\/schema\\\/logo\\\/image\\\/\"}}]}<\/script>\n<!-- \/ Yoast SEO plugin. -->","yoast_head_json":{"title":"Constantinou Bros annuncia la riapertura di tutti gli hotel - Constantinou Bros Hotels","robots":{"index":"index","follow":"follow","max-snippet":"max-snippet:-1","max-image-preview":"max-image-preview:large","max-video-preview":"max-video-preview:-1"},"canonical":"https:\/\/www.cbh-cyprus.com\/it\/constantinou-bros-announces-the-reopening-of-all-hotels\/","og_locale":"it_IT","og_type":"article","og_title":"Constantinou Bros annuncia la riapertura di tutti gli hotel - Constantinou Bros Hotels","og_description":"Noi di Constantinou Bros Hotels abbiamo il piacere di annunciare la riapertura di tutti i nostri hotel. Indubbiamente, \u00e8 stata una situazione difficile per l&#8217;intero pianeta, ma le misure rigorose che sono state immediatamente adottate dal Governo di Cipro e il contributo di tutti nel rispettarle, hanno dato rapidamente i loro frutti. L&#8217;Organizzazione Mondiale della","og_url":"https:\/\/www.cbh-cyprus.com\/it\/constantinou-bros-announces-the-reopening-of-all-hotels\/","og_site_name":"Constantinou Bros Hotels","article_modified_time":"2024-09-13T09:48:10+00:00","og_image":[{"width":2560,"height":1707,"url":"https:\/\/www.cbh-cyprus.com\/app\/uploads\/sites\/30\/2020\/06\/7-ATHENA-BEACH-HOTEL-OUTDOOR-POOL.jpg","type":"image\/jpeg"}],"twitter_card":"summary_large_image","twitter_misc":{"Tempo di lettura stimato":"3 minuti"},"schema":{"@context":"https:\/\/schema.org","@graph":[{"@type":"WebPage","@id":"https:\/\/www.cbh-cyprus.com\/it\/constantinou-bros-announces-the-reopening-of-all-hotels\/","url":"https:\/\/www.cbh-cyprus.com\/it\/constantinou-bros-announces-the-reopening-of-all-hotels\/","name":"Constantinou Bros annuncia la riapertura di tutti gli hotel - Constantinou Bros Hotels","isPartOf":{"@id":"https:\/\/www.cbh-cyprus.com\/it\/#website"},"primaryImageOfPage":{"@id":"https:\/\/www.cbh-cyprus.com\/it\/constantinou-bros-announces-the-reopening-of-all-hotels\/#primaryimage"},"image":{"@id":"https:\/\/www.cbh-cyprus.com\/it\/constantinou-bros-announces-the-reopening-of-all-hotels\/#primaryimage"},"thumbnailUrl":"https:\/\/www.cbh-cyprus.com\/app\/uploads\/sites\/30\/2020\/06\/7-ATHENA-BEACH-HOTEL-OUTDOOR-POOL.jpg","datePublished":"2022-07-08T07:21:10+00:00","dateModified":"2024-09-13T09:48:10+00:00","breadcrumb":{"@id":"https:\/\/www.cbh-cyprus.com\/it\/constantinou-bros-announces-the-reopening-of-all-hotels\/#breadcrumb"},"inLanguage":"it-IT","potentialAction":[{"@type":"ReadAction","target":["https:\/\/www.cbh-cyprus.com\/it\/constantinou-bros-announces-the-reopening-of-all-hotels\/"]}]},{"@type":"ImageObject","inLanguage":"it-IT","@id":"https:\/\/www.cbh-cyprus.com\/it\/constantinou-bros-announces-the-reopening-of-all-hotels\/#primaryimage","url":"https:\/\/www.cbh-cyprus.com\/app\/uploads\/sites\/30\/2020\/06\/7-ATHENA-BEACH-HOTEL-OUTDOOR-POOL.jpg","contentUrl":"https:\/\/www.cbh-cyprus.com\/app\/uploads\/sites\/30\/2020\/06\/7-ATHENA-BEACH-HOTEL-OUTDOOR-POOL.jpg","width":2560,"height":1707},{"@type":"BreadcrumbList","@id":"https:\/\/www.cbh-cyprus.com\/it\/constantinou-bros-announces-the-reopening-of-all-hotels\/#breadcrumb","itemListElement":[{"@type":"ListItem","position":1,"name":"Home","item":"https:\/\/www.cbh-cyprus.com\/it\/benvenuti-a-costantinou-bros-hotels\/"},{"@type":"ListItem","position":2,"name":"Il Gruppo","item":"https:\/\/www.cbh-cyprus.com\/it\/the-group\/"},{"@type":"ListItem","position":3,"name":"Notizie","item":"https:\/\/www.cbh-cyprus.com\/it\/?page_id=21137"},{"@type":"ListItem","position":4,"name":"Constantinou Bros annuncia la riapertura di tutti gli hotel"}]},{"@type":"WebSite","@id":"https:\/\/www.cbh-cyprus.com\/it\/#website","url":"https:\/\/www.cbh-cyprus.com\/it\/","name":"Constantinou Bros Hotels","description":"Constantinou Bros Hotels","publisher":{"@id":"https:\/\/www.cbh-cyprus.com\/it\/#organization"},"potentialAction":[{"@type":"SearchAction","target":{"@type":"EntryPoint","urlTemplate":"https:\/\/www.cbh-cyprus.com\/it\/?s={search_term_string}"},"query-input":{"@type":"PropertyValueSpecification","valueRequired":true,"valueName":"search_term_string"}}],"inLanguage":"it-IT"},{"@type":"Organization","@id":"https:\/\/www.cbh-cyprus.com\/it\/#organization","name":"Constantinou Bros Hotels","url":"https:\/\/www.cbh-cyprus.com\/it\/","logo":{"@type":"ImageObject","inLanguage":"it-IT","@id":"https:\/\/www.cbh-cyprus.com\/it\/#\/schema\/logo\/image\/","url":"https:\/\/www.cbh-cyprus.com\/app\/uploads\/sites\/30\/2020\/10\/cbh.jpg","contentUrl":"https:\/\/www.cbh-cyprus.com\/app\/uploads\/sites\/30\/2020\/10\/cbh.jpg","width":1013,"height":419,"caption":"Constantinou Bros Hotels"},"image":{"@id":"https:\/\/www.cbh-cyprus.com\/it\/#\/schema\/logo\/image\/"}}]}},"_links":{"self":[{"href":"https:\/\/www.cbh-cyprus.com\/it\/wp-json\/wp\/v2\/pages\/20002","targetHints":{"allow":["GET"]}}],"collection":[{"href":"https:\/\/www.cbh-cyprus.com\/it\/wp-json\/wp\/v2\/pages"}],"about":[{"href":"https:\/\/www.cbh-cyprus.com\/it\/wp-json\/wp\/v2\/types\/page"}],"author":[{"embeddable":true,"href":"https:\/\/www.cbh-cyprus.com\/it\/wp-json\/wp\/v2\/users\/100"}],"replies":[{"embeddable":true,"href":"https:\/\/www.cbh-cyprus.com\/it\/wp-json\/wp\/v2\/comments?post=20002"}],"version-history":[{"count":2,"href":"https:\/\/www.cbh-cyprus.com\/it\/wp-json\/wp\/v2\/pages\/20002\/revisions"}],"predecessor-version":[{"id":41397,"href":"https:\/\/www.cbh-cyprus.com\/it\/wp-json\/wp\/v2\/pages\/20002\/revisions\/41397"}],"wp:featuredmedia":[{"embeddable":true,"href":"https:\/\/www.cbh-cyprus.com\/it\/wp-json\/wp\/v2\/media\/20003"}],"wp:attachment":[{"href":"https:\/\/www.cbh-cyprus.com\/it\/wp-json\/wp\/v2\/media?parent=20002"}],"curies":[{"name":"wp","href":"https:\/\/api.w.org\/{rel}","templated":true}]}}