{"id":20004,"date":"2022-07-08T10:24:04","date_gmt":"2022-07-08T07:24:04","guid":{"rendered":"https:\/\/www.cbh-cyprus.com\/covid-19-health-safety-measures\/"},"modified":"2024-07-23T12:17:57","modified_gmt":"2024-07-23T09:17:57","slug":"covid-19-health-safety-measures","status":"publish","type":"page","link":"https:\/\/www.cbh-cyprus.com\/it\/covid-19-health-safety-measures\/","title":{"rendered":"COVID-19 Misure di salute e sicurezza"},"content":{"rendered":"<h3><strong>Constantinou Bros annuncia la riapertura di tutti gli hotel<\/strong><\/h3>\n<p>&nbsp; La Constantinou Bros Hotels ha il piacere di annunciare che sta iniziando la riapertura dei suoi hotel. Indubbiamente \u00e8 stata una situazione difficile per l&#8217;intero pianeta, ma le misure rigorose adottate immediatamente dal governo cipriota e il contributo di tutti nel rispettarle hanno dato rapidamente i loro frutti. L&#8217;Organizzazione Mondiale della Sanit\u00e0 ha annunciato ufficialmente che Cipro \u00e8 <strong>&#8220;il Paese mediterraneo pi\u00f9 sicuro e il quinto Paese pi\u00f9 sicuro al mondo&#8221; <\/strong>. Avendo gi\u00e0 attraversato tre fasi di graduale allentamento delle misure restrittive, Cipro si trova oggi nella posizione privilegiata di poter vantare l&#8217;apertura e l&#8217;operativit\u00e0 di aeroporti, hotel, trasporti pubblici, taxi, siti archeologici, musei, ristoranti, bar e centri commerciali. Nei nostri hotel, la priorit\u00e0 assoluta \u00e8 sempre stata la sicurezza, la salute e il benessere dei nostri stimati ospiti. Con la comparsa della pandemia Covid-19, ci\u00f2 che \u00e8 cambiato nei processi che abbiamo sempre seguito, \u00e8 che abbiamo potenziato e massimizzato le misure igieniche e di sicurezza esistenti, sulla base dei protocolli che ci sono stati presentati dagli organismi ufficiali di seguito elencati, e anche da consulenti, ai quali abbiamo affidato lo sviluppo dei nuovi processi operativi e la formazione del nostro personale: \u2713 Ministero della Salute di Cipro \u2713 Centro Europeo per la Prevenzione e il Controllo delle Malattie (ECDC) \u2713 Organizzazione Mondiale della Sanit\u00e0 Siamo consapevoli che le misure igieniche e di allontanamento sociale riguardano tutti i viaggiatori, ma vogliamo assicurarle che abbiamo adottato, e continueremo ad adottare, tutte le misure necessarie per la protezione dei nostri ospiti e del nostro personale: \u27a2 Mantenimento dell&#8217;occupazione degli hotel ad un livello sicuro \u27a2 Avvisi che indicano il numero massimo di persone consentite all&#8217;ingresso di tutte le aree pubbliche, dei ristoranti, dei bar e degli ascensori \u27a2 Postazioni per la sanificazione delle mani in tutte le aree per gli ospiti e il personale \u27a2 Pannelli trasparenti di divisione tra dipendenti e ospiti alla reception e nei minimarket \u27a2 Costante utilizzo dei Dispositivi di Protezione Individuale da parte di tutto il personale (maschera facciale, guanti) e in tutti i punti di servizio \u27a2 Check-in online incoraggiato tramite il nostro sito web o l&#8217;applicazione mobile Constantinou Bros Hotels) \u27a2 Tutti i punti vendita funzionano senza contanti (solo pagamento in camera o con carta di credito) \u27a2 Disinfezione e trasferimento dei bagagli degli ospiti da parte del nostro personale al di fuori della camera, salvo diversa richiesta dell&#8217;ospite \u27a2 Dopo la partenza, tutte le camere vengono accuratamente pulite, arieggiate e disinfettate e vengono offerte ad un nuovo arrivo dopo un minimo di due ore \u27a2 I rovesci, i menu, le riviste e i fogli informativi vengono rimossi dalle camere (disponibili su richiesta) \u27a2 I cuscini e le coperte extra rimangono in camera imballati e sigillati con nastro di sanificazione.<br \/>\n\u27a2 Il servizio di couverture \u00e8 temporaneamente sospeso \u27a2 Tutte le aree, i tavoli, le sedie, i lettini e le superfici ad alto contatto (maniglie, pulsanti degli ascensori, maniglie, rubinetti) vengono costantemente disinfettati e igienizzati \u27a2 Nei ristoranti e nei bar viene rispettata una distanza di sicurezza tra i tavoli, e i pasti vengono offerti sia nei ristoranti che &#8211; tempo permettendo &#8211; all&#8217;aperto \u27a2 I pasti prevedono una combinazione di scelte a buffet e servite, e il maggior utilizzo possibile di articoli monouso (menu, tovaglie, ecc.), nonch\u00e9 di seconde sedute ove ritenuto necessario \u27a2 In spiaggia e nelle piscine, rispetto rigoroso delle distanze di sicurezza tra gli ombrelloni \u27a2 Sport, palestre, parrucchieri, spa &#8211; funzionano solo in base ai protocolli \u27a2 Controlli continui e rigorosi da parte dei nostri team dedicati per quanto riguarda la conformit\u00e0 e l&#8217;attuazione di tutte le misure e i protocolli per la sua igiene e sicurezza   <\/p>\n<p style=\"text-align: center\"><strong>I nostri hotel riapriranno nelle seguenti date:<\/strong><\/p>\n<p style=\"text-align: center\">  TUI BLUE PIONEER BEACH HOTEL 28\/06\/2020 CONSTANTINOU BROS ASIMINA SUITES HOTEL 02\/07\/2020 CONSTANTINOU BROS ATHENA ROYAL BEACH HOTEL 01\/08\/2020 CONSTANTINOU BROS ATHENA BEACH HOTEL 19\/08\/2020<\/p>\n<p>  La preghiamo di contattare il suo consulente di viaggio per conoscere le nostre offerte speciali o di visitare la nostra pagina web.  <a href=\"https:\/\/www.cbh-cyprus.com\/\"><a href=\"https:\/\/www.cbh-cyprus.com\/\">www.cbh-cyprus.com<\/a><\/a> Ci auguriamo di riabbracciarvi al pi\u00f9 presto e di offrirvi vacanze indimenticabili ai livelli di ospitalit\u00e0 a cui siete abituati e che avete imparato ad apprezzare in tutti questi anni, arricchite da una cura ancora maggiore per voi e per i vostri cari.<\/p>\n","protected":false},"excerpt":{"rendered":"<p>Constantinou Bros annuncia la riapertura di tutti gli hotel &nbsp; La Constantinou Bros Hotels ha il piacere di annunciare che sta iniziando la riapertura dei suoi hotel. Indubbiamente \u00e8 stata una situazione difficile per l&#8217;intero pianeta, ma le misure rigorose adottate immediatamente dal governo cipriota e il contributo di tutti nel rispettarle hanno dato rapidamente<\/p>\n","protected":false},"author":100,"featured_media":0,"parent":0,"menu_order":0,"comment_status":"closed","ping_status":"closed","template":"","meta":{"_acf_changed":false,"footnotes":""},"class_list":["post-20004","page","type-page","status-publish","hentry"],"acf":[],"yoast_head":"<!-- This site is optimized with the Yoast SEO plugin v27.3 - https:\/\/yoast.com\/product\/yoast-seo-wordpress\/ -->\n<title>COVID-19 Misure di salute e sicurezza - Constantinou Bros Hotels<\/title>\n<meta name=\"robots\" content=\"index, follow, max-snippet:-1, max-image-preview:large, max-video-preview:-1\" \/>\n<link rel=\"canonical\" href=\"https:\/\/www.cbh-cyprus.com\/it\/covid-19-health-safety-measures\/\" \/>\n<meta property=\"og:locale\" content=\"it_IT\" \/>\n<meta property=\"og:type\" content=\"article\" \/>\n<meta property=\"og:title\" content=\"COVID-19 Misure di salute e sicurezza - Constantinou Bros Hotels\" \/>\n<meta property=\"og:description\" content=\"Constantinou Bros annuncia la riapertura di tutti gli hotel &nbsp; La Constantinou Bros Hotels ha il piacere di annunciare che sta iniziando la riapertura dei suoi hotel. Indubbiamente \u00e8 stata una situazione difficile per l&#8217;intero pianeta, ma le misure rigorose adottate immediatamente dal governo cipriota e il contributo di tutti nel rispettarle hanno dato rapidamente\" \/>\n<meta property=\"og:url\" content=\"https:\/\/www.cbh-cyprus.com\/it\/covid-19-health-safety-measures\/\" \/>\n<meta property=\"og:site_name\" content=\"Constantinou Bros Hotels\" \/>\n<meta property=\"article:modified_time\" content=\"2024-07-23T09:17:57+00:00\" \/>\n<meta name=\"twitter:card\" content=\"summary_large_image\" \/>\n<meta name=\"twitter:label1\" content=\"Tempo di lettura stimato\" \/>\n\t<meta name=\"twitter:data1\" content=\"3 minuti\" \/>\n<script type=\"application\/ld+json\" class=\"yoast-schema-graph\">{\"@context\":\"https:\\\/\\\/schema.org\",\"@graph\":[{\"@type\":\"WebPage\",\"@id\":\"https:\\\/\\\/www.cbh-cyprus.com\\\/it\\\/covid-19-health-safety-measures\\\/\",\"url\":\"https:\\\/\\\/www.cbh-cyprus.com\\\/it\\\/covid-19-health-safety-measures\\\/\",\"name\":\"COVID-19 Misure di salute e sicurezza - Constantinou Bros Hotels\",\"isPartOf\":{\"@id\":\"https:\\\/\\\/www.cbh-cyprus.com\\\/it\\\/#website\"},\"datePublished\":\"2022-07-08T07:24:04+00:00\",\"dateModified\":\"2024-07-23T09:17:57+00:00\",\"breadcrumb\":{\"@id\":\"https:\\\/\\\/www.cbh-cyprus.com\\\/it\\\/covid-19-health-safety-measures\\\/#breadcrumb\"},\"inLanguage\":\"it-IT\",\"potentialAction\":[{\"@type\":\"ReadAction\",\"target\":[\"https:\\\/\\\/www.cbh-cyprus.com\\\/it\\\/covid-19-health-safety-measures\\\/\"]}]},{\"@type\":\"BreadcrumbList\",\"@id\":\"https:\\\/\\\/www.cbh-cyprus.com\\\/it\\\/covid-19-health-safety-measures\\\/#breadcrumb\",\"itemListElement\":[{\"@type\":\"ListItem\",\"position\":1,\"name\":\"Home\",\"item\":\"https:\\\/\\\/www.cbh-cyprus.com\\\/it\\\/benvenuti-a-costantinou-bros-hotels\\\/\"},{\"@type\":\"ListItem\",\"position\":2,\"name\":\"COVID-19 Misure di salute e sicurezza\"}]},{\"@type\":\"WebSite\",\"@id\":\"https:\\\/\\\/www.cbh-cyprus.com\\\/it\\\/#website\",\"url\":\"https:\\\/\\\/www.cbh-cyprus.com\\\/it\\\/\",\"name\":\"Constantinou Bros Hotels\",\"description\":\"Constantinou Bros Hotels\",\"publisher\":{\"@id\":\"https:\\\/\\\/www.cbh-cyprus.com\\\/it\\\/#organization\"},\"potentialAction\":[{\"@type\":\"SearchAction\",\"target\":{\"@type\":\"EntryPoint\",\"urlTemplate\":\"https:\\\/\\\/www.cbh-cyprus.com\\\/it\\\/?s={search_term_string}\"},\"query-input\":{\"@type\":\"PropertyValueSpecification\",\"valueRequired\":true,\"valueName\":\"search_term_string\"}}],\"inLanguage\":\"it-IT\"},{\"@type\":\"Organization\",\"@id\":\"https:\\\/\\\/www.cbh-cyprus.com\\\/it\\\/#organization\",\"name\":\"Constantinou Bros Hotels\",\"url\":\"https:\\\/\\\/www.cbh-cyprus.com\\\/it\\\/\",\"logo\":{\"@type\":\"ImageObject\",\"inLanguage\":\"it-IT\",\"@id\":\"https:\\\/\\\/www.cbh-cyprus.com\\\/it\\\/#\\\/schema\\\/logo\\\/image\\\/\",\"url\":\"https:\\\/\\\/www.cbh-cyprus.com\\\/app\\\/uploads\\\/sites\\\/30\\\/2020\\\/10\\\/cbh.jpg\",\"contentUrl\":\"https:\\\/\\\/www.cbh-cyprus.com\\\/app\\\/uploads\\\/sites\\\/30\\\/2020\\\/10\\\/cbh.jpg\",\"width\":1013,\"height\":419,\"caption\":\"Constantinou Bros Hotels\"},\"image\":{\"@id\":\"https:\\\/\\\/www.cbh-cyprus.com\\\/it\\\/#\\\/schema\\\/logo\\\/image\\\/\"}}]}<\/script>\n<!-- \/ Yoast SEO plugin. -->","yoast_head_json":{"title":"COVID-19 Misure di salute e sicurezza - Constantinou Bros Hotels","robots":{"index":"index","follow":"follow","max-snippet":"max-snippet:-1","max-image-preview":"max-image-preview:large","max-video-preview":"max-video-preview:-1"},"canonical":"https:\/\/www.cbh-cyprus.com\/it\/covid-19-health-safety-measures\/","og_locale":"it_IT","og_type":"article","og_title":"COVID-19 Misure di salute e sicurezza - Constantinou Bros Hotels","og_description":"Constantinou Bros annuncia la riapertura di tutti gli hotel &nbsp; La Constantinou Bros Hotels ha il piacere di annunciare che sta iniziando la riapertura dei suoi hotel. Indubbiamente \u00e8 stata una situazione difficile per l&#8217;intero pianeta, ma le misure rigorose adottate immediatamente dal governo cipriota e il contributo di tutti nel rispettarle hanno dato rapidamente","og_url":"https:\/\/www.cbh-cyprus.com\/it\/covid-19-health-safety-measures\/","og_site_name":"Constantinou Bros Hotels","article_modified_time":"2024-07-23T09:17:57+00:00","twitter_card":"summary_large_image","twitter_misc":{"Tempo di lettura stimato":"3 minuti"},"schema":{"@context":"https:\/\/schema.org","@graph":[{"@type":"WebPage","@id":"https:\/\/www.cbh-cyprus.com\/it\/covid-19-health-safety-measures\/","url":"https:\/\/www.cbh-cyprus.com\/it\/covid-19-health-safety-measures\/","name":"COVID-19 Misure di salute e sicurezza - Constantinou Bros Hotels","isPartOf":{"@id":"https:\/\/www.cbh-cyprus.com\/it\/#website"},"datePublished":"2022-07-08T07:24:04+00:00","dateModified":"2024-07-23T09:17:57+00:00","breadcrumb":{"@id":"https:\/\/www.cbh-cyprus.com\/it\/covid-19-health-safety-measures\/#breadcrumb"},"inLanguage":"it-IT","potentialAction":[{"@type":"ReadAction","target":["https:\/\/www.cbh-cyprus.com\/it\/covid-19-health-safety-measures\/"]}]},{"@type":"BreadcrumbList","@id":"https:\/\/www.cbh-cyprus.com\/it\/covid-19-health-safety-measures\/#breadcrumb","itemListElement":[{"@type":"ListItem","position":1,"name":"Home","item":"https:\/\/www.cbh-cyprus.com\/it\/benvenuti-a-costantinou-bros-hotels\/"},{"@type":"ListItem","position":2,"name":"COVID-19 Misure di salute e sicurezza"}]},{"@type":"WebSite","@id":"https:\/\/www.cbh-cyprus.com\/it\/#website","url":"https:\/\/www.cbh-cyprus.com\/it\/","name":"Constantinou Bros Hotels","description":"Constantinou Bros Hotels","publisher":{"@id":"https:\/\/www.cbh-cyprus.com\/it\/#organization"},"potentialAction":[{"@type":"SearchAction","target":{"@type":"EntryPoint","urlTemplate":"https:\/\/www.cbh-cyprus.com\/it\/?s={search_term_string}"},"query-input":{"@type":"PropertyValueSpecification","valueRequired":true,"valueName":"search_term_string"}}],"inLanguage":"it-IT"},{"@type":"Organization","@id":"https:\/\/www.cbh-cyprus.com\/it\/#organization","name":"Constantinou Bros Hotels","url":"https:\/\/www.cbh-cyprus.com\/it\/","logo":{"@type":"ImageObject","inLanguage":"it-IT","@id":"https:\/\/www.cbh-cyprus.com\/it\/#\/schema\/logo\/image\/","url":"https:\/\/www.cbh-cyprus.com\/app\/uploads\/sites\/30\/2020\/10\/cbh.jpg","contentUrl":"https:\/\/www.cbh-cyprus.com\/app\/uploads\/sites\/30\/2020\/10\/cbh.jpg","width":1013,"height":419,"caption":"Constantinou Bros Hotels"},"image":{"@id":"https:\/\/www.cbh-cyprus.com\/it\/#\/schema\/logo\/image\/"}}]}},"_links":{"self":[{"href":"https:\/\/www.cbh-cyprus.com\/it\/wp-json\/wp\/v2\/pages\/20004","targetHints":{"allow":["GET"]}}],"collection":[{"href":"https:\/\/www.cbh-cyprus.com\/it\/wp-json\/wp\/v2\/pages"}],"about":[{"href":"https:\/\/www.cbh-cyprus.com\/it\/wp-json\/wp\/v2\/types\/page"}],"author":[{"embeddable":true,"href":"https:\/\/www.cbh-cyprus.com\/it\/wp-json\/wp\/v2\/users\/100"}],"replies":[{"embeddable":true,"href":"https:\/\/www.cbh-cyprus.com\/it\/wp-json\/wp\/v2\/comments?post=20004"}],"version-history":[{"count":2,"href":"https:\/\/www.cbh-cyprus.com\/it\/wp-json\/wp\/v2\/pages\/20004\/revisions"}],"predecessor-version":[{"id":37277,"href":"https:\/\/www.cbh-cyprus.com\/it\/wp-json\/wp\/v2\/pages\/20004\/revisions\/37277"}],"wp:attachment":[{"href":"https:\/\/www.cbh-cyprus.com\/it\/wp-json\/wp\/v2\/media?parent=20004"}],"curies":[{"name":"wp","href":"https:\/\/api.w.org\/{rel}","templated":true}]}}