{"id":20114,"date":"2022-07-08T10:25:23","date_gmt":"2022-07-08T07:25:23","guid":{"rendered":"https:\/\/www.cbh-cyprus.com\/covid-19-update\/"},"modified":"2024-07-23T12:17:51","modified_gmt":"2024-07-23T09:17:51","slug":"covid-19-update","status":"publish","type":"page","link":"https:\/\/www.cbh-cyprus.com\/it\/covid-19-update\/","title":{"rendered":"AGGIORNAMENTO COVID-19"},"content":{"rendered":"<p><strong><em>Un raggio di luce dorata appare costantemente alla fine del tunnel&#8230;<\/em><\/strong> Anche Cipro, cos\u00ec come il resto del mondo, \u00e8 stata costretta a un &#8220;Lock Down&#8221; totale per evitare la diffusione del COVID-19. Le misure adottate sono state assolutamente rigorose fin dal primo caso segnalato sull&#8217;isola, in modo da limitare la diffusione del virus e garantire una rapida eliminazione di questa situazione senza precedenti. Tutti i porti d&#8217;ingresso sono stati completamente sigillati e le attivit\u00e0 commerciali (ad eccezione di supermercati, farmacie e servizi essenziali), sia nel settore privato che in quello pubblico, si sono completamente fermate. Il permesso di uscire una volta al giorno \u00e8 stato concesso dal governo tramite un SMS di approvazione e il coprifuoco serale \u00e8 stato imposto dalle 21 alle 6 del mattino. Il viaggio \u00e8 stato molto difficile, ma le rigide restrizioni sono valse i nostri sforzi. Da luned\u00ec<sup>4<\/sup> maggio ci \u00e8 stato dato il via libera per la <strong>fase 1<\/strong> di agevolazione verso l&#8217;uscita dal blocco! Tra l&#8217;altro, i piccoli negozi e alcune attivit\u00e0 commerciali, tra cui quelle di viaggio, sono stati gradualmente aperti con l&#8217;adozione di rigorose misure igieniche e di distanza sociale. Tuttavia, \u00e8 ancora necessario richiedere il permesso di uscire tramite SMS e il coprifuoco serale \u00e8 stato posticipato di un&#8217;ora (dalle 22.00 alle 6.00). Se riusciremo a mantenere il numero di nuovi casi a una sola cifra, tra il<sup>21<\/sup> maggio e l&#8217;<sup>8<\/sup> giugno verr\u00e0 attuata <strong>la fase 2<\/strong> del &#8220;percorso di uscita dall&#8217;isolamento&#8221;. Ci\u00f2 comprende la riapertura di saloni di parrucchiere e di bellezza, servizi di ristorazione all&#8217;aperto, musei e siti archeologici, solo per citarne alcuni. Il permesso di movimento tramite SMS sar\u00e0 completamente abolito, compreso il movimento individuale tra le 22.00 e le 6.00&#8230; tuttavia saranno consentiti solo raduni fino ad un massimo di 10 persone. La <strong>fase 3<\/strong> (dal<sup>9<\/sup> giugno al<sup>13<\/sup> luglio), vedr\u00e0 molto probabilmente l&#8217;apertura di ulteriori strutture, tra cui aeroporti (gradualmente e in modo condizionato), hotel e spiagge, nonch\u00e9 servizi di ristorazione interni ed esterni, oltre all&#8217;abolizione di tutte le restrizioni sulla circolazione individuale. Naturalmente, questo passo molto importante comporter\u00e0 misure igieniche e di protezione complete sia per i visitatori di Cipro che per il personale in servizio in tutte le strutture interessate. Il Vice Ministro del Turismo, in collaborazione con il consiglio di amministrazione dell&#8217;Associazione degli Albergatori di Cipro, e gli albergatori dell&#8217;isola stanno lavorando sodo per produrre una campagna efficace da applicare. La <strong>fase 4<\/strong> (dal<sup>14<\/sup> luglio in poi) vedr\u00e0 tutti i teatri, i cinema, i festival, i casin\u00f2, ecc&#8230; riaprire al pubblico. Il percorso di ritorno alla &#8220;normalit\u00e0&#8221; sar\u00e0 certamente graduale, ma desideriamo assicurarvi che i Constantinou Bros Hotels hanno intrapreso misure rivedute e implementato protocolli ancora pi\u00f9 severi, in modo da garantire che, una volta ottenuto il via libera, la salute e il benessere dei nostri ospiti siano assicurati, al momento della riapertura dei nostri hotel. Vi preghiamo di stare tranquilli&#8230; non vediamo l&#8217;ora di rivedervi tutti nella soleggiata Paphos&#8230; molto presto!<\/p>\n","protected":false},"excerpt":{"rendered":"<p>Un raggio di luce dorata appare costantemente alla fine del tunnel&#8230; Anche Cipro, cos\u00ec come il resto del mondo, \u00e8 stata costretta a un &#8220;Lock Down&#8221; totale per evitare la diffusione del COVID-19. Le misure adottate sono state assolutamente rigorose fin dal primo caso segnalato sull&#8217;isola, in modo da limitare la diffusione del virus e<\/p>\n","protected":false},"author":100,"featured_media":20115,"parent":0,"menu_order":0,"comment_status":"closed","ping_status":"closed","template":"","meta":{"_acf_changed":false,"footnotes":""},"class_list":["post-20114","page","type-page","status-publish","has-post-thumbnail","hentry"],"acf":[],"yoast_head":"<!-- This site is optimized with the Yoast SEO plugin v27.3 - https:\/\/yoast.com\/product\/yoast-seo-wordpress\/ -->\n<title>AGGIORNAMENTO COVID-19 - Constantinou Bros Hotels<\/title>\n<meta name=\"robots\" content=\"index, follow, max-snippet:-1, max-image-preview:large, max-video-preview:-1\" \/>\n<link rel=\"canonical\" href=\"https:\/\/www.cbh-cyprus.com\/it\/covid-19-update\/\" \/>\n<meta property=\"og:locale\" content=\"it_IT\" \/>\n<meta property=\"og:type\" content=\"article\" \/>\n<meta property=\"og:title\" content=\"AGGIORNAMENTO COVID-19 - Constantinou Bros Hotels\" \/>\n<meta property=\"og:description\" content=\"Un raggio di luce dorata appare costantemente alla fine del tunnel&#8230; Anche Cipro, cos\u00ec come il resto del mondo, \u00e8 stata costretta a un &#8220;Lock Down&#8221; totale per evitare la diffusione del COVID-19. Le misure adottate sono state assolutamente rigorose fin dal primo caso segnalato sull&#8217;isola, in modo da limitare la diffusione del virus e\" \/>\n<meta property=\"og:url\" content=\"https:\/\/www.cbh-cyprus.com\/it\/covid-19-update\/\" \/>\n<meta property=\"og:site_name\" content=\"Constantinou Bros Hotels\" \/>\n<meta property=\"article:modified_time\" content=\"2024-07-23T09:17:51+00:00\" \/>\n<meta property=\"og:image\" content=\"https:\/\/www.cbh-cyprus.com\/app\/uploads\/sites\/30\/2020\/05\/Polish_20200507_214138271-1.jpg\" \/>\n\t<meta property=\"og:image:width\" content=\"1920\" \/>\n\t<meta property=\"og:image:height\" content=\"1920\" \/>\n\t<meta property=\"og:image:type\" content=\"image\/jpeg\" \/>\n<meta name=\"twitter:card\" content=\"summary_large_image\" \/>\n<meta name=\"twitter:label1\" content=\"Tempo di lettura stimato\" \/>\n\t<meta name=\"twitter:data1\" content=\"2 minuti\" \/>\n<script type=\"application\/ld+json\" class=\"yoast-schema-graph\">{\"@context\":\"https:\\\/\\\/schema.org\",\"@graph\":[{\"@type\":\"WebPage\",\"@id\":\"https:\\\/\\\/www.cbh-cyprus.com\\\/it\\\/covid-19-update\\\/\",\"url\":\"https:\\\/\\\/www.cbh-cyprus.com\\\/it\\\/covid-19-update\\\/\",\"name\":\"AGGIORNAMENTO COVID-19 - Constantinou Bros Hotels\",\"isPartOf\":{\"@id\":\"https:\\\/\\\/www.cbh-cyprus.com\\\/it\\\/#website\"},\"primaryImageOfPage\":{\"@id\":\"https:\\\/\\\/www.cbh-cyprus.com\\\/it\\\/covid-19-update\\\/#primaryimage\"},\"image\":{\"@id\":\"https:\\\/\\\/www.cbh-cyprus.com\\\/it\\\/covid-19-update\\\/#primaryimage\"},\"thumbnailUrl\":\"https:\\\/\\\/www.cbh-cyprus.com\\\/app\\\/uploads\\\/sites\\\/30\\\/2020\\\/05\\\/Polish_20200507_214138271-1.jpg\",\"datePublished\":\"2022-07-08T07:25:23+00:00\",\"dateModified\":\"2024-07-23T09:17:51+00:00\",\"breadcrumb\":{\"@id\":\"https:\\\/\\\/www.cbh-cyprus.com\\\/it\\\/covid-19-update\\\/#breadcrumb\"},\"inLanguage\":\"it-IT\",\"potentialAction\":[{\"@type\":\"ReadAction\",\"target\":[\"https:\\\/\\\/www.cbh-cyprus.com\\\/it\\\/covid-19-update\\\/\"]}]},{\"@type\":\"ImageObject\",\"inLanguage\":\"it-IT\",\"@id\":\"https:\\\/\\\/www.cbh-cyprus.com\\\/it\\\/covid-19-update\\\/#primaryimage\",\"url\":\"https:\\\/\\\/www.cbh-cyprus.com\\\/app\\\/uploads\\\/sites\\\/30\\\/2020\\\/05\\\/Polish_20200507_214138271-1.jpg\",\"contentUrl\":\"https:\\\/\\\/www.cbh-cyprus.com\\\/app\\\/uploads\\\/sites\\\/30\\\/2020\\\/05\\\/Polish_20200507_214138271-1.jpg\",\"width\":1920,\"height\":1920},{\"@type\":\"BreadcrumbList\",\"@id\":\"https:\\\/\\\/www.cbh-cyprus.com\\\/it\\\/covid-19-update\\\/#breadcrumb\",\"itemListElement\":[{\"@type\":\"ListItem\",\"position\":1,\"name\":\"Home\",\"item\":\"https:\\\/\\\/www.cbh-cyprus.com\\\/it\\\/benvenuti-a-costantinou-bros-hotels\\\/\"},{\"@type\":\"ListItem\",\"position\":2,\"name\":\"Il Gruppo\",\"item\":\"https:\\\/\\\/www.cbh-cyprus.com\\\/it\\\/the-group\\\/\"},{\"@type\":\"ListItem\",\"position\":3,\"name\":\"Notizie\",\"item\":\"https:\\\/\\\/www.cbh-cyprus.com\\\/it\\\/?page_id=21137\"},{\"@type\":\"ListItem\",\"position\":4,\"name\":\"AGGIORNAMENTO COVID-19\"}]},{\"@type\":\"WebSite\",\"@id\":\"https:\\\/\\\/www.cbh-cyprus.com\\\/it\\\/#website\",\"url\":\"https:\\\/\\\/www.cbh-cyprus.com\\\/it\\\/\",\"name\":\"Constantinou Bros Hotels\",\"description\":\"Constantinou Bros Hotels\",\"publisher\":{\"@id\":\"https:\\\/\\\/www.cbh-cyprus.com\\\/it\\\/#organization\"},\"potentialAction\":[{\"@type\":\"SearchAction\",\"target\":{\"@type\":\"EntryPoint\",\"urlTemplate\":\"https:\\\/\\\/www.cbh-cyprus.com\\\/it\\\/?s={search_term_string}\"},\"query-input\":{\"@type\":\"PropertyValueSpecification\",\"valueRequired\":true,\"valueName\":\"search_term_string\"}}],\"inLanguage\":\"it-IT\"},{\"@type\":\"Organization\",\"@id\":\"https:\\\/\\\/www.cbh-cyprus.com\\\/it\\\/#organization\",\"name\":\"Constantinou Bros Hotels\",\"url\":\"https:\\\/\\\/www.cbh-cyprus.com\\\/it\\\/\",\"logo\":{\"@type\":\"ImageObject\",\"inLanguage\":\"it-IT\",\"@id\":\"https:\\\/\\\/www.cbh-cyprus.com\\\/it\\\/#\\\/schema\\\/logo\\\/image\\\/\",\"url\":\"https:\\\/\\\/www.cbh-cyprus.com\\\/app\\\/uploads\\\/sites\\\/30\\\/2020\\\/10\\\/cbh.jpg\",\"contentUrl\":\"https:\\\/\\\/www.cbh-cyprus.com\\\/app\\\/uploads\\\/sites\\\/30\\\/2020\\\/10\\\/cbh.jpg\",\"width\":1013,\"height\":419,\"caption\":\"Constantinou Bros Hotels\"},\"image\":{\"@id\":\"https:\\\/\\\/www.cbh-cyprus.com\\\/it\\\/#\\\/schema\\\/logo\\\/image\\\/\"}}]}<\/script>\n<!-- \/ Yoast SEO plugin. -->","yoast_head_json":{"title":"AGGIORNAMENTO COVID-19 - Constantinou Bros Hotels","robots":{"index":"index","follow":"follow","max-snippet":"max-snippet:-1","max-image-preview":"max-image-preview:large","max-video-preview":"max-video-preview:-1"},"canonical":"https:\/\/www.cbh-cyprus.com\/it\/covid-19-update\/","og_locale":"it_IT","og_type":"article","og_title":"AGGIORNAMENTO COVID-19 - Constantinou Bros Hotels","og_description":"Un raggio di luce dorata appare costantemente alla fine del tunnel&#8230; Anche Cipro, cos\u00ec come il resto del mondo, \u00e8 stata costretta a un &#8220;Lock Down&#8221; totale per evitare la diffusione del COVID-19. Le misure adottate sono state assolutamente rigorose fin dal primo caso segnalato sull&#8217;isola, in modo da limitare la diffusione del virus e","og_url":"https:\/\/www.cbh-cyprus.com\/it\/covid-19-update\/","og_site_name":"Constantinou Bros Hotels","article_modified_time":"2024-07-23T09:17:51+00:00","og_image":[{"width":1920,"height":1920,"url":"https:\/\/www.cbh-cyprus.com\/app\/uploads\/sites\/30\/2020\/05\/Polish_20200507_214138271-1.jpg","type":"image\/jpeg"}],"twitter_card":"summary_large_image","twitter_misc":{"Tempo di lettura stimato":"2 minuti"},"schema":{"@context":"https:\/\/schema.org","@graph":[{"@type":"WebPage","@id":"https:\/\/www.cbh-cyprus.com\/it\/covid-19-update\/","url":"https:\/\/www.cbh-cyprus.com\/it\/covid-19-update\/","name":"AGGIORNAMENTO COVID-19 - Constantinou Bros Hotels","isPartOf":{"@id":"https:\/\/www.cbh-cyprus.com\/it\/#website"},"primaryImageOfPage":{"@id":"https:\/\/www.cbh-cyprus.com\/it\/covid-19-update\/#primaryimage"},"image":{"@id":"https:\/\/www.cbh-cyprus.com\/it\/covid-19-update\/#primaryimage"},"thumbnailUrl":"https:\/\/www.cbh-cyprus.com\/app\/uploads\/sites\/30\/2020\/05\/Polish_20200507_214138271-1.jpg","datePublished":"2022-07-08T07:25:23+00:00","dateModified":"2024-07-23T09:17:51+00:00","breadcrumb":{"@id":"https:\/\/www.cbh-cyprus.com\/it\/covid-19-update\/#breadcrumb"},"inLanguage":"it-IT","potentialAction":[{"@type":"ReadAction","target":["https:\/\/www.cbh-cyprus.com\/it\/covid-19-update\/"]}]},{"@type":"ImageObject","inLanguage":"it-IT","@id":"https:\/\/www.cbh-cyprus.com\/it\/covid-19-update\/#primaryimage","url":"https:\/\/www.cbh-cyprus.com\/app\/uploads\/sites\/30\/2020\/05\/Polish_20200507_214138271-1.jpg","contentUrl":"https:\/\/www.cbh-cyprus.com\/app\/uploads\/sites\/30\/2020\/05\/Polish_20200507_214138271-1.jpg","width":1920,"height":1920},{"@type":"BreadcrumbList","@id":"https:\/\/www.cbh-cyprus.com\/it\/covid-19-update\/#breadcrumb","itemListElement":[{"@type":"ListItem","position":1,"name":"Home","item":"https:\/\/www.cbh-cyprus.com\/it\/benvenuti-a-costantinou-bros-hotels\/"},{"@type":"ListItem","position":2,"name":"Il Gruppo","item":"https:\/\/www.cbh-cyprus.com\/it\/the-group\/"},{"@type":"ListItem","position":3,"name":"Notizie","item":"https:\/\/www.cbh-cyprus.com\/it\/?page_id=21137"},{"@type":"ListItem","position":4,"name":"AGGIORNAMENTO COVID-19"}]},{"@type":"WebSite","@id":"https:\/\/www.cbh-cyprus.com\/it\/#website","url":"https:\/\/www.cbh-cyprus.com\/it\/","name":"Constantinou Bros Hotels","description":"Constantinou Bros Hotels","publisher":{"@id":"https:\/\/www.cbh-cyprus.com\/it\/#organization"},"potentialAction":[{"@type":"SearchAction","target":{"@type":"EntryPoint","urlTemplate":"https:\/\/www.cbh-cyprus.com\/it\/?s={search_term_string}"},"query-input":{"@type":"PropertyValueSpecification","valueRequired":true,"valueName":"search_term_string"}}],"inLanguage":"it-IT"},{"@type":"Organization","@id":"https:\/\/www.cbh-cyprus.com\/it\/#organization","name":"Constantinou Bros Hotels","url":"https:\/\/www.cbh-cyprus.com\/it\/","logo":{"@type":"ImageObject","inLanguage":"it-IT","@id":"https:\/\/www.cbh-cyprus.com\/it\/#\/schema\/logo\/image\/","url":"https:\/\/www.cbh-cyprus.com\/app\/uploads\/sites\/30\/2020\/10\/cbh.jpg","contentUrl":"https:\/\/www.cbh-cyprus.com\/app\/uploads\/sites\/30\/2020\/10\/cbh.jpg","width":1013,"height":419,"caption":"Constantinou Bros Hotels"},"image":{"@id":"https:\/\/www.cbh-cyprus.com\/it\/#\/schema\/logo\/image\/"}}]}},"_links":{"self":[{"href":"https:\/\/www.cbh-cyprus.com\/it\/wp-json\/wp\/v2\/pages\/20114","targetHints":{"allow":["GET"]}}],"collection":[{"href":"https:\/\/www.cbh-cyprus.com\/it\/wp-json\/wp\/v2\/pages"}],"about":[{"href":"https:\/\/www.cbh-cyprus.com\/it\/wp-json\/wp\/v2\/types\/page"}],"author":[{"embeddable":true,"href":"https:\/\/www.cbh-cyprus.com\/it\/wp-json\/wp\/v2\/users\/100"}],"replies":[{"embeddable":true,"href":"https:\/\/www.cbh-cyprus.com\/it\/wp-json\/wp\/v2\/comments?post=20114"}],"version-history":[{"count":1,"href":"https:\/\/www.cbh-cyprus.com\/it\/wp-json\/wp\/v2\/pages\/20114\/revisions"}],"predecessor-version":[{"id":37269,"href":"https:\/\/www.cbh-cyprus.com\/it\/wp-json\/wp\/v2\/pages\/20114\/revisions\/37269"}],"wp:featuredmedia":[{"embeddable":true,"href":"https:\/\/www.cbh-cyprus.com\/it\/wp-json\/wp\/v2\/media\/20115"}],"wp:attachment":[{"href":"https:\/\/www.cbh-cyprus.com\/it\/wp-json\/wp\/v2\/media?parent=20114"}],"curies":[{"name":"wp","href":"https:\/\/api.w.org\/{rel}","templated":true}]}}